{"id":21216,"date":"2023-09-04T13:25:49","date_gmt":"2023-09-04T11:25:49","guid":{"rendered":"https:\/\/www.sgb-fss.ch\/?page_id=21216"},"modified":"2026-02-16T12:05:42","modified_gmt":"2026-02-16T11:05:42","slug":"pour-les-fondations-et-les-entreprises","status":"publish","type":"page","link":"https:\/\/www.sgb-fss.ch\/fr\/soutien\/pour-les-fondations-et-les-entreprises\/","title":{"rendered":"Pour les fondations et les entreprises"},"content":{"rendered":"\n<p class=\"is-style-lead\">En tant que fondation, vous \u00eates un soutien important qui nous permet de mettre en \u0153uvre nos diff\u00e9rents projets conform\u00e9ment \u00e0 <a href=\"https:\/\/www.sgb-fss.ch\/content\/uploads\/strategie-2026-2030_fr.pdf\" target=\"_blank\" rel=\"noreferrer noopener\">notre strat\u00e9gie<\/a>. En tant qu&rsquo;entreprise, votre engagement est une occasion judicieuse et durable de d\u00e9fendre les int\u00e9r\u00eats des personnes atteintes d&rsquo;un handicap auditif en Suisse.<\/p>\n\n\n<div class=\"block block-teaserpages\" id=\"block_ea98c562494fa9c219e1a1cc7b48559b\" data-block=\"Teaser Pages\">\n  <ul class=\"block-teaserpages__list\">\n            <li class=\"block-teaserpages__item\">\n        <a class=\"accent teaserpage\" href=\"https:\/\/www.sgb-fss.ch\/fr\/soutien\/fr-verlasslicher-partner-ihrer-stiftung\/\">\n  <div class=\"teaserpage__thumbnail\">\n            <div class=\"image teaserpage__thumbnail-image\" >\n    <img decoding=\"async\"\n      loading=\"lazy\"\n      class=\"image__object lazyload\"\n      src=\"https:\/\/www.sgb-fss.ch\/content\/uploads\/2023\/08\/istock-1389700841-scaled-1440x0-c-default.jpg\"       data-sizes=\"auto\"\n      data-srcset=\"https:\/\/www.sgb-fss.ch\/content\/uploads\/2023\/08\/istock-1389700841-scaled-1000x0-c-default.jpg 1000w, https:\/\/www.sgb-fss.ch\/content\/uploads\/2023\/08\/istock-1389700841-scaled-700x0-c-default.jpg 700w, https:\/\/www.sgb-fss.ch\/content\/uploads\/2023\/08\/istock-1389700841-scaled-350x0-c-default.jpg 350w, \"\n      alt=\"\"\n      width=\"2560\"\n      height=\"1707\"\n            >\n  <\/div>\n      <\/div>\n  <h3 class=\"teaserpage__title\">Pour les fondations<\/h3>\n  <p class=\"teaserpage__lead\">Les fondations donatrices sont des soutiens importants pour que nous puissions mettre en \u0153uvre avec succ\u00e8s nos diff\u00e9rents projets dans les domaines d&rsquo;action strat\u00e9giques que sont le travail, la formation, la sant\u00e9 et la participation politique. En tant qu&rsquo;organisation certifi\u00e9e ZEWO, nous accordons une grande importance \u00e0 la rentabilit\u00e9 et \u00e0 la transparence.<\/p>  <\/a>\n      <\/li>\n            <li class=\"block-teaserpages__item\">\n        <a class=\"accent teaserpage\" href=\"https:\/\/www.sgb-fss.ch\/fr\/soutien\/pour-les-entreprises\/\">\n  <div class=\"teaserpage__thumbnail\">\n            <div class=\"image teaserpage__thumbnail-image\" >\n    <img decoding=\"async\"\n      loading=\"lazy\"\n      class=\"image__object lazyload\"\n      src=\"https:\/\/www.sgb-fss.ch\/content\/uploads\/2023\/08\/istock-1415457209-scaled-1440x0-c-default.jpg\"       data-sizes=\"auto\"\n      data-srcset=\"https:\/\/www.sgb-fss.ch\/content\/uploads\/2023\/08\/istock-1415457209-scaled-1000x0-c-default.jpg 1000w, https:\/\/www.sgb-fss.ch\/content\/uploads\/2023\/08\/istock-1415457209-scaled-700x0-c-default.jpg 700w, https:\/\/www.sgb-fss.ch\/content\/uploads\/2023\/08\/istock-1415457209-scaled-350x0-c-default.jpg 350w, \"\n      alt=\"\"\n      width=\"2560\"\n      height=\"1707\"\n            >\n  <\/div>\n      <\/div>\n  <h3 class=\"teaserpage__title\">Pour les entreprises<\/h3>\n  <p class=\"teaserpage__lead\">Vous et votre entreprise souhaitez vous engager durablement pour plus d&rsquo;inclusion et de diversit\u00e9 ? Dans ce cas, un engagement financier en faveur des pr\u00e9occupations de la F\u00e9d\u00e9ration des sourds et de l&rsquo;\u00e9galit\u00e9 des droits des personnes atteintes d&rsquo;un handicap auditif constitue une opportunit\u00e9 optimale. Avec une coop\u00e9ration ou un engagement financier, des formes int\u00e9ressantes de collaboration s&rsquo;offrent \u00e0 vous.<\/p>  <\/a>\n      <\/li>\n    <\/ul>\n<\/div>\n\n\n\n<div class=\"wp-block-group is-layout-flow wp-block-group-is-layout-flow\"><div class=\"block block-teasercontacts block-teasercontacts--boxed\" id=\"block_a53dda7c64da47bd537566387fe7ff59\" data-block=\"Teaser Contacts\">\n    <div class=\"block-teasercontacts__header\"><p class=\"block-teasercontacts__title\">Des questions Pour les fondations et les entreprises? Je me r\u00e9jouis de recevoir votre message.<\/p><\/div>    <div class=\"block-teasercontacts__list\">\n                                        <div class=\"block-teasercontacts__item\">\n                <div class=\"block-teasercontacts__link\">\n                    <div class=\"block-teasercontacts__media\">\n                        <div class=\"block-teasercontacts__thumbnail accent__violet has-background-accent\">\n                                                              <div class=\"image block-teasercontacts__thumbnail-image\" >\n    <img decoding=\"async\"\n      loading=\"lazy\"\n      class=\"image__object lazyload\"\n      src=\"https:\/\/www.sgb-fss.ch\/content\/uploads\/2021\/06\/carmela-zumbach-1440x0-c-default.jpg\"       data-sizes=\"auto\"\n      data-srcset=\"https:\/\/www.sgb-fss.ch\/content\/uploads\/2021\/06\/carmela-zumbach-200x0-c-default.jpg 200w, https:\/\/www.sgb-fss.ch\/content\/uploads\/2021\/06\/carmela-zumbach-100x0-c-default.jpg 100w, \"\n      alt=\"\"\n      width=\"567\"\n      height=\"567\"\n            >\n  <\/div>\n                                                    <\/div>\n                    <\/div>\n                    <div class=\"block-teasercontacts__text\">\n                        <p class=\"block-teasercontacts__name\"><strong><a href=\"https:\/\/www.sgb-fss.ch\/fr\/team\/carmela-zumbach\/\">Carmela Zumbach<\/a><\/strong><\/p>\n                        <p class=\"block-teasercontacts__lead\">Fundraising et Formation professionnelle<\/p>                    <\/div>\n                    <div class=\"block-teasercontacts__contacts\">\n                                                    <p>\n                                                                <a class=\"wp-block-button is-style-transparent\" href=\"mailto:c.zumbach@sgb-fss.ch\"><span class=\"wp-block-button__link\"><i class=\"icon icon--mail\"><svg data-name=\"Ebene 1\" xmlns=\"http:\/\/www.w3.org\/2000\/svg\" viewBox=\"0 0 24 24\"><path d=\"M20.76 2.31H3.24A3.12 3.12 0 0 0 .12 5.43v13.14a3.12 3.12 0 0 0 3.12 3.12h17.52a3.12 3.12 0 0 0 3.12-3.12V5.43a3.12 3.12 0 0 0-3.12-3.12zM2.09 5a1.27 1.27 0 0 1 1.15-.78h17.52a1.24 1.24 0 0 1 1.11.74l.05.09-.09.06L12 12l-.07-.05-9.87-6.9zM22 18.57a1.26 1.26 0 0 1-1.26 1.27H3.24A1.27 1.27 0 0 1 2 18.57V7.21l9.5 6.69a.89.89 0 0 0 1 0L22 7.25z\"\/><\/svg><\/i><span class=\"wp-block-button__label\">c.zumbach@sgb-fss.ch<\/span><\/span><\/a>                                                            <\/p>\n                                            <\/div>\n                <\/div>\n            <\/div>\n                    <\/div>\n<\/div>\n\n\n\n<p class=\"is-style-lead\"><\/p>\n<\/div>\n","protected":false},"excerpt":{"rendered":"<p>En tant que fondation, vous \u00eates un soutien important qui nous permet de mettre [&hellip;]<\/p>\n","protected":false},"author":40,"featured_media":24194,"parent":9277,"menu_order":4,"comment_status":"closed","ping_status":"closed","template":"","meta":{"_acf_changed":false,"inline_featured_image":false,"footnotes":""},"class_list":["post-21216","page","type-page","status-publish","has-post-thumbnail","hentry"],"acf":[],"yoast_head":"<!-- This site is optimized with the Yoast SEO plugin v27.4 - https:\/\/yoast.com\/product\/yoast-seo-wordpress\/ -->\n<title>Pour les fondations et les entreprises - SGB-FSS<\/title>\n<meta name=\"robots\" content=\"index, follow, max-snippet:-1, max-image-preview:large, max-video-preview:-1\" \/>\n<link rel=\"canonical\" href=\"https:\/\/www.sgb-fss.ch\/fr\/soutien\/pour-les-fondations-et-les-entreprises\/\" \/>\n<meta property=\"og:locale\" content=\"fr_FR\" \/>\n<meta property=\"og:type\" content=\"article\" \/>\n<meta property=\"og:title\" content=\"Pour les fondations et les entreprises - SGB-FSS\" \/>\n<meta property=\"og:description\" content=\"En tant que fondation, vous \u00eates un soutien important qui nous permet de mettre [&hellip;]\" \/>\n<meta property=\"og:url\" content=\"https:\/\/www.sgb-fss.ch\/fr\/soutien\/pour-les-fondations-et-les-entreprises\/\" \/>\n<meta property=\"og:site_name\" content=\"SGB-FSS\" \/>\n<meta property=\"article:modified_time\" content=\"2026-02-16T11:05:42+00:00\" \/>\n<meta property=\"og:image\" content=\"https:\/\/www.sgb-fss.ch\/content\/uploads\/2023\/08\/istock-519967552-scaled.jpg\" \/>\n\t<meta property=\"og:image:width\" content=\"2560\" \/>\n\t<meta property=\"og:image:height\" content=\"1707\" \/>\n\t<meta property=\"og:image:type\" content=\"image\/jpeg\" \/>\n<meta name=\"twitter:card\" content=\"summary_large_image\" \/>\n<meta name=\"twitter:label1\" content=\"Dur\u00e9e de lecture estim\u00e9e\" \/>\n\t<meta name=\"twitter:data1\" content=\"1 minute\" \/>\n<script type=\"application\/ld+json\" class=\"yoast-schema-graph\">{\"@context\":\"https:\\\/\\\/schema.org\",\"@graph\":[{\"@type\":\"WebPage\",\"@id\":\"https:\\\/\\\/www.sgb-fss.ch\\\/fr\\\/soutien\\\/pour-les-fondations-et-les-entreprises\\\/\",\"url\":\"https:\\\/\\\/www.sgb-fss.ch\\\/fr\\\/soutien\\\/pour-les-fondations-et-les-entreprises\\\/\",\"name\":\"Pour les fondations et les entreprises - SGB-FSS\",\"isPartOf\":{\"@id\":\"https:\\\/\\\/www.sgb-fss.ch\\\/de\\\/#website\"},\"primaryImageOfPage\":{\"@id\":\"https:\\\/\\\/www.sgb-fss.ch\\\/fr\\\/soutien\\\/pour-les-fondations-et-les-entreprises\\\/#primaryimage\"},\"image\":{\"@id\":\"https:\\\/\\\/www.sgb-fss.ch\\\/fr\\\/soutien\\\/pour-les-fondations-et-les-entreprises\\\/#primaryimage\"},\"thumbnailUrl\":\"https:\\\/\\\/www.sgb-fss.ch\\\/content\\\/uploads\\\/2023\\\/08\\\/istock-519967552-scaled.jpg\",\"datePublished\":\"2023-09-04T11:25:49+00:00\",\"dateModified\":\"2026-02-16T11:05:42+00:00\",\"breadcrumb\":{\"@id\":\"https:\\\/\\\/www.sgb-fss.ch\\\/fr\\\/soutien\\\/pour-les-fondations-et-les-entreprises\\\/#breadcrumb\"},\"inLanguage\":\"fr-FR\",\"potentialAction\":[{\"@type\":\"ReadAction\",\"target\":[\"https:\\\/\\\/www.sgb-fss.ch\\\/fr\\\/soutien\\\/pour-les-fondations-et-les-entreprises\\\/\"]}]},{\"@type\":\"ImageObject\",\"inLanguage\":\"fr-FR\",\"@id\":\"https:\\\/\\\/www.sgb-fss.ch\\\/fr\\\/soutien\\\/pour-les-fondations-et-les-entreprises\\\/#primaryimage\",\"url\":\"https:\\\/\\\/www.sgb-fss.ch\\\/content\\\/uploads\\\/2023\\\/08\\\/istock-519967552-scaled.jpg\",\"contentUrl\":\"https:\\\/\\\/www.sgb-fss.ch\\\/content\\\/uploads\\\/2023\\\/08\\\/istock-519967552-scaled.jpg\",\"width\":2560,\"height\":1707,\"caption\":\"Very Shallow DOF. Developed from RAW; retouched with special care and attention; Small amount of grain added for best final impression. 16 bit Adobe RGB color profile\"},{\"@type\":\"BreadcrumbList\",\"@id\":\"https:\\\/\\\/www.sgb-fss.ch\\\/fr\\\/soutien\\\/pour-les-fondations-et-les-entreprises\\\/#breadcrumb\",\"itemListElement\":[{\"@type\":\"ListItem\",\"position\":1,\"name\":\"Home\",\"item\":\"https:\\\/\\\/www.sgb-fss.ch\\\/fr\\\/\"},{\"@type\":\"ListItem\",\"position\":2,\"name\":\"Faire un don et offrir des chances\",\"item\":\"https:\\\/\\\/www.sgb-fss.ch\\\/fr\\\/soutien\\\/\"},{\"@type\":\"ListItem\",\"position\":3,\"name\":\"Pour les fondations et les entreprises\"}]},{\"@type\":\"WebSite\",\"@id\":\"https:\\\/\\\/www.sgb-fss.ch\\\/de\\\/#website\",\"url\":\"https:\\\/\\\/www.sgb-fss.ch\\\/de\\\/\",\"name\":\"SGB-FSS\",\"description\":\"\",\"potentialAction\":[{\"@type\":\"SearchAction\",\"target\":{\"@type\":\"EntryPoint\",\"urlTemplate\":\"https:\\\/\\\/www.sgb-fss.ch\\\/de\\\/?s={search_term_string}\"},\"query-input\":{\"@type\":\"PropertyValueSpecification\",\"valueRequired\":true,\"valueName\":\"search_term_string\"}}],\"inLanguage\":\"fr-FR\"}]}<\/script>\n<!-- \/ Yoast SEO plugin. -->","yoast_head_json":{"title":"Pour les fondations et les entreprises - SGB-FSS","robots":{"index":"index","follow":"follow","max-snippet":"max-snippet:-1","max-image-preview":"max-image-preview:large","max-video-preview":"max-video-preview:-1"},"canonical":"https:\/\/www.sgb-fss.ch\/fr\/soutien\/pour-les-fondations-et-les-entreprises\/","og_locale":"fr_FR","og_type":"article","og_title":"Pour les fondations et les entreprises - SGB-FSS","og_description":"En tant que fondation, vous \u00eates un soutien important qui nous permet de mettre [&hellip;]","og_url":"https:\/\/www.sgb-fss.ch\/fr\/soutien\/pour-les-fondations-et-les-entreprises\/","og_site_name":"SGB-FSS","article_modified_time":"2026-02-16T11:05:42+00:00","og_image":[{"width":2560,"height":1707,"url":"https:\/\/www.sgb-fss.ch\/content\/uploads\/2023\/08\/istock-519967552-scaled.jpg","type":"image\/jpeg"}],"twitter_card":"summary_large_image","twitter_misc":{"Dur\u00e9e de lecture estim\u00e9e":"1 minute"},"schema":{"@context":"https:\/\/schema.org","@graph":[{"@type":"WebPage","@id":"https:\/\/www.sgb-fss.ch\/fr\/soutien\/pour-les-fondations-et-les-entreprises\/","url":"https:\/\/www.sgb-fss.ch\/fr\/soutien\/pour-les-fondations-et-les-entreprises\/","name":"Pour les fondations et les entreprises - SGB-FSS","isPartOf":{"@id":"https:\/\/www.sgb-fss.ch\/de\/#website"},"primaryImageOfPage":{"@id":"https:\/\/www.sgb-fss.ch\/fr\/soutien\/pour-les-fondations-et-les-entreprises\/#primaryimage"},"image":{"@id":"https:\/\/www.sgb-fss.ch\/fr\/soutien\/pour-les-fondations-et-les-entreprises\/#primaryimage"},"thumbnailUrl":"https:\/\/www.sgb-fss.ch\/content\/uploads\/2023\/08\/istock-519967552-scaled.jpg","datePublished":"2023-09-04T11:25:49+00:00","dateModified":"2026-02-16T11:05:42+00:00","breadcrumb":{"@id":"https:\/\/www.sgb-fss.ch\/fr\/soutien\/pour-les-fondations-et-les-entreprises\/#breadcrumb"},"inLanguage":"fr-FR","potentialAction":[{"@type":"ReadAction","target":["https:\/\/www.sgb-fss.ch\/fr\/soutien\/pour-les-fondations-et-les-entreprises\/"]}]},{"@type":"ImageObject","inLanguage":"fr-FR","@id":"https:\/\/www.sgb-fss.ch\/fr\/soutien\/pour-les-fondations-et-les-entreprises\/#primaryimage","url":"https:\/\/www.sgb-fss.ch\/content\/uploads\/2023\/08\/istock-519967552-scaled.jpg","contentUrl":"https:\/\/www.sgb-fss.ch\/content\/uploads\/2023\/08\/istock-519967552-scaled.jpg","width":2560,"height":1707,"caption":"Very Shallow DOF. Developed from RAW; retouched with special care and attention; Small amount of grain added for best final impression. 16 bit Adobe RGB color profile"},{"@type":"BreadcrumbList","@id":"https:\/\/www.sgb-fss.ch\/fr\/soutien\/pour-les-fondations-et-les-entreprises\/#breadcrumb","itemListElement":[{"@type":"ListItem","position":1,"name":"Home","item":"https:\/\/www.sgb-fss.ch\/fr\/"},{"@type":"ListItem","position":2,"name":"Faire un don et offrir des chances","item":"https:\/\/www.sgb-fss.ch\/fr\/soutien\/"},{"@type":"ListItem","position":3,"name":"Pour les fondations et les entreprises"}]},{"@type":"WebSite","@id":"https:\/\/www.sgb-fss.ch\/de\/#website","url":"https:\/\/www.sgb-fss.ch\/de\/","name":"SGB-FSS","description":"","potentialAction":[{"@type":"SearchAction","target":{"@type":"EntryPoint","urlTemplate":"https:\/\/www.sgb-fss.ch\/de\/?s={search_term_string}"},"query-input":{"@type":"PropertyValueSpecification","valueRequired":true,"valueName":"search_term_string"}}],"inLanguage":"fr-FR"}]}},"_links":{"self":[{"href":"https:\/\/www.sgb-fss.ch\/fr\/wp-json\/wp\/v2\/pages\/21216","targetHints":{"allow":["GET"]}}],"collection":[{"href":"https:\/\/www.sgb-fss.ch\/fr\/wp-json\/wp\/v2\/pages"}],"about":[{"href":"https:\/\/www.sgb-fss.ch\/fr\/wp-json\/wp\/v2\/types\/page"}],"author":[{"embeddable":true,"href":"https:\/\/www.sgb-fss.ch\/fr\/wp-json\/wp\/v2\/users\/40"}],"replies":[{"embeddable":true,"href":"https:\/\/www.sgb-fss.ch\/fr\/wp-json\/wp\/v2\/comments?post=21216"}],"version-history":[{"count":6,"href":"https:\/\/www.sgb-fss.ch\/fr\/wp-json\/wp\/v2\/pages\/21216\/revisions"}],"predecessor-version":[{"id":43937,"href":"https:\/\/www.sgb-fss.ch\/fr\/wp-json\/wp\/v2\/pages\/21216\/revisions\/43937"}],"up":[{"embeddable":true,"href":"https:\/\/www.sgb-fss.ch\/fr\/wp-json\/wp\/v2\/pages\/9277"}],"wp:featuredmedia":[{"embeddable":true,"href":"https:\/\/www.sgb-fss.ch\/fr\/wp-json\/wp\/v2\/media\/24194"}],"wp:attachment":[{"href":"https:\/\/www.sgb-fss.ch\/fr\/wp-json\/wp\/v2\/media?parent=21216"}],"curies":[{"name":"wp","href":"https:\/\/api.w.org\/{rel}","templated":true}]}}