{"id":20831,"date":"2023-06-23T12:58:07","date_gmt":"2023-06-23T10:58:07","guid":{"rendered":"https:\/\/www.sgb-fss.ch\/?page_id=20831"},"modified":"2025-02-26T08:53:40","modified_gmt":"2025-02-26T07:53:40","slug":"communaute-politique","status":"publish","type":"page","link":"https:\/\/www.sgb-fss.ch\/fr\/domaines\/travail-politique\/communaute-politique\/","title":{"rendered":"Communaut\u00e9 politique"},"content":{"rendered":"\n<p class=\"is-style-lead\">Tu souhaites adh\u00e9rer \u00e0 un groupe politique ou en cr\u00e9er un dans ton canton? Tu as envie d&rsquo;\u00e9changer des id\u00e9es sur des th\u00e8mes politiques avec d&rsquo;autres personnes int\u00e9ress\u00e9es et de les mettre en \u0153uvre ensemble? Alors connecte-toi \u00e0 notre communaut\u00e9.<\/p>\n\n\n<div class=\"wp-block-shortcode\">\n  \n<div id=\"mapsvg-11\" data-id=\"11\" class=\"mapsvg\" data-autoload=\"true\" data-load-db=\"true\" data-loading-text=\"Loading map...\" style=\"width: 100%; height: 0; padding-bottom: 64.08%\"><\/div>\n\n<\/div>\n\n\n\n<p><strong>L&rsquo;union fait la force!<br><\/strong>Que ce soit dans le cadre d&rsquo;un s\u00e9minaire politique ou via notre plateforme communautaire, tu trouveras certainement le bon endroit pour faire part de tes pr\u00e9occupations politiques, \u00e9changer avec des personnes int\u00e9ress\u00e9es et mettre en \u0153uvre de nouvelles id\u00e9es. Ensemble, nous atteignons un large public afin de rendre notre soci\u00e9t\u00e9 participative et accessible \u00e0 tous. N&rsquo;h\u00e9site pas \u00e0 nous contacter, nous r\u00e9pondrons volontiers \u00e0 toutes tes questions.<\/p>\n\n\n\n<div class=\"wp-block-group is-layout-constrained wp-block-group-is-layout-constrained\">\n<div class=\"wp-block-columns is-layout-flex wp-container-core-columns-is-layout-9d6595d7 wp-block-columns-is-layout-flex\">\n<div class=\"wp-block-column has-sgb-fss-rot-50-background-color has-background is-layout-flow wp-block-column-is-layout-flow\">\n<p class=\"has-text-align-center\"><strong>Bulletin d&rsquo;information<br><\/strong>Vous souhaitez rester au courant de l&rsquo;actualit\u00e9 et de l&rsquo;information? <\/p>\n\n\n\n<div class=\"wp-block-buttons is-content-justification-center is-layout-flex wp-container-core-buttons-is-layout-16018d1d wp-block-buttons-is-layout-flex\">\n<div class=\"wp-block-button\"><a class=\"wp-block-button__link has-sgb-fss-rot-background-color has-background wp-element-button\" href=\"https:\/\/www.sgb-fss.ch\/de\/politischer-newsletter\/\" target=\"_blank\" rel=\"noreferrer noopener\"><strong><strong>Inscription \u00e0 la newsletter<\/strong><\/strong><\/a><\/div>\n<\/div>\n<\/div>\n\n\n\n<div class=\"wp-block-column has-sgb-fss-blue-30-background-color has-background is-layout-flow wp-block-column-is-layout-flow\">\n<p class=\"has-text-align-center\"><strong>\u00c9v\u00e9nements<\/strong> <strong>politiques<\/strong><br>Vous souhaitez prendre une part active \u00e0 la vie politique?<\/p>\n\n\n\n<div class=\"wp-block-buttons is-content-justification-center is-layout-flex wp-container-core-buttons-is-layout-16018d1d wp-block-buttons-is-layout-flex\">\n<div class=\"wp-block-button\"><a class=\"wp-block-button__link has-sgb-fss-rot-background-color has-background wp-element-button\" href=\"https:\/\/www.sgb-fss.ch\/fr\/actuel\/evenements\/\"><strong><strong>V<\/strong>oir les \u00e9v\u00e9nements<\/strong><\/a><\/div>\n<\/div>\n<\/div>\n<\/div>\n<\/div>\n\n\n<div class=\"block block-teasercontacts block-teasercontacts--boxed\" id=\"block_4816701b2cb2574e18aac13b208cd15e\" data-block=\"Teaser Contacts\">\n    <div class=\"block-teasercontacts__header\"><p class=\"block-teasercontacts__title\">Des questions sur la communaut\u00e9 politique? N\u2019h\u00e9sitez pas \u00e0 me contacter.<\/p><\/div>    <div class=\"block-teasercontacts__list\">\n                                        <div class=\"block-teasercontacts__item\">\n                <div class=\"block-teasercontacts__link\">\n                    <div class=\"block-teasercontacts__media\">\n                        <div class=\"block-teasercontacts__thumbnail accent__violet has-background-accent\">\n                                                              <div class=\"image block-teasercontacts__thumbnail-image\" >\n    <img decoding=\"async\"\n      loading=\"lazy\"\n      class=\"image__object lazyload\"\n      src=\"https:\/\/www.sgb-fss.ch\/content\/uploads\/2023\/02\/tanja-krebedunkel-1440x0-c-default.jpg\"       data-sizes=\"auto\"\n      data-srcset=\"https:\/\/www.sgb-fss.ch\/content\/uploads\/2023\/02\/tanja-krebedunkel-200x0-c-default.jpg 200w, https:\/\/www.sgb-fss.ch\/content\/uploads\/2023\/02\/tanja-krebedunkel-100x0-c-default.jpg 100w, \"\n      alt=\"\"\n      width=\"567\"\n      height=\"567\"\n            >\n  <\/div>\n                                                    <\/div>\n                    <\/div>\n                    <div class=\"block-teasercontacts__text\">\n                        <p class=\"block-teasercontacts__name\"><strong><a href=\"https:\/\/www.sgb-fss.ch\/fr\/team\/tanja-krebedunkel\/\">Tanja Krebed\u00fcnkel<\/a><\/strong><\/p>\n                        <p class=\"block-teasercontacts__lead\">Empowerment politique<\/p>                    <\/div>\n                    <div class=\"block-teasercontacts__contacts\">\n                                                    <p>\n                                                                <a class=\"wp-block-button is-style-transparent\" href=\"mailto:t.krebeduenkel@sgb-fss.ch\"><span class=\"wp-block-button__link\"><i class=\"icon icon--mail\"><svg data-name=\"Ebene 1\" xmlns=\"http:\/\/www.w3.org\/2000\/svg\" viewBox=\"0 0 24 24\"><path d=\"M20.76 2.31H3.24A3.12 3.12 0 0 0 .12 5.43v13.14a3.12 3.12 0 0 0 3.12 3.12h17.52a3.12 3.12 0 0 0 3.12-3.12V5.43a3.12 3.12 0 0 0-3.12-3.12zM2.09 5a1.27 1.27 0 0 1 1.15-.78h17.52a1.24 1.24 0 0 1 1.11.74l.05.09-.09.06L12 12l-.07-.05-9.87-6.9zM22 18.57a1.26 1.26 0 0 1-1.26 1.27H3.24A1.27 1.27 0 0 1 2 18.57V7.21l9.5 6.69a.89.89 0 0 0 1 0L22 7.25z\"\/><\/svg><\/i><span class=\"wp-block-button__label\">t.krebeduenkel@sgb-fss.ch<\/span><\/span><\/a>                                                            <\/p>\n                                            <\/div>\n                <\/div>\n            <\/div>\n                    <\/div>\n<\/div>\n\n\n\n<h2 class=\"wp-block-heading\"><\/h2>\n\n\n\n<div class=\"wp-block-group has-schwarz-25-background-color has-background is-layout-constrained wp-block-group-is-layout-constrained\"><div class=\"block block-teaserpages\" id=\"block_c13449deb88e1c5a42ad7b9e9b99ba75\" data-block=\"Teaser Pages\">\n  <ul class=\"block-teaserpages__list\">\n            <li class=\"block-teaserpages__item\">\n        <a class=\"accent teaserpage\" href=\"https:\/\/www.sgb-fss.ch\/fr\/downloads\/\">\n  <div class=\"teaserpage__thumbnail\">\n            <div class=\"image teaserpage__thumbnail-image\" >\n    <img decoding=\"async\"\n      loading=\"lazy\"\n      class=\"image__object lazyload\"\n      src=\"https:\/\/www.sgb-fss.ch\/content\/uploads\/2024\/01\/downloads-f-1440x0-c-default.jpg\"       data-sizes=\"auto\"\n      data-srcset=\"https:\/\/www.sgb-fss.ch\/content\/uploads\/2024\/01\/downloads-f-1000x0-c-default.jpg 1000w, https:\/\/www.sgb-fss.ch\/content\/uploads\/2024\/01\/downloads-f-700x0-c-default.jpg 700w, https:\/\/www.sgb-fss.ch\/content\/uploads\/2024\/01\/downloads-f-350x0-c-default.jpg 350w, \"\n      alt=\"\"\n      width=\"1890\"\n      height=\"1063\"\n            >\n  <\/div>\n      <\/div>\n  <h3 class=\"teaserpage__title\">Downloads<\/h3>\n  <p class=\"teaserpage__lead\">Tu trouveras ici toutes les donn\u00e9es relatives \u00e0 cette page ainsi qu&rsquo;\u00e0 tous les autres domaines \u00e0 t\u00e9l\u00e9charger.<\/p>  <\/a>\n      <\/li>\n    <\/ul>\n<\/div>\n<\/div>\n","protected":false},"excerpt":{"rendered":"<p>Tu souhaites adh\u00e9rer \u00e0 un groupe politique ou en cr\u00e9er un dans ton canton? [&hellip;]<\/p>\n","protected":false},"author":40,"featured_media":22378,"parent":22444,"menu_order":2,"comment_status":"closed","ping_status":"closed","template":"","meta":{"_acf_changed":false,"inline_featured_image":false,"footnotes":""},"class_list":["post-20831","page","type-page","status-publish","has-post-thumbnail","hentry"],"acf":[],"yoast_head":"<!-- This site is optimized with the Yoast SEO plugin v27.4 - https:\/\/yoast.com\/product\/yoast-seo-wordpress\/ -->\n<title>Communaut\u00e9 politique - SGB-FSS<\/title>\n<meta name=\"robots\" content=\"index, follow, max-snippet:-1, max-image-preview:large, max-video-preview:-1\" \/>\n<link rel=\"canonical\" href=\"https:\/\/www.sgb-fss.ch\/fr\/domaines\/travail-politique\/communaute-politique\/\" \/>\n<meta property=\"og:locale\" content=\"fr_FR\" \/>\n<meta property=\"og:type\" content=\"article\" \/>\n<meta property=\"og:title\" content=\"Communaut\u00e9 politique - SGB-FSS\" \/>\n<meta property=\"og:description\" content=\"Tu souhaites adh\u00e9rer \u00e0 un groupe politique ou en cr\u00e9er un dans ton canton? [&hellip;]\" \/>\n<meta property=\"og:url\" content=\"https:\/\/www.sgb-fss.ch\/fr\/domaines\/travail-politique\/communaute-politique\/\" \/>\n<meta property=\"og:site_name\" content=\"SGB-FSS\" \/>\n<meta property=\"article:modified_time\" content=\"2025-02-26T07:53:40+00:00\" \/>\n<meta property=\"og:image\" content=\"https:\/\/www.sgb-fss.ch\/content\/uploads\/2023\/07\/bhp-1924-scaled.jpg\" \/>\n\t<meta property=\"og:image:width\" content=\"2560\" \/>\n\t<meta property=\"og:image:height\" content=\"1440\" \/>\n\t<meta property=\"og:image:type\" content=\"image\/jpeg\" \/>\n<meta name=\"twitter:card\" content=\"summary_large_image\" \/>\n<meta name=\"twitter:label1\" content=\"Dur\u00e9e de lecture estim\u00e9e\" \/>\n\t<meta name=\"twitter:data1\" content=\"2 minutes\" \/>\n<script type=\"application\/ld+json\" class=\"yoast-schema-graph\">{\"@context\":\"https:\\\/\\\/schema.org\",\"@graph\":[{\"@type\":\"WebPage\",\"@id\":\"https:\\\/\\\/www.sgb-fss.ch\\\/fr\\\/domaines\\\/travail-politique\\\/communaute-politique\\\/\",\"url\":\"https:\\\/\\\/www.sgb-fss.ch\\\/fr\\\/domaines\\\/travail-politique\\\/communaute-politique\\\/\",\"name\":\"Communaut\u00e9 politique - SGB-FSS\",\"isPartOf\":{\"@id\":\"https:\\\/\\\/www.sgb-fss.ch\\\/de\\\/#website\"},\"primaryImageOfPage\":{\"@id\":\"https:\\\/\\\/www.sgb-fss.ch\\\/fr\\\/domaines\\\/travail-politique\\\/communaute-politique\\\/#primaryimage\"},\"image\":{\"@id\":\"https:\\\/\\\/www.sgb-fss.ch\\\/fr\\\/domaines\\\/travail-politique\\\/communaute-politique\\\/#primaryimage\"},\"thumbnailUrl\":\"https:\\\/\\\/www.sgb-fss.ch\\\/content\\\/uploads\\\/2023\\\/07\\\/bhp-1924-scaled.jpg\",\"datePublished\":\"2023-06-23T10:58:07+00:00\",\"dateModified\":\"2025-02-26T07:53:40+00:00\",\"breadcrumb\":{\"@id\":\"https:\\\/\\\/www.sgb-fss.ch\\\/fr\\\/domaines\\\/travail-politique\\\/communaute-politique\\\/#breadcrumb\"},\"inLanguage\":\"fr-FR\",\"potentialAction\":[{\"@type\":\"ReadAction\",\"target\":[\"https:\\\/\\\/www.sgb-fss.ch\\\/fr\\\/domaines\\\/travail-politique\\\/communaute-politique\\\/\"]}]},{\"@type\":\"ImageObject\",\"inLanguage\":\"fr-FR\",\"@id\":\"https:\\\/\\\/www.sgb-fss.ch\\\/fr\\\/domaines\\\/travail-politique\\\/communaute-politique\\\/#primaryimage\",\"url\":\"https:\\\/\\\/www.sgb-fss.ch\\\/content\\\/uploads\\\/2023\\\/07\\\/bhp-1924-scaled.jpg\",\"contentUrl\":\"https:\\\/\\\/www.sgb-fss.ch\\\/content\\\/uploads\\\/2023\\\/07\\\/bhp-1924-scaled.jpg\",\"width\":2560,\"height\":1440},{\"@type\":\"BreadcrumbList\",\"@id\":\"https:\\\/\\\/www.sgb-fss.ch\\\/fr\\\/domaines\\\/travail-politique\\\/communaute-politique\\\/#breadcrumb\",\"itemListElement\":[{\"@type\":\"ListItem\",\"position\":1,\"name\":\"Home\",\"item\":\"https:\\\/\\\/www.sgb-fss.ch\\\/fr\\\/\"},{\"@type\":\"ListItem\",\"position\":2,\"name\":\"Domaines\",\"item\":\"https:\\\/\\\/www.sgb-fss.ch\\\/fr\\\/domaines\\\/\"},{\"@type\":\"ListItem\",\"position\":3,\"name\":\"Travail politique\",\"item\":\"https:\\\/\\\/www.sgb-fss.ch\\\/fr\\\/domaines\\\/travail-politique\\\/\"},{\"@type\":\"ListItem\",\"position\":4,\"name\":\"Communaut\u00e9 politique\"}]},{\"@type\":\"WebSite\",\"@id\":\"https:\\\/\\\/www.sgb-fss.ch\\\/de\\\/#website\",\"url\":\"https:\\\/\\\/www.sgb-fss.ch\\\/de\\\/\",\"name\":\"SGB-FSS\",\"description\":\"\",\"potentialAction\":[{\"@type\":\"SearchAction\",\"target\":{\"@type\":\"EntryPoint\",\"urlTemplate\":\"https:\\\/\\\/www.sgb-fss.ch\\\/de\\\/?s={search_term_string}\"},\"query-input\":{\"@type\":\"PropertyValueSpecification\",\"valueRequired\":true,\"valueName\":\"search_term_string\"}}],\"inLanguage\":\"fr-FR\"}]}<\/script>\n<!-- \/ Yoast SEO plugin. -->","yoast_head_json":{"title":"Communaut\u00e9 politique - SGB-FSS","robots":{"index":"index","follow":"follow","max-snippet":"max-snippet:-1","max-image-preview":"max-image-preview:large","max-video-preview":"max-video-preview:-1"},"canonical":"https:\/\/www.sgb-fss.ch\/fr\/domaines\/travail-politique\/communaute-politique\/","og_locale":"fr_FR","og_type":"article","og_title":"Communaut\u00e9 politique - SGB-FSS","og_description":"Tu souhaites adh\u00e9rer \u00e0 un groupe politique ou en cr\u00e9er un dans ton canton? [&hellip;]","og_url":"https:\/\/www.sgb-fss.ch\/fr\/domaines\/travail-politique\/communaute-politique\/","og_site_name":"SGB-FSS","article_modified_time":"2025-02-26T07:53:40+00:00","og_image":[{"width":2560,"height":1440,"url":"https:\/\/www.sgb-fss.ch\/content\/uploads\/2023\/07\/bhp-1924-scaled.jpg","type":"image\/jpeg"}],"twitter_card":"summary_large_image","twitter_misc":{"Dur\u00e9e de lecture estim\u00e9e":"2 minutes"},"schema":{"@context":"https:\/\/schema.org","@graph":[{"@type":"WebPage","@id":"https:\/\/www.sgb-fss.ch\/fr\/domaines\/travail-politique\/communaute-politique\/","url":"https:\/\/www.sgb-fss.ch\/fr\/domaines\/travail-politique\/communaute-politique\/","name":"Communaut\u00e9 politique - SGB-FSS","isPartOf":{"@id":"https:\/\/www.sgb-fss.ch\/de\/#website"},"primaryImageOfPage":{"@id":"https:\/\/www.sgb-fss.ch\/fr\/domaines\/travail-politique\/communaute-politique\/#primaryimage"},"image":{"@id":"https:\/\/www.sgb-fss.ch\/fr\/domaines\/travail-politique\/communaute-politique\/#primaryimage"},"thumbnailUrl":"https:\/\/www.sgb-fss.ch\/content\/uploads\/2023\/07\/bhp-1924-scaled.jpg","datePublished":"2023-06-23T10:58:07+00:00","dateModified":"2025-02-26T07:53:40+00:00","breadcrumb":{"@id":"https:\/\/www.sgb-fss.ch\/fr\/domaines\/travail-politique\/communaute-politique\/#breadcrumb"},"inLanguage":"fr-FR","potentialAction":[{"@type":"ReadAction","target":["https:\/\/www.sgb-fss.ch\/fr\/domaines\/travail-politique\/communaute-politique\/"]}]},{"@type":"ImageObject","inLanguage":"fr-FR","@id":"https:\/\/www.sgb-fss.ch\/fr\/domaines\/travail-politique\/communaute-politique\/#primaryimage","url":"https:\/\/www.sgb-fss.ch\/content\/uploads\/2023\/07\/bhp-1924-scaled.jpg","contentUrl":"https:\/\/www.sgb-fss.ch\/content\/uploads\/2023\/07\/bhp-1924-scaled.jpg","width":2560,"height":1440},{"@type":"BreadcrumbList","@id":"https:\/\/www.sgb-fss.ch\/fr\/domaines\/travail-politique\/communaute-politique\/#breadcrumb","itemListElement":[{"@type":"ListItem","position":1,"name":"Home","item":"https:\/\/www.sgb-fss.ch\/fr\/"},{"@type":"ListItem","position":2,"name":"Domaines","item":"https:\/\/www.sgb-fss.ch\/fr\/domaines\/"},{"@type":"ListItem","position":3,"name":"Travail politique","item":"https:\/\/www.sgb-fss.ch\/fr\/domaines\/travail-politique\/"},{"@type":"ListItem","position":4,"name":"Communaut\u00e9 politique"}]},{"@type":"WebSite","@id":"https:\/\/www.sgb-fss.ch\/de\/#website","url":"https:\/\/www.sgb-fss.ch\/de\/","name":"SGB-FSS","description":"","potentialAction":[{"@type":"SearchAction","target":{"@type":"EntryPoint","urlTemplate":"https:\/\/www.sgb-fss.ch\/de\/?s={search_term_string}"},"query-input":{"@type":"PropertyValueSpecification","valueRequired":true,"valueName":"search_term_string"}}],"inLanguage":"fr-FR"}]}},"_links":{"self":[{"href":"https:\/\/www.sgb-fss.ch\/fr\/wp-json\/wp\/v2\/pages\/20831","targetHints":{"allow":["GET"]}}],"collection":[{"href":"https:\/\/www.sgb-fss.ch\/fr\/wp-json\/wp\/v2\/pages"}],"about":[{"href":"https:\/\/www.sgb-fss.ch\/fr\/wp-json\/wp\/v2\/types\/page"}],"author":[{"embeddable":true,"href":"https:\/\/www.sgb-fss.ch\/fr\/wp-json\/wp\/v2\/users\/40"}],"replies":[{"embeddable":true,"href":"https:\/\/www.sgb-fss.ch\/fr\/wp-json\/wp\/v2\/comments?post=20831"}],"version-history":[{"count":23,"href":"https:\/\/www.sgb-fss.ch\/fr\/wp-json\/wp\/v2\/pages\/20831\/revisions"}],"predecessor-version":[{"id":37294,"href":"https:\/\/www.sgb-fss.ch\/fr\/wp-json\/wp\/v2\/pages\/20831\/revisions\/37294"}],"up":[{"embeddable":true,"href":"https:\/\/www.sgb-fss.ch\/fr\/wp-json\/wp\/v2\/pages\/22444"}],"wp:featuredmedia":[{"embeddable":true,"href":"https:\/\/www.sgb-fss.ch\/fr\/wp-json\/wp\/v2\/media\/22378"}],"wp:attachment":[{"href":"https:\/\/www.sgb-fss.ch\/fr\/wp-json\/wp\/v2\/media?parent=20831"}],"curies":[{"name":"wp","href":"https:\/\/api.w.org\/{rel}","templated":true}]}}