{"id":20055,"date":"2023-06-23T13:17:35","date_gmt":"2023-06-23T11:17:35","guid":{"rendered":"https:\/\/www.sgb-fss.ch\/?page_id=20055"},"modified":"2024-01-25T15:52:18","modified_gmt":"2024-01-25T14:52:18","slug":"revendications-politiques","status":"publish","type":"page","link":"https:\/\/www.sgb-fss.ch\/fr\/domaines\/travail-politique\/revendications-politiques\/","title":{"rendered":"Revendications politiques"},"content":{"rendered":"\n<p class=\"is-style-lead\">La F\u00e9d\u00e9ration Suisse des Sourds d\u00e9fend les int\u00e9r\u00eats des personnes sourdes et malentendantes au niveau politique. Elle s\u2019engage \u00e0 garantir que tous les domaines de la vie soient accessibles sans obstacles aux personnes sourdes et malentendantes.<\/p>\n\n\n\n<figure class=\"wp-block-image size-large\"><img loading=\"lazy\" decoding=\"async\" width=\"1024\" height=\"576\" src=\"https:\/\/www.sgb-fss.ch\/content\/uploads\/2023\/07\/2206_besuch_im_bundeshaus-09046-1024x576.jpg\" alt=\"\" class=\"wp-image-21778\" srcset=\"https:\/\/www.sgb-fss.ch\/content\/uploads\/2023\/07\/2206_besuch_im_bundeshaus-09046-1024x576.jpg 1024w, https:\/\/www.sgb-fss.ch\/content\/uploads\/2023\/07\/2206_besuch_im_bundeshaus-09046-300x169.jpg 300w, https:\/\/www.sgb-fss.ch\/content\/uploads\/2023\/07\/2206_besuch_im_bundeshaus-09046-150x84.jpg 150w, https:\/\/www.sgb-fss.ch\/content\/uploads\/2023\/07\/2206_besuch_im_bundeshaus-09046-768x432.jpg 768w, https:\/\/www.sgb-fss.ch\/content\/uploads\/2023\/07\/2206_besuch_im_bundeshaus-09046-1536x864.jpg 1536w, https:\/\/www.sgb-fss.ch\/content\/uploads\/2023\/07\/2206_besuch_im_bundeshaus-09046-2048x1152.jpg 2048w, https:\/\/www.sgb-fss.ch\/content\/uploads\/2023\/07\/2206_besuch_im_bundeshaus-09046-178x100.jpg 178w, https:\/\/www.sgb-fss.ch\/content\/uploads\/2023\/07\/2206_besuch_im_bundeshaus-09046-600x337.jpg 600w\" sizes=\"auto, (max-width: 1024px) 100vw, 1024px\" \/><\/figure>\n\n\n\n<div class=\"wp-block-columns is-layout-flex wp-container-core-columns-is-layout-9d6595d7 wp-block-columns-is-layout-flex\">\n<div class=\"wp-block-column is-layout-flow wp-block-column-is-layout-flow\" style=\"flex-basis:100%\">\n<div class=\"wp-block-group has-sgb-fss-blue-15-background-color has-background is-layout-constrained wp-block-group-is-layout-constrained\">\n<h3 class=\"wp-block-heading\"><strong>Acc\u00e8s au march\u00e9 du travail<\/strong><\/h3>\n\n\n\n<p class=\"is-style-default\">La surdit\u00e9 n\u2019est pas un motif pour une rente AI. Les personnes sourdes et malentendantes veulent et peuvent travailler. Elles ont les m\u00eames capacit\u00e9s et connaissances que les personnes entendantes. Malgr\u00e9 tout, les personnes sourdes et malentendantes sont nettement plus nombreuses \u00e0 \u00eatre au ch\u00f4mage que les personnes entendantes. La raison \u00e0 cela est la difficult\u00e9 d\u2019acc\u00e8s au march\u00e9 du travail. Les personnes sourdes et malentendantes sont victimes de discrimination dans la recherche d\u2019un emploi et dans la formation professionnelle, comme le montrent des \u00e9tudes sur le march\u00e9 du travail.<\/p>\n\n\n\n<p><strong><strong>La F\u00e9d\u00e9ration Suisse des Sourds revendique un march\u00e9 du travail inclusif, dans lequel l\u2019\u00e9galit\u00e9 des chances des personnes sourdes et malentendantes est assur\u00e9e.<\/strong><\/strong><\/p>\n<\/div>\n<\/div>\n<\/div>\n\n\n\n<div class=\"wp-block-columns is-layout-flex wp-container-core-columns-is-layout-9d6595d7 wp-block-columns-is-layout-flex\">\n<div class=\"wp-block-column is-layout-flow wp-block-column-is-layout-flow\" style=\"flex-basis:100%\">\n<div class=\"wp-block-group has-sgb-fss-rot-15-background-color has-background is-layout-constrained wp-block-group-is-layout-constrained\">\n<h3 class=\"wp-block-heading\"><strong><strong>Acc\u00e8s \u00e0 l&rsquo;\u00e9ducation<\/strong><\/strong><\/h3>\n\n\n\n<p>L\u2019\u00e9ducation inclusive est essentielle car elle r\u00e9pond aux besoins de l\u2019enfant de la naissance \u00e0 l\u2019\u00e2ge adulte et reconna\u00eet les liens \u00e9troits entre le d\u00e9veloppement cognitif, social, \u00e9motionnel et linguistique. Elle favorise l&rsquo;estime de soi positive, la confiance en soi, l\u2019identit\u00e9 culturelle et une multitude de facteurs essentiels \u00e0 l\u2019apprentissage tout au long de la vie, avec l\u2019autonomie personnelle, la r\u00e9ussite scolaire et les opportunit\u00e9s professionnelles<\/p>\n\n\n\n<p><strong><strong>Les personnes sourdes ont besoin d\u2019un acc\u00e8s bilingue \u00e0 l\u2019\u00e9ducation. La langue orale et la langue des signes doivent \u00eatre combin\u00e9es pour permettre une r\u00e9ussite \u00e9ducative compl\u00e8te.<\/strong><\/strong><\/p>\n<\/div>\n<\/div>\n<\/div>\n\n\n\n<div class=\"wp-block-columns is-layout-flex wp-container-core-columns-is-layout-9d6595d7 wp-block-columns-is-layout-flex\">\n<div class=\"wp-block-column is-layout-flow wp-block-column-is-layout-flow\" style=\"flex-basis:100%\">\n<div class=\"wp-block-group has-pflaume-10-background-color has-background is-layout-constrained wp-block-group-is-layout-constrained\">\n<h3 class=\"wp-block-heading\"><strong>Acc\u00e8s au syst\u00e8me de sant\u00e9<\/strong><\/h3>\n\n\n\n<p>Les personnes sourdes et malentendantes n&rsquo;ont pas un acc\u00e8s complet aux soins de sant\u00e9 de base et aux autres services m\u00e9dicaux.<\/p>\n\n\n\n<p>Les obstacles existants dans le syst\u00e8me de sant\u00e9 emp\u00eachent l\u2019\u00e9galit\u00e9 de traitement des patients sourds et malentendants.<\/p>\n\n\n\n<p>Il existe de grandes lacunes dans les domaines de la pr\u00e9vention, du conseil ou des soins, ce qui entra\u00eene une couverture insuffisante de diff\u00e9rents besoins. Le bien-\u00eatre et la qualit\u00e9 de vie des personnes sourdes et malentendantes sont ainsi mis en danger.<\/p>\n\n\n\n<p><strong>\u00c9tant donn\u00e9 que, dans le syst\u00e8me de sant\u00e9 en particulier, de petits d\u00e9tails font la diff\u00e9rence entre la vie et la mort, il est indispensable que la communication fonctionne sans probl\u00e8me.<\/strong><\/p>\n<\/div>\n<\/div>\n<\/div>\n\n\n\n<div class=\"wp-block-columns has-pflaume-10-background-color has-background is-layout-flex wp-container-core-columns-is-layout-9d6595d7 wp-block-columns-is-layout-flex\">\n<div class=\"wp-block-column is-layout-flow wp-block-column-is-layout-flow\" style=\"flex-basis:100%\">\n<div class=\"wp-block-group has-indigo-10-background-color has-background is-layout-constrained wp-block-group-is-layout-constrained\">\n<h3 class=\"wp-block-heading\"><strong>Acc\u00e8s \u00e0 la d\u00e9mocratie directe<\/strong><\/h3>\n\n\n\n<p class=\"is-style-default\">La soci\u00e9t\u00e9 doit se concentrer sur le potentiel des personnes sourdes et malentendantes et non sur leurs d\u00e9ficits.<\/p>\n\n\n\n<p>Une participation \u00e9gale \u00e0 la vie sociale et politique est la condition pr\u00e9alable \u00e0 une inclusion r\u00e9ussie. La base pour cela est le plein acc\u00e8s \u00e0 toutes les informations. Des textes longs et compliqu\u00e9s sont souvent difficiles \u00e0 comprendre pour les personnes sourdes. C\u2019est pourquoi les contenus essentiels doivent toujours \u00eatre propos\u00e9s en langue des signes, c\u2019est la seule fa\u00e7on de garantir la possibilit\u00e9 d\u2019une participation active \u00e0 la soci\u00e9t\u00e9.<\/p>\n\n\n\n<p><strong>Les personnes sourdes et malentendantes ont les m\u00eames droits et les m\u00eames devoirs pour contribuer \u00e0 d\u00e9terminer l&rsquo;avenir de notre soci\u00e9t\u00e9. Elles sont membres \u00e0 part enti\u00e8re de la soci\u00e9t\u00e9 et s&rsquo;engagent afin d&rsquo;obtenir l&rsquo;\u00e9galit\u00e9 d&rsquo;acc\u00e8s ainsi qu&rsquo;une participation et une implication sans obstacles.<\/strong><\/p>\n<\/div>\n<\/div>\n<\/div>\n\n\n<div class=\"block block-teaserpages\" id=\"block_cad11777856d50f6dc8099d5abd016e6\" data-block=\"Teaser Pages\">\n  <ul class=\"block-teaserpages__list\">\n            <li class=\"block-teaserpages__item\">\n        <a class=\"accent teaserpage\" href=\"https:\/\/www.sgb-fss.ch\/fr\/domaines\/travail-politique\/reconnaissance-de-la-langue-des-signes\/\">\n  <div class=\"teaserpage__thumbnail\">\n            <div class=\"image teaserpage__thumbnail-image\" >\n    <img decoding=\"async\"\n      loading=\"lazy\"\n      class=\"image__object lazyload\"\n      src=\"https:\/\/www.sgb-fss.ch\/content\/uploads\/2023\/07\/2205_besuch_im_bundeshaus-09386-scaled-1440x0-c-default.jpg\"       data-sizes=\"auto\"\n      data-srcset=\"https:\/\/www.sgb-fss.ch\/content\/uploads\/2023\/07\/2205_besuch_im_bundeshaus-09386-scaled-1000x0-c-default.jpg 1000w, https:\/\/www.sgb-fss.ch\/content\/uploads\/2023\/07\/2205_besuch_im_bundeshaus-09386-scaled-700x0-c-default.jpg 700w, https:\/\/www.sgb-fss.ch\/content\/uploads\/2023\/07\/2205_besuch_im_bundeshaus-09386-scaled-350x0-c-default.jpg 350w, \"\n      alt=\"\"\n      width=\"2560\"\n      height=\"1440\"\n            >\n  <\/div>\n      <\/div>\n  <h3 class=\"teaserpage__title\">Reconnaissance des langues des signes<\/h3>\n  <p class=\"teaserpage__lead\">La reconnaissance juridique des langues des signes est une condition indispensable pour garantir les droits des personnes sourdes. Pour garantir ces droits, il faut non seulement une reconnaissance, mais aussi des mesures de promotion de la langue des signes et d\u2019\u00e9galit\u00e9 entre les personnes sourdes et malentendantes. Pour cela, une loi sur la langue des signes est n\u00e9cessaire.<\/p>  <\/a>\n      <\/li>\n            <li class=\"block-teaserpages__item\">\n        <a class=\"accent teaserpage\" href=\"https:\/\/www.sgb-fss.ch\/fr\/domaines\/travail-politique\/empowerment-politique\/\">\n  <div class=\"teaserpage__thumbnail\">\n            <div class=\"image teaserpage__thumbnail-image\" >\n    <img decoding=\"async\"\n      loading=\"lazy\"\n      class=\"image__object lazyload\"\n      src=\"https:\/\/www.sgb-fss.ch\/content\/uploads\/2025\/01\/2403_politikerinnen_treffen-06956_crop-edited-scaled-1440x0-c-default.jpg\"       data-sizes=\"auto\"\n      data-srcset=\"https:\/\/www.sgb-fss.ch\/content\/uploads\/2025\/01\/2403_politikerinnen_treffen-06956_crop-edited-scaled-1000x0-c-default.jpg 1000w, https:\/\/www.sgb-fss.ch\/content\/uploads\/2025\/01\/2403_politikerinnen_treffen-06956_crop-edited-scaled-700x0-c-default.jpg 700w, https:\/\/www.sgb-fss.ch\/content\/uploads\/2025\/01\/2403_politikerinnen_treffen-06956_crop-edited-scaled-350x0-c-default.jpg 350w, \"\n      alt=\"geh\u00f6rlose und h\u00f6rbehinderte Personen im Bundeshaus\"\n      width=\"2560\"\n      height=\"1440\"\n            >\n  <\/div>\n      <\/div>\n  <h3 class=\"teaserpage__title\">Empowerment politique<\/h3>\n  <p class=\"teaserpage__lead\">La F\u00e9d\u00e9ration Suisse des Sourds d\u00e9fend les int\u00e9r\u00eats des personnes sourdes et malentendantes aupr\u00e8s des instances politiques. Elle s&rsquo;engage pour que tous les domaines de la vie soient accessibles aux personnes sourdes et malentendantes.<\/p>  <\/a>\n      <\/li>\n    <\/ul>\n<\/div>\n\n\n<div class=\"block block-teasercontacts block-teasercontacts--boxed\" id=\"block_2b1e15e925a6bd046776e6f6ea2744b1\" data-block=\"Teaser Contacts\">\n    <div class=\"block-teasercontacts__header\"><p class=\"block-teasercontacts__title\">Des questions sur le travail politique? N\u2019h\u00e9site pas \u00e0 me contacter.<\/p><\/div>    <div class=\"block-teasercontacts__list\">\n                                        <div class=\"block-teasercontacts__item\">\n                <div class=\"block-teasercontacts__link\">\n                    <div class=\"block-teasercontacts__media\">\n                        <div class=\"block-teasercontacts__thumbnail accent__violet has-background-accent\">\n                                                              <div class=\"image block-teasercontacts__thumbnail-image\" >\n    <img decoding=\"async\"\n      loading=\"lazy\"\n      class=\"image__object lazyload\"\n      src=\"https:\/\/www.sgb-fss.ch\/content\/uploads\/2021\/06\/andre-marty-1440x0-c-default.jpg\"       data-sizes=\"auto\"\n      data-srcset=\"https:\/\/www.sgb-fss.ch\/content\/uploads\/2021\/06\/andre-marty-200x0-c-default.jpg 200w, https:\/\/www.sgb-fss.ch\/content\/uploads\/2021\/06\/andre-marty-100x0-c-default.jpg 100w, \"\n      alt=\"\"\n      width=\"567\"\n      height=\"567\"\n            >\n  <\/div>\n                                                    <\/div>\n                    <\/div>\n                    <div class=\"block-teasercontacts__text\">\n                        <p class=\"block-teasercontacts__name\"><strong><a href=\"https:\/\/www.sgb-fss.ch\/fr\/team\/andre-marty\/\">Andr\u00e9 Marty<\/a><\/strong><\/p>\n                        <p class=\"block-teasercontacts__lead\">Public Affairs<\/p>                    <\/div>\n                    <div class=\"block-teasercontacts__contacts\">\n                                                    <p>\n                                                                <a class=\"wp-block-button is-style-transparent\" href=\"mailto:a.marty@sgb-fss.ch\"><span class=\"wp-block-button__link\"><i class=\"icon icon--mail\"><svg data-name=\"Ebene 1\" xmlns=\"http:\/\/www.w3.org\/2000\/svg\" viewBox=\"0 0 24 24\"><path d=\"M20.76 2.31H3.24A3.12 3.12 0 0 0 .12 5.43v13.14a3.12 3.12 0 0 0 3.12 3.12h17.52a3.12 3.12 0 0 0 3.12-3.12V5.43a3.12 3.12 0 0 0-3.12-3.12zM2.09 5a1.27 1.27 0 0 1 1.15-.78h17.52a1.24 1.24 0 0 1 1.11.74l.05.09-.09.06L12 12l-.07-.05-9.87-6.9zM22 18.57a1.26 1.26 0 0 1-1.26 1.27H3.24A1.27 1.27 0 0 1 2 18.57V7.21l9.5 6.69a.89.89 0 0 0 1 0L22 7.25z\"\/><\/svg><\/i><span class=\"wp-block-button__label\">a.marty@sgb-fss.ch<\/span><\/span><\/a>                                                            <\/p>\n                                            <\/div>\n                <\/div>\n            <\/div>\n                    <\/div>\n<\/div>\n\n\n\n<h2 class=\"wp-block-heading\"><\/h2>\n\n\n\n<div class=\"wp-block-group has-schwarz-25-background-color has-background is-layout-constrained wp-block-group-is-layout-constrained\"><div class=\"block block-teaserpages\" id=\"block_e99ed633167651de8ab0104e5ba5da37\" data-block=\"Teaser Pages\">\n  <ul class=\"block-teaserpages__list\">\n            <li class=\"block-teaserpages__item\">\n        <a class=\"accent teaserpage\" href=\"https:\/\/www.sgb-fss.ch\/fr\/downloads\/\">\n  <div class=\"teaserpage__thumbnail\">\n            <div class=\"image teaserpage__thumbnail-image\" >\n    <img decoding=\"async\"\n      loading=\"lazy\"\n      class=\"image__object lazyload\"\n      src=\"https:\/\/www.sgb-fss.ch\/content\/uploads\/2024\/01\/downloads-f-1440x0-c-default.jpg\"       data-sizes=\"auto\"\n      data-srcset=\"https:\/\/www.sgb-fss.ch\/content\/uploads\/2024\/01\/downloads-f-1000x0-c-default.jpg 1000w, https:\/\/www.sgb-fss.ch\/content\/uploads\/2024\/01\/downloads-f-700x0-c-default.jpg 700w, https:\/\/www.sgb-fss.ch\/content\/uploads\/2024\/01\/downloads-f-350x0-c-default.jpg 350w, \"\n      alt=\"\"\n      width=\"1890\"\n      height=\"1063\"\n            >\n  <\/div>\n      <\/div>\n  <h3 class=\"teaserpage__title\">Downloads<\/h3>\n  <p class=\"teaserpage__lead\">Tu trouveras ici toutes les donn\u00e9es relatives \u00e0 cette page ainsi qu&rsquo;\u00e0 tous les autres domaines \u00e0 t\u00e9l\u00e9charger.<\/p>  <\/a>\n      <\/li>\n    <\/ul>\n<\/div>\n<\/div>\n","protected":false},"excerpt":{"rendered":"<p>La F\u00e9d\u00e9ration Suisse des Sourds d\u00e9fend les int\u00e9r\u00eats des personnes sourdes et malentendantes au [&hellip;]<\/p>\n","protected":false},"author":40,"featured_media":21779,"parent":22444,"menu_order":0,"comment_status":"closed","ping_status":"closed","template":"","meta":{"_acf_changed":false,"inline_featured_image":false,"footnotes":""},"class_list":["post-20055","page","type-page","status-publish","has-post-thumbnail","hentry"],"acf":[],"yoast_head":"<!-- This site is optimized with the Yoast SEO plugin v27.4 - https:\/\/yoast.com\/product\/yoast-seo-wordpress\/ -->\n<title>Revendications politiques - SGB-FSS<\/title>\n<meta name=\"robots\" content=\"index, follow, max-snippet:-1, max-image-preview:large, max-video-preview:-1\" \/>\n<link rel=\"canonical\" href=\"https:\/\/www.sgb-fss.ch\/fr\/domaines\/travail-politique\/revendications-politiques\/\" \/>\n<meta property=\"og:locale\" content=\"fr_FR\" \/>\n<meta property=\"og:type\" content=\"article\" \/>\n<meta property=\"og:title\" content=\"Revendications politiques - SGB-FSS\" \/>\n<meta property=\"og:description\" content=\"La F\u00e9d\u00e9ration Suisse des Sourds d\u00e9fend les int\u00e9r\u00eats des personnes sourdes et malentendantes au [&hellip;]\" \/>\n<meta property=\"og:url\" content=\"https:\/\/www.sgb-fss.ch\/fr\/domaines\/travail-politique\/revendications-politiques\/\" \/>\n<meta property=\"og:site_name\" content=\"SGB-FSS\" \/>\n<meta property=\"article:modified_time\" content=\"2024-01-25T14:52:18+00:00\" \/>\n<meta property=\"og:image\" content=\"https:\/\/www.sgb-fss.ch\/content\/uploads\/2023\/07\/2206_besuch_im_bundeshaus-09046-scaled.jpg\" \/>\n\t<meta property=\"og:image:width\" content=\"2560\" \/>\n\t<meta property=\"og:image:height\" content=\"1440\" \/>\n\t<meta property=\"og:image:type\" content=\"image\/jpeg\" \/>\n<meta name=\"twitter:card\" content=\"summary_large_image\" \/>\n<meta name=\"twitter:label1\" content=\"Dur\u00e9e de lecture estim\u00e9e\" \/>\n\t<meta name=\"twitter:data1\" content=\"4 minutes\" \/>\n<script type=\"application\/ld+json\" class=\"yoast-schema-graph\">{\"@context\":\"https:\\\/\\\/schema.org\",\"@graph\":[{\"@type\":\"WebPage\",\"@id\":\"https:\\\/\\\/www.sgb-fss.ch\\\/fr\\\/domaines\\\/travail-politique\\\/revendications-politiques\\\/\",\"url\":\"https:\\\/\\\/www.sgb-fss.ch\\\/fr\\\/domaines\\\/travail-politique\\\/revendications-politiques\\\/\",\"name\":\"Revendications politiques - SGB-FSS\",\"isPartOf\":{\"@id\":\"https:\\\/\\\/www.sgb-fss.ch\\\/de\\\/#website\"},\"primaryImageOfPage\":{\"@id\":\"https:\\\/\\\/www.sgb-fss.ch\\\/fr\\\/domaines\\\/travail-politique\\\/revendications-politiques\\\/#primaryimage\"},\"image\":{\"@id\":\"https:\\\/\\\/www.sgb-fss.ch\\\/fr\\\/domaines\\\/travail-politique\\\/revendications-politiques\\\/#primaryimage\"},\"thumbnailUrl\":\"https:\\\/\\\/www.sgb-fss.ch\\\/content\\\/uploads\\\/2023\\\/07\\\/2206_besuch_im_bundeshaus-09046-scaled.jpg\",\"datePublished\":\"2023-06-23T11:17:35+00:00\",\"dateModified\":\"2024-01-25T14:52:18+00:00\",\"breadcrumb\":{\"@id\":\"https:\\\/\\\/www.sgb-fss.ch\\\/fr\\\/domaines\\\/travail-politique\\\/revendications-politiques\\\/#breadcrumb\"},\"inLanguage\":\"fr-FR\",\"potentialAction\":[{\"@type\":\"ReadAction\",\"target\":[\"https:\\\/\\\/www.sgb-fss.ch\\\/fr\\\/domaines\\\/travail-politique\\\/revendications-politiques\\\/\"]}]},{\"@type\":\"ImageObject\",\"inLanguage\":\"fr-FR\",\"@id\":\"https:\\\/\\\/www.sgb-fss.ch\\\/fr\\\/domaines\\\/travail-politique\\\/revendications-politiques\\\/#primaryimage\",\"url\":\"https:\\\/\\\/www.sgb-fss.ch\\\/content\\\/uploads\\\/2023\\\/07\\\/2206_besuch_im_bundeshaus-09046-scaled.jpg\",\"contentUrl\":\"https:\\\/\\\/www.sgb-fss.ch\\\/content\\\/uploads\\\/2023\\\/07\\\/2206_besuch_im_bundeshaus-09046-scaled.jpg\",\"width\":2560,\"height\":1440},{\"@type\":\"BreadcrumbList\",\"@id\":\"https:\\\/\\\/www.sgb-fss.ch\\\/fr\\\/domaines\\\/travail-politique\\\/revendications-politiques\\\/#breadcrumb\",\"itemListElement\":[{\"@type\":\"ListItem\",\"position\":1,\"name\":\"Home\",\"item\":\"https:\\\/\\\/www.sgb-fss.ch\\\/fr\\\/\"},{\"@type\":\"ListItem\",\"position\":2,\"name\":\"Domaines\",\"item\":\"https:\\\/\\\/www.sgb-fss.ch\\\/fr\\\/domaines\\\/\"},{\"@type\":\"ListItem\",\"position\":3,\"name\":\"Travail politique\",\"item\":\"https:\\\/\\\/www.sgb-fss.ch\\\/fr\\\/domaines\\\/travail-politique\\\/\"},{\"@type\":\"ListItem\",\"position\":4,\"name\":\"Revendications politiques\"}]},{\"@type\":\"WebSite\",\"@id\":\"https:\\\/\\\/www.sgb-fss.ch\\\/de\\\/#website\",\"url\":\"https:\\\/\\\/www.sgb-fss.ch\\\/de\\\/\",\"name\":\"SGB-FSS\",\"description\":\"\",\"potentialAction\":[{\"@type\":\"SearchAction\",\"target\":{\"@type\":\"EntryPoint\",\"urlTemplate\":\"https:\\\/\\\/www.sgb-fss.ch\\\/de\\\/?s={search_term_string}\"},\"query-input\":{\"@type\":\"PropertyValueSpecification\",\"valueRequired\":true,\"valueName\":\"search_term_string\"}}],\"inLanguage\":\"fr-FR\"}]}<\/script>\n<!-- \/ Yoast SEO plugin. -->","yoast_head_json":{"title":"Revendications politiques - SGB-FSS","robots":{"index":"index","follow":"follow","max-snippet":"max-snippet:-1","max-image-preview":"max-image-preview:large","max-video-preview":"max-video-preview:-1"},"canonical":"https:\/\/www.sgb-fss.ch\/fr\/domaines\/travail-politique\/revendications-politiques\/","og_locale":"fr_FR","og_type":"article","og_title":"Revendications politiques - SGB-FSS","og_description":"La F\u00e9d\u00e9ration Suisse des Sourds d\u00e9fend les int\u00e9r\u00eats des personnes sourdes et malentendantes au [&hellip;]","og_url":"https:\/\/www.sgb-fss.ch\/fr\/domaines\/travail-politique\/revendications-politiques\/","og_site_name":"SGB-FSS","article_modified_time":"2024-01-25T14:52:18+00:00","og_image":[{"width":2560,"height":1440,"url":"https:\/\/www.sgb-fss.ch\/content\/uploads\/2023\/07\/2206_besuch_im_bundeshaus-09046-scaled.jpg","type":"image\/jpeg"}],"twitter_card":"summary_large_image","twitter_misc":{"Dur\u00e9e de lecture estim\u00e9e":"4 minutes"},"schema":{"@context":"https:\/\/schema.org","@graph":[{"@type":"WebPage","@id":"https:\/\/www.sgb-fss.ch\/fr\/domaines\/travail-politique\/revendications-politiques\/","url":"https:\/\/www.sgb-fss.ch\/fr\/domaines\/travail-politique\/revendications-politiques\/","name":"Revendications politiques - SGB-FSS","isPartOf":{"@id":"https:\/\/www.sgb-fss.ch\/de\/#website"},"primaryImageOfPage":{"@id":"https:\/\/www.sgb-fss.ch\/fr\/domaines\/travail-politique\/revendications-politiques\/#primaryimage"},"image":{"@id":"https:\/\/www.sgb-fss.ch\/fr\/domaines\/travail-politique\/revendications-politiques\/#primaryimage"},"thumbnailUrl":"https:\/\/www.sgb-fss.ch\/content\/uploads\/2023\/07\/2206_besuch_im_bundeshaus-09046-scaled.jpg","datePublished":"2023-06-23T11:17:35+00:00","dateModified":"2024-01-25T14:52:18+00:00","breadcrumb":{"@id":"https:\/\/www.sgb-fss.ch\/fr\/domaines\/travail-politique\/revendications-politiques\/#breadcrumb"},"inLanguage":"fr-FR","potentialAction":[{"@type":"ReadAction","target":["https:\/\/www.sgb-fss.ch\/fr\/domaines\/travail-politique\/revendications-politiques\/"]}]},{"@type":"ImageObject","inLanguage":"fr-FR","@id":"https:\/\/www.sgb-fss.ch\/fr\/domaines\/travail-politique\/revendications-politiques\/#primaryimage","url":"https:\/\/www.sgb-fss.ch\/content\/uploads\/2023\/07\/2206_besuch_im_bundeshaus-09046-scaled.jpg","contentUrl":"https:\/\/www.sgb-fss.ch\/content\/uploads\/2023\/07\/2206_besuch_im_bundeshaus-09046-scaled.jpg","width":2560,"height":1440},{"@type":"BreadcrumbList","@id":"https:\/\/www.sgb-fss.ch\/fr\/domaines\/travail-politique\/revendications-politiques\/#breadcrumb","itemListElement":[{"@type":"ListItem","position":1,"name":"Home","item":"https:\/\/www.sgb-fss.ch\/fr\/"},{"@type":"ListItem","position":2,"name":"Domaines","item":"https:\/\/www.sgb-fss.ch\/fr\/domaines\/"},{"@type":"ListItem","position":3,"name":"Travail politique","item":"https:\/\/www.sgb-fss.ch\/fr\/domaines\/travail-politique\/"},{"@type":"ListItem","position":4,"name":"Revendications politiques"}]},{"@type":"WebSite","@id":"https:\/\/www.sgb-fss.ch\/de\/#website","url":"https:\/\/www.sgb-fss.ch\/de\/","name":"SGB-FSS","description":"","potentialAction":[{"@type":"SearchAction","target":{"@type":"EntryPoint","urlTemplate":"https:\/\/www.sgb-fss.ch\/de\/?s={search_term_string}"},"query-input":{"@type":"PropertyValueSpecification","valueRequired":true,"valueName":"search_term_string"}}],"inLanguage":"fr-FR"}]}},"_links":{"self":[{"href":"https:\/\/www.sgb-fss.ch\/fr\/wp-json\/wp\/v2\/pages\/20055","targetHints":{"allow":["GET"]}}],"collection":[{"href":"https:\/\/www.sgb-fss.ch\/fr\/wp-json\/wp\/v2\/pages"}],"about":[{"href":"https:\/\/www.sgb-fss.ch\/fr\/wp-json\/wp\/v2\/types\/page"}],"author":[{"embeddable":true,"href":"https:\/\/www.sgb-fss.ch\/fr\/wp-json\/wp\/v2\/users\/40"}],"replies":[{"embeddable":true,"href":"https:\/\/www.sgb-fss.ch\/fr\/wp-json\/wp\/v2\/comments?post=20055"}],"version-history":[{"count":39,"href":"https:\/\/www.sgb-fss.ch\/fr\/wp-json\/wp\/v2\/pages\/20055\/revisions"}],"predecessor-version":[{"id":31946,"href":"https:\/\/www.sgb-fss.ch\/fr\/wp-json\/wp\/v2\/pages\/20055\/revisions\/31946"}],"up":[{"embeddable":true,"href":"https:\/\/www.sgb-fss.ch\/fr\/wp-json\/wp\/v2\/pages\/22444"}],"wp:featuredmedia":[{"embeddable":true,"href":"https:\/\/www.sgb-fss.ch\/fr\/wp-json\/wp\/v2\/media\/21779"}],"wp:attachment":[{"href":"https:\/\/www.sgb-fss.ch\/fr\/wp-json\/wp\/v2\/media?parent=20055"}],"curies":[{"name":"wp","href":"https:\/\/api.w.org\/{rel}","templated":true}]}}