{"id":19934,"date":"2023-06-19T16:18:33","date_gmt":"2023-06-19T14:18:33","guid":{"rendered":"https:\/\/www.sgb-fss.ch\/?page_id=19934"},"modified":"2025-04-09T09:14:22","modified_gmt":"2025-04-09T07:14:22","slug":"actuel","status":"publish","type":"page","link":"https:\/\/www.sgb-fss.ch\/fr\/actuel\/","title":{"rendered":"Actuel"},"content":{"rendered":"\n<div class=\"wp-block-group has-sgb-fss-rot-50-background-color has-background is-layout-flow wp-block-group-is-layout-flow\">\n<h1 class=\"wp-block-heading\">Actuel<\/h1>\n\n\n\n<p class=\"is-style-lead\">Ici, nous vous tenons au courant de l&rsquo;actualit\u00e9! Les derni\u00e8res nouvelles de la politique et de l&rsquo;\u00e9conomie ainsi que des reportages passionnants sur le th\u00e8me de la surdit\u00e9 et de la culture ainsi que des renseignements importants qui enrichissent votre quotidien.<\/p>\n<\/div>\n\n\n<div class=\"block block-teaserpages\" id=\"block_11fbd5a1d4e370c70911a2e7cb90cd2e\" data-block=\"Teaser Pages\">\n  <ul class=\"block-teaserpages__list\">\n            <li class=\"block-teaserpages__item\">\n        <a class=\"accent teaserpage\" href=\"https:\/\/www.sgb-fss.ch\/fr\/actuel\/news\/\">\n  <div class=\"teaserpage__thumbnail\">\n            <div class=\"image teaserpage__thumbnail-image\" >\n    <img decoding=\"async\"\n      loading=\"lazy\"\n      class=\"image__object lazyload\"\n      src=\"https:\/\/www.sgb-fss.ch\/content\/uploads\/2023\/05\/bild-aktuell-1440x0-c-default.png\"       data-sizes=\"auto\"\n      data-srcset=\"https:\/\/www.sgb-fss.ch\/content\/uploads\/2023\/05\/bild-aktuell-1000x0-c-default.png 1000w, https:\/\/www.sgb-fss.ch\/content\/uploads\/2023\/05\/bild-aktuell-700x0-c-default.png 700w, https:\/\/www.sgb-fss.ch\/content\/uploads\/2023\/05\/bild-aktuell-350x0-c-default.png 350w, \"\n      alt=\"\"\n      width=\"1050\"\n      height=\"591\"\n            >\n  <\/div>\n      <\/div>\n  <h3 class=\"teaserpage__title\">News<\/h3>\n  <p class=\"teaserpage__lead\">Vous trouverez ici les derni\u00e8res nouvelles, des rapports passionnants, des informations pertinentes pour la vie quotidienne et bien plus encore.<\/p>  <\/a>\n      <\/li>\n            <li class=\"block-teaserpages__item\">\n        <a class=\"accent teaserpage\" href=\"https:\/\/www.sgb-fss.ch\/fr\/actuel\/medias\/\">\n  <div class=\"teaserpage__thumbnail\">\n            <div class=\"image teaserpage__thumbnail-image\" >\n    <img decoding=\"async\"\n      loading=\"lazy\"\n      class=\"image__object lazyload\"\n      src=\"https:\/\/www.sgb-fss.ch\/content\/uploads\/2021\/04\/medien-scaled-1440x0-c-default.jpg\"       data-sizes=\"auto\"\n      data-srcset=\"https:\/\/www.sgb-fss.ch\/content\/uploads\/2021\/04\/medien-scaled-1000x0-c-default.jpg 1000w, https:\/\/www.sgb-fss.ch\/content\/uploads\/2021\/04\/medien-scaled-700x0-c-default.jpg 700w, https:\/\/www.sgb-fss.ch\/content\/uploads\/2021\/04\/medien-scaled-350x0-c-default.jpg 350w, \"\n      alt=\"\"\n      width=\"2560\"\n      height=\"1707\"\n            >\n  <\/div>\n      <\/div>\n  <h3 class=\"teaserpage__title\">Informations pour les professionnels des m\u00e9dias<\/h3>\n  <p class=\"teaserpage__lead\">La F\u00e9d\u00e9ration Suisse des Sourds informe et fait bouger les choses. Vous trouverez ici tout ce qui concerne les th\u00e8mes actuels ainsi que des interlocuteurs comp\u00e9tents pour r\u00e9pondre \u00e0 vos questions.<\/p>  <\/a>\n      <\/li>\n            <li class=\"block-teaserpages__item\">\n        <a class=\"accent teaserpage\" href=\"https:\/\/www.sgb-fss.ch\/fr\/actuel\/evenements\/\">\n  <div class=\"teaserpage__thumbnail\">\n            <div class=\"image teaserpage__thumbnail-image\" >\n    <img decoding=\"async\"\n      loading=\"lazy\"\n      class=\"image__object lazyload\"\n      src=\"https:\/\/www.sgb-fss.ch\/content\/uploads\/2025\/02\/bhp-2169-scaled-1440x0-c-default.jpg\"       data-sizes=\"auto\"\n      data-srcset=\"https:\/\/www.sgb-fss.ch\/content\/uploads\/2025\/02\/bhp-2169-scaled-1000x0-c-default.jpg 1000w, https:\/\/www.sgb-fss.ch\/content\/uploads\/2025\/02\/bhp-2169-scaled-700x0-c-default.jpg 700w, https:\/\/www.sgb-fss.ch\/content\/uploads\/2025\/02\/bhp-2169-scaled-350x0-c-default.jpg 350w, \"\n      alt=\"Applaus an einer inklusiven Veranstaltung\"\n      width=\"2560\"\n      height=\"1707\"\n            >\n  <\/div>\n      <\/div>\n  <h3 class=\"teaserpage__title\">\u00c9v\u00e9nements<\/h3>\n  <p class=\"teaserpage__lead\">Nous organisons r\u00e9guli\u00e8rement des manifestations pour les familles avec des enfants sourds, les personnes int\u00e9ress\u00e9es par la politique, les personnes int\u00e9ress\u00e9es par la langue des signes ainsi que pour la F\u00e9d\u00e9ration Suisse des Sourds. Toutes les informations \u00e0 ce sujet se trouvent ici.<\/p>  <\/a>\n      <\/li>\n            <li class=\"block-teaserpages__item\">\n        <a class=\"accent teaserpage\" href=\"https:\/\/www.sgb-fss.ch\/fr\/actuel\/ecoutez-magazine\/\">\n  <div class=\"teaserpage__thumbnail\">\n            <div class=\"image teaserpage__thumbnail-image\" >\n    <img decoding=\"async\"\n      loading=\"lazy\"\n      class=\"image__object lazyload\"\n      src=\"https:\/\/www.sgb-fss.ch\/content\/uploads\/2025\/01\/ganzohr-f-scaled-1440x0-c-default.jpg\"       data-sizes=\"auto\"\n      data-srcset=\"https:\/\/www.sgb-fss.ch\/content\/uploads\/2025\/01\/ganzohr-f-scaled-1000x0-c-default.jpg 1000w, https:\/\/www.sgb-fss.ch\/content\/uploads\/2025\/01\/ganzohr-f-scaled-700x0-c-default.jpg 700w, https:\/\/www.sgb-fss.ch\/content\/uploads\/2025\/01\/ganzohr-f-scaled-350x0-c-default.jpg 350w, \"\n      alt=\"\"\n      width=\"2560\"\n      height=\"1440\"\n            >\n  <\/div>\n      <\/div>\n  <h3 class=\"teaserpage__title\">Magazine \u00e9coutez<\/h3>\n  <p class=\"teaserpage__lead\">Notre magazine des donateurs informe 4 fois par an sur les projets de la F\u00e9d\u00e9ration Suisse des Sourds et comment vos dons soutiennent les personnes sourdes dans leur vie quotidienne, leur travail et leur formation. Vous trouverez les \u00e9ditions actuelles ici. Nous vous souhaitons beaucoup de plaisir \u00e0 la lecture.<\/p>  <\/a>\n      <\/li>\n            <li class=\"block-teaserpages__item\">\n        <a class=\"accent teaserpage\" href=\"https:\/\/www.sgb-fss.ch\/fr\/actuel\/newsletter\/\">\n  <div class=\"teaserpage__thumbnail\">\n            <div class=\"image teaserpage__thumbnail-image\" >\n    <img decoding=\"async\"\n      loading=\"lazy\"\n      class=\"image__object lazyload\"\n      src=\"https:\/\/www.sgb-fss.ch\/content\/uploads\/2023\/09\/newsletter-2-1440x0-c-default.jpg\"       data-sizes=\"auto\"\n      data-srcset=\"https:\/\/www.sgb-fss.ch\/content\/uploads\/2023\/09\/newsletter-2-1000x0-c-default.jpg 1000w, https:\/\/www.sgb-fss.ch\/content\/uploads\/2023\/09\/newsletter-2-700x0-c-default.jpg 700w, https:\/\/www.sgb-fss.ch\/content\/uploads\/2023\/09\/newsletter-2-350x0-c-default.jpg 350w, \"\n      alt=\"\"\n      width=\"502\"\n      height=\"279\"\n            >\n  <\/div>\n      <\/div>\n  <h3 class=\"teaserpage__title\">Newsletter<\/h3>\n  <p class=\"teaserpage__lead\">Inscrivez-vous maintenant \u00e0 notre newsletter pour recevoir les derni\u00e8res nouvelles de la F\u00e9d\u00e9ration Suisse des Sourds dans votre bo\u00eete mail.<\/p>  <\/a>\n      <\/li>\n    <\/ul>\n<\/div>\n","protected":false},"excerpt":{"rendered":"<p>Actuel Ici, nous vous tenons au courant de l&rsquo;actualit\u00e9! Les derni\u00e8res nouvelles de la [&hellip;]<\/p>\n","protected":false},"author":8,"featured_media":0,"parent":0,"menu_order":0,"comment_status":"closed","ping_status":"closed","template":"front-page.php","meta":{"_acf_changed":false,"inline_featured_image":false,"footnotes":""},"class_list":["post-19934","page","type-page","status-publish","hentry"],"acf":[],"yoast_head":"<!-- This site is optimized with the Yoast SEO plugin v27.4 - https:\/\/yoast.com\/product\/yoast-seo-wordpress\/ -->\n<title>Actuel - SGB-FSS<\/title>\n<meta name=\"robots\" content=\"index, follow, max-snippet:-1, max-image-preview:large, max-video-preview:-1\" \/>\n<link rel=\"canonical\" href=\"https:\/\/www.sgb-fss.ch\/fr\/actuel\/\" \/>\n<meta property=\"og:locale\" content=\"fr_FR\" \/>\n<meta property=\"og:type\" content=\"article\" \/>\n<meta property=\"og:title\" content=\"Actuel - SGB-FSS\" \/>\n<meta property=\"og:description\" content=\"Actuel Ici, nous vous tenons au courant de l&rsquo;actualit\u00e9! Les derni\u00e8res nouvelles de la [&hellip;]\" \/>\n<meta property=\"og:url\" content=\"https:\/\/www.sgb-fss.ch\/fr\/actuel\/\" \/>\n<meta property=\"og:site_name\" content=\"SGB-FSS\" \/>\n<meta property=\"article:modified_time\" content=\"2025-04-09T07:14:22+00:00\" \/>\n<meta name=\"twitter:card\" content=\"summary_large_image\" \/>\n<meta name=\"twitter:label1\" content=\"Dur\u00e9e de lecture estim\u00e9e\" \/>\n\t<meta name=\"twitter:data1\" content=\"1 minute\" \/>\n<script type=\"application\/ld+json\" class=\"yoast-schema-graph\">{\"@context\":\"https:\\\/\\\/schema.org\",\"@graph\":[{\"@type\":\"WebPage\",\"@id\":\"https:\\\/\\\/www.sgb-fss.ch\\\/fr\\\/actuel\\\/\",\"url\":\"https:\\\/\\\/www.sgb-fss.ch\\\/fr\\\/actuel\\\/\",\"name\":\"Actuel - SGB-FSS\",\"isPartOf\":{\"@id\":\"https:\\\/\\\/www.sgb-fss.ch\\\/de\\\/#website\"},\"datePublished\":\"2023-06-19T14:18:33+00:00\",\"dateModified\":\"2025-04-09T07:14:22+00:00\",\"breadcrumb\":{\"@id\":\"https:\\\/\\\/www.sgb-fss.ch\\\/fr\\\/actuel\\\/#breadcrumb\"},\"inLanguage\":\"fr-FR\",\"potentialAction\":[{\"@type\":\"ReadAction\",\"target\":[\"https:\\\/\\\/www.sgb-fss.ch\\\/fr\\\/actuel\\\/\"]}]},{\"@type\":\"BreadcrumbList\",\"@id\":\"https:\\\/\\\/www.sgb-fss.ch\\\/fr\\\/actuel\\\/#breadcrumb\",\"itemListElement\":[{\"@type\":\"ListItem\",\"position\":1,\"name\":\"Home\",\"item\":\"https:\\\/\\\/www.sgb-fss.ch\\\/fr\\\/\"},{\"@type\":\"ListItem\",\"position\":2,\"name\":\"Actuel\"}]},{\"@type\":\"WebSite\",\"@id\":\"https:\\\/\\\/www.sgb-fss.ch\\\/de\\\/#website\",\"url\":\"https:\\\/\\\/www.sgb-fss.ch\\\/de\\\/\",\"name\":\"SGB-FSS\",\"description\":\"\",\"potentialAction\":[{\"@type\":\"SearchAction\",\"target\":{\"@type\":\"EntryPoint\",\"urlTemplate\":\"https:\\\/\\\/www.sgb-fss.ch\\\/de\\\/?s={search_term_string}\"},\"query-input\":{\"@type\":\"PropertyValueSpecification\",\"valueRequired\":true,\"valueName\":\"search_term_string\"}}],\"inLanguage\":\"fr-FR\"}]}<\/script>\n<!-- \/ Yoast SEO plugin. -->","yoast_head_json":{"title":"Actuel - SGB-FSS","robots":{"index":"index","follow":"follow","max-snippet":"max-snippet:-1","max-image-preview":"max-image-preview:large","max-video-preview":"max-video-preview:-1"},"canonical":"https:\/\/www.sgb-fss.ch\/fr\/actuel\/","og_locale":"fr_FR","og_type":"article","og_title":"Actuel - SGB-FSS","og_description":"Actuel Ici, nous vous tenons au courant de l&rsquo;actualit\u00e9! Les derni\u00e8res nouvelles de la [&hellip;]","og_url":"https:\/\/www.sgb-fss.ch\/fr\/actuel\/","og_site_name":"SGB-FSS","article_modified_time":"2025-04-09T07:14:22+00:00","twitter_card":"summary_large_image","twitter_misc":{"Dur\u00e9e de lecture estim\u00e9e":"1 minute"},"schema":{"@context":"https:\/\/schema.org","@graph":[{"@type":"WebPage","@id":"https:\/\/www.sgb-fss.ch\/fr\/actuel\/","url":"https:\/\/www.sgb-fss.ch\/fr\/actuel\/","name":"Actuel - SGB-FSS","isPartOf":{"@id":"https:\/\/www.sgb-fss.ch\/de\/#website"},"datePublished":"2023-06-19T14:18:33+00:00","dateModified":"2025-04-09T07:14:22+00:00","breadcrumb":{"@id":"https:\/\/www.sgb-fss.ch\/fr\/actuel\/#breadcrumb"},"inLanguage":"fr-FR","potentialAction":[{"@type":"ReadAction","target":["https:\/\/www.sgb-fss.ch\/fr\/actuel\/"]}]},{"@type":"BreadcrumbList","@id":"https:\/\/www.sgb-fss.ch\/fr\/actuel\/#breadcrumb","itemListElement":[{"@type":"ListItem","position":1,"name":"Home","item":"https:\/\/www.sgb-fss.ch\/fr\/"},{"@type":"ListItem","position":2,"name":"Actuel"}]},{"@type":"WebSite","@id":"https:\/\/www.sgb-fss.ch\/de\/#website","url":"https:\/\/www.sgb-fss.ch\/de\/","name":"SGB-FSS","description":"","potentialAction":[{"@type":"SearchAction","target":{"@type":"EntryPoint","urlTemplate":"https:\/\/www.sgb-fss.ch\/de\/?s={search_term_string}"},"query-input":{"@type":"PropertyValueSpecification","valueRequired":true,"valueName":"search_term_string"}}],"inLanguage":"fr-FR"}]}},"_links":{"self":[{"href":"https:\/\/www.sgb-fss.ch\/fr\/wp-json\/wp\/v2\/pages\/19934","targetHints":{"allow":["GET"]}}],"collection":[{"href":"https:\/\/www.sgb-fss.ch\/fr\/wp-json\/wp\/v2\/pages"}],"about":[{"href":"https:\/\/www.sgb-fss.ch\/fr\/wp-json\/wp\/v2\/types\/page"}],"author":[{"embeddable":true,"href":"https:\/\/www.sgb-fss.ch\/fr\/wp-json\/wp\/v2\/users\/8"}],"replies":[{"embeddable":true,"href":"https:\/\/www.sgb-fss.ch\/fr\/wp-json\/wp\/v2\/comments?post=19934"}],"version-history":[{"count":23,"href":"https:\/\/www.sgb-fss.ch\/fr\/wp-json\/wp\/v2\/pages\/19934\/revisions"}],"predecessor-version":[{"id":38040,"href":"https:\/\/www.sgb-fss.ch\/fr\/wp-json\/wp\/v2\/pages\/19934\/revisions\/38040"}],"wp:attachment":[{"href":"https:\/\/www.sgb-fss.ch\/fr\/wp-json\/wp\/v2\/media?parent=19934"}],"curies":[{"name":"wp","href":"https:\/\/api.w.org\/{rel}","templated":true}]}}