{"id":19927,"date":"2023-06-19T15:58:57","date_gmt":"2023-06-19T13:58:57","guid":{"rendered":"https:\/\/www.sgb-fss.ch\/?page_id=19927"},"modified":"2025-04-14T13:51:40","modified_gmt":"2025-04-14T11:51:40","slug":"jobs","status":"publish","type":"page","link":"https:\/\/www.sgb-fss.ch\/fr\/jobs\/","title":{"rendered":"Jobs"},"content":{"rendered":"\n<p class=\"is-style-lead\">Notre m\u00e9thode de travail se caract\u00e9rise par une marge de man\u0153uvre et une responsabilit\u00e9 personnelle. Nous travaillons de mani\u00e8re agile et sommes organis\u00e9s de mani\u00e8re holacratique. L&rsquo;holacratie offre \u00e0 chacun la possibilit\u00e9 d&rsquo;agir et de d\u00e9cider en toute responsabilit\u00e9 dans son domaine d&rsquo;activit\u00e9.<\/p>\n\n\n\n<p><strong>Ton engagement pour les personnes sourdes et malentendantes &#8230; <\/strong><br>&#8230; c&rsquo;est s&rsquo;engager activement pour l&rsquo;\u00e9galit\u00e9 des chances et des droits des personnes sourdes ou malentendantes. Nous sommes une cinquantaine de <a href=\"https:\/\/www.sgb-fss.ch\/fr\/federation\/collaborateurs\/\">collaborateurs<\/a>, r\u00e9partis entre la Suisse al\u00e9manique, la Suisse romande et la Suisse italienne, qui s&rsquo;engagent en tant que sp\u00e9cialistes dans diff\u00e9rents domaines.<\/p>\n\n\n\n<p><strong>Nous recherchons des personnes &#8230;<\/strong> <br>&#8230; qui s&rsquo;identifient \u00e0 notre vision et \u00e0 notre mission, qui partagent nos <a href=\"https:\/\/www.sgb-fss.ch\/fr\/jobs\/#valeurs\">valeurs<\/a> et qui veulent jouer un r\u00f4le central dans une entreprise agile et auto-organis\u00e9e.<\/p>\n\n\n\n<p><strong>Chez nous, nous travaillons &#8230;<\/strong> <br>&#8230; avec des professionnels orient\u00e9s strat\u00e9giques, des communicateurs et des sp\u00e9cialistes marketing, mais aussi avec des juristes, des experts politiques, des responsables de la mise en \u0153uvre locale et des professionnels passionn\u00e9s par les chiffres.<\/p>\n\n\n\n<div class=\"wp-block-columns is-layout-flex wp-container-core-columns-is-layout-9d6595d7 wp-block-columns-is-layout-flex\">\n<div class=\"wp-block-column is-layout-flow wp-block-column-is-layout-flow\" style=\"flex-basis:100%\">\n<div class=\"wp-block-group has-pflaume-10-background-color has-background is-layout-constrained wp-block-group-is-layout-constrained\">\n<h3 class=\"wp-block-heading\"><strong>Nous te proposons &#8230;<\/strong><\/h3>\n\n\n\n<p>&#8230; des t\u00e2ches sens\u00e9es et une grande marge de man\u0153uvre et une responsabilit\u00e9 personnelle <\/p>\n\n\n\n<p>&#8230; une hi\u00e9rarchie horizontale dans une \u00e9quipe diversifi\u00e9e compos\u00e9e de personnes sourdes et entendantes<\/p>\n\n\n\n<p>&#8230; une communication dans six diff\u00e9rentes langues (allemand, fran\u00e7ais, italien et langues des signes al\u00e9manique, fran\u00e7aise et italienne)<\/p>\n\n\n\n<p>&#8230; diverses possibilit\u00e9s et soutien pour l&rsquo;apprentissage de la langue des signes<\/p>\n\n\n\n<p>&#8230; promotion et soutien financier et temporel des formations professionnelles continues<\/p>\n\n\n\n<p>&#8230; des formes de travail flexibles et vari\u00e9es (travail \u00e0 temps partiel, horaires flexibles, possibilit\u00e9s de travail \u00e0 domicile pour la moiti\u00e9 de ton temps de travail)<\/p>\n\n\n\n<p>&#8230; 5 semaines de vacances<\/p>\n\n\n\n<p>\u2026 des avantages sociaux sup\u00e9rieurs \u00e0 la moyenne : Prise en charge de la prime d&rsquo;assurance contre les accidents non professionnels et des indemnit\u00e9s journali\u00e8res de maladie ;<br>Caisse de pension sans d\u00e9duction de coordination<\/p>\n\n\n\n<p>&#8230; une participation \u00e0 l&rsquo;abonnement demi-tarif<\/p>\n\n\n\n<p>&#8230; des lieux de travail centraux \u00e0 Zurich, Lausanne et Lugano<\/p>\n<\/div>\n<\/div>\n<\/div>\n\n\n\n<div class=\"wp-block-group has-sgb-fss-rot-15-background-color has-background is-layout-flow wp-block-group-is-layout-flow\">\n<p class=\"has-text-align-center is-style-lead has-sgb-fss-rot-color has-text-color\"><strong><strong>Vous trouverez nos offres d&#8217;emploi ici<\/strong><\/strong><\/p>\n\n\n<div class=\"block block-teaserposts\" id=\"block_ae6d0ab709a8062dc8c68fb0542c1a1a\" data-block=\"Teaser Posts\">\n  <h2 class=\"visuallyhidden\">Posts<\/h2>\n            <ul class=\"block-teaserposts__list\">\n                            <li class=\"block-teaserposts__item is-text\">\n          <a class=\"teaserpost accent__red is-text\" href=\"https:\/\/www.sgb-fss.ch\/fr\/aktuell\/co-directeur-directrice-organisation-holacratique-a-70-80\/\">\n    <div class=\"teaserpost__text\">\n        <h3 class=\"teaserpost__title\">\n      <span class=\"teaserpost__prefix\"><span class=\"visuallyhidden\">Cat\u00e9gories <\/span>Jobs, News<\/span>\n      <span>Co-directeur\/directrice (organisation holacratique) \u00e0 70-80 %<\/span>\n    <\/h3>\n    <p class=\"teaserpost__lead\">Nous cherchons un successeur pour le 1er septembre 2026 ou \u00e0 convenir, suite&hellip;<\/p>\n          <p aria-hidden=\"true\">\n        <span class=\"teaserpost__more\">Lire la suite<\/span>\n      <\/p>\n      <\/div>\n<\/a>\n      <\/li>\n      <\/ul>\n<\/div>\n<\/div>\n\n\n\n<h2 class=\"wp-block-heading\"><\/h2>\n\n\n\n<div class=\"wp-block-group has-indigo-10-background-color has-background is-layout-flow wp-block-group-is-layout-flow\">\n<p class=\"is-style-lead\"><strong>Nous orientons nos actions selon les valeurs suivantes<\/strong><\/p>\n\n\n\n<div class=\"wp-block-group is-layout-constrained wp-block-group-is-layout-constrained\">\n<div class=\"wp-block-columns alignwide is-layout-flex wp-container-core-columns-is-layout-9d6595d7 wp-block-columns-is-layout-flex\">\n<div class=\"wp-block-column is-layout-flow wp-block-column-is-layout-flow\">\n<div class=\"wp-block-group is-vertical is-layout-flex wp-container-core-group-is-layout-8cf370e7 wp-block-group-is-layout-flex\">\n<figure class=\"wp-block-image size-large is-resized\"><img loading=\"lazy\" decoding=\"async\" width=\"40\" height=\"40\" src=\"https:\/\/www.sgb-fss.ch\/content\/uploads\/\/2021\/05\/herausfordernd.svg\" alt=\"\" class=\"wp-image-5402\" style=\"width:76px;height:76px\"\/><\/figure>\n\n\n\n<p><strong>Stimulants<\/strong><br>Anim\u00e9s par l&rsquo;envie de changer, nous sommes cr\u00e9atifs, ambitieux et visionnaires. Nous savons aussi nous montrer combatifs et interpeller nos groupes d&rsquo;int\u00e9r\u00eats et nous-m\u00eames.<\/p>\n<\/div>\n<\/div>\n\n\n\n<div class=\"wp-block-column is-layout-flow wp-block-column-is-layout-flow\">\n<div class=\"wp-block-group is-vertical is-layout-flex wp-container-core-group-is-layout-8cf370e7 wp-block-group-is-layout-flex\">\n<figure class=\"wp-block-image size-large is-resized\"><img loading=\"lazy\" decoding=\"async\" width=\"40\" height=\"40\" src=\"https:\/\/www.sgb-fss.ch\/content\/uploads\/\/2021\/05\/sensibilisierung-1.svg\" alt=\"\" class=\"wp-image-5405\" style=\"width:79px;height:79px\"\/><\/figure>\n\n\n\n<p><strong>Attrayants<\/strong><br>Port\u00e9s par un esprit ouvert, cosmopolite et communicatif, nous sommes dynamiques, fascinants, comp\u00e9tents et stimulants. Nous s\u00e9duisons par notre caract\u00e8re sympathique.<\/p>\n<\/div>\n<\/div>\n\n\n\n<div class=\"wp-block-column is-layout-flow wp-block-column-is-layout-flow\">\n<div class=\"wp-block-group is-vertical is-layout-flex wp-container-core-group-is-layout-8cf370e7 wp-block-group-is-layout-flex\">\n<figure class=\"wp-block-image size-large is-resized\"><img loading=\"lazy\" decoding=\"async\" width=\"40\" height=\"40\" src=\"https:\/\/www.sgb-fss.ch\/content\/uploads\/\/2021\/05\/verbindlich-1.svg\" alt=\"\" class=\"wp-image-5411\" style=\"width:84px;height:84px\"\/><\/figure>\n\n\n\n<p><strong>Fiables<br><\/strong>Notre communication est directe, sans ambigu\u00eft\u00e9 et claire. Nous \u0153uvrons \u00e0 la poursuite de nos objectifs de mani\u00e8re pertinente et instructive et contribuons ainsi \u00e0 un climat de confiance avec nos partenaires.<\/p>\n<\/div>\n<\/div>\n\n\n\n<div class=\"wp-block-column is-layout-flow wp-block-column-is-layout-flow\">\n<div class=\"wp-block-group is-vertical is-layout-flex wp-container-core-group-is-layout-8cf370e7 wp-block-group-is-layout-flex\">\n<figure class=\"wp-block-image size-large is-resized\"><img loading=\"lazy\" decoding=\"async\" width=\"40\" height=\"40\" src=\"https:\/\/www.sgb-fss.ch\/content\/uploads\/\/2021\/05\/solidarisch.svg\" alt=\"\" class=\"wp-image-5408\" style=\"width:67px;height:67px\"\/><\/figure>\n\n\n\n<p><strong>Solidaires<\/strong><br>Nous misons sur les points communs. A nos yeux, la diff\u00e9rence est une force et l&rsquo;estime mutuelle la base de la collaboration.<\/p>\n<\/div>\n<\/div>\n<\/div>\n<\/div>\n<\/div>\n\n\n\n<p><a id=\"_msocom_1\"><\/a><\/p>\n\n\n<div class=\"block block-teasercontacts block-teasercontacts--boxed\" id=\"block_33e0c906a5dae0c8a9970aa2574c315a\" data-block=\"Teaser Contacts\">\n    <div class=\"block-teasercontacts__header\"><p class=\"block-teasercontacts__title\">Des questions sur le travail \u00e0 la F\u00e9d\u00e9ration Suisse des Sourds? N&rsquo;h\u00e9sitez pas \u00e0 me contacter.<\/p><\/div>    <div class=\"block-teasercontacts__list\">\n                                        <div class=\"block-teasercontacts__item\">\n                <div class=\"block-teasercontacts__link\">\n                    <div class=\"block-teasercontacts__media\">\n                        <div class=\"block-teasercontacts__thumbnail accent__darkblue has-background-accent\">\n                                                              <div class=\"image block-teasercontacts__thumbnail-image\" >\n    <img decoding=\"async\"\n      loading=\"lazy\"\n      class=\"image__object lazyload\"\n      src=\"https:\/\/www.sgb-fss.ch\/content\/uploads\/2021\/06\/susanne-berchtold-1440x0-c-default.jpg\"       data-sizes=\"auto\"\n      data-srcset=\"https:\/\/www.sgb-fss.ch\/content\/uploads\/2021\/06\/susanne-berchtold-200x0-c-default.jpg 200w, https:\/\/www.sgb-fss.ch\/content\/uploads\/2021\/06\/susanne-berchtold-100x0-c-default.jpg 100w, \"\n      alt=\"\"\n      width=\"567\"\n      height=\"567\"\n            >\n  <\/div>\n                                                    <\/div>\n                    <\/div>\n                    <div class=\"block-teasercontacts__text\">\n                        <p class=\"block-teasercontacts__name\"><strong><a href=\"https:\/\/www.sgb-fss.ch\/fr\/team\/susanne-berchtold\/\">Susanne Berchtold<\/a><\/strong><\/p>\n                        <p class=\"block-teasercontacts__lead\">People &#038; Culture<\/p>                    <\/div>\n                    <div class=\"block-teasercontacts__contacts\">\n                                                    <p>\n                                                                <a class=\"wp-block-button is-style-transparent\" href=\"mailto:s.berchtold@sgb-fss.ch\"><span class=\"wp-block-button__link\"><i class=\"icon icon--mail\"><svg data-name=\"Ebene 1\" xmlns=\"http:\/\/www.w3.org\/2000\/svg\" viewBox=\"0 0 24 24\"><path d=\"M20.76 2.31H3.24A3.12 3.12 0 0 0 .12 5.43v13.14a3.12 3.12 0 0 0 3.12 3.12h17.52a3.12 3.12 0 0 0 3.12-3.12V5.43a3.12 3.12 0 0 0-3.12-3.12zM2.09 5a1.27 1.27 0 0 1 1.15-.78h17.52a1.24 1.24 0 0 1 1.11.74l.05.09-.09.06L12 12l-.07-.05-9.87-6.9zM22 18.57a1.26 1.26 0 0 1-1.26 1.27H3.24A1.27 1.27 0 0 1 2 18.57V7.21l9.5 6.69a.89.89 0 0 0 1 0L22 7.25z\"\/><\/svg><\/i><span class=\"wp-block-button__label\">s.berchtold@sgb-fss.ch<\/span><\/span><\/a>                                                            <\/p>\n                                            <\/div>\n                <\/div>\n            <\/div>\n                                                <div class=\"block-teasercontacts__item\">\n                <div class=\"block-teasercontacts__link\">\n                    <div class=\"block-teasercontacts__media\">\n                        <div class=\"block-teasercontacts__thumbnail accent__violet has-background-accent\">\n                                                              <div class=\"image block-teasercontacts__thumbnail-image\" >\n    <img decoding=\"async\"\n      loading=\"lazy\"\n      class=\"image__object lazyload\"\n      src=\"https:\/\/www.sgb-fss.ch\/content\/uploads\/2021\/06\/gabriela-conigliaro-1440x0-c-default.jpg\"       data-sizes=\"auto\"\n      data-srcset=\"https:\/\/www.sgb-fss.ch\/content\/uploads\/2021\/06\/gabriela-conigliaro-200x0-c-default.jpg 200w, https:\/\/www.sgb-fss.ch\/content\/uploads\/2021\/06\/gabriela-conigliaro-100x0-c-default.jpg 100w, \"\n      alt=\"\"\n      width=\"567\"\n      height=\"567\"\n            >\n  <\/div>\n                                                    <\/div>\n                    <\/div>\n                    <div class=\"block-teasercontacts__text\">\n                        <p class=\"block-teasercontacts__name\"><strong><a href=\"https:\/\/www.sgb-fss.ch\/fr\/team\/gabriela-conigliaro\/\">Gabriela Conigliaro-Camelin<\/a><\/strong><\/p>\n                        <p class=\"block-teasercontacts__lead\">People &#038; Culture<\/p>                    <\/div>\n                    <div class=\"block-teasercontacts__contacts\">\n                                                    <p>\n                                                                <a class=\"wp-block-button is-style-transparent\" href=\"mailto:g.conigliaro@sgb-fss.ch\"><span class=\"wp-block-button__link\"><i class=\"icon icon--mail\"><svg data-name=\"Ebene 1\" xmlns=\"http:\/\/www.w3.org\/2000\/svg\" viewBox=\"0 0 24 24\"><path d=\"M20.76 2.31H3.24A3.12 3.12 0 0 0 .12 5.43v13.14a3.12 3.12 0 0 0 3.12 3.12h17.52a3.12 3.12 0 0 0 3.12-3.12V5.43a3.12 3.12 0 0 0-3.12-3.12zM2.09 5a1.27 1.27 0 0 1 1.15-.78h17.52a1.24 1.24 0 0 1 1.11.74l.05.09-.09.06L12 12l-.07-.05-9.87-6.9zM22 18.57a1.26 1.26 0 0 1-1.26 1.27H3.24A1.27 1.27 0 0 1 2 18.57V7.21l9.5 6.69a.89.89 0 0 0 1 0L22 7.25z\"\/><\/svg><\/i><span class=\"wp-block-button__label\">g.conigliaro@sgb-fss.ch<\/span><\/span><\/a>                                                            <\/p>\n                                            <\/div>\n                <\/div>\n            <\/div>\n                    <\/div>\n<\/div>\n\n\n\n<h2 class=\"wp-block-heading\"><\/h2>\n\n\n\n<div class=\"wp-block-group has-schwarz-25-background-color has-background is-layout-constrained wp-block-group-is-layout-constrained\"><div class=\"block block-teaserpages\" id=\"block_feb3cdd02a4dbfd584811c8426c68b50\" data-block=\"Teaser Pages\">\n  <ul class=\"block-teaserpages__list\">\n            <li class=\"block-teaserpages__item\">\n        <a class=\"accent teaserpage\" href=\"https:\/\/www.sgb-fss.ch\/fr\/federation\/\">\n  <div class=\"teaserpage__thumbnail\">\n            <div class=\"image teaserpage__thumbnail-image\" >\n    <img decoding=\"async\"\n      loading=\"lazy\"\n      class=\"image__object lazyload\"\n      src=\"https:\/\/www.sgb-fss.ch\/content\/uploads\/bhp-2100-scaled-1440x0-c-default.jpg\"       data-sizes=\"auto\"\n      data-srcset=\"https:\/\/www.sgb-fss.ch\/content\/uploads\/bhp-2100-scaled-1000x0-c-default.jpg 1000w, https:\/\/www.sgb-fss.ch\/content\/uploads\/bhp-2100-scaled-700x0-c-default.jpg 700w, https:\/\/www.sgb-fss.ch\/content\/uploads\/bhp-2100-scaled-350x0-c-default.jpg 350w, \"\n      alt=\"Abstimmung mit Stimmkarten an der Delegiertenversammlung\"\n      width=\"2560\"\n      height=\"1707\"\n            >\n  <\/div>\n      <\/div>\n  <h3 class=\"teaserpage__title\">F\u00e9d\u00e9ration<\/h3>\n  <p class=\"teaserpage__lead\">La F\u00e9d\u00e9ration Suisse des Sourds est une organisation fa\u00eeti\u00e8re nationale d\u2019utilit\u00e9 publique. Depuis notre fondation en 1946, nous nous engageons pour l\u2019\u00e9galit\u00e9 et les int\u00e9r\u00eats des personnes sourdes ou malentendantes.<\/p>  <\/a>\n      <\/li>\n            <li class=\"block-teaserpages__item\">\n        <a class=\"accent teaserpage\" href=\"https:\/\/www.sgb-fss.ch\/fr\/federation\/collaborateurs\/\">\n  <div class=\"teaserpage__thumbnail\">\n            <div class=\"image teaserpage__thumbnail-image\" >\n    <img decoding=\"async\"\n      loading=\"lazy\"\n      class=\"image__object lazyload\"\n      src=\"https:\/\/www.sgb-fss.ch\/content\/uploads\/2021\/07\/teams-bild-webseite-1440x0-c-default.jpg\"       data-sizes=\"auto\"\n      data-srcset=\"https:\/\/www.sgb-fss.ch\/content\/uploads\/2021\/07\/teams-bild-webseite-1000x0-c-default.jpg 1000w, https:\/\/www.sgb-fss.ch\/content\/uploads\/2021\/07\/teams-bild-webseite-700x0-c-default.jpg 700w, https:\/\/www.sgb-fss.ch\/content\/uploads\/2021\/07\/teams-bild-webseite-350x0-c-default.jpg 350w, \"\n      alt=\"\"\n      width=\"1327\"\n      height=\"747\"\n            >\n  <\/div>\n      <\/div>\n  <h3 class=\"teaserpage__title\">Collaborateurs<\/h3>\n  <p class=\"teaserpage__lead\">Les collaboratrices et collaborateurs de nos trois bureaux r\u00e9gionaux sont des expert\u00b7e\u00b7s qui s\u2019engagent avec passion en faveur des int\u00e9r\u00eats des personnes sourdes.<\/p>  <\/a>\n      <\/li>\n    <\/ul>\n<\/div>\n<\/div>\n","protected":false},"excerpt":{"rendered":"<p>Notre m\u00e9thode de travail se caract\u00e9rise par une marge de man\u0153uvre et une responsabilit\u00e9 [&hellip;]<\/p>\n","protected":false},"author":8,"featured_media":12526,"parent":0,"menu_order":2,"comment_status":"closed","ping_status":"closed","template":"","meta":{"_acf_changed":false,"inline_featured_image":false,"footnotes":""},"class_list":["post-19927","page","type-page","status-publish","has-post-thumbnail","hentry"],"acf":[],"yoast_head":"<!-- This site is optimized with the Yoast SEO plugin v27.4 - https:\/\/yoast.com\/product\/yoast-seo-wordpress\/ -->\n<title>Jobs - SGB-FSS<\/title>\n<meta name=\"robots\" content=\"index, follow, max-snippet:-1, max-image-preview:large, max-video-preview:-1\" \/>\n<link rel=\"canonical\" href=\"https:\/\/www.sgb-fss.ch\/fr\/jobs\/\" \/>\n<meta property=\"og:locale\" content=\"fr_FR\" \/>\n<meta property=\"og:type\" content=\"article\" \/>\n<meta property=\"og:title\" content=\"Jobs - SGB-FSS\" \/>\n<meta property=\"og:description\" content=\"Notre m\u00e9thode de travail se caract\u00e9rise par une marge de man\u0153uvre et une responsabilit\u00e9 [&hellip;]\" \/>\n<meta property=\"og:url\" content=\"https:\/\/www.sgb-fss.ch\/fr\/jobs\/\" \/>\n<meta property=\"og:site_name\" content=\"SGB-FSS\" \/>\n<meta property=\"article:modified_time\" content=\"2025-04-14T11:51:40+00:00\" \/>\n<meta property=\"og:image\" content=\"https:\/\/www.sgb-fss.ch\/content\/uploads\/2023\/04\/placeholder_16_9.jpg\" \/>\n\t<meta property=\"og:image:width\" content=\"1024\" \/>\n\t<meta property=\"og:image:height\" content=\"576\" \/>\n\t<meta property=\"og:image:type\" content=\"image\/jpeg\" \/>\n<meta name=\"twitter:card\" content=\"summary_large_image\" \/>\n<meta name=\"twitter:label1\" content=\"Dur\u00e9e de lecture estim\u00e9e\" \/>\n\t<meta name=\"twitter:data1\" content=\"4 minutes\" \/>\n<script type=\"application\/ld+json\" class=\"yoast-schema-graph\">{\"@context\":\"https:\\\/\\\/schema.org\",\"@graph\":[{\"@type\":\"WebPage\",\"@id\":\"https:\\\/\\\/www.sgb-fss.ch\\\/fr\\\/jobs\\\/\",\"url\":\"https:\\\/\\\/www.sgb-fss.ch\\\/fr\\\/jobs\\\/\",\"name\":\"Jobs - SGB-FSS\",\"isPartOf\":{\"@id\":\"https:\\\/\\\/www.sgb-fss.ch\\\/de\\\/#website\"},\"primaryImageOfPage\":{\"@id\":\"https:\\\/\\\/www.sgb-fss.ch\\\/fr\\\/jobs\\\/#primaryimage\"},\"image\":{\"@id\":\"https:\\\/\\\/www.sgb-fss.ch\\\/fr\\\/jobs\\\/#primaryimage\"},\"thumbnailUrl\":\"https:\\\/\\\/www.sgb-fss.ch\\\/content\\\/uploads\\\/2023\\\/04\\\/placeholder_16_9.jpg\",\"datePublished\":\"2023-06-19T13:58:57+00:00\",\"dateModified\":\"2025-04-14T11:51:40+00:00\",\"breadcrumb\":{\"@id\":\"https:\\\/\\\/www.sgb-fss.ch\\\/fr\\\/jobs\\\/#breadcrumb\"},\"inLanguage\":\"fr-FR\",\"potentialAction\":[{\"@type\":\"ReadAction\",\"target\":[\"https:\\\/\\\/www.sgb-fss.ch\\\/fr\\\/jobs\\\/\"]}]},{\"@type\":\"ImageObject\",\"inLanguage\":\"fr-FR\",\"@id\":\"https:\\\/\\\/www.sgb-fss.ch\\\/fr\\\/jobs\\\/#primaryimage\",\"url\":\"https:\\\/\\\/www.sgb-fss.ch\\\/content\\\/uploads\\\/2023\\\/04\\\/placeholder_16_9.jpg\",\"contentUrl\":\"https:\\\/\\\/www.sgb-fss.ch\\\/content\\\/uploads\\\/2023\\\/04\\\/placeholder_16_9.jpg\",\"width\":1024,\"height\":576},{\"@type\":\"BreadcrumbList\",\"@id\":\"https:\\\/\\\/www.sgb-fss.ch\\\/fr\\\/jobs\\\/#breadcrumb\",\"itemListElement\":[{\"@type\":\"ListItem\",\"position\":1,\"name\":\"Home\",\"item\":\"https:\\\/\\\/www.sgb-fss.ch\\\/fr\\\/\"},{\"@type\":\"ListItem\",\"position\":2,\"name\":\"Jobs\"}]},{\"@type\":\"WebSite\",\"@id\":\"https:\\\/\\\/www.sgb-fss.ch\\\/de\\\/#website\",\"url\":\"https:\\\/\\\/www.sgb-fss.ch\\\/de\\\/\",\"name\":\"SGB-FSS\",\"description\":\"\",\"potentialAction\":[{\"@type\":\"SearchAction\",\"target\":{\"@type\":\"EntryPoint\",\"urlTemplate\":\"https:\\\/\\\/www.sgb-fss.ch\\\/de\\\/?s={search_term_string}\"},\"query-input\":{\"@type\":\"PropertyValueSpecification\",\"valueRequired\":true,\"valueName\":\"search_term_string\"}}],\"inLanguage\":\"fr-FR\"}]}<\/script>\n<!-- \/ Yoast SEO plugin. -->","yoast_head_json":{"title":"Jobs - SGB-FSS","robots":{"index":"index","follow":"follow","max-snippet":"max-snippet:-1","max-image-preview":"max-image-preview:large","max-video-preview":"max-video-preview:-1"},"canonical":"https:\/\/www.sgb-fss.ch\/fr\/jobs\/","og_locale":"fr_FR","og_type":"article","og_title":"Jobs - SGB-FSS","og_description":"Notre m\u00e9thode de travail se caract\u00e9rise par une marge de man\u0153uvre et une responsabilit\u00e9 [&hellip;]","og_url":"https:\/\/www.sgb-fss.ch\/fr\/jobs\/","og_site_name":"SGB-FSS","article_modified_time":"2025-04-14T11:51:40+00:00","og_image":[{"width":1024,"height":576,"url":"https:\/\/www.sgb-fss.ch\/content\/uploads\/2023\/04\/placeholder_16_9.jpg","type":"image\/jpeg"}],"twitter_card":"summary_large_image","twitter_misc":{"Dur\u00e9e de lecture estim\u00e9e":"4 minutes"},"schema":{"@context":"https:\/\/schema.org","@graph":[{"@type":"WebPage","@id":"https:\/\/www.sgb-fss.ch\/fr\/jobs\/","url":"https:\/\/www.sgb-fss.ch\/fr\/jobs\/","name":"Jobs - SGB-FSS","isPartOf":{"@id":"https:\/\/www.sgb-fss.ch\/de\/#website"},"primaryImageOfPage":{"@id":"https:\/\/www.sgb-fss.ch\/fr\/jobs\/#primaryimage"},"image":{"@id":"https:\/\/www.sgb-fss.ch\/fr\/jobs\/#primaryimage"},"thumbnailUrl":"https:\/\/www.sgb-fss.ch\/content\/uploads\/2023\/04\/placeholder_16_9.jpg","datePublished":"2023-06-19T13:58:57+00:00","dateModified":"2025-04-14T11:51:40+00:00","breadcrumb":{"@id":"https:\/\/www.sgb-fss.ch\/fr\/jobs\/#breadcrumb"},"inLanguage":"fr-FR","potentialAction":[{"@type":"ReadAction","target":["https:\/\/www.sgb-fss.ch\/fr\/jobs\/"]}]},{"@type":"ImageObject","inLanguage":"fr-FR","@id":"https:\/\/www.sgb-fss.ch\/fr\/jobs\/#primaryimage","url":"https:\/\/www.sgb-fss.ch\/content\/uploads\/2023\/04\/placeholder_16_9.jpg","contentUrl":"https:\/\/www.sgb-fss.ch\/content\/uploads\/2023\/04\/placeholder_16_9.jpg","width":1024,"height":576},{"@type":"BreadcrumbList","@id":"https:\/\/www.sgb-fss.ch\/fr\/jobs\/#breadcrumb","itemListElement":[{"@type":"ListItem","position":1,"name":"Home","item":"https:\/\/www.sgb-fss.ch\/fr\/"},{"@type":"ListItem","position":2,"name":"Jobs"}]},{"@type":"WebSite","@id":"https:\/\/www.sgb-fss.ch\/de\/#website","url":"https:\/\/www.sgb-fss.ch\/de\/","name":"SGB-FSS","description":"","potentialAction":[{"@type":"SearchAction","target":{"@type":"EntryPoint","urlTemplate":"https:\/\/www.sgb-fss.ch\/de\/?s={search_term_string}"},"query-input":{"@type":"PropertyValueSpecification","valueRequired":true,"valueName":"search_term_string"}}],"inLanguage":"fr-FR"}]}},"_links":{"self":[{"href":"https:\/\/www.sgb-fss.ch\/fr\/wp-json\/wp\/v2\/pages\/19927","targetHints":{"allow":["GET"]}}],"collection":[{"href":"https:\/\/www.sgb-fss.ch\/fr\/wp-json\/wp\/v2\/pages"}],"about":[{"href":"https:\/\/www.sgb-fss.ch\/fr\/wp-json\/wp\/v2\/types\/page"}],"author":[{"embeddable":true,"href":"https:\/\/www.sgb-fss.ch\/fr\/wp-json\/wp\/v2\/users\/8"}],"replies":[{"embeddable":true,"href":"https:\/\/www.sgb-fss.ch\/fr\/wp-json\/wp\/v2\/comments?post=19927"}],"version-history":[{"count":61,"href":"https:\/\/www.sgb-fss.ch\/fr\/wp-json\/wp\/v2\/pages\/19927\/revisions"}],"predecessor-version":[{"id":38134,"href":"https:\/\/www.sgb-fss.ch\/fr\/wp-json\/wp\/v2\/pages\/19927\/revisions\/38134"}],"wp:featuredmedia":[{"embeddable":true,"href":"https:\/\/www.sgb-fss.ch\/fr\/wp-json\/wp\/v2\/media\/12526"}],"wp:attachment":[{"href":"https:\/\/www.sgb-fss.ch\/fr\/wp-json\/wp\/v2\/media?parent=19927"}],"curies":[{"name":"wp","href":"https:\/\/api.w.org\/{rel}","templated":true}]}}