{"id":19923,"date":"2023-06-23T18:39:48","date_gmt":"2023-06-23T16:39:48","guid":{"rendered":"https:\/\/www.sgb-fss.ch\/?page_id=19923"},"modified":"2026-02-03T09:03:30","modified_gmt":"2026-02-03T08:03:30","slug":"centres-de-consultation","status":"publish","type":"page","link":"https:\/\/www.sgb-fss.ch\/fr\/centres-de-consultation\/","title":{"rendered":"Centres de conseil et de contact"},"content":{"rendered":"\n<p class=\"is-style-lead\">En Suisse, il existe divers centres de conseil et d&rsquo;accueil pour les personnes sourdes et malentendantes. Certaines organisations proposent \u00e9galement un soutien aux proches. Tu trouveras ici divers services auxquels tu peux t&rsquo;adresser.<\/p>\n\n\n\n<div class=\"wp-block-group has-schwarz-10-background-color has-background is-layout-constrained wp-block-group-is-layout-constrained\">\n<div class=\"wp-block-group is-layout-constrained wp-block-group-is-layout-constrained\">\n<div class=\"wp-block-columns is-layout-flex wp-container-core-columns-is-layout-9d6595d7 wp-block-columns-is-layout-flex\">\n<div class=\"wp-block-column is-layout-flow wp-block-column-is-layout-flow\" style=\"flex-basis:33.33%\">\n<figure class=\"wp-block-image size-full\"><img loading=\"lazy\" decoding=\"async\" width=\"2465\" height=\"2032\" src=\"https:\/\/www.sgb-fss.ch\/content\/uploads\/2025\/01\/les_chemains_logo_couleur.png\" alt=\"\" class=\"wp-image-36870\" srcset=\"https:\/\/www.sgb-fss.ch\/content\/uploads\/2025\/01\/les_chemains_logo_couleur.png 2465w, https:\/\/www.sgb-fss.ch\/content\/uploads\/2025\/01\/les_chemains_logo_couleur-300x247.png 300w, https:\/\/www.sgb-fss.ch\/content\/uploads\/2025\/01\/les_chemains_logo_couleur-1024x844.png 1024w, https:\/\/www.sgb-fss.ch\/content\/uploads\/2025\/01\/les_chemains_logo_couleur-150x124.png 150w, https:\/\/www.sgb-fss.ch\/content\/uploads\/2025\/01\/les_chemains_logo_couleur-768x633.png 768w, https:\/\/www.sgb-fss.ch\/content\/uploads\/2025\/01\/les_chemains_logo_couleur-1536x1266.png 1536w, https:\/\/www.sgb-fss.ch\/content\/uploads\/2025\/01\/les_chemains_logo_couleur-2048x1688.png 2048w, https:\/\/www.sgb-fss.ch\/content\/uploads\/2025\/01\/les_chemains_logo_couleur-121x100.png 121w\" sizes=\"auto, (max-width: 2465px) 100vw, 2465px\" \/><\/figure>\n<\/div>\n\n\n\n<div class=\"wp-block-column is-layout-flow wp-block-column-is-layout-flow\" style=\"flex-basis:66.66%\">\n<p><strong><a href=\"https:\/\/leschemains.ch\/\" target=\"_blank\" rel=\"noreferrer noopener\">Les Chemains\u2019S<\/a><\/strong><br>Lieu d&rsquo;accueil\u00a0 et de soutien socio-\u00e9ducatif, conseil g\u00e9n\u00e9ral sur la surdit\u00e9 et conseil \u00e0 l&rsquo;int\u00e9gration professionnelle aupr\u00e8s des personnes sourdes.<\/p>\n<\/div>\n<\/div>\n\n\n<div class=\"wp-block-html\">\n\n<hr>\n\n<\/div>\n\n\n\n<div class=\"wp-block-columns is-layout-flex wp-container-core-columns-is-layout-9d6595d7 wp-block-columns-is-layout-flex\">\n<div class=\"wp-block-column is-layout-flow wp-block-column-is-layout-flow\" style=\"flex-basis:33.33%\">\n<figure class=\"wp-block-image size-full\"><img loading=\"lazy\" decoding=\"async\" width=\"500\" height=\"500\" src=\"https:\/\/www.sgb-fss.ch\/content\/uploads\/pole-audition-surdite.jpg\" alt=\"\" class=\"wp-image-42469\" srcset=\"https:\/\/www.sgb-fss.ch\/content\/uploads\/pole-audition-surdite.jpg 500w, https:\/\/www.sgb-fss.ch\/content\/uploads\/pole-audition-surdite-300x300.jpg 300w, https:\/\/www.sgb-fss.ch\/content\/uploads\/pole-audition-surdite-150x150.jpg 150w, https:\/\/www.sgb-fss.ch\/content\/uploads\/pole-audition-surdite-100x100.jpg 100w\" sizes=\"auto, (max-width: 500px) 100vw, 500px\" \/><\/figure>\n<\/div>\n\n\n\n<div class=\"wp-block-column is-layout-flow wp-block-column-is-layout-flow\" style=\"flex-basis:66.66%\">\n<p><strong><a href=\"https:\/\/audition-surdite.ch\/\" target=\"_blank\" rel=\"noreferrer noopener\">P\u00f4le Audition Surdit\u00e9<\/a>\u00a0<\/strong><br>La plateforme\u00a0avec toutes les offres et prestations pour les personnes sourdes et malentendantes au m\u00eame endroit. Aussi avec une permanence.<\/p>\n<\/div>\n<\/div>\n\n\n<div class=\"wp-block-html\">\n\n<hr>\n\n<\/div>\n\n\n\n<div class=\"wp-block-columns is-layout-flex wp-container-core-columns-is-layout-9d6595d7 wp-block-columns-is-layout-flex\">\n<div class=\"wp-block-column is-layout-flow wp-block-column-is-layout-flow\" style=\"flex-basis:33.33%\">\n<figure class=\"wp-block-image size-full\"><img loading=\"lazy\" decoding=\"async\" width=\"1684\" height=\"1190\" src=\"https:\/\/www.sgb-fss.ch\/content\/uploads\/a_capella_logo_rvb.webp\" alt=\"\" class=\"wp-image-43530\" srcset=\"https:\/\/www.sgb-fss.ch\/content\/uploads\/a_capella_logo_rvb.webp 1684w, https:\/\/www.sgb-fss.ch\/content\/uploads\/a_capella_logo_rvb-300x212.webp 300w, https:\/\/www.sgb-fss.ch\/content\/uploads\/a_capella_logo_rvb-1024x724.webp 1024w, https:\/\/www.sgb-fss.ch\/content\/uploads\/a_capella_logo_rvb-150x106.webp 150w, https:\/\/www.sgb-fss.ch\/content\/uploads\/a_capella_logo_rvb-768x543.webp 768w, https:\/\/www.sgb-fss.ch\/content\/uploads\/a_capella_logo_rvb-1536x1085.webp 1536w, https:\/\/www.sgb-fss.ch\/content\/uploads\/a_capella_logo_rvb-142x100.webp 142w\" sizes=\"auto, (max-width: 1684px) 100vw, 1684px\" \/><\/figure>\n<\/div>\n\n\n\n<div class=\"wp-block-column is-layout-flow wp-block-column-is-layout-flow\" style=\"flex-basis:66.66%\">\n<p><a href=\"https:\/\/www.a-capella.ch\/\" target=\"_blank\" rel=\"noreferrer noopener\"><strong>Fondation A Capella<span data-contrast=\"none\" xml:lang=\"DE-DE\" lang=\"DE-DE\" class=\"TextRun Underlined UnderlinedGateOff EmptyTextRun SCXW168909299 BCX0\" style=\"-webkit-user-drag: none; -webkit-tap-highlight-color: transparent; margin: 0px; padding: 0px; user-select: text; font-variant-numeric: normal; font-variant-east-asian: normal; font-variant-alternates: normal; font-variant-position: normal; background-color: rgb(255, 255, 255); text-decoration-line: underline; color: rgb(70, 120, 134); font-size: 11pt; line-height: 19.7625px; font-family: Aptos, Aptos_EmbeddedFont, Aptos_MSFontService, sans-serif; font-weight: bold;\"><\/span>\u00a0<\/strong><\/a><br>Service de conseil \u00e0 l&rsquo;int\u00e9gration et de promotion du LPC pour les personnes sourdes et malentendantes.<\/p>\n<\/div>\n<\/div>\n\n\n<div class=\"wp-block-html\">\n\n<hr>\n\n<\/div>\n\n\n\n<div class=\"wp-block-columns is-layout-flex wp-container-core-columns-is-layout-9d6595d7 wp-block-columns-is-layout-flex\">\n<div class=\"wp-block-column is-layout-flow wp-block-column-is-layout-flow\" style=\"flex-basis:33.33%\">\n<figure class=\"wp-block-image size-full\"><img loading=\"lazy\" decoding=\"async\" width=\"506\" height=\"224\" src=\"https:\/\/www.sgb-fss.ch\/content\/uploads\/svehk-aspeda-asgba.png\" alt=\"\" class=\"wp-image-43500\" srcset=\"https:\/\/www.sgb-fss.ch\/content\/uploads\/svehk-aspeda-asgba.png 506w, https:\/\/www.sgb-fss.ch\/content\/uploads\/svehk-aspeda-asgba-300x133.png 300w, https:\/\/www.sgb-fss.ch\/content\/uploads\/svehk-aspeda-asgba-150x66.png 150w, https:\/\/www.sgb-fss.ch\/content\/uploads\/svehk-aspeda-asgba-200x89.png 200w\" sizes=\"auto, (max-width: 506px) 100vw, 506px\" \/><\/figure>\n<\/div>\n\n\n\n<div class=\"wp-block-column is-layout-flow wp-block-column-is-layout-flow\" style=\"flex-basis:66.66%\">\n<p><strong><a href=\"https:\/\/www.aspeda.ch\/\" target=\"_blank\" rel=\"noreferrer noopener\">ASPEDA \u2013 Association suisse des parents d\u2019enfants d\u00e9ficients auditifs<\/a><\/strong><br>Lieu d&rsquo;accueil et d&rsquo;\u00e9change pour les parents et leurs enfants d\u00e9ficients auditifs.<\/p>\n<\/div>\n<\/div>\n\n\n<div class=\"wp-block-html\">\n\n<hr>\n\n<\/div>\n\n\n\n<div class=\"wp-block-columns is-layout-flex wp-container-core-columns-is-layout-9d6595d7 wp-block-columns-is-layout-flex\">\n<div class=\"wp-block-column is-layout-flow wp-block-column-is-layout-flow\" style=\"flex-basis:33.33%\">\n<figure class=\"wp-block-image size-full\"><img decoding=\"async\" src=\"https:\/\/www.sgb-fss.ch\/content\/uploads\/sgbfss_logo_black_d_hoch.svg\" alt=\"Logo SGB-FSS\" class=\"wp-image-42735\"\/><\/figure>\n<\/div>\n\n\n\n<div class=\"wp-block-column is-layout-flow wp-block-column-is-layout-flow\" style=\"flex-basis:66.66%\">\n<p><a href=\"https:\/\/www.sgb-fss.ch\/fr\/conseil-juridique\/\"><strong>Conseil juridique SGB FSS<\/strong><\/a><br>Conseils et soutien aux personnes sourdes et malentendantes pour les questions juridiques et les cas de discrimination.<\/p>\n<\/div>\n<\/div>\n\n\n<div class=\"wp-block-html\">\n\n<hr>\n\n<\/div>\n\n\n\n<div class=\"wp-block-columns is-layout-flex wp-container-core-columns-is-layout-9d6595d7 wp-block-columns-is-layout-flex\">\n<div class=\"wp-block-column is-layout-flow wp-block-column-is-layout-flow\" style=\"flex-basis:33.33%\">\n<figure class=\"wp-block-image size-full\"><img loading=\"lazy\" decoding=\"async\" width=\"399\" height=\"141\" src=\"https:\/\/www.sgb-fss.ch\/content\/uploads\/images.png\" alt=\"\" class=\"wp-image-43533\" srcset=\"https:\/\/www.sgb-fss.ch\/content\/uploads\/images.png 399w, https:\/\/www.sgb-fss.ch\/content\/uploads\/images-300x106.png 300w, https:\/\/www.sgb-fss.ch\/content\/uploads\/images-150x53.png 150w, https:\/\/www.sgb-fss.ch\/content\/uploads\/images-200x71.png 200w\" sizes=\"auto, (max-width: 399px) 100vw, 399px\" \/><\/figure>\n<\/div>\n\n\n\n<div class=\"wp-block-column is-layout-flow wp-block-column-is-layout-flow\" style=\"flex-basis:66.66%\">\n<p><a href=\"https:\/\/www.ucba.ch\/\" target=\"_blank\" rel=\"noreferrer noopener\"><strong>UCBA \u2013 Union centrale suisse pour le bien des aveugles<\/strong><\/a><br>Service sp\u00e9cialis\u00e9 pour les personnes sourdes souffrant d&rsquo;un handicap visuel (par ex. le syndrome de Usher) et les personnes atteintes de surdic\u00e9cit\u00e9.\u00a0<\/p>\n<\/div>\n<\/div>\n\n\n<div class=\"wp-block-html\">\n\n<hr>\n\n<\/div>\n\n\n\n<div class=\"wp-block-columns is-layout-flex wp-container-core-columns-is-layout-9d6595d7 wp-block-columns-is-layout-flex\">\n<div class=\"wp-block-column is-layout-flow wp-block-column-is-layout-flow\" style=\"flex-basis:33.33%\">\n<figure class=\"wp-block-image size-full\"><img loading=\"lazy\" decoding=\"async\" width=\"766\" height=\"342\" src=\"https:\/\/www.sgb-fss.ch\/content\/uploads\/logo-agm.jpg\" alt=\"\" class=\"wp-image-43536\" srcset=\"https:\/\/www.sgb-fss.ch\/content\/uploads\/logo-agm.jpg 766w, https:\/\/www.sgb-fss.ch\/content\/uploads\/logo-agm-300x134.jpg 300w, https:\/\/www.sgb-fss.ch\/content\/uploads\/logo-agm-150x67.jpg 150w, https:\/\/www.sgb-fss.ch\/content\/uploads\/logo-agm-200x89.jpg 200w\" sizes=\"auto, (max-width: 766px) 100vw, 766px\" \/><\/figure>\n<\/div>\n\n\n\n<div class=\"wp-block-column is-layout-flow wp-block-column-is-layout-flow\" style=\"flex-basis:66.66%\">\n<p><a href=\"https:\/\/www.agdm.ch\/\"><strong>AGM &#8211; Association Genevoise des Malentendants<\/strong><br><\/a>Le Service social de AGM R\u00e9pond aux questions en lien avec la malentendance et la surdit\u00e9.\u00a0<\/p>\n<\/div>\n<\/div>\n\n\n<div class=\"wp-block-html\">\n\n<hr>\n\n<\/div>\n\n\n\n<div class=\"wp-block-columns is-layout-flex wp-container-core-columns-is-layout-9d6595d7 wp-block-columns-is-layout-flex\">\n<div class=\"wp-block-column is-layout-flow wp-block-column-is-layout-flow\" style=\"flex-basis:33.33%\">\n<figure class=\"wp-block-image size-full\"><img loading=\"lazy\" decoding=\"async\" width=\"700\" height=\"298\" src=\"https:\/\/www.sgb-fss.ch\/content\/uploads\/logo_pro-infirmis_media-1.jpg\" alt=\"\" class=\"wp-image-43509\" srcset=\"https:\/\/www.sgb-fss.ch\/content\/uploads\/logo_pro-infirmis_media-1.jpg 700w, https:\/\/www.sgb-fss.ch\/content\/uploads\/logo_pro-infirmis_media-1-300x128.jpg 300w, https:\/\/www.sgb-fss.ch\/content\/uploads\/logo_pro-infirmis_media-1-150x64.jpg 150w, https:\/\/www.sgb-fss.ch\/content\/uploads\/logo_pro-infirmis_media-1-200x85.jpg 200w\" sizes=\"auto, (max-width: 700px) 100vw, 700px\" \/><\/figure>\n<\/div>\n\n\n\n<div class=\"wp-block-column is-layout-flow wp-block-column-is-layout-flow\" style=\"flex-basis:66.66%\">\n<p><a href=\"https:\/\/www.proinfirmis.ch\/fr\/index.html?showMap=1\" target=\"_blank\" rel=\"noreferrer noopener\"><strong>Pro Infirmis<\/strong><\/a><br>Conseil, accompagnement et soutien des personnes handicap\u00e9es et de leurs proches dans toute la Suisse.\u00a0<\/p>\n<\/div>\n<\/div>\n\n\n<div class=\"wp-block-html\">\n\n<hr>\n\n<\/div>\n\n\n\n<div class=\"wp-block-columns is-layout-flex wp-container-core-columns-is-layout-9d6595d7 wp-block-columns-is-layout-flex\">\n<div class=\"wp-block-column is-layout-flow wp-block-column-is-layout-flow\" style=\"flex-basis:33.33%\">\n<figure class=\"wp-block-image size-full\"><img loading=\"lazy\" decoding=\"async\" width=\"1376\" height=\"500\" src=\"https:\/\/www.sgb-fss.ch\/content\/uploads\/pro_audito_schweiz_logo_standard_rgb_schwarz_500px.png\" alt=\"\" class=\"wp-image-43494\" srcset=\"https:\/\/www.sgb-fss.ch\/content\/uploads\/pro_audito_schweiz_logo_standard_rgb_schwarz_500px.png 1376w, https:\/\/www.sgb-fss.ch\/content\/uploads\/pro_audito_schweiz_logo_standard_rgb_schwarz_500px-300x109.png 300w, https:\/\/www.sgb-fss.ch\/content\/uploads\/pro_audito_schweiz_logo_standard_rgb_schwarz_500px-1024x372.png 1024w, https:\/\/www.sgb-fss.ch\/content\/uploads\/pro_audito_schweiz_logo_standard_rgb_schwarz_500px-150x55.png 150w, https:\/\/www.sgb-fss.ch\/content\/uploads\/pro_audito_schweiz_logo_standard_rgb_schwarz_500px-768x279.png 768w, https:\/\/www.sgb-fss.ch\/content\/uploads\/pro_audito_schweiz_logo_standard_rgb_schwarz_500px-200x73.png 200w\" sizes=\"auto, (max-width: 1376px) 100vw, 1376px\" \/><\/figure>\n<\/div>\n\n\n\n<div class=\"wp-block-column is-layout-flow wp-block-column-is-layout-flow\" style=\"flex-basis:66.66%\">\n<p><strong><a href=\"https:\/\/www.pro-audito.ch\/\" target=\"_blank\" rel=\"noreferrer noopener\">Pro Audito<\/a><\/strong><br>Centre d&rsquo;accueil suisse pour les personnes malentendantes.<\/p>\n<\/div>\n<\/div>\n\n\n<div class=\"wp-block-html\">\n\n<hr>\n\n<\/div>\n<\/div>\n<\/div>\n\n\n\n<div class=\"wp-block-group has-sgb-fss-blue-15-background-color has-background is-layout-constrained wp-block-group-is-layout-constrained\">\n<h2 class=\"wp-block-heading\">Offres d&rsquo;acc\u00e8s pour les personnes handicap\u00e9es<\/h2>\n\n\n\n<figure class=\"wp-block-table\"><table class=\"has-fixed-layout\"><tbody><tr><td><a href=\"https:\/\/procom.ch\/fr\/\" target=\"_blank\" rel=\"noreferrer noopener\"><strong>PROCOM<\/strong><\/a><br>Mise \u00e0 disposition d&rsquo;interpr\u00e8tes et de vid\u00e9ocom pour t\u00e9l\u00e9phoner aux personnes sourdes<\/td><\/tr><tr><td><a href=\"https:\/\/interpretes-lsf.signecriture.org\/\" target=\"_blank\" rel=\"noreferrer noopener\"><strong>Association des interpr\u00e8tes LSF ind\u00e9pendantes<\/strong><\/a><br>Interpr\u00e9tation entre LSF et fran\u00e7ais<\/td><\/tr><tr><td><a href=\"https:\/\/www.dolmx.ch\/fr\/\" target=\"_blank\" rel=\"noreferrer noopener\"><strong><\/strong><\/a><strong><a href=\"https:\/\/www.dolmx.ch\/\" target=\"_blank\" rel=\"noreferrer noopener\"><strong>dolmX<\/strong><\/a><\/strong><br>Interpr\u00e9tariat communautaire par vid\u00e9o<\/td><\/tr><tr><td><a href=\"https:\/\/swisstxt.ch\/fr\"><strong><strong><\/strong><\/strong><\/a><strong><strong><a href=\"https:\/\/swisstxt.ch\/\" target=\"_blank\" rel=\"noreferrer noopener\">SWISS TXT \u2013 Accessibility Services<\/a><\/strong><\/strong><br>Fournisseur g\u00e9n\u00e9ral de services d&rsquo;accessibilit\u00e9 pour les contenus m\u00e9diatiques accessibles et multilingues : Sous-titrage, Interpr\u00e9tation \u00e9crite en ligne, Flux en direct accessibles, \u00c9v\u00e9nements en ligne accessibles, Langue des signes, Audiodescription<\/td><\/tr><tr><td><strong><a href=\"https:\/\/www.pro-audito.ch\/\" target=\"_blank\" rel=\"noreferrer noopener\">Pro Audito<\/a><\/strong><br>La parole devient texte. Interpr\u00e9tation \u00e9crite<\/td><\/tr><tr><td><strong><a href=\"https:\/\/barbararossier.ch\/\" target=\"_blank\" rel=\"noreferrer noopener\">Barbara Rossier<\/a><br><\/strong>Pour des \u00e9v\u00e9nements et des contenus m\u00e9diatiques accessibles.<\/td><\/tr><tr><td><strong><a href=\"https:\/\/cameleoon.ch\/\" target=\"_blank\" rel=\"noreferrer noopener\">Cameleoon<\/a><\/strong><br>Vid\u00e9os en langue des signes, chansignes, interpr\u00e9tation sourde, conseils en accessibilit\u00e9.<\/td><\/tr><\/tbody><\/table><\/figure>\n<\/div>\n\n\n\n<div class=\"wp-block-group has-schwarz-25-background-color has-background is-layout-flow wp-block-group-is-layout-flow\">\n<h2 class=\"wp-block-heading\"><strong>L<\/strong>iens<\/h2>\n\n\n\n<p><a href=\"https:\/\/www.procom-deaf.ch\/fr\/Default.aspx\" target=\"_blank\" rel=\"noreferrer noopener\">Procom Service d&rsquo;interpr\u00e8tes<\/a><\/p>\n\n\n\n<p><a href=\"https:\/\/interpretes-lsf.signecriture.org\/\" target=\"_blank\" rel=\"noreferrer noopener\">Association des interpr\u00e8tes LSF ind\u00e9pendantes<\/a><\/p>\n\n\n\n<p><a rel=\"noreferrer noopener\" href=\"https:\/\/s-5.ch\/cours-formation-lsf-langue-des-signes\/\" target=\"_blank\">Cours de langue des signes<\/a><a href=\"https:\/\/s-5.ch\/cours-formation-lsf-langue-des-signes\/\" target=\"_blank\" rel=\"noreferrer noopener\"> <\/a><a rel=\"noreferrer noopener\" href=\"https:\/\/s-5.ch\/cours-formation-lsf-langue-des-signes\/\" target=\"_blank\">par S5<\/a><\/p>\n\n\n\n<p><a href=\"https:\/\/www.ifage.ch\/formation\/langues\/cours-langue-des-signes\/\" target=\"_blank\" rel=\"noreferrer noopener\">Cours de langue des signes l&rsquo;Ifage<\/a><\/p>\n<\/div>\n\n\n\n<p><\/p>\n","protected":false},"excerpt":{"rendered":"<p>En Suisse, il existe divers centres de conseil et d&rsquo;accueil pour les personnes sourdes [&hellip;]<\/p>\n","protected":false},"author":8,"featured_media":19419,"parent":0,"menu_order":210,"comment_status":"closed","ping_status":"closed","template":"","meta":{"_acf_changed":false,"inline_featured_image":false,"footnotes":""},"class_list":["post-19923","page","type-page","status-publish","has-post-thumbnail","hentry"],"acf":[],"yoast_head":"<!-- This site is optimized with the Yoast SEO plugin v27.4 - https:\/\/yoast.com\/product\/yoast-seo-wordpress\/ -->\n<title>Service de consultation pour personnes sourdes<\/title>\n<meta name=\"description\" content=\"Liste des services de conseil et des points de contact pour les personnes sourdes et malentendantes. S&#039;informer maintenant et trouver une organisation.\" \/>\n<meta name=\"robots\" content=\"index, follow, max-snippet:-1, max-image-preview:large, max-video-preview:-1\" \/>\n<link rel=\"canonical\" href=\"https:\/\/www.sgb-fss.ch\/fr\/centres-de-consultation\/\" \/>\n<meta property=\"og:locale\" content=\"fr_FR\" \/>\n<meta property=\"og:type\" content=\"article\" \/>\n<meta property=\"og:title\" content=\"Service de consultation pour personnes sourdes\" \/>\n<meta property=\"og:description\" content=\"Liste des services de conseil et des points de contact pour les personnes sourdes et malentendantes. S&#039;informer maintenant et trouver une organisation.\" \/>\n<meta property=\"og:url\" content=\"https:\/\/www.sgb-fss.ch\/fr\/centres-de-consultation\/\" \/>\n<meta property=\"og:site_name\" content=\"SGB-FSS\" \/>\n<meta property=\"article:modified_time\" content=\"2026-02-03T08:03:30+00:00\" \/>\n<meta property=\"og:image\" content=\"https:\/\/www.sgb-fss.ch\/content\/uploads\/2023\/06\/laufbahnberatung-edited.jpg\" \/>\n\t<meta property=\"og:image:width\" content=\"997\" \/>\n\t<meta property=\"og:image:height\" content=\"561\" \/>\n\t<meta property=\"og:image:type\" content=\"image\/jpeg\" \/>\n<meta name=\"twitter:card\" content=\"summary_large_image\" \/>\n<meta name=\"twitter:label1\" content=\"Dur\u00e9e de lecture estim\u00e9e\" \/>\n\t<meta name=\"twitter:data1\" content=\"4 minutes\" \/>\n<script type=\"application\/ld+json\" class=\"yoast-schema-graph\">{\"@context\":\"https:\\\/\\\/schema.org\",\"@graph\":[{\"@type\":\"WebPage\",\"@id\":\"https:\\\/\\\/www.sgb-fss.ch\\\/fr\\\/centres-de-consultation\\\/\",\"url\":\"https:\\\/\\\/www.sgb-fss.ch\\\/fr\\\/centres-de-consultation\\\/\",\"name\":\"Service de consultation pour personnes sourdes\",\"isPartOf\":{\"@id\":\"https:\\\/\\\/www.sgb-fss.ch\\\/de\\\/#website\"},\"primaryImageOfPage\":{\"@id\":\"https:\\\/\\\/www.sgb-fss.ch\\\/fr\\\/centres-de-consultation\\\/#primaryimage\"},\"image\":{\"@id\":\"https:\\\/\\\/www.sgb-fss.ch\\\/fr\\\/centres-de-consultation\\\/#primaryimage\"},\"thumbnailUrl\":\"https:\\\/\\\/www.sgb-fss.ch\\\/content\\\/uploads\\\/2023\\\/06\\\/laufbahnberatung-edited.jpg\",\"datePublished\":\"2023-06-23T16:39:48+00:00\",\"dateModified\":\"2026-02-03T08:03:30+00:00\",\"description\":\"Liste des services de conseil et des points de contact pour les personnes sourdes et malentendantes. S'informer maintenant et trouver une organisation.\",\"breadcrumb\":{\"@id\":\"https:\\\/\\\/www.sgb-fss.ch\\\/fr\\\/centres-de-consultation\\\/#breadcrumb\"},\"inLanguage\":\"fr-FR\",\"potentialAction\":[{\"@type\":\"ReadAction\",\"target\":[\"https:\\\/\\\/www.sgb-fss.ch\\\/fr\\\/centres-de-consultation\\\/\"]}]},{\"@type\":\"ImageObject\",\"inLanguage\":\"fr-FR\",\"@id\":\"https:\\\/\\\/www.sgb-fss.ch\\\/fr\\\/centres-de-consultation\\\/#primaryimage\",\"url\":\"https:\\\/\\\/www.sgb-fss.ch\\\/content\\\/uploads\\\/2023\\\/06\\\/laufbahnberatung-edited.jpg\",\"contentUrl\":\"https:\\\/\\\/www.sgb-fss.ch\\\/content\\\/uploads\\\/2023\\\/06\\\/laufbahnberatung-edited.jpg\",\"width\":997,\"height\":561},{\"@type\":\"BreadcrumbList\",\"@id\":\"https:\\\/\\\/www.sgb-fss.ch\\\/fr\\\/centres-de-consultation\\\/#breadcrumb\",\"itemListElement\":[{\"@type\":\"ListItem\",\"position\":1,\"name\":\"Home\",\"item\":\"https:\\\/\\\/www.sgb-fss.ch\\\/fr\\\/\"},{\"@type\":\"ListItem\",\"position\":2,\"name\":\"Centres de conseil et de contact\"}]},{\"@type\":\"WebSite\",\"@id\":\"https:\\\/\\\/www.sgb-fss.ch\\\/de\\\/#website\",\"url\":\"https:\\\/\\\/www.sgb-fss.ch\\\/de\\\/\",\"name\":\"SGB-FSS\",\"description\":\"\",\"potentialAction\":[{\"@type\":\"SearchAction\",\"target\":{\"@type\":\"EntryPoint\",\"urlTemplate\":\"https:\\\/\\\/www.sgb-fss.ch\\\/de\\\/?s={search_term_string}\"},\"query-input\":{\"@type\":\"PropertyValueSpecification\",\"valueRequired\":true,\"valueName\":\"search_term_string\"}}],\"inLanguage\":\"fr-FR\"}]}<\/script>\n<!-- \/ Yoast SEO plugin. -->","yoast_head_json":{"title":"Service de consultation pour personnes sourdes","description":"Liste des services de conseil et des points de contact pour les personnes sourdes et malentendantes. S'informer maintenant et trouver une organisation.","robots":{"index":"index","follow":"follow","max-snippet":"max-snippet:-1","max-image-preview":"max-image-preview:large","max-video-preview":"max-video-preview:-1"},"canonical":"https:\/\/www.sgb-fss.ch\/fr\/centres-de-consultation\/","og_locale":"fr_FR","og_type":"article","og_title":"Service de consultation pour personnes sourdes","og_description":"Liste des services de conseil et des points de contact pour les personnes sourdes et malentendantes. S'informer maintenant et trouver une organisation.","og_url":"https:\/\/www.sgb-fss.ch\/fr\/centres-de-consultation\/","og_site_name":"SGB-FSS","article_modified_time":"2026-02-03T08:03:30+00:00","og_image":[{"width":997,"height":561,"url":"https:\/\/www.sgb-fss.ch\/content\/uploads\/2023\/06\/laufbahnberatung-edited.jpg","type":"image\/jpeg"}],"twitter_card":"summary_large_image","twitter_misc":{"Dur\u00e9e de lecture estim\u00e9e":"4 minutes"},"schema":{"@context":"https:\/\/schema.org","@graph":[{"@type":"WebPage","@id":"https:\/\/www.sgb-fss.ch\/fr\/centres-de-consultation\/","url":"https:\/\/www.sgb-fss.ch\/fr\/centres-de-consultation\/","name":"Service de consultation pour personnes sourdes","isPartOf":{"@id":"https:\/\/www.sgb-fss.ch\/de\/#website"},"primaryImageOfPage":{"@id":"https:\/\/www.sgb-fss.ch\/fr\/centres-de-consultation\/#primaryimage"},"image":{"@id":"https:\/\/www.sgb-fss.ch\/fr\/centres-de-consultation\/#primaryimage"},"thumbnailUrl":"https:\/\/www.sgb-fss.ch\/content\/uploads\/2023\/06\/laufbahnberatung-edited.jpg","datePublished":"2023-06-23T16:39:48+00:00","dateModified":"2026-02-03T08:03:30+00:00","description":"Liste des services de conseil et des points de contact pour les personnes sourdes et malentendantes. S'informer maintenant et trouver une organisation.","breadcrumb":{"@id":"https:\/\/www.sgb-fss.ch\/fr\/centres-de-consultation\/#breadcrumb"},"inLanguage":"fr-FR","potentialAction":[{"@type":"ReadAction","target":["https:\/\/www.sgb-fss.ch\/fr\/centres-de-consultation\/"]}]},{"@type":"ImageObject","inLanguage":"fr-FR","@id":"https:\/\/www.sgb-fss.ch\/fr\/centres-de-consultation\/#primaryimage","url":"https:\/\/www.sgb-fss.ch\/content\/uploads\/2023\/06\/laufbahnberatung-edited.jpg","contentUrl":"https:\/\/www.sgb-fss.ch\/content\/uploads\/2023\/06\/laufbahnberatung-edited.jpg","width":997,"height":561},{"@type":"BreadcrumbList","@id":"https:\/\/www.sgb-fss.ch\/fr\/centres-de-consultation\/#breadcrumb","itemListElement":[{"@type":"ListItem","position":1,"name":"Home","item":"https:\/\/www.sgb-fss.ch\/fr\/"},{"@type":"ListItem","position":2,"name":"Centres de conseil et de contact"}]},{"@type":"WebSite","@id":"https:\/\/www.sgb-fss.ch\/de\/#website","url":"https:\/\/www.sgb-fss.ch\/de\/","name":"SGB-FSS","description":"","potentialAction":[{"@type":"SearchAction","target":{"@type":"EntryPoint","urlTemplate":"https:\/\/www.sgb-fss.ch\/de\/?s={search_term_string}"},"query-input":{"@type":"PropertyValueSpecification","valueRequired":true,"valueName":"search_term_string"}}],"inLanguage":"fr-FR"}]}},"_links":{"self":[{"href":"https:\/\/www.sgb-fss.ch\/fr\/wp-json\/wp\/v2\/pages\/19923","targetHints":{"allow":["GET"]}}],"collection":[{"href":"https:\/\/www.sgb-fss.ch\/fr\/wp-json\/wp\/v2\/pages"}],"about":[{"href":"https:\/\/www.sgb-fss.ch\/fr\/wp-json\/wp\/v2\/types\/page"}],"author":[{"embeddable":true,"href":"https:\/\/www.sgb-fss.ch\/fr\/wp-json\/wp\/v2\/users\/8"}],"replies":[{"embeddable":true,"href":"https:\/\/www.sgb-fss.ch\/fr\/wp-json\/wp\/v2\/comments?post=19923"}],"version-history":[{"count":20,"href":"https:\/\/www.sgb-fss.ch\/fr\/wp-json\/wp\/v2\/pages\/19923\/revisions"}],"predecessor-version":[{"id":43539,"href":"https:\/\/www.sgb-fss.ch\/fr\/wp-json\/wp\/v2\/pages\/19923\/revisions\/43539"}],"wp:featuredmedia":[{"embeddable":true,"href":"https:\/\/www.sgb-fss.ch\/fr\/wp-json\/wp\/v2\/media\/19419"}],"wp:attachment":[{"href":"https:\/\/www.sgb-fss.ch\/fr\/wp-json\/wp\/v2\/media?parent=19923"}],"curies":[{"name":"wp","href":"https:\/\/api.w.org\/{rel}","templated":true}]}}