{"id":14570,"date":"2023-05-12T16:36:48","date_gmt":"2023-05-12T14:36:48","guid":{"rendered":"https:\/\/www.sgb-fss.ch\/?page_id=14570"},"modified":"2024-08-27T08:37:06","modified_gmt":"2024-08-27T06:37:06","slug":"cours-relatifs-a-la-prise-en-charge-precoce","status":"publish","type":"page","link":"https:\/\/www.sgb-fss.ch\/fr\/domaines\/cours-relatifs-a-la-prise-en-charge-precoce\/","title":{"rendered":"Cours de LSF pr\u00e9coces"},"content":{"rendered":"\n<p class=\"is-style-lead\">Les premi\u00e8res ann\u00e9es sont essentielles dans le d\u00e9veloppement linguistique d\u2019un enfant. Les enfants sourds et malentendants ont, eux aussi, besoin d\u00e8s le d\u00e9but d\u2019une langue pour s\u2019exprimer.<\/p>\n\n\n\n<figure class=\"wp-block-image size-large\"><img decoding=\"async\" src=\"https:\/\/www.sgb-fss.ch\/content\/uploads\/2023\/05\/bildung_kurse-scaled-e1684152904773.jpg\" alt=\"\" class=\"wp-image-16946\"\/><\/figure>\n\n\n\n<p><strong>Cours \u00e0 domicile<\/strong><br>La langue des signes favorise tr\u00e8s t\u00f4t le d\u00e9veloppement linguistique des enfants sourds et leur facilite l\u2019acc\u00e8s \u00e0 la langue parl\u00e9e.<\/p>\n\n\n\n<p>La F\u00e9d\u00e9ration Suisse des Sourds encourage cette acquisition bilingue du langage au travers d\u2019offres pour les enfants sourds et malentendants et leurs familles. Les cours \u00e0 domicile, dans un environnement familier, permettent \u00e0 toute la famille d\u2019apprendre ensemble la langue des signes.<\/p>\n\n\n\n<p><strong>Enseignants qualifi\u00e9s<\/strong><br>Les cours sont dispens\u00e9s par des enseignants de langue des signes qualifi\u00e9s de l&rsquo;association S5. Les enseignants sont sourds et repr\u00e9sentent donc une figure d\u2019identification pour l\u2019enfant sourd ou malentendant. Les cours permettent \u00e9galement de r\u00e9pondre aux questions de la famille et de dissiper les incertitudes.<\/p>\n\n\n\n<figure class=\"wp-block-image aligncenter size-full\"><img loading=\"lazy\" decoding=\"async\" width=\"401\" height=\"567\" src=\"https:\/\/www.sgb-fss.ch\/content\/uploads\/2024\/01\/alphabet-manuel-lsf-enfants.jpg\" alt=\"\" class=\"wp-image-31361\" srcset=\"https:\/\/www.sgb-fss.ch\/content\/uploads\/2024\/01\/alphabet-manuel-lsf-enfants.jpg 401w, https:\/\/www.sgb-fss.ch\/content\/uploads\/2024\/01\/alphabet-manuel-lsf-enfants-300x424.jpg 300w, https:\/\/www.sgb-fss.ch\/content\/uploads\/2024\/01\/alphabet-manuel-lsf-enfants-150x212.jpg 150w, https:\/\/www.sgb-fss.ch\/content\/uploads\/2024\/01\/alphabet-manuel-lsf-enfants-71x100.jpg 71w\" sizes=\"auto, (max-width: 401px) 100vw, 401px\" \/><\/figure>\n\n\n<div class=\"block block-teasercontacts block-teasercontacts--boxed\" id=\"block_a79d3be928a1af2456aad8fc94525d18\" data-block=\"Teaser Contacts\">\n    <div class=\"block-teasercontacts__header\"><p class=\"block-teasercontacts__title\">Des questions sur nos cours et nos offres? N&rsquo;h\u00e9site pas \u00e0 nous contacter.<\/p><\/div>    <div class=\"block-teasercontacts__list\">\n                                        <div class=\"block-teasercontacts__item\">\n                <div class=\"block-teasercontacts__link\">\n                    <div class=\"block-teasercontacts__media\">\n                        <div class=\"block-teasercontacts__thumbnail accent__blue has-background-accent\">\n                                                              <div class=\"image block-teasercontacts__thumbnail-image\" >\n    <img decoding=\"async\"\n      loading=\"lazy\"\n      class=\"image__object lazyload\"\n      src=\"https:\/\/www.sgb-fss.ch\/content\/uploads\/2021\/06\/melanie-spiller-1440x0-c-default.jpg\"       data-sizes=\"auto\"\n      data-srcset=\"https:\/\/www.sgb-fss.ch\/content\/uploads\/2021\/06\/melanie-spiller-200x0-c-default.jpg 200w, https:\/\/www.sgb-fss.ch\/content\/uploads\/2021\/06\/melanie-spiller-100x0-c-default.jpg 100w, \"\n      alt=\"\"\n      width=\"567\"\n      height=\"567\"\n            >\n  <\/div>\n                                                    <\/div>\n                    <\/div>\n                    <div class=\"block-teasercontacts__text\">\n                        <p class=\"block-teasercontacts__name\"><strong><a href=\"https:\/\/www.sgb-fss.ch\/fr\/team\/melanie-spiller-reimann\/\">Melanie Spiller-Reimann<\/a><\/strong><\/p>\n                        <p class=\"block-teasercontacts__lead\">Cours et Famille\/\u00c9ducation<\/p>                    <\/div>\n                    <div class=\"block-teasercontacts__contacts\">\n                                                    <p>\n                                                                <a class=\"wp-block-button is-style-transparent\" href=\"mailto:m.spiller@sgb-fss.ch\"><span class=\"wp-block-button__link\"><i class=\"icon icon--mail\"><svg data-name=\"Ebene 1\" xmlns=\"http:\/\/www.w3.org\/2000\/svg\" viewBox=\"0 0 24 24\"><path d=\"M20.76 2.31H3.24A3.12 3.12 0 0 0 .12 5.43v13.14a3.12 3.12 0 0 0 3.12 3.12h17.52a3.12 3.12 0 0 0 3.12-3.12V5.43a3.12 3.12 0 0 0-3.12-3.12zM2.09 5a1.27 1.27 0 0 1 1.15-.78h17.52a1.24 1.24 0 0 1 1.11.74l.05.09-.09.06L12 12l-.07-.05-9.87-6.9zM22 18.57a1.26 1.26 0 0 1-1.26 1.27H3.24A1.27 1.27 0 0 1 2 18.57V7.21l9.5 6.69a.89.89 0 0 0 1 0L22 7.25z\"\/><\/svg><\/i><span class=\"wp-block-button__label\">m.spiller@sgb-fss.ch<\/span><\/span><\/a>                                                            <\/p>\n                                            <\/div>\n                <\/div>\n            <\/div>\n                    <\/div>\n<\/div>\n\n\n\n<h2 class=\"wp-block-heading\"><\/h2>\n\n\n\n<div class=\"wp-block-group has-schwarz-25-background-color has-background is-layout-constrained wp-block-group-is-layout-constrained\"><div class=\"block block-teaserpages\" id=\"block_52b846b951f8c1efbc4b352dad744d98\" data-block=\"Teaser Pages\">\n  <ul class=\"block-teaserpages__list\">\n            <li class=\"block-teaserpages__item\">\n        <a class=\"accent teaserpage\" href=\"https:\/\/www.sgb-fss.ch\/fr\/downloads\/\">\n  <div class=\"teaserpage__thumbnail\">\n            <div class=\"image teaserpage__thumbnail-image\" >\n    <img decoding=\"async\"\n      loading=\"lazy\"\n      class=\"image__object lazyload\"\n      src=\"https:\/\/www.sgb-fss.ch\/content\/uploads\/2024\/01\/downloads-f-1440x0-c-default.jpg\"       data-sizes=\"auto\"\n      data-srcset=\"https:\/\/www.sgb-fss.ch\/content\/uploads\/2024\/01\/downloads-f-1000x0-c-default.jpg 1000w, https:\/\/www.sgb-fss.ch\/content\/uploads\/2024\/01\/downloads-f-700x0-c-default.jpg 700w, https:\/\/www.sgb-fss.ch\/content\/uploads\/2024\/01\/downloads-f-350x0-c-default.jpg 350w, \"\n      alt=\"\"\n      width=\"1890\"\n      height=\"1063\"\n            >\n  <\/div>\n      <\/div>\n  <h3 class=\"teaserpage__title\">Downloads<\/h3>\n  <p class=\"teaserpage__lead\">Tu trouveras ici toutes les donn\u00e9es relatives \u00e0 cette page ainsi qu&rsquo;\u00e0 tous les autres domaines \u00e0 t\u00e9l\u00e9charger.<\/p>  <\/a>\n      <\/li>\n    <\/ul>\n<\/div>\n<\/div>\n","protected":false},"excerpt":{"rendered":"<p>Les premi\u00e8res ann\u00e9es sont essentielles dans le d\u00e9veloppement linguistique d\u2019un enfant. Les enfants sourds [&hellip;]<\/p>\n","protected":false},"author":40,"featured_media":16946,"parent":9128,"menu_order":0,"comment_status":"closed","ping_status":"closed","template":"","meta":{"_acf_changed":false,"inline_featured_image":false,"footnotes":""},"class_list":["post-14570","page","type-page","status-publish","has-post-thumbnail","hentry"],"acf":[],"yoast_head":"<!-- This site is optimized with the Yoast SEO plugin v27.4 - https:\/\/yoast.com\/product\/yoast-seo-wordpress\/ -->\n<title>Cours de LSF pr\u00e9coces - SGB-FSS<\/title>\n<meta name=\"robots\" content=\"index, follow, max-snippet:-1, max-image-preview:large, max-video-preview:-1\" \/>\n<link rel=\"canonical\" href=\"https:\/\/www.sgb-fss.ch\/fr\/domaines\/cours-relatifs-a-la-prise-en-charge-precoce\/\" \/>\n<meta property=\"og:locale\" content=\"fr_FR\" \/>\n<meta property=\"og:type\" content=\"article\" \/>\n<meta property=\"og:title\" content=\"Cours de LSF pr\u00e9coces - SGB-FSS\" \/>\n<meta property=\"og:description\" content=\"Les premi\u00e8res ann\u00e9es sont essentielles dans le d\u00e9veloppement linguistique d\u2019un enfant. Les enfants sourds [&hellip;]\" \/>\n<meta property=\"og:url\" content=\"https:\/\/www.sgb-fss.ch\/fr\/domaines\/cours-relatifs-a-la-prise-en-charge-precoce\/\" \/>\n<meta property=\"og:site_name\" content=\"SGB-FSS\" \/>\n<meta property=\"article:modified_time\" content=\"2024-08-27T06:37:06+00:00\" \/>\n<meta property=\"og:image\" content=\"https:\/\/www.sgb-fss.ch\/content\/uploads\/2023\/05\/bildung_kurse-scaled-e1684152904773.jpg\" \/>\n\t<meta property=\"og:image:width\" content=\"2560\" \/>\n\t<meta property=\"og:image:height\" content=\"1440\" \/>\n\t<meta property=\"og:image:type\" content=\"image\/jpeg\" \/>\n<meta name=\"twitter:card\" content=\"summary_large_image\" \/>\n<meta name=\"twitter:label1\" content=\"Dur\u00e9e de lecture estim\u00e9e\" \/>\n\t<meta name=\"twitter:data1\" content=\"2 minutes\" \/>\n<script type=\"application\/ld+json\" class=\"yoast-schema-graph\">{\"@context\":\"https:\\\/\\\/schema.org\",\"@graph\":[{\"@type\":\"WebPage\",\"@id\":\"https:\\\/\\\/www.sgb-fss.ch\\\/fr\\\/domaines\\\/cours-relatifs-a-la-prise-en-charge-precoce\\\/\",\"url\":\"https:\\\/\\\/www.sgb-fss.ch\\\/fr\\\/domaines\\\/cours-relatifs-a-la-prise-en-charge-precoce\\\/\",\"name\":\"Cours de LSF pr\u00e9coces - SGB-FSS\",\"isPartOf\":{\"@id\":\"https:\\\/\\\/www.sgb-fss.ch\\\/de\\\/#website\"},\"primaryImageOfPage\":{\"@id\":\"https:\\\/\\\/www.sgb-fss.ch\\\/fr\\\/domaines\\\/cours-relatifs-a-la-prise-en-charge-precoce\\\/#primaryimage\"},\"image\":{\"@id\":\"https:\\\/\\\/www.sgb-fss.ch\\\/fr\\\/domaines\\\/cours-relatifs-a-la-prise-en-charge-precoce\\\/#primaryimage\"},\"thumbnailUrl\":\"https:\\\/\\\/www.sgb-fss.ch\\\/content\\\/uploads\\\/2023\\\/05\\\/bildung_kurse-scaled-e1684152904773.jpg\",\"datePublished\":\"2023-05-12T14:36:48+00:00\",\"dateModified\":\"2024-08-27T06:37:06+00:00\",\"breadcrumb\":{\"@id\":\"https:\\\/\\\/www.sgb-fss.ch\\\/fr\\\/domaines\\\/cours-relatifs-a-la-prise-en-charge-precoce\\\/#breadcrumb\"},\"inLanguage\":\"fr-FR\",\"potentialAction\":[{\"@type\":\"ReadAction\",\"target\":[\"https:\\\/\\\/www.sgb-fss.ch\\\/fr\\\/domaines\\\/cours-relatifs-a-la-prise-en-charge-precoce\\\/\"]}]},{\"@type\":\"ImageObject\",\"inLanguage\":\"fr-FR\",\"@id\":\"https:\\\/\\\/www.sgb-fss.ch\\\/fr\\\/domaines\\\/cours-relatifs-a-la-prise-en-charge-precoce\\\/#primaryimage\",\"url\":\"https:\\\/\\\/www.sgb-fss.ch\\\/content\\\/uploads\\\/2023\\\/05\\\/bildung_kurse-scaled-e1684152904773.jpg\",\"contentUrl\":\"https:\\\/\\\/www.sgb-fss.ch\\\/content\\\/uploads\\\/2023\\\/05\\\/bildung_kurse-scaled-e1684152904773.jpg\",\"width\":2560,\"height\":1440},{\"@type\":\"BreadcrumbList\",\"@id\":\"https:\\\/\\\/www.sgb-fss.ch\\\/fr\\\/domaines\\\/cours-relatifs-a-la-prise-en-charge-precoce\\\/#breadcrumb\",\"itemListElement\":[{\"@type\":\"ListItem\",\"position\":1,\"name\":\"Home\",\"item\":\"https:\\\/\\\/www.sgb-fss.ch\\\/fr\\\/\"},{\"@type\":\"ListItem\",\"position\":2,\"name\":\"Domaines\",\"item\":\"https:\\\/\\\/www.sgb-fss.ch\\\/fr\\\/domaines\\\/\"},{\"@type\":\"ListItem\",\"position\":3,\"name\":\"Cours de LSF pr\u00e9coces\"}]},{\"@type\":\"WebSite\",\"@id\":\"https:\\\/\\\/www.sgb-fss.ch\\\/de\\\/#website\",\"url\":\"https:\\\/\\\/www.sgb-fss.ch\\\/de\\\/\",\"name\":\"SGB-FSS\",\"description\":\"\",\"potentialAction\":[{\"@type\":\"SearchAction\",\"target\":{\"@type\":\"EntryPoint\",\"urlTemplate\":\"https:\\\/\\\/www.sgb-fss.ch\\\/de\\\/?s={search_term_string}\"},\"query-input\":{\"@type\":\"PropertyValueSpecification\",\"valueRequired\":true,\"valueName\":\"search_term_string\"}}],\"inLanguage\":\"fr-FR\"}]}<\/script>\n<!-- \/ Yoast SEO plugin. -->","yoast_head_json":{"title":"Cours de LSF pr\u00e9coces - SGB-FSS","robots":{"index":"index","follow":"follow","max-snippet":"max-snippet:-1","max-image-preview":"max-image-preview:large","max-video-preview":"max-video-preview:-1"},"canonical":"https:\/\/www.sgb-fss.ch\/fr\/domaines\/cours-relatifs-a-la-prise-en-charge-precoce\/","og_locale":"fr_FR","og_type":"article","og_title":"Cours de LSF pr\u00e9coces - SGB-FSS","og_description":"Les premi\u00e8res ann\u00e9es sont essentielles dans le d\u00e9veloppement linguistique d\u2019un enfant. Les enfants sourds [&hellip;]","og_url":"https:\/\/www.sgb-fss.ch\/fr\/domaines\/cours-relatifs-a-la-prise-en-charge-precoce\/","og_site_name":"SGB-FSS","article_modified_time":"2024-08-27T06:37:06+00:00","og_image":[{"width":2560,"height":1440,"url":"https:\/\/www.sgb-fss.ch\/content\/uploads\/2023\/05\/bildung_kurse-scaled-e1684152904773.jpg","type":"image\/jpeg"}],"twitter_card":"summary_large_image","twitter_misc":{"Dur\u00e9e de lecture estim\u00e9e":"2 minutes"},"schema":{"@context":"https:\/\/schema.org","@graph":[{"@type":"WebPage","@id":"https:\/\/www.sgb-fss.ch\/fr\/domaines\/cours-relatifs-a-la-prise-en-charge-precoce\/","url":"https:\/\/www.sgb-fss.ch\/fr\/domaines\/cours-relatifs-a-la-prise-en-charge-precoce\/","name":"Cours de LSF pr\u00e9coces - SGB-FSS","isPartOf":{"@id":"https:\/\/www.sgb-fss.ch\/de\/#website"},"primaryImageOfPage":{"@id":"https:\/\/www.sgb-fss.ch\/fr\/domaines\/cours-relatifs-a-la-prise-en-charge-precoce\/#primaryimage"},"image":{"@id":"https:\/\/www.sgb-fss.ch\/fr\/domaines\/cours-relatifs-a-la-prise-en-charge-precoce\/#primaryimage"},"thumbnailUrl":"https:\/\/www.sgb-fss.ch\/content\/uploads\/2023\/05\/bildung_kurse-scaled-e1684152904773.jpg","datePublished":"2023-05-12T14:36:48+00:00","dateModified":"2024-08-27T06:37:06+00:00","breadcrumb":{"@id":"https:\/\/www.sgb-fss.ch\/fr\/domaines\/cours-relatifs-a-la-prise-en-charge-precoce\/#breadcrumb"},"inLanguage":"fr-FR","potentialAction":[{"@type":"ReadAction","target":["https:\/\/www.sgb-fss.ch\/fr\/domaines\/cours-relatifs-a-la-prise-en-charge-precoce\/"]}]},{"@type":"ImageObject","inLanguage":"fr-FR","@id":"https:\/\/www.sgb-fss.ch\/fr\/domaines\/cours-relatifs-a-la-prise-en-charge-precoce\/#primaryimage","url":"https:\/\/www.sgb-fss.ch\/content\/uploads\/2023\/05\/bildung_kurse-scaled-e1684152904773.jpg","contentUrl":"https:\/\/www.sgb-fss.ch\/content\/uploads\/2023\/05\/bildung_kurse-scaled-e1684152904773.jpg","width":2560,"height":1440},{"@type":"BreadcrumbList","@id":"https:\/\/www.sgb-fss.ch\/fr\/domaines\/cours-relatifs-a-la-prise-en-charge-precoce\/#breadcrumb","itemListElement":[{"@type":"ListItem","position":1,"name":"Home","item":"https:\/\/www.sgb-fss.ch\/fr\/"},{"@type":"ListItem","position":2,"name":"Domaines","item":"https:\/\/www.sgb-fss.ch\/fr\/domaines\/"},{"@type":"ListItem","position":3,"name":"Cours de LSF pr\u00e9coces"}]},{"@type":"WebSite","@id":"https:\/\/www.sgb-fss.ch\/de\/#website","url":"https:\/\/www.sgb-fss.ch\/de\/","name":"SGB-FSS","description":"","potentialAction":[{"@type":"SearchAction","target":{"@type":"EntryPoint","urlTemplate":"https:\/\/www.sgb-fss.ch\/de\/?s={search_term_string}"},"query-input":{"@type":"PropertyValueSpecification","valueRequired":true,"valueName":"search_term_string"}}],"inLanguage":"fr-FR"}]}},"_links":{"self":[{"href":"https:\/\/www.sgb-fss.ch\/fr\/wp-json\/wp\/v2\/pages\/14570","targetHints":{"allow":["GET"]}}],"collection":[{"href":"https:\/\/www.sgb-fss.ch\/fr\/wp-json\/wp\/v2\/pages"}],"about":[{"href":"https:\/\/www.sgb-fss.ch\/fr\/wp-json\/wp\/v2\/types\/page"}],"author":[{"embeddable":true,"href":"https:\/\/www.sgb-fss.ch\/fr\/wp-json\/wp\/v2\/users\/40"}],"replies":[{"embeddable":true,"href":"https:\/\/www.sgb-fss.ch\/fr\/wp-json\/wp\/v2\/comments?post=14570"}],"version-history":[{"count":23,"href":"https:\/\/www.sgb-fss.ch\/fr\/wp-json\/wp\/v2\/pages\/14570\/revisions"}],"predecessor-version":[{"id":34926,"href":"https:\/\/www.sgb-fss.ch\/fr\/wp-json\/wp\/v2\/pages\/14570\/revisions\/34926"}],"up":[{"embeddable":true,"href":"https:\/\/www.sgb-fss.ch\/fr\/wp-json\/wp\/v2\/pages\/9128"}],"wp:featuredmedia":[{"embeddable":true,"href":"https:\/\/www.sgb-fss.ch\/fr\/wp-json\/wp\/v2\/media\/16946"}],"wp:attachment":[{"href":"https:\/\/www.sgb-fss.ch\/fr\/wp-json\/wp\/v2\/media?parent=14570"}],"curies":[{"name":"wp","href":"https:\/\/api.w.org\/{rel}","templated":true}]}}