{"id":13938,"date":"2023-04-19T17:43:58","date_gmt":"2023-04-19T15:43:58","guid":{"rendered":"https:\/\/www.sgb-fss.ch\/?page_id=13938"},"modified":"2026-03-19T16:18:50","modified_gmt":"2026-03-19T15:18:50","slug":"fonds-de-soutien","status":"publish","type":"page","link":"https:\/\/www.sgb-fss.ch\/fr\/federation\/fonds-de-soutien\/","title":{"rendered":"Fonds de soutien"},"content":{"rendered":"\n<p class=\"is-style-lead\">La F\u00e9d\u00e9ration Suisse des Sourds met chaque ann\u00e9e des fonds \u00e0 disposition pour des projets de membres collectifs et des t\u00e2ches de partenaires r\u00e9gionaux. Le r\u00e8glement du fonds de soutien aide \u00e0 distribuer l&rsquo;argent et \u00e0 examiner les demandes.<\/p>\n\n\n\n<div class=\"wp-block-group has-sgb-fss-rot-50-background-color has-background is-layout-constrained wp-block-group-is-layout-constrained\">\n<div class=\"wp-block-columns is-layout-flex wp-container-core-columns-is-layout-9d6595d7 wp-block-columns-is-layout-flex\">\n<div class=\"wp-block-column is-layout-flow wp-block-column-is-layout-flow\">\n<h3 class=\"wp-block-heading\">Nouvelles<\/h3>\n\n\n\n<h4 class=\"wp-block-heading\">Les demandes pour le fonds de projet ainsi que pour le fonds de formation peuvent \u00eatre soumises \u00e0 partir d\u2019avril 2026. Nous vous prions d\u2019utiliser les formulaires de demande pr\u00e9vus \u00e0 cet effet et de les envoyer par e-mail.<\/h4>\n\n\n\n<p>Veuillez noter la nouvelle adresse e-mail : <a>foerderfonds@sgb-fss.ch<\/a><br><\/p>\n\n\n\n<p>Les demandes peuvent \u00eatre soumises <strong>\u00e0 partir d\u2019avril 2026.<\/strong><\/p>\n<\/div>\n<\/div>\n<\/div>\n\n\n\n<h2 class=\"wp-block-heading\"><strong>Quelles sont les conditions ?<\/strong><\/h2>\n\n\n\n<p>Il est recommand\u00e9 de lire attentivement <a href=\"https:\/\/www.sgb-fss.ch\/content\/uploads\/2023\/05\/reglement-des-fonds-de-soutien_sgb_fss_2024.pdf\" target=\"_blank\" rel=\"noreferrer noopener\">le r\u00e8glement du fonds de soutien<\/a>. Les projets doivent r\u00e9pondre aux crit\u00e8res qui y sont d\u00e9finis. De plus, le formulaire officiel de demande doit \u00eatre soumis dans les d\u00e9lais.<\/p>\n\n\n\n<p><strong>D\u00e9lai de d\u00e9p\u00f4t pour l\u2019ann\u00e9e de projet 2027 : 30 juin 2026<\/strong><\/p>\n\n\n\n<p>Pour toute question ou demande de soutien, les <a href=\"https:\/\/www.sgb-fss.ch\/fr\/federation\/partenaires\/\">partenaires r\u00e9gionaux<\/a> ainsi que la F\u00e9d\u00e9ration Suisse des Sourds sont \u00e0 votre disposition. Nous nous r\u00e9jouissons de d\u00e9couvrir des projets cr\u00e9atifs et impactants !<\/p>\n\n\n\n<blockquote class=\"wp-block-quote is-layout-flow wp-block-quote-is-layout-flow\">\n<p>Le r\u00e8glement du fonds de soutien d\u00e9finit des crit\u00e8res clairs et transparents pour les projets.<\/p>\n<cite>Ruedi Graf, Co-Direction<\/cite><\/blockquote>\n\n\n\n<h2 class=\"wp-block-heading\"><strong>Recettes de la collecte de fonds<\/strong><\/h2>\n\n\n\n<p>Chaque ann\u00e9e, la F\u00e9d\u00e9ration Suisse des Sourds met \u00e0 disposition 10 % des recettes de la collecte de fonds. L&rsquo;argent va proportionnellement \u00e0 un fonds r\u00e9gional, \u00e0 un fonds de projet pour les membres et \u00e0 un fonds de formation.<\/p>\n\n\n\n<p>Il est clairement \u00e9tabli quels fonds sont mis \u00e0 disposition dans quelles r\u00e9gions et pour quoi faire. Les crit\u00e8res de r\u00e9partition sont publics. Selon le fonds, les fonds non utilis\u00e9s d&rsquo;une ann\u00e9e sont en partie report\u00e9s sur l&rsquo;ann\u00e9e suivante.<\/p>\n\n\n\n<figure class=\"wp-block-image size-large\"><img loading=\"lazy\" decoding=\"async\" width=\"1024\" height=\"576\" src=\"https:\/\/www.sgb-fss.ch\/content\/uploads\/2023\/05\/finanzierung-f-2-1024x576.jpg\" alt=\"\" class=\"wp-image-17171\" srcset=\"https:\/\/www.sgb-fss.ch\/content\/uploads\/2023\/05\/finanzierung-f-2-1024x576.jpg 1024w, https:\/\/www.sgb-fss.ch\/content\/uploads\/2023\/05\/finanzierung-f-2-300x169.jpg 300w, https:\/\/www.sgb-fss.ch\/content\/uploads\/2023\/05\/finanzierung-f-2-150x84.jpg 150w, https:\/\/www.sgb-fss.ch\/content\/uploads\/2023\/05\/finanzierung-f-2-768x432.jpg 768w, https:\/\/www.sgb-fss.ch\/content\/uploads\/2023\/05\/finanzierung-f-2-1536x864.jpg 1536w, https:\/\/www.sgb-fss.ch\/content\/uploads\/2023\/05\/finanzierung-f-2-2048x1152.jpg 2048w, https:\/\/www.sgb-fss.ch\/content\/uploads\/2023\/05\/finanzierung-f-2-178x100.jpg 178w, https:\/\/www.sgb-fss.ch\/content\/uploads\/2023\/05\/finanzierung-f-2-600x337.jpg 600w\" sizes=\"auto, (max-width: 1024px) 100vw, 1024px\" \/><\/figure>\n\n\n\n<div class=\"wp-block-columns is-layout-flex wp-container-core-columns-is-layout-9d6595d7 wp-block-columns-is-layout-flex\">\n<div class=\"wp-block-column is-layout-flow wp-block-column-is-layout-flow\" style=\"flex-basis:100%\">\n<div class=\"wp-block-group has-sgb-fss-rot-15-background-color has-background is-layout-constrained wp-block-group-is-layout-constrained\">\n<h2 class=\"wp-block-heading\">Fonds r\u00e9gional<\/h2>\n\n\n\n<p>Les 7 grandes r\u00e9gions de Suisse re\u00e7oivent chaque ann\u00e9e un montant fixe pour les organisations partenaires, qu&rsquo;elles peuvent utiliser pour la coordination, le travail en r\u00e9seau et la d\u00e9fense des int\u00e9r\u00eats dans les r\u00e9gions.<\/p>\n<\/div>\n<\/div>\n<\/div>\n\n\n\n<div class=\"wp-block-columns is-layout-flex wp-container-core-columns-is-layout-9d6595d7 wp-block-columns-is-layout-flex\">\n<div class=\"wp-block-column is-layout-flow wp-block-column-is-layout-flow\" style=\"flex-basis:100%\">\n<div class=\"wp-block-group has-sgb-fss-blue-15-background-color has-background is-layout-constrained wp-block-group-is-layout-constrained\">\n<h2 class=\"wp-block-heading\"><strong>Fonds de projets<\/strong> de membres<\/h2>\n\n\n\n<p>Cet argent est allou\u00e9 \u00e0 des projets qui soutiennent la strat\u00e9gie de la F\u00e9d\u00e9ration Suisse des Sourds et \u00e0 des projets d&rsquo;entraide \u00e0 bas seuil des membres.<\/p>\n\n\n\n<div class=\"wp-block-file\"><a id=\"wp-block-file--media-5f3955e3-63b2-4f45-9f59-61eb5edf6cbc\" href=\"https:\/\/www.sgb-fss.ch\/content\/uploads\/formulaire-de-demande-projets-membres-2027.pdf\">formulaire-de-demande-projets-membres-2027<\/a><a href=\"https:\/\/www.sgb-fss.ch\/content\/uploads\/formulaire-de-demande-projets-membres-2027.pdf\" class=\"wp-block-file__button wp-element-button\" download aria-describedby=\"wp-block-file--media-5f3955e3-63b2-4f45-9f59-61eb5edf6cbc\">Herunterladen<\/a><\/div>\n<\/div>\n<\/div>\n<\/div>\n\n\n\n<div class=\"wp-block-columns is-layout-flex wp-container-core-columns-is-layout-9d6595d7 wp-block-columns-is-layout-flex\">\n<div class=\"wp-block-column is-layout-flow wp-block-column-is-layout-flow\" style=\"flex-basis:100%\">\n<div class=\"wp-block-group has-pflaume-10-background-color has-background is-layout-constrained wp-block-group-is-layout-constrained\">\n<h2 class=\"wp-block-heading\"><strong>Fonds de formation<\/strong><\/h2>\n\n\n\n<p>Fonds de formation sont encourag\u00e9es les formations, les formations continues et les \u00e9tudes ax\u00e9es sur la langue des signes\/la culture des sourds et les m\u00e9tiers de l&rsquo;interpr\u00e9tation\/de la traduction qui font progresser et \u00e9largissent la participation sociale et inclusive des personnes concern\u00e9es par un handicap auditif.<\/p>\n\n\n\n<div class=\"wp-block-file\"><a id=\"wp-block-file--media-2567b3cb-175f-4210-adec-a21355032f7f\" href=\"https:\/\/www.sgb-fss.ch\/content\/uploads\/formulaire-de-demande-fonds-de-formation-2027.pdf\">formulaire-de-demande-fonds-de-formation-2027<\/a><a href=\"https:\/\/www.sgb-fss.ch\/content\/uploads\/formulaire-de-demande-fonds-de-formation-2027.pdf\" class=\"wp-block-file__button wp-element-button\" download aria-describedby=\"wp-block-file--media-2567b3cb-175f-4210-adec-a21355032f7f\">Herunterladen<\/a><\/div>\n<\/div>\n<\/div>\n<\/div>\n\n\n\n<div class=\"wp-block-columns is-layout-flex wp-container-core-columns-is-layout-9d6595d7 wp-block-columns-is-layout-flex\">\n<div class=\"wp-block-column is-layout-flow wp-block-column-is-layout-flow\" style=\"flex-basis:100%\">\n<div class=\"wp-block-group has-sgb-fss-rot-15-background-color has-background is-layout-flow wp-block-group-is-layout-flow\">\n<p><strong>Par courrier<\/strong><br>F\u00e9d\u00e9ration Suisse des Sourds SGB-FSS<br>Secr\u00e9tariat\/Requ\u00eates<br>R\u00e4ffelstrasse 24<br>CH-8045 Zurich<\/p>\n\n\n\n<p><strong>Par e-mail<\/strong><br><a href=\"mailto:direction@sgb-fss.ch\" target=\"_blank\" rel=\"noreferrer noopener\">foerderfonds@sgb-fss.ch<br><\/a>Avec l&rsquo;objet : Demandes<\/p>\n\n\n\n<p class=\"has-sgb-fss-rot-color has-text-color\">Si vous avez besoin d&rsquo;aide pour remplir les formulaires ou si vous avez des questions sur le r\u00e8glement de financement, contactez le <a href=\"https:\/\/www.sgb-fss.ch\/fr\/federation\/partenaires\/\">partenaire r\u00e9gional<\/a> de la F\u00e9d\u00e9ration Suisse des Sourds.<\/p>\n<\/div>\n<\/div>\n<\/div>\n\n\n<div class=\"block block-teasercontacts block-teasercontacts--boxed\" id=\"block_fcabbd364616fcb701fd1ca22fa708d0\" data-block=\"Teaser Contacts\">\n    <div class=\"block-teasercontacts__header\"><p class=\"block-teasercontacts__title\">Des questions sur le r\u00e8glement de promotion? N&rsquo;h\u00e9sitez pas \u00e0 me contacter.<\/p><\/div>    <div class=\"block-teasercontacts__list\">\n                                        <div class=\"block-teasercontacts__item\">\n                <div class=\"block-teasercontacts__link\">\n                    <div class=\"block-teasercontacts__media\">\n                        <div class=\"block-teasercontacts__thumbnail accent__darkred has-background-accent\">\n                                                              <div class=\"image block-teasercontacts__thumbnail-image\" >\n    <img decoding=\"async\"\n      loading=\"lazy\"\n      class=\"image__object lazyload\"\n      src=\"https:\/\/www.sgb-fss.ch\/content\/uploads\/2021\/06\/nathalie-gagneux-1440x0-c-default.jpg\"       data-sizes=\"auto\"\n      data-srcset=\"https:\/\/www.sgb-fss.ch\/content\/uploads\/2021\/06\/nathalie-gagneux-200x0-c-default.jpg 200w, https:\/\/www.sgb-fss.ch\/content\/uploads\/2021\/06\/nathalie-gagneux-100x0-c-default.jpg 100w, \"\n      alt=\"\"\n      width=\"567\"\n      height=\"567\"\n            >\n  <\/div>\n                                                    <\/div>\n                    <\/div>\n                    <div class=\"block-teasercontacts__text\">\n                        <p class=\"block-teasercontacts__name\"><strong><a href=\"https:\/\/www.sgb-fss.ch\/fr\/team\/nathalie-gagneux-2\/\">Nathalie Gagneux<\/a><\/strong><\/p>\n                        <p class=\"block-teasercontacts__lead\">Comptabilit\u00e9<\/p>                    <\/div>\n                    <div class=\"block-teasercontacts__contacts\">\n                                                    <estos-widget sip=\"sip:direction@sgb-fss.ch\" configurl=\"\/estos-config.php?options=textchat,videochat\" class=\"display-none\"><\/estos-widget>\n                            <div class=\"wp-block-button is-style-transparent\" onclick=\"(document.querySelector('estos-widget').classList.toggle('display-none'), document.querySelector('estos-widget').shadowRoot.querySelector('estos-contact-widget').shadowRoot.querySelector('paper-icon-button').click());\"><span class=\"wp-block-button__link\"><i class=\"icon icon--mail\"><svg data-name=\"Ebene 1\" xmlns=\"http:\/\/www.w3.org\/2000\/svg\" viewBox=\"0 0 24 24\"><path d=\"M20.76 2.31H3.24A3.12 3.12 0 0 0 .12 5.43v13.14a3.12 3.12 0 0 0 3.12 3.12h17.52a3.12 3.12 0 0 0 3.12-3.12V5.43a3.12 3.12 0 0 0-3.12-3.12zM2.09 5a1.27 1.27 0 0 1 1.15-.78h17.52a1.24 1.24 0 0 1 1.11.74l.05.09-.09.06L12 12l-.07-.05-9.87-6.9zM22 18.57a1.26 1.26 0 0 1-1.26 1.27H3.24A1.27 1.27 0 0 1 2 18.57V7.21l9.5 6.69a.89.89 0 0 0 1 0L22 7.25z\"\/><\/svg><\/i><i class=\"icon icon--video\"><svg data-name=\"Ebene 1\" xmlns=\"http:\/\/www.w3.org\/2000\/svg\" viewBox=\"0 0 24 24\"><path d=\"M23.4 6.22a.9.9 0 0 0-.87.07l-5.66 4V7A2.89 2.89 0 0 0 14 4.12H3A2.89 2.89 0 0 0 .12 7v10A2.89 2.89 0 0 0 3 19.88h11A2.89 2.89 0 0 0 16.87 17v-3.3l.2.14 5.42 3.87a.94.94 0 0 0 .51.17 1.17 1.17 0 0 0 .41-.1.86.86 0 0 0 .46-.78V7a.84.84 0 0 0-.47-.78zM15.12 17A1.12 1.12 0 0 1 14 18.12H3A1.13 1.13 0 0 1 1.87 17V7A1.13 1.13 0 0 1 3 5.88h11A1.12 1.12 0 0 1 15.12 7zm7-1.7L17.5 12l4.62-3.3z\"\/><\/svg><\/i><i class=\"icon icon--phone\"><svg data-name=\"Ebene 1\" xmlns=\"http:\/\/www.w3.org\/2000\/svg\" viewBox=\"0 0 24 24\"><path d=\"M21.22 14.33a13.27 13.27 0 0 1-2.92-.72 3.09 3.09 0 0 0-1.73-.13 3 3 0 0 0-1.53.83l-.93.92-.11-.06a17 17 0 0 1-5.23-5.24v-.09l.93-.93a3.05 3.05 0 0 0 .82-1.49 3.1 3.1 0 0 0-.13-1.73 13.34 13.34 0 0 1-.73-2.91A3.12 3.12 0 0 0 6.54.12H3.19A3 3 0 0 0 2 .38a3 3 0 0 0-1 .71 3.32 3.32 0 0 0-.71 1.13A3.1 3.1 0 0 0 .13 3.5a23 23 0 0 0 3.54 10 22.75 22.75 0 0 0 6.9 6.88 23 23 0 0 0 10 3.54h.28a3 3 0 0 0 1-.16 3.12 3.12 0 0 0 1.1-.64 3.29 3.29 0 0 0 1-2.29v-3.3a3.08 3.08 0 0 0-2.73-3.2zm.91 6.46a1.45 1.45 0 0 1-.11.54 1.43 1.43 0 0 1-.32.44 1.53 1.53 0 0 1-.47.29 1.76 1.76 0 0 1-.45.07h-.08a21.08 21.08 0 0 1-9.18-3.26 21 21 0 0 1-6.38-6.37 21.11 21.11 0 0 1-3.25-9.17 1.29 1.29 0 0 1 .34-1A1.34 1.34 0 0 1 2.67 2a1.51 1.51 0 0 1 .55-.12H6.6A1.29 1.29 0 0 1 7.88 3a14.68 14.68 0 0 0 .82 3.27 1.41 1.41 0 0 1 .06.73 1.3 1.3 0 0 1-.36.66L7 9.09a.87.87 0 0 0-.09 1.07 18.6 18.6 0 0 0 7 7 .88.88 0 0 0 1.01-.16l1.36-1.39a1.23 1.23 0 0 1 .66-.36 1.21 1.21 0 0 1 .75.06 16.17 16.17 0 0 0 3.31.79 1.29 1.29 0 0 1 .83.46 1.25 1.25 0 0 1 .32.89z\"\/><\/svg><\/i><span class=\"wp-block-button__label\">Prendre contact<\/span><\/span><\/div>\n                                            <\/div>\n                <\/div>\n            <\/div>\n                    <\/div>\n<\/div>\n\n\n\n<h2 class=\"wp-block-heading\"><\/h2>\n\n\n\n<div class=\"wp-block-group has-schwarz-25-background-color has-background is-layout-constrained wp-block-group-is-layout-constrained\"><div class=\"block block-teaserpages\" id=\"block_a8e3beccd2050cb33d909c7b77b3313f\" data-block=\"Teaser Pages\">\n  <ul class=\"block-teaserpages__list\">\n            <li class=\"block-teaserpages__item\">\n        <a class=\"accent teaserpage\" href=\"https:\/\/www.sgb-fss.ch\/fr\/downloads\/\">\n  <div class=\"teaserpage__thumbnail\">\n            <div class=\"image teaserpage__thumbnail-image\" >\n    <img decoding=\"async\"\n      loading=\"lazy\"\n      class=\"image__object lazyload\"\n      src=\"https:\/\/www.sgb-fss.ch\/content\/uploads\/2024\/01\/downloads-f-1440x0-c-default.jpg\"       data-sizes=\"auto\"\n      data-srcset=\"https:\/\/www.sgb-fss.ch\/content\/uploads\/2024\/01\/downloads-f-1000x0-c-default.jpg 1000w, https:\/\/www.sgb-fss.ch\/content\/uploads\/2024\/01\/downloads-f-700x0-c-default.jpg 700w, https:\/\/www.sgb-fss.ch\/content\/uploads\/2024\/01\/downloads-f-350x0-c-default.jpg 350w, \"\n      alt=\"\"\n      width=\"1890\"\n      height=\"1063\"\n            >\n  <\/div>\n      <\/div>\n  <h3 class=\"teaserpage__title\">Downloads<\/h3>\n  <p class=\"teaserpage__lead\">Tu trouveras ici toutes les donn\u00e9es relatives \u00e0 cette page ainsi qu&rsquo;\u00e0 tous les autres domaines \u00e0 t\u00e9l\u00e9charger.<\/p>  <\/a>\n      <\/li>\n    <\/ul>\n<\/div>\n<\/div>\n","protected":false},"excerpt":{"rendered":"<p>La F\u00e9d\u00e9ration Suisse des Sourds met chaque ann\u00e9e des fonds \u00e0 disposition pour des [&hellip;]<\/p>\n","protected":false},"author":8,"featured_media":25359,"parent":22947,"menu_order":0,"comment_status":"closed","ping_status":"closed","template":"","meta":{"_acf_changed":false,"inline_featured_image":false,"footnotes":""},"class_list":["post-13938","page","type-page","status-publish","has-post-thumbnail","hentry"],"acf":[],"yoast_head":"<!-- This site is optimized with the Yoast SEO plugin v27.4 - https:\/\/yoast.com\/product\/yoast-seo-wordpress\/ -->\n<title>Fonds de soutien - SGB-FSS<\/title>\n<meta name=\"robots\" content=\"index, follow, max-snippet:-1, max-image-preview:large, max-video-preview:-1\" \/>\n<link rel=\"canonical\" href=\"https:\/\/www.sgb-fss.ch\/fr\/federation\/fonds-de-soutien\/\" \/>\n<meta property=\"og:locale\" content=\"fr_FR\" \/>\n<meta property=\"og:type\" content=\"article\" \/>\n<meta property=\"og:title\" content=\"Fonds de soutien - SGB-FSS\" \/>\n<meta property=\"og:description\" content=\"La F\u00e9d\u00e9ration Suisse des Sourds met chaque ann\u00e9e des fonds \u00e0 disposition pour des [&hellip;]\" \/>\n<meta property=\"og:url\" content=\"https:\/\/www.sgb-fss.ch\/fr\/federation\/fonds-de-soutien\/\" \/>\n<meta property=\"og:site_name\" content=\"SGB-FSS\" \/>\n<meta property=\"article:modified_time\" content=\"2026-03-19T15:18:50+00:00\" \/>\n<meta property=\"og:image\" content=\"https:\/\/www.sgb-fss.ch\/content\/uploads\/2023\/09\/istock-1316029970-scaled.jpg\" \/>\n\t<meta property=\"og:image:width\" content=\"2560\" \/>\n\t<meta property=\"og:image:height\" content=\"1707\" \/>\n\t<meta property=\"og:image:type\" content=\"image\/jpeg\" \/>\n<meta name=\"twitter:card\" content=\"summary_large_image\" \/>\n<meta name=\"twitter:label1\" content=\"Dur\u00e9e de lecture estim\u00e9e\" \/>\n\t<meta name=\"twitter:data1\" content=\"3 minutes\" \/>\n<script type=\"application\/ld+json\" class=\"yoast-schema-graph\">{\"@context\":\"https:\\\/\\\/schema.org\",\"@graph\":[{\"@type\":\"WebPage\",\"@id\":\"https:\\\/\\\/www.sgb-fss.ch\\\/fr\\\/federation\\\/fonds-de-soutien\\\/\",\"url\":\"https:\\\/\\\/www.sgb-fss.ch\\\/fr\\\/federation\\\/fonds-de-soutien\\\/\",\"name\":\"Fonds de soutien - SGB-FSS\",\"isPartOf\":{\"@id\":\"https:\\\/\\\/www.sgb-fss.ch\\\/de\\\/#website\"},\"primaryImageOfPage\":{\"@id\":\"https:\\\/\\\/www.sgb-fss.ch\\\/fr\\\/federation\\\/fonds-de-soutien\\\/#primaryimage\"},\"image\":{\"@id\":\"https:\\\/\\\/www.sgb-fss.ch\\\/fr\\\/federation\\\/fonds-de-soutien\\\/#primaryimage\"},\"thumbnailUrl\":\"https:\\\/\\\/www.sgb-fss.ch\\\/content\\\/uploads\\\/2023\\\/09\\\/istock-1316029970-scaled.jpg\",\"datePublished\":\"2023-04-19T15:43:58+00:00\",\"dateModified\":\"2026-03-19T15:18:50+00:00\",\"breadcrumb\":{\"@id\":\"https:\\\/\\\/www.sgb-fss.ch\\\/fr\\\/federation\\\/fonds-de-soutien\\\/#breadcrumb\"},\"inLanguage\":\"fr-FR\",\"potentialAction\":[{\"@type\":\"ReadAction\",\"target\":[\"https:\\\/\\\/www.sgb-fss.ch\\\/fr\\\/federation\\\/fonds-de-soutien\\\/\"]}]},{\"@type\":\"ImageObject\",\"inLanguage\":\"fr-FR\",\"@id\":\"https:\\\/\\\/www.sgb-fss.ch\\\/fr\\\/federation\\\/fonds-de-soutien\\\/#primaryimage\",\"url\":\"https:\\\/\\\/www.sgb-fss.ch\\\/content\\\/uploads\\\/2023\\\/09\\\/istock-1316029970-scaled.jpg\",\"contentUrl\":\"https:\\\/\\\/www.sgb-fss.ch\\\/content\\\/uploads\\\/2023\\\/09\\\/istock-1316029970-scaled.jpg\",\"width\":2560,\"height\":1707,\"caption\":\"Close-up of mans hands calculating final price of purchase. Competent Real Estate Agent preparing homeowner contract. Rental agreement investment and property concept\"},{\"@type\":\"BreadcrumbList\",\"@id\":\"https:\\\/\\\/www.sgb-fss.ch\\\/fr\\\/federation\\\/fonds-de-soutien\\\/#breadcrumb\",\"itemListElement\":[{\"@type\":\"ListItem\",\"position\":1,\"name\":\"Home\",\"item\":\"https:\\\/\\\/www.sgb-fss.ch\\\/fr\\\/\"},{\"@type\":\"ListItem\",\"position\":2,\"name\":\"F\u00e9d\u00e9ration\",\"item\":\"https:\\\/\\\/www.sgb-fss.ch\\\/fr\\\/federation\\\/\"},{\"@type\":\"ListItem\",\"position\":3,\"name\":\"Fonds de soutien\"}]},{\"@type\":\"WebSite\",\"@id\":\"https:\\\/\\\/www.sgb-fss.ch\\\/de\\\/#website\",\"url\":\"https:\\\/\\\/www.sgb-fss.ch\\\/de\\\/\",\"name\":\"SGB-FSS\",\"description\":\"\",\"potentialAction\":[{\"@type\":\"SearchAction\",\"target\":{\"@type\":\"EntryPoint\",\"urlTemplate\":\"https:\\\/\\\/www.sgb-fss.ch\\\/de\\\/?s={search_term_string}\"},\"query-input\":{\"@type\":\"PropertyValueSpecification\",\"valueRequired\":true,\"valueName\":\"search_term_string\"}}],\"inLanguage\":\"fr-FR\"}]}<\/script>\n<!-- \/ Yoast SEO plugin. -->","yoast_head_json":{"title":"Fonds de soutien - SGB-FSS","robots":{"index":"index","follow":"follow","max-snippet":"max-snippet:-1","max-image-preview":"max-image-preview:large","max-video-preview":"max-video-preview:-1"},"canonical":"https:\/\/www.sgb-fss.ch\/fr\/federation\/fonds-de-soutien\/","og_locale":"fr_FR","og_type":"article","og_title":"Fonds de soutien - SGB-FSS","og_description":"La F\u00e9d\u00e9ration Suisse des Sourds met chaque ann\u00e9e des fonds \u00e0 disposition pour des [&hellip;]","og_url":"https:\/\/www.sgb-fss.ch\/fr\/federation\/fonds-de-soutien\/","og_site_name":"SGB-FSS","article_modified_time":"2026-03-19T15:18:50+00:00","og_image":[{"width":2560,"height":1707,"url":"https:\/\/www.sgb-fss.ch\/content\/uploads\/2023\/09\/istock-1316029970-scaled.jpg","type":"image\/jpeg"}],"twitter_card":"summary_large_image","twitter_misc":{"Dur\u00e9e de lecture estim\u00e9e":"3 minutes"},"schema":{"@context":"https:\/\/schema.org","@graph":[{"@type":"WebPage","@id":"https:\/\/www.sgb-fss.ch\/fr\/federation\/fonds-de-soutien\/","url":"https:\/\/www.sgb-fss.ch\/fr\/federation\/fonds-de-soutien\/","name":"Fonds de soutien - SGB-FSS","isPartOf":{"@id":"https:\/\/www.sgb-fss.ch\/de\/#website"},"primaryImageOfPage":{"@id":"https:\/\/www.sgb-fss.ch\/fr\/federation\/fonds-de-soutien\/#primaryimage"},"image":{"@id":"https:\/\/www.sgb-fss.ch\/fr\/federation\/fonds-de-soutien\/#primaryimage"},"thumbnailUrl":"https:\/\/www.sgb-fss.ch\/content\/uploads\/2023\/09\/istock-1316029970-scaled.jpg","datePublished":"2023-04-19T15:43:58+00:00","dateModified":"2026-03-19T15:18:50+00:00","breadcrumb":{"@id":"https:\/\/www.sgb-fss.ch\/fr\/federation\/fonds-de-soutien\/#breadcrumb"},"inLanguage":"fr-FR","potentialAction":[{"@type":"ReadAction","target":["https:\/\/www.sgb-fss.ch\/fr\/federation\/fonds-de-soutien\/"]}]},{"@type":"ImageObject","inLanguage":"fr-FR","@id":"https:\/\/www.sgb-fss.ch\/fr\/federation\/fonds-de-soutien\/#primaryimage","url":"https:\/\/www.sgb-fss.ch\/content\/uploads\/2023\/09\/istock-1316029970-scaled.jpg","contentUrl":"https:\/\/www.sgb-fss.ch\/content\/uploads\/2023\/09\/istock-1316029970-scaled.jpg","width":2560,"height":1707,"caption":"Close-up of mans hands calculating final price of purchase. Competent Real Estate Agent preparing homeowner contract. Rental agreement investment and property concept"},{"@type":"BreadcrumbList","@id":"https:\/\/www.sgb-fss.ch\/fr\/federation\/fonds-de-soutien\/#breadcrumb","itemListElement":[{"@type":"ListItem","position":1,"name":"Home","item":"https:\/\/www.sgb-fss.ch\/fr\/"},{"@type":"ListItem","position":2,"name":"F\u00e9d\u00e9ration","item":"https:\/\/www.sgb-fss.ch\/fr\/federation\/"},{"@type":"ListItem","position":3,"name":"Fonds de soutien"}]},{"@type":"WebSite","@id":"https:\/\/www.sgb-fss.ch\/de\/#website","url":"https:\/\/www.sgb-fss.ch\/de\/","name":"SGB-FSS","description":"","potentialAction":[{"@type":"SearchAction","target":{"@type":"EntryPoint","urlTemplate":"https:\/\/www.sgb-fss.ch\/de\/?s={search_term_string}"},"query-input":{"@type":"PropertyValueSpecification","valueRequired":true,"valueName":"search_term_string"}}],"inLanguage":"fr-FR"}]}},"_links":{"self":[{"href":"https:\/\/www.sgb-fss.ch\/fr\/wp-json\/wp\/v2\/pages\/13938","targetHints":{"allow":["GET"]}}],"collection":[{"href":"https:\/\/www.sgb-fss.ch\/fr\/wp-json\/wp\/v2\/pages"}],"about":[{"href":"https:\/\/www.sgb-fss.ch\/fr\/wp-json\/wp\/v2\/types\/page"}],"author":[{"embeddable":true,"href":"https:\/\/www.sgb-fss.ch\/fr\/wp-json\/wp\/v2\/users\/8"}],"replies":[{"embeddable":true,"href":"https:\/\/www.sgb-fss.ch\/fr\/wp-json\/wp\/v2\/comments?post=13938"}],"version-history":[{"count":60,"href":"https:\/\/www.sgb-fss.ch\/fr\/wp-json\/wp\/v2\/pages\/13938\/revisions"}],"predecessor-version":[{"id":44506,"href":"https:\/\/www.sgb-fss.ch\/fr\/wp-json\/wp\/v2\/pages\/13938\/revisions\/44506"}],"up":[{"embeddable":true,"href":"https:\/\/www.sgb-fss.ch\/fr\/wp-json\/wp\/v2\/pages\/22947"}],"wp:featuredmedia":[{"embeddable":true,"href":"https:\/\/www.sgb-fss.ch\/fr\/wp-json\/wp\/v2\/media\/25359"}],"wp:attachment":[{"href":"https:\/\/www.sgb-fss.ch\/fr\/wp-json\/wp\/v2\/media?parent=13938"}],"curies":[{"name":"wp","href":"https:\/\/api.w.org\/{rel}","templated":true}]}}