{"id":13283,"date":"2023-04-19T17:28:34","date_gmt":"2023-04-19T15:28:34","guid":{"rendered":"https:\/\/www.sgb-fss.ch\/?page_id=13283"},"modified":"2025-12-08T16:53:27","modified_gmt":"2025-12-08T15:53:27","slug":"parrainage-langue-des-signes","status":"publish","type":"page","link":"https:\/\/www.sgb-fss.ch\/fr\/soutien\/parrainage-langue-des-signes\/","title":{"rendered":"Parrainage langue des signes"},"content":{"rendered":"\n<p class=\"is-style-lead\">Avec ce parrainage, vous encouragez la langue des signes et donc les personnes sourdes en Suisse.<\/p>\n\n\n\n<figure class=\"wp-block-image size-full\"><img loading=\"lazy\" decoding=\"async\" width=\"2560\" height=\"1700\" src=\"https:\/\/www.sgb-fss.ch\/content\/uploads\/spenden_eng2879-scaled.jpg\" alt=\"\" class=\"wp-image-42282\" srcset=\"https:\/\/www.sgb-fss.ch\/content\/uploads\/spenden_eng2879-scaled.jpg 2560w, https:\/\/www.sgb-fss.ch\/content\/uploads\/spenden_eng2879-300x199.jpg 300w, https:\/\/www.sgb-fss.ch\/content\/uploads\/spenden_eng2879-1024x680.jpg 1024w, https:\/\/www.sgb-fss.ch\/content\/uploads\/spenden_eng2879-150x100.jpg 150w, https:\/\/www.sgb-fss.ch\/content\/uploads\/spenden_eng2879-768x510.jpg 768w, https:\/\/www.sgb-fss.ch\/content\/uploads\/spenden_eng2879-1536x1020.jpg 1536w, https:\/\/www.sgb-fss.ch\/content\/uploads\/spenden_eng2879-2048x1360.jpg 2048w, https:\/\/www.sgb-fss.ch\/content\/uploads\/spenden_eng2879-151x100.jpg 151w\" sizes=\"auto, (max-width: 2560px) 100vw, 2560px\" \/><\/figure>\n\n\n\n<h2 class=\"wp-block-heading\"><strong><strong>Pourquoi la langue des signes est-elle si importante&nbsp;?<\/strong><\/strong><\/h2>\n\n\n\n<p>\u00catre sourd signifie \u00eatre visuel. Les personnes sourdes per\u00e7oivent le monde avec les yeux et communiquent avec les mains. La langue des signes est leur langue maternelle naturelle. La langue parl\u00e9e et \u00e9crite en revanche est pour eux une langue \u00e9trang\u00e8re. Encourager la langue des signes, c\u2019est encourager les personnes sourdes.<\/p>\n\n\n\n<p><strong><strong>Comment le parrainage aide-t-il la langue des signes&nbsp;?<\/strong><\/strong><\/p>\n\n\n\n<p>Votre parrainage nous permet de r\u00e9aliser diff\u00e9rentes offres en lien avec la langue des signes&nbsp;:<\/p>\n\n\n\n<ul class=\"wp-block-list\">\n<li>Suivi et d\u00e9veloppement de notre <a href=\"https:\/\/www.sgb-fss.ch\/signsuisse\/fr\/\">Lexique de langue des signes<\/a> \u00absignsuisse\u00bb, qui contient pr\u00e8s de 19&nbsp;000&nbsp;signes dans les trois langues des signes suisses<\/li>\n<\/ul>\n\n\n\n<ul class=\"wp-block-list\">\n<li>Suivi et d\u00e9veloppement de notre <a href=\"https:\/\/www.sgb-fss.ch\/fr\/offres\/apprendre-la-lsf-sur-signwise-ch\/\" target=\"_blank\" rel=\"noreferrer noopener\">Plateforme d\u2019e-learning signwise.ch, un outil linguistique pour les trois langues des signes suisses<\/a><\/li>\n<\/ul>\n\n\n\n<ul class=\"wp-block-list\">\n<li>Mise en place d\u2019une plateforme de connaissances en ligne contenant des informations et des connaissances dans les trois langues des signes suisses (par exemple en mati\u00e8re de sant\u00e9 et de pr\u00e9vention)<\/li>\n<\/ul>\n\n\n\n<p>Vous contribuez en outre \u00e0 accompagner les familles avec enfants sourds et \u00e0 leur offrir des histoires sur <a href=\"https:\/\/fr.deafliteracy.ch\/\" target=\"_blank\" rel=\"noreferrer noopener\">Read to Deaf Kids<\/a>.<\/p>\n\n\n\n<h3 class=\"wp-block-heading\"><strong>Les avantages de votre parrainage de la langue des signes<\/strong><\/h3>\n\n\n\n<p>Par votre contribution r\u00e9guli\u00e8re de parrainage, vous envoyez un signal fort et en profitez \u00e9galement&nbsp;:<\/p>\n\n\n\n<ul class=\"wp-block-list\">\n<li>Vous soutenez de mani\u00e8re cibl\u00e9e la langue des personnes sourdes.<\/li>\n<\/ul>\n\n\n\n<ul class=\"wp-block-list\">\n<li>Vous recevez r\u00e9guli\u00e8rement des actualit\u00e9s sur les projets et offres en cours.<\/li>\n<\/ul>\n\n\n\n<ul class=\"wp-block-list\">\n<li>La r\u00e9gularit\u00e9 de votre contribution nous fournit une s\u00e9curit\u00e9 pour la planification de notre travail.<\/li>\n<\/ul>\n\n\n\n<blockquote class=\"wp-block-quote has-sgb-fss-rot-background-color has-background is-layout-flow wp-block-quote-is-layout-flow\">\n<p>La plupart des personnes ne se sont encore jamais pos\u00e9 la question de savoir ce que signifie pouvoir tout faire \u2013 \u00e0 part entendre.<\/p>\n<cite>Gabriela Conigliaro-Camelin (sourde), People &amp; Culture<\/cite><\/blockquote>\n\n\n\n<div class=\"wp-block-group is-layout-flow wp-block-group-is-layout-flow\">\n<div class=\"wp-block-columns is-layout-flex wp-container-core-columns-is-layout-9d6595d7 wp-block-columns-is-layout-flex\">\n<div class=\"wp-block-column is-vertically-aligned-center has-sgb-fss-rot-50-background-color has-background is-layout-flow wp-block-column-is-layout-flow\">\n<h4 class=\"wp-block-heading has-text-align-center\"><strong>Oui, j\u2019offre un parrainage&nbsp;!<\/strong><\/h4>\n\n\n\n<div class=\"wp-block-buttons is-content-justification-center is-layout-flex wp-container-core-buttons-is-layout-16018d1d wp-block-buttons-is-layout-flex\">\n<div class=\"wp-block-button\"><a class=\"wp-block-button__link has-sgb-fss-rot-background-color has-background wp-element-button\" href=\"https:\/\/www.sgb-fss.ch\/content\/uploads\/2023\/06\/lsv-formular-patenschaft-gebardensprache-f.pdf\">Vers le parrainage<\/a><\/div>\n<\/div>\n<\/div>\n\n\n\n<div class=\"wp-block-column is-vertically-aligned-center has-sgb-fss-rot-15-background-color has-background is-layout-flow wp-block-column-is-layout-flow\">\n<h4 class=\"wp-block-heading has-text-align-center\"><strong>Informations compl\u00e9mentaires sur la langue des signes<\/strong><\/h4>\n\n\n\n<div class=\"wp-block-buttons is-content-justification-center is-layout-flex wp-container-core-buttons-is-layout-28206b41 wp-block-buttons-is-layout-flex\">\n<div class=\"wp-block-button\"><a class=\"wp-block-button__link has-sgb-fss-rot-background-color has-background wp-element-button\" href=\"https:\/\/www.sgb-fss.ch\/content\/uploads\/2023\/05\/faltblatt-allgemein-f.pdf\">Vers la brochure<\/a><\/div>\n<\/div>\n<\/div>\n<\/div>\n<\/div>\n\n\n\n<div class=\"wp-block-group is-layout-flow wp-block-group-is-layout-flow\"><div class=\"block block-teasercontacts block-teasercontacts--boxed\" id=\"block_c3f1b628320ac77e223494c18b4d757a\" data-block=\"Teaser Contacts\">\n    <div class=\"block-teasercontacts__header\"><p class=\"block-teasercontacts__title\">Des questions sur le parrainage ? Je vous r\u00e9ponds volontiers.<\/p><\/div>    <div class=\"block-teasercontacts__list\">\n                                        <div class=\"block-teasercontacts__item\">\n                <div class=\"block-teasercontacts__link\">\n                    <div class=\"block-teasercontacts__media\">\n                        <div class=\"block-teasercontacts__thumbnail accent__darkred has-background-accent\">\n                                                              <div class=\"image block-teasercontacts__thumbnail-image\" >\n    <img decoding=\"async\"\n      loading=\"lazy\"\n      class=\"image__object lazyload\"\n      src=\"https:\/\/www.sgb-fss.ch\/content\/uploads\/2021\/06\/angela-hartmann-1440x0-c-default.jpg\"       data-sizes=\"auto\"\n      data-srcset=\"https:\/\/www.sgb-fss.ch\/content\/uploads\/2021\/06\/angela-hartmann-200x0-c-default.jpg 200w, https:\/\/www.sgb-fss.ch\/content\/uploads\/2021\/06\/angela-hartmann-100x0-c-default.jpg 100w, \"\n      alt=\"\"\n      width=\"567\"\n      height=\"567\"\n            >\n  <\/div>\n                                                    <\/div>\n                    <\/div>\n                    <div class=\"block-teasercontacts__text\">\n                        <p class=\"block-teasercontacts__name\"><strong><a href=\"https:\/\/www.sgb-fss.ch\/fr\/team\/angela-hartmann\/\">Angela Hartmann<\/a><\/strong><\/p>\n                        <p class=\"block-teasercontacts__lead\">Fundraising<\/p>                    <\/div>\n                    <div class=\"block-teasercontacts__contacts\">\n                                                    <p>\n                                                                <a class=\"wp-block-button is-style-transparent\" href=\"mailto:a.hartmann@sgb-fss.ch\"><span class=\"wp-block-button__link\"><i class=\"icon icon--mail\"><svg data-name=\"Ebene 1\" xmlns=\"http:\/\/www.w3.org\/2000\/svg\" viewBox=\"0 0 24 24\"><path d=\"M20.76 2.31H3.24A3.12 3.12 0 0 0 .12 5.43v13.14a3.12 3.12 0 0 0 3.12 3.12h17.52a3.12 3.12 0 0 0 3.12-3.12V5.43a3.12 3.12 0 0 0-3.12-3.12zM2.09 5a1.27 1.27 0 0 1 1.15-.78h17.52a1.24 1.24 0 0 1 1.11.74l.05.09-.09.06L12 12l-.07-.05-9.87-6.9zM22 18.57a1.26 1.26 0 0 1-1.26 1.27H3.24A1.27 1.27 0 0 1 2 18.57V7.21l9.5 6.69a.89.89 0 0 0 1 0L22 7.25z\"\/><\/svg><\/i><span class=\"wp-block-button__label\">a.hartmann@sgb-fss.ch<\/span><\/span><\/a>                                                            <\/p>\n                                            <\/div>\n                <\/div>\n            <\/div>\n                    <\/div>\n<\/div>\n<\/div>\n","protected":false},"excerpt":{"rendered":"<p>Avec ce parrainage, vous encouragez la langue des signes et donc les personnes sourdes [&hellip;]<\/p>\n","protected":false},"author":8,"featured_media":42282,"parent":9277,"menu_order":310,"comment_status":"closed","ping_status":"closed","template":"","meta":{"_acf_changed":false,"inline_featured_image":false,"footnotes":""},"class_list":["post-13283","page","type-page","status-publish","has-post-thumbnail","hentry"],"acf":[],"yoast_head":"<!-- This site is optimized with the Yoast SEO plugin v27.4 - https:\/\/yoast.com\/product\/yoast-seo-wordpress\/ -->\n<title>Parrainage langue des signes - SGB-FSS<\/title>\n<meta name=\"robots\" content=\"index, follow, max-snippet:-1, max-image-preview:large, max-video-preview:-1\" \/>\n<link rel=\"canonical\" href=\"https:\/\/www.sgb-fss.ch\/fr\/soutien\/parrainage-langue-des-signes\/\" \/>\n<meta property=\"og:locale\" content=\"fr_FR\" \/>\n<meta property=\"og:type\" content=\"article\" \/>\n<meta property=\"og:title\" content=\"Parrainage langue des signes - SGB-FSS\" \/>\n<meta property=\"og:description\" content=\"Avec ce parrainage, vous encouragez la langue des signes et donc les personnes sourdes [&hellip;]\" \/>\n<meta property=\"og:url\" content=\"https:\/\/www.sgb-fss.ch\/fr\/soutien\/parrainage-langue-des-signes\/\" \/>\n<meta property=\"og:site_name\" content=\"SGB-FSS\" \/>\n<meta property=\"article:modified_time\" content=\"2025-12-08T15:53:27+00:00\" \/>\n<meta property=\"og:image\" content=\"https:\/\/www.sgb-fss.ch\/content\/uploads\/spenden_eng2879-scaled.jpg\" \/>\n\t<meta property=\"og:image:width\" content=\"2560\" \/>\n\t<meta property=\"og:image:height\" content=\"1700\" \/>\n\t<meta property=\"og:image:type\" content=\"image\/jpeg\" \/>\n<meta name=\"twitter:card\" content=\"summary_large_image\" \/>\n<meta name=\"twitter:label1\" content=\"Dur\u00e9e de lecture estim\u00e9e\" \/>\n\t<meta name=\"twitter:data1\" content=\"2 minutes\" \/>\n<script type=\"application\/ld+json\" class=\"yoast-schema-graph\">{\"@context\":\"https:\\\/\\\/schema.org\",\"@graph\":[{\"@type\":\"WebPage\",\"@id\":\"https:\\\/\\\/www.sgb-fss.ch\\\/fr\\\/soutien\\\/parrainage-langue-des-signes\\\/\",\"url\":\"https:\\\/\\\/www.sgb-fss.ch\\\/fr\\\/soutien\\\/parrainage-langue-des-signes\\\/\",\"name\":\"Parrainage langue des signes - SGB-FSS\",\"isPartOf\":{\"@id\":\"https:\\\/\\\/www.sgb-fss.ch\\\/de\\\/#website\"},\"primaryImageOfPage\":{\"@id\":\"https:\\\/\\\/www.sgb-fss.ch\\\/fr\\\/soutien\\\/parrainage-langue-des-signes\\\/#primaryimage\"},\"image\":{\"@id\":\"https:\\\/\\\/www.sgb-fss.ch\\\/fr\\\/soutien\\\/parrainage-langue-des-signes\\\/#primaryimage\"},\"thumbnailUrl\":\"https:\\\/\\\/www.sgb-fss.ch\\\/content\\\/uploads\\\/spenden_eng2879-scaled.jpg\",\"datePublished\":\"2023-04-19T15:28:34+00:00\",\"dateModified\":\"2025-12-08T15:53:27+00:00\",\"breadcrumb\":{\"@id\":\"https:\\\/\\\/www.sgb-fss.ch\\\/fr\\\/soutien\\\/parrainage-langue-des-signes\\\/#breadcrumb\"},\"inLanguage\":\"fr-FR\",\"potentialAction\":[{\"@type\":\"ReadAction\",\"target\":[\"https:\\\/\\\/www.sgb-fss.ch\\\/fr\\\/soutien\\\/parrainage-langue-des-signes\\\/\"]}]},{\"@type\":\"ImageObject\",\"inLanguage\":\"fr-FR\",\"@id\":\"https:\\\/\\\/www.sgb-fss.ch\\\/fr\\\/soutien\\\/parrainage-langue-des-signes\\\/#primaryimage\",\"url\":\"https:\\\/\\\/www.sgb-fss.ch\\\/content\\\/uploads\\\/spenden_eng2879-scaled.jpg\",\"contentUrl\":\"https:\\\/\\\/www.sgb-fss.ch\\\/content\\\/uploads\\\/spenden_eng2879-scaled.jpg\",\"width\":2560,\"height\":1700},{\"@type\":\"BreadcrumbList\",\"@id\":\"https:\\\/\\\/www.sgb-fss.ch\\\/fr\\\/soutien\\\/parrainage-langue-des-signes\\\/#breadcrumb\",\"itemListElement\":[{\"@type\":\"ListItem\",\"position\":1,\"name\":\"Home\",\"item\":\"https:\\\/\\\/www.sgb-fss.ch\\\/fr\\\/\"},{\"@type\":\"ListItem\",\"position\":2,\"name\":\"Faire un don et offrir des chances\",\"item\":\"https:\\\/\\\/www.sgb-fss.ch\\\/fr\\\/soutien\\\/\"},{\"@type\":\"ListItem\",\"position\":3,\"name\":\"Parrainage langue des signes\"}]},{\"@type\":\"WebSite\",\"@id\":\"https:\\\/\\\/www.sgb-fss.ch\\\/de\\\/#website\",\"url\":\"https:\\\/\\\/www.sgb-fss.ch\\\/de\\\/\",\"name\":\"SGB-FSS\",\"description\":\"\",\"potentialAction\":[{\"@type\":\"SearchAction\",\"target\":{\"@type\":\"EntryPoint\",\"urlTemplate\":\"https:\\\/\\\/www.sgb-fss.ch\\\/de\\\/?s={search_term_string}\"},\"query-input\":{\"@type\":\"PropertyValueSpecification\",\"valueRequired\":true,\"valueName\":\"search_term_string\"}}],\"inLanguage\":\"fr-FR\"}]}<\/script>\n<!-- \/ Yoast SEO plugin. -->","yoast_head_json":{"title":"Parrainage langue des signes - SGB-FSS","robots":{"index":"index","follow":"follow","max-snippet":"max-snippet:-1","max-image-preview":"max-image-preview:large","max-video-preview":"max-video-preview:-1"},"canonical":"https:\/\/www.sgb-fss.ch\/fr\/soutien\/parrainage-langue-des-signes\/","og_locale":"fr_FR","og_type":"article","og_title":"Parrainage langue des signes - SGB-FSS","og_description":"Avec ce parrainage, vous encouragez la langue des signes et donc les personnes sourdes [&hellip;]","og_url":"https:\/\/www.sgb-fss.ch\/fr\/soutien\/parrainage-langue-des-signes\/","og_site_name":"SGB-FSS","article_modified_time":"2025-12-08T15:53:27+00:00","og_image":[{"width":2560,"height":1700,"url":"https:\/\/www.sgb-fss.ch\/content\/uploads\/spenden_eng2879-scaled.jpg","type":"image\/jpeg"}],"twitter_card":"summary_large_image","twitter_misc":{"Dur\u00e9e de lecture estim\u00e9e":"2 minutes"},"schema":{"@context":"https:\/\/schema.org","@graph":[{"@type":"WebPage","@id":"https:\/\/www.sgb-fss.ch\/fr\/soutien\/parrainage-langue-des-signes\/","url":"https:\/\/www.sgb-fss.ch\/fr\/soutien\/parrainage-langue-des-signes\/","name":"Parrainage langue des signes - SGB-FSS","isPartOf":{"@id":"https:\/\/www.sgb-fss.ch\/de\/#website"},"primaryImageOfPage":{"@id":"https:\/\/www.sgb-fss.ch\/fr\/soutien\/parrainage-langue-des-signes\/#primaryimage"},"image":{"@id":"https:\/\/www.sgb-fss.ch\/fr\/soutien\/parrainage-langue-des-signes\/#primaryimage"},"thumbnailUrl":"https:\/\/www.sgb-fss.ch\/content\/uploads\/spenden_eng2879-scaled.jpg","datePublished":"2023-04-19T15:28:34+00:00","dateModified":"2025-12-08T15:53:27+00:00","breadcrumb":{"@id":"https:\/\/www.sgb-fss.ch\/fr\/soutien\/parrainage-langue-des-signes\/#breadcrumb"},"inLanguage":"fr-FR","potentialAction":[{"@type":"ReadAction","target":["https:\/\/www.sgb-fss.ch\/fr\/soutien\/parrainage-langue-des-signes\/"]}]},{"@type":"ImageObject","inLanguage":"fr-FR","@id":"https:\/\/www.sgb-fss.ch\/fr\/soutien\/parrainage-langue-des-signes\/#primaryimage","url":"https:\/\/www.sgb-fss.ch\/content\/uploads\/spenden_eng2879-scaled.jpg","contentUrl":"https:\/\/www.sgb-fss.ch\/content\/uploads\/spenden_eng2879-scaled.jpg","width":2560,"height":1700},{"@type":"BreadcrumbList","@id":"https:\/\/www.sgb-fss.ch\/fr\/soutien\/parrainage-langue-des-signes\/#breadcrumb","itemListElement":[{"@type":"ListItem","position":1,"name":"Home","item":"https:\/\/www.sgb-fss.ch\/fr\/"},{"@type":"ListItem","position":2,"name":"Faire un don et offrir des chances","item":"https:\/\/www.sgb-fss.ch\/fr\/soutien\/"},{"@type":"ListItem","position":3,"name":"Parrainage langue des signes"}]},{"@type":"WebSite","@id":"https:\/\/www.sgb-fss.ch\/de\/#website","url":"https:\/\/www.sgb-fss.ch\/de\/","name":"SGB-FSS","description":"","potentialAction":[{"@type":"SearchAction","target":{"@type":"EntryPoint","urlTemplate":"https:\/\/www.sgb-fss.ch\/de\/?s={search_term_string}"},"query-input":{"@type":"PropertyValueSpecification","valueRequired":true,"valueName":"search_term_string"}}],"inLanguage":"fr-FR"}]}},"_links":{"self":[{"href":"https:\/\/www.sgb-fss.ch\/fr\/wp-json\/wp\/v2\/pages\/13283","targetHints":{"allow":["GET"]}}],"collection":[{"href":"https:\/\/www.sgb-fss.ch\/fr\/wp-json\/wp\/v2\/pages"}],"about":[{"href":"https:\/\/www.sgb-fss.ch\/fr\/wp-json\/wp\/v2\/types\/page"}],"author":[{"embeddable":true,"href":"https:\/\/www.sgb-fss.ch\/fr\/wp-json\/wp\/v2\/users\/8"}],"replies":[{"embeddable":true,"href":"https:\/\/www.sgb-fss.ch\/fr\/wp-json\/wp\/v2\/comments?post=13283"}],"version-history":[{"count":38,"href":"https:\/\/www.sgb-fss.ch\/fr\/wp-json\/wp\/v2\/pages\/13283\/revisions"}],"predecessor-version":[{"id":42309,"href":"https:\/\/www.sgb-fss.ch\/fr\/wp-json\/wp\/v2\/pages\/13283\/revisions\/42309"}],"up":[{"embeddable":true,"href":"https:\/\/www.sgb-fss.ch\/fr\/wp-json\/wp\/v2\/pages\/9277"}],"wp:featuredmedia":[{"embeddable":true,"href":"https:\/\/www.sgb-fss.ch\/fr\/wp-json\/wp\/v2\/media\/42282"}],"wp:attachment":[{"href":"https:\/\/www.sgb-fss.ch\/fr\/wp-json\/wp\/v2\/media?parent=13283"}],"curies":[{"name":"wp","href":"https:\/\/api.w.org\/{rel}","templated":true}]}}