{"id":11955,"date":"2023-04-25T14:26:44","date_gmt":"2023-04-25T12:26:44","guid":{"rendered":"https:\/\/www.sgb-fss.ch\/?page_id=11955"},"modified":"2024-02-26T10:41:23","modified_gmt":"2024-02-26T09:41:23","slug":"acces-sans-barrieres","status":"publish","type":"page","link":"https:\/\/www.sgb-fss.ch\/fr\/domaines\/acces-sans-barrieres\/","title":{"rendered":"Acc\u00e8s sans barri\u00e8res"},"content":{"rendered":"\n<p class=\"is-style-lead\">La F\u00e9d\u00e9ration Suisse des Sourds collabore avec diff\u00e9rentes entreprises des secteurs public et priv\u00e9 pour que la vie quotidienne des personnes sourdes ou malentendantes soit \u00absans barri\u00e8res\u00bb.<\/p>\n\n\n\n<p class=\"is-style-default\"><strong>Supprimer les obstacles<\/strong><\/p>\n\n\n\n<p class=\"is-style-default\">Les personnes sourdes ou malentendantes rencontrent des probl\u00e8mes de communication dans les domaines de l\u2019\u00e9ducation, de la sant\u00e9 et de la culture, mais aussi dans les transports publics. Un acc\u00e8s sans barri\u00e8res n\u2019est pas toujours garanti; signaler une urgence par t\u00e9l\u00e9phone n\u2019est pas possible, aller au cin\u00e9ma quand il n\u2019y a pas de sous-titres n\u2019est pas tr\u00e8s amusant et notifier un probl\u00e8me d\u2019ordinateur au fournisseur n\u2019est souvent pas possible sans appel t\u00e9l\u00e9phonique<\/p>\n\n\n\n<h2 class=\"wp-block-heading\">Projets actuels<\/h2>\n\n\n\n<div class=\"wp-block-columns is-layout-flex wp-container-core-columns-is-layout-9d6595d7 wp-block-columns-is-layout-flex\">\n<div class=\"wp-block-column is-layout-flow wp-block-column-is-layout-flow\" style=\"flex-basis:100%\">\n<div class=\"wp-block-group has-sgb-fss-blue-30-background-color has-background is-layout-constrained wp-block-group-is-layout-constrained\">\n<div class=\"wp-block-columns is-layout-flex wp-container-core-columns-is-layout-9d6595d7 wp-block-columns-is-layout-flex\">\n<div class=\"wp-block-column is-layout-flow wp-block-column-is-layout-flow\" style=\"flex-basis:100%\">\n<p><strong>Offres sans barri\u00e8res de la RTS<\/strong><br>En 2023, la RTS \u00e9largit son offre sous-titr\u00e9e et audiod\u00e9crite, facilitant ainsi la participation des personnes sourdes\/malentendantes ou malvoyantes \u00e0 l\u2019offre TV gr\u00e2ce \u00e0 des contenus sous-titr\u00e9s, audiod\u00e9crits et sign\u00e9s. En outre, la RTS veille \u00e0 ce que ses sites internet soient sans barri\u00e8res. Tu trouveras via les liens ci-dessous des informations sur l\u2019ensemble de l\u2019offre sans barri\u00e8res de la RTS ainsi qu\u2019une vue d\u2019ensemble des \u00e9missions en langue des signes et avec audiodescription.<\/p>\n\n\n\n<figure class=\"wp-block-image alignright size-full\"><img loading=\"lazy\" decoding=\"async\" width=\"77\" height=\"70\" src=\"https:\/\/www.sgb-fss.ch\/content\/uploads\/2023\/07\/srf-1.png\" alt=\"\" class=\"wp-image-22405\"\/><\/figure>\n\n\n\n<p><a href=\"https:\/\/www.srf.ch\/play\/tv\/themen\/gebaerdensprache\" target=\"_blank\" rel=\"noreferrer noopener\">\u00c9missions de la RTS en langue des signes<\/a><br><a href=\"https:\/\/www.srf.ch\/play\/tv\/themen\/audiodeskription\" target=\"_blank\" rel=\"noreferrer noopener\">\u00c9missions de la RTS en audiodescription<\/a><\/p>\n<\/div>\n<\/div>\n<\/div>\n<\/div>\n<\/div>\n\n\n\n<div class=\"wp-block-columns is-layout-flex wp-container-core-columns-is-layout-9d6595d7 wp-block-columns-is-layout-flex\">\n<div class=\"wp-block-column is-layout-flow wp-block-column-is-layout-flow\" style=\"flex-basis:100%\">\n<div class=\"wp-block-group is-style-highlighted has-sgb-fss-blue-15-background-color has-background is-layout-constrained wp-block-group-is-layout-constrained\">\n<div class=\"wp-block-columns is-layout-flex wp-container-core-columns-is-layout-9d6595d7 wp-block-columns-is-layout-flex\">\n<div class=\"wp-block-column is-layout-flow wp-block-column-is-layout-flow\" style=\"flex-basis:100%\">\n<p><strong>Voyages sans barri\u00e8res en Suisse<\/strong><br>La F\u00e9d\u00e9ration Suisse des Sourds, conjointement avec d\u2019autres partenaires, soutient en permanence les CFF dans leurs projets et r\u00e9alisations pour des voyages sans barri\u00e8res en Suisse et vers l\u2019Union europ\u00e9enne.<\/p>\n\n\n\n<p><a href=\"https:\/\/www.sbb.ch\/de\/fahrplan\/reisehinweise\/reisende-mit-handicap\/reiseplanung.html\" target=\"_blank\" rel=\"noreferrer noopener\">Voyageuses et voyageurs handicap\u00e9s<\/a><br><a href=\"https:\/\/www.sbb.ch\/de\/hilfe-und-kontakt\/produkte-services\/eingeschraenkte-mobilitaet\/barrierefreies-reisen\/bestell-formular-hilfeleistungen.html\" target=\"_blank\" rel=\"noreferrer noopener\">Contact Center Handicap CFF<\/a><\/p>\n\n\n\n<h2 class=\"wp-block-heading\"><\/h2>\n\n\n\n<p><strong>Easy Ride \u2013 vid\u00e9os explicatives en langue des signes<\/strong><br>La technologie num\u00e9rique a consid\u00e9rablement chang\u00e9 le quotidien des personnes sourdes ou malentendantes. Pour nombre d\u2019entre elles, l\u2019utilisation des outils num\u00e9riques est tr\u00e8s simple en raison de la pr\u00e9dominance du visuel dans leur quotidien. N\u00e9anmoins, les textes de nombreux sites Internet sont souvent exigeants et complexes et difficiles \u00e0 comprendre pour les personnes sourdes. Gr\u00e2ce aux deux vid\u00e9os explicatives, l\u2019acc\u00e8s \u00e0 Easy Ride est d\u00e9sormais sans barri\u00e8res pour les personnes sourdes.<\/p>\n\n\n\n<figure class=\"wp-block-image alignright size-full\"><img loading=\"lazy\" decoding=\"async\" width=\"318\" height=\"70\" src=\"https:\/\/www.sgb-fss.ch\/content\/uploads\/2023\/07\/sbb-1.png\" alt=\"\" class=\"wp-image-22402\" srcset=\"https:\/\/www.sgb-fss.ch\/content\/uploads\/2023\/07\/sbb-1.png 318w, https:\/\/www.sgb-fss.ch\/content\/uploads\/2023\/07\/sbb-1-300x66.png 300w, https:\/\/www.sgb-fss.ch\/content\/uploads\/2023\/07\/sbb-1-150x33.png 150w, https:\/\/www.sgb-fss.ch\/content\/uploads\/2023\/07\/sbb-1-200x44.png 200w\" sizes=\"auto, (max-width: 318px) 100vw, 318px\" \/><\/figure>\n\n\n\n<p><a href=\"https:\/\/www.youtube.com\/watch?v=z9GAIuVk5ak\" target=\"_blank\" rel=\"noreferrer noopener\">Easy Ride<\/a><br><a href=\"https:\/\/www.youtube.com\/watch?v=jpGgr9TSSqc&amp;feature=emb_title\" target=\"_blank\" rel=\"noreferrer noopener\">Application Mobile CFF \u2013 acheter des billets<\/a><\/p>\n<\/div>\n<\/div>\n<\/div>\n<\/div>\n<\/div>\n\n\n\n<div class=\"wp-block-columns is-layout-flex wp-container-core-columns-is-layout-9d6595d7 wp-block-columns-is-layout-flex\">\n<div class=\"wp-block-column is-layout-flow wp-block-column-is-layout-flow\" style=\"flex-basis:100%\">\n<div class=\"wp-block-group is-style-default has-sgb-fss-blue-30-background-color has-background is-layout-constrained wp-block-group-is-layout-constrained\">\n<div class=\"wp-block-columns is-layout-flex wp-container-core-columns-is-layout-9d6595d7 wp-block-columns-is-layout-flex\">\n<div class=\"wp-block-column is-layout-flow wp-block-column-is-layout-flow\" style=\"flex-basis:100%\">\n<p><strong>Chat en ligne: aide en ligne sans barri\u00e8res<\/strong><br>Pour les personnes sourdes ou malentendantes, le t\u00e9l\u00e9phone n\u2019est possible que par vid\u00e9o ou avec une traduction t\u00e9l\u00e9phonique via un\u00b7e interpr\u00e8te en langue des signes. La traduction des textes du chat en langue simple et l\u2019ajout de vid\u00e9os explicatives en langue des signes ont permis de mettre en place un acc\u00e8s sans barri\u00e8res \u00e0 l\u2019assistance en ligne de Swisscom.<\/p>\n\n\n\n<figure class=\"wp-block-image alignright size-full\"><img loading=\"lazy\" decoding=\"async\" width=\"258\" height=\"70\" src=\"https:\/\/www.sgb-fss.ch\/content\/uploads\/2023\/07\/swisscom-1.png\" alt=\"\" class=\"wp-image-22408\" srcset=\"https:\/\/www.sgb-fss.ch\/content\/uploads\/2023\/07\/swisscom-1.png 258w, https:\/\/www.sgb-fss.ch\/content\/uploads\/2023\/07\/swisscom-1-150x41.png 150w, https:\/\/www.sgb-fss.ch\/content\/uploads\/2023\/07\/swisscom-1-200x54.png 200w\" sizes=\"auto, (max-width: 258px) 100vw, 258px\" \/><\/figure>\n\n\n\n<p><a href=\"https:\/\/www.swisscom.ch\/de\/barrierefreiheit.html\" target=\"_blank\" rel=\"noreferrer noopener\">Offres sans barri\u00e8res<\/a><\/p>\n<\/div>\n<\/div>\n<\/div>\n<\/div>\n<\/div>\n\n\n\n<div class=\"wp-block-columns is-layout-flex wp-container-core-columns-is-layout-9d6595d7 wp-block-columns-is-layout-flex\">\n<div class=\"wp-block-column is-layout-flow wp-block-column-is-layout-flow\" style=\"flex-basis:100%\">\n<div class=\"wp-block-group has-sgb-fss-blue-15-background-color has-background is-layout-constrained wp-block-group-is-layout-constrained\">\n<div class=\"wp-block-columns is-layout-flex wp-container-core-columns-is-layout-9d6595d7 wp-block-columns-is-layout-flex\">\n<div class=\"wp-block-column is-layout-flow wp-block-column-is-layout-flow\" style=\"flex-basis:100%\">\n<p><strong>Transmettre des demandes clients en langue des signes<\/strong><br>\u00c0 la Poste, les demandes clients peuvent \u00e9galement \u00eatre envoy\u00e9es par vid\u00e9o en langue des signes. La demande peut \u00eatre enregistr\u00e9e par webcam directement sur le site. La Poste r\u00e9pond \u00e0 ses client\u00b7e\u00b7s dans un d\u00e9lai de 4 jours avec une vid\u00e9o en langue des signes.<\/p>\n\n\n\n<figure class=\"wp-block-image alignright size-full\"><img loading=\"lazy\" decoding=\"async\" width=\"193\" height=\"70\" src=\"https:\/\/www.sgb-fss.ch\/content\/uploads\/2023\/07\/die-post-1.png\" alt=\"\" class=\"wp-image-22399\" srcset=\"https:\/\/www.sgb-fss.ch\/content\/uploads\/2023\/07\/die-post-1.png 193w, https:\/\/www.sgb-fss.ch\/content\/uploads\/2023\/07\/die-post-1-150x54.png 150w\" sizes=\"auto, (max-width: 193px) 100vw, 193px\" \/><\/figure>\n\n\n\n<p><a href=\"https:\/\/www.post.ch\/de\/pages\/gebaerdensprache\" target=\"_blank\" rel=\"noreferrer noopener\">Aide vid\u00e9o en langue des signes pour la poste<\/a><\/p>\n<\/div>\n<\/div>\n<\/div>\n<\/div>\n<\/div>\n\n\n\n<div class=\"wp-block-columns is-layout-flex wp-container-core-columns-is-layout-9d6595d7 wp-block-columns-is-layout-flex\">\n<div class=\"wp-block-column is-layout-flow wp-block-column-is-layout-flow\" style=\"flex-basis:100%\">\n<div class=\"wp-block-group has-sgb-fss-blue-30-background-color has-background is-layout-constrained wp-block-group-is-layout-constrained\">\n<div class=\"wp-block-columns is-layout-flex wp-container-core-columns-is-layout-9d6595d7 wp-block-columns-is-layout-flex\">\n<div class=\"wp-block-column is-layout-flow wp-block-column-is-layout-flow\" style=\"flex-basis:100%\">\n<p><strong>Vid\u00e9os en langue des signes sur des produits<\/strong><br>Diff\u00e9rents produits de placement et de pr\u00e9voyance sont compl\u00e9t\u00e9s dans les trois langues nationales par des vid\u00e9os explicatives en langue des signes.<\/p>\n\n\n\n<figure class=\"wp-block-image alignright size-full is-resized\"><img loading=\"lazy\" decoding=\"async\" width=\"599\" height=\"159\" src=\"https:\/\/www.sgb-fss.ch\/content\/uploads\/2024\/02\/creditsuisse_neu_f.png\" alt=\"\" class=\"wp-image-32273\" style=\"width:270px;height:auto\" srcset=\"https:\/\/www.sgb-fss.ch\/content\/uploads\/2024\/02\/creditsuisse_neu_f.png 599w, https:\/\/www.sgb-fss.ch\/content\/uploads\/2024\/02\/creditsuisse_neu_f-300x80.png 300w, https:\/\/www.sgb-fss.ch\/content\/uploads\/2024\/02\/creditsuisse_neu_f-150x40.png 150w, https:\/\/www.sgb-fss.ch\/content\/uploads\/2024\/02\/creditsuisse_neu_f-200x53.png 200w\" sizes=\"auto, (max-width: 599px) 100vw, 599px\" \/><\/figure>\n\n\n\n<p><a href=\"https:\/\/www.credit-suisse.com\/diversity-and-inclusion\/de.html\" target=\"_blank\" rel=\"noreferrer noopener\">Diversit\u00e9 et inclusion chez CS<\/a><\/p>\n<\/div>\n<\/div>\n<\/div>\n<\/div>\n<\/div>\n\n\n<div class=\"block block-teasercontacts block-teasercontacts--boxed\" id=\"block_aa41abc54186285bc368c0b71a8d91e4\" data-block=\"Teaser Contacts\">\n    <div class=\"block-teasercontacts__header\"><p class=\"block-teasercontacts__title\">Des questions sur l&rsquo;accessibilit\u00e9? N&rsquo;h\u00e9sitez pas \u00e0 me contacter.<\/p><\/div>    <div class=\"block-teasercontacts__list\">\n                            <\/div>\n<\/div>\n\n\n\n<h2 class=\"wp-block-heading\"><\/h2>\n\n\n\n<div class=\"wp-block-group has-schwarz-25-background-color has-background is-layout-constrained wp-block-group-is-layout-constrained\"><div class=\"block block-teaserpages\" id=\"block_c4521f8dfec7c9bbea7e73f8126f4a6c\" data-block=\"Teaser Pages\">\n  <ul class=\"block-teaserpages__list\">\n            <li class=\"block-teaserpages__item\">\n        <a class=\"accent teaserpage\" href=\"https:\/\/www.sgb-fss.ch\/fr\/downloads\/\">\n  <div class=\"teaserpage__thumbnail\">\n            <div class=\"image teaserpage__thumbnail-image\" >\n    <img decoding=\"async\"\n      loading=\"lazy\"\n      class=\"image__object lazyload\"\n      src=\"https:\/\/www.sgb-fss.ch\/content\/uploads\/2024\/01\/downloads-f-1440x0-c-default.jpg\"       data-sizes=\"auto\"\n      data-srcset=\"https:\/\/www.sgb-fss.ch\/content\/uploads\/2024\/01\/downloads-f-1000x0-c-default.jpg 1000w, https:\/\/www.sgb-fss.ch\/content\/uploads\/2024\/01\/downloads-f-700x0-c-default.jpg 700w, https:\/\/www.sgb-fss.ch\/content\/uploads\/2024\/01\/downloads-f-350x0-c-default.jpg 350w, \"\n      alt=\"\"\n      width=\"1890\"\n      height=\"1063\"\n            >\n  <\/div>\n      <\/div>\n  <h3 class=\"teaserpage__title\">Downloads<\/h3>\n  <p class=\"teaserpage__lead\">Tu trouveras ici toutes les donn\u00e9es relatives \u00e0 cette page ainsi qu&rsquo;\u00e0 tous les autres domaines \u00e0 t\u00e9l\u00e9charger.<\/p>  <\/a>\n      <\/li>\n    <\/ul>\n<\/div>\n<\/div>\n","protected":false},"excerpt":{"rendered":"<p>La F\u00e9d\u00e9ration Suisse des Sourds collabore avec diff\u00e9rentes entreprises des secteurs public et priv\u00e9 [&hellip;]<\/p>\n","protected":false},"author":40,"featured_media":18139,"parent":9128,"menu_order":4,"comment_status":"closed","ping_status":"closed","template":"","meta":{"_acf_changed":false,"inline_featured_image":false,"footnotes":""},"class_list":["post-11955","page","type-page","status-publish","has-post-thumbnail","hentry"],"acf":[],"yoast_head":"<!-- This site is optimized with the Yoast SEO plugin v27.4 - https:\/\/yoast.com\/product\/yoast-seo-wordpress\/ -->\n<title>Acc\u00e8s sans barri\u00e8res - SGB-FSS<\/title>\n<meta name=\"robots\" content=\"index, follow, max-snippet:-1, max-image-preview:large, max-video-preview:-1\" \/>\n<link rel=\"canonical\" href=\"https:\/\/www.sgb-fss.ch\/fr\/domaines\/acces-sans-barrieres\/\" \/>\n<meta property=\"og:locale\" content=\"fr_FR\" \/>\n<meta property=\"og:type\" content=\"article\" \/>\n<meta property=\"og:title\" content=\"Acc\u00e8s sans barri\u00e8res - SGB-FSS\" \/>\n<meta property=\"og:description\" content=\"La F\u00e9d\u00e9ration Suisse des Sourds collabore avec diff\u00e9rentes entreprises des secteurs public et priv\u00e9 [&hellip;]\" \/>\n<meta property=\"og:url\" content=\"https:\/\/www.sgb-fss.ch\/fr\/domaines\/acces-sans-barrieres\/\" \/>\n<meta property=\"og:site_name\" content=\"SGB-FSS\" \/>\n<meta property=\"article:modified_time\" content=\"2024-02-26T09:41:23+00:00\" \/>\n<meta property=\"og:image\" content=\"https:\/\/www.sgb-fss.ch\/content\/uploads\/2023\/05\/barreriefreiheit-scaled-e1684334387592.jpg\" \/>\n\t<meta property=\"og:image:width\" content=\"2560\" \/>\n\t<meta property=\"og:image:height\" content=\"1707\" \/>\n\t<meta property=\"og:image:type\" content=\"image\/jpeg\" \/>\n<meta name=\"twitter:card\" content=\"summary_large_image\" \/>\n<meta name=\"twitter:label1\" content=\"Dur\u00e9e de lecture estim\u00e9e\" \/>\n\t<meta name=\"twitter:data1\" content=\"4 minutes\" \/>\n<script type=\"application\/ld+json\" class=\"yoast-schema-graph\">{\"@context\":\"https:\\\/\\\/schema.org\",\"@graph\":[{\"@type\":\"WebPage\",\"@id\":\"https:\\\/\\\/www.sgb-fss.ch\\\/fr\\\/domaines\\\/acces-sans-barrieres\\\/\",\"url\":\"https:\\\/\\\/www.sgb-fss.ch\\\/fr\\\/domaines\\\/acces-sans-barrieres\\\/\",\"name\":\"Acc\u00e8s sans barri\u00e8res - SGB-FSS\",\"isPartOf\":{\"@id\":\"https:\\\/\\\/www.sgb-fss.ch\\\/de\\\/#website\"},\"primaryImageOfPage\":{\"@id\":\"https:\\\/\\\/www.sgb-fss.ch\\\/fr\\\/domaines\\\/acces-sans-barrieres\\\/#primaryimage\"},\"image\":{\"@id\":\"https:\\\/\\\/www.sgb-fss.ch\\\/fr\\\/domaines\\\/acces-sans-barrieres\\\/#primaryimage\"},\"thumbnailUrl\":\"https:\\\/\\\/www.sgb-fss.ch\\\/content\\\/uploads\\\/2023\\\/05\\\/barreriefreiheit-scaled-e1684334387592.jpg\",\"datePublished\":\"2023-04-25T12:26:44+00:00\",\"dateModified\":\"2024-02-26T09:41:23+00:00\",\"breadcrumb\":{\"@id\":\"https:\\\/\\\/www.sgb-fss.ch\\\/fr\\\/domaines\\\/acces-sans-barrieres\\\/#breadcrumb\"},\"inLanguage\":\"fr-FR\",\"potentialAction\":[{\"@type\":\"ReadAction\",\"target\":[\"https:\\\/\\\/www.sgb-fss.ch\\\/fr\\\/domaines\\\/acces-sans-barrieres\\\/\"]}]},{\"@type\":\"ImageObject\",\"inLanguage\":\"fr-FR\",\"@id\":\"https:\\\/\\\/www.sgb-fss.ch\\\/fr\\\/domaines\\\/acces-sans-barrieres\\\/#primaryimage\",\"url\":\"https:\\\/\\\/www.sgb-fss.ch\\\/content\\\/uploads\\\/2023\\\/05\\\/barreriefreiheit-scaled-e1684334387592.jpg\",\"contentUrl\":\"https:\\\/\\\/www.sgb-fss.ch\\\/content\\\/uploads\\\/2023\\\/05\\\/barreriefreiheit-scaled-e1684334387592.jpg\",\"width\":2560,\"height\":1707},{\"@type\":\"BreadcrumbList\",\"@id\":\"https:\\\/\\\/www.sgb-fss.ch\\\/fr\\\/domaines\\\/acces-sans-barrieres\\\/#breadcrumb\",\"itemListElement\":[{\"@type\":\"ListItem\",\"position\":1,\"name\":\"Home\",\"item\":\"https:\\\/\\\/www.sgb-fss.ch\\\/fr\\\/\"},{\"@type\":\"ListItem\",\"position\":2,\"name\":\"Domaines\",\"item\":\"https:\\\/\\\/www.sgb-fss.ch\\\/fr\\\/domaines\\\/\"},{\"@type\":\"ListItem\",\"position\":3,\"name\":\"Acc\u00e8s sans barri\u00e8res\"}]},{\"@type\":\"WebSite\",\"@id\":\"https:\\\/\\\/www.sgb-fss.ch\\\/de\\\/#website\",\"url\":\"https:\\\/\\\/www.sgb-fss.ch\\\/de\\\/\",\"name\":\"SGB-FSS\",\"description\":\"\",\"potentialAction\":[{\"@type\":\"SearchAction\",\"target\":{\"@type\":\"EntryPoint\",\"urlTemplate\":\"https:\\\/\\\/www.sgb-fss.ch\\\/de\\\/?s={search_term_string}\"},\"query-input\":{\"@type\":\"PropertyValueSpecification\",\"valueRequired\":true,\"valueName\":\"search_term_string\"}}],\"inLanguage\":\"fr-FR\"}]}<\/script>\n<!-- \/ Yoast SEO plugin. -->","yoast_head_json":{"title":"Acc\u00e8s sans barri\u00e8res - SGB-FSS","robots":{"index":"index","follow":"follow","max-snippet":"max-snippet:-1","max-image-preview":"max-image-preview:large","max-video-preview":"max-video-preview:-1"},"canonical":"https:\/\/www.sgb-fss.ch\/fr\/domaines\/acces-sans-barrieres\/","og_locale":"fr_FR","og_type":"article","og_title":"Acc\u00e8s sans barri\u00e8res - SGB-FSS","og_description":"La F\u00e9d\u00e9ration Suisse des Sourds collabore avec diff\u00e9rentes entreprises des secteurs public et priv\u00e9 [&hellip;]","og_url":"https:\/\/www.sgb-fss.ch\/fr\/domaines\/acces-sans-barrieres\/","og_site_name":"SGB-FSS","article_modified_time":"2024-02-26T09:41:23+00:00","og_image":[{"width":2560,"height":1707,"url":"https:\/\/www.sgb-fss.ch\/content\/uploads\/2023\/05\/barreriefreiheit-scaled-e1684334387592.jpg","type":"image\/jpeg"}],"twitter_card":"summary_large_image","twitter_misc":{"Dur\u00e9e de lecture estim\u00e9e":"4 minutes"},"schema":{"@context":"https:\/\/schema.org","@graph":[{"@type":"WebPage","@id":"https:\/\/www.sgb-fss.ch\/fr\/domaines\/acces-sans-barrieres\/","url":"https:\/\/www.sgb-fss.ch\/fr\/domaines\/acces-sans-barrieres\/","name":"Acc\u00e8s sans barri\u00e8res - SGB-FSS","isPartOf":{"@id":"https:\/\/www.sgb-fss.ch\/de\/#website"},"primaryImageOfPage":{"@id":"https:\/\/www.sgb-fss.ch\/fr\/domaines\/acces-sans-barrieres\/#primaryimage"},"image":{"@id":"https:\/\/www.sgb-fss.ch\/fr\/domaines\/acces-sans-barrieres\/#primaryimage"},"thumbnailUrl":"https:\/\/www.sgb-fss.ch\/content\/uploads\/2023\/05\/barreriefreiheit-scaled-e1684334387592.jpg","datePublished":"2023-04-25T12:26:44+00:00","dateModified":"2024-02-26T09:41:23+00:00","breadcrumb":{"@id":"https:\/\/www.sgb-fss.ch\/fr\/domaines\/acces-sans-barrieres\/#breadcrumb"},"inLanguage":"fr-FR","potentialAction":[{"@type":"ReadAction","target":["https:\/\/www.sgb-fss.ch\/fr\/domaines\/acces-sans-barrieres\/"]}]},{"@type":"ImageObject","inLanguage":"fr-FR","@id":"https:\/\/www.sgb-fss.ch\/fr\/domaines\/acces-sans-barrieres\/#primaryimage","url":"https:\/\/www.sgb-fss.ch\/content\/uploads\/2023\/05\/barreriefreiheit-scaled-e1684334387592.jpg","contentUrl":"https:\/\/www.sgb-fss.ch\/content\/uploads\/2023\/05\/barreriefreiheit-scaled-e1684334387592.jpg","width":2560,"height":1707},{"@type":"BreadcrumbList","@id":"https:\/\/www.sgb-fss.ch\/fr\/domaines\/acces-sans-barrieres\/#breadcrumb","itemListElement":[{"@type":"ListItem","position":1,"name":"Home","item":"https:\/\/www.sgb-fss.ch\/fr\/"},{"@type":"ListItem","position":2,"name":"Domaines","item":"https:\/\/www.sgb-fss.ch\/fr\/domaines\/"},{"@type":"ListItem","position":3,"name":"Acc\u00e8s sans barri\u00e8res"}]},{"@type":"WebSite","@id":"https:\/\/www.sgb-fss.ch\/de\/#website","url":"https:\/\/www.sgb-fss.ch\/de\/","name":"SGB-FSS","description":"","potentialAction":[{"@type":"SearchAction","target":{"@type":"EntryPoint","urlTemplate":"https:\/\/www.sgb-fss.ch\/de\/?s={search_term_string}"},"query-input":{"@type":"PropertyValueSpecification","valueRequired":true,"valueName":"search_term_string"}}],"inLanguage":"fr-FR"}]}},"_links":{"self":[{"href":"https:\/\/www.sgb-fss.ch\/fr\/wp-json\/wp\/v2\/pages\/11955","targetHints":{"allow":["GET"]}}],"collection":[{"href":"https:\/\/www.sgb-fss.ch\/fr\/wp-json\/wp\/v2\/pages"}],"about":[{"href":"https:\/\/www.sgb-fss.ch\/fr\/wp-json\/wp\/v2\/types\/page"}],"author":[{"embeddable":true,"href":"https:\/\/www.sgb-fss.ch\/fr\/wp-json\/wp\/v2\/users\/40"}],"replies":[{"embeddable":true,"href":"https:\/\/www.sgb-fss.ch\/fr\/wp-json\/wp\/v2\/comments?post=11955"}],"version-history":[{"count":42,"href":"https:\/\/www.sgb-fss.ch\/fr\/wp-json\/wp\/v2\/pages\/11955\/revisions"}],"predecessor-version":[{"id":32279,"href":"https:\/\/www.sgb-fss.ch\/fr\/wp-json\/wp\/v2\/pages\/11955\/revisions\/32279"}],"up":[{"embeddable":true,"href":"https:\/\/www.sgb-fss.ch\/fr\/wp-json\/wp\/v2\/pages\/9128"}],"wp:featuredmedia":[{"embeddable":true,"href":"https:\/\/www.sgb-fss.ch\/fr\/wp-json\/wp\/v2\/media\/18139"}],"wp:attachment":[{"href":"https:\/\/www.sgb-fss.ch\/fr\/wp-json\/wp\/v2\/media?parent=11955"}],"curies":[{"name":"wp","href":"https:\/\/api.w.org\/{rel}","templated":true}]}}