{"id":11931,"date":"2022-10-21T10:19:48","date_gmt":"2022-10-21T08:19:48","guid":{"rendered":"https:\/\/www.sgb-fss.ch\/fr-zugang\/arbeit\/"},"modified":"2024-09-16T15:11:22","modified_gmt":"2024-09-16T13:11:22","slug":"travail","status":"publish","type":"page","link":"https:\/\/www.sgb-fss.ch\/fr\/domaines\/travail\/","title":{"rendered":"Travail"},"content":{"rendered":"\n<p class=\"is-style-lead\">Le succ\u00e8s gr\u00e2ce \u00e0 la diversit\u00e9. Par le biais d\u2019informations, d\u2019ateliers et d\u2019outils concrets, nous aidons les entreprises et organisations \u00e0 recruter des personnes sourdes ou malentendantes.<\/p>\n\n\n\n<p><strong>Une \u00e9quipe gagnante<br><\/strong>Les personnes sourdes ou malentendantes ont les m\u00eames capacit\u00e9s et connaissances que les personnes entendantes. Elles sont en g\u00e9n\u00e9ral tr\u00e8s motiv\u00e9es et fiables. Gr\u00e2ce \u00e0 leurs excellentes capacit\u00e9s visuelles, elles travaillent de mani\u00e8re concentr\u00e9e et pr\u00e9cise et se laissent moins distraire.<\/p>\n\n\n\n<blockquote class=\"wp-block-quote is-layout-flow wp-block-quote-is-layout-flow\">\n<p>Conna\u00eetre le potentiel et les ressources des employ\u00e9s sourds et malentendants contribue \u00e0 une int\u00e9gration r\u00e9ussie sur le lieu de travail.<\/p>\n<cite>Kim Danaci, Travail et int\u00e9gration<\/cite><\/blockquote>\n\n\n\n<p><strong>Nous vous soutenons<\/strong><br>En tant que partenaire professionnel, nous vous soutenons dans la promotion de la diversit\u00e9 au sein de votre entreprise et dans le renforcement de sa politique en la mati\u00e8re. Gr\u00e2ce aux standards reconnus, que nous avons d\u00e9velopp\u00e9s avec notre r\u00e9seau, nous pouvons vous aider \u00e0 simplifier le recrutement de collaborateurs sourds, \u00e0 mettre en place une communication efficace au sein de l\u2019\u00e9quipe et \u00e0 garantir une int\u00e9gration r\u00e9ussie.<\/p>\n\n\n<div class=\"block block-teaserpages\" id=\"block_5069757b2167045538d97748e930faaa\" data-block=\"Teaser Pages\">\n  <ul class=\"block-teaserpages__list\">\n            <li class=\"block-teaserpages__item\">\n        <a class=\"accent teaserpage\" href=\"https:\/\/www.sgb-fss.ch\/fr\/domaines\/travail\/seminaire\/\">\n  <div class=\"teaserpage__thumbnail\">\n            <div class=\"image teaserpage__thumbnail-image\" >\n    <img decoding=\"async\"\n      loading=\"lazy\"\n      class=\"image__object lazyload\"\n      src=\"https:\/\/www.sgb-fss.ch\/content\/uploads\/2023\/05\/erfolgreiche-kommunikation_fr-1440x0-c-default.jpg\"       data-sizes=\"auto\"\n      data-srcset=\"https:\/\/www.sgb-fss.ch\/content\/uploads\/2023\/05\/erfolgreiche-kommunikation_fr-1000x0-c-default.jpg 1000w, https:\/\/www.sgb-fss.ch\/content\/uploads\/2023\/05\/erfolgreiche-kommunikation_fr-700x0-c-default.jpg 700w, https:\/\/www.sgb-fss.ch\/content\/uploads\/2023\/05\/erfolgreiche-kommunikation_fr-350x0-c-default.jpg 350w, \"\n      alt=\"\"\n      width=\"978\"\n      height=\"550\"\n            >\n  <\/div>\n      <\/div>\n  <h3 class=\"teaserpage__title\">S\u00e9minaire<\/h3>\n  <p class=\"teaserpage__lead\">Vous souhaitez d\u00e9velopper la diversit\u00e9 dans votre entreprise? Vous travaillez d\u00e9j\u00e0 avec des personnes malentendantes et vous souhaitez vous former sur le th\u00e8me \u00abTravail en \u00e9quipe et communication\u00bb?  Alors nos ateliers sont faits pour vous.<\/p>  <\/a>\n      <\/li>\n            <li class=\"block-teaserpages__item\">\n        <a class=\"accent teaserpage\" href=\"https:\/\/www.sgb-fss.ch\/fr\/domaines\/travail\/webinaires\/\">\n  <div class=\"teaserpage__thumbnail\">\n            <div class=\"image teaserpage__thumbnail-image\" >\n    <img decoding=\"async\"\n      loading=\"lazy\"\n      class=\"image__object lazyload\"\n      src=\"https:\/\/www.sgb-fss.ch\/content\/uploads\/2024\/05\/titelfolie-webseite-webinare-fr-1-1440x0-c-default.jpg\"       data-sizes=\"auto\"\n      data-srcset=\"https:\/\/www.sgb-fss.ch\/content\/uploads\/2024\/05\/titelfolie-webseite-webinare-fr-1-1000x0-c-default.jpg 1000w, https:\/\/www.sgb-fss.ch\/content\/uploads\/2024\/05\/titelfolie-webseite-webinare-fr-1-700x0-c-default.jpg 700w, https:\/\/www.sgb-fss.ch\/content\/uploads\/2024\/05\/titelfolie-webseite-webinare-fr-1-350x0-c-default.jpg 350w, \"\n      alt=\"\"\n      width=\"1280\"\n      height=\"720\"\n            >\n  <\/div>\n      <\/div>\n  <h3 class=\"teaserpage__title\">Webinaires <\/h3>\n  <p class=\"teaserpage__lead\">Votre entreprise a des questions concernant le recrutement de personnes sourdes, a d\u00e9j\u00e0 engag\u00e9 des personnes sourdes ou malentendantes ou souhaite en savoir davantage sur le travail en \u00e9quipe et la communication? Alors suivez l\u2019un de nos webinaires.<\/p>  <\/a>\n      <\/li>\n            <li class=\"block-teaserpages__item\">\n        <a class=\"accent teaserpage\" href=\"https:\/\/www.sgb-fss.ch\/fr\/domaines\/travail\/projets-travail-et-integration\/\">\n  <div class=\"teaserpage__thumbnail\">\n            <div class=\"image teaserpage__thumbnail-image\" >\n    <img decoding=\"async\"\n      loading=\"lazy\"\n      class=\"image__object lazyload\"\n      src=\"https:\/\/www.sgb-fss.ch\/content\/uploads\/2023\/05\/arbeit_projekt-scaled-e1684142674908-1440x0-c-default.jpg\"       data-sizes=\"auto\"\n      data-srcset=\"https:\/\/www.sgb-fss.ch\/content\/uploads\/2023\/05\/arbeit_projekt-scaled-e1684142674908-1000x0-c-default.jpg 1000w, https:\/\/www.sgb-fss.ch\/content\/uploads\/2023\/05\/arbeit_projekt-scaled-e1684142674908-700x0-c-default.jpg 700w, https:\/\/www.sgb-fss.ch\/content\/uploads\/2023\/05\/arbeit_projekt-scaled-e1684142674908-350x0-c-default.jpg 350w, \"\n      alt=\"\"\n      width=\"2560\"\n      height=\"1707\"\n            >\n  <\/div>\n      <\/div>\n  <h3 class=\"teaserpage__title\"> Projets \u00abTravail et int\u00e9gration\u00bb<\/h3>\n  <p class=\"teaserpage__lead\">Nous travaillons en \u00e9troite collaboration avec diverses organisations et entreprises. Avec elles, nous mettons en \u0153uvre des projets dont l\u2019objectif est de permettre aux personnes sourdes ou malentendantes l\u2019acc\u00e8s sans barri\u00e8res au travail et \u00e0 la soci\u00e9t\u00e9.<\/p>  <\/a>\n      <\/li>\n            <li class=\"block-teaserpages__item\">\n        <a class=\"accent teaserpage\" href=\"https:\/\/www.sgb-fss.ch\/fr\/domaines\/travail\/informations-utiles-sur-travail-et-integration\/\">\n  <div class=\"teaserpage__thumbnail\">\n            <div class=\"image teaserpage__thumbnail-image\" >\n    <img decoding=\"async\"\n      loading=\"lazy\"\n      class=\"image__object lazyload\"\n      src=\"https:\/\/www.sgb-fss.ch\/content\/uploads\/2023\/05\/arbeit_wissenwertes-scaled-e1684151756716-1440x0-c-default.jpg\"       data-sizes=\"auto\"\n      data-srcset=\"https:\/\/www.sgb-fss.ch\/content\/uploads\/2023\/05\/arbeit_wissenwertes-scaled-e1684151756716-1000x0-c-default.jpg 1000w, https:\/\/www.sgb-fss.ch\/content\/uploads\/2023\/05\/arbeit_wissenwertes-scaled-e1684151756716-700x0-c-default.jpg 700w, https:\/\/www.sgb-fss.ch\/content\/uploads\/2023\/05\/arbeit_wissenwertes-scaled-e1684151756716-350x0-c-default.jpg 350w, \"\n      alt=\"\"\n      width=\"2560\"\n      height=\"1706\"\n            >\n  <\/div>\n      <\/div>\n  <h3 class=\"teaserpage__title\">Informations utiles sur \u00abTravail et int\u00e9gration\u00bb<\/h3>\n  <p class=\"teaserpage__lead\">En tant qu\u2019organisation fa\u00eeti\u00e8re, la F\u00e9d\u00e9ration Suisse des Sourds se consid\u00e8re comme un partenaire essentiel pour garantir une int\u00e9gration efficace des personnes sourdes ou malentendantes dans la vie professionnelle.<\/p>  <\/a>\n      <\/li>\n            <li class=\"block-teaserpages__item\">\n        <a class=\"accent teaserpage\" href=\"https:\/\/www.sgb-fss.ch\/fr\/domaines\/travail\/reseau-travail\/\">\n  <div class=\"teaserpage__thumbnail\">\n            <div class=\"image teaserpage__thumbnail-image\" >\n    <img decoding=\"async\"\n      loading=\"lazy\"\n      class=\"image__object lazyload\"\n      src=\"https:\/\/www.sgb-fss.ch\/content\/uploads\/2023\/06\/map-1440x0-c-default.jpg\"       data-sizes=\"auto\"\n      data-srcset=\"https:\/\/www.sgb-fss.ch\/content\/uploads\/2023\/06\/map-1000x0-c-default.jpg 1000w, https:\/\/www.sgb-fss.ch\/content\/uploads\/2023\/06\/map-700x0-c-default.jpg 700w, https:\/\/www.sgb-fss.ch\/content\/uploads\/2023\/06\/map-350x0-c-default.jpg 350w, \"\n      alt=\"\"\n      width=\"757\"\n      height=\"470\"\n            >\n  <\/div>\n      <\/div>\n  <h3 class=\"teaserpage__title\"> R\u00e9seau \u00abTravail\u00bb<\/h3>\n  <p class=\"teaserpage__lead\">Des personnes sourdes ou malentendantes sont employ\u00e9es dans votre entreprise et vous souhaitez partager votre exp\u00e9riences avec d\u2019autres entreprises? Sur notre carte, vous trouverez une liste d\u2019entreprises et institutions r\u00e9parties dans toute la Suisse avec lesquelles nous collaborons.<\/p>  <\/a>\n      <\/li>\n            <li class=\"block-teaserpages__item\">\n        <a class=\"accent teaserpage\" href=\"https:\/\/www.sgb-fss.ch\/fr\/domaines\/travail\/corporate-edition\/\">\n  <div class=\"teaserpage__thumbnail\">\n            <div class=\"image teaserpage__thumbnail-image\" >\n    <img decoding=\"async\"\n      loading=\"lazy\"\n      class=\"image__object lazyload\"\n      src=\"https:\/\/www.sgb-fss.ch\/content\/uploads\/2023\/05\/logo-signwise-corporate-edition-web-1440x0-c-default.png\"       data-sizes=\"auto\"\n      data-srcset=\"https:\/\/www.sgb-fss.ch\/content\/uploads\/2023\/05\/logo-signwise-corporate-edition-web-1000x0-c-default.png 1000w, https:\/\/www.sgb-fss.ch\/content\/uploads\/2023\/05\/logo-signwise-corporate-edition-web-700x0-c-default.png 700w, https:\/\/www.sgb-fss.ch\/content\/uploads\/2023\/05\/logo-signwise-corporate-edition-web-350x0-c-default.png 350w, \"\n      alt=\"\"\n      width=\"6330\"\n      height=\"3560\"\n            >\n  <\/div>\n      <\/div>\n  <h3 class=\"teaserpage__title\">Ton vocabulaire dans une application<\/h3>\n  <p class=\"teaserpage__lead\">Tu souhaites faire d\u00e9couvrir la langue des signes \u00e0 tes collaborateurs ? Nous d\u00e9veloppons un vocabulaire adapt\u00e9 \u00e0 ton entreprise et vous le proposons via l&rsquo;APP Corporate Edition.<\/p>  <\/a>\n      <\/li>\n            <li class=\"block-teaserpages__item\">\n        <a class=\"accent teaserpage\" href=\"https:\/\/www.sgb-fss.ch\/fr\/domaines\/travail\/interpretes-quand-ou-comment\/\">\n  <div class=\"teaserpage__thumbnail\">\n            <div class=\"image teaserpage__thumbnail-image\" >\n    <img decoding=\"async\"\n      loading=\"lazy\"\n      class=\"image__object lazyload\"\n      src=\"https:\/\/www.sgb-fss.ch\/content\/uploads\/2023\/05\/arbeit_dolemtscher-scaled-e1684151969823-1440x0-c-default.jpg\"       data-sizes=\"auto\"\n      data-srcset=\"https:\/\/www.sgb-fss.ch\/content\/uploads\/2023\/05\/arbeit_dolemtscher-scaled-e1684151969823-1000x0-c-default.jpg 1000w, https:\/\/www.sgb-fss.ch\/content\/uploads\/2023\/05\/arbeit_dolemtscher-scaled-e1684151969823-700x0-c-default.jpg 700w, https:\/\/www.sgb-fss.ch\/content\/uploads\/2023\/05\/arbeit_dolemtscher-scaled-e1684151969823-350x0-c-default.jpg 350w, \"\n      alt=\"\"\n      width=\"2560\"\n      height=\"1707\"\n            >\n  <\/div>\n      <\/div>\n  <h3 class=\"teaserpage__title\">Interpr\u00e8tes: Quand? O\u00f9? Comment?<\/h3>\n  <p class=\"teaserpage__lead\">Pour que l\u2019\u00e9change avec une personne sourde lors de rendez-vous et d\u2019\u00e9v\u00e9nements importants se d\u00e9roule sans barri\u00e8res, il est important de recourir \u00e0 des interpr\u00e8tes.<\/p>  <\/a>\n      <\/li>\n            <li class=\"block-teaserpages__item\">\n        <a class=\"accent teaserpage\" href=\"https:\/\/www.sgb-fss.ch\/fr\/domaines\/travail\/informations-relatives-a-lai\/\">\n  <div class=\"teaserpage__thumbnail\">\n            <div class=\"image teaserpage__thumbnail-image\" >\n    <img decoding=\"async\"\n      loading=\"lazy\"\n      class=\"image__object lazyload\"\n      src=\"https:\/\/www.sgb-fss.ch\/content\/uploads\/2023\/05\/arbeit_informatik-scaled-e1684151597307-1440x0-c-default.jpg\"       data-sizes=\"auto\"\n      data-srcset=\"https:\/\/www.sgb-fss.ch\/content\/uploads\/2023\/05\/arbeit_informatik-scaled-e1684151597307-1000x0-c-default.jpg 1000w, https:\/\/www.sgb-fss.ch\/content\/uploads\/2023\/05\/arbeit_informatik-scaled-e1684151597307-700x0-c-default.jpg 700w, https:\/\/www.sgb-fss.ch\/content\/uploads\/2023\/05\/arbeit_informatik-scaled-e1684151597307-350x0-c-default.jpg 350w, \"\n      alt=\"\"\n      width=\"2560\"\n      height=\"1707\"\n            >\n  <\/div>\n      <\/div>\n  <h3 class=\"teaserpage__title\">Informations relatives \u00e0 l\u2019AI <\/h3>\n  <p class=\"teaserpage__lead\">Les employ\u00e9s sourds et malentendants peuvent demander \u00e0 l&rsquo;AI divers moyens auxiliaires &#8211; comme par exemple des interpr\u00e8tes en langue des signes &#8211; au moyen d&rsquo;une d\u00e9cision sur le lieu de travail. De plus amples informations \u00e0 ce sujet sont expliqu\u00e9es ici.<\/p>  <\/a>\n      <\/li>\n    <\/ul>\n<\/div>\n\n\n\n<div class=\"wp-block-group is-style-default is-layout-flow wp-block-group-is-layout-flow\"><div class=\"block block-teasercontacts block-teasercontacts--boxed\" id=\"block_b5ab519c38e638f3392218592a6bbb94\" data-block=\"Teaser Contacts\">\n    <div class=\"block-teasercontacts__header\"><p class=\"block-teasercontacts__title\">Des questions sur le travail  et Int\u00e9gration? N&rsquo;h\u00e9site pas \u00e0 me contacter.<\/p><\/div>    <div class=\"block-teasercontacts__list\">\n                                        <div class=\"block-teasercontacts__item\">\n                <div class=\"block-teasercontacts__link\">\n                    <div class=\"block-teasercontacts__media\">\n                        <div class=\"block-teasercontacts__thumbnail accent__darkred has-background-accent\">\n                                                              <div class=\"image block-teasercontacts__thumbnail-image\" >\n    <img decoding=\"async\"\n      loading=\"lazy\"\n      class=\"image__object lazyload\"\n      src=\"https:\/\/www.sgb-fss.ch\/content\/uploads\/2021\/06\/sabine-wolff-1440x0-c-default.jpg\"       data-sizes=\"auto\"\n      data-srcset=\"https:\/\/www.sgb-fss.ch\/content\/uploads\/2021\/06\/sabine-wolff-200x0-c-default.jpg 200w, https:\/\/www.sgb-fss.ch\/content\/uploads\/2021\/06\/sabine-wolff-100x0-c-default.jpg 100w, \"\n      alt=\"\"\n      width=\"567\"\n      height=\"567\"\n            >\n  <\/div>\n                                                    <\/div>\n                    <\/div>\n                    <div class=\"block-teasercontacts__text\">\n                        <p class=\"block-teasercontacts__name\"><strong><a href=\"https:\/\/www.sgb-fss.ch\/fr\/team\/sabine-wolff\/\">Sabine Wolff<\/a><\/strong><\/p>\n                        <p class=\"block-teasercontacts__lead\">Produits et Marques<\/p>                    <\/div>\n                    <div class=\"block-teasercontacts__contacts\">\n                                                    <p>\n                                                                <a class=\"wp-block-button is-style-transparent\" href=\"mailto:s.wolff@sgb-fss.ch\"><span class=\"wp-block-button__link\"><i class=\"icon icon--mail\"><svg data-name=\"Ebene 1\" xmlns=\"http:\/\/www.w3.org\/2000\/svg\" viewBox=\"0 0 24 24\"><path d=\"M20.76 2.31H3.24A3.12 3.12 0 0 0 .12 5.43v13.14a3.12 3.12 0 0 0 3.12 3.12h17.52a3.12 3.12 0 0 0 3.12-3.12V5.43a3.12 3.12 0 0 0-3.12-3.12zM2.09 5a1.27 1.27 0 0 1 1.15-.78h17.52a1.24 1.24 0 0 1 1.11.74l.05.09-.09.06L12 12l-.07-.05-9.87-6.9zM22 18.57a1.26 1.26 0 0 1-1.26 1.27H3.24A1.27 1.27 0 0 1 2 18.57V7.21l9.5 6.69a.89.89 0 0 0 1 0L22 7.25z\"\/><\/svg><\/i><span class=\"wp-block-button__label\">s.wolff@sgb-fss.ch<\/span><\/span><\/a>                                                            <\/p>\n                                            <\/div>\n                <\/div>\n            <\/div>\n                    <\/div>\n<\/div>\n<\/div>\n\n\n\n<h2 class=\"wp-block-heading\"><\/h2>\n\n\n\n<div class=\"wp-block-group has-schwarz-25-background-color has-background is-layout-constrained wp-block-group-is-layout-constrained\"><div class=\"block block-teaserpages\" id=\"block_d98e34167c8522391b33d3d00ee37b40\" data-block=\"Teaser Pages\">\n  <ul class=\"block-teaserpages__list\">\n            <li class=\"block-teaserpages__item\">\n        <a class=\"accent teaserpage\" href=\"https:\/\/www.sgb-fss.ch\/fr\/downloads\/\">\n  <div class=\"teaserpage__thumbnail\">\n            <div class=\"image teaserpage__thumbnail-image\" >\n    <img decoding=\"async\"\n      loading=\"lazy\"\n      class=\"image__object lazyload\"\n      src=\"https:\/\/www.sgb-fss.ch\/content\/uploads\/2024\/01\/downloads-f-1440x0-c-default.jpg\"       data-sizes=\"auto\"\n      data-srcset=\"https:\/\/www.sgb-fss.ch\/content\/uploads\/2024\/01\/downloads-f-1000x0-c-default.jpg 1000w, https:\/\/www.sgb-fss.ch\/content\/uploads\/2024\/01\/downloads-f-700x0-c-default.jpg 700w, https:\/\/www.sgb-fss.ch\/content\/uploads\/2024\/01\/downloads-f-350x0-c-default.jpg 350w, \"\n      alt=\"\"\n      width=\"1890\"\n      height=\"1063\"\n            >\n  <\/div>\n      <\/div>\n  <h3 class=\"teaserpage__title\">Downloads<\/h3>\n  <p class=\"teaserpage__lead\">Tu trouveras ici toutes les donn\u00e9es relatives \u00e0 cette page ainsi qu&rsquo;\u00e0 tous les autres domaines \u00e0 t\u00e9l\u00e9charger.<\/p>  <\/a>\n      <\/li>\n    <\/ul>\n<\/div>\n<\/div>\n","protected":false},"excerpt":{"rendered":"<p>Le succ\u00e8s gr\u00e2ce \u00e0 la diversit\u00e9. Par le biais d\u2019informations, d\u2019ateliers et d\u2019outils concrets, [&hellip;]<\/p>\n","protected":false},"author":20,"featured_media":12384,"parent":9128,"menu_order":1,"comment_status":"closed","ping_status":"closed","template":"","meta":{"_acf_changed":false,"inline_featured_image":false,"footnotes":""},"class_list":["post-11931","page","type-page","status-publish","has-post-thumbnail","hentry"],"acf":[],"yoast_head":"<!-- This site is optimized with the Yoast SEO plugin v27.4 - https:\/\/yoast.com\/product\/yoast-seo-wordpress\/ -->\n<title>Travail - SGB-FSS<\/title>\n<meta name=\"robots\" content=\"index, follow, max-snippet:-1, max-image-preview:large, max-video-preview:-1\" \/>\n<link rel=\"canonical\" href=\"https:\/\/www.sgb-fss.ch\/fr\/domaines\/travail\/\" \/>\n<meta property=\"og:locale\" content=\"fr_FR\" \/>\n<meta property=\"og:type\" content=\"article\" \/>\n<meta property=\"og:title\" content=\"Travail - SGB-FSS\" \/>\n<meta property=\"og:description\" content=\"Le succ\u00e8s gr\u00e2ce \u00e0 la diversit\u00e9. Par le biais d\u2019informations, d\u2019ateliers et d\u2019outils concrets, [&hellip;]\" \/>\n<meta property=\"og:url\" content=\"https:\/\/www.sgb-fss.ch\/fr\/domaines\/travail\/\" \/>\n<meta property=\"og:site_name\" content=\"SGB-FSS\" \/>\n<meta property=\"article:modified_time\" content=\"2024-09-16T13:11:22+00:00\" \/>\n<meta property=\"og:image\" content=\"https:\/\/www.sgb-fss.ch\/content\/uploads\/2023\/03\/arbeit.jpg\" \/>\n\t<meta property=\"og:image:width\" content=\"955\" \/>\n\t<meta property=\"og:image:height\" content=\"542\" \/>\n\t<meta property=\"og:image:type\" content=\"image\/jpeg\" \/>\n<meta name=\"twitter:card\" content=\"summary_large_image\" \/>\n<meta name=\"twitter:label1\" content=\"Dur\u00e9e de lecture estim\u00e9e\" \/>\n\t<meta name=\"twitter:data1\" content=\"1 minute\" \/>\n<script type=\"application\/ld+json\" class=\"yoast-schema-graph\">{\"@context\":\"https:\\\/\\\/schema.org\",\"@graph\":[{\"@type\":\"WebPage\",\"@id\":\"https:\\\/\\\/www.sgb-fss.ch\\\/fr\\\/domaines\\\/travail\\\/\",\"url\":\"https:\\\/\\\/www.sgb-fss.ch\\\/fr\\\/domaines\\\/travail\\\/\",\"name\":\"Travail - SGB-FSS\",\"isPartOf\":{\"@id\":\"https:\\\/\\\/www.sgb-fss.ch\\\/de\\\/#website\"},\"primaryImageOfPage\":{\"@id\":\"https:\\\/\\\/www.sgb-fss.ch\\\/fr\\\/domaines\\\/travail\\\/#primaryimage\"},\"image\":{\"@id\":\"https:\\\/\\\/www.sgb-fss.ch\\\/fr\\\/domaines\\\/travail\\\/#primaryimage\"},\"thumbnailUrl\":\"https:\\\/\\\/www.sgb-fss.ch\\\/content\\\/uploads\\\/2023\\\/03\\\/arbeit.jpg\",\"datePublished\":\"2022-10-21T08:19:48+00:00\",\"dateModified\":\"2024-09-16T13:11:22+00:00\",\"breadcrumb\":{\"@id\":\"https:\\\/\\\/www.sgb-fss.ch\\\/fr\\\/domaines\\\/travail\\\/#breadcrumb\"},\"inLanguage\":\"fr-FR\",\"potentialAction\":[{\"@type\":\"ReadAction\",\"target\":[\"https:\\\/\\\/www.sgb-fss.ch\\\/fr\\\/domaines\\\/travail\\\/\"]}]},{\"@type\":\"ImageObject\",\"inLanguage\":\"fr-FR\",\"@id\":\"https:\\\/\\\/www.sgb-fss.ch\\\/fr\\\/domaines\\\/travail\\\/#primaryimage\",\"url\":\"https:\\\/\\\/www.sgb-fss.ch\\\/content\\\/uploads\\\/2023\\\/03\\\/arbeit.jpg\",\"contentUrl\":\"https:\\\/\\\/www.sgb-fss.ch\\\/content\\\/uploads\\\/2023\\\/03\\\/arbeit.jpg\",\"width\":955,\"height\":542},{\"@type\":\"BreadcrumbList\",\"@id\":\"https:\\\/\\\/www.sgb-fss.ch\\\/fr\\\/domaines\\\/travail\\\/#breadcrumb\",\"itemListElement\":[{\"@type\":\"ListItem\",\"position\":1,\"name\":\"Home\",\"item\":\"https:\\\/\\\/www.sgb-fss.ch\\\/fr\\\/\"},{\"@type\":\"ListItem\",\"position\":2,\"name\":\"Domaines\",\"item\":\"https:\\\/\\\/www.sgb-fss.ch\\\/fr\\\/domaines\\\/\"},{\"@type\":\"ListItem\",\"position\":3,\"name\":\"Travail\"}]},{\"@type\":\"WebSite\",\"@id\":\"https:\\\/\\\/www.sgb-fss.ch\\\/de\\\/#website\",\"url\":\"https:\\\/\\\/www.sgb-fss.ch\\\/de\\\/\",\"name\":\"SGB-FSS\",\"description\":\"\",\"potentialAction\":[{\"@type\":\"SearchAction\",\"target\":{\"@type\":\"EntryPoint\",\"urlTemplate\":\"https:\\\/\\\/www.sgb-fss.ch\\\/de\\\/?s={search_term_string}\"},\"query-input\":{\"@type\":\"PropertyValueSpecification\",\"valueRequired\":true,\"valueName\":\"search_term_string\"}}],\"inLanguage\":\"fr-FR\"}]}<\/script>\n<!-- \/ Yoast SEO plugin. -->","yoast_head_json":{"title":"Travail - SGB-FSS","robots":{"index":"index","follow":"follow","max-snippet":"max-snippet:-1","max-image-preview":"max-image-preview:large","max-video-preview":"max-video-preview:-1"},"canonical":"https:\/\/www.sgb-fss.ch\/fr\/domaines\/travail\/","og_locale":"fr_FR","og_type":"article","og_title":"Travail - SGB-FSS","og_description":"Le succ\u00e8s gr\u00e2ce \u00e0 la diversit\u00e9. Par le biais d\u2019informations, d\u2019ateliers et d\u2019outils concrets, [&hellip;]","og_url":"https:\/\/www.sgb-fss.ch\/fr\/domaines\/travail\/","og_site_name":"SGB-FSS","article_modified_time":"2024-09-16T13:11:22+00:00","og_image":[{"width":955,"height":542,"url":"https:\/\/www.sgb-fss.ch\/content\/uploads\/2023\/03\/arbeit.jpg","type":"image\/jpeg"}],"twitter_card":"summary_large_image","twitter_misc":{"Dur\u00e9e de lecture estim\u00e9e":"1 minute"},"schema":{"@context":"https:\/\/schema.org","@graph":[{"@type":"WebPage","@id":"https:\/\/www.sgb-fss.ch\/fr\/domaines\/travail\/","url":"https:\/\/www.sgb-fss.ch\/fr\/domaines\/travail\/","name":"Travail - SGB-FSS","isPartOf":{"@id":"https:\/\/www.sgb-fss.ch\/de\/#website"},"primaryImageOfPage":{"@id":"https:\/\/www.sgb-fss.ch\/fr\/domaines\/travail\/#primaryimage"},"image":{"@id":"https:\/\/www.sgb-fss.ch\/fr\/domaines\/travail\/#primaryimage"},"thumbnailUrl":"https:\/\/www.sgb-fss.ch\/content\/uploads\/2023\/03\/arbeit.jpg","datePublished":"2022-10-21T08:19:48+00:00","dateModified":"2024-09-16T13:11:22+00:00","breadcrumb":{"@id":"https:\/\/www.sgb-fss.ch\/fr\/domaines\/travail\/#breadcrumb"},"inLanguage":"fr-FR","potentialAction":[{"@type":"ReadAction","target":["https:\/\/www.sgb-fss.ch\/fr\/domaines\/travail\/"]}]},{"@type":"ImageObject","inLanguage":"fr-FR","@id":"https:\/\/www.sgb-fss.ch\/fr\/domaines\/travail\/#primaryimage","url":"https:\/\/www.sgb-fss.ch\/content\/uploads\/2023\/03\/arbeit.jpg","contentUrl":"https:\/\/www.sgb-fss.ch\/content\/uploads\/2023\/03\/arbeit.jpg","width":955,"height":542},{"@type":"BreadcrumbList","@id":"https:\/\/www.sgb-fss.ch\/fr\/domaines\/travail\/#breadcrumb","itemListElement":[{"@type":"ListItem","position":1,"name":"Home","item":"https:\/\/www.sgb-fss.ch\/fr\/"},{"@type":"ListItem","position":2,"name":"Domaines","item":"https:\/\/www.sgb-fss.ch\/fr\/domaines\/"},{"@type":"ListItem","position":3,"name":"Travail"}]},{"@type":"WebSite","@id":"https:\/\/www.sgb-fss.ch\/de\/#website","url":"https:\/\/www.sgb-fss.ch\/de\/","name":"SGB-FSS","description":"","potentialAction":[{"@type":"SearchAction","target":{"@type":"EntryPoint","urlTemplate":"https:\/\/www.sgb-fss.ch\/de\/?s={search_term_string}"},"query-input":{"@type":"PropertyValueSpecification","valueRequired":true,"valueName":"search_term_string"}}],"inLanguage":"fr-FR"}]}},"_links":{"self":[{"href":"https:\/\/www.sgb-fss.ch\/fr\/wp-json\/wp\/v2\/pages\/11931","targetHints":{"allow":["GET"]}}],"collection":[{"href":"https:\/\/www.sgb-fss.ch\/fr\/wp-json\/wp\/v2\/pages"}],"about":[{"href":"https:\/\/www.sgb-fss.ch\/fr\/wp-json\/wp\/v2\/types\/page"}],"author":[{"embeddable":true,"href":"https:\/\/www.sgb-fss.ch\/fr\/wp-json\/wp\/v2\/users\/20"}],"replies":[{"embeddable":true,"href":"https:\/\/www.sgb-fss.ch\/fr\/wp-json\/wp\/v2\/comments?post=11931"}],"version-history":[{"count":55,"href":"https:\/\/www.sgb-fss.ch\/fr\/wp-json\/wp\/v2\/pages\/11931\/revisions"}],"predecessor-version":[{"id":36246,"href":"https:\/\/www.sgb-fss.ch\/fr\/wp-json\/wp\/v2\/pages\/11931\/revisions\/36246"}],"up":[{"embeddable":true,"href":"https:\/\/www.sgb-fss.ch\/fr\/wp-json\/wp\/v2\/pages\/9128"}],"wp:featuredmedia":[{"embeddable":true,"href":"https:\/\/www.sgb-fss.ch\/fr\/wp-json\/wp\/v2\/media\/12384"}],"wp:attachment":[{"href":"https:\/\/www.sgb-fss.ch\/fr\/wp-json\/wp\/v2\/media?parent=11931"}],"curies":[{"name":"wp","href":"https:\/\/api.w.org\/{rel}","templated":true}]}}