{"id":11654,"date":"2023-04-25T14:13:04","date_gmt":"2023-04-25T12:13:04","guid":{"rendered":"https:\/\/www.sgb-fss.ch\/?page_id=11654"},"modified":"2024-09-16T15:11:39","modified_gmt":"2024-09-16T13:11:39","slug":"projets-travail-et-integration","status":"publish","type":"page","link":"https:\/\/www.sgb-fss.ch\/fr\/domaines\/travail\/projets-travail-et-integration\/","title":{"rendered":"Projets \u00abTravail et int\u00e9gration\u00bb"},"content":{"rendered":"\n<p class=\"is-style-lead\">Nous travaillons en \u00e9troite collaboration avec diverses organisations et entreprises. Avec elles, nous mettons en \u0153uvre des projets dont l\u2019objectif est de permettre aux personnes sourdes ou malentendantes l\u2019acc\u00e8s sans barri\u00e8res au travail et \u00e0 la soci\u00e9t\u00e9.<\/p>\n\n\n\n<p><strong>Partenaires du r\u00e9seau<\/strong><br>La F\u00e9d\u00e9ration Suisse des Sourds se consid\u00e8re comme un partenaire essentiel pour garantir une int\u00e9gration r\u00e9ussie des personnes sourdes dans la vie professionnelle. Le but est de d\u00e9velopper le savoir-faire des organisations et des entreprises, afin d\u2019\u00e9liminer les obstacles pour les personnes sourdes ou malentendantes avant et pendant la vie professionnelle, de proposer une assistance, de cr\u00e9er des standards et de contribuer \u00e0 une inclusion r\u00e9ussie.<\/p>\n\n\n\n<h2 class=\"wp-block-heading\">Projets actuels<\/h2>\n\n\n\n<div class=\"wp-block-columns is-layout-flex wp-container-core-columns-is-layout-9d6595d7 wp-block-columns-is-layout-flex\">\n<div class=\"wp-block-column is-layout-flow wp-block-column-is-layout-flow\" style=\"flex-basis:100%\">\n<div class=\"wp-block-group has-sgb-fss-blue-30-background-color has-background is-layout-constrained wp-block-group-is-layout-constrained\">\n<div class=\"wp-block-columns is-layout-flex wp-container-core-columns-is-layout-9d6595d7 wp-block-columns-is-layout-flex\">\n<div class=\"wp-block-column is-layout-flow wp-block-column-is-layout-flow\" style=\"flex-basis:100%\">\n<p>Projet<br><a href=\"https:\/\/www.ts-formation.ch\/fr\/projekte\/horbehinderte\" target=\"_blank\" rel=\"noreferrer noopener\"><strong>Acc\u00e8s \u00e0 l&rsquo;enseignement sup\u00e9rieur pour les personnes sourdes<\/strong><\/a><\/p>\n\n\n\n<p>Un guide destin\u00e9 aux \u00e9tablissements d&rsquo;enseignement sup\u00e9rieur vise \u00e0 les aider \u00e0 adapter leurs offres aux besoins des personnes sourdes. Nous contribuons ainsi \u00e0 am\u00e9liorer les conditions-cadres pour une participation \u00e9gale \u00e0 l&rsquo;enseignement sup\u00e9rieur.<\/p>\n\n\n\n<figure class=\"wp-block-image alignright size-full\"><img loading=\"lazy\" decoding=\"async\" width=\"278\" height=\"50\" src=\"https:\/\/www.sgb-fss.ch\/content\/uploads\/2023\/07\/travailsuisse-1.png\" alt=\"\" class=\"wp-image-22628\" srcset=\"https:\/\/www.sgb-fss.ch\/content\/uploads\/2023\/07\/travailsuisse-1.png 278w, https:\/\/www.sgb-fss.ch\/content\/uploads\/2023\/07\/travailsuisse-1-150x27.png 150w, https:\/\/www.sgb-fss.ch\/content\/uploads\/2023\/07\/travailsuisse-1-200x36.png 200w\" sizes=\"auto, (max-width: 278px) 100vw, 278px\" \/><\/figure>\n\n\n\n<p>En collaboration avec<br><strong>Travail Suisse Formation<\/strong><\/p>\n<\/div>\n<\/div>\n<\/div>\n<\/div>\n<\/div>\n\n\n\n<div class=\"wp-block-columns is-layout-flex wp-container-core-columns-is-layout-9d6595d7 wp-block-columns-is-layout-flex\">\n<div class=\"wp-block-column is-layout-flow wp-block-column-is-layout-flow\" style=\"flex-basis:100%\">\n<div class=\"wp-block-group is-style-highlighted has-sgb-fss-blue-15-background-color has-background is-layout-constrained wp-block-group-is-layout-constrained\">\n<div class=\"wp-block-columns is-layout-flex wp-container-core-columns-is-layout-9d6595d7 wp-block-columns-is-layout-flex\">\n<div class=\"wp-block-column is-layout-flow wp-block-column-is-layout-flow\" style=\"flex-basis:100%\">\n<p>Projet<br><strong>Sensibilisation &amp; march\u00e9 du travail inclusif<\/strong><\/p>\n\n\n\n<p>Le projet apporte une contribution concr\u00e8te \u00e0 la r\u00e9alisation de la vision d&rsquo;un march\u00e9 du travail inclusif. L&rsquo;objectif est de permettre aux employeurs de mieux exploiter le potentiel de travail des personnes sourdes et de diversifier les \u00e9quipes.<\/p>\n\n\n\n<figure class=\"wp-block-image alignright size-full is-resized\"><img loading=\"lazy\" decoding=\"async\" width=\"393\" height=\"150\" src=\"https:\/\/www.sgb-fss.ch\/content\/uploads\/2023\/07\/logo-egb-4.png\" alt=\"\" class=\"wp-image-22644\" style=\"width:210px;height:80px\" srcset=\"https:\/\/www.sgb-fss.ch\/content\/uploads\/2023\/07\/logo-egb-4.png 393w, https:\/\/www.sgb-fss.ch\/content\/uploads\/2023\/07\/logo-egb-4-300x115.png 300w, https:\/\/www.sgb-fss.ch\/content\/uploads\/2023\/07\/logo-egb-4-150x57.png 150w, https:\/\/www.sgb-fss.ch\/content\/uploads\/2023\/07\/logo-egb-4-200x76.png 200w\" sizes=\"auto, (max-width: 393px) 100vw, 393px\" \/><\/figure>\n\n\n\n<p>En collaboration avec le <br><strong>Bureau f\u00e9d\u00e9ral de l&rsquo;\u00e9galit\u00e9 <\/strong><br><strong>pour les personnes handicap\u00e9es BFEH<\/strong><\/p>\n<\/div>\n<\/div>\n<\/div>\n<\/div>\n<\/div>\n\n\n\n<div class=\"wp-block-columns is-layout-flex wp-container-core-columns-is-layout-9d6595d7 wp-block-columns-is-layout-flex\">\n<div class=\"wp-block-column is-layout-flow wp-block-column-is-layout-flow\" style=\"flex-basis:100%\">\n<div class=\"wp-block-group is-style-default has-sgb-fss-blue-30-background-color has-background is-layout-constrained wp-block-group-is-layout-constrained\">\n<div class=\"wp-block-columns is-layout-flex wp-container-core-columns-is-layout-9d6595d7 wp-block-columns-is-layout-flex\">\n<div class=\"wp-block-column is-layout-flow wp-block-column-is-layout-flow\" style=\"flex-basis:100%\">\n<p>Projet<br><a href=\"https:\/\/formationprofessionnelle2030.ch\/fr\/22-projekte-fr\/289-acces-des-personnes-sourdes-et-malentendantes-a-la-formation-professionnelle\" target=\"_blank\" rel=\"noreferrer noopener\"><strong>Les personnes sourds et leur acc\u00e8s \u00e0 la formation professionnelle<\/strong><\/a><\/p>\n\n\n\n<p>Les apprentis sourds doivent \u00eatre conseill\u00e9s et accompagn\u00e9s de mani\u00e8re ad\u00e9quate. Un \u00e9tat des lieux offre un soutien en attirant l&rsquo;attention sur les offres d&rsquo;aide existantes et en indiquant les possibilit\u00e9s d&rsquo;optimisation. L&rsquo;objectif est d&rsquo;am\u00e9liorer l&rsquo;acc\u00e8s \u00e0 la formation professionnelle pour les apprentis sourds et malentendants.<\/p>\n\n\n\n<figure class=\"wp-block-image alignright size-full\"><img loading=\"lazy\" decoding=\"async\" width=\"232\" height=\"90\" src=\"https:\/\/www.sgb-fss.ch\/content\/uploads\/2023\/07\/logobb20301.png\" alt=\"\" class=\"wp-image-22620\" srcset=\"https:\/\/www.sgb-fss.ch\/content\/uploads\/2023\/07\/logobb20301.png 232w, https:\/\/www.sgb-fss.ch\/content\/uploads\/2023\/07\/logobb20301-150x58.png 150w, https:\/\/www.sgb-fss.ch\/content\/uploads\/2023\/07\/logobb20301-200x78.png 200w\" sizes=\"auto, (max-width: 232px) 100vw, 232px\" \/><\/figure>\n\n\n\n<p>En collaboration avec <br><strong>Formation professionnelle 2030<\/strong><\/p>\n<\/div>\n<\/div>\n<\/div>\n<\/div>\n<\/div>\n\n\n\n<div class=\"wp-block-group is-layout-flow wp-block-group-is-layout-flow\"><div class=\"block block-teasercontacts block-teasercontacts--boxed\" id=\"block_547dc504bc97f1ba3ae37726e3e07194\" data-block=\"Teaser Contacts\">\n    <div class=\"block-teasercontacts__header\"><p class=\"block-teasercontacts__title\">Des questions sur des projets en cours? N&rsquo;h\u00e9site pas \u00e0 me contacter.<\/p><\/div>    <div class=\"block-teasercontacts__list\">\n                                        <div class=\"block-teasercontacts__item\">\n                <div class=\"block-teasercontacts__link\">\n                    <div class=\"block-teasercontacts__media\">\n                        <div class=\"block-teasercontacts__thumbnail accent__darkred has-background-accent\">\n                                                              <div class=\"image block-teasercontacts__thumbnail-image\" >\n    <img decoding=\"async\"\n      loading=\"lazy\"\n      class=\"image__object lazyload\"\n      src=\"https:\/\/www.sgb-fss.ch\/content\/uploads\/2021\/06\/sabine-wolff-1440x0-c-default.jpg\"       data-sizes=\"auto\"\n      data-srcset=\"https:\/\/www.sgb-fss.ch\/content\/uploads\/2021\/06\/sabine-wolff-200x0-c-default.jpg 200w, https:\/\/www.sgb-fss.ch\/content\/uploads\/2021\/06\/sabine-wolff-100x0-c-default.jpg 100w, \"\n      alt=\"\"\n      width=\"567\"\n      height=\"567\"\n            >\n  <\/div>\n                                                    <\/div>\n                    <\/div>\n                    <div class=\"block-teasercontacts__text\">\n                        <p class=\"block-teasercontacts__name\"><strong><a href=\"https:\/\/www.sgb-fss.ch\/fr\/team\/sabine-wolff\/\">Sabine Wolff<\/a><\/strong><\/p>\n                        <p class=\"block-teasercontacts__lead\">Produits et Marques<\/p>                    <\/div>\n                    <div class=\"block-teasercontacts__contacts\">\n                                                    <p>\n                                                                <a class=\"wp-block-button is-style-transparent\" href=\"mailto:s.wolff@sgb-fss.ch\"><span class=\"wp-block-button__link\"><i class=\"icon icon--mail\"><svg data-name=\"Ebene 1\" xmlns=\"http:\/\/www.w3.org\/2000\/svg\" viewBox=\"0 0 24 24\"><path d=\"M20.76 2.31H3.24A3.12 3.12 0 0 0 .12 5.43v13.14a3.12 3.12 0 0 0 3.12 3.12h17.52a3.12 3.12 0 0 0 3.12-3.12V5.43a3.12 3.12 0 0 0-3.12-3.12zM2.09 5a1.27 1.27 0 0 1 1.15-.78h17.52a1.24 1.24 0 0 1 1.11.74l.05.09-.09.06L12 12l-.07-.05-9.87-6.9zM22 18.57a1.26 1.26 0 0 1-1.26 1.27H3.24A1.27 1.27 0 0 1 2 18.57V7.21l9.5 6.69a.89.89 0 0 0 1 0L22 7.25z\"\/><\/svg><\/i><span class=\"wp-block-button__label\">s.wolff@sgb-fss.ch<\/span><\/span><\/a>                                                            <\/p>\n                                            <\/div>\n                <\/div>\n            <\/div>\n                    <\/div>\n<\/div>\n<\/div>\n\n\n\n<h2 class=\"wp-block-heading\"><\/h2>\n\n\n\n<div class=\"wp-block-group has-schwarz-25-background-color has-background is-layout-constrained wp-block-group-is-layout-constrained\"><div class=\"block block-teaserpages\" id=\"block_e086742b0263f76ea0471a53884611a4\" data-block=\"Teaser Pages\">\n  <ul class=\"block-teaserpages__list\">\n            <li class=\"block-teaserpages__item\">\n        <a class=\"accent teaserpage\" href=\"https:\/\/www.sgb-fss.ch\/fr\/downloads\/\">\n  <div class=\"teaserpage__thumbnail\">\n            <div class=\"image teaserpage__thumbnail-image\" >\n    <img decoding=\"async\"\n      loading=\"lazy\"\n      class=\"image__object lazyload\"\n      src=\"https:\/\/www.sgb-fss.ch\/content\/uploads\/2024\/01\/downloads-f-1440x0-c-default.jpg\"       data-sizes=\"auto\"\n      data-srcset=\"https:\/\/www.sgb-fss.ch\/content\/uploads\/2024\/01\/downloads-f-1000x0-c-default.jpg 1000w, https:\/\/www.sgb-fss.ch\/content\/uploads\/2024\/01\/downloads-f-700x0-c-default.jpg 700w, https:\/\/www.sgb-fss.ch\/content\/uploads\/2024\/01\/downloads-f-350x0-c-default.jpg 350w, \"\n      alt=\"\"\n      width=\"1890\"\n      height=\"1063\"\n            >\n  <\/div>\n      <\/div>\n  <h3 class=\"teaserpage__title\">Downloads<\/h3>\n  <p class=\"teaserpage__lead\">Tu trouveras ici toutes les donn\u00e9es relatives \u00e0 cette page ainsi qu&rsquo;\u00e0 tous les autres domaines \u00e0 t\u00e9l\u00e9charger.<\/p>  <\/a>\n      <\/li>\n    <\/ul>\n<\/div>\n<\/div>\n","protected":false},"excerpt":{"rendered":"<p>Nous travaillons en \u00e9troite collaboration avec diverses organisations et entreprises. Avec elles, nous mettons [&hellip;]<\/p>\n","protected":false},"author":40,"featured_media":16710,"parent":11931,"menu_order":3,"comment_status":"closed","ping_status":"closed","template":"","meta":{"_acf_changed":false,"inline_featured_image":false,"footnotes":""},"class_list":["post-11654","page","type-page","status-publish","has-post-thumbnail","hentry"],"acf":[],"yoast_head":"<!-- This site is optimized with the Yoast SEO plugin v27.4 - https:\/\/yoast.com\/product\/yoast-seo-wordpress\/ -->\n<title>Projets \u00abTravail et int\u00e9gration\u00bb - SGB-FSS<\/title>\n<meta name=\"robots\" content=\"index, follow, max-snippet:-1, max-image-preview:large, max-video-preview:-1\" \/>\n<link rel=\"canonical\" href=\"https:\/\/www.sgb-fss.ch\/fr\/domaines\/travail\/projets-travail-et-integration\/\" \/>\n<meta property=\"og:locale\" content=\"fr_FR\" \/>\n<meta property=\"og:type\" content=\"article\" \/>\n<meta property=\"og:title\" content=\"Projets \u00abTravail et int\u00e9gration\u00bb - SGB-FSS\" \/>\n<meta property=\"og:description\" content=\"Nous travaillons en \u00e9troite collaboration avec diverses organisations et entreprises. Avec elles, nous mettons [&hellip;]\" \/>\n<meta property=\"og:url\" content=\"https:\/\/www.sgb-fss.ch\/fr\/domaines\/travail\/projets-travail-et-integration\/\" \/>\n<meta property=\"og:site_name\" content=\"SGB-FSS\" \/>\n<meta property=\"article:modified_time\" content=\"2024-09-16T13:11:39+00:00\" \/>\n<meta property=\"og:image\" content=\"https:\/\/www.sgb-fss.ch\/content\/uploads\/2023\/05\/arbeit_projekt-scaled-e1684142674908.jpg\" \/>\n\t<meta property=\"og:image:width\" content=\"2560\" \/>\n\t<meta property=\"og:image:height\" content=\"1707\" \/>\n\t<meta property=\"og:image:type\" content=\"image\/jpeg\" \/>\n<meta name=\"twitter:card\" content=\"summary_large_image\" \/>\n<meta name=\"twitter:label1\" content=\"Dur\u00e9e de lecture estim\u00e9e\" \/>\n\t<meta name=\"twitter:data1\" content=\"3 minutes\" \/>\n<script type=\"application\/ld+json\" class=\"yoast-schema-graph\">{\"@context\":\"https:\\\/\\\/schema.org\",\"@graph\":[{\"@type\":\"WebPage\",\"@id\":\"https:\\\/\\\/www.sgb-fss.ch\\\/fr\\\/domaines\\\/travail\\\/projets-travail-et-integration\\\/\",\"url\":\"https:\\\/\\\/www.sgb-fss.ch\\\/fr\\\/domaines\\\/travail\\\/projets-travail-et-integration\\\/\",\"name\":\"Projets \u00abTravail et int\u00e9gration\u00bb - SGB-FSS\",\"isPartOf\":{\"@id\":\"https:\\\/\\\/www.sgb-fss.ch\\\/de\\\/#website\"},\"primaryImageOfPage\":{\"@id\":\"https:\\\/\\\/www.sgb-fss.ch\\\/fr\\\/domaines\\\/travail\\\/projets-travail-et-integration\\\/#primaryimage\"},\"image\":{\"@id\":\"https:\\\/\\\/www.sgb-fss.ch\\\/fr\\\/domaines\\\/travail\\\/projets-travail-et-integration\\\/#primaryimage\"},\"thumbnailUrl\":\"https:\\\/\\\/www.sgb-fss.ch\\\/content\\\/uploads\\\/2023\\\/05\\\/arbeit_projekt-scaled-e1684142674908.jpg\",\"datePublished\":\"2023-04-25T12:13:04+00:00\",\"dateModified\":\"2024-09-16T13:11:39+00:00\",\"breadcrumb\":{\"@id\":\"https:\\\/\\\/www.sgb-fss.ch\\\/fr\\\/domaines\\\/travail\\\/projets-travail-et-integration\\\/#breadcrumb\"},\"inLanguage\":\"fr-FR\",\"potentialAction\":[{\"@type\":\"ReadAction\",\"target\":[\"https:\\\/\\\/www.sgb-fss.ch\\\/fr\\\/domaines\\\/travail\\\/projets-travail-et-integration\\\/\"]}]},{\"@type\":\"ImageObject\",\"inLanguage\":\"fr-FR\",\"@id\":\"https:\\\/\\\/www.sgb-fss.ch\\\/fr\\\/domaines\\\/travail\\\/projets-travail-et-integration\\\/#primaryimage\",\"url\":\"https:\\\/\\\/www.sgb-fss.ch\\\/content\\\/uploads\\\/2023\\\/05\\\/arbeit_projekt-scaled-e1684142674908.jpg\",\"contentUrl\":\"https:\\\/\\\/www.sgb-fss.ch\\\/content\\\/uploads\\\/2023\\\/05\\\/arbeit_projekt-scaled-e1684142674908.jpg\",\"width\":2560,\"height\":1707},{\"@type\":\"BreadcrumbList\",\"@id\":\"https:\\\/\\\/www.sgb-fss.ch\\\/fr\\\/domaines\\\/travail\\\/projets-travail-et-integration\\\/#breadcrumb\",\"itemListElement\":[{\"@type\":\"ListItem\",\"position\":1,\"name\":\"Home\",\"item\":\"https:\\\/\\\/www.sgb-fss.ch\\\/fr\\\/\"},{\"@type\":\"ListItem\",\"position\":2,\"name\":\"Domaines\",\"item\":\"https:\\\/\\\/www.sgb-fss.ch\\\/fr\\\/domaines\\\/\"},{\"@type\":\"ListItem\",\"position\":3,\"name\":\"Travail\",\"item\":\"https:\\\/\\\/www.sgb-fss.ch\\\/fr\\\/domaines\\\/travail\\\/\"},{\"@type\":\"ListItem\",\"position\":4,\"name\":\"Projets \u00abTravail et int\u00e9gration\u00bb\"}]},{\"@type\":\"WebSite\",\"@id\":\"https:\\\/\\\/www.sgb-fss.ch\\\/de\\\/#website\",\"url\":\"https:\\\/\\\/www.sgb-fss.ch\\\/de\\\/\",\"name\":\"SGB-FSS\",\"description\":\"\",\"potentialAction\":[{\"@type\":\"SearchAction\",\"target\":{\"@type\":\"EntryPoint\",\"urlTemplate\":\"https:\\\/\\\/www.sgb-fss.ch\\\/de\\\/?s={search_term_string}\"},\"query-input\":{\"@type\":\"PropertyValueSpecification\",\"valueRequired\":true,\"valueName\":\"search_term_string\"}}],\"inLanguage\":\"fr-FR\"}]}<\/script>\n<!-- \/ Yoast SEO plugin. -->","yoast_head_json":{"title":"Projets \u00abTravail et int\u00e9gration\u00bb - SGB-FSS","robots":{"index":"index","follow":"follow","max-snippet":"max-snippet:-1","max-image-preview":"max-image-preview:large","max-video-preview":"max-video-preview:-1"},"canonical":"https:\/\/www.sgb-fss.ch\/fr\/domaines\/travail\/projets-travail-et-integration\/","og_locale":"fr_FR","og_type":"article","og_title":"Projets \u00abTravail et int\u00e9gration\u00bb - SGB-FSS","og_description":"Nous travaillons en \u00e9troite collaboration avec diverses organisations et entreprises. Avec elles, nous mettons [&hellip;]","og_url":"https:\/\/www.sgb-fss.ch\/fr\/domaines\/travail\/projets-travail-et-integration\/","og_site_name":"SGB-FSS","article_modified_time":"2024-09-16T13:11:39+00:00","og_image":[{"width":2560,"height":1707,"url":"https:\/\/www.sgb-fss.ch\/content\/uploads\/2023\/05\/arbeit_projekt-scaled-e1684142674908.jpg","type":"image\/jpeg"}],"twitter_card":"summary_large_image","twitter_misc":{"Dur\u00e9e de lecture estim\u00e9e":"3 minutes"},"schema":{"@context":"https:\/\/schema.org","@graph":[{"@type":"WebPage","@id":"https:\/\/www.sgb-fss.ch\/fr\/domaines\/travail\/projets-travail-et-integration\/","url":"https:\/\/www.sgb-fss.ch\/fr\/domaines\/travail\/projets-travail-et-integration\/","name":"Projets \u00abTravail et int\u00e9gration\u00bb - SGB-FSS","isPartOf":{"@id":"https:\/\/www.sgb-fss.ch\/de\/#website"},"primaryImageOfPage":{"@id":"https:\/\/www.sgb-fss.ch\/fr\/domaines\/travail\/projets-travail-et-integration\/#primaryimage"},"image":{"@id":"https:\/\/www.sgb-fss.ch\/fr\/domaines\/travail\/projets-travail-et-integration\/#primaryimage"},"thumbnailUrl":"https:\/\/www.sgb-fss.ch\/content\/uploads\/2023\/05\/arbeit_projekt-scaled-e1684142674908.jpg","datePublished":"2023-04-25T12:13:04+00:00","dateModified":"2024-09-16T13:11:39+00:00","breadcrumb":{"@id":"https:\/\/www.sgb-fss.ch\/fr\/domaines\/travail\/projets-travail-et-integration\/#breadcrumb"},"inLanguage":"fr-FR","potentialAction":[{"@type":"ReadAction","target":["https:\/\/www.sgb-fss.ch\/fr\/domaines\/travail\/projets-travail-et-integration\/"]}]},{"@type":"ImageObject","inLanguage":"fr-FR","@id":"https:\/\/www.sgb-fss.ch\/fr\/domaines\/travail\/projets-travail-et-integration\/#primaryimage","url":"https:\/\/www.sgb-fss.ch\/content\/uploads\/2023\/05\/arbeit_projekt-scaled-e1684142674908.jpg","contentUrl":"https:\/\/www.sgb-fss.ch\/content\/uploads\/2023\/05\/arbeit_projekt-scaled-e1684142674908.jpg","width":2560,"height":1707},{"@type":"BreadcrumbList","@id":"https:\/\/www.sgb-fss.ch\/fr\/domaines\/travail\/projets-travail-et-integration\/#breadcrumb","itemListElement":[{"@type":"ListItem","position":1,"name":"Home","item":"https:\/\/www.sgb-fss.ch\/fr\/"},{"@type":"ListItem","position":2,"name":"Domaines","item":"https:\/\/www.sgb-fss.ch\/fr\/domaines\/"},{"@type":"ListItem","position":3,"name":"Travail","item":"https:\/\/www.sgb-fss.ch\/fr\/domaines\/travail\/"},{"@type":"ListItem","position":4,"name":"Projets \u00abTravail et int\u00e9gration\u00bb"}]},{"@type":"WebSite","@id":"https:\/\/www.sgb-fss.ch\/de\/#website","url":"https:\/\/www.sgb-fss.ch\/de\/","name":"SGB-FSS","description":"","potentialAction":[{"@type":"SearchAction","target":{"@type":"EntryPoint","urlTemplate":"https:\/\/www.sgb-fss.ch\/de\/?s={search_term_string}"},"query-input":{"@type":"PropertyValueSpecification","valueRequired":true,"valueName":"search_term_string"}}],"inLanguage":"fr-FR"}]}},"_links":{"self":[{"href":"https:\/\/www.sgb-fss.ch\/fr\/wp-json\/wp\/v2\/pages\/11654","targetHints":{"allow":["GET"]}}],"collection":[{"href":"https:\/\/www.sgb-fss.ch\/fr\/wp-json\/wp\/v2\/pages"}],"about":[{"href":"https:\/\/www.sgb-fss.ch\/fr\/wp-json\/wp\/v2\/types\/page"}],"author":[{"embeddable":true,"href":"https:\/\/www.sgb-fss.ch\/fr\/wp-json\/wp\/v2\/users\/40"}],"replies":[{"embeddable":true,"href":"https:\/\/www.sgb-fss.ch\/fr\/wp-json\/wp\/v2\/comments?post=11654"}],"version-history":[{"count":39,"href":"https:\/\/www.sgb-fss.ch\/fr\/wp-json\/wp\/v2\/pages\/11654\/revisions"}],"predecessor-version":[{"id":35415,"href":"https:\/\/www.sgb-fss.ch\/fr\/wp-json\/wp\/v2\/pages\/11654\/revisions\/35415"}],"up":[{"embeddable":true,"href":"https:\/\/www.sgb-fss.ch\/fr\/wp-json\/wp\/v2\/pages\/11931"}],"wp:featuredmedia":[{"embeddable":true,"href":"https:\/\/www.sgb-fss.ch\/fr\/wp-json\/wp\/v2\/media\/16710"}],"wp:attachment":[{"href":"https:\/\/www.sgb-fss.ch\/fr\/wp-json\/wp\/v2\/media?parent=11654"}],"curies":[{"name":"wp","href":"https:\/\/api.w.org\/{rel}","templated":true}]}}