{"id":11095,"date":"2023-04-25T14:10:53","date_gmt":"2023-04-25T12:10:53","guid":{"rendered":"https:\/\/www.sgb-fss.ch\/?page_id=11095"},"modified":"2024-09-16T15:14:19","modified_gmt":"2024-09-16T13:14:19","slug":"reseau-travail","status":"publish","type":"page","link":"https:\/\/www.sgb-fss.ch\/fr\/domaines\/travail\/reseau-travail\/","title":{"rendered":"R\u00e9seau \u00abTravail\u00bb"},"content":{"rendered":"\n<p class=\"is-style-lead\">Des personnes sourdes ou malentendantes sont employ\u00e9es dans votre entreprise et vous souhaitez partager votre exp\u00e9riences avec d\u2019autres entreprises? Sur notre carte, vous trouverez une liste d\u2019entreprises et institutions r\u00e9parties dans toute la Suisse avec lesquelles nous collaborons.<\/p>\n\n\n\n<p><strong>Carte r\u00e9seau<br><\/strong>Gr\u00e2ce \u00e0 nos projets relatifs \u00e0 la surdit\u00e9 dans le monde du travail, nous travaillons en \u00e9troite collaboration avec un vaste r\u00e9seau qui permet \u00e0 tous les acteurs et actrices de partager leurs exp\u00e9riences et d\u2019apprendre les uns des autres. Notre carte sert de plateforme pour am\u00e9liorer la visibilit\u00e9 des personnes sourdes et attirer l\u2019attention sur les multiples domaines professionnels des personnes sourdes.<\/p>\n\n\n<div class=\"wp-block-shortcode\">\n  \n<div id=\"mapsvg-3\" data-id=\"3\" class=\"mapsvg\" data-autoload=\"true\" data-load-db=\"true\" data-loading-text=\"Loading map...\" style=\"width: 100%; height: 0; padding-bottom: 64.08%\"><\/div>\n\n<\/div>\n\n\n\n<div class=\"wp-block-columns is-layout-flex wp-container-core-columns-is-layout-9d6595d7 wp-block-columns-is-layout-flex\">\n<div class=\"wp-block-column has-sgb-fss-blue-15-background-color has-background is-layout-flow wp-block-column-is-layout-flow\">\n<h3 class=\"wp-block-heading has-text-align-center\"><strong><strong>Votre entreprise sur notre carte<\/strong><\/strong><\/h3>\n\n\n\n<p class=\"has-text-align-center has-schwarz-color has-text-color\">Si vous souhaitez que votre entreprise figure aussi sur notre carte, n\u2019h\u00e9sitez pas \u00e0 nous contacter.<\/p>\n\n\n\n<div class=\"wp-block-buttons is-content-justification-center is-layout-flex wp-container-core-buttons-is-layout-16018d1d wp-block-buttons-is-layout-flex\">\n<div class=\"wp-block-button is-style-fill\"><a class=\"wp-block-button__link has-sgb-fss-rot-background-color has-background wp-element-button\" href=\"mailto:arbeit@sgb-fss.ch\" style=\"border-radius:29px\" target=\"_blank\" rel=\"noreferrer noopener\">Contact<\/a><\/div>\n<\/div>\n<\/div>\n<\/div>\n\n\n\n<div class=\"wp-block-group has-sgb-fss-blue-30-background-color has-background is-layout-flow wp-block-group-is-layout-flow\">\n<h3 class=\"wp-block-heading\">Feed-backs d\u2019entreprises<\/h3>\n\n\n\n<p class=\"is-style-lead\">Les entreprises qui travaillent depuis de nombreuses ann\u00e9es avec des personnes sourdes et\/ou malentendantes consid\u00e8rent les capacit\u00e9s et le potentiel de ces collaboratrices et collaborateurs comme un v\u00e9ritable atout et une diversit\u00e9 pr\u00e9cieuse sur le lieu de travail.<\/p>\n\n\n\n<p><\/p>\n\n\n\n<div class=\"wp-block-columns is-layout-flex wp-container-core-columns-is-layout-9d6595d7 wp-block-columns-is-layout-flex\">\n<div class=\"wp-block-column is-layout-flow wp-block-column-is-layout-flow\" style=\"flex-basis:100%\">\n<div class=\"wp-block-group has-sgb-fss-blue-15-background-color has-background is-layout-constrained wp-block-group-is-layout-constrained\">\n<div class=\"wp-block-columns is-layout-flex wp-container-core-columns-is-layout-9d6595d7 wp-block-columns-is-layout-flex\">\n<div class=\"wp-block-column is-layout-flow wp-block-column-is-layout-flow\">\n<figure class=\"wp-block-image alignwide size-medium\"><img loading=\"lazy\" decoding=\"async\" width=\"300\" height=\"450\" src=\"https:\/\/www.sgb-fss.ch\/content\/uploads\/2023\/04\/0421_ann_kathrin_greutmann_2_hoch-300x450.jpg\" alt=\"\" class=\"wp-image-14267\" srcset=\"https:\/\/www.sgb-fss.ch\/content\/uploads\/2023\/04\/0421_ann_kathrin_greutmann_2_hoch-300x450.jpg 300w, https:\/\/www.sgb-fss.ch\/content\/uploads\/2023\/04\/0421_ann_kathrin_greutmann_2_hoch-1024x1536.jpg 1024w, https:\/\/www.sgb-fss.ch\/content\/uploads\/2023\/04\/0421_ann_kathrin_greutmann_2_hoch-150x225.jpg 150w, https:\/\/www.sgb-fss.ch\/content\/uploads\/2023\/04\/0421_ann_kathrin_greutmann_2_hoch-768x1152.jpg 768w, https:\/\/www.sgb-fss.ch\/content\/uploads\/2023\/04\/0421_ann_kathrin_greutmann_2_hoch-1365x2048.jpg 1365w, https:\/\/www.sgb-fss.ch\/content\/uploads\/2023\/04\/0421_ann_kathrin_greutmann_2_hoch-67x100.jpg 67w, https:\/\/www.sgb-fss.ch\/content\/uploads\/2023\/04\/0421_ann_kathrin_greutmann_2_hoch-600x900.jpg 600w, https:\/\/www.sgb-fss.ch\/content\/uploads\/2023\/04\/0421_ann_kathrin_greutmann_2_hoch-scaled.jpg 1707w\" sizes=\"auto, (max-width: 300px) 100vw, 300px\" \/><\/figure>\n<\/div>\n\n\n\n<div class=\"wp-block-column is-layout-flow wp-block-column-is-layout-flow\">\n<p>\u00abFaire entendre la voix des personnes sourdes: la Banque cantonale de Zurich s\u2019engage activement en ce sens. Chez nous, les personnes sourdes sont parfaitement int\u00e9gr\u00e9es dans le quotidien professionnel. Nous sensibilisons nos collaborateurs en leur proposant par exemple des cours de langue des signes, ce qui nous permet de supprimer les obstacles et de favoriser le vivre-ensemble.\u00bb<\/p>\n\n\n\n<p><strong>Ann-Kathrin Greutmann<\/strong><br>Diversit\u00e9 &amp; Inclusion<br>Banque cantonale de Zurich<\/p>\n<\/div>\n<\/div>\n<\/div>\n<\/div>\n<\/div>\n\n\n\n<p class=\"has-sgb-fss-blue-30-color has-text-color\">&#8211;<\/p>\n\n\n\n<div class=\"wp-block-columns is-layout-flex wp-container-core-columns-is-layout-9d6595d7 wp-block-columns-is-layout-flex\">\n<div class=\"wp-block-column is-layout-flow wp-block-column-is-layout-flow\" style=\"flex-basis:100%\">\n<div class=\"wp-block-group has-sgb-fss-blue-15-background-color has-background is-layout-constrained wp-block-group-is-layout-constrained\">\n<div class=\"wp-block-columns is-layout-flex wp-container-core-columns-is-layout-9d6595d7 wp-block-columns-is-layout-flex\">\n<div class=\"wp-block-column is-layout-flow wp-block-column-is-layout-flow\">\n<figure class=\"wp-block-image alignwide size-full\"><img loading=\"lazy\" decoding=\"async\" width=\"214\" height=\"285\" src=\"https:\/\/www.sgb-fss.ch\/content\/uploads\/2023\/04\/mgb-edited.jpg\" alt=\"\" class=\"wp-image-12992\" srcset=\"https:\/\/www.sgb-fss.ch\/content\/uploads\/2023\/04\/mgb-edited.jpg 214w, https:\/\/www.sgb-fss.ch\/content\/uploads\/2023\/04\/mgb-edited-150x200.jpg 150w, https:\/\/www.sgb-fss.ch\/content\/uploads\/2023\/04\/mgb-edited-75x100.jpg 75w\" sizes=\"auto, (max-width: 214px) 100vw, 214px\" \/><\/figure>\n<\/div>\n\n\n\n<div class=\"wp-block-column is-layout-flow wp-block-column-is-layout-flow\">\n<p>\u00abEn tant qu&#8217;employeur responsable, nous appr\u00e9cions la diversit\u00e9 de nos collaborateurs au sein de la F\u00e9d\u00e9ration des coop\u00e9ratives Migros (FCM). Les collaborateurs malentendants contribuent \u00e0 promouvoir la compr\u00e9hension et le respect mutuel. En outre, la collaboration avec nos collaborateurs malentendants nous a beaucoup appris sur le th\u00e8me de l&rsquo;audition. Bien entendre ne va pas de soi.\u00bb<\/p>\n\n\n\n<p><strong>Marl\u00e8ne Honegger<\/strong><br>Responsable de la direction <br>des ressources humaines<br>F\u00e9d\u00e9ration des coop\u00e9ratives Migros<\/p>\n<\/div>\n<\/div>\n<\/div>\n<\/div>\n<\/div>\n\n\n\n<p class=\"has-sgb-fss-blue-30-color has-text-color\">&#8211;<\/p>\n\n\n\n<div class=\"wp-block-columns is-layout-flex wp-container-core-columns-is-layout-9d6595d7 wp-block-columns-is-layout-flex\">\n<div class=\"wp-block-column is-layout-flow wp-block-column-is-layout-flow\" style=\"flex-basis:100%\">\n<div class=\"wp-block-group has-sgb-fss-blue-15-background-color has-background is-layout-constrained wp-block-group-is-layout-constrained\">\n<div class=\"wp-block-columns is-layout-flex wp-container-core-columns-is-layout-9d6595d7 wp-block-columns-is-layout-flex\">\n<div class=\"wp-block-column is-layout-flow wp-block-column-is-layout-flow\">\n<figure class=\"wp-block-image alignwide size-full\"><img loading=\"lazy\" decoding=\"async\" width=\"225\" height=\"327\" src=\"https:\/\/www.sgb-fss.ch\/content\/uploads\/2023\/03\/walo-1.jpg\" alt=\"\" class=\"wp-image-11462\" srcset=\"https:\/\/www.sgb-fss.ch\/content\/uploads\/2023\/03\/walo-1.jpg 225w, https:\/\/www.sgb-fss.ch\/content\/uploads\/2023\/03\/walo-1-150x218.jpg 150w, https:\/\/www.sgb-fss.ch\/content\/uploads\/2023\/03\/walo-1-69x100.jpg 69w\" sizes=\"auto, (max-width: 225px) 100vw, 225px\" \/><\/figure>\n<\/div>\n\n\n\n<div class=\"wp-block-column is-layout-flow wp-block-column-is-layout-flow\">\n<p>\u00abLorsque nous avons engag\u00e9 pour la premi\u00e8re fois un apprenti sourd, il y avait quelques craintes. Mais cela s&rsquo;est vite dissip\u00e9. Car il n&rsquo;y a pas besoin d&rsquo;un interpr\u00e8te en permanence, l&rsquo;important est simplement de transmettre la mission par petites touches et de la faire &lsquo;valider&rsquo;. Le groupe Walo a form\u00e9 jusqu&rsquo;\u00e0 pr\u00e9sent trois collaborateurs malentendants, qui sont d&rsquo;ailleurs rest\u00e9s chez nous apr\u00e8s la fin de leur apprentissage.\u00bb<\/p>\n\n\n\n<p><strong>Markus Popp<\/strong><br>Responsable des apprentis<br>Groupe WALO<\/p>\n<\/div>\n<\/div>\n<\/div>\n<\/div>\n<\/div>\n\n\n\n<p class=\"has-sgb-fss-blue-30-color has-text-color\">&#8211;<\/p>\n\n\n\n<div class=\"wp-block-columns is-layout-flex wp-container-core-columns-is-layout-9d6595d7 wp-block-columns-is-layout-flex\">\n<div class=\"wp-block-column is-layout-flow wp-block-column-is-layout-flow\" style=\"flex-basis:100%\">\n<div class=\"wp-block-group has-sgb-fss-blue-15-background-color has-background is-layout-constrained wp-block-group-is-layout-constrained\">\n<div class=\"wp-block-columns is-layout-flex wp-container-core-columns-is-layout-9d6595d7 wp-block-columns-is-layout-flex\">\n<div class=\"wp-block-column is-layout-flow wp-block-column-is-layout-flow\">\n<figure class=\"wp-block-image alignwide size-full\"><img loading=\"lazy\" decoding=\"async\" width=\"219\" height=\"325\" src=\"https:\/\/www.sgb-fss.ch\/content\/uploads\/2023\/03\/ikea-1.jpg\" alt=\"\" class=\"wp-image-11466\" srcset=\"https:\/\/www.sgb-fss.ch\/content\/uploads\/2023\/03\/ikea-1.jpg 219w, https:\/\/www.sgb-fss.ch\/content\/uploads\/2023\/03\/ikea-1-150x223.jpg 150w, https:\/\/www.sgb-fss.ch\/content\/uploads\/2023\/03\/ikea-1-67x100.jpg 67w\" sizes=\"auto, (max-width: 219px) 100vw, 219px\" \/><\/figure>\n<\/div>\n\n\n\n<div class=\"wp-block-column is-layout-flow wp-block-column-is-layout-flow\">\n<p>\u00abPour IKEA, la diversit\u00e9 est extr\u00eamement importante ; \u00e0 l&rsquo;interne comme \u00e0 l&rsquo;externe. A l&rsquo;interne, les collaborateurs sourds contribuent \u00e0 un environnement ouvert et tol\u00e9rant et, \u00e0 l&rsquo;externe, ils refl\u00e8tent une partie de notre client\u00e8le diversifi\u00e9e. Si nos clients sourds se reconnaissent chez IKEA, nous en profitons tous. Et l&rsquo;\u00e9galit\u00e9 de traitement est aussi un droit humain sur le lieu de travail!\u00bb<br><br><strong>Ina Rh\u00f6\u00f6s<\/strong><br>Diversit\u00e9 et inclusion<br>IKEA AG<\/p>\n<\/div>\n<\/div>\n<\/div>\n<\/div>\n<\/div>\n<\/div>\n\n\n\n<div class=\"wp-block-group is-layout-flow wp-block-group-is-layout-flow\"><div class=\"block block-teasercontacts block-teasercontacts--boxed\" id=\"block_1ae1bbb5a3a65e0b1bdf878f4e35e417\" data-block=\"Teaser Contacts\">\n    <div class=\"block-teasercontacts__header\"><p class=\"block-teasercontacts__title\">Des questions sur le travail? N&rsquo;h\u00e9site pas \u00e0 me contacter.<\/p><\/div>    <div class=\"block-teasercontacts__list\">\n                                        <div class=\"block-teasercontacts__item\">\n                <div class=\"block-teasercontacts__link\">\n                    <div class=\"block-teasercontacts__media\">\n                        <div class=\"block-teasercontacts__thumbnail accent__darkred has-background-accent\">\n                                                              <div class=\"image block-teasercontacts__thumbnail-image\" >\n    <img decoding=\"async\"\n      loading=\"lazy\"\n      class=\"image__object lazyload\"\n      src=\"https:\/\/www.sgb-fss.ch\/content\/uploads\/2021\/06\/sabine-wolff-1440x0-c-default.jpg\"       data-sizes=\"auto\"\n      data-srcset=\"https:\/\/www.sgb-fss.ch\/content\/uploads\/2021\/06\/sabine-wolff-200x0-c-default.jpg 200w, https:\/\/www.sgb-fss.ch\/content\/uploads\/2021\/06\/sabine-wolff-100x0-c-default.jpg 100w, \"\n      alt=\"\"\n      width=\"567\"\n      height=\"567\"\n            >\n  <\/div>\n                                                    <\/div>\n                    <\/div>\n                    <div class=\"block-teasercontacts__text\">\n                        <p class=\"block-teasercontacts__name\"><strong><a href=\"https:\/\/www.sgb-fss.ch\/fr\/team\/sabine-wolff\/\">Sabine Wolff<\/a><\/strong><\/p>\n                        <p class=\"block-teasercontacts__lead\">Produits et Marques<\/p>                    <\/div>\n                    <div class=\"block-teasercontacts__contacts\">\n                                                    <p>\n                                                                <a class=\"wp-block-button is-style-transparent\" href=\"mailto:s.wolff@sgb-fss.ch\"><span class=\"wp-block-button__link\"><i class=\"icon icon--mail\"><svg data-name=\"Ebene 1\" xmlns=\"http:\/\/www.w3.org\/2000\/svg\" viewBox=\"0 0 24 24\"><path d=\"M20.76 2.31H3.24A3.12 3.12 0 0 0 .12 5.43v13.14a3.12 3.12 0 0 0 3.12 3.12h17.52a3.12 3.12 0 0 0 3.12-3.12V5.43a3.12 3.12 0 0 0-3.12-3.12zM2.09 5a1.27 1.27 0 0 1 1.15-.78h17.52a1.24 1.24 0 0 1 1.11.74l.05.09-.09.06L12 12l-.07-.05-9.87-6.9zM22 18.57a1.26 1.26 0 0 1-1.26 1.27H3.24A1.27 1.27 0 0 1 2 18.57V7.21l9.5 6.69a.89.89 0 0 0 1 0L22 7.25z\"\/><\/svg><\/i><span class=\"wp-block-button__label\">s.wolff@sgb-fss.ch<\/span><\/span><\/a>                                                            <\/p>\n                                            <\/div>\n                <\/div>\n            <\/div>\n                    <\/div>\n<\/div>\n<\/div>\n\n\n\n<h2 class=\"wp-block-heading\"><\/h2>\n\n\n\n<div class=\"wp-block-group has-schwarz-25-background-color has-background is-layout-constrained wp-block-group-is-layout-constrained\"><div class=\"block block-teaserpages\" id=\"block_19110d15d3ae944c3d18352bc90251d2\" data-block=\"Teaser Pages\">\n  <ul class=\"block-teaserpages__list\">\n            <li class=\"block-teaserpages__item\">\n        <a class=\"accent teaserpage\" href=\"https:\/\/www.sgb-fss.ch\/fr\/downloads\/\">\n  <div class=\"teaserpage__thumbnail\">\n            <div class=\"image teaserpage__thumbnail-image\" >\n    <img decoding=\"async\"\n      loading=\"lazy\"\n      class=\"image__object lazyload\"\n      src=\"https:\/\/www.sgb-fss.ch\/content\/uploads\/2024\/01\/downloads-f-1440x0-c-default.jpg\"       data-sizes=\"auto\"\n      data-srcset=\"https:\/\/www.sgb-fss.ch\/content\/uploads\/2024\/01\/downloads-f-1000x0-c-default.jpg 1000w, https:\/\/www.sgb-fss.ch\/content\/uploads\/2024\/01\/downloads-f-700x0-c-default.jpg 700w, https:\/\/www.sgb-fss.ch\/content\/uploads\/2024\/01\/downloads-f-350x0-c-default.jpg 350w, \"\n      alt=\"\"\n      width=\"1890\"\n      height=\"1063\"\n            >\n  <\/div>\n      <\/div>\n  <h3 class=\"teaserpage__title\">Downloads<\/h3>\n  <p class=\"teaserpage__lead\">Tu trouveras ici toutes les donn\u00e9es relatives \u00e0 cette page ainsi qu&rsquo;\u00e0 tous les autres domaines \u00e0 t\u00e9l\u00e9charger.<\/p>  <\/a>\n      <\/li>\n    <\/ul>\n<\/div>\n<\/div>\n","protected":false},"excerpt":{"rendered":"<p>Des personnes sourdes ou malentendantes sont employ\u00e9es dans votre entreprise et vous souhaitez partager [&hellip;]<\/p>\n","protected":false},"author":40,"featured_media":18563,"parent":11931,"menu_order":3,"comment_status":"closed","ping_status":"closed","template":"","meta":{"_acf_changed":false,"inline_featured_image":false,"footnotes":""},"class_list":["post-11095","page","type-page","status-publish","has-post-thumbnail","hentry"],"acf":[],"yoast_head":"<!-- This site is optimized with the Yoast SEO plugin v27.4 - https:\/\/yoast.com\/product\/yoast-seo-wordpress\/ -->\n<title>R\u00e9seau \u00abTravail\u00bb - SGB-FSS<\/title>\n<meta name=\"robots\" content=\"index, follow, max-snippet:-1, max-image-preview:large, max-video-preview:-1\" \/>\n<link rel=\"canonical\" href=\"https:\/\/www.sgb-fss.ch\/fr\/domaines\/travail\/reseau-travail\/\" \/>\n<meta property=\"og:locale\" content=\"fr_FR\" \/>\n<meta property=\"og:type\" content=\"article\" \/>\n<meta property=\"og:title\" content=\"R\u00e9seau \u00abTravail\u00bb - SGB-FSS\" \/>\n<meta property=\"og:description\" content=\"Des personnes sourdes ou malentendantes sont employ\u00e9es dans votre entreprise et vous souhaitez partager [&hellip;]\" \/>\n<meta property=\"og:url\" content=\"https:\/\/www.sgb-fss.ch\/fr\/domaines\/travail\/reseau-travail\/\" \/>\n<meta property=\"og:site_name\" content=\"SGB-FSS\" \/>\n<meta property=\"article:modified_time\" content=\"2024-09-16T13:14:19+00:00\" \/>\n<meta property=\"og:image\" content=\"https:\/\/www.sgb-fss.ch\/content\/uploads\/2023\/06\/map.jpg\" \/>\n\t<meta property=\"og:image:width\" content=\"757\" \/>\n\t<meta property=\"og:image:height\" content=\"470\" \/>\n\t<meta property=\"og:image:type\" content=\"image\/jpeg\" \/>\n<meta name=\"twitter:card\" content=\"summary_large_image\" \/>\n<meta name=\"twitter:label1\" content=\"Dur\u00e9e de lecture estim\u00e9e\" \/>\n\t<meta name=\"twitter:data1\" content=\"4 minutes\" \/>\n<script type=\"application\/ld+json\" class=\"yoast-schema-graph\">{\"@context\":\"https:\\\/\\\/schema.org\",\"@graph\":[{\"@type\":\"WebPage\",\"@id\":\"https:\\\/\\\/www.sgb-fss.ch\\\/fr\\\/domaines\\\/travail\\\/reseau-travail\\\/\",\"url\":\"https:\\\/\\\/www.sgb-fss.ch\\\/fr\\\/domaines\\\/travail\\\/reseau-travail\\\/\",\"name\":\"R\u00e9seau \u00abTravail\u00bb - SGB-FSS\",\"isPartOf\":{\"@id\":\"https:\\\/\\\/www.sgb-fss.ch\\\/de\\\/#website\"},\"primaryImageOfPage\":{\"@id\":\"https:\\\/\\\/www.sgb-fss.ch\\\/fr\\\/domaines\\\/travail\\\/reseau-travail\\\/#primaryimage\"},\"image\":{\"@id\":\"https:\\\/\\\/www.sgb-fss.ch\\\/fr\\\/domaines\\\/travail\\\/reseau-travail\\\/#primaryimage\"},\"thumbnailUrl\":\"https:\\\/\\\/www.sgb-fss.ch\\\/content\\\/uploads\\\/2023\\\/06\\\/map.jpg\",\"datePublished\":\"2023-04-25T12:10:53+00:00\",\"dateModified\":\"2024-09-16T13:14:19+00:00\",\"breadcrumb\":{\"@id\":\"https:\\\/\\\/www.sgb-fss.ch\\\/fr\\\/domaines\\\/travail\\\/reseau-travail\\\/#breadcrumb\"},\"inLanguage\":\"fr-FR\",\"potentialAction\":[{\"@type\":\"ReadAction\",\"target\":[\"https:\\\/\\\/www.sgb-fss.ch\\\/fr\\\/domaines\\\/travail\\\/reseau-travail\\\/\"]}]},{\"@type\":\"ImageObject\",\"inLanguage\":\"fr-FR\",\"@id\":\"https:\\\/\\\/www.sgb-fss.ch\\\/fr\\\/domaines\\\/travail\\\/reseau-travail\\\/#primaryimage\",\"url\":\"https:\\\/\\\/www.sgb-fss.ch\\\/content\\\/uploads\\\/2023\\\/06\\\/map.jpg\",\"contentUrl\":\"https:\\\/\\\/www.sgb-fss.ch\\\/content\\\/uploads\\\/2023\\\/06\\\/map.jpg\",\"width\":757,\"height\":470},{\"@type\":\"BreadcrumbList\",\"@id\":\"https:\\\/\\\/www.sgb-fss.ch\\\/fr\\\/domaines\\\/travail\\\/reseau-travail\\\/#breadcrumb\",\"itemListElement\":[{\"@type\":\"ListItem\",\"position\":1,\"name\":\"Home\",\"item\":\"https:\\\/\\\/www.sgb-fss.ch\\\/fr\\\/\"},{\"@type\":\"ListItem\",\"position\":2,\"name\":\"Domaines\",\"item\":\"https:\\\/\\\/www.sgb-fss.ch\\\/fr\\\/domaines\\\/\"},{\"@type\":\"ListItem\",\"position\":3,\"name\":\"Travail\",\"item\":\"https:\\\/\\\/www.sgb-fss.ch\\\/fr\\\/domaines\\\/travail\\\/\"},{\"@type\":\"ListItem\",\"position\":4,\"name\":\"R\u00e9seau \u00abTravail\u00bb\"}]},{\"@type\":\"WebSite\",\"@id\":\"https:\\\/\\\/www.sgb-fss.ch\\\/de\\\/#website\",\"url\":\"https:\\\/\\\/www.sgb-fss.ch\\\/de\\\/\",\"name\":\"SGB-FSS\",\"description\":\"\",\"potentialAction\":[{\"@type\":\"SearchAction\",\"target\":{\"@type\":\"EntryPoint\",\"urlTemplate\":\"https:\\\/\\\/www.sgb-fss.ch\\\/de\\\/?s={search_term_string}\"},\"query-input\":{\"@type\":\"PropertyValueSpecification\",\"valueRequired\":true,\"valueName\":\"search_term_string\"}}],\"inLanguage\":\"fr-FR\"}]}<\/script>\n<!-- \/ Yoast SEO plugin. -->","yoast_head_json":{"title":"R\u00e9seau \u00abTravail\u00bb - SGB-FSS","robots":{"index":"index","follow":"follow","max-snippet":"max-snippet:-1","max-image-preview":"max-image-preview:large","max-video-preview":"max-video-preview:-1"},"canonical":"https:\/\/www.sgb-fss.ch\/fr\/domaines\/travail\/reseau-travail\/","og_locale":"fr_FR","og_type":"article","og_title":"R\u00e9seau \u00abTravail\u00bb - SGB-FSS","og_description":"Des personnes sourdes ou malentendantes sont employ\u00e9es dans votre entreprise et vous souhaitez partager [&hellip;]","og_url":"https:\/\/www.sgb-fss.ch\/fr\/domaines\/travail\/reseau-travail\/","og_site_name":"SGB-FSS","article_modified_time":"2024-09-16T13:14:19+00:00","og_image":[{"width":757,"height":470,"url":"https:\/\/www.sgb-fss.ch\/content\/uploads\/2023\/06\/map.jpg","type":"image\/jpeg"}],"twitter_card":"summary_large_image","twitter_misc":{"Dur\u00e9e de lecture estim\u00e9e":"4 minutes"},"schema":{"@context":"https:\/\/schema.org","@graph":[{"@type":"WebPage","@id":"https:\/\/www.sgb-fss.ch\/fr\/domaines\/travail\/reseau-travail\/","url":"https:\/\/www.sgb-fss.ch\/fr\/domaines\/travail\/reseau-travail\/","name":"R\u00e9seau \u00abTravail\u00bb - SGB-FSS","isPartOf":{"@id":"https:\/\/www.sgb-fss.ch\/de\/#website"},"primaryImageOfPage":{"@id":"https:\/\/www.sgb-fss.ch\/fr\/domaines\/travail\/reseau-travail\/#primaryimage"},"image":{"@id":"https:\/\/www.sgb-fss.ch\/fr\/domaines\/travail\/reseau-travail\/#primaryimage"},"thumbnailUrl":"https:\/\/www.sgb-fss.ch\/content\/uploads\/2023\/06\/map.jpg","datePublished":"2023-04-25T12:10:53+00:00","dateModified":"2024-09-16T13:14:19+00:00","breadcrumb":{"@id":"https:\/\/www.sgb-fss.ch\/fr\/domaines\/travail\/reseau-travail\/#breadcrumb"},"inLanguage":"fr-FR","potentialAction":[{"@type":"ReadAction","target":["https:\/\/www.sgb-fss.ch\/fr\/domaines\/travail\/reseau-travail\/"]}]},{"@type":"ImageObject","inLanguage":"fr-FR","@id":"https:\/\/www.sgb-fss.ch\/fr\/domaines\/travail\/reseau-travail\/#primaryimage","url":"https:\/\/www.sgb-fss.ch\/content\/uploads\/2023\/06\/map.jpg","contentUrl":"https:\/\/www.sgb-fss.ch\/content\/uploads\/2023\/06\/map.jpg","width":757,"height":470},{"@type":"BreadcrumbList","@id":"https:\/\/www.sgb-fss.ch\/fr\/domaines\/travail\/reseau-travail\/#breadcrumb","itemListElement":[{"@type":"ListItem","position":1,"name":"Home","item":"https:\/\/www.sgb-fss.ch\/fr\/"},{"@type":"ListItem","position":2,"name":"Domaines","item":"https:\/\/www.sgb-fss.ch\/fr\/domaines\/"},{"@type":"ListItem","position":3,"name":"Travail","item":"https:\/\/www.sgb-fss.ch\/fr\/domaines\/travail\/"},{"@type":"ListItem","position":4,"name":"R\u00e9seau \u00abTravail\u00bb"}]},{"@type":"WebSite","@id":"https:\/\/www.sgb-fss.ch\/de\/#website","url":"https:\/\/www.sgb-fss.ch\/de\/","name":"SGB-FSS","description":"","potentialAction":[{"@type":"SearchAction","target":{"@type":"EntryPoint","urlTemplate":"https:\/\/www.sgb-fss.ch\/de\/?s={search_term_string}"},"query-input":{"@type":"PropertyValueSpecification","valueRequired":true,"valueName":"search_term_string"}}],"inLanguage":"fr-FR"}]}},"_links":{"self":[{"href":"https:\/\/www.sgb-fss.ch\/fr\/wp-json\/wp\/v2\/pages\/11095","targetHints":{"allow":["GET"]}}],"collection":[{"href":"https:\/\/www.sgb-fss.ch\/fr\/wp-json\/wp\/v2\/pages"}],"about":[{"href":"https:\/\/www.sgb-fss.ch\/fr\/wp-json\/wp\/v2\/types\/page"}],"author":[{"embeddable":true,"href":"https:\/\/www.sgb-fss.ch\/fr\/wp-json\/wp\/v2\/users\/40"}],"replies":[{"embeddable":true,"href":"https:\/\/www.sgb-fss.ch\/fr\/wp-json\/wp\/v2\/comments?post=11095"}],"version-history":[{"count":31,"href":"https:\/\/www.sgb-fss.ch\/fr\/wp-json\/wp\/v2\/pages\/11095\/revisions"}],"predecessor-version":[{"id":35419,"href":"https:\/\/www.sgb-fss.ch\/fr\/wp-json\/wp\/v2\/pages\/11095\/revisions\/35419"}],"up":[{"embeddable":true,"href":"https:\/\/www.sgb-fss.ch\/fr\/wp-json\/wp\/v2\/pages\/11931"}],"wp:featuredmedia":[{"embeddable":true,"href":"https:\/\/www.sgb-fss.ch\/fr\/wp-json\/wp\/v2\/media\/18563"}],"wp:attachment":[{"href":"https:\/\/www.sgb-fss.ch\/fr\/wp-json\/wp\/v2\/media?parent=11095"}],"curies":[{"name":"wp","href":"https:\/\/api.w.org\/{rel}","templated":true}]}}