{"id":11047,"date":"2023-04-25T14:06:38","date_gmt":"2023-04-25T12:06:38","guid":{"rendered":"https:\/\/www.sgb-fss.ch\/?page_id=11047"},"modified":"2024-12-02T11:16:15","modified_gmt":"2024-12-02T10:16:15","slug":"informations-relatives-a-lai","status":"publish","type":"page","link":"https:\/\/www.sgb-fss.ch\/fr\/domaines\/travail\/informations-relatives-a-lai\/","title":{"rendered":"Informations relatives \u00e0 l\u2019AI"},"content":{"rendered":"\n<p class=\"is-style-lead\">Les employ\u00e9s sourds et malentendants peuvent demander \u00e0 l&rsquo;AI divers moyens auxiliaires, dont des interpr\u00e8tes en langue des signes, via une d\u00e9cision&nbsp;d&rsquo;octroi de prestations de tiers sur le&nbsp;lieu de travail. Vous trouverez de plus amples informations \u00e0 ce sujet ci-dessous.<\/p>\n\n\n\n<p><strong>Participation non discriminatoire<br><\/strong>Les personnes sourdes et malentendantes ont le droit d&rsquo;acc\u00e9der \u00e0 l&rsquo;information et de participer \u00e0 la vie sociale sans discrimination. L&rsquo;assurance-invalidit\u00e9 (AI) contribue \u00e0 rendre possible l&rsquo;inclusion des personnes sourdes et accorde des mesures telles que la prise en charge des frais d&rsquo;interpr\u00e9tation pour le travail dans le cadre de ce que l&rsquo;on appelle la d\u00e9cision d&rsquo;octroi de prestations de tiers sur le lieu de travail.<\/p>\n\n\n\n<div class=\"wp-block-group has-schwarz-color has-weiss-background-color has-text-color has-background is-layout-flow wp-block-group-is-layout-flow\">\n<h2 class=\"wp-block-heading\"><strong><strong>Demande d&rsquo;injonction de travailler<\/strong><\/strong><\/h2>\n\n\n\n<p>La demande d&rsquo;une d\u00e9cision d&rsquo;octroi de prestations de tiers sur le lieu de travail est importante pour que les frais de moyens auxiliaires au travail soient pris en charge par l&rsquo;AI. <\/p>\n\n\n\n<p class=\"has-terrakotta-color has-text-color\">La personne sourde ou malentendante peut, conform\u00e9ment \u00e0 l&rsquo;<strong>art. 21<sup>ter<\/sup> al. 2 LAI en lien avec l&rsquo;art. 9<\/strong> <strong>OMAI<\/strong>, d\u00e9poser une demande de d\u00e9cision concernant le lieu de travail aupr\u00e8s de l&rsquo;assurance-invalidit\u00e9 (AI) comp\u00e9tente. En plus de la demande, une attestation de l&#8217;employeur doit \u00eatre jointe.<\/p>\n<\/div>\n\n\n\n<p><\/p>\n\n\n\n<div class=\"wp-block-group is-style-default is-layout-flow wp-block-group-is-layout-flow\">\n<div class=\"wp-block-group has-weiss-background-color has-background is-layout-flow wp-block-group-is-layout-flow\">\n<h2 class=\"wp-block-heading\"><strong><strong>Dur\u00e9e de la garantie de la demande<\/strong><\/strong><\/h2>\n\n\n\n<p>L&rsquo;AI met jusqu&rsquo;\u00e0 deux mois pour traiter les demandes de d\u00e9cision d&rsquo;octroi. Il est donc important de d\u00e9poser la demande d\u00e8s la conclusion d&rsquo;un contrat de travail avec une personne malentendante.<\/p>\n\n\n\n<p><strong>Remarque:<\/strong> en r\u00e8gle g\u00e9n\u00e9rale, une d\u00e9cision d&rsquo;octroi est valable jusqu&rsquo;\u00e0 cinq ans et doit ensuite \u00eatre renouvel\u00e9e.<\/p>\n<\/div>\n<\/div>\n\n\n\n<p><\/p>\n\n\n\n<div class=\"wp-block-group has-weiss-background-color has-background is-layout-flow wp-block-group-is-layout-flow\">\n<h2 class=\"wp-block-heading\"><strong><strong><strong>Financement des interpr\u00e8tes en langue des signes sur le lieu de travail<\/strong><\/strong><\/strong><\/h2>\n\n\n\n<p>Les interpr\u00e8tes en langue des signes sont consid\u00e9r\u00e9s comme des moyens auxiliaires au sens de la loi sur l&rsquo;assurance-invalidit\u00e9 (LAI).<\/p>\n\n\n\n<p class=\"has-terrakotta-color has-text-color\">Selon <strong>l&rsquo;article 9 OMAI<\/strong>: apr\u00e8s une d\u00e9cision dite d\u2019octroi de prestations de tiers sur le lieu de travail, l\u2019AI prend en charge les frais d\u2019interpr\u00e9tation en langue des signes sur le lieu de travail de la personne sourde jusqu\u2019\u00e0 un maximum de 1\u2019838 CHF par mois. Ce montant suffit pour environ 10 heures d\u2019interpr\u00e9tation. Si davantage d\u2019heures sont n\u00e9cessaires, la personne sourde ou son employeur doit prendre en charge les frais. Le point de contact pour les interpr\u00e8tes en langue des signes est toujours <a href=\"https:\/\/www.procom-deaf.ch\/fr\/Default.aspx\" target=\"_blank\" rel=\"noreferrer noopener\">Procom<\/a>.<\/p>\n<\/div>\n\n\n\n<p><\/p>\n\n\n\n<div class=\"wp-block-group is-layout-flow wp-block-group-is-layout-flow\">\n<div class=\"wp-block-group has-weiss-background-color has-background is-layout-constrained wp-block-group-is-layout-constrained\">\n<h2 class=\"wp-block-heading\"><strong>Applis et aides en ligne<\/strong><\/h2>\n\n\n\n<p>Les personnes sourdes sont ouvertes aux moyens auxiliaires et se r\u00e9jouissent que l&rsquo;on attire leur attention, au sein de l&rsquo;entreprise, sur les moyens auxiliaires en ligne tels que l&rsquo;appli Live Transcribe (disponible via AppStore et Google Play Store) ou le lexique en ligne de la langue des signes.<\/p>\n\n\n\n<p><strong><a href=\"https:\/\/www.android.com\/accessibility\/live-transcribe\/\" target=\"_blank\" rel=\"noreferrer noopener\">L&rsquo;application Live Transcribe<\/a><\/strong> traduit directement la langue parl\u00e9e en texte.<br><strong><a href=\"https:\/\/signsuisse.sgb-fss.ch\/\" target=\"_blank\" rel=\"noreferrer noopener\">Le lexique en ligne de la langue des signes<\/a><\/strong> contient une multitude de mots de tous les jours traduits en langue des signes.<\/p>\n<\/div>\n<\/div>\n\n\n\n<p><\/p>\n\n\n\n<div class=\"wp-block-group is-layout-flow wp-block-group-is-layout-flow\">\n<div class=\"wp-block-group has-weiss-background-color has-background is-layout-constrained wp-block-group-is-layout-constrained\">\n<h2 class=\"wp-block-heading\"><strong>Moyens techniques pour le poste de travail<\/strong><\/h2>\n\n\n\n<p>Pour que les employ\u00e9s sourds puissent \u00e9galement comprendre ce qui se passe autour de leur poste de travail, il est recommand\u00e9 d&rsquo;avoir une place avec vue sur la porte d&rsquo;entr\u00e9e. Les installations clignotantes ou vibrantes pour le t\u00e9l\u00e9phone ou la sonnette sont \u00e9galement des aides utiles pour faciliter le travail quotidien.<\/p>\n\n\n\n<p>Avec une d\u00e9cision sur le lieu de travail, les co\u00fbts des aides techniques sur le lieu de travail sont pris en charge par l&rsquo;AI.<\/p>\n\n\n\n<p><strong><a href=\"http:\/\/www.ghe.ch\" target=\"_blank\" rel=\"noreferrer noopener\">GHE-CES Electronic AG<\/a><\/strong>: L&rsquo;azienda sviluppa e vende sistemi di illuminazione lampeggiante e di vibrazione.<br><strong><a href=\"http:\/\/www.gleichcom.ch\" target=\"_blank\" rel=\"noreferrer noopener\">Geichcom &#8211; mieux entendre, voir, vivre<\/a><\/strong>: L&rsquo;azienda offre collegamenti tra apparecchi acustici tecnici e apparecchi acustici.<\/p>\n<\/div>\n<\/div>\n\n\n\n<div class=\"wp-block-columns is-layout-flex wp-container-core-columns-is-layout-9d6595d7 wp-block-columns-is-layout-flex\">\n<div class=\"wp-block-column is-layout-flow wp-block-column-is-layout-flow\"><div class=\"block block-teaserpages\" id=\"block_26757b7077ee1a18f2813b96be6c5b02\" data-block=\"Teaser Pages\">\n  <ul class=\"block-teaserpages__list\">\n            <li class=\"block-teaserpages__item\">\n        <a class=\"accent teaserpage\" href=\"https:\/\/www.sgb-fss.ch\/fr\/domaines\/travail\/interpretes-quand-ou-comment\/\">\n  <div class=\"teaserpage__thumbnail\">\n            <div class=\"image teaserpage__thumbnail-image\" >\n    <img decoding=\"async\"\n      loading=\"lazy\"\n      class=\"image__object lazyload\"\n      src=\"https:\/\/www.sgb-fss.ch\/content\/uploads\/2023\/05\/arbeit_dolemtscher-scaled-e1684151969823-1440x0-c-default.jpg\"       data-sizes=\"auto\"\n      data-srcset=\"https:\/\/www.sgb-fss.ch\/content\/uploads\/2023\/05\/arbeit_dolemtscher-scaled-e1684151969823-1000x0-c-default.jpg 1000w, https:\/\/www.sgb-fss.ch\/content\/uploads\/2023\/05\/arbeit_dolemtscher-scaled-e1684151969823-700x0-c-default.jpg 700w, https:\/\/www.sgb-fss.ch\/content\/uploads\/2023\/05\/arbeit_dolemtscher-scaled-e1684151969823-350x0-c-default.jpg 350w, \"\n      alt=\"\"\n      width=\"2560\"\n      height=\"1707\"\n            >\n  <\/div>\n      <\/div>\n  <h3 class=\"teaserpage__title\">Interpr\u00e8tes: Quand? O\u00f9? Comment?<\/h3>\n  <p class=\"teaserpage__lead\">Pour que l\u2019\u00e9change avec une personne sourde lors de rendez-vous et d\u2019\u00e9v\u00e9nements importants se d\u00e9roule sans barri\u00e8res, il est important de recourir \u00e0 des interpr\u00e8tes.<\/p>  <\/a>\n      <\/li>\n    <\/ul>\n<\/div>\n<\/div>\n<\/div>\n\n\n\n<div class=\"wp-block-group is-layout-flow wp-block-group-is-layout-flow\"><div class=\"block block-teasercontacts block-teasercontacts--boxed\" id=\"block_6c7050a16ec7df6c92728c13b48ff3e0\" data-block=\"Teaser Contacts\">\n    <div class=\"block-teasercontacts__header\"><p class=\"block-teasercontacts__title\">Des questions sur les interpr\u00e8tes en langue des signes? N&rsquo;h\u00e9site pas \u00e0 me contacter.<\/p><\/div>    <div class=\"block-teasercontacts__list\">\n                                        <div class=\"block-teasercontacts__item\">\n                <div class=\"block-teasercontacts__link\">\n                    <div class=\"block-teasercontacts__media\">\n                        <div class=\"block-teasercontacts__thumbnail accent__darkred has-background-accent\">\n                                                              <div class=\"image block-teasercontacts__thumbnail-image\" >\n    <img decoding=\"async\"\n      loading=\"lazy\"\n      class=\"image__object lazyload\"\n      src=\"https:\/\/www.sgb-fss.ch\/content\/uploads\/2021\/06\/sabine-wolff-1440x0-c-default.jpg\"       data-sizes=\"auto\"\n      data-srcset=\"https:\/\/www.sgb-fss.ch\/content\/uploads\/2021\/06\/sabine-wolff-200x0-c-default.jpg 200w, https:\/\/www.sgb-fss.ch\/content\/uploads\/2021\/06\/sabine-wolff-100x0-c-default.jpg 100w, \"\n      alt=\"\"\n      width=\"567\"\n      height=\"567\"\n            >\n  <\/div>\n                                                    <\/div>\n                    <\/div>\n                    <div class=\"block-teasercontacts__text\">\n                        <p class=\"block-teasercontacts__name\"><strong><a href=\"https:\/\/www.sgb-fss.ch\/fr\/team\/sabine-wolff\/\">Sabine Wolff<\/a><\/strong><\/p>\n                        <p class=\"block-teasercontacts__lead\">Produits et Marques<\/p>                    <\/div>\n                    <div class=\"block-teasercontacts__contacts\">\n                                                    <p>\n                                                                <a class=\"wp-block-button is-style-transparent\" href=\"mailto:s.wolff@sgb-fss.ch\"><span class=\"wp-block-button__link\"><i class=\"icon icon--mail\"><svg data-name=\"Ebene 1\" xmlns=\"http:\/\/www.w3.org\/2000\/svg\" viewBox=\"0 0 24 24\"><path d=\"M20.76 2.31H3.24A3.12 3.12 0 0 0 .12 5.43v13.14a3.12 3.12 0 0 0 3.12 3.12h17.52a3.12 3.12 0 0 0 3.12-3.12V5.43a3.12 3.12 0 0 0-3.12-3.12zM2.09 5a1.27 1.27 0 0 1 1.15-.78h17.52a1.24 1.24 0 0 1 1.11.74l.05.09-.09.06L12 12l-.07-.05-9.87-6.9zM22 18.57a1.26 1.26 0 0 1-1.26 1.27H3.24A1.27 1.27 0 0 1 2 18.57V7.21l9.5 6.69a.89.89 0 0 0 1 0L22 7.25z\"\/><\/svg><\/i><span class=\"wp-block-button__label\">s.wolff@sgb-fss.ch<\/span><\/span><\/a>                                                            <\/p>\n                                            <\/div>\n                <\/div>\n            <\/div>\n                    <\/div>\n<\/div>\n<\/div>\n\n\n\n<h2 class=\"wp-block-heading\"><\/h2>\n\n\n\n<div class=\"wp-block-group has-schwarz-25-background-color has-background is-layout-constrained wp-block-group-is-layout-constrained\"><div class=\"block block-teaserpages\" id=\"block_0e27a7c29bf0b8eb950340199f291be6\" data-block=\"Teaser Pages\">\n  <ul class=\"block-teaserpages__list\">\n            <li class=\"block-teaserpages__item\">\n        <a class=\"accent teaserpage\" href=\"https:\/\/www.sgb-fss.ch\/fr\/downloads\/\">\n  <div class=\"teaserpage__thumbnail\">\n            <div class=\"image teaserpage__thumbnail-image\" >\n    <img decoding=\"async\"\n      loading=\"lazy\"\n      class=\"image__object lazyload\"\n      src=\"https:\/\/www.sgb-fss.ch\/content\/uploads\/2024\/01\/downloads-f-1440x0-c-default.jpg\"       data-sizes=\"auto\"\n      data-srcset=\"https:\/\/www.sgb-fss.ch\/content\/uploads\/2024\/01\/downloads-f-1000x0-c-default.jpg 1000w, https:\/\/www.sgb-fss.ch\/content\/uploads\/2024\/01\/downloads-f-700x0-c-default.jpg 700w, https:\/\/www.sgb-fss.ch\/content\/uploads\/2024\/01\/downloads-f-350x0-c-default.jpg 350w, \"\n      alt=\"\"\n      width=\"1890\"\n      height=\"1063\"\n            >\n  <\/div>\n      <\/div>\n  <h3 class=\"teaserpage__title\">Downloads<\/h3>\n  <p class=\"teaserpage__lead\">Tu trouveras ici toutes les donn\u00e9es relatives \u00e0 cette page ainsi qu&rsquo;\u00e0 tous les autres domaines \u00e0 t\u00e9l\u00e9charger.<\/p>  <\/a>\n      <\/li>\n    <\/ul>\n<\/div>\n<\/div>\n","protected":false},"excerpt":{"rendered":"<p>Les employ\u00e9s sourds et malentendants peuvent demander \u00e0 l&rsquo;AI divers moyens auxiliaires, dont des [&hellip;]<\/p>\n","protected":false},"author":40,"featured_media":16838,"parent":11931,"menu_order":3,"comment_status":"closed","ping_status":"closed","template":"","meta":{"_acf_changed":false,"inline_featured_image":false,"footnotes":""},"class_list":["post-11047","page","type-page","status-publish","has-post-thumbnail","hentry"],"acf":[],"yoast_head":"<!-- This site is optimized with the Yoast SEO plugin v27.4 - https:\/\/yoast.com\/product\/yoast-seo-wordpress\/ -->\n<title>Informations relatives \u00e0 l\u2019AI - SGB-FSS<\/title>\n<meta name=\"description\" content=\"Aides pour travailleurs sourds et malentendants : infos sur l\u2019AI et demandes comme interpr\u00e8tes en langue des signes.\" \/>\n<meta name=\"robots\" content=\"index, follow, max-snippet:-1, max-image-preview:large, max-video-preview:-1\" \/>\n<link rel=\"canonical\" href=\"https:\/\/www.sgb-fss.ch\/fr\/domaines\/travail\/informations-relatives-a-lai\/\" \/>\n<meta property=\"og:locale\" content=\"fr_FR\" \/>\n<meta property=\"og:type\" content=\"article\" \/>\n<meta property=\"og:title\" content=\"Informations relatives \u00e0 l\u2019AI - SGB-FSS\" \/>\n<meta property=\"og:description\" content=\"Aides pour travailleurs sourds et malentendants : infos sur l\u2019AI et demandes comme interpr\u00e8tes en langue des signes.\" \/>\n<meta property=\"og:url\" content=\"https:\/\/www.sgb-fss.ch\/fr\/domaines\/travail\/informations-relatives-a-lai\/\" \/>\n<meta property=\"og:site_name\" content=\"SGB-FSS\" \/>\n<meta property=\"article:modified_time\" content=\"2024-12-02T10:16:15+00:00\" \/>\n<meta property=\"og:image\" content=\"https:\/\/www.sgb-fss.ch\/content\/uploads\/2023\/05\/arbeit_informatik-scaled-e1684151597307.jpg\" \/>\n\t<meta property=\"og:image:width\" content=\"2560\" \/>\n\t<meta property=\"og:image:height\" content=\"1707\" \/>\n\t<meta property=\"og:image:type\" content=\"image\/jpeg\" \/>\n<meta name=\"twitter:card\" content=\"summary_large_image\" \/>\n<meta name=\"twitter:label1\" content=\"Dur\u00e9e de lecture estim\u00e9e\" \/>\n\t<meta name=\"twitter:data1\" content=\"4 minutes\" \/>\n<script type=\"application\/ld+json\" class=\"yoast-schema-graph\">{\"@context\":\"https:\\\/\\\/schema.org\",\"@graph\":[{\"@type\":\"WebPage\",\"@id\":\"https:\\\/\\\/www.sgb-fss.ch\\\/fr\\\/domaines\\\/travail\\\/informations-relatives-a-lai\\\/\",\"url\":\"https:\\\/\\\/www.sgb-fss.ch\\\/fr\\\/domaines\\\/travail\\\/informations-relatives-a-lai\\\/\",\"name\":\"Informations relatives \u00e0 l\u2019AI - SGB-FSS\",\"isPartOf\":{\"@id\":\"https:\\\/\\\/www.sgb-fss.ch\\\/de\\\/#website\"},\"primaryImageOfPage\":{\"@id\":\"https:\\\/\\\/www.sgb-fss.ch\\\/fr\\\/domaines\\\/travail\\\/informations-relatives-a-lai\\\/#primaryimage\"},\"image\":{\"@id\":\"https:\\\/\\\/www.sgb-fss.ch\\\/fr\\\/domaines\\\/travail\\\/informations-relatives-a-lai\\\/#primaryimage\"},\"thumbnailUrl\":\"https:\\\/\\\/www.sgb-fss.ch\\\/content\\\/uploads\\\/2023\\\/05\\\/arbeit_informatik-scaled-e1684151597307.jpg\",\"datePublished\":\"2023-04-25T12:06:38+00:00\",\"dateModified\":\"2024-12-02T10:16:15+00:00\",\"description\":\"Aides pour travailleurs sourds et malentendants : infos sur l\u2019AI et demandes comme interpr\u00e8tes en langue des signes.\",\"breadcrumb\":{\"@id\":\"https:\\\/\\\/www.sgb-fss.ch\\\/fr\\\/domaines\\\/travail\\\/informations-relatives-a-lai\\\/#breadcrumb\"},\"inLanguage\":\"fr-FR\",\"potentialAction\":[{\"@type\":\"ReadAction\",\"target\":[\"https:\\\/\\\/www.sgb-fss.ch\\\/fr\\\/domaines\\\/travail\\\/informations-relatives-a-lai\\\/\"]}]},{\"@type\":\"ImageObject\",\"inLanguage\":\"fr-FR\",\"@id\":\"https:\\\/\\\/www.sgb-fss.ch\\\/fr\\\/domaines\\\/travail\\\/informations-relatives-a-lai\\\/#primaryimage\",\"url\":\"https:\\\/\\\/www.sgb-fss.ch\\\/content\\\/uploads\\\/2023\\\/05\\\/arbeit_informatik-scaled-e1684151597307.jpg\",\"contentUrl\":\"https:\\\/\\\/www.sgb-fss.ch\\\/content\\\/uploads\\\/2023\\\/05\\\/arbeit_informatik-scaled-e1684151597307.jpg\",\"width\":2560,\"height\":1707},{\"@type\":\"BreadcrumbList\",\"@id\":\"https:\\\/\\\/www.sgb-fss.ch\\\/fr\\\/domaines\\\/travail\\\/informations-relatives-a-lai\\\/#breadcrumb\",\"itemListElement\":[{\"@type\":\"ListItem\",\"position\":1,\"name\":\"Home\",\"item\":\"https:\\\/\\\/www.sgb-fss.ch\\\/fr\\\/\"},{\"@type\":\"ListItem\",\"position\":2,\"name\":\"Domaines\",\"item\":\"https:\\\/\\\/www.sgb-fss.ch\\\/fr\\\/domaines\\\/\"},{\"@type\":\"ListItem\",\"position\":3,\"name\":\"Travail\",\"item\":\"https:\\\/\\\/www.sgb-fss.ch\\\/fr\\\/domaines\\\/travail\\\/\"},{\"@type\":\"ListItem\",\"position\":4,\"name\":\"Informations relatives \u00e0 l\u2019AI\"}]},{\"@type\":\"WebSite\",\"@id\":\"https:\\\/\\\/www.sgb-fss.ch\\\/de\\\/#website\",\"url\":\"https:\\\/\\\/www.sgb-fss.ch\\\/de\\\/\",\"name\":\"SGB-FSS\",\"description\":\"\",\"potentialAction\":[{\"@type\":\"SearchAction\",\"target\":{\"@type\":\"EntryPoint\",\"urlTemplate\":\"https:\\\/\\\/www.sgb-fss.ch\\\/de\\\/?s={search_term_string}\"},\"query-input\":{\"@type\":\"PropertyValueSpecification\",\"valueRequired\":true,\"valueName\":\"search_term_string\"}}],\"inLanguage\":\"fr-FR\"}]}<\/script>\n<!-- \/ Yoast SEO plugin. -->","yoast_head_json":{"title":"Informations relatives \u00e0 l\u2019AI - SGB-FSS","description":"Aides pour travailleurs sourds et malentendants : infos sur l\u2019AI et demandes comme interpr\u00e8tes en langue des signes.","robots":{"index":"index","follow":"follow","max-snippet":"max-snippet:-1","max-image-preview":"max-image-preview:large","max-video-preview":"max-video-preview:-1"},"canonical":"https:\/\/www.sgb-fss.ch\/fr\/domaines\/travail\/informations-relatives-a-lai\/","og_locale":"fr_FR","og_type":"article","og_title":"Informations relatives \u00e0 l\u2019AI - SGB-FSS","og_description":"Aides pour travailleurs sourds et malentendants : infos sur l\u2019AI et demandes comme interpr\u00e8tes en langue des signes.","og_url":"https:\/\/www.sgb-fss.ch\/fr\/domaines\/travail\/informations-relatives-a-lai\/","og_site_name":"SGB-FSS","article_modified_time":"2024-12-02T10:16:15+00:00","og_image":[{"width":2560,"height":1707,"url":"https:\/\/www.sgb-fss.ch\/content\/uploads\/2023\/05\/arbeit_informatik-scaled-e1684151597307.jpg","type":"image\/jpeg"}],"twitter_card":"summary_large_image","twitter_misc":{"Dur\u00e9e de lecture estim\u00e9e":"4 minutes"},"schema":{"@context":"https:\/\/schema.org","@graph":[{"@type":"WebPage","@id":"https:\/\/www.sgb-fss.ch\/fr\/domaines\/travail\/informations-relatives-a-lai\/","url":"https:\/\/www.sgb-fss.ch\/fr\/domaines\/travail\/informations-relatives-a-lai\/","name":"Informations relatives \u00e0 l\u2019AI - SGB-FSS","isPartOf":{"@id":"https:\/\/www.sgb-fss.ch\/de\/#website"},"primaryImageOfPage":{"@id":"https:\/\/www.sgb-fss.ch\/fr\/domaines\/travail\/informations-relatives-a-lai\/#primaryimage"},"image":{"@id":"https:\/\/www.sgb-fss.ch\/fr\/domaines\/travail\/informations-relatives-a-lai\/#primaryimage"},"thumbnailUrl":"https:\/\/www.sgb-fss.ch\/content\/uploads\/2023\/05\/arbeit_informatik-scaled-e1684151597307.jpg","datePublished":"2023-04-25T12:06:38+00:00","dateModified":"2024-12-02T10:16:15+00:00","description":"Aides pour travailleurs sourds et malentendants : infos sur l\u2019AI et demandes comme interpr\u00e8tes en langue des signes.","breadcrumb":{"@id":"https:\/\/www.sgb-fss.ch\/fr\/domaines\/travail\/informations-relatives-a-lai\/#breadcrumb"},"inLanguage":"fr-FR","potentialAction":[{"@type":"ReadAction","target":["https:\/\/www.sgb-fss.ch\/fr\/domaines\/travail\/informations-relatives-a-lai\/"]}]},{"@type":"ImageObject","inLanguage":"fr-FR","@id":"https:\/\/www.sgb-fss.ch\/fr\/domaines\/travail\/informations-relatives-a-lai\/#primaryimage","url":"https:\/\/www.sgb-fss.ch\/content\/uploads\/2023\/05\/arbeit_informatik-scaled-e1684151597307.jpg","contentUrl":"https:\/\/www.sgb-fss.ch\/content\/uploads\/2023\/05\/arbeit_informatik-scaled-e1684151597307.jpg","width":2560,"height":1707},{"@type":"BreadcrumbList","@id":"https:\/\/www.sgb-fss.ch\/fr\/domaines\/travail\/informations-relatives-a-lai\/#breadcrumb","itemListElement":[{"@type":"ListItem","position":1,"name":"Home","item":"https:\/\/www.sgb-fss.ch\/fr\/"},{"@type":"ListItem","position":2,"name":"Domaines","item":"https:\/\/www.sgb-fss.ch\/fr\/domaines\/"},{"@type":"ListItem","position":3,"name":"Travail","item":"https:\/\/www.sgb-fss.ch\/fr\/domaines\/travail\/"},{"@type":"ListItem","position":4,"name":"Informations relatives \u00e0 l\u2019AI"}]},{"@type":"WebSite","@id":"https:\/\/www.sgb-fss.ch\/de\/#website","url":"https:\/\/www.sgb-fss.ch\/de\/","name":"SGB-FSS","description":"","potentialAction":[{"@type":"SearchAction","target":{"@type":"EntryPoint","urlTemplate":"https:\/\/www.sgb-fss.ch\/de\/?s={search_term_string}"},"query-input":{"@type":"PropertyValueSpecification","valueRequired":true,"valueName":"search_term_string"}}],"inLanguage":"fr-FR"}]}},"_links":{"self":[{"href":"https:\/\/www.sgb-fss.ch\/fr\/wp-json\/wp\/v2\/pages\/11047","targetHints":{"allow":["GET"]}}],"collection":[{"href":"https:\/\/www.sgb-fss.ch\/fr\/wp-json\/wp\/v2\/pages"}],"about":[{"href":"https:\/\/www.sgb-fss.ch\/fr\/wp-json\/wp\/v2\/types\/page"}],"author":[{"embeddable":true,"href":"https:\/\/www.sgb-fss.ch\/fr\/wp-json\/wp\/v2\/users\/40"}],"replies":[{"embeddable":true,"href":"https:\/\/www.sgb-fss.ch\/fr\/wp-json\/wp\/v2\/comments?post=11047"}],"version-history":[{"count":46,"href":"https:\/\/www.sgb-fss.ch\/fr\/wp-json\/wp\/v2\/pages\/11047\/revisions"}],"predecessor-version":[{"id":36146,"href":"https:\/\/www.sgb-fss.ch\/fr\/wp-json\/wp\/v2\/pages\/11047\/revisions\/36146"}],"up":[{"embeddable":true,"href":"https:\/\/www.sgb-fss.ch\/fr\/wp-json\/wp\/v2\/pages\/11931"}],"wp:featuredmedia":[{"embeddable":true,"href":"https:\/\/www.sgb-fss.ch\/fr\/wp-json\/wp\/v2\/media\/16838"}],"wp:attachment":[{"href":"https:\/\/www.sgb-fss.ch\/fr\/wp-json\/wp\/v2\/media?parent=11047"}],"curies":[{"name":"wp","href":"https:\/\/api.w.org\/{rel}","templated":true}]}}