{"id":11042,"date":"2023-04-25T14:19:52","date_gmt":"2023-04-25T12:19:52","guid":{"rendered":"https:\/\/www.sgb-fss.ch\/?page_id=11042"},"modified":"2025-11-26T14:39:17","modified_gmt":"2025-11-26T13:39:17","slug":"informations-utiles-sur-travail-et-integration","status":"publish","type":"page","link":"https:\/\/www.sgb-fss.ch\/fr\/domaines\/travail\/informations-utiles-sur-travail-et-integration\/","title":{"rendered":"Informations utiles sur \u00abTravail et int\u00e9gration\u00bb"},"content":{"rendered":"\n<p class=\"is-style-lead\">En tant qu\u2019organisation fa\u00eeti\u00e8re, la F\u00e9d\u00e9ration Suisse des Sourds se consid\u00e8re comme un partenaire essentiel pour garantir une int\u00e9gration r\u00e9ussie des personnes sourdes ou malentendantes dans la vie professionnelle.<\/p>\n\n\n\n<p><strong>Informations de base<br><\/strong>Vous \u00eates responsable du domaine Diversit\u00e9 et inclusion dans votre entreprise et souhaitez renforcer votre \u00e9quipe avec des personnes sourdes ou malentendantes? Ou vous travaillez d\u00e9j\u00e0 avec des personnes sourdes ou malentendantes et cherchez des solutions pour am\u00e9liorer la communication au sein de l\u2019\u00e9quipe? Vous avez des questions sur l\u2019AI ou les am\u00e9nagements du lieu de travail?<\/p>\n\n\n<div class=\"block_divider\">\n<hr>\n<\/div>\n\n\n\n<div class=\"wp-block-columns is-layout-flex wp-container-core-columns-is-layout-9d6595d7 wp-block-columns-is-layout-flex\">\n<div class=\"wp-block-column is-layout-flow wp-block-column-is-layout-flow\">\n<p><strong>Guide Diversit\u00e9 et inclusion<\/strong><\/p>\n\n\n\n<p>Le pr\u00e9sent guide a pour but d\u2019aider les organisations \u00e0 \u00e9laborer une politique de diversit\u00e9 et d\u2019inclusion ax\u00e9e sur la langue des signes et la surdit\u00e9, et \u00e0 \u00e9largir leur politique dans ce domaine. Il fournit \u00e9galement des recommandations pratiques pour l\u2019emploi de personnes sourdes ou malentendantes et la collaboration avec elles, et propose des outils sp\u00e9cifiques et des mesures concr\u00e8tes.<\/p>\n\n\n\n<div class=\"wp-block-buttons is-content-justification-center is-layout-flex wp-container-core-buttons-is-layout-16018d1d wp-block-buttons-is-layout-flex\">\n<div class=\"wp-block-button\"><a class=\"wp-block-button__link has-text-align-center wp-element-button\" href=\"https:\/\/www.sgb-fss.ch\/content\/uploads\/2023\/05\/guide-pratique-diversite-et-inclusion-focus-sur-le-handicap-auditif.pdf\" target=\"_blank\" rel=\"noreferrer noopener\">Vers le guide<\/a><\/div>\n<\/div>\n<\/div>\n\n\n\n<div class=\"wp-block-column is-layout-flow wp-block-column-is-layout-flow\">\n<figure class=\"wp-block-image size-full\"><a href=\"https:\/\/www.sgb-fss.ch\/content\/uploads\/2023\/05\/guide-pratique-diversite-et-inclusion-focus-sur-le-handicap-auditif.pdf\" target=\"_blank\" rel=\" noreferrer noopener\"><img loading=\"lazy\" decoding=\"async\" width=\"398\" height=\"559\" src=\"https:\/\/www.sgb-fss.ch\/content\/uploads\/2023\/03\/diversity-und-inclusion-leitfaden-2.jpg\" alt=\"\" class=\"wp-image-11446\" srcset=\"https:\/\/www.sgb-fss.ch\/content\/uploads\/2023\/03\/diversity-und-inclusion-leitfaden-2.jpg 398w, https:\/\/www.sgb-fss.ch\/content\/uploads\/2023\/03\/diversity-und-inclusion-leitfaden-2-300x421.jpg 300w, https:\/\/www.sgb-fss.ch\/content\/uploads\/2023\/03\/diversity-und-inclusion-leitfaden-2-150x211.jpg 150w, https:\/\/www.sgb-fss.ch\/content\/uploads\/2023\/03\/diversity-und-inclusion-leitfaden-2-71x100.jpg 71w\" sizes=\"auto, (max-width: 398px) 100vw, 398px\" \/><\/a><\/figure>\n<\/div>\n<\/div>\n\n\n\n<div class=\"wp-block-group is-layout-flow wp-block-group-is-layout-flow\">\n<div class=\"wp-block-columns is-layout-flex wp-container-core-columns-is-layout-9d6595d7 wp-block-columns-is-layout-flex\">\n<div class=\"wp-block-column is-layout-flow wp-block-column-is-layout-flow\" style=\"flex-basis:100%\">\n<div class=\"wp-block-group is-layout-flow wp-block-group-is-layout-flow\"><div class=\"block_divider\">\n<hr>\n<\/div>\n\n\n\n<div class=\"wp-block-group is-layout-flow wp-block-group-is-layout-flow\">\n<div class=\"wp-block-group is-layout-flow wp-block-group-is-layout-flow\">\n<div class=\"wp-block-group is-layout-flow wp-block-group-is-layout-flow\">\n<div class=\"wp-block-group is-layout-flow wp-block-group-is-layout-flow\">\n<div class=\"wp-block-columns is-layout-flex wp-container-core-columns-is-layout-9d6595d7 wp-block-columns-is-layout-flex\">\n<div class=\"wp-block-column is-layout-flow wp-block-column-is-layout-flow\">\n<figure class=\"wp-block-image size-full\"><img loading=\"lazy\" decoding=\"async\" width=\"395\" height=\"561\" src=\"https:\/\/www.sgb-fss.ch\/content\/uploads\/2023\/03\/arbeitsmarktstudie-1.jpg\" alt=\"\" class=\"wp-image-11449\" srcset=\"https:\/\/www.sgb-fss.ch\/content\/uploads\/2023\/03\/arbeitsmarktstudie-1.jpg 395w, https:\/\/www.sgb-fss.ch\/content\/uploads\/2023\/03\/arbeitsmarktstudie-1-300x426.jpg 300w, https:\/\/www.sgb-fss.ch\/content\/uploads\/2023\/03\/arbeitsmarktstudie-1-150x213.jpg 150w, https:\/\/www.sgb-fss.ch\/content\/uploads\/2023\/03\/arbeitsmarktstudie-1-70x100.jpg 70w\" sizes=\"auto, (max-width: 395px) 100vw, 395px\" \/><\/figure>\n<\/div>\n\n\n\n<div class=\"wp-block-column is-layout-flow wp-block-column-is-layout-flow\">\n<p><strong>\u00c9tude sur le march\u00e9 du travail<\/strong><\/p>\n\n\n\n<p>La pr\u00e9sente \u00e9tude de 2020 d\u00e9crit pour la premi\u00e8re fois la situation du march\u00e9 du travail pour les personnes sourdes et malentendantes en Suisse. L\u2019objectif de l\u2019\u00e9tude est, d\u2019une part, de recenser les chances et les obstacles des travailleurs sourds et malentendants. D\u2019autre part, elle permet d\u2019attirer l\u2019attention des employeurs sur le potentiel existant. En effet, dans le contexte de la mondialisation et de la p\u00e9nurie de main-d\u2019\u0153uvre qualifi\u00e9e, le th\u00e8me de la gestion de la diversit\u00e9 et de l\u2019inclusion rev\u00eat une importance accrue.<\/p>\n\n\n\n<p>*<a href=\"https:\/\/www.sgb-fss.ch\/content\/uploads\/2023\/05\/studie-arbeitsmarktsituation-von-gehoerlosen-menschen-in-der-schweiz.pdf\" target=\"_blank\" rel=\"noreferrer noopener\">L&rsquo;\u00e9tude n&rsquo;est actuellement disponible qu&rsquo;en allemand<\/a><\/p>\n<\/div>\n<\/div>\n\n\n<div class=\"block_divider\">\n<hr>\n<\/div>\n\n\n\n<div class=\"wp-block-columns is-layout-flex wp-container-core-columns-is-layout-9d6595d7 wp-block-columns-is-layout-flex\">\n<div class=\"wp-block-column is-layout-flow wp-block-column-is-layout-flow\">\n<p><strong>Bo\u00eete \u00e0 outils pour les responsables RH, les cadres et les \u00e9quipes<\/strong><\/p>\n\n\n\n<p>Dans nos bo\u00eetes \u00e0 outils, vous trouverez un aper\u00e7u des bonnes pratiques pour garantir un recrutement et une int\u00e9gration efficace des travailleurs sourds. En outre, nous avons \u00e9labor\u00e9 une br\u00e8ve synth\u00e8se des informations utiles relatives \u00e0 la communication avec les personnes sourdes et au service d\u2019interpr\u00e9tation.<\/p>\n\n\n\n<div class=\"wp-block-buttons is-content-justification-center is-layout-flex wp-container-core-buttons-is-layout-16018d1d wp-block-buttons-is-layout-flex\">\n<div class=\"wp-block-button\"><a class=\"wp-block-button__link wp-element-button\" href=\"https:\/\/www.sgb-fss.ch\/fr\/downloads\/#travail\" target=\"_blank\" rel=\"noreferrer noopener\">Vers les bo\u00eetes \u00e0 outils<\/a><\/div>\n<\/div>\n<\/div>\n\n\n\n<div class=\"wp-block-column is-layout-flow wp-block-column-is-layout-flow\">\n<figure class=\"wp-block-image size-full\"><img loading=\"lazy\" decoding=\"async\" width=\"592\" height=\"835\" src=\"https:\/\/www.sgb-fss.ch\/content\/uploads\/2023\/12\/image-9.png\" alt=\"\" class=\"wp-image-30001\" srcset=\"https:\/\/www.sgb-fss.ch\/content\/uploads\/2023\/12\/image-9.png 592w, https:\/\/www.sgb-fss.ch\/content\/uploads\/2023\/12\/image-9-300x423.png 300w, https:\/\/www.sgb-fss.ch\/content\/uploads\/2023\/12\/image-9-150x212.png 150w, https:\/\/www.sgb-fss.ch\/content\/uploads\/2023\/12\/image-9-71x100.png 71w\" sizes=\"auto, (max-width: 592px) 100vw, 592px\" \/><\/figure>\n<\/div>\n<\/div>\n\n\n<div class=\"block_divider\">\n<hr>\n<\/div>\n<\/div>\n<\/div>\n<\/div>\n<\/div>\n<\/div>\n<\/div>\n<\/div>\n<\/div>\n\n\n\n<div class=\"wp-block-group is-layout-flow wp-block-group-is-layout-flow\">\n<div class=\"wp-block-columns is-layout-flex wp-container-core-columns-is-layout-9d6595d7 wp-block-columns-is-layout-flex\">\n<div class=\"wp-block-column is-layout-flow wp-block-column-is-layout-flow\">\n<figure class=\"wp-block-image size-full\"><a href=\"https:\/\/www.sgb-fss.ch\/content\/uploads\/2024\/01\/flyer-kommunikation-f-lang.pdf\" target=\"_blank\" rel=\" noreferrer noopener\"><img loading=\"lazy\" decoding=\"async\" width=\"401\" height=\"567\" src=\"https:\/\/www.sgb-fss.ch\/content\/uploads\/2024\/01\/flyer-kommunikation-f.jpg\" alt=\"\" class=\"wp-image-32011\" srcset=\"https:\/\/www.sgb-fss.ch\/content\/uploads\/2024\/01\/flyer-kommunikation-f.jpg 401w, https:\/\/www.sgb-fss.ch\/content\/uploads\/2024\/01\/flyer-kommunikation-f-300x424.jpg 300w, https:\/\/www.sgb-fss.ch\/content\/uploads\/2024\/01\/flyer-kommunikation-f-150x212.jpg 150w, https:\/\/www.sgb-fss.ch\/content\/uploads\/2024\/01\/flyer-kommunikation-f-71x100.jpg 71w\" sizes=\"auto, (max-width: 401px) 100vw, 401px\" \/><\/a><\/figure>\n<\/div>\n\n\n\n<div class=\"wp-block-column is-vertically-aligned-top is-layout-flow wp-block-column-is-layout-flow\">\n<p><strong>Flyer \u00abCommuniquer avec des personnes sourdes\u00bb<\/strong> <\/p>\n\n\n\n<p>Les entendants peuvent communiquer au quotidien avec des personnes sourdes sans conna\u00eetre la langue des signes. Dans ce flyer, vous trouverez des informations et des conseils simples pour communiquer sans difficult\u00e9!<\/p>\n\n\n\n<div class=\"wp-block-buttons is-content-justification-center is-layout-flex wp-container-core-buttons-is-layout-16018d1d wp-block-buttons-is-layout-flex\">\n<div class=\"wp-block-button\"><a class=\"wp-block-button__link wp-element-button\" href=\"https:\/\/www.sgb-fss.ch\/content\/uploads\/2024\/01\/flyer-kommunikation-f-lang.pdf\" target=\"_blank\" rel=\"noreferrer noopener\">Vers le Flyer<\/a><\/div>\n<\/div>\n<\/div>\n<\/div>\n<\/div>\n\n\n\n<div class=\"wp-block-group is-layout-flow wp-block-group-is-layout-flow\"><div class=\"block block-teasercontacts block-teasercontacts--boxed\" id=\"block_8577c287b0c0905d76cd9faf4e036854\" data-block=\"Teaser Contacts\">\n    <div class=\"block-teasercontacts__header\"><p class=\"block-teasercontacts__title\">Des questions sur le travail et l&rsquo;int\u00e9gration? N&rsquo;h\u00e9site pas \u00e0 me contacter.<\/p><\/div>    <div class=\"block-teasercontacts__list\">\n                                        <div class=\"block-teasercontacts__item\">\n                <div class=\"block-teasercontacts__link\">\n                    <div class=\"block-teasercontacts__media\">\n                        <div class=\"block-teasercontacts__thumbnail accent__darkred has-background-accent\">\n                                                              <div class=\"image block-teasercontacts__thumbnail-image\" >\n    <img decoding=\"async\"\n      loading=\"lazy\"\n      class=\"image__object lazyload\"\n      src=\"https:\/\/www.sgb-fss.ch\/content\/uploads\/2021\/06\/sabine-wolff-1440x0-c-default.jpg\"       data-sizes=\"auto\"\n      data-srcset=\"https:\/\/www.sgb-fss.ch\/content\/uploads\/2021\/06\/sabine-wolff-200x0-c-default.jpg 200w, https:\/\/www.sgb-fss.ch\/content\/uploads\/2021\/06\/sabine-wolff-100x0-c-default.jpg 100w, \"\n      alt=\"\"\n      width=\"567\"\n      height=\"567\"\n            >\n  <\/div>\n                                                    <\/div>\n                    <\/div>\n                    <div class=\"block-teasercontacts__text\">\n                        <p class=\"block-teasercontacts__name\"><strong><a href=\"https:\/\/www.sgb-fss.ch\/fr\/team\/sabine-wolff\/\">Sabine Wolff<\/a><\/strong><\/p>\n                        <p class=\"block-teasercontacts__lead\">Produits et Marques<\/p>                    <\/div>\n                    <div class=\"block-teasercontacts__contacts\">\n                                                    <p>\n                                                                <a class=\"wp-block-button is-style-transparent\" href=\"mailto:s.wolff@sgb-fss.ch\"><span class=\"wp-block-button__link\"><i class=\"icon icon--mail\"><svg data-name=\"Ebene 1\" xmlns=\"http:\/\/www.w3.org\/2000\/svg\" viewBox=\"0 0 24 24\"><path d=\"M20.76 2.31H3.24A3.12 3.12 0 0 0 .12 5.43v13.14a3.12 3.12 0 0 0 3.12 3.12h17.52a3.12 3.12 0 0 0 3.12-3.12V5.43a3.12 3.12 0 0 0-3.12-3.12zM2.09 5a1.27 1.27 0 0 1 1.15-.78h17.52a1.24 1.24 0 0 1 1.11.74l.05.09-.09.06L12 12l-.07-.05-9.87-6.9zM22 18.57a1.26 1.26 0 0 1-1.26 1.27H3.24A1.27 1.27 0 0 1 2 18.57V7.21l9.5 6.69a.89.89 0 0 0 1 0L22 7.25z\"\/><\/svg><\/i><span class=\"wp-block-button__label\">s.wolff@sgb-fss.ch<\/span><\/span><\/a>                                                            <\/p>\n                                            <\/div>\n                <\/div>\n            <\/div>\n                    <\/div>\n<\/div>\n<\/div>\n\n\n\n<h2 class=\"wp-block-heading\"><\/h2>\n\n\n\n<div class=\"wp-block-group has-schwarz-25-background-color has-background is-layout-constrained wp-block-group-is-layout-constrained\"><div class=\"block block-teaserpages\" id=\"block_4bf44560b830acac422d11be238deae9\" data-block=\"Teaser Pages\">\n  <ul class=\"block-teaserpages__list\">\n            <li class=\"block-teaserpages__item\">\n        <a class=\"accent teaserpage\" href=\"https:\/\/www.sgb-fss.ch\/fr\/downloads\/\">\n  <div class=\"teaserpage__thumbnail\">\n            <div class=\"image teaserpage__thumbnail-image\" >\n    <img decoding=\"async\"\n      loading=\"lazy\"\n      class=\"image__object lazyload\"\n      src=\"https:\/\/www.sgb-fss.ch\/content\/uploads\/2024\/01\/downloads-f-1440x0-c-default.jpg\"       data-sizes=\"auto\"\n      data-srcset=\"https:\/\/www.sgb-fss.ch\/content\/uploads\/2024\/01\/downloads-f-1000x0-c-default.jpg 1000w, https:\/\/www.sgb-fss.ch\/content\/uploads\/2024\/01\/downloads-f-700x0-c-default.jpg 700w, https:\/\/www.sgb-fss.ch\/content\/uploads\/2024\/01\/downloads-f-350x0-c-default.jpg 350w, \"\n      alt=\"\"\n      width=\"1890\"\n      height=\"1063\"\n            >\n  <\/div>\n      <\/div>\n  <h3 class=\"teaserpage__title\">Downloads<\/h3>\n  <p class=\"teaserpage__lead\">Tu trouveras ici toutes les donn\u00e9es relatives \u00e0 cette page ainsi qu&rsquo;\u00e0 tous les autres domaines \u00e0 t\u00e9l\u00e9charger.<\/p>  <\/a>\n      <\/li>\n    <\/ul>\n<\/div>\n<\/div>\n","protected":false},"excerpt":{"rendered":"<p>En tant qu\u2019organisation fa\u00eeti\u00e8re, la F\u00e9d\u00e9ration Suisse des Sourds se consid\u00e8re comme un partenaire [&hellip;]<\/p>\n","protected":false},"author":40,"featured_media":16886,"parent":11931,"menu_order":3,"comment_status":"closed","ping_status":"closed","template":"","meta":{"_acf_changed":false,"inline_featured_image":false,"footnotes":""},"class_list":["post-11042","page","type-page","status-publish","has-post-thumbnail","hentry"],"acf":[],"yoast_head":"<!-- This site is optimized with the Yoast SEO plugin v27.4 - https:\/\/yoast.com\/product\/yoast-seo-wordpress\/ -->\n<title>Informations utiles sur \u00abTravail et int\u00e9gration\u00bb - SGB-FSS<\/title>\n<meta name=\"robots\" content=\"index, follow, max-snippet:-1, max-image-preview:large, max-video-preview:-1\" \/>\n<link rel=\"canonical\" href=\"https:\/\/www.sgb-fss.ch\/fr\/domaines\/travail\/informations-utiles-sur-travail-et-integration\/\" \/>\n<meta property=\"og:locale\" content=\"fr_FR\" \/>\n<meta property=\"og:type\" content=\"article\" \/>\n<meta property=\"og:title\" content=\"Informations utiles sur \u00abTravail et int\u00e9gration\u00bb - SGB-FSS\" \/>\n<meta property=\"og:description\" content=\"En tant qu\u2019organisation fa\u00eeti\u00e8re, la F\u00e9d\u00e9ration Suisse des Sourds se consid\u00e8re comme un partenaire [&hellip;]\" \/>\n<meta property=\"og:url\" content=\"https:\/\/www.sgb-fss.ch\/fr\/domaines\/travail\/informations-utiles-sur-travail-et-integration\/\" \/>\n<meta property=\"og:site_name\" content=\"SGB-FSS\" \/>\n<meta property=\"article:modified_time\" content=\"2025-11-26T13:39:17+00:00\" \/>\n<meta property=\"og:image\" content=\"https:\/\/www.sgb-fss.ch\/content\/uploads\/2023\/05\/arbeit_wissenwertes-scaled-e1684151756716.jpg\" \/>\n\t<meta property=\"og:image:width\" content=\"2560\" \/>\n\t<meta property=\"og:image:height\" content=\"1706\" \/>\n\t<meta property=\"og:image:type\" content=\"image\/jpeg\" \/>\n<meta name=\"twitter:card\" content=\"summary_large_image\" \/>\n<meta name=\"twitter:label1\" content=\"Dur\u00e9e de lecture estim\u00e9e\" \/>\n\t<meta name=\"twitter:data1\" content=\"3 minutes\" \/>\n<script type=\"application\/ld+json\" class=\"yoast-schema-graph\">{\"@context\":\"https:\\\/\\\/schema.org\",\"@graph\":[{\"@type\":\"WebPage\",\"@id\":\"https:\\\/\\\/www.sgb-fss.ch\\\/fr\\\/domaines\\\/travail\\\/informations-utiles-sur-travail-et-integration\\\/\",\"url\":\"https:\\\/\\\/www.sgb-fss.ch\\\/fr\\\/domaines\\\/travail\\\/informations-utiles-sur-travail-et-integration\\\/\",\"name\":\"Informations utiles sur \u00abTravail et int\u00e9gration\u00bb - SGB-FSS\",\"isPartOf\":{\"@id\":\"https:\\\/\\\/www.sgb-fss.ch\\\/de\\\/#website\"},\"primaryImageOfPage\":{\"@id\":\"https:\\\/\\\/www.sgb-fss.ch\\\/fr\\\/domaines\\\/travail\\\/informations-utiles-sur-travail-et-integration\\\/#primaryimage\"},\"image\":{\"@id\":\"https:\\\/\\\/www.sgb-fss.ch\\\/fr\\\/domaines\\\/travail\\\/informations-utiles-sur-travail-et-integration\\\/#primaryimage\"},\"thumbnailUrl\":\"https:\\\/\\\/www.sgb-fss.ch\\\/content\\\/uploads\\\/2023\\\/05\\\/arbeit_wissenwertes-scaled-e1684151756716.jpg\",\"datePublished\":\"2023-04-25T12:19:52+00:00\",\"dateModified\":\"2025-11-26T13:39:17+00:00\",\"breadcrumb\":{\"@id\":\"https:\\\/\\\/www.sgb-fss.ch\\\/fr\\\/domaines\\\/travail\\\/informations-utiles-sur-travail-et-integration\\\/#breadcrumb\"},\"inLanguage\":\"fr-FR\",\"potentialAction\":[{\"@type\":\"ReadAction\",\"target\":[\"https:\\\/\\\/www.sgb-fss.ch\\\/fr\\\/domaines\\\/travail\\\/informations-utiles-sur-travail-et-integration\\\/\"]}]},{\"@type\":\"ImageObject\",\"inLanguage\":\"fr-FR\",\"@id\":\"https:\\\/\\\/www.sgb-fss.ch\\\/fr\\\/domaines\\\/travail\\\/informations-utiles-sur-travail-et-integration\\\/#primaryimage\",\"url\":\"https:\\\/\\\/www.sgb-fss.ch\\\/content\\\/uploads\\\/2023\\\/05\\\/arbeit_wissenwertes-scaled-e1684151756716.jpg\",\"contentUrl\":\"https:\\\/\\\/www.sgb-fss.ch\\\/content\\\/uploads\\\/2023\\\/05\\\/arbeit_wissenwertes-scaled-e1684151756716.jpg\",\"width\":2560,\"height\":1706},{\"@type\":\"BreadcrumbList\",\"@id\":\"https:\\\/\\\/www.sgb-fss.ch\\\/fr\\\/domaines\\\/travail\\\/informations-utiles-sur-travail-et-integration\\\/#breadcrumb\",\"itemListElement\":[{\"@type\":\"ListItem\",\"position\":1,\"name\":\"Home\",\"item\":\"https:\\\/\\\/www.sgb-fss.ch\\\/fr\\\/\"},{\"@type\":\"ListItem\",\"position\":2,\"name\":\"Domaines\",\"item\":\"https:\\\/\\\/www.sgb-fss.ch\\\/fr\\\/domaines\\\/\"},{\"@type\":\"ListItem\",\"position\":3,\"name\":\"Travail\",\"item\":\"https:\\\/\\\/www.sgb-fss.ch\\\/fr\\\/domaines\\\/travail\\\/\"},{\"@type\":\"ListItem\",\"position\":4,\"name\":\"Informations utiles sur \u00abTravail et int\u00e9gration\u00bb\"}]},{\"@type\":\"WebSite\",\"@id\":\"https:\\\/\\\/www.sgb-fss.ch\\\/de\\\/#website\",\"url\":\"https:\\\/\\\/www.sgb-fss.ch\\\/de\\\/\",\"name\":\"SGB-FSS\",\"description\":\"\",\"potentialAction\":[{\"@type\":\"SearchAction\",\"target\":{\"@type\":\"EntryPoint\",\"urlTemplate\":\"https:\\\/\\\/www.sgb-fss.ch\\\/de\\\/?s={search_term_string}\"},\"query-input\":{\"@type\":\"PropertyValueSpecification\",\"valueRequired\":true,\"valueName\":\"search_term_string\"}}],\"inLanguage\":\"fr-FR\"}]}<\/script>\n<!-- \/ Yoast SEO plugin. -->","yoast_head_json":{"title":"Informations utiles sur \u00abTravail et int\u00e9gration\u00bb - SGB-FSS","robots":{"index":"index","follow":"follow","max-snippet":"max-snippet:-1","max-image-preview":"max-image-preview:large","max-video-preview":"max-video-preview:-1"},"canonical":"https:\/\/www.sgb-fss.ch\/fr\/domaines\/travail\/informations-utiles-sur-travail-et-integration\/","og_locale":"fr_FR","og_type":"article","og_title":"Informations utiles sur \u00abTravail et int\u00e9gration\u00bb - SGB-FSS","og_description":"En tant qu\u2019organisation fa\u00eeti\u00e8re, la F\u00e9d\u00e9ration Suisse des Sourds se consid\u00e8re comme un partenaire [&hellip;]","og_url":"https:\/\/www.sgb-fss.ch\/fr\/domaines\/travail\/informations-utiles-sur-travail-et-integration\/","og_site_name":"SGB-FSS","article_modified_time":"2025-11-26T13:39:17+00:00","og_image":[{"width":2560,"height":1706,"url":"https:\/\/www.sgb-fss.ch\/content\/uploads\/2023\/05\/arbeit_wissenwertes-scaled-e1684151756716.jpg","type":"image\/jpeg"}],"twitter_card":"summary_large_image","twitter_misc":{"Dur\u00e9e de lecture estim\u00e9e":"3 minutes"},"schema":{"@context":"https:\/\/schema.org","@graph":[{"@type":"WebPage","@id":"https:\/\/www.sgb-fss.ch\/fr\/domaines\/travail\/informations-utiles-sur-travail-et-integration\/","url":"https:\/\/www.sgb-fss.ch\/fr\/domaines\/travail\/informations-utiles-sur-travail-et-integration\/","name":"Informations utiles sur \u00abTravail et int\u00e9gration\u00bb - SGB-FSS","isPartOf":{"@id":"https:\/\/www.sgb-fss.ch\/de\/#website"},"primaryImageOfPage":{"@id":"https:\/\/www.sgb-fss.ch\/fr\/domaines\/travail\/informations-utiles-sur-travail-et-integration\/#primaryimage"},"image":{"@id":"https:\/\/www.sgb-fss.ch\/fr\/domaines\/travail\/informations-utiles-sur-travail-et-integration\/#primaryimage"},"thumbnailUrl":"https:\/\/www.sgb-fss.ch\/content\/uploads\/2023\/05\/arbeit_wissenwertes-scaled-e1684151756716.jpg","datePublished":"2023-04-25T12:19:52+00:00","dateModified":"2025-11-26T13:39:17+00:00","breadcrumb":{"@id":"https:\/\/www.sgb-fss.ch\/fr\/domaines\/travail\/informations-utiles-sur-travail-et-integration\/#breadcrumb"},"inLanguage":"fr-FR","potentialAction":[{"@type":"ReadAction","target":["https:\/\/www.sgb-fss.ch\/fr\/domaines\/travail\/informations-utiles-sur-travail-et-integration\/"]}]},{"@type":"ImageObject","inLanguage":"fr-FR","@id":"https:\/\/www.sgb-fss.ch\/fr\/domaines\/travail\/informations-utiles-sur-travail-et-integration\/#primaryimage","url":"https:\/\/www.sgb-fss.ch\/content\/uploads\/2023\/05\/arbeit_wissenwertes-scaled-e1684151756716.jpg","contentUrl":"https:\/\/www.sgb-fss.ch\/content\/uploads\/2023\/05\/arbeit_wissenwertes-scaled-e1684151756716.jpg","width":2560,"height":1706},{"@type":"BreadcrumbList","@id":"https:\/\/www.sgb-fss.ch\/fr\/domaines\/travail\/informations-utiles-sur-travail-et-integration\/#breadcrumb","itemListElement":[{"@type":"ListItem","position":1,"name":"Home","item":"https:\/\/www.sgb-fss.ch\/fr\/"},{"@type":"ListItem","position":2,"name":"Domaines","item":"https:\/\/www.sgb-fss.ch\/fr\/domaines\/"},{"@type":"ListItem","position":3,"name":"Travail","item":"https:\/\/www.sgb-fss.ch\/fr\/domaines\/travail\/"},{"@type":"ListItem","position":4,"name":"Informations utiles sur \u00abTravail et int\u00e9gration\u00bb"}]},{"@type":"WebSite","@id":"https:\/\/www.sgb-fss.ch\/de\/#website","url":"https:\/\/www.sgb-fss.ch\/de\/","name":"SGB-FSS","description":"","potentialAction":[{"@type":"SearchAction","target":{"@type":"EntryPoint","urlTemplate":"https:\/\/www.sgb-fss.ch\/de\/?s={search_term_string}"},"query-input":{"@type":"PropertyValueSpecification","valueRequired":true,"valueName":"search_term_string"}}],"inLanguage":"fr-FR"}]}},"_links":{"self":[{"href":"https:\/\/www.sgb-fss.ch\/fr\/wp-json\/wp\/v2\/pages\/11042","targetHints":{"allow":["GET"]}}],"collection":[{"href":"https:\/\/www.sgb-fss.ch\/fr\/wp-json\/wp\/v2\/pages"}],"about":[{"href":"https:\/\/www.sgb-fss.ch\/fr\/wp-json\/wp\/v2\/types\/page"}],"author":[{"embeddable":true,"href":"https:\/\/www.sgb-fss.ch\/fr\/wp-json\/wp\/v2\/users\/40"}],"replies":[{"embeddable":true,"href":"https:\/\/www.sgb-fss.ch\/fr\/wp-json\/wp\/v2\/comments?post=11042"}],"version-history":[{"count":38,"href":"https:\/\/www.sgb-fss.ch\/fr\/wp-json\/wp\/v2\/pages\/11042\/revisions"}],"predecessor-version":[{"id":42169,"href":"https:\/\/www.sgb-fss.ch\/fr\/wp-json\/wp\/v2\/pages\/11042\/revisions\/42169"}],"up":[{"embeddable":true,"href":"https:\/\/www.sgb-fss.ch\/fr\/wp-json\/wp\/v2\/pages\/11931"}],"wp:featuredmedia":[{"embeddable":true,"href":"https:\/\/www.sgb-fss.ch\/fr\/wp-json\/wp\/v2\/media\/16886"}],"wp:attachment":[{"href":"https:\/\/www.sgb-fss.ch\/fr\/wp-json\/wp\/v2\/media?parent=11042"}],"curies":[{"name":"wp","href":"https:\/\/api.w.org\/{rel}","templated":true}]}}