{"id":11033,"date":"2023-04-25T14:00:18","date_gmt":"2023-04-25T12:00:18","guid":{"rendered":"https:\/\/www.sgb-fss.ch\/?page_id=11033"},"modified":"2024-09-16T15:27:00","modified_gmt":"2024-09-16T13:27:00","slug":"interpretes-quand-ou-comment","status":"publish","type":"page","link":"https:\/\/www.sgb-fss.ch\/fr\/domaines\/travail\/interpretes-quand-ou-comment\/","title":{"rendered":"Interpr\u00e8tes: Quand? O\u00f9? Comment?"},"content":{"rendered":"\n<p class=\"is-style-lead\">Pour que l\u2019\u00e9change avec une personne sourde lors de rendez-vous et d\u2019\u00e9v\u00e9nements importants se d\u00e9roule sans barri\u00e8res, il est important de recourir \u00e0 des interpr\u00e8tes.<\/p>\n\n\n\n<figure class=\"wp-block-image aligncenter size-full is-resized\"><img loading=\"lazy\" decoding=\"async\" width=\"1335\" height=\"1335\" src=\"https:\/\/www.sgb-fss.ch\/content\/uploads\/2023\/07\/live-2.png\" alt=\"\" class=\"wp-image-23060\" style=\"object-fit:cover;width:500px;height:500px\" srcset=\"https:\/\/www.sgb-fss.ch\/content\/uploads\/2023\/07\/live-2.png 1335w, https:\/\/www.sgb-fss.ch\/content\/uploads\/2023\/07\/live-2-300x300.png 300w, https:\/\/www.sgb-fss.ch\/content\/uploads\/2023\/07\/live-2-1024x1024.png 1024w, https:\/\/www.sgb-fss.ch\/content\/uploads\/2023\/07\/live-2-150x150.png 150w, https:\/\/www.sgb-fss.ch\/content\/uploads\/2023\/07\/live-2-768x768.png 768w, https:\/\/www.sgb-fss.ch\/content\/uploads\/2023\/07\/live-2-100x100.png 100w, https:\/\/www.sgb-fss.ch\/content\/uploads\/2023\/07\/live-2-600x600.png 600w\" sizes=\"auto, (max-width: 1335px) 100vw, 1335px\" \/><\/figure>\n\n\n\n<p><strong>Abolir les barri\u00e8res et faciliter les discussions<br><\/strong>Les personnes sourdes en Suisse ont, selon la Convention de l\u2019ONU relative aux droits des personnes handicap\u00e9es (CDPH), droit \u00e0 des interpr\u00e8tes en langue des signes pour pouvoir participer sur un pied d\u2019\u00e9galit\u00e9 \u00e0 la vie sociale et professionnelle.<\/p>\n\n\n\n<p>Les personnes sourdes se heurtent r\u00e9guli\u00e8rement \u00e0 des barri\u00e8res linguistiques dans leur vie quotidienne. Les interpr\u00e8tes en langue des signes font le lien avec la soci\u00e9t\u00e9 entendante et constituent une aide essentielle pour \u00e9viter les malentendus et faciliter le dialogue.<\/p>\n\n\n\n<p><strong>Pour que les co\u00fbts li\u00e9s \u00e0 des interventions individuelles d\u2019interpr\u00e8tes soient pris en charge, les personnes sourdes doivent \u00eatre inscrites \u00e0 l\u2019assurance invalidit\u00e9 (AI). Vous trouverez ici les autres conditions \u00e0 remplir pour une prise en charge des co\u00fbts:<\/strong><\/p>\n\n\n\n<div class=\"wp-block-group has-weiss-background-color has-background is-layout-flow wp-block-group-is-layout-flow\">\n<h3 class=\"wp-block-heading\">Financement sur le lieu de travail<\/h3>\n\n\n\n<p>Les interpr\u00e8tes en langue des signes* sont consid\u00e9r\u00e9s comme des moyens auxiliaires au sens de la loi sur l&rsquo;assurance-invalidit\u00e9 (LAI).<\/p>\n\n\n\n<p class=\"has-terrakotta-color has-text-color\"><strong>Selon l&rsquo;art. 9 LAI:<\/strong> apr\u00e8s une d\u00e9cision dite d&rsquo;octroi de prestations de tiers sur le lieu de travail, l&rsquo;AI prend en charge les frais d&rsquo;interpr\u00e9tation en langue des signes sur le lieu de travail de la personne sourde jusqu&rsquo;\u00e0 un maximum de 1\u2019838 CHF par mois. Ce montant suffit pour environ 10 heures d&rsquo;interpr\u00e9tation. Si davantage d&rsquo;heures sont n\u00e9cessaires, la personne sourde ou son employeur doit prendre en charge les frais.<\/p>\n\n\n\n<p><strong>Remarque:<\/strong> si plusieurs personnes sourdes ou malentendantes se partagent un ou une interpr\u00e8te lors d&rsquo;une r\u00e9union ou d&rsquo;un \u00e9v\u00e9nement, les frais sont r\u00e9partis par Procom selon le nombre de d\u00e9cisions d&rsquo;octroi.<\/p>\n<\/div>\n\n\n\n<p><\/p>\n\n\n\n<div class=\"wp-block-group has-weiss-background-color has-background is-layout-flow wp-block-group-is-layout-flow\">\n<h3 class=\"wp-block-heading\">Financement de la formation sur le lieu de travail<\/h3>\n\n\n\n<p class=\"has-terrakotta-color has-text-color\"><strong>Selon l&rsquo;art. 16 LAI:<\/strong> toute personne qui suit une formation ou un perfectionnement professionnel doit d\u00e9poser suffisamment t\u00f4t une demande de prise en charge des frais d&rsquo;interpr\u00e8tes en langue des signes aupr\u00e8s de l&rsquo;AI.<\/p>\n\n\n\n<p>La loi ne fixe pas de montant maximal pour ces interventions. L&rsquo;AI demande un devis \u00e0 <a href=\"https:\/\/www.procom-deaf.ch\/de\/Bestellformular-Kontakt.aspx\" target=\"_blank\" rel=\"noreferrer noopener\">Procom<\/a> et d\u00e9cide ensuite au cas par cas si les frais sont pris en charge.<\/p>\n\n\n\n<p>En outre, cette demande doit \u00eatre accompagn\u00e9e d&rsquo;une confirmation de l&#8217;employeur sur la n\u00e9cessit\u00e9 de la formation continue.<\/p>\n<\/div>\n\n\n\n<p><\/p>\n\n\n\n<div class=\"wp-block-group has-weiss-background-color has-background is-layout-flow wp-block-group-is-layout-flow\">\n<h3 class=\"wp-block-heading\">Financement lors de r\u00e9unions et d&rsquo;\u00e9v\u00e9nements aupr\u00e8s de la Conf\u00e9d\u00e9ration ou du canton ou des communes<\/h3>\n\n\n\n<p class=\"has-terrakotta-color has-text-color\"><strong>L&rsquo;art. 13 LHand:<\/strong> doit toutefois servir d&rsquo;exemple aux cantons et aux communes. Cependant, en cas d&#8217;embauche par le canton et la commune, la r\u00e9glementation f\u00e9d\u00e9rale ne s&rsquo;applique pas.<\/p>\n\n\n\n<p>Les lois sur le personnel des cantons peuvent pr\u00e9voir des dispositions diff\u00e9rentes. Toutefois, la loi sur l&rsquo;\u00e9galit\u00e9 des personnes handicap\u00e9es stipule de mani\u00e8re g\u00e9n\u00e9rale que les services publics doivent \u00eatre accessibles aux personnes en situation de handicap. Par cons\u00e9quent, les co\u00fbts devraient \u00e9galement \u00eatre pris en charge.<\/p>\n\n\n\n<p>Il faut alors se renseigner sur la mani\u00e8re dont les organisateurs souhaitent g\u00e9rer les co\u00fbts.<\/p>\n<\/div>\n\n\n\n<p><\/p>\n\n\n\n<div class=\"wp-block-group has-weiss-background-color has-background is-layout-flow wp-block-group-is-layout-flow\">\n<h3 class=\"wp-block-heading\"><strong>Financement de r\u00e9unions et d&rsquo;\u00e9v\u00e9nements dans des entreprises priv\u00e9es<\/strong><\/h3>\n\n\n\n<p class=\"has-terrakotta-color has-text-color\">Dans ce cas, il n&rsquo;existe aucun droit \u00e0 la prise en charge des frais. Procom re\u00e7oit chaque ann\u00e9e un montant de l&rsquo;AI pour toutes les interventions d&rsquo;interpr\u00e8tes dans le domaine priv\u00e9 des personnes sourdes. <\/p>\n\n\n\n<p><a href=\"https:\/\/www.procom-deaf.ch\/de\/Bestellformular-Kontakt.aspx\" target=\"_blank\" rel=\"noreferrer noopener\">Procom<\/a> g\u00e8re les montants et les r\u00e9partit sur toutes les commandes pendant une ann\u00e9e. Ainsi, Procom d\u00e9cide \u00e9galement des missions qui seront financ\u00e9es ou non. Contacte Procom suffisamment t\u00f4t afin d&rsquo;\u00eatre s\u00fbr(e) d&rsquo;obtenir une garantie de prise en charge des frais.<\/p>\n<\/div>\n\n\n\n<p><\/p>\n\n\n\n<div class=\"wp-block-columns is-layout-flex wp-container-core-columns-is-layout-9d6595d7 wp-block-columns-is-layout-flex\">\n<div class=\"wp-block-column is-layout-flow wp-block-column-is-layout-flow\" style=\"flex-basis:100%\">\n<div class=\"wp-block-group has-terrakotta-50-background-color has-background is-layout-flow wp-block-group-is-layout-flow\">\n<h3 class=\"wp-block-heading\">Conseils et astuces<\/h3>\n\n\n\n<ul class=\"wp-block-list\">\n<li>Commander l\u2019interpr\u00e8te si possible deux semaines avant la date souhait\u00e9e<\/li>\n\n\n\n<li>Une fois l\u2019intervention confirm\u00e9e, l\u2019interpr\u00e8te doit recevoir toutes les informations et \u00e9ventuelles pr\u00e9sentations n\u00e9cessaires pour pr\u00e9parer son intervention.<\/li>\n\n\n\n<li>Les interpr\u00e8tes font le lien entre la personne entendante et la personne sourde. La personne sourde est l\u2019interlocuteur\/-trice: lors de l\u2019entretien, adressez-vous toujours \u00e0 elle\/lui et non \u00e0 l\u2019interpr\u00e8te.<\/li>\n<\/ul>\n<\/div>\n<\/div>\n<\/div>\n\n\n\n<div class=\"wp-block-group is-layout-flow wp-block-group-is-layout-flow\"><div class=\"block block-teasercontacts block-teasercontacts--boxed\" id=\"block_d0c1d4867b5f7e5c7665670f4d7f2703\" data-block=\"Teaser Contacts\">\n    <div class=\"block-teasercontacts__header\"><p class=\"block-teasercontacts__title\">Des questions sur les interpr\u00e8tes en langue des signes? N&rsquo;h\u00e9sitez pas \u00e0 me contacter.<\/p><\/div>    <div class=\"block-teasercontacts__list\">\n                                        <div class=\"block-teasercontacts__item\">\n                <div class=\"block-teasercontacts__link\">\n                    <div class=\"block-teasercontacts__media\">\n                        <div class=\"block-teasercontacts__thumbnail accent__darkred has-background-accent\">\n                                                              <div class=\"image block-teasercontacts__thumbnail-image\" >\n    <img decoding=\"async\"\n      loading=\"lazy\"\n      class=\"image__object lazyload\"\n      src=\"https:\/\/www.sgb-fss.ch\/content\/uploads\/2021\/06\/sabine-wolff-1440x0-c-default.jpg\"       data-sizes=\"auto\"\n      data-srcset=\"https:\/\/www.sgb-fss.ch\/content\/uploads\/2021\/06\/sabine-wolff-200x0-c-default.jpg 200w, https:\/\/www.sgb-fss.ch\/content\/uploads\/2021\/06\/sabine-wolff-100x0-c-default.jpg 100w, \"\n      alt=\"\"\n      width=\"567\"\n      height=\"567\"\n            >\n  <\/div>\n                                                    <\/div>\n                    <\/div>\n                    <div class=\"block-teasercontacts__text\">\n                        <p class=\"block-teasercontacts__name\"><strong><a href=\"https:\/\/www.sgb-fss.ch\/fr\/team\/sabine-wolff\/\">Sabine Wolff<\/a><\/strong><\/p>\n                        <p class=\"block-teasercontacts__lead\">Produits et Marques<\/p>                    <\/div>\n                    <div class=\"block-teasercontacts__contacts\">\n                                                    <p>\n                                                                <a class=\"wp-block-button is-style-transparent\" href=\"mailto:s.wolff@sgb-fss.ch\"><span class=\"wp-block-button__link\"><i class=\"icon icon--mail\"><svg data-name=\"Ebene 1\" xmlns=\"http:\/\/www.w3.org\/2000\/svg\" viewBox=\"0 0 24 24\"><path d=\"M20.76 2.31H3.24A3.12 3.12 0 0 0 .12 5.43v13.14a3.12 3.12 0 0 0 3.12 3.12h17.52a3.12 3.12 0 0 0 3.12-3.12V5.43a3.12 3.12 0 0 0-3.12-3.12zM2.09 5a1.27 1.27 0 0 1 1.15-.78h17.52a1.24 1.24 0 0 1 1.11.74l.05.09-.09.06L12 12l-.07-.05-9.87-6.9zM22 18.57a1.26 1.26 0 0 1-1.26 1.27H3.24A1.27 1.27 0 0 1 2 18.57V7.21l9.5 6.69a.89.89 0 0 0 1 0L22 7.25z\"\/><\/svg><\/i><span class=\"wp-block-button__label\">s.wolff@sgb-fss.ch<\/span><\/span><\/a>                                                            <\/p>\n                                            <\/div>\n                <\/div>\n            <\/div>\n                    <\/div>\n<\/div>\n<\/div>\n\n\n\n<h2 class=\"wp-block-heading\"><\/h2>\n\n\n\n<div class=\"wp-block-group has-schwarz-25-background-color has-background is-layout-constrained wp-block-group-is-layout-constrained\"><div class=\"block block-teaserpages\" id=\"block_e6e8878b562fa1c8b7540e585dadf536\" data-block=\"Teaser Pages\">\n  <ul class=\"block-teaserpages__list\">\n            <li class=\"block-teaserpages__item\">\n        <a class=\"accent teaserpage\" href=\"https:\/\/www.sgb-fss.ch\/fr\/downloads\/\">\n  <div class=\"teaserpage__thumbnail\">\n            <div class=\"image teaserpage__thumbnail-image\" >\n    <img decoding=\"async\"\n      loading=\"lazy\"\n      class=\"image__object lazyload\"\n      src=\"https:\/\/www.sgb-fss.ch\/content\/uploads\/2024\/01\/downloads-f-1440x0-c-default.jpg\"       data-sizes=\"auto\"\n      data-srcset=\"https:\/\/www.sgb-fss.ch\/content\/uploads\/2024\/01\/downloads-f-1000x0-c-default.jpg 1000w, https:\/\/www.sgb-fss.ch\/content\/uploads\/2024\/01\/downloads-f-700x0-c-default.jpg 700w, https:\/\/www.sgb-fss.ch\/content\/uploads\/2024\/01\/downloads-f-350x0-c-default.jpg 350w, \"\n      alt=\"\"\n      width=\"1890\"\n      height=\"1063\"\n            >\n  <\/div>\n      <\/div>\n  <h3 class=\"teaserpage__title\">Downloads<\/h3>\n  <p class=\"teaserpage__lead\">Tu trouveras ici toutes les donn\u00e9es relatives \u00e0 cette page ainsi qu&rsquo;\u00e0 tous les autres domaines \u00e0 t\u00e9l\u00e9charger.<\/p>  <\/a>\n      <\/li>\n    <\/ul>\n<\/div>\n<\/div>\n","protected":false},"excerpt":{"rendered":"<p>Pour que l\u2019\u00e9change avec une personne sourde lors de rendez-vous et d\u2019\u00e9v\u00e9nements importants se [&hellip;]<\/p>\n","protected":false},"author":40,"featured_media":16903,"parent":11931,"menu_order":3,"comment_status":"closed","ping_status":"closed","template":"","meta":{"_acf_changed":false,"inline_featured_image":false,"footnotes":""},"class_list":["post-11033","page","type-page","status-publish","has-post-thumbnail","hentry"],"acf":[],"yoast_head":"<!-- This site is optimized with the Yoast SEO plugin v27.4 - https:\/\/yoast.com\/product\/yoast-seo-wordpress\/ -->\n<title>Interpr\u00e8tes: Quand? O\u00f9? Comment? - SGB-FSS<\/title>\n<meta name=\"robots\" content=\"index, follow, max-snippet:-1, max-image-preview:large, max-video-preview:-1\" \/>\n<link rel=\"canonical\" href=\"https:\/\/www.sgb-fss.ch\/fr\/domaines\/travail\/interpretes-quand-ou-comment\/\" \/>\n<meta property=\"og:locale\" content=\"fr_FR\" \/>\n<meta property=\"og:type\" content=\"article\" \/>\n<meta property=\"og:title\" content=\"Interpr\u00e8tes: Quand? O\u00f9? Comment? - SGB-FSS\" \/>\n<meta property=\"og:description\" content=\"Pour que l\u2019\u00e9change avec une personne sourde lors de rendez-vous et d\u2019\u00e9v\u00e9nements importants se [&hellip;]\" \/>\n<meta property=\"og:url\" content=\"https:\/\/www.sgb-fss.ch\/fr\/domaines\/travail\/interpretes-quand-ou-comment\/\" \/>\n<meta property=\"og:site_name\" content=\"SGB-FSS\" \/>\n<meta property=\"article:modified_time\" content=\"2024-09-16T13:27:00+00:00\" \/>\n<meta property=\"og:image\" content=\"https:\/\/www.sgb-fss.ch\/content\/uploads\/2023\/05\/arbeit_dolemtscher-scaled-e1684151969823.jpg\" \/>\n\t<meta property=\"og:image:width\" content=\"2560\" \/>\n\t<meta property=\"og:image:height\" content=\"1707\" \/>\n\t<meta property=\"og:image:type\" content=\"image\/jpeg\" \/>\n<meta name=\"twitter:card\" content=\"summary_large_image\" \/>\n<meta name=\"twitter:label1\" content=\"Dur\u00e9e de lecture estim\u00e9e\" \/>\n\t<meta name=\"twitter:data1\" content=\"4 minutes\" \/>\n<script type=\"application\/ld+json\" class=\"yoast-schema-graph\">{\"@context\":\"https:\\\/\\\/schema.org\",\"@graph\":[{\"@type\":\"WebPage\",\"@id\":\"https:\\\/\\\/www.sgb-fss.ch\\\/fr\\\/domaines\\\/travail\\\/interpretes-quand-ou-comment\\\/\",\"url\":\"https:\\\/\\\/www.sgb-fss.ch\\\/fr\\\/domaines\\\/travail\\\/interpretes-quand-ou-comment\\\/\",\"name\":\"Interpr\u00e8tes: Quand? O\u00f9? Comment? - SGB-FSS\",\"isPartOf\":{\"@id\":\"https:\\\/\\\/www.sgb-fss.ch\\\/de\\\/#website\"},\"primaryImageOfPage\":{\"@id\":\"https:\\\/\\\/www.sgb-fss.ch\\\/fr\\\/domaines\\\/travail\\\/interpretes-quand-ou-comment\\\/#primaryimage\"},\"image\":{\"@id\":\"https:\\\/\\\/www.sgb-fss.ch\\\/fr\\\/domaines\\\/travail\\\/interpretes-quand-ou-comment\\\/#primaryimage\"},\"thumbnailUrl\":\"https:\\\/\\\/www.sgb-fss.ch\\\/content\\\/uploads\\\/2023\\\/05\\\/arbeit_dolemtscher-scaled-e1684151969823.jpg\",\"datePublished\":\"2023-04-25T12:00:18+00:00\",\"dateModified\":\"2024-09-16T13:27:00+00:00\",\"breadcrumb\":{\"@id\":\"https:\\\/\\\/www.sgb-fss.ch\\\/fr\\\/domaines\\\/travail\\\/interpretes-quand-ou-comment\\\/#breadcrumb\"},\"inLanguage\":\"fr-FR\",\"potentialAction\":[{\"@type\":\"ReadAction\",\"target\":[\"https:\\\/\\\/www.sgb-fss.ch\\\/fr\\\/domaines\\\/travail\\\/interpretes-quand-ou-comment\\\/\"]}]},{\"@type\":\"ImageObject\",\"inLanguage\":\"fr-FR\",\"@id\":\"https:\\\/\\\/www.sgb-fss.ch\\\/fr\\\/domaines\\\/travail\\\/interpretes-quand-ou-comment\\\/#primaryimage\",\"url\":\"https:\\\/\\\/www.sgb-fss.ch\\\/content\\\/uploads\\\/2023\\\/05\\\/arbeit_dolemtscher-scaled-e1684151969823.jpg\",\"contentUrl\":\"https:\\\/\\\/www.sgb-fss.ch\\\/content\\\/uploads\\\/2023\\\/05\\\/arbeit_dolemtscher-scaled-e1684151969823.jpg\",\"width\":2560,\"height\":1707,\"caption\":\"Multi-ethnic group of business people in team meeting. Interpreter uses sign language to interpret business presentation to a hearing-impaired team member. The team conducts presentation using whiteboard, charts and graphs.\"},{\"@type\":\"BreadcrumbList\",\"@id\":\"https:\\\/\\\/www.sgb-fss.ch\\\/fr\\\/domaines\\\/travail\\\/interpretes-quand-ou-comment\\\/#breadcrumb\",\"itemListElement\":[{\"@type\":\"ListItem\",\"position\":1,\"name\":\"Home\",\"item\":\"https:\\\/\\\/www.sgb-fss.ch\\\/fr\\\/\"},{\"@type\":\"ListItem\",\"position\":2,\"name\":\"Domaines\",\"item\":\"https:\\\/\\\/www.sgb-fss.ch\\\/fr\\\/domaines\\\/\"},{\"@type\":\"ListItem\",\"position\":3,\"name\":\"Travail\",\"item\":\"https:\\\/\\\/www.sgb-fss.ch\\\/fr\\\/domaines\\\/travail\\\/\"},{\"@type\":\"ListItem\",\"position\":4,\"name\":\"Interpr\u00e8tes: Quand? O\u00f9? Comment?\"}]},{\"@type\":\"WebSite\",\"@id\":\"https:\\\/\\\/www.sgb-fss.ch\\\/de\\\/#website\",\"url\":\"https:\\\/\\\/www.sgb-fss.ch\\\/de\\\/\",\"name\":\"SGB-FSS\",\"description\":\"\",\"potentialAction\":[{\"@type\":\"SearchAction\",\"target\":{\"@type\":\"EntryPoint\",\"urlTemplate\":\"https:\\\/\\\/www.sgb-fss.ch\\\/de\\\/?s={search_term_string}\"},\"query-input\":{\"@type\":\"PropertyValueSpecification\",\"valueRequired\":true,\"valueName\":\"search_term_string\"}}],\"inLanguage\":\"fr-FR\"}]}<\/script>\n<!-- \/ Yoast SEO plugin. -->","yoast_head_json":{"title":"Interpr\u00e8tes: Quand? O\u00f9? Comment? - SGB-FSS","robots":{"index":"index","follow":"follow","max-snippet":"max-snippet:-1","max-image-preview":"max-image-preview:large","max-video-preview":"max-video-preview:-1"},"canonical":"https:\/\/www.sgb-fss.ch\/fr\/domaines\/travail\/interpretes-quand-ou-comment\/","og_locale":"fr_FR","og_type":"article","og_title":"Interpr\u00e8tes: Quand? O\u00f9? Comment? - SGB-FSS","og_description":"Pour que l\u2019\u00e9change avec une personne sourde lors de rendez-vous et d\u2019\u00e9v\u00e9nements importants se [&hellip;]","og_url":"https:\/\/www.sgb-fss.ch\/fr\/domaines\/travail\/interpretes-quand-ou-comment\/","og_site_name":"SGB-FSS","article_modified_time":"2024-09-16T13:27:00+00:00","og_image":[{"width":2560,"height":1707,"url":"https:\/\/www.sgb-fss.ch\/content\/uploads\/2023\/05\/arbeit_dolemtscher-scaled-e1684151969823.jpg","type":"image\/jpeg"}],"twitter_card":"summary_large_image","twitter_misc":{"Dur\u00e9e de lecture estim\u00e9e":"4 minutes"},"schema":{"@context":"https:\/\/schema.org","@graph":[{"@type":"WebPage","@id":"https:\/\/www.sgb-fss.ch\/fr\/domaines\/travail\/interpretes-quand-ou-comment\/","url":"https:\/\/www.sgb-fss.ch\/fr\/domaines\/travail\/interpretes-quand-ou-comment\/","name":"Interpr\u00e8tes: Quand? O\u00f9? Comment? - SGB-FSS","isPartOf":{"@id":"https:\/\/www.sgb-fss.ch\/de\/#website"},"primaryImageOfPage":{"@id":"https:\/\/www.sgb-fss.ch\/fr\/domaines\/travail\/interpretes-quand-ou-comment\/#primaryimage"},"image":{"@id":"https:\/\/www.sgb-fss.ch\/fr\/domaines\/travail\/interpretes-quand-ou-comment\/#primaryimage"},"thumbnailUrl":"https:\/\/www.sgb-fss.ch\/content\/uploads\/2023\/05\/arbeit_dolemtscher-scaled-e1684151969823.jpg","datePublished":"2023-04-25T12:00:18+00:00","dateModified":"2024-09-16T13:27:00+00:00","breadcrumb":{"@id":"https:\/\/www.sgb-fss.ch\/fr\/domaines\/travail\/interpretes-quand-ou-comment\/#breadcrumb"},"inLanguage":"fr-FR","potentialAction":[{"@type":"ReadAction","target":["https:\/\/www.sgb-fss.ch\/fr\/domaines\/travail\/interpretes-quand-ou-comment\/"]}]},{"@type":"ImageObject","inLanguage":"fr-FR","@id":"https:\/\/www.sgb-fss.ch\/fr\/domaines\/travail\/interpretes-quand-ou-comment\/#primaryimage","url":"https:\/\/www.sgb-fss.ch\/content\/uploads\/2023\/05\/arbeit_dolemtscher-scaled-e1684151969823.jpg","contentUrl":"https:\/\/www.sgb-fss.ch\/content\/uploads\/2023\/05\/arbeit_dolemtscher-scaled-e1684151969823.jpg","width":2560,"height":1707,"caption":"Multi-ethnic group of business people in team meeting. Interpreter uses sign language to interpret business presentation to a hearing-impaired team member. The team conducts presentation using whiteboard, charts and graphs."},{"@type":"BreadcrumbList","@id":"https:\/\/www.sgb-fss.ch\/fr\/domaines\/travail\/interpretes-quand-ou-comment\/#breadcrumb","itemListElement":[{"@type":"ListItem","position":1,"name":"Home","item":"https:\/\/www.sgb-fss.ch\/fr\/"},{"@type":"ListItem","position":2,"name":"Domaines","item":"https:\/\/www.sgb-fss.ch\/fr\/domaines\/"},{"@type":"ListItem","position":3,"name":"Travail","item":"https:\/\/www.sgb-fss.ch\/fr\/domaines\/travail\/"},{"@type":"ListItem","position":4,"name":"Interpr\u00e8tes: Quand? O\u00f9? Comment?"}]},{"@type":"WebSite","@id":"https:\/\/www.sgb-fss.ch\/de\/#website","url":"https:\/\/www.sgb-fss.ch\/de\/","name":"SGB-FSS","description":"","potentialAction":[{"@type":"SearchAction","target":{"@type":"EntryPoint","urlTemplate":"https:\/\/www.sgb-fss.ch\/de\/?s={search_term_string}"},"query-input":{"@type":"PropertyValueSpecification","valueRequired":true,"valueName":"search_term_string"}}],"inLanguage":"fr-FR"}]}},"_links":{"self":[{"href":"https:\/\/www.sgb-fss.ch\/fr\/wp-json\/wp\/v2\/pages\/11033","targetHints":{"allow":["GET"]}}],"collection":[{"href":"https:\/\/www.sgb-fss.ch\/fr\/wp-json\/wp\/v2\/pages"}],"about":[{"href":"https:\/\/www.sgb-fss.ch\/fr\/wp-json\/wp\/v2\/types\/page"}],"author":[{"embeddable":true,"href":"https:\/\/www.sgb-fss.ch\/fr\/wp-json\/wp\/v2\/users\/40"}],"replies":[{"embeddable":true,"href":"https:\/\/www.sgb-fss.ch\/fr\/wp-json\/wp\/v2\/comments?post=11033"}],"version-history":[{"count":30,"href":"https:\/\/www.sgb-fss.ch\/fr\/wp-json\/wp\/v2\/pages\/11033\/revisions"}],"predecessor-version":[{"id":35431,"href":"https:\/\/www.sgb-fss.ch\/fr\/wp-json\/wp\/v2\/pages\/11033\/revisions\/35431"}],"up":[{"embeddable":true,"href":"https:\/\/www.sgb-fss.ch\/fr\/wp-json\/wp\/v2\/pages\/11931"}],"wp:featuredmedia":[{"embeddable":true,"href":"https:\/\/www.sgb-fss.ch\/fr\/wp-json\/wp\/v2\/media\/16903"}],"wp:attachment":[{"href":"https:\/\/www.sgb-fss.ch\/fr\/wp-json\/wp\/v2\/media?parent=11033"}],"curies":[{"name":"wp","href":"https:\/\/api.w.org\/{rel}","templated":true}]}}