{"id":9177,"date":"2022-10-21T10:22:30","date_gmt":"2022-10-21T08:22:30","guid":{"rendered":"https:\/\/www.sgb-fss.ch\/?page_id=9177"},"modified":"2025-05-20T10:02:28","modified_gmt":"2025-05-20T08:02:28","slug":"gehoerlos-sein","status":"publish","type":"page","link":"https:\/\/www.sgb-fss.ch\/de\/gebaerdensprachen\/gehoerlos-sein\/","title":{"rendered":"Geh\u00f6rlos sein"},"content":{"rendered":"<div id=\"group-with-video-block_ee273fa5ea128c848b5c2f2bc8fc5d13\" class=\"block group-with-video \" data-block=\"Gruppe mit Video\">\n            <div class=\"video-container\">\n            <video controls src=\"https:\/\/www.sgb-fss.ch\/content\/uploads\/2025\/03\/dsgs-01-a-gehorlossein.mp4\" width=\"100%\"><\/video>\n        <\/div>\n    \n    <div class=\"inner-blocks\">\n        \n\n<div class=\"wp-block-group is-layout-constrained wp-block-group-is-layout-constrained\">\n<p class=\"is-style-lead\">Geh\u00f6rlose Menschen nehmen vieles um sich herum wahr und ihre visuelle Wahrnehmung ist umso mehr gesch\u00e4rft. Geh\u00f6rlosen Menschen ist bewusst, dass der Zugang zu ihnen f\u00fcr h\u00f6rende Menschen eine Barriere darstellen kann. Diese Barrieren m\u00f6chten wir \u00fcberwinden. <\/p>\n\n\n\n<figure class=\"wp-block-image size-large is-style-default\"><img loading=\"lazy\" decoding=\"async\" width=\"1024\" height=\"576\" src=\"https:\/\/www.sgb-fss.ch\/content\/uploads\/2023\/05\/kultur_gehoerlose-scaled-e1684155012474-1024x576.jpg\" alt=\"\" class=\"wp-image-17027\" srcset=\"https:\/\/www.sgb-fss.ch\/content\/uploads\/2023\/05\/kultur_gehoerlose-scaled-e1684155012474-1024x576.jpg 1024w, https:\/\/www.sgb-fss.ch\/content\/uploads\/2023\/05\/kultur_gehoerlose-scaled-e1684155012474-300x169.jpg 300w, https:\/\/www.sgb-fss.ch\/content\/uploads\/2023\/05\/kultur_gehoerlose-scaled-e1684155012474-150x84.jpg 150w, https:\/\/www.sgb-fss.ch\/content\/uploads\/2023\/05\/kultur_gehoerlose-scaled-e1684155012474-768x432.jpg 768w, https:\/\/www.sgb-fss.ch\/content\/uploads\/2023\/05\/kultur_gehoerlose-scaled-e1684155012474-1536x863.jpg 1536w, https:\/\/www.sgb-fss.ch\/content\/uploads\/2023\/05\/kultur_gehoerlose-scaled-e1684155012474-2048x1151.jpg 2048w, https:\/\/www.sgb-fss.ch\/content\/uploads\/2023\/05\/kultur_gehoerlose-scaled-e1684155012474-178x100.jpg 178w, https:\/\/www.sgb-fss.ch\/content\/uploads\/2023\/05\/kultur_gehoerlose-scaled-e1684155012474-600x337.jpg 600w\" sizes=\"auto, (max-width: 1024px) 100vw, 1024px\" \/><\/figure>\n<\/div>\n\n\n    <\/div>\n<\/div>\n\n<div id=\"group-with-video-block_4e4802897227e6aef7480449dbb79a9f\" class=\"block group-with-video \" data-block=\"Gruppe mit Video\">\n            <div class=\"video-container\">\n            <video controls src=\"https:\/\/www.sgb-fss.ch\/content\/uploads\/2025\/03\/dsgs-01-b-hearmystory.mp4\" width=\"100%\"><\/video>\n        <\/div>\n    \n    <div class=\"inner-blocks\">\n        \n\n<div class=\"wp-block-group is-layout-constrained wp-block-group-is-layout-constrained\">\n<h2 class=\"wp-block-heading\"><strong>\u2039<strong>Hear my Story<\/strong>\u203a<\/strong><\/h2>\n\n\n\n<p class=\"is-style-default\">In der Schweiz leben rund 20\u2019000 bis 30&#8217;000 geh\u00f6rlose Menschen. Sie lernen lesen und schreiben. Sie fahren Auto, erlernen einen Beruf, arbeiten, gr\u00fcnden eine Familie, kaufen ein, buchen einen Urlaub, unterschreiben Mietvertr\u00e4ge und besuchen Museen. In 6 kurzen Videoportr\u00e4ts gibt <a href=\"https:\/\/www.sgb-fss.ch\/de\/aktuell\/6-gehoerlose-im-videoportraet\/\"><strong>\u2039Hear my Story\u203a<\/strong><\/a> einen Einblick in diese faszinierende Kultur der Geh\u00f6rlosen und blickt hinter die Kulissen ihres Alltags.<\/p>\n<\/div>\n\n\n    <\/div>\n<\/div>\n\n<div id=\"group-with-video-block_ab9610e0b457b7dd484b69d93f2c1542\" class=\"block group-with-video \" data-block=\"Gruppe mit Video\">\n            <div class=\"video-container\">\n            <video controls src=\"https:\/\/www.sgb-fss.ch\/content\/uploads\/2025\/03\/dsgs-01-c-kultur-gesellschaft.mp4\" width=\"100%\"><\/video>\n        <\/div>\n    \n    <div class=\"inner-blocks\">\n        \n\n<div class=\"wp-block-group is-layout-constrained wp-block-group-is-layout-constrained\">\n<h2 class=\"wp-block-heading\"><strong>Kultur und Gesellschaft<\/strong><\/h2>\n\n\n\n<p class=\"is-style-default\">Geh\u00f6rlose Menschen k\u00f6nnen von Geburt an geh\u00f6rlos sein oder werden mit einer anderen Form der H\u00f6rbehinderung geboren. Andere durchlaufen im Laufe ihres Lebens eine Krankheit oder haben einen Unfall, der ihr Geh\u00f6r teilweise oder ganz sch\u00e4digt. So wie bei H\u00f6renden haben alle ihr ganz eigene Geschichte.<\/p>\n\n\n\n<p class=\"is-style-default\">Wer geb\u00e4rdet, denkt in Bildern und spricht mit den H\u00e4nden sowie dem Einsatz von Mimik und Gestik. Zu sehen wie in der Geb\u00e4rdensprache Unterhaltungen stattfinden, wie der K\u00f6rper als Sprache benutzt wird und zu h\u00f6ren, ist f\u00fcr viele h\u00f6rende Menschen eine neue, zu Beginn auch ungewohnte Situation. <\/p>\n<\/div>\n\n\n    <\/div>\n<\/div>\n\n<div id=\"group-with-video-block_deeb78fe46a7897f68bc3da46e285612\" class=\"block group-with-video \" data-block=\"Gruppe mit Video\">\n            <div class=\"video-container\">\n            <video controls src=\"https:\/\/www.sgb-fss.ch\/content\/uploads\/2025\/03\/dsgs-01-d-zitat.mp4\" width=\"100%\"><\/video>\n        <\/div>\n    \n    <div class=\"inner-blocks\">\n        \n\n<div class=\"wp-block-group is-layout-flow wp-block-group-is-layout-flow\">\n<blockquote class=\"wp-block-quote is-layout-flow wp-block-quote-is-layout-flow\">\n<p>Barrierefreie Zug\u00e4nge erm\u00f6glichen eine gleichberechtigte Teilhabe aller Menschen am gesellschaftlichen Leben.<\/p>\n<cite>Gian Reto Janki, Gesellschaftliche Partizipation<\/cite><\/blockquote>\n<\/div>\n\n\n    <\/div>\n<\/div>\n\n<div id=\"group-with-video-block_43931aac4caa77814bcf7ed57047c338\" class=\"block group-with-video \" data-block=\"Gruppe mit Video\">\n            <div class=\"video-container\">\n            <video controls src=\"https:\/\/www.sgb-fss.ch\/content\/uploads\/2025\/03\/dsgs-01-e-teilhabe.mp4\" width=\"100%\"><\/video>\n        <\/div>\n    \n    <div class=\"inner-blocks\">\n        \n\n<div class=\"wp-block-group is-layout-constrained wp-block-group-is-layout-constrained\">\n<h2 class=\"wp-block-heading\"><strong>Teilhabe und Chancengleichheit<\/strong><\/h2>\n\n\n\n<p>Geh\u00f6rlose Menschen leben eine offene und herzliche Kultur. Sie haben keine Angst vor dem Kontakt mit der Welt der H\u00f6renden. Die Stille, die f\u00fcr H\u00f6rende oft schwer zu ertragen ist, ist f\u00fcr geh\u00f6rlose Menschen eine Realit\u00e4t und stellt keinen Nachteil dar. Die Geb\u00e4rdensprache ist ihre Muttersprache.<\/p>\n<\/div>\n\n\n    <\/div>\n<\/div>\n\n<div id=\"group-with-video-block_a2e4666bdc95619f47c181998e64b359\" class=\"block group-with-video \" data-block=\"Gruppe mit Video\">\n            <div class=\"video-container\">\n            <video controls src=\"https:\/\/www.sgb-fss.ch\/content\/uploads\/2025\/03\/dsgs-01-f-gemeinsam-stark.mp4\" width=\"100%\"><\/video>\n        <\/div>\n    \n    <div class=\"inner-blocks\">\n        \n\n<div class=\"wp-block-group is-layout-constrained wp-block-group-is-layout-constrained\">\n<h2 class=\"wp-block-heading\"><strong>Gemeinsam stark!<\/strong><\/h2>\n\n\n\n<p>Geh\u00f6rlose Menschen stossen sie in ihrem t\u00e4glichen Leben immer wieder auf Hindernisse. Gemeinsam mit der \u2039h\u00f6renden\u203a Gesellschaft arbeiten wir daran, diese Barrieren zu beseitigen, damit geh\u00f6rlose Menschen gleichberechtigt am gesellschaftlichen Leben teilnehmen k\u00f6nnen.<\/p>\n<\/div>\n\n\n    <\/div>\n<\/div>\n\n<div id=\"group-with-video-block_0add480b878e844949fa6ca3aa47e0d3\" class=\"block group-with-video \" data-block=\"Gruppe mit Video\">\n    \n    <div class=\"inner-blocks\">\n        \n\n<div class=\"wp-block-group is-layout-constrained wp-block-group-is-layout-constrained\"><div class=\"block block-teasercontacts block-teasercontacts--boxed\" id=\"block_57614bcff24c4f039fe313929189359a\" data-block=\"Teaser Contacts\">\n    <div class=\"block-teasercontacts__header\"><p class=\"block-teasercontacts__title\">Fragen zum Thema \u2039Geh\u00f6rlos sein\u203a? Ich freue mich auf deine Nachricht.<\/p><\/div>    <div class=\"block-teasercontacts__list\">\n                                        <div class=\"block-teasercontacts__item\">\n                <div class=\"block-teasercontacts__link\">\n                    <div class=\"block-teasercontacts__media\">\n                        <div class=\"block-teasercontacts__thumbnail accent__blue has-background-accent\">\n                                                              <div class=\"image block-teasercontacts__thumbnail-image\" >\n    <img decoding=\"async\"\n      loading=\"lazy\"\n      class=\"image__object lazyload\"\n      src=\"https:\/\/www.sgb-fss.ch\/content\/uploads\/2021\/06\/melanie-spiller-1440x0-c-default.jpg\"       data-sizes=\"auto\"\n      data-srcset=\"https:\/\/www.sgb-fss.ch\/content\/uploads\/2021\/06\/melanie-spiller-200x0-c-default.jpg 200w, https:\/\/www.sgb-fss.ch\/content\/uploads\/2021\/06\/melanie-spiller-100x0-c-default.jpg 100w, \"\n      alt=\"\"\n      width=\"567\"\n      height=\"567\"\n            >\n  <\/div>\n                                                    <\/div>\n                    <\/div>\n                    <div class=\"block-teasercontacts__text\">\n                        <p class=\"block-teasercontacts__name\"><strong><a href=\"https:\/\/www.sgb-fss.ch\/de\/team\/melanie-spiller-reimann\/\">Melanie Spiller-Reimann<\/a><\/strong><\/p>\n                        <p class=\"block-teasercontacts__lead\">Kurse und Familie\/Bildung<\/p>                    <\/div>\n                    <div class=\"block-teasercontacts__contacts\">\n                                                    <p>\n                                                                <a class=\"wp-block-button is-style-transparent\" href=\"mailto:m.spiller@sgb-fss.ch\"><span class=\"wp-block-button__link\"><i class=\"icon icon--mail\"><svg data-name=\"Ebene 1\" xmlns=\"http:\/\/www.w3.org\/2000\/svg\" viewBox=\"0 0 24 24\"><path d=\"M20.76 2.31H3.24A3.12 3.12 0 0 0 .12 5.43v13.14a3.12 3.12 0 0 0 3.12 3.12h17.52a3.12 3.12 0 0 0 3.12-3.12V5.43a3.12 3.12 0 0 0-3.12-3.12zM2.09 5a1.27 1.27 0 0 1 1.15-.78h17.52a1.24 1.24 0 0 1 1.11.74l.05.09-.09.06L12 12l-.07-.05-9.87-6.9zM22 18.57a1.26 1.26 0 0 1-1.26 1.27H3.24A1.27 1.27 0 0 1 2 18.57V7.21l9.5 6.69a.89.89 0 0 0 1 0L22 7.25z\"\/><\/svg><\/i><span class=\"wp-block-button__label\">m.spiller@sgb-fss.ch<\/span><\/span><\/a>                                                            <\/p>\n                                            <\/div>\n                <\/div>\n            <\/div>\n                    <\/div>\n<\/div>\n<\/div>\n\n\n    <\/div>\n<\/div>\n\n\n<div class=\"wp-block-group has-schwarz-25-background-color has-background is-layout-constrained wp-block-group-is-layout-constrained\"><div class=\"block block-teaserpages\" id=\"block_4e6f82bb21e2a9e3d7c0943680ac863c\" data-block=\"Teaser Pages\">\n  <ul class=\"block-teaserpages__list\">\n            <li class=\"block-teaserpages__item\">\n        <a class=\"accent teaserpage\" href=\"https:\/\/www.sgb-fss.ch\/de\/downloads\/\">\n  <div class=\"teaserpage__thumbnail\">\n            <div class=\"image teaserpage__thumbnail-image\" >\n    <img decoding=\"async\"\n      loading=\"lazy\"\n      class=\"image__object lazyload\"\n      src=\"https:\/\/www.sgb-fss.ch\/content\/uploads\/2024\/01\/downloads-d-1440x0-c-default.jpg\"       data-sizes=\"auto\"\n      data-srcset=\"https:\/\/www.sgb-fss.ch\/content\/uploads\/2024\/01\/downloads-d-1000x0-c-default.jpg 1000w, https:\/\/www.sgb-fss.ch\/content\/uploads\/2024\/01\/downloads-d-700x0-c-default.jpg 700w, https:\/\/www.sgb-fss.ch\/content\/uploads\/2024\/01\/downloads-d-350x0-c-default.jpg 350w, \"\n      alt=\"\"\n      width=\"1890\"\n      height=\"1063\"\n            >\n  <\/div>\n      <\/div>\n  <h3 class=\"teaserpage__title\">Downloads<\/h3>\n  <p class=\"teaserpage__lead\">Hier findest du alle Daten zu dieser Seite sowie allen anderen Bereichen zum Herunterladen.<\/p>  <\/a>\n      <\/li>\n    <\/ul>\n<\/div>\n<\/div>\n","protected":false},"excerpt":{"rendered":"","protected":false},"author":20,"featured_media":17027,"parent":9033,"menu_order":1,"comment_status":"closed","ping_status":"closed","template":"","meta":{"_acf_changed":false,"inline_featured_image":false,"footnotes":""},"class_list":["post-9177","page","type-page","status-publish","has-post-thumbnail","hentry"],"acf":[],"yoast_head":"<!-- This site is optimized with the Yoast SEO plugin v27.4 - https:\/\/yoast.com\/product\/yoast-seo-wordpress\/ -->\n<title>Geh\u00f6rlos sein - SGB-FSS<\/title>\n<meta name=\"robots\" content=\"index, follow, max-snippet:-1, max-image-preview:large, max-video-preview:-1\" \/>\n<link rel=\"canonical\" href=\"https:\/\/www.sgb-fss.ch\/de\/gebaerdensprachen\/gehoerlos-sein\/\" \/>\n<meta property=\"og:locale\" content=\"de_DE\" \/>\n<meta property=\"og:type\" content=\"article\" \/>\n<meta property=\"og:title\" content=\"Geh\u00f6rlos sein - SGB-FSS\" \/>\n<meta property=\"og:url\" content=\"https:\/\/www.sgb-fss.ch\/de\/gebaerdensprachen\/gehoerlos-sein\/\" \/>\n<meta property=\"og:site_name\" content=\"SGB-FSS\" \/>\n<meta property=\"article:modified_time\" content=\"2025-05-20T08:02:28+00:00\" \/>\n<meta property=\"og:image\" content=\"https:\/\/www.sgb-fss.ch\/content\/uploads\/2023\/05\/kultur_gehoerlose-scaled-e1684155012474.jpg\" \/>\n\t<meta property=\"og:image:width\" content=\"2368\" \/>\n\t<meta property=\"og:image:height\" content=\"1331\" \/>\n\t<meta property=\"og:image:type\" content=\"image\/jpeg\" \/>\n<meta name=\"twitter:card\" content=\"summary_large_image\" \/>\n<meta name=\"twitter:label1\" content=\"Gesch\u00e4tzte Lesezeit\" \/>\n\t<meta name=\"twitter:data1\" content=\"2\u00a0Minuten\" \/>\n<script type=\"application\/ld+json\" class=\"yoast-schema-graph\">{\"@context\":\"https:\\\/\\\/schema.org\",\"@graph\":[{\"@type\":\"WebPage\",\"@id\":\"https:\\\/\\\/www.sgb-fss.ch\\\/de\\\/gebaerdensprachen\\\/gehoerlos-sein\\\/\",\"url\":\"https:\\\/\\\/www.sgb-fss.ch\\\/de\\\/gebaerdensprachen\\\/gehoerlos-sein\\\/\",\"name\":\"Geh\u00f6rlos sein - SGB-FSS\",\"isPartOf\":{\"@id\":\"https:\\\/\\\/www.sgb-fss.ch\\\/de\\\/#website\"},\"primaryImageOfPage\":{\"@id\":\"https:\\\/\\\/www.sgb-fss.ch\\\/de\\\/gebaerdensprachen\\\/gehoerlos-sein\\\/#primaryimage\"},\"image\":{\"@id\":\"https:\\\/\\\/www.sgb-fss.ch\\\/de\\\/gebaerdensprachen\\\/gehoerlos-sein\\\/#primaryimage\"},\"thumbnailUrl\":\"https:\\\/\\\/www.sgb-fss.ch\\\/content\\\/uploads\\\/2023\\\/05\\\/kultur_gehoerlose-scaled-e1684155012474.jpg\",\"datePublished\":\"2022-10-21T08:22:30+00:00\",\"dateModified\":\"2025-05-20T08:02:28+00:00\",\"breadcrumb\":{\"@id\":\"https:\\\/\\\/www.sgb-fss.ch\\\/de\\\/gebaerdensprachen\\\/gehoerlos-sein\\\/#breadcrumb\"},\"inLanguage\":\"de\",\"potentialAction\":[{\"@type\":\"ReadAction\",\"target\":[\"https:\\\/\\\/www.sgb-fss.ch\\\/de\\\/gebaerdensprachen\\\/gehoerlos-sein\\\/\"]}]},{\"@type\":\"ImageObject\",\"inLanguage\":\"de\",\"@id\":\"https:\\\/\\\/www.sgb-fss.ch\\\/de\\\/gebaerdensprachen\\\/gehoerlos-sein\\\/#primaryimage\",\"url\":\"https:\\\/\\\/www.sgb-fss.ch\\\/content\\\/uploads\\\/2023\\\/05\\\/kultur_gehoerlose-scaled-e1684155012474.jpg\",\"contentUrl\":\"https:\\\/\\\/www.sgb-fss.ch\\\/content\\\/uploads\\\/2023\\\/05\\\/kultur_gehoerlose-scaled-e1684155012474.jpg\",\"width\":2368,\"height\":1331,\"caption\":\"Three Caucasian boys in t-shirts and shorts standing outdoors on side walk and conversing. Part of lifestyle series depicting deaf family and friends.\"},{\"@type\":\"BreadcrumbList\",\"@id\":\"https:\\\/\\\/www.sgb-fss.ch\\\/de\\\/gebaerdensprachen\\\/gehoerlos-sein\\\/#breadcrumb\",\"itemListElement\":[{\"@type\":\"ListItem\",\"position\":1,\"name\":\"Home\",\"item\":\"https:\\\/\\\/www.sgb-fss.ch\\\/de\\\/\"},{\"@type\":\"ListItem\",\"position\":2,\"name\":\"Geb\u00e4rdensprachen\",\"item\":\"https:\\\/\\\/www.sgb-fss.ch\\\/de\\\/gebaerdensprachen\\\/\"},{\"@type\":\"ListItem\",\"position\":3,\"name\":\"Geh\u00f6rlos sein\"}]},{\"@type\":\"WebSite\",\"@id\":\"https:\\\/\\\/www.sgb-fss.ch\\\/de\\\/#website\",\"url\":\"https:\\\/\\\/www.sgb-fss.ch\\\/de\\\/\",\"name\":\"SGB-FSS\",\"description\":\"\",\"potentialAction\":[{\"@type\":\"SearchAction\",\"target\":{\"@type\":\"EntryPoint\",\"urlTemplate\":\"https:\\\/\\\/www.sgb-fss.ch\\\/de\\\/?s={search_term_string}\"},\"query-input\":{\"@type\":\"PropertyValueSpecification\",\"valueRequired\":true,\"valueName\":\"search_term_string\"}}],\"inLanguage\":\"de\"}]}<\/script>\n<!-- \/ Yoast SEO plugin. -->","yoast_head_json":{"title":"Geh\u00f6rlos sein - SGB-FSS","robots":{"index":"index","follow":"follow","max-snippet":"max-snippet:-1","max-image-preview":"max-image-preview:large","max-video-preview":"max-video-preview:-1"},"canonical":"https:\/\/www.sgb-fss.ch\/de\/gebaerdensprachen\/gehoerlos-sein\/","og_locale":"de_DE","og_type":"article","og_title":"Geh\u00f6rlos sein - SGB-FSS","og_url":"https:\/\/www.sgb-fss.ch\/de\/gebaerdensprachen\/gehoerlos-sein\/","og_site_name":"SGB-FSS","article_modified_time":"2025-05-20T08:02:28+00:00","og_image":[{"width":2368,"height":1331,"url":"https:\/\/www.sgb-fss.ch\/content\/uploads\/2023\/05\/kultur_gehoerlose-scaled-e1684155012474.jpg","type":"image\/jpeg"}],"twitter_card":"summary_large_image","twitter_misc":{"Gesch\u00e4tzte Lesezeit":"2\u00a0Minuten"},"schema":{"@context":"https:\/\/schema.org","@graph":[{"@type":"WebPage","@id":"https:\/\/www.sgb-fss.ch\/de\/gebaerdensprachen\/gehoerlos-sein\/","url":"https:\/\/www.sgb-fss.ch\/de\/gebaerdensprachen\/gehoerlos-sein\/","name":"Geh\u00f6rlos sein - SGB-FSS","isPartOf":{"@id":"https:\/\/www.sgb-fss.ch\/de\/#website"},"primaryImageOfPage":{"@id":"https:\/\/www.sgb-fss.ch\/de\/gebaerdensprachen\/gehoerlos-sein\/#primaryimage"},"image":{"@id":"https:\/\/www.sgb-fss.ch\/de\/gebaerdensprachen\/gehoerlos-sein\/#primaryimage"},"thumbnailUrl":"https:\/\/www.sgb-fss.ch\/content\/uploads\/2023\/05\/kultur_gehoerlose-scaled-e1684155012474.jpg","datePublished":"2022-10-21T08:22:30+00:00","dateModified":"2025-05-20T08:02:28+00:00","breadcrumb":{"@id":"https:\/\/www.sgb-fss.ch\/de\/gebaerdensprachen\/gehoerlos-sein\/#breadcrumb"},"inLanguage":"de","potentialAction":[{"@type":"ReadAction","target":["https:\/\/www.sgb-fss.ch\/de\/gebaerdensprachen\/gehoerlos-sein\/"]}]},{"@type":"ImageObject","inLanguage":"de","@id":"https:\/\/www.sgb-fss.ch\/de\/gebaerdensprachen\/gehoerlos-sein\/#primaryimage","url":"https:\/\/www.sgb-fss.ch\/content\/uploads\/2023\/05\/kultur_gehoerlose-scaled-e1684155012474.jpg","contentUrl":"https:\/\/www.sgb-fss.ch\/content\/uploads\/2023\/05\/kultur_gehoerlose-scaled-e1684155012474.jpg","width":2368,"height":1331,"caption":"Three Caucasian boys in t-shirts and shorts standing outdoors on side walk and conversing. Part of lifestyle series depicting deaf family and friends."},{"@type":"BreadcrumbList","@id":"https:\/\/www.sgb-fss.ch\/de\/gebaerdensprachen\/gehoerlos-sein\/#breadcrumb","itemListElement":[{"@type":"ListItem","position":1,"name":"Home","item":"https:\/\/www.sgb-fss.ch\/de\/"},{"@type":"ListItem","position":2,"name":"Geb\u00e4rdensprachen","item":"https:\/\/www.sgb-fss.ch\/de\/gebaerdensprachen\/"},{"@type":"ListItem","position":3,"name":"Geh\u00f6rlos sein"}]},{"@type":"WebSite","@id":"https:\/\/www.sgb-fss.ch\/de\/#website","url":"https:\/\/www.sgb-fss.ch\/de\/","name":"SGB-FSS","description":"","potentialAction":[{"@type":"SearchAction","target":{"@type":"EntryPoint","urlTemplate":"https:\/\/www.sgb-fss.ch\/de\/?s={search_term_string}"},"query-input":{"@type":"PropertyValueSpecification","valueRequired":true,"valueName":"search_term_string"}}],"inLanguage":"de"}]}},"_links":{"self":[{"href":"https:\/\/www.sgb-fss.ch\/de\/wp-json\/wp\/v2\/pages\/9177","targetHints":{"allow":["GET"]}}],"collection":[{"href":"https:\/\/www.sgb-fss.ch\/de\/wp-json\/wp\/v2\/pages"}],"about":[{"href":"https:\/\/www.sgb-fss.ch\/de\/wp-json\/wp\/v2\/types\/page"}],"author":[{"embeddable":true,"href":"https:\/\/www.sgb-fss.ch\/de\/wp-json\/wp\/v2\/users\/20"}],"replies":[{"embeddable":true,"href":"https:\/\/www.sgb-fss.ch\/de\/wp-json\/wp\/v2\/comments?post=9177"}],"version-history":[{"count":212,"href":"https:\/\/www.sgb-fss.ch\/de\/wp-json\/wp\/v2\/pages\/9177\/revisions"}],"predecessor-version":[{"id":38538,"href":"https:\/\/www.sgb-fss.ch\/de\/wp-json\/wp\/v2\/pages\/9177\/revisions\/38538"}],"up":[{"embeddable":true,"href":"https:\/\/www.sgb-fss.ch\/de\/wp-json\/wp\/v2\/pages\/9033"}],"wp:featuredmedia":[{"embeddable":true,"href":"https:\/\/www.sgb-fss.ch\/de\/wp-json\/wp\/v2\/media\/17027"}],"wp:attachment":[{"href":"https:\/\/www.sgb-fss.ch\/de\/wp-json\/wp\/v2\/media?parent=9177"}],"curies":[{"name":"wp","href":"https:\/\/api.w.org\/{rel}","templated":true}]}}