{"id":9175,"date":"2022-10-21T10:21:47","date_gmt":"2022-10-21T08:21:47","guid":{"rendered":"https:\/\/www.sgb-fss.ch\/?page_id=9175"},"modified":"2025-07-17T09:10:46","modified_gmt":"2025-07-17T07:10:46","slug":"politisches-empowerment","status":"publish","type":"page","link":"https:\/\/www.sgb-fss.ch\/de\/bereiche\/politische-arbeit\/politisches-empowerment\/","title":{"rendered":"Politisches Empowerment"},"content":{"rendered":"\n<div class=\"wp-block-columns is-layout-flex wp-container-core-columns-is-layout-9d6595d7 wp-block-columns-is-layout-flex\">\n<div class=\"wp-block-column is-layout-flow wp-block-column-is-layout-flow\">\n<p class=\"is-style-lead\">Geh\u00f6rlose und h\u00f6rbehinderte Menschen m\u00fcssen sich politisch engagieren, damit ein Abbau der Barrieren erfolgen kann. Nur durch ihr Engagement kann eine Ver\u00e4nderung auf politischer Ebene in der Schweiz erfolgen.<\/p>\n<\/div>\n<\/div>\n\n\n\n<figure class=\"wp-block-image size-large is-style-default\"><img loading=\"lazy\" decoding=\"async\" width=\"1024\" height=\"576\" src=\"https:\/\/www.sgb-fss.ch\/content\/uploads\/2025\/01\/2403_politikerinnen_treffen-06956_crop-edited-1024x576.jpg\" alt=\"geh\u00f6rlose und h\u00f6rbehinderte Personen im Bundeshaus\" class=\"wp-image-36838\" srcset=\"https:\/\/www.sgb-fss.ch\/content\/uploads\/2025\/01\/2403_politikerinnen_treffen-06956_crop-edited-1024x576.jpg 1024w, https:\/\/www.sgb-fss.ch\/content\/uploads\/2025\/01\/2403_politikerinnen_treffen-06956_crop-edited-300x169.jpg 300w, https:\/\/www.sgb-fss.ch\/content\/uploads\/2025\/01\/2403_politikerinnen_treffen-06956_crop-edited-150x84.jpg 150w, https:\/\/www.sgb-fss.ch\/content\/uploads\/2025\/01\/2403_politikerinnen_treffen-06956_crop-edited-768x432.jpg 768w, https:\/\/www.sgb-fss.ch\/content\/uploads\/2025\/01\/2403_politikerinnen_treffen-06956_crop-edited-1536x864.jpg 1536w, https:\/\/www.sgb-fss.ch\/content\/uploads\/2025\/01\/2403_politikerinnen_treffen-06956_crop-edited-2048x1152.jpg 2048w, https:\/\/www.sgb-fss.ch\/content\/uploads\/2025\/01\/2403_politikerinnen_treffen-06956_crop-edited-178x100.jpg 178w\" sizes=\"auto, (max-width: 1024px) 100vw, 1024px\" \/><\/figure>\n\n\n\n<h2 class=\"wp-block-heading\"><strong>Gleichstellung<\/strong> durch politische Partizipation<\/h2>\n\n\n\n<p>Damit geh\u00f6rlose und h\u00f6rbehinderte Menschen sich aktiv an politischen und gesellschaftlichen Debatten beteiligen k\u00f6nnen, muss ihr politisches Engagement gest\u00e4rkt werden. Nur durch das eigene politische Engagement k\u00f6nnen die politischen und gesellschaftlichen Bedingungen ver\u00e4ndert werden.<\/p>\n\n\n\n<p>Dieses politische Engagement unterst\u00fctzt der Schweizerische Geh\u00f6rlosenbund in Zusammenarbeit mit dem Eidgen\u00f6ssischen B\u00fcro f\u00fcr Gleichstellung von Menschen mit Behinderung (EBGB) und der Max Bircher Stiftung durch verschiedene Angebote.<\/p>\n\n\n\n<h2 class=\"wp-block-heading\">Politische Community<\/h2>\n\n\n\n<p class=\"is-style-default\">Du m\u00f6chtest einer politischen Gruppe beitreten oder in deinem Kanton eine gr\u00fcnden? Du hast Lust, dich mit anderen Interessierten \u00fcber politische Themen auszutauschen und Ideen gemeinsam umzusetzen? Dann vernetze dich mit unserer Community.<\/p>\n\n\n<div class=\"wp-block-shortcode\">\n  \n<div id=\"mapsvg-11\" data-id=\"11\" class=\"mapsvg\" data-autoload=\"true\" data-load-db=\"true\" data-loading-text=\"Loading map...\" style=\"width: 100%; height: 0; padding-bottom: 64.08%\"><\/div>\n\n<\/div>\n\n\n\n<p><strong>Gemeinsam stark!<br><\/strong>Ob in einem politischen Seminar oder \u00fcber unsere Community Platform, du findest sicher den richtigen Ort, um deine politischen Anliegen einzubringen, dich mit Interessierten auszutauschen und neue Ideen umzusetzen. Gemeinsam erreichen wir eine breite \u00d6ffentlichkeit, um unsere Gesellschaft partizipativ und barrierefrei f\u00fcr alle zug\u00e4nglich zu machen. Melde dich bei uns, wir beantworten dir gerne alle Fragen.<\/p>\n\n\n\n<h2 class=\"wp-block-heading\">Bleibe \u00fcber politische Neuigkeiten informiert<\/h2>\n\n\n\n<div class=\"wp-block-group is-layout-constrained wp-block-group-is-layout-constrained\">\n<div class=\"wp-block-columns is-layout-flex wp-container-core-columns-is-layout-9d6595d7 wp-block-columns-is-layout-flex\">\n<div class=\"wp-block-column has-sgb-fss-rot-50-background-color has-background is-layout-flow wp-block-column-is-layout-flow\">\n<p class=\"has-text-align-center\"><strong>Politischer Newsletter<br><\/strong>M\u00f6chtest du stets auf dem Laufenden sein und informiert bleiben? <\/p>\n\n\n\n<div class=\"wp-block-buttons is-content-justification-center is-layout-flex wp-container-core-buttons-is-layout-16018d1d wp-block-buttons-is-layout-flex\">\n<div class=\"wp-block-button\"><a class=\"wp-block-button__link has-sgb-fss-rot-background-color has-background wp-element-button\" href=\"https:\/\/www.sgb-fss.ch\/de\/aktuell\/newsletter\/\"><strong>Newsletter abonnieren <\/strong><\/a><\/div>\n<\/div>\n<\/div>\n\n\n\n<div class=\"wp-block-column has-sgb-fss-blue-30-background-color has-background is-layout-flow wp-block-column-is-layout-flow\">\n<p class=\"has-text-align-center\"><strong>Politische Veranstaltungen<br><\/strong>M\u00f6chtest du dich aktiv am politischen Geschehen beteiligen? <\/p>\n\n\n\n<div class=\"wp-block-buttons is-content-justification-center is-layout-flex wp-container-core-buttons-is-layout-16018d1d wp-block-buttons-is-layout-flex\">\n<div class=\"wp-block-button\"><a class=\"wp-block-button__link has-sgb-fss-rot-background-color has-background wp-element-button\" href=\"https:\/\/www.sgb-fss.ch\/de\/aktuell\/veranstaltungen\/politische-veranstaltungen\/\"><strong>Zur \u00dcbersicht<\/strong><\/a><\/div>\n<\/div>\n<\/div>\n<\/div>\n<\/div>\n\n\n\n<h2 class=\"wp-block-heading\">Weitere Services<\/h2>\n\n\n\n<p><strong>Politische Stammtische:<\/strong> Wir treffen uns regelm\u00e4ssig und sprechen \u00fcber regionale politische Themen.<\/p>\n\n\n\n<p><strong>Beratung und Begleitung bei politischem Engagement: <\/strong>Wir beraten geh\u00f6rlose Personen bei ihrem ehrenamtlichen politischen Engagement.<\/p>\n\n\n\n<p><strong>Politische Bildung: <\/strong>Wir f\u00fchren Seminare und Informationsveranstaltungen zu politischen Themen durch wie Z.B. zum Thema Politisches System der Schweiz oder politische Kommunikation.<\/p>\n\n\n\n<div class=\"wp-block-buttons is-layout-flex wp-block-buttons-is-layout-flex\">\n<div class=\"wp-block-button\"><a class=\"wp-block-button__link wp-element-button\" href=\"#kontakt\">Jetzt kontaktieren<\/a><\/div>\n<\/div>\n\n\n\n<blockquote class=\"wp-block-quote is-layout-flow wp-block-quote-is-layout-flow\">\n<p>Politische Partizipation st\u00e4rkt die Demokratie und f\u00f6rdert den Dialog auf Augenh\u00f6he. Wenn Barrieren abgebaut werden, profitieren alle von einer gerechteren Gesellschaft.<\/p>\n<cite>Fernanda Hintz, Public Affairs<\/cite><\/blockquote>\n\n\n\n<h2 class=\"wp-block-heading\">Deafs for Politics<\/h2>\n\n\n\n<p>Geh\u00f6rlose und h\u00f6rbehinderte Menschen sollen in der Politik sichtbar und aktiv vertreten sein. Die Bewegung <strong>Deafs for Politics<\/strong> setzt sich daf\u00fcr ein, politische Teilhabe zu st\u00e4rken und Barrieren abzubauen. Folge der Bewegung auf <a href=\"https:\/\/www.linkedin.com\/feed\/hashtag\/?keywords=deafsforpolitics\">LinkedIn<\/a> und unterst\u00fctze den Einsatz f\u00fcr eine inklusive Politik.<\/p>\n\n\n\n<figure class=\"wp-block-embed is-type-video is-provider-vimeo wp-block-embed-vimeo wp-embed-aspect-16-9 wp-has-aspect-ratio\"><div class=\"wp-block-embed__wrapper\">\n<iframe loading=\"lazy\" title=\"Politisches Empowerment - Deafs for Politics\" src=\"https:\/\/player.vimeo.com\/video\/1051484988?dnt=1&amp;app_id=122963\" width=\"500\" height=\"281\" frameborder=\"0\" allow=\"autoplay; fullscreen; picture-in-picture; clipboard-write; encrypted-media; web-share\"><\/iframe>\n<\/div><\/figure>\n\n\n<div class=\"block block-teasercontacts block-teasercontacts--boxed\" id=\"kontakt\" data-block=\"Teaser Contacts\">\n    <div class=\"block-teasercontacts__header\"><p class=\"block-teasercontacts__title\">Fragen zum politischen Empowerment? Ich freue mich auf deine Nachricht.<\/p><\/div>    <div class=\"block-teasercontacts__list\">\n                                        <div class=\"block-teasercontacts__item\">\n                <div class=\"block-teasercontacts__link\">\n                    <div class=\"block-teasercontacts__media\">\n                        <div class=\"block-teasercontacts__thumbnail accent__violet has-background-accent\">\n                                                              <div class=\"image block-teasercontacts__thumbnail-image\" >\n    <img decoding=\"async\"\n      loading=\"lazy\"\n      class=\"image__object lazyload\"\n      src=\"https:\/\/www.sgb-fss.ch\/content\/uploads\/2023\/02\/tanja-krebedunkel-1440x0-c-default.jpg\"       data-sizes=\"auto\"\n      data-srcset=\"https:\/\/www.sgb-fss.ch\/content\/uploads\/2023\/02\/tanja-krebedunkel-200x0-c-default.jpg 200w, https:\/\/www.sgb-fss.ch\/content\/uploads\/2023\/02\/tanja-krebedunkel-100x0-c-default.jpg 100w, \"\n      alt=\"\"\n      width=\"567\"\n      height=\"567\"\n            >\n  <\/div>\n                                                    <\/div>\n                    <\/div>\n                    <div class=\"block-teasercontacts__text\">\n                        <p class=\"block-teasercontacts__name\"><strong><a href=\"https:\/\/www.sgb-fss.ch\/de\/team\/tanja-krebeduenkel\/\">Tanja Krebed\u00fcnkel<\/a><\/strong><\/p>\n                        <p class=\"block-teasercontacts__lead\">Politisches Empowerment<\/p>                    <\/div>\n                    <div class=\"block-teasercontacts__contacts\">\n                                                    <p>\n                                                                <a class=\"wp-block-button is-style-transparent\" href=\"mailto:t.krebeduenkel@sgb-fss.ch\"><span class=\"wp-block-button__link\"><i class=\"icon icon--mail\"><svg data-name=\"Ebene 1\" xmlns=\"http:\/\/www.w3.org\/2000\/svg\" viewBox=\"0 0 24 24\"><path d=\"M20.76 2.31H3.24A3.12 3.12 0 0 0 .12 5.43v13.14a3.12 3.12 0 0 0 3.12 3.12h17.52a3.12 3.12 0 0 0 3.12-3.12V5.43a3.12 3.12 0 0 0-3.12-3.12zM2.09 5a1.27 1.27 0 0 1 1.15-.78h17.52a1.24 1.24 0 0 1 1.11.74l.05.09-.09.06L12 12l-.07-.05-9.87-6.9zM22 18.57a1.26 1.26 0 0 1-1.26 1.27H3.24A1.27 1.27 0 0 1 2 18.57V7.21l9.5 6.69a.89.89 0 0 0 1 0L22 7.25z\"\/><\/svg><\/i><span class=\"wp-block-button__label\">t.krebeduenkel@sgb-fss.ch<\/span><\/span><\/a>                                                            <\/p>\n                                            <\/div>\n                <\/div>\n            <\/div>\n                    <\/div>\n<\/div>\n\n\n\n<figure class=\"wp-block-image aligncenter size-full\"><a href=\"https:\/\/www.edi.admin.ch\/edi\/de\/home\/fachstellen\/ebgb.html\" target=\"_blank\" rel=\"noreferrer noopener\"><img loading=\"lazy\" decoding=\"async\" width=\"393\" height=\"150\" src=\"https:\/\/www.sgb-fss.ch\/content\/uploads\/2023\/07\/logo-egb.png\" alt=\"\" class=\"wp-image-22075\" srcset=\"https:\/\/www.sgb-fss.ch\/content\/uploads\/2023\/07\/logo-egb.png 393w, https:\/\/www.sgb-fss.ch\/content\/uploads\/2023\/07\/logo-egb-300x115.png 300w, https:\/\/www.sgb-fss.ch\/content\/uploads\/2023\/07\/logo-egb-150x57.png 150w, https:\/\/www.sgb-fss.ch\/content\/uploads\/2023\/07\/logo-egb-200x76.png 200w\" sizes=\"auto, (max-width: 393px) 100vw, 393px\" \/><\/a><\/figure>\n\n\n\n<h2 class=\"wp-block-heading\"><\/h2>\n\n\n\n<div class=\"wp-block-group has-schwarz-25-background-color has-background is-layout-constrained wp-block-group-is-layout-constrained\"><div class=\"block block-teaserpages\" id=\"block_7022aa602cd11a4fe40d228356e7e4de\" data-block=\"Teaser Pages\">\n  <ul class=\"block-teaserpages__list\">\n            <li class=\"block-teaserpages__item\">\n        <a class=\"accent teaserpage\" href=\"https:\/\/www.sgb-fss.ch\/de\/downloads\/\">\n  <div class=\"teaserpage__thumbnail\">\n            <div class=\"image teaserpage__thumbnail-image\" >\n    <img decoding=\"async\"\n      loading=\"lazy\"\n      class=\"image__object lazyload\"\n      src=\"https:\/\/www.sgb-fss.ch\/content\/uploads\/2024\/01\/downloads-d-1440x0-c-default.jpg\"       data-sizes=\"auto\"\n      data-srcset=\"https:\/\/www.sgb-fss.ch\/content\/uploads\/2024\/01\/downloads-d-1000x0-c-default.jpg 1000w, https:\/\/www.sgb-fss.ch\/content\/uploads\/2024\/01\/downloads-d-700x0-c-default.jpg 700w, https:\/\/www.sgb-fss.ch\/content\/uploads\/2024\/01\/downloads-d-350x0-c-default.jpg 350w, \"\n      alt=\"\"\n      width=\"1890\"\n      height=\"1063\"\n            >\n  <\/div>\n      <\/div>\n  <h3 class=\"teaserpage__title\">Downloads<\/h3>\n  <p class=\"teaserpage__lead\">Hier findest du alle Daten zu dieser Seite sowie allen anderen Bereichen zum Herunterladen.<\/p>  <\/a>\n      <\/li>\n    <\/ul>\n<\/div>\n<\/div>\n","protected":false},"excerpt":{"rendered":"<p>Geh\u00f6rlose und h\u00f6rbehinderte Menschen m\u00fcssen sich politisch engagieren, damit ein Abbau der Barrieren erfolgen [&hellip;]<\/p>\n","protected":false},"author":20,"featured_media":36838,"parent":22443,"menu_order":0,"comment_status":"closed","ping_status":"closed","template":"","meta":{"_acf_changed":false,"inline_featured_image":false,"footnotes":""},"class_list":["post-9175","page","type-page","status-publish","has-post-thumbnail","hentry"],"acf":[],"yoast_head":"<!-- This site is optimized with the Yoast SEO plugin v27.4 - https:\/\/yoast.com\/product\/yoast-seo-wordpress\/ -->\n<title>Politisches Empowerment - SGB-FSS<\/title>\n<meta name=\"robots\" content=\"index, follow, max-snippet:-1, max-image-preview:large, max-video-preview:-1\" \/>\n<link rel=\"canonical\" href=\"https:\/\/www.sgb-fss.ch\/de\/bereiche\/politische-arbeit\/politisches-empowerment\/\" \/>\n<meta property=\"og:locale\" content=\"de_DE\" \/>\n<meta property=\"og:type\" content=\"article\" \/>\n<meta property=\"og:title\" content=\"Politisches Empowerment - SGB-FSS\" \/>\n<meta property=\"og:description\" content=\"Geh\u00f6rlose und h\u00f6rbehinderte Menschen m\u00fcssen sich politisch engagieren, damit ein Abbau der Barrieren erfolgen [&hellip;]\" \/>\n<meta property=\"og:url\" content=\"https:\/\/www.sgb-fss.ch\/de\/bereiche\/politische-arbeit\/politisches-empowerment\/\" \/>\n<meta property=\"og:site_name\" content=\"SGB-FSS\" \/>\n<meta property=\"article:modified_time\" content=\"2025-07-17T07:10:46+00:00\" \/>\n<meta property=\"og:image\" content=\"https:\/\/www.sgb-fss.ch\/content\/uploads\/2025\/01\/2403_politikerinnen_treffen-06956_crop-edited-scaled.jpg\" \/>\n\t<meta property=\"og:image:width\" content=\"2560\" \/>\n\t<meta property=\"og:image:height\" content=\"1440\" \/>\n\t<meta property=\"og:image:type\" content=\"image\/jpeg\" \/>\n<meta name=\"twitter:card\" content=\"summary_large_image\" \/>\n<meta name=\"twitter:label1\" content=\"Gesch\u00e4tzte Lesezeit\" \/>\n\t<meta name=\"twitter:data1\" content=\"3\u00a0Minuten\" \/>\n<script type=\"application\/ld+json\" class=\"yoast-schema-graph\">{\"@context\":\"https:\\\/\\\/schema.org\",\"@graph\":[{\"@type\":\"WebPage\",\"@id\":\"https:\\\/\\\/www.sgb-fss.ch\\\/de\\\/bereiche\\\/politische-arbeit\\\/politisches-empowerment\\\/\",\"url\":\"https:\\\/\\\/www.sgb-fss.ch\\\/de\\\/bereiche\\\/politische-arbeit\\\/politisches-empowerment\\\/\",\"name\":\"Politisches Empowerment - SGB-FSS\",\"isPartOf\":{\"@id\":\"https:\\\/\\\/www.sgb-fss.ch\\\/de\\\/#website\"},\"primaryImageOfPage\":{\"@id\":\"https:\\\/\\\/www.sgb-fss.ch\\\/de\\\/bereiche\\\/politische-arbeit\\\/politisches-empowerment\\\/#primaryimage\"},\"image\":{\"@id\":\"https:\\\/\\\/www.sgb-fss.ch\\\/de\\\/bereiche\\\/politische-arbeit\\\/politisches-empowerment\\\/#primaryimage\"},\"thumbnailUrl\":\"https:\\\/\\\/www.sgb-fss.ch\\\/content\\\/uploads\\\/2025\\\/01\\\/2403_politikerinnen_treffen-06956_crop-edited-scaled.jpg\",\"datePublished\":\"2022-10-21T08:21:47+00:00\",\"dateModified\":\"2025-07-17T07:10:46+00:00\",\"breadcrumb\":{\"@id\":\"https:\\\/\\\/www.sgb-fss.ch\\\/de\\\/bereiche\\\/politische-arbeit\\\/politisches-empowerment\\\/#breadcrumb\"},\"inLanguage\":\"de\",\"potentialAction\":[{\"@type\":\"ReadAction\",\"target\":[\"https:\\\/\\\/www.sgb-fss.ch\\\/de\\\/bereiche\\\/politische-arbeit\\\/politisches-empowerment\\\/\"]}]},{\"@type\":\"ImageObject\",\"inLanguage\":\"de\",\"@id\":\"https:\\\/\\\/www.sgb-fss.ch\\\/de\\\/bereiche\\\/politische-arbeit\\\/politisches-empowerment\\\/#primaryimage\",\"url\":\"https:\\\/\\\/www.sgb-fss.ch\\\/content\\\/uploads\\\/2025\\\/01\\\/2403_politikerinnen_treffen-06956_crop-edited-scaled.jpg\",\"contentUrl\":\"https:\\\/\\\/www.sgb-fss.ch\\\/content\\\/uploads\\\/2025\\\/01\\\/2403_politikerinnen_treffen-06956_crop-edited-scaled.jpg\",\"width\":2560,\"height\":1440,\"caption\":\"geh\u00f6rlose und h\u00f6rbehinderte Personen im Bundeshaus\"},{\"@type\":\"BreadcrumbList\",\"@id\":\"https:\\\/\\\/www.sgb-fss.ch\\\/de\\\/bereiche\\\/politische-arbeit\\\/politisches-empowerment\\\/#breadcrumb\",\"itemListElement\":[{\"@type\":\"ListItem\",\"position\":1,\"name\":\"Home\",\"item\":\"https:\\\/\\\/www.sgb-fss.ch\\\/de\\\/\"},{\"@type\":\"ListItem\",\"position\":2,\"name\":\"Bereiche\",\"item\":\"https:\\\/\\\/www.sgb-fss.ch\\\/de\\\/bereiche\\\/\"},{\"@type\":\"ListItem\",\"position\":3,\"name\":\"Politische Arbeit\",\"item\":\"https:\\\/\\\/www.sgb-fss.ch\\\/de\\\/bereiche\\\/politische-arbeit\\\/\"},{\"@type\":\"ListItem\",\"position\":4,\"name\":\"Politisches Empowerment\"}]},{\"@type\":\"WebSite\",\"@id\":\"https:\\\/\\\/www.sgb-fss.ch\\\/de\\\/#website\",\"url\":\"https:\\\/\\\/www.sgb-fss.ch\\\/de\\\/\",\"name\":\"SGB-FSS\",\"description\":\"\",\"potentialAction\":[{\"@type\":\"SearchAction\",\"target\":{\"@type\":\"EntryPoint\",\"urlTemplate\":\"https:\\\/\\\/www.sgb-fss.ch\\\/de\\\/?s={search_term_string}\"},\"query-input\":{\"@type\":\"PropertyValueSpecification\",\"valueRequired\":true,\"valueName\":\"search_term_string\"}}],\"inLanguage\":\"de\"}]}<\/script>\n<!-- \/ Yoast SEO plugin. -->","yoast_head_json":{"title":"Politisches Empowerment - SGB-FSS","robots":{"index":"index","follow":"follow","max-snippet":"max-snippet:-1","max-image-preview":"max-image-preview:large","max-video-preview":"max-video-preview:-1"},"canonical":"https:\/\/www.sgb-fss.ch\/de\/bereiche\/politische-arbeit\/politisches-empowerment\/","og_locale":"de_DE","og_type":"article","og_title":"Politisches Empowerment - SGB-FSS","og_description":"Geh\u00f6rlose und h\u00f6rbehinderte Menschen m\u00fcssen sich politisch engagieren, damit ein Abbau der Barrieren erfolgen [&hellip;]","og_url":"https:\/\/www.sgb-fss.ch\/de\/bereiche\/politische-arbeit\/politisches-empowerment\/","og_site_name":"SGB-FSS","article_modified_time":"2025-07-17T07:10:46+00:00","og_image":[{"width":2560,"height":1440,"url":"https:\/\/www.sgb-fss.ch\/content\/uploads\/2025\/01\/2403_politikerinnen_treffen-06956_crop-edited-scaled.jpg","type":"image\/jpeg"}],"twitter_card":"summary_large_image","twitter_misc":{"Gesch\u00e4tzte Lesezeit":"3\u00a0Minuten"},"schema":{"@context":"https:\/\/schema.org","@graph":[{"@type":"WebPage","@id":"https:\/\/www.sgb-fss.ch\/de\/bereiche\/politische-arbeit\/politisches-empowerment\/","url":"https:\/\/www.sgb-fss.ch\/de\/bereiche\/politische-arbeit\/politisches-empowerment\/","name":"Politisches Empowerment - SGB-FSS","isPartOf":{"@id":"https:\/\/www.sgb-fss.ch\/de\/#website"},"primaryImageOfPage":{"@id":"https:\/\/www.sgb-fss.ch\/de\/bereiche\/politische-arbeit\/politisches-empowerment\/#primaryimage"},"image":{"@id":"https:\/\/www.sgb-fss.ch\/de\/bereiche\/politische-arbeit\/politisches-empowerment\/#primaryimage"},"thumbnailUrl":"https:\/\/www.sgb-fss.ch\/content\/uploads\/2025\/01\/2403_politikerinnen_treffen-06956_crop-edited-scaled.jpg","datePublished":"2022-10-21T08:21:47+00:00","dateModified":"2025-07-17T07:10:46+00:00","breadcrumb":{"@id":"https:\/\/www.sgb-fss.ch\/de\/bereiche\/politische-arbeit\/politisches-empowerment\/#breadcrumb"},"inLanguage":"de","potentialAction":[{"@type":"ReadAction","target":["https:\/\/www.sgb-fss.ch\/de\/bereiche\/politische-arbeit\/politisches-empowerment\/"]}]},{"@type":"ImageObject","inLanguage":"de","@id":"https:\/\/www.sgb-fss.ch\/de\/bereiche\/politische-arbeit\/politisches-empowerment\/#primaryimage","url":"https:\/\/www.sgb-fss.ch\/content\/uploads\/2025\/01\/2403_politikerinnen_treffen-06956_crop-edited-scaled.jpg","contentUrl":"https:\/\/www.sgb-fss.ch\/content\/uploads\/2025\/01\/2403_politikerinnen_treffen-06956_crop-edited-scaled.jpg","width":2560,"height":1440,"caption":"geh\u00f6rlose und h\u00f6rbehinderte Personen im Bundeshaus"},{"@type":"BreadcrumbList","@id":"https:\/\/www.sgb-fss.ch\/de\/bereiche\/politische-arbeit\/politisches-empowerment\/#breadcrumb","itemListElement":[{"@type":"ListItem","position":1,"name":"Home","item":"https:\/\/www.sgb-fss.ch\/de\/"},{"@type":"ListItem","position":2,"name":"Bereiche","item":"https:\/\/www.sgb-fss.ch\/de\/bereiche\/"},{"@type":"ListItem","position":3,"name":"Politische Arbeit","item":"https:\/\/www.sgb-fss.ch\/de\/bereiche\/politische-arbeit\/"},{"@type":"ListItem","position":4,"name":"Politisches Empowerment"}]},{"@type":"WebSite","@id":"https:\/\/www.sgb-fss.ch\/de\/#website","url":"https:\/\/www.sgb-fss.ch\/de\/","name":"SGB-FSS","description":"","potentialAction":[{"@type":"SearchAction","target":{"@type":"EntryPoint","urlTemplate":"https:\/\/www.sgb-fss.ch\/de\/?s={search_term_string}"},"query-input":{"@type":"PropertyValueSpecification","valueRequired":true,"valueName":"search_term_string"}}],"inLanguage":"de"}]}},"_links":{"self":[{"href":"https:\/\/www.sgb-fss.ch\/de\/wp-json\/wp\/v2\/pages\/9175","targetHints":{"allow":["GET"]}}],"collection":[{"href":"https:\/\/www.sgb-fss.ch\/de\/wp-json\/wp\/v2\/pages"}],"about":[{"href":"https:\/\/www.sgb-fss.ch\/de\/wp-json\/wp\/v2\/types\/page"}],"author":[{"embeddable":true,"href":"https:\/\/www.sgb-fss.ch\/de\/wp-json\/wp\/v2\/users\/20"}],"replies":[{"embeddable":true,"href":"https:\/\/www.sgb-fss.ch\/de\/wp-json\/wp\/v2\/comments?post=9175"}],"version-history":[{"count":135,"href":"https:\/\/www.sgb-fss.ch\/de\/wp-json\/wp\/v2\/pages\/9175\/revisions"}],"predecessor-version":[{"id":39499,"href":"https:\/\/www.sgb-fss.ch\/de\/wp-json\/wp\/v2\/pages\/9175\/revisions\/39499"}],"up":[{"embeddable":true,"href":"https:\/\/www.sgb-fss.ch\/de\/wp-json\/wp\/v2\/pages\/22443"}],"wp:featuredmedia":[{"embeddable":true,"href":"https:\/\/www.sgb-fss.ch\/de\/wp-json\/wp\/v2\/media\/36838"}],"wp:attachment":[{"href":"https:\/\/www.sgb-fss.ch\/de\/wp-json\/wp\/v2\/media?parent=9175"}],"curies":[{"name":"wp","href":"https:\/\/api.w.org\/{rel}","templated":true}]}}