{"id":9162,"date":"2022-10-21T10:17:30","date_gmt":"2022-10-21T08:17:30","guid":{"rendered":"https:\/\/www.sgb-fss.ch\/?page_id=9162"},"modified":"2025-01-08T11:33:03","modified_gmt":"2025-01-08T10:33:03","slug":"kulturelle-teilhabe","status":"publish","type":"page","link":"https:\/\/www.sgb-fss.ch\/de\/gebaerdensprachen\/kulturelle-teilhabe\/","title":{"rendered":"Kulturelle Teilhabe"},"content":{"rendered":"\n<div class=\"wp-block-columns is-layout-flex wp-container-core-columns-is-layout-9d6595d7 wp-block-columns-is-layout-flex\">\n<div class=\"wp-block-column is-layout-flow wp-block-column-is-layout-flow\">\n<p class=\"is-style-lead\">Geb\u00e4rdensprachen geh\u00f6ren zur Kultur der Geh\u00f6rlosen wie die verschiedenen Lautsprachen zur Kultur der h\u00f6renden Menschen geh\u00f6ren. Das Erlernen einer Geb\u00e4rdensprache steht allen offen, die Freude daran haben, die Welt auf eine andere Art zu erleben.<\/p>\n<\/div>\n<\/div>\n\n\n\n<figure class=\"wp-block-image size-large\"><img loading=\"lazy\" decoding=\"async\" width=\"1024\" height=\"576\" src=\"https:\/\/www.sgb-fss.ch\/content\/uploads\/2023\/05\/gebarde-d-f-1024x576.jpg\" alt=\"\" class=\"wp-image-16833\" srcset=\"https:\/\/www.sgb-fss.ch\/content\/uploads\/2023\/05\/gebarde-d-f-1024x576.jpg 1024w, https:\/\/www.sgb-fss.ch\/content\/uploads\/2023\/05\/gebarde-d-f-300x169.jpg 300w, https:\/\/www.sgb-fss.ch\/content\/uploads\/2023\/05\/gebarde-d-f-150x84.jpg 150w, https:\/\/www.sgb-fss.ch\/content\/uploads\/2023\/05\/gebarde-d-f-768x432.jpg 768w, https:\/\/www.sgb-fss.ch\/content\/uploads\/2023\/05\/gebarde-d-f-1536x864.jpg 1536w, https:\/\/www.sgb-fss.ch\/content\/uploads\/2023\/05\/gebarde-d-f-2048x1152.jpg 2048w, https:\/\/www.sgb-fss.ch\/content\/uploads\/2023\/05\/gebarde-d-f-178x100.jpg 178w, https:\/\/www.sgb-fss.ch\/content\/uploads\/2023\/05\/gebarde-d-f-600x338.jpg 600w\" sizes=\"auto, (max-width: 1024px) 100vw, 1024px\" \/><\/figure>\n\n\n\n<p><strong>Visuelle Sprache<\/strong><br>Wer geb\u00e4rdet, denkt in Bildern und spricht mit den H\u00e4nden, sowie dem Einsatz von Mimik und Gestik. Die Geb\u00e4rdensprache zu erlernen, den K\u00f6rper als Sprache zu benutzen und vom Gewohnten loszulassen, ist f\u00fcr viele h\u00f6rende Menschen eine neue, zu Beginn auch ungewohnte Erfahrung, jedoch immer eine spannende Herausforderung.<\/p>\n\n\n\n<p><strong>Grammatik<\/strong><br>Die Geb\u00e4rdensprache ist ein komplexes, visuelles Sprachsystem, welches genauso wie andere Sprachen einer Grammatik folgt. In der Schweiz gibt es f\u00fcr die drei Landesprachen deutsch, franz\u00f6sisch und italienisch die entsprechenden Geb\u00e4rdensprachen: deutschschweizerische Geb\u00e4rdensprache (DSGS), franz\u00f6sische Geb\u00e4rdensprache (LSF) und italienische Geb\u00e4rdensprache (LIS). Diese unterscheiden sich genauso voneinander, wie die Lautsprachen. <\/p>\n\n\n\n<p><strong>Partizipation<\/strong> <strong>dank Geb\u00e4rdensprache<\/strong><br>Die Geb\u00e4rdensprache unterst\u00fctzt die kulturelle Teilhabe und Partizipation am gesellschaftlichen Leben. Geh\u00f6rlose Menschen stehen f\u00fcr Inklusion ein und sehen das \u2039Nebeneinander\u203a der geh\u00f6rlosen und h\u00f6renden Kultur als Chance f\u00fcr ein gelingendes Miteinander.<\/p>\n\n\n<div class=\"block block-teasercontacts block-teasercontacts--boxed\" id=\"block_7865a6c4c2f791b352c1b92cc1523dd7\" data-block=\"Teaser Contacts\">\n    <div class=\"block-teasercontacts__header\"><p class=\"block-teasercontacts__title\">Fragen zur Geb\u00e4rdensprache oder unseren Kursen?<br>Ich freue mich auf deine Nachricht.<\/p><\/div>    <div class=\"block-teasercontacts__list\">\n                                        <div class=\"block-teasercontacts__item\">\n                <div class=\"block-teasercontacts__link\">\n                    <div class=\"block-teasercontacts__media\">\n                        <div class=\"block-teasercontacts__thumbnail accent__blue has-background-accent\">\n                                                              <div class=\"image block-teasercontacts__thumbnail-image\" >\n    <img decoding=\"async\"\n      loading=\"lazy\"\n      class=\"image__object lazyload\"\n      src=\"https:\/\/www.sgb-fss.ch\/content\/uploads\/2021\/06\/melanie-spiller-1440x0-c-default.jpg\"       data-sizes=\"auto\"\n      data-srcset=\"https:\/\/www.sgb-fss.ch\/content\/uploads\/2021\/06\/melanie-spiller-200x0-c-default.jpg 200w, https:\/\/www.sgb-fss.ch\/content\/uploads\/2021\/06\/melanie-spiller-100x0-c-default.jpg 100w, \"\n      alt=\"\"\n      width=\"567\"\n      height=\"567\"\n            >\n  <\/div>\n                                                    <\/div>\n                    <\/div>\n                    <div class=\"block-teasercontacts__text\">\n                        <p class=\"block-teasercontacts__name\"><strong><a href=\"https:\/\/www.sgb-fss.ch\/de\/team\/melanie-spiller-reimann\/\">Melanie Spiller-Reimann<\/a><\/strong><\/p>\n                        <p class=\"block-teasercontacts__lead\">Kurse und Familie\/Bildung<\/p>                    <\/div>\n                    <div class=\"block-teasercontacts__contacts\">\n                                                    <p>\n                                                                <a class=\"wp-block-button is-style-transparent\" href=\"mailto:m.spiller@sgb-fss.ch\"><span class=\"wp-block-button__link\"><i class=\"icon icon--mail\"><svg data-name=\"Ebene 1\" xmlns=\"http:\/\/www.w3.org\/2000\/svg\" viewBox=\"0 0 24 24\"><path d=\"M20.76 2.31H3.24A3.12 3.12 0 0 0 .12 5.43v13.14a3.12 3.12 0 0 0 3.12 3.12h17.52a3.12 3.12 0 0 0 3.12-3.12V5.43a3.12 3.12 0 0 0-3.12-3.12zM2.09 5a1.27 1.27 0 0 1 1.15-.78h17.52a1.24 1.24 0 0 1 1.11.74l.05.09-.09.06L12 12l-.07-.05-9.87-6.9zM22 18.57a1.26 1.26 0 0 1-1.26 1.27H3.24A1.27 1.27 0 0 1 2 18.57V7.21l9.5 6.69a.89.89 0 0 0 1 0L22 7.25z\"\/><\/svg><\/i><span class=\"wp-block-button__label\">m.spiller@sgb-fss.ch<\/span><\/span><\/a>                                                            <\/p>\n                                            <\/div>\n                <\/div>\n            <\/div>\n                    <\/div>\n<\/div>\n\n\n\n<h2 class=\"wp-block-heading\"><\/h2>\n\n\n\n<div class=\"wp-block-group has-sgb-fss-rot-15-background-color has-background is-layout-constrained wp-block-group-is-layout-constrained\"><div class=\"block block-teaserpages\" id=\"block_cdb6a895cd0610f3d73829b5aa9ae3c6\" data-block=\"Teaser Pages\">\n  <ul class=\"block-teaserpages__list\">\n            <li class=\"block-teaserpages__item\">\n        <a class=\"accent teaserpage\" href=\"https:\/\/www.sgb-fss.ch\/de\/angebote\/gebaerdensprachkurse\/\">\n  <div class=\"teaserpage__thumbnail\">\n            <div class=\"image teaserpage__thumbnail-image\" >\n    <img decoding=\"async\"\n      loading=\"lazy\"\n      class=\"image__object lazyload\"\n      src=\"https:\/\/www.sgb-fss.ch\/content\/uploads\/2023\/05\/bhp-2438-scaled-e1684320376735-1440x0-c-default.jpg\"       data-sizes=\"auto\"\n      data-srcset=\"https:\/\/www.sgb-fss.ch\/content\/uploads\/2023\/05\/bhp-2438-scaled-e1684320376735-1000x0-c-default.jpg 1000w, https:\/\/www.sgb-fss.ch\/content\/uploads\/2023\/05\/bhp-2438-scaled-e1684320376735-700x0-c-default.jpg 700w, https:\/\/www.sgb-fss.ch\/content\/uploads\/2023\/05\/bhp-2438-scaled-e1684320376735-350x0-c-default.jpg 350w, \"\n      alt=\"\"\n      width=\"2560\"\n      height=\"1440\"\n            >\n  <\/div>\n      <\/div>\n  <h3 class=\"teaserpage__title\">Geb\u00e4rdensprachkurse<\/h3>\n  <p class=\"teaserpage__lead\">Unser Angebot umfasst Privat- und Intensivkurse sowie Spezialkurse, die laufend ver\u00f6ffentlicht werden. Gemeinsam mit der Klubschule Migros bietet der Schweizerische Geh\u00f6rlosenbund zudem Geb\u00e4rdensprachkurse an. <\/p>  <\/a>\n      <\/li>\n            <li class=\"block-teaserpages__item\">\n        <a class=\"accent teaserpage\" href=\"https:\/\/www.sgb-fss.ch\/de\/angebote\/e-learning-mit-signwise-ch\/\">\n  <div class=\"teaserpage__thumbnail\">\n            <div class=\"image teaserpage__thumbnail-image\" >\n    <img decoding=\"async\"\n      loading=\"lazy\"\n      class=\"image__object lazyload\"\n      src=\"https:\/\/www.sgb-fss.ch\/content\/uploads\/2023\/05\/logo-signwise-web-1440x0-c-default.png\"       data-sizes=\"auto\"\n      data-srcset=\"https:\/\/www.sgb-fss.ch\/content\/uploads\/2023\/05\/logo-signwise-web-1000x0-c-default.png 1000w, https:\/\/www.sgb-fss.ch\/content\/uploads\/2023\/05\/logo-signwise-web-700x0-c-default.png 700w, https:\/\/www.sgb-fss.ch\/content\/uploads\/2023\/05\/logo-signwise-web-350x0-c-default.png 350w, \"\n      alt=\"\"\n      width=\"6330\"\n      height=\"3560\"\n            >\n  <\/div>\n      <\/div>\n  <h3 class=\"teaserpage__title\">E-Learning mit signwise.ch<\/h3>\n  <p class=\"teaserpage__lead\">Mit dem E-Learning-Tool\u00a0signwise.ch\u00a0kannst du in 6\u201312 Monaten einen zertifizierten Abschluss in Geb\u00e4rdensprache abschliessen. Die beiden Level A1 und A2 k\u00f6nnen via E-Learning besucht werden.<\/p>  <\/a>\n      <\/li>\n    <\/ul>\n<\/div>\n<\/div>\n\n\n\n<div class=\"wp-block-group has-schwarz-25-background-color has-background is-layout-constrained wp-block-group-is-layout-constrained\"><div class=\"block block-teaserpages\" id=\"block_0a3858cf271e6c95d33fba4915396117\" data-block=\"Teaser Pages\">\n  <ul class=\"block-teaserpages__list\">\n            <li class=\"block-teaserpages__item\">\n        <a class=\"accent teaserpage\" href=\"https:\/\/www.sgb-fss.ch\/de\/downloads\/\">\n  <div class=\"teaserpage__thumbnail\">\n            <div class=\"image teaserpage__thumbnail-image\" >\n    <img decoding=\"async\"\n      loading=\"lazy\"\n      class=\"image__object lazyload\"\n      src=\"https:\/\/www.sgb-fss.ch\/content\/uploads\/2024\/01\/downloads-d-1440x0-c-default.jpg\"       data-sizes=\"auto\"\n      data-srcset=\"https:\/\/www.sgb-fss.ch\/content\/uploads\/2024\/01\/downloads-d-1000x0-c-default.jpg 1000w, https:\/\/www.sgb-fss.ch\/content\/uploads\/2024\/01\/downloads-d-700x0-c-default.jpg 700w, https:\/\/www.sgb-fss.ch\/content\/uploads\/2024\/01\/downloads-d-350x0-c-default.jpg 350w, \"\n      alt=\"\"\n      width=\"1890\"\n      height=\"1063\"\n            >\n  <\/div>\n      <\/div>\n  <h3 class=\"teaserpage__title\">Downloads<\/h3>\n  <p class=\"teaserpage__lead\">Hier findest du alle Daten zu dieser Seite sowie allen anderen Bereichen zum Herunterladen.<\/p>  <\/a>\n      <\/li>\n    <\/ul>\n<\/div>\n<\/div>\n","protected":false},"excerpt":{"rendered":"<p>Geb\u00e4rdensprachen geh\u00f6ren zur Kultur der Geh\u00f6rlosen wie die verschiedenen Lautsprachen zur Kultur der h\u00f6renden [&hellip;]<\/p>\n","protected":false},"author":20,"featured_media":16823,"parent":9033,"menu_order":2,"comment_status":"closed","ping_status":"closed","template":"","meta":{"_acf_changed":false,"inline_featured_image":false,"footnotes":""},"class_list":["post-9162","page","type-page","status-publish","has-post-thumbnail","hentry"],"acf":[],"yoast_head":"<!-- This site is optimized with the Yoast SEO plugin v27.4 - https:\/\/yoast.com\/product\/yoast-seo-wordpress\/ -->\n<title>Kulturelle Teilhabe - SGB-FSS<\/title>\n<meta name=\"robots\" content=\"index, follow, max-snippet:-1, max-image-preview:large, max-video-preview:-1\" \/>\n<link rel=\"canonical\" href=\"https:\/\/www.sgb-fss.ch\/de\/gebaerdensprachen\/kulturelle-teilhabe\/\" \/>\n<meta property=\"og:locale\" content=\"de_DE\" \/>\n<meta property=\"og:type\" content=\"article\" \/>\n<meta property=\"og:title\" content=\"Kulturelle Teilhabe - SGB-FSS\" \/>\n<meta property=\"og:description\" content=\"Geb\u00e4rdensprachen geh\u00f6ren zur Kultur der Geh\u00f6rlosen wie die verschiedenen Lautsprachen zur Kultur der h\u00f6renden [&hellip;]\" \/>\n<meta property=\"og:url\" content=\"https:\/\/www.sgb-fss.ch\/de\/gebaerdensprachen\/kulturelle-teilhabe\/\" \/>\n<meta property=\"og:site_name\" content=\"SGB-FSS\" \/>\n<meta property=\"article:modified_time\" content=\"2025-01-08T10:33:03+00:00\" \/>\n<meta property=\"og:image\" content=\"https:\/\/www.sgb-fss.ch\/content\/uploads\/2023\/05\/gebarde-i.png\" \/>\n\t<meta property=\"og:image:width\" content=\"1219\" \/>\n\t<meta property=\"og:image:height\" content=\"686\" \/>\n\t<meta property=\"og:image:type\" content=\"image\/png\" \/>\n<meta name=\"twitter:card\" content=\"summary_large_image\" \/>\n<meta name=\"twitter:label1\" content=\"Gesch\u00e4tzte Lesezeit\" \/>\n\t<meta name=\"twitter:data1\" content=\"2\u00a0Minuten\" \/>\n<script type=\"application\/ld+json\" class=\"yoast-schema-graph\">{\"@context\":\"https:\\\/\\\/schema.org\",\"@graph\":[{\"@type\":\"WebPage\",\"@id\":\"https:\\\/\\\/www.sgb-fss.ch\\\/de\\\/gebaerdensprachen\\\/kulturelle-teilhabe\\\/\",\"url\":\"https:\\\/\\\/www.sgb-fss.ch\\\/de\\\/gebaerdensprachen\\\/kulturelle-teilhabe\\\/\",\"name\":\"Kulturelle Teilhabe - SGB-FSS\",\"isPartOf\":{\"@id\":\"https:\\\/\\\/www.sgb-fss.ch\\\/de\\\/#website\"},\"primaryImageOfPage\":{\"@id\":\"https:\\\/\\\/www.sgb-fss.ch\\\/de\\\/gebaerdensprachen\\\/kulturelle-teilhabe\\\/#primaryimage\"},\"image\":{\"@id\":\"https:\\\/\\\/www.sgb-fss.ch\\\/de\\\/gebaerdensprachen\\\/kulturelle-teilhabe\\\/#primaryimage\"},\"thumbnailUrl\":\"https:\\\/\\\/www.sgb-fss.ch\\\/content\\\/uploads\\\/2023\\\/05\\\/gebarde-i.png\",\"datePublished\":\"2022-10-21T08:17:30+00:00\",\"dateModified\":\"2025-01-08T10:33:03+00:00\",\"breadcrumb\":{\"@id\":\"https:\\\/\\\/www.sgb-fss.ch\\\/de\\\/gebaerdensprachen\\\/kulturelle-teilhabe\\\/#breadcrumb\"},\"inLanguage\":\"de\",\"potentialAction\":[{\"@type\":\"ReadAction\",\"target\":[\"https:\\\/\\\/www.sgb-fss.ch\\\/de\\\/gebaerdensprachen\\\/kulturelle-teilhabe\\\/\"]}]},{\"@type\":\"ImageObject\",\"inLanguage\":\"de\",\"@id\":\"https:\\\/\\\/www.sgb-fss.ch\\\/de\\\/gebaerdensprachen\\\/kulturelle-teilhabe\\\/#primaryimage\",\"url\":\"https:\\\/\\\/www.sgb-fss.ch\\\/content\\\/uploads\\\/2023\\\/05\\\/gebarde-i.png\",\"contentUrl\":\"https:\\\/\\\/www.sgb-fss.ch\\\/content\\\/uploads\\\/2023\\\/05\\\/gebarde-i.png\",\"width\":1219,\"height\":686},{\"@type\":\"BreadcrumbList\",\"@id\":\"https:\\\/\\\/www.sgb-fss.ch\\\/de\\\/gebaerdensprachen\\\/kulturelle-teilhabe\\\/#breadcrumb\",\"itemListElement\":[{\"@type\":\"ListItem\",\"position\":1,\"name\":\"Home\",\"item\":\"https:\\\/\\\/www.sgb-fss.ch\\\/de\\\/\"},{\"@type\":\"ListItem\",\"position\":2,\"name\":\"Geb\u00e4rdensprachen\",\"item\":\"https:\\\/\\\/www.sgb-fss.ch\\\/de\\\/gebaerdensprachen\\\/\"},{\"@type\":\"ListItem\",\"position\":3,\"name\":\"Kulturelle Teilhabe\"}]},{\"@type\":\"WebSite\",\"@id\":\"https:\\\/\\\/www.sgb-fss.ch\\\/de\\\/#website\",\"url\":\"https:\\\/\\\/www.sgb-fss.ch\\\/de\\\/\",\"name\":\"SGB-FSS\",\"description\":\"\",\"potentialAction\":[{\"@type\":\"SearchAction\",\"target\":{\"@type\":\"EntryPoint\",\"urlTemplate\":\"https:\\\/\\\/www.sgb-fss.ch\\\/de\\\/?s={search_term_string}\"},\"query-input\":{\"@type\":\"PropertyValueSpecification\",\"valueRequired\":true,\"valueName\":\"search_term_string\"}}],\"inLanguage\":\"de\"}]}<\/script>\n<!-- \/ Yoast SEO plugin. -->","yoast_head_json":{"title":"Kulturelle Teilhabe - SGB-FSS","robots":{"index":"index","follow":"follow","max-snippet":"max-snippet:-1","max-image-preview":"max-image-preview:large","max-video-preview":"max-video-preview:-1"},"canonical":"https:\/\/www.sgb-fss.ch\/de\/gebaerdensprachen\/kulturelle-teilhabe\/","og_locale":"de_DE","og_type":"article","og_title":"Kulturelle Teilhabe - SGB-FSS","og_description":"Geb\u00e4rdensprachen geh\u00f6ren zur Kultur der Geh\u00f6rlosen wie die verschiedenen Lautsprachen zur Kultur der h\u00f6renden [&hellip;]","og_url":"https:\/\/www.sgb-fss.ch\/de\/gebaerdensprachen\/kulturelle-teilhabe\/","og_site_name":"SGB-FSS","article_modified_time":"2025-01-08T10:33:03+00:00","og_image":[{"width":1219,"height":686,"url":"https:\/\/www.sgb-fss.ch\/content\/uploads\/2023\/05\/gebarde-i.png","type":"image\/png"}],"twitter_card":"summary_large_image","twitter_misc":{"Gesch\u00e4tzte Lesezeit":"2\u00a0Minuten"},"schema":{"@context":"https:\/\/schema.org","@graph":[{"@type":"WebPage","@id":"https:\/\/www.sgb-fss.ch\/de\/gebaerdensprachen\/kulturelle-teilhabe\/","url":"https:\/\/www.sgb-fss.ch\/de\/gebaerdensprachen\/kulturelle-teilhabe\/","name":"Kulturelle Teilhabe - SGB-FSS","isPartOf":{"@id":"https:\/\/www.sgb-fss.ch\/de\/#website"},"primaryImageOfPage":{"@id":"https:\/\/www.sgb-fss.ch\/de\/gebaerdensprachen\/kulturelle-teilhabe\/#primaryimage"},"image":{"@id":"https:\/\/www.sgb-fss.ch\/de\/gebaerdensprachen\/kulturelle-teilhabe\/#primaryimage"},"thumbnailUrl":"https:\/\/www.sgb-fss.ch\/content\/uploads\/2023\/05\/gebarde-i.png","datePublished":"2022-10-21T08:17:30+00:00","dateModified":"2025-01-08T10:33:03+00:00","breadcrumb":{"@id":"https:\/\/www.sgb-fss.ch\/de\/gebaerdensprachen\/kulturelle-teilhabe\/#breadcrumb"},"inLanguage":"de","potentialAction":[{"@type":"ReadAction","target":["https:\/\/www.sgb-fss.ch\/de\/gebaerdensprachen\/kulturelle-teilhabe\/"]}]},{"@type":"ImageObject","inLanguage":"de","@id":"https:\/\/www.sgb-fss.ch\/de\/gebaerdensprachen\/kulturelle-teilhabe\/#primaryimage","url":"https:\/\/www.sgb-fss.ch\/content\/uploads\/2023\/05\/gebarde-i.png","contentUrl":"https:\/\/www.sgb-fss.ch\/content\/uploads\/2023\/05\/gebarde-i.png","width":1219,"height":686},{"@type":"BreadcrumbList","@id":"https:\/\/www.sgb-fss.ch\/de\/gebaerdensprachen\/kulturelle-teilhabe\/#breadcrumb","itemListElement":[{"@type":"ListItem","position":1,"name":"Home","item":"https:\/\/www.sgb-fss.ch\/de\/"},{"@type":"ListItem","position":2,"name":"Geb\u00e4rdensprachen","item":"https:\/\/www.sgb-fss.ch\/de\/gebaerdensprachen\/"},{"@type":"ListItem","position":3,"name":"Kulturelle Teilhabe"}]},{"@type":"WebSite","@id":"https:\/\/www.sgb-fss.ch\/de\/#website","url":"https:\/\/www.sgb-fss.ch\/de\/","name":"SGB-FSS","description":"","potentialAction":[{"@type":"SearchAction","target":{"@type":"EntryPoint","urlTemplate":"https:\/\/www.sgb-fss.ch\/de\/?s={search_term_string}"},"query-input":{"@type":"PropertyValueSpecification","valueRequired":true,"valueName":"search_term_string"}}],"inLanguage":"de"}]}},"_links":{"self":[{"href":"https:\/\/www.sgb-fss.ch\/de\/wp-json\/wp\/v2\/pages\/9162","targetHints":{"allow":["GET"]}}],"collection":[{"href":"https:\/\/www.sgb-fss.ch\/de\/wp-json\/wp\/v2\/pages"}],"about":[{"href":"https:\/\/www.sgb-fss.ch\/de\/wp-json\/wp\/v2\/types\/page"}],"author":[{"embeddable":true,"href":"https:\/\/www.sgb-fss.ch\/de\/wp-json\/wp\/v2\/users\/20"}],"replies":[{"embeddable":true,"href":"https:\/\/www.sgb-fss.ch\/de\/wp-json\/wp\/v2\/comments?post=9162"}],"version-history":[{"count":141,"href":"https:\/\/www.sgb-fss.ch\/de\/wp-json\/wp\/v2\/pages\/9162\/revisions"}],"predecessor-version":[{"id":36441,"href":"https:\/\/www.sgb-fss.ch\/de\/wp-json\/wp\/v2\/pages\/9162\/revisions\/36441"}],"up":[{"embeddable":true,"href":"https:\/\/www.sgb-fss.ch\/de\/wp-json\/wp\/v2\/pages\/9033"}],"wp:featuredmedia":[{"embeddable":true,"href":"https:\/\/www.sgb-fss.ch\/de\/wp-json\/wp\/v2\/media\/16823"}],"wp:attachment":[{"href":"https:\/\/www.sgb-fss.ch\/de\/wp-json\/wp\/v2\/media?parent=9162"}],"curies":[{"name":"wp","href":"https:\/\/api.w.org\/{rel}","templated":true}]}}