{"id":9083,"date":"2022-10-11T13:35:55","date_gmt":"2022-10-11T11:35:55","guid":{"rendered":"https:\/\/www.sgb-fss.ch\/?page_id=9083"},"modified":"2024-01-25T13:05:36","modified_gmt":"2024-01-25T12:05:36","slug":"bereiche","status":"publish","type":"page","link":"https:\/\/www.sgb-fss.ch\/de\/bereiche\/","title":{"rendered":"Bereiche"},"content":{"rendered":"\n<div class=\"wp-block-group has-sgb-fss-blue-30-background-color has-background is-layout-flow wp-block-group-is-layout-flow\">\n<h1 class=\"wp-block-heading\">Bereiche<\/h1>\n\n\n\n<p class=\"is-style-lead\">Wir setzen uns in all unseren Bereichen daf\u00fcr ein, dass Barrieren im Alltag f\u00fcr geh\u00f6rlose und h\u00f6rbehinderte Menschen abgebaut werden. Die Chancengleichheit sowie das aufzeigen von M\u00f6glichkeiten einer gelingenden Inklusion stehen dabei im Fokus. <\/p>\n<\/div>\n\n\n<div class=\"block block-teaserpages\" id=\"block_654a9630043804172df5cddbdca72754\" data-block=\"Teaser Pages\">\n  <ul class=\"block-teaserpages__list\">\n            <li class=\"block-teaserpages__item\">\n        <a class=\"accent teaserpage\" href=\"https:\/\/www.sgb-fss.ch\/de\/bereiche\/arbeit\/\">\n  <div class=\"teaserpage__thumbnail\">\n            <div class=\"image teaserpage__thumbnail-image\" >\n    <img decoding=\"async\"\n      loading=\"lazy\"\n      class=\"image__object lazyload\"\n      src=\"https:\/\/www.sgb-fss.ch\/content\/uploads\/2023\/03\/arbeit-1440x0-c-default.jpg\"       data-sizes=\"auto\"\n      data-srcset=\"https:\/\/www.sgb-fss.ch\/content\/uploads\/2023\/03\/arbeit-1000x0-c-default.jpg 1000w, https:\/\/www.sgb-fss.ch\/content\/uploads\/2023\/03\/arbeit-700x0-c-default.jpg 700w, https:\/\/www.sgb-fss.ch\/content\/uploads\/2023\/03\/arbeit-350x0-c-default.jpg 350w, \"\n      alt=\"\"\n      width=\"955\"\n      height=\"542\"\n            >\n  <\/div>\n      <\/div>\n  <h3 class=\"teaserpage__title\">Arbeit<\/h3>\n  <p class=\"teaserpage__lead\">Erfolg dank Diversit\u00e4t. Wir unterst\u00fctzen Firmen und Organisationen mit Informationen, Workshops und Tools bei der Rekrutierung von geh\u00f6rlosen Menschen.<\/p>  <\/a>\n      <\/li>\n            <li class=\"block-teaserpages__item\">\n        <a class=\"accent teaserpage\" href=\"https:\/\/www.sgb-fss.ch\/de\/bereiche\/bildung\/\">\n  <div class=\"teaserpage__thumbnail\">\n            <div class=\"image teaserpage__thumbnail-image\" >\n    <img decoding=\"async\"\n      loading=\"lazy\"\n      class=\"image__object lazyload\"\n      src=\"https:\/\/www.sgb-fss.ch\/content\/uploads\/2023\/05\/bildung-scaled-e1684317847531-1440x0-c-default.jpg\"       data-sizes=\"auto\"\n      data-srcset=\"https:\/\/www.sgb-fss.ch\/content\/uploads\/2023\/05\/bildung-scaled-e1684317847531-1000x0-c-default.jpg 1000w, https:\/\/www.sgb-fss.ch\/content\/uploads\/2023\/05\/bildung-scaled-e1684317847531-700x0-c-default.jpg 700w, https:\/\/www.sgb-fss.ch\/content\/uploads\/2023\/05\/bildung-scaled-e1684317847531-350x0-c-default.jpg 350w, \"\n      alt=\"\"\n      width=\"2560\"\n      height=\"1707\"\n            >\n  <\/div>\n      <\/div>\n  <h3 class=\"teaserpage__title\">Bildung<\/h3>\n  <p class=\"teaserpage__lead\">Bildung ist auch f\u00fcr geh\u00f6rlose und h\u00f6rbehinderte Kinder von zentraler Bedeutung. Der Schweizerische Geh\u00f6rlosenbund sieht sich in der Verantwortung, Familien mit geh\u00f6rlosen und h\u00f6rbehinderten Kindern auf ihrem Weg zu begleiten. <\/p>  <\/a>\n      <\/li>\n            <li class=\"block-teaserpages__item\">\n        <a class=\"accent teaserpage\" href=\"https:\/\/www.sgb-fss.ch\/de\/bereiche\/gesundheit\/\">\n  <div class=\"teaserpage__thumbnail\">\n            <div class=\"image teaserpage__thumbnail-image\" >\n    <img decoding=\"async\"\n      loading=\"lazy\"\n      class=\"image__object lazyload\"\n      src=\"https:\/\/www.sgb-fss.ch\/content\/uploads\/2023\/05\/gesundheit-scaled-1440x0-c-default.jpg\"       data-sizes=\"auto\"\n      data-srcset=\"https:\/\/www.sgb-fss.ch\/content\/uploads\/2023\/05\/gesundheit-scaled-1000x0-c-default.jpg 1000w, https:\/\/www.sgb-fss.ch\/content\/uploads\/2023\/05\/gesundheit-scaled-700x0-c-default.jpg 700w, https:\/\/www.sgb-fss.ch\/content\/uploads\/2023\/05\/gesundheit-scaled-350x0-c-default.jpg 350w, \"\n      alt=\"\"\n      width=\"2560\"\n      height=\"1440\"\n            >\n  <\/div>\n      <\/div>\n  <h3 class=\"teaserpage__title\">Gesundheit<\/h3>\n  <p class=\"teaserpage__lead\">Der Schweizerische Geh\u00f6rlosenbund setzt sich daf\u00fcr ein, das Gesundheitssystem f\u00fcr alle geh\u00f6rlosen und h\u00f6rbehinderten Menschen zug\u00e4nglich zu machen und Sprachbarrieren abzubauen. Dies setzen wir in Zusammenarbeit mit unserem Netzwerk um.<\/p>  <\/a>\n      <\/li>\n            <li class=\"block-teaserpages__item\">\n        <a class=\"accent teaserpage\" href=\"https:\/\/www.sgb-fss.ch\/de\/bereiche\/barrierefreiheit\/\">\n  <div class=\"teaserpage__thumbnail\">\n            <div class=\"image teaserpage__thumbnail-image\" >\n    <img decoding=\"async\"\n      loading=\"lazy\"\n      class=\"image__object lazyload\"\n      src=\"https:\/\/www.sgb-fss.ch\/content\/uploads\/2023\/05\/barreriefreiheit-scaled-e1684334387592-1440x0-c-default.jpg\"       data-sizes=\"auto\"\n      data-srcset=\"https:\/\/www.sgb-fss.ch\/content\/uploads\/2023\/05\/barreriefreiheit-scaled-e1684334387592-1000x0-c-default.jpg 1000w, https:\/\/www.sgb-fss.ch\/content\/uploads\/2023\/05\/barreriefreiheit-scaled-e1684334387592-700x0-c-default.jpg 700w, https:\/\/www.sgb-fss.ch\/content\/uploads\/2023\/05\/barreriefreiheit-scaled-e1684334387592-350x0-c-default.jpg 350w, \"\n      alt=\"\"\n      width=\"2560\"\n      height=\"1440\"\n            >\n  <\/div>\n      <\/div>\n  <h3 class=\"teaserpage__title\">Barrierefreiheit<\/h3>\n  <p class=\"teaserpage__lead\">Der Schweizerische Geh\u00f6rlosenbund arbeitet mit diversen Unternehmen aus dem \u00d6ffentlichen und privaten Bereich zusammen um den Alltag auch f\u00fcr Geh\u00f6rlose und Menschen mit einer H\u00f6rbehinderung \u2039barrierefrei\u203a zu erm\u00f6glichen.<\/p>  <\/a>\n      <\/li>\n            <li class=\"block-teaserpages__item\">\n        <a class=\"accent teaserpage\" href=\"https:\/\/www.sgb-fss.ch\/de\/bereiche\/politische-arbeit\/\">\n  <div class=\"teaserpage__thumbnail\">\n            <div class=\"image teaserpage__thumbnail-image\" >\n    <img decoding=\"async\"\n      loading=\"lazy\"\n      class=\"image__object lazyload\"\n      src=\"https:\/\/www.sgb-fss.ch\/content\/uploads\/2023\/05\/logo-gebardensprache-bundeshaus-2farbig-1440x0-c-default.png\"       data-sizes=\"auto\"\n      data-srcset=\"https:\/\/www.sgb-fss.ch\/content\/uploads\/2023\/05\/logo-gebardensprache-bundeshaus-2farbig-1000x0-c-default.png 1000w, https:\/\/www.sgb-fss.ch\/content\/uploads\/2023\/05\/logo-gebardensprache-bundeshaus-2farbig-700x0-c-default.png 700w, https:\/\/www.sgb-fss.ch\/content\/uploads\/2023\/05\/logo-gebardensprache-bundeshaus-2farbig-350x0-c-default.png 350w, \"\n      alt=\"\"\n      width=\"1936\"\n      height=\"1089\"\n            >\n  <\/div>\n      <\/div>\n  <h3 class=\"teaserpage__title\">Politische Arbeit<\/h3>\n  <p class=\"teaserpage__lead\">Der Schweizerische Geh\u00f6rlosenbund vertritt die Interessen von geh\u00f6rlosen und h\u00f6rbehinderten Menschen gegen\u00fcber der Politik. Er setzt sich daf\u00fcr ein, dass alle Lebensbereiche f\u00fcr geh\u00f6rlose und h\u00f6rbehinderte Menschen barrierefrei zug\u00e4nglich sind.<\/p>  <\/a>\n      <\/li>\n    <\/ul>\n<\/div>\n","protected":false},"excerpt":{"rendered":"<p>Bereiche Wir setzen uns in all unseren Bereichen daf\u00fcr ein, dass Barrieren im Alltag [&hellip;]<\/p>\n","protected":false},"author":20,"featured_media":0,"parent":0,"menu_order":0,"comment_status":"closed","ping_status":"closed","template":"front-page.php","meta":{"_acf_changed":false,"inline_featured_image":false,"footnotes":""},"class_list":["post-9083","page","type-page","status-publish","hentry"],"acf":[],"yoast_head":"<!-- This site is optimized with the Yoast SEO plugin v27.4 - https:\/\/yoast.com\/product\/yoast-seo-wordpress\/ -->\n<title>Bereiche - SGB-FSS<\/title>\n<meta name=\"robots\" content=\"index, follow, max-snippet:-1, max-image-preview:large, max-video-preview:-1\" \/>\n<link rel=\"canonical\" href=\"https:\/\/www.sgb-fss.ch\/de\/bereiche\/\" \/>\n<meta property=\"og:locale\" content=\"de_DE\" \/>\n<meta property=\"og:type\" content=\"article\" \/>\n<meta property=\"og:title\" content=\"Bereiche - SGB-FSS\" \/>\n<meta property=\"og:description\" content=\"Bereiche Wir setzen uns in all unseren Bereichen daf\u00fcr ein, dass Barrieren im Alltag [&hellip;]\" \/>\n<meta property=\"og:url\" content=\"https:\/\/www.sgb-fss.ch\/de\/bereiche\/\" \/>\n<meta property=\"og:site_name\" content=\"SGB-FSS\" \/>\n<meta property=\"article:modified_time\" content=\"2024-01-25T12:05:36+00:00\" \/>\n<meta name=\"twitter:card\" content=\"summary_large_image\" \/>\n<meta name=\"twitter:label1\" content=\"Gesch\u00e4tzte Lesezeit\" \/>\n\t<meta name=\"twitter:data1\" content=\"1\u00a0Minute\" \/>\n<script type=\"application\/ld+json\" class=\"yoast-schema-graph\">{\"@context\":\"https:\\\/\\\/schema.org\",\"@graph\":[{\"@type\":\"WebPage\",\"@id\":\"https:\\\/\\\/www.sgb-fss.ch\\\/de\\\/bereiche\\\/\",\"url\":\"https:\\\/\\\/www.sgb-fss.ch\\\/de\\\/bereiche\\\/\",\"name\":\"Bereiche - SGB-FSS\",\"isPartOf\":{\"@id\":\"https:\\\/\\\/www.sgb-fss.ch\\\/de\\\/#website\"},\"datePublished\":\"2022-10-11T11:35:55+00:00\",\"dateModified\":\"2024-01-25T12:05:36+00:00\",\"breadcrumb\":{\"@id\":\"https:\\\/\\\/www.sgb-fss.ch\\\/de\\\/bereiche\\\/#breadcrumb\"},\"inLanguage\":\"de\",\"potentialAction\":[{\"@type\":\"ReadAction\",\"target\":[\"https:\\\/\\\/www.sgb-fss.ch\\\/de\\\/bereiche\\\/\"]}]},{\"@type\":\"BreadcrumbList\",\"@id\":\"https:\\\/\\\/www.sgb-fss.ch\\\/de\\\/bereiche\\\/#breadcrumb\",\"itemListElement\":[{\"@type\":\"ListItem\",\"position\":1,\"name\":\"Home\",\"item\":\"https:\\\/\\\/www.sgb-fss.ch\\\/de\\\/\"},{\"@type\":\"ListItem\",\"position\":2,\"name\":\"Bereiche\"}]},{\"@type\":\"WebSite\",\"@id\":\"https:\\\/\\\/www.sgb-fss.ch\\\/de\\\/#website\",\"url\":\"https:\\\/\\\/www.sgb-fss.ch\\\/de\\\/\",\"name\":\"SGB-FSS\",\"description\":\"\",\"potentialAction\":[{\"@type\":\"SearchAction\",\"target\":{\"@type\":\"EntryPoint\",\"urlTemplate\":\"https:\\\/\\\/www.sgb-fss.ch\\\/de\\\/?s={search_term_string}\"},\"query-input\":{\"@type\":\"PropertyValueSpecification\",\"valueRequired\":true,\"valueName\":\"search_term_string\"}}],\"inLanguage\":\"de\"}]}<\/script>\n<!-- \/ Yoast SEO plugin. -->","yoast_head_json":{"title":"Bereiche - SGB-FSS","robots":{"index":"index","follow":"follow","max-snippet":"max-snippet:-1","max-image-preview":"max-image-preview:large","max-video-preview":"max-video-preview:-1"},"canonical":"https:\/\/www.sgb-fss.ch\/de\/bereiche\/","og_locale":"de_DE","og_type":"article","og_title":"Bereiche - SGB-FSS","og_description":"Bereiche Wir setzen uns in all unseren Bereichen daf\u00fcr ein, dass Barrieren im Alltag [&hellip;]","og_url":"https:\/\/www.sgb-fss.ch\/de\/bereiche\/","og_site_name":"SGB-FSS","article_modified_time":"2024-01-25T12:05:36+00:00","twitter_card":"summary_large_image","twitter_misc":{"Gesch\u00e4tzte Lesezeit":"1\u00a0Minute"},"schema":{"@context":"https:\/\/schema.org","@graph":[{"@type":"WebPage","@id":"https:\/\/www.sgb-fss.ch\/de\/bereiche\/","url":"https:\/\/www.sgb-fss.ch\/de\/bereiche\/","name":"Bereiche - SGB-FSS","isPartOf":{"@id":"https:\/\/www.sgb-fss.ch\/de\/#website"},"datePublished":"2022-10-11T11:35:55+00:00","dateModified":"2024-01-25T12:05:36+00:00","breadcrumb":{"@id":"https:\/\/www.sgb-fss.ch\/de\/bereiche\/#breadcrumb"},"inLanguage":"de","potentialAction":[{"@type":"ReadAction","target":["https:\/\/www.sgb-fss.ch\/de\/bereiche\/"]}]},{"@type":"BreadcrumbList","@id":"https:\/\/www.sgb-fss.ch\/de\/bereiche\/#breadcrumb","itemListElement":[{"@type":"ListItem","position":1,"name":"Home","item":"https:\/\/www.sgb-fss.ch\/de\/"},{"@type":"ListItem","position":2,"name":"Bereiche"}]},{"@type":"WebSite","@id":"https:\/\/www.sgb-fss.ch\/de\/#website","url":"https:\/\/www.sgb-fss.ch\/de\/","name":"SGB-FSS","description":"","potentialAction":[{"@type":"SearchAction","target":{"@type":"EntryPoint","urlTemplate":"https:\/\/www.sgb-fss.ch\/de\/?s={search_term_string}"},"query-input":{"@type":"PropertyValueSpecification","valueRequired":true,"valueName":"search_term_string"}}],"inLanguage":"de"}]}},"_links":{"self":[{"href":"https:\/\/www.sgb-fss.ch\/de\/wp-json\/wp\/v2\/pages\/9083","targetHints":{"allow":["GET"]}}],"collection":[{"href":"https:\/\/www.sgb-fss.ch\/de\/wp-json\/wp\/v2\/pages"}],"about":[{"href":"https:\/\/www.sgb-fss.ch\/de\/wp-json\/wp\/v2\/types\/page"}],"author":[{"embeddable":true,"href":"https:\/\/www.sgb-fss.ch\/de\/wp-json\/wp\/v2\/users\/20"}],"replies":[{"embeddable":true,"href":"https:\/\/www.sgb-fss.ch\/de\/wp-json\/wp\/v2\/comments?post=9083"}],"version-history":[{"count":68,"href":"https:\/\/www.sgb-fss.ch\/de\/wp-json\/wp\/v2\/pages\/9083\/revisions"}],"predecessor-version":[{"id":31885,"href":"https:\/\/www.sgb-fss.ch\/de\/wp-json\/wp\/v2\/pages\/9083\/revisions\/31885"}],"wp:attachment":[{"href":"https:\/\/www.sgb-fss.ch\/de\/wp-json\/wp\/v2\/media?parent=9083"}],"curies":[{"name":"wp","href":"https:\/\/api.w.org\/{rel}","templated":true}]}}