{"id":605,"date":"2021-03-15T18:25:15","date_gmt":"2021-03-15T17:25:15","guid":{"rendered":"https:\/\/www.sgb-fss.ch\/?page_id=605"},"modified":"2024-01-16T15:15:41","modified_gmt":"2024-01-16T14:15:41","slug":"agb","status":"publish","type":"page","link":"https:\/\/www.sgb-fss.ch\/de\/agb\/","title":{"rendered":"Allgemeine Gesch\u00e4ftsbedingungen"},"content":{"rendered":"\n<p class=\"is-style-lead\">Die allgemeinen Gesch\u00e4ftsbedingungen (AGB) finden Anwendung f\u00fcr s\u00e4mtliche Eink\u00e4ufe im Shop und das gesamte Kurswesen des Schweizerischen Geh\u00f6rlosenbundes.<\/p>\n\n\n\n<div class=\"wp-block-columns is-layout-flex wp-container-core-columns-is-layout-9d6595d7 wp-block-columns-is-layout-flex\">\n<div class=\"wp-block-column is-layout-flow wp-block-column-is-layout-flow\" style=\"flex-basis:100%\">\n<div class=\"wp-block-group has-schwarz-25-background-color has-background is-layout-flow wp-block-group-is-layout-flow\">\n<h3 class=\"wp-block-heading\">Downloads<\/h3>\n\n\n\n<div class=\"wp-block-file\"><a id=\"wp-block-file--media-d1aec5f5-4070-4c64-99ff-8937d1e74b1b\" href=\"https:\/\/www.sgb-fss.ch\/content\/uploads\/2023\/10\/agb_de_01.10.2023.pdf\" target=\"_blank\" rel=\"noreferrer noopener\">Allgemeine_Gesch\u00e4ftsbedingungen_01.10.2023<\/a><a href=\"https:\/\/www.sgb-fss.ch\/content\/uploads\/2023\/10\/agb_de_01.10.2023.pdf\" class=\"wp-block-file__button wp-element-button\" download aria-describedby=\"wp-block-file--media-d1aec5f5-4070-4c64-99ff-8937d1e74b1b\">Herunterladen<\/a><\/div>\n<\/div>\n<\/div>\n<\/div>\n\n\n\n<div class=\"wp-block-columns has-pflaume-10-background-color has-background is-layout-flex wp-container-core-columns-is-layout-9d6595d7 wp-block-columns-is-layout-flex\">\n<div class=\"wp-block-column is-layout-flow wp-block-column-is-layout-flow\" style=\"flex-basis:100%\">\n<div class=\"wp-block-group has-pflaume-10-background-color has-background is-layout-constrained wp-block-group-is-layout-constrained\">\n<p class=\"is-style-default\"> Stand: 01. Oktober 2023<\/p>\n\n\n\n<ol class=\"wp-block-list\">\n<li><strong>Geltungsbereich<\/strong><br>Diese Allgemeinen Gesch\u00e4ftsbedingungen [AGB] gelten f\u00fcr alle:<br>Kurse und Veranstaltungen die vom Schweizerischen Geh\u00f6rlosenbund [nachfolgend SGB-FSS] durchgef\u00fchrt werden,<br>Bestellungen im Online-Shop des SGB-FSS, Dienstleistungen auf der Webseite, Zeitsch riften-Abonnemente.<br>Kund<em>innen: Im Folgenden werden die Kurs- und Veranstaltungsteilnehmenden, Shop-Besteller<\/em>innen, Nutzer<em>lnnen der Webseite und Abonnent<\/em>innen einheitlich als Kund<em>innen bezeichnet. Die AGB sind f\u00fcr s\u00e4mtliche Kund<\/em>innen verbindlich.<br>Webseite:<br>Unter Webseite ist die Webseite des <a href=\"https:\/\/www.sgb-fss.ch\/de\/\" target=\"_blank\" rel=\"noreferrer noopener\">SGB-FSS<\/a>, die Webseite der <a href=\"http:\/\/anmelde-plattform.sgb-fss.ch\" target=\"_blank\" rel=\"noreferrer noopener\">Anmelde-Plattform<\/a>, die Webseite des <a href=\"https:\/\/www.sgb-fss.ch\/signsuisse\/\" target=\"_blank\" rel=\"noreferrer noopener\">Geb\u00e4rdensprachelexikons<\/a> und die<br><a href=\"https:\/\/www.deafliteracy.ch\/\" target=\"_blank\" rel=\"noreferrer noopener\">&#8222;Read to Deaf Kids&#8220;<\/a> Webseite gemeint.<br>Verbandsanl\u00e4sse:<br>F\u00fcr Verbandsanl\u00e4sse gelten die Vorschriften des Mitgliederreglements und der Statuten sowie die separaten<br>Teilnahmebedingungen.<br>Kurse und Veranstaltungen von Partner-Organisationen:<br>F\u00fcr Kurse und Veranstaltungen, die von Partner-Organisationen des SGB-FSS durchgef\u00fchrt werden, gelten<br>die separaten Bedingungen und Reglemente der Organisation, die den Kurs oder Veranstaltung durchf\u00fchrt.<\/li>\n\n\n\n<li><strong>Haftung<\/strong><br>Jegliche Haftung des SGB-FSS und seiner Hilfspersonen wird, soweit gesetzlich zul\u00e4ssig, ausgeschlossen.<br>Ein allf\u00e4lliger Haftungsanspruch der Kund*innen besteht maximal im Umfang des in Rechnung gestellten<br>Betrags f\u00fcr die entsprechende Leistung.<\/li>\n\n\n\n<li><strong><a href=\"https:\/\/www.sgb-fss.ch\/de\/datenschutz\/\" target=\"_blank\" rel=\"noreferrer noopener\">Datenschutz &amp; Netiquette<\/a><\/strong><br>Alle Daten der Kund*innen werden mit gr\u00f6sster Sorgfalt und entsprechend den schweizerischen<br>Datenschutzregelungen erfasst und bearbeitet.<br>Alle weiteren Informationen zum Datenschutz sind in der Datenschutzerkl\u00e4rung und Netiquette<br>zu finden, deren Inhalt Vertragsbestandteil dieser AGB ist.<\/li>\n\n\n\n<li><strong>Kurse und Veranstaltungen<\/strong><br><br>4.1 Anmeldung und Durchf\u00fchrung<br>F\u00fcr alle Kurse und Veranstaltungen muss die Anmeldung schriftlich erfolgen. Die Anmeldung ist verbindlich<br>und verpflichtet die Kund<em>innen zur Bezahlung der Teilnahmegeb\u00fchr. Der SGB-FSS legt f\u00fcr jeden Kurs eine minimale und eine maximale Teilnehmerzahl fest. Die Kurspl\u00e4tze werden in der Reihenfolge der Anmeldungen vergeben [unter Vorbehalt der rechtzeitigen Zahlung]. Bei ungen\u00fcgender Teilnehmerzahl oder aus anderen wichtigen Gr\u00fcnden beh\u00e4lt sich der SGB-FSS vor, den Kurs nicht durchzuf\u00fchren. In einem solchen Fall wird die Teilnahmegeb\u00fchr erlassen bzw. voll zur\u00fcckerstattet. Weitergehende Anspr\u00fcche der Kund<\/em>innen sind ausgeschlossen.<br><br>4.2 Abmeldung bzw. Nichtteilnahme<br>Eine Abmeldung muss schriftlich bis sp\u00e4testens 5 Wochen vor Teilnahmebeginn erfolgen, wobei eine<br>Bearbeitungsgeb\u00fchr erhoben werden kann. Bei einer Abmeldung nach diesem Zeitpunkt wird die ganze<br>Teilnahmegeb\u00fchr verrechnet. Nicht als Abmeldung gilt das Nicht-Bezahlen des Kursgeldes.<br>Absenzen oder verk\u00fcrzte Teilnahmen k\u00f6nnen weder nachgeholt noch zur\u00fcckerstattet werden.<br>Nach erfolgtem Besuch von mindestens 80% der Kurslektionen stellt der SGB-FSS eine Kursbest\u00e4tigung aus.<br>Bedingung ist allerdings, dass der Kurs nicht l\u00e4nger als ein Jahr zur\u00fcckliegt.<\/li>\n\n\n\n<li><strong>Bestellungen<\/strong><br>Bestellungen m\u00fcssen schriftlich erfolgen und sind verbindlich.<\/li>\n\n\n\n<li><strong>Preise<\/strong><br>Alle Preise sind in CHF [Schweizer Franken) angegeben. Sofern erhoben, sind alle Preise (inkl. des<br>Abonnements f\u00fcr die Zeitschriften) inklusive Mehrwertsteuer zu verstehen. Die Kurse sind mehrwertsteuerbefreit.<br>Versand- und Versicherungskosten sowie Retouren gehen zu Lasten der Kund*innen.<\/li>\n\n\n\n<li><strong>Verf\u00fcgbarkeit und Leistungsvorbehalt f\u00fcr nicht lieferbare Produkte<\/strong><br>Alle Informationen \u00fcber die Verf\u00fcgbarkeit, den Versand und die Lieferung eines Produkts sind vorl\u00e4ufige<br>Informationen und ungef\u00e4hre Richtwerte. Sie stellen keine verbindlichen oder garantierten Versand- oder<br>Liefertermine dar. Eine Haftung f\u00fcr nicht verf\u00fcgbare Produkte oder f\u00fcr Verz\u00f6gerungen beim Versand oder bei<br>der Lieferung wird ausdr\u00fccklich ausgeschlossen.<br>Die Produkte sind verf\u00fcgbar, solange die Vorr\u00e4te reichen. Wenn der SGB-FSS bei der Bearbeitung der<br>Bestellung feststellt, dass die von Kund*innen bestellten Produkte nicht verf\u00fcgbar sind, werden diese<br>unverz\u00fcglich dar\u00fcber informiert. In diesem Fall kommt kein Vertrag \u00fcber die nicht lieferbaren Produkte<br>zustande, da die bestellten Produkte nicht geliefert werden k\u00f6nnen.<\/li>\n\n\n\n<li><strong>Lieferbedingungen und -kosten<\/strong><br>Mit dem Versand der Ware geht die Gefahr auf den K\u00e4ufer \u00fcber.<br>Der SGB-FSS liefert ausschliesslich innerhalb der Schweiz und Liechtenstein. Die Lieferfrist betr\u00e4gt in der<br>Regel max. 10 Wochentage.<br>Die SGB-FSS setzt alles daran, die angegebenen Lieferzeiten einzuhalten. Der SGB-FSS ist jedoch nicht<br>verantwortlich f\u00fcr Lieferverz\u00f6gerungen, unabh\u00e4ngig von deren Ursachen. \u00dcber auftretende<br>Lieferverz\u00f6gerungen werden Kund*innen unverz\u00fcglich informiert.<br>Dauert die Leistungsverhinderung mehr als 4 Wochen nach dem urspr\u00fcnglichen Liefertermin, ist der Kunde berechtigt, seine Bestellung zu widerrufen. Weitergehende Anspr\u00fcche, insbesondere<br>Schadenersatzanspr\u00fcche, sind ausgeschlossen.<br>F\u00fcr jede Lieferung werden explizit Versandkosten verrechnet. F\u00fcr kostenloses Informationsmaterial werden keine Versandkosten verrechnet. Die Versandkosten der Zeitschriften sind in den Abonnementskosten enthalten.<\/li>\n\n\n\n<li><strong>Widerrufs- und R\u00fcckgaberecht<\/strong><br>F\u00fcr alle Eink\u00e4ufe der Produkte \u00fcber den Online-Shop des SGB-FSS gew\u00e4hrt der SGB-FSS Kund<em>innen ein Widerrufsrecht innerhalb von 14 Tagen nach Erhalt der Produkte. Voraussetzung f\u00fcr die Aus\u00fcbung des Widerrufsrechts ist, dass Kund<\/em>innen die Ware unbenutzt, vollst\u00e4ndig und intakt, wenn m\u00f6glich in der Originalverpackung, an den SGB-FSS zur\u00fccksenden. Die Ware muss an folgende Adresse zur\u00fcckgeschickt<br>werden: Schweizerischer Geh\u00f6rlosenbund, R\u00e4ffelstrasse 24, 8045 Z\u00fcrich. Alternativ kann die Ware zu den <\/li>\n\n\n\n<li><strong>\u00d6ffnungszeiten an derselben Adresse pers\u00f6nlich zur\u00fcckgegeben werden.<\/strong><br>Kund<em>innen k\u00f6nnen das Widerrufs- und R\u00fcckgaberecht aus\u00fcben, indem sie die Ware innerhalb von 14 Tagen nach Erhalt der Ware an den SGB-FSS zur\u00fccksenden und den Widerruf in Textform [Brief oder E-Mail an infod@ sgb-fss.ch] mitteilen. Die 14-t\u00e4gige R\u00fcckgabefrist beginnt am Tag nach Erhalt der Ware und ist eingehalten, wenn die Ware oder die Widerrufsmitteilung am letzten Tag zur R\u00fcckgabe bzw. zum Versand an die Post oder ein anderes Transportunternehmen \u00fcbergeben wird. Die R\u00fccksendung eines Produkts erfolgt auf Kosten und Gefahr der Kund<\/em>innen.<br>Bei ordnungsgem\u00e4sser R\u00fcckgabe der Ware erhalten Kund*innen eine Gutschrift in der H\u00f6he des gezahlten<br>Gesamtpreises abz\u00fcglich einer Bearbeitungsgeb\u00fchr von CHF 25.- bzw. CHF 10.- bei einem Warenwert unter<br>CHF 25.-.<\/li>\n\n\n\n<li><strong>Zahlung und Zahlungsbedingungen<\/strong><br>F\u00fcr Kurse und Veranstaltungen wird die Rechnung mit der definitiven Teilnahmebest\u00e4tigung verschickt.<br>F\u00fcr Bestellungen im Online-Shop wird die Rechnung zusammen mit der Lieferung verschickt.<br>F\u00fcr ein Zeitschriften-Abonnement wird ab Bestelleingang eine Rechnung pro rata f\u00fcr das aktuelle Jahr zugestellt. Alle folgenden Rechnungen f\u00fcr die Dauer von einem Jahr werden jeweils im ersten Quartal des<br>Jahres verschickt.<br>Rechnungen des SGB-FSS sind innert 30 Tagen zu bezahlen.<\/li>\n\n\n\n<li><strong>Eigentumsvorbehalt<\/strong><br>Die im Online-Shop bestellte Ware bleibt so lange im Eigentum des SGB-FSS, bis der gesamte in Rechnung gestellte Betrag beglichen wurde.<\/li>\n\n\n\n<li><strong>Laufzeit und K\u00fcndigung eines Abonnements<\/strong><br>Das Zeitschriften-Abonnement l\u00e4uft jeweils f\u00fcr ein Kalenderjahr und erneuert sich automatisch ohne schriftliche K\u00fcndigung f\u00fcr ein weiteres Kalenderjahr. Die K\u00fcndigung muss jeweils sp\u00e4testens bis 31.<br>Dezember schriftlich erfolgen und gilt f\u00fcr das Folgejahr.<\/li>\n\n\n\n<li><strong>Urheber-, Namens- und Markenrechte, Eigentumsrechte<\/strong><br>Die Kund*innen verpflichten sich, das Urheberrecht zu befolgen. Soweit es sich nicht ausdr\u00fccklich um Werke unter einer Creative Commons-Lizenz handelt, sind s\u00e4mtliche vom SGB-FSS erstellten und auf der Webseite verbreiteten Filme, Texte, Bilder und sonstigen Werke urheberrechtlich gesch\u00fctzt. Die Werke d\u00fcrfen nur zum vom SGB-FSS vorgesehenen Zweck verwendet werden. Jegliche anderweitige Nutzung \u00fcber die Nutzung der Webseite hinaus bedarf der vorherigen schriftlichen Zustimmung des SGB-FSS. Die Vervielf\u00e4ltigung der Werke [z.B. Videos oder Geb\u00e4rdensprach-Lexikon-Beitr\u00e4gel sind nicht gestattet.<\/li>\n\n\n\n<li><strong>Schlussbestimmungen<\/strong><br>F\u00fcr alle Rechtsbeziehungen mit dem SGB-FSS ist Schweizer Recht anwendbar. Gerichtsstand ist Z\u00fcrich.<br>Programm- und Preis\u00e4nderungen sowie \u00c4nderungen in den Allgemeinen Gesch\u00e4ftsbedingungen bleiben<br>vorbehalten.<br>Diese AGB treten am 1.10.2023 in Kraft und ersetzen alle fr\u00fcheren AGBs des SGB-FSS.<\/li>\n<\/ol>\n<\/div>\n<\/div>\n<\/div>\n","protected":false},"excerpt":{"rendered":"<p>Die allgemeinen Gesch\u00e4ftsbedingungen (AGB) finden Anwendung f\u00fcr s\u00e4mtliche Eink\u00e4ufe im Shop und das gesamte [&hellip;]<\/p>\n","protected":false},"author":40,"featured_media":0,"parent":0,"menu_order":0,"comment_status":"closed","ping_status":"closed","template":"","meta":{"_acf_changed":false,"inline_featured_image":false,"footnotes":""},"class_list":["post-605","page","type-page","status-publish","hentry"],"acf":[],"yoast_head":"<!-- This site is optimized with the Yoast SEO plugin v27.4 - https:\/\/yoast.com\/product\/yoast-seo-wordpress\/ -->\n<title>Allgemeine Gesch\u00e4ftsbedingungen - SGB-FSS<\/title>\n<meta name=\"robots\" content=\"index, follow, max-snippet:-1, max-image-preview:large, max-video-preview:-1\" \/>\n<link rel=\"canonical\" href=\"https:\/\/www.sgb-fss.ch\/de\/agb\/\" \/>\n<meta property=\"og:locale\" content=\"de_DE\" \/>\n<meta property=\"og:type\" content=\"article\" \/>\n<meta property=\"og:title\" content=\"Allgemeine Gesch\u00e4ftsbedingungen - SGB-FSS\" \/>\n<meta property=\"og:description\" content=\"Die allgemeinen Gesch\u00e4ftsbedingungen (AGB) finden Anwendung f\u00fcr s\u00e4mtliche Eink\u00e4ufe im Shop und das gesamte [&hellip;]\" \/>\n<meta property=\"og:url\" content=\"https:\/\/www.sgb-fss.ch\/de\/agb\/\" \/>\n<meta property=\"og:site_name\" content=\"SGB-FSS\" \/>\n<meta property=\"article:modified_time\" content=\"2024-01-16T14:15:41+00:00\" \/>\n<meta name=\"twitter:card\" content=\"summary_large_image\" \/>\n<meta name=\"twitter:label1\" content=\"Gesch\u00e4tzte Lesezeit\" \/>\n\t<meta name=\"twitter:data1\" content=\"7\u00a0Minuten\" \/>\n<script type=\"application\/ld+json\" class=\"yoast-schema-graph\">{\"@context\":\"https:\\\/\\\/schema.org\",\"@graph\":[{\"@type\":\"WebPage\",\"@id\":\"https:\\\/\\\/www.sgb-fss.ch\\\/de\\\/agb\\\/\",\"url\":\"https:\\\/\\\/www.sgb-fss.ch\\\/de\\\/agb\\\/\",\"name\":\"Allgemeine Gesch\u00e4ftsbedingungen - SGB-FSS\",\"isPartOf\":{\"@id\":\"https:\\\/\\\/www.sgb-fss.ch\\\/de\\\/#website\"},\"datePublished\":\"2021-03-15T17:25:15+00:00\",\"dateModified\":\"2024-01-16T14:15:41+00:00\",\"breadcrumb\":{\"@id\":\"https:\\\/\\\/www.sgb-fss.ch\\\/de\\\/agb\\\/#breadcrumb\"},\"inLanguage\":\"de\",\"potentialAction\":[{\"@type\":\"ReadAction\",\"target\":[\"https:\\\/\\\/www.sgb-fss.ch\\\/de\\\/agb\\\/\"]}]},{\"@type\":\"BreadcrumbList\",\"@id\":\"https:\\\/\\\/www.sgb-fss.ch\\\/de\\\/agb\\\/#breadcrumb\",\"itemListElement\":[{\"@type\":\"ListItem\",\"position\":1,\"name\":\"Home\",\"item\":\"https:\\\/\\\/www.sgb-fss.ch\\\/de\\\/\"},{\"@type\":\"ListItem\",\"position\":2,\"name\":\"Allgemeine Gesch\u00e4ftsbedingungen\"}]},{\"@type\":\"WebSite\",\"@id\":\"https:\\\/\\\/www.sgb-fss.ch\\\/de\\\/#website\",\"url\":\"https:\\\/\\\/www.sgb-fss.ch\\\/de\\\/\",\"name\":\"SGB-FSS\",\"description\":\"\",\"potentialAction\":[{\"@type\":\"SearchAction\",\"target\":{\"@type\":\"EntryPoint\",\"urlTemplate\":\"https:\\\/\\\/www.sgb-fss.ch\\\/de\\\/?s={search_term_string}\"},\"query-input\":{\"@type\":\"PropertyValueSpecification\",\"valueRequired\":true,\"valueName\":\"search_term_string\"}}],\"inLanguage\":\"de\"}]}<\/script>\n<!-- \/ Yoast SEO plugin. -->","yoast_head_json":{"title":"Allgemeine Gesch\u00e4ftsbedingungen - SGB-FSS","robots":{"index":"index","follow":"follow","max-snippet":"max-snippet:-1","max-image-preview":"max-image-preview:large","max-video-preview":"max-video-preview:-1"},"canonical":"https:\/\/www.sgb-fss.ch\/de\/agb\/","og_locale":"de_DE","og_type":"article","og_title":"Allgemeine Gesch\u00e4ftsbedingungen - SGB-FSS","og_description":"Die allgemeinen Gesch\u00e4ftsbedingungen (AGB) finden Anwendung f\u00fcr s\u00e4mtliche Eink\u00e4ufe im Shop und das gesamte [&hellip;]","og_url":"https:\/\/www.sgb-fss.ch\/de\/agb\/","og_site_name":"SGB-FSS","article_modified_time":"2024-01-16T14:15:41+00:00","twitter_card":"summary_large_image","twitter_misc":{"Gesch\u00e4tzte Lesezeit":"7\u00a0Minuten"},"schema":{"@context":"https:\/\/schema.org","@graph":[{"@type":"WebPage","@id":"https:\/\/www.sgb-fss.ch\/de\/agb\/","url":"https:\/\/www.sgb-fss.ch\/de\/agb\/","name":"Allgemeine Gesch\u00e4ftsbedingungen - SGB-FSS","isPartOf":{"@id":"https:\/\/www.sgb-fss.ch\/de\/#website"},"datePublished":"2021-03-15T17:25:15+00:00","dateModified":"2024-01-16T14:15:41+00:00","breadcrumb":{"@id":"https:\/\/www.sgb-fss.ch\/de\/agb\/#breadcrumb"},"inLanguage":"de","potentialAction":[{"@type":"ReadAction","target":["https:\/\/www.sgb-fss.ch\/de\/agb\/"]}]},{"@type":"BreadcrumbList","@id":"https:\/\/www.sgb-fss.ch\/de\/agb\/#breadcrumb","itemListElement":[{"@type":"ListItem","position":1,"name":"Home","item":"https:\/\/www.sgb-fss.ch\/de\/"},{"@type":"ListItem","position":2,"name":"Allgemeine Gesch\u00e4ftsbedingungen"}]},{"@type":"WebSite","@id":"https:\/\/www.sgb-fss.ch\/de\/#website","url":"https:\/\/www.sgb-fss.ch\/de\/","name":"SGB-FSS","description":"","potentialAction":[{"@type":"SearchAction","target":{"@type":"EntryPoint","urlTemplate":"https:\/\/www.sgb-fss.ch\/de\/?s={search_term_string}"},"query-input":{"@type":"PropertyValueSpecification","valueRequired":true,"valueName":"search_term_string"}}],"inLanguage":"de"}]}},"_links":{"self":[{"href":"https:\/\/www.sgb-fss.ch\/de\/wp-json\/wp\/v2\/pages\/605","targetHints":{"allow":["GET"]}}],"collection":[{"href":"https:\/\/www.sgb-fss.ch\/de\/wp-json\/wp\/v2\/pages"}],"about":[{"href":"https:\/\/www.sgb-fss.ch\/de\/wp-json\/wp\/v2\/types\/page"}],"author":[{"embeddable":true,"href":"https:\/\/www.sgb-fss.ch\/de\/wp-json\/wp\/v2\/users\/40"}],"replies":[{"embeddable":true,"href":"https:\/\/www.sgb-fss.ch\/de\/wp-json\/wp\/v2\/comments?post=605"}],"version-history":[{"count":13,"href":"https:\/\/www.sgb-fss.ch\/de\/wp-json\/wp\/v2\/pages\/605\/revisions"}],"predecessor-version":[{"id":30919,"href":"https:\/\/www.sgb-fss.ch\/de\/wp-json\/wp\/v2\/pages\/605\/revisions\/30919"}],"wp:attachment":[{"href":"https:\/\/www.sgb-fss.ch\/de\/wp-json\/wp\/v2\/media?parent=605"}],"curies":[{"name":"wp","href":"https:\/\/api.w.org\/{rel}","templated":true}]}}