{"id":601,"date":"2021-03-15T18:24:31","date_gmt":"2021-03-15T17:24:31","guid":{"rendered":"https:\/\/www.sgb-fss.ch\/?page_id=601"},"modified":"2025-01-08T10:49:46","modified_gmt":"2025-01-08T09:49:46","slug":"impressum","status":"publish","type":"page","link":"https:\/\/www.sgb-fss.ch\/de\/impressum\/","title":{"rendered":"Impressum"},"content":{"rendered":"\n<p><strong>Betreiber der Webseite<\/strong><br>Schweizerischer Geh\u00f6rlosenbund SGB-FSS<br>R\u00e4ffelstrasse 24<br>8045 Z\u00fcrich<\/p>\n\n\n\n<p><strong>Handelsregister-Nummer<\/strong> (Kanton Z\u00fcrich)<br>CH-020.6.002.059-7<br>UID\/MWST: CHE-105.999.602<\/p>\n\n\n\n<p><strong>Fotografie<\/strong><br>Schweizerischer Geh\u00f6rlosenbund SGB-FSS<br>Benjamin Hofer <a href=\"http:\/\/www.benjaminhofer.ch\/\">benjaminhofer.ch<\/a><br>shutterstock.com<br>istockphoto.com<\/p>\n\n\n\n<p><strong>Hosting<\/strong><br>INSOR AG <a href=\"http:\/\/www.insor.ch\/\" target=\"_blank\" rel=\"noreferrer noopener\">insor.ch<\/a><\/p>\n","protected":false},"excerpt":{"rendered":"<p>Betreiber der WebseiteSchweizerischer Geh\u00f6rlosenbund SGB-FSSR\u00e4ffelstrasse 248045 Z\u00fcrich Handelsregister-Nummer (Kanton Z\u00fcrich)CH-020.6.002.059-7UID\/MWST: CHE-105.999.602 FotografieSchweizerischer Geh\u00f6rlosenbund SGB-FSSBenjamin [&hellip;]<\/p>\n","protected":false},"author":40,"featured_media":0,"parent":0,"menu_order":900,"comment_status":"closed","ping_status":"closed","template":"","meta":{"_acf_changed":false,"inline_featured_image":false,"footnotes":""},"class_list":["post-601","page","type-page","status-publish","hentry"],"acf":[],"yoast_head":"<!-- This site is optimized with the Yoast SEO plugin v27.4 - https:\/\/yoast.com\/product\/yoast-seo-wordpress\/ -->\n<title>Impressum - SGB-FSS<\/title>\n<meta name=\"robots\" content=\"index, follow, max-snippet:-1, max-image-preview:large, max-video-preview:-1\" \/>\n<link rel=\"canonical\" href=\"https:\/\/www.sgb-fss.ch\/de\/impressum\/\" \/>\n<meta property=\"og:locale\" content=\"de_DE\" \/>\n<meta property=\"og:type\" content=\"article\" \/>\n<meta property=\"og:title\" content=\"Impressum - SGB-FSS\" \/>\n<meta property=\"og:description\" content=\"Betreiber der WebseiteSchweizerischer Geh\u00f6rlosenbund SGB-FSSR\u00e4ffelstrasse 248045 Z\u00fcrich Handelsregister-Nummer (Kanton Z\u00fcrich)CH-020.6.002.059-7UID\/MWST: CHE-105.999.602 FotografieSchweizerischer Geh\u00f6rlosenbund SGB-FSSBenjamin [&hellip;]\" \/>\n<meta property=\"og:url\" content=\"https:\/\/www.sgb-fss.ch\/de\/impressum\/\" \/>\n<meta property=\"og:site_name\" content=\"SGB-FSS\" \/>\n<meta property=\"article:modified_time\" content=\"2025-01-08T09:49:46+00:00\" \/>\n<meta name=\"twitter:card\" content=\"summary_large_image\" \/>\n<meta name=\"twitter:label1\" content=\"Gesch\u00e4tzte Lesezeit\" \/>\n\t<meta name=\"twitter:data1\" content=\"1\u00a0Minute\" \/>\n<script type=\"application\/ld+json\" class=\"yoast-schema-graph\">{\"@context\":\"https:\\\/\\\/schema.org\",\"@graph\":[{\"@type\":\"WebPage\",\"@id\":\"https:\\\/\\\/www.sgb-fss.ch\\\/de\\\/impressum\\\/\",\"url\":\"https:\\\/\\\/www.sgb-fss.ch\\\/de\\\/impressum\\\/\",\"name\":\"Impressum - SGB-FSS\",\"isPartOf\":{\"@id\":\"https:\\\/\\\/www.sgb-fss.ch\\\/de\\\/#website\"},\"datePublished\":\"2021-03-15T17:24:31+00:00\",\"dateModified\":\"2025-01-08T09:49:46+00:00\",\"breadcrumb\":{\"@id\":\"https:\\\/\\\/www.sgb-fss.ch\\\/de\\\/impressum\\\/#breadcrumb\"},\"inLanguage\":\"de\",\"potentialAction\":[{\"@type\":\"ReadAction\",\"target\":[\"https:\\\/\\\/www.sgb-fss.ch\\\/de\\\/impressum\\\/\"]}]},{\"@type\":\"BreadcrumbList\",\"@id\":\"https:\\\/\\\/www.sgb-fss.ch\\\/de\\\/impressum\\\/#breadcrumb\",\"itemListElement\":[{\"@type\":\"ListItem\",\"position\":1,\"name\":\"Home\",\"item\":\"https:\\\/\\\/www.sgb-fss.ch\\\/de\\\/\"},{\"@type\":\"ListItem\",\"position\":2,\"name\":\"Impressum\"}]},{\"@type\":\"WebSite\",\"@id\":\"https:\\\/\\\/www.sgb-fss.ch\\\/de\\\/#website\",\"url\":\"https:\\\/\\\/www.sgb-fss.ch\\\/de\\\/\",\"name\":\"SGB-FSS\",\"description\":\"\",\"potentialAction\":[{\"@type\":\"SearchAction\",\"target\":{\"@type\":\"EntryPoint\",\"urlTemplate\":\"https:\\\/\\\/www.sgb-fss.ch\\\/de\\\/?s={search_term_string}\"},\"query-input\":{\"@type\":\"PropertyValueSpecification\",\"valueRequired\":true,\"valueName\":\"search_term_string\"}}],\"inLanguage\":\"de\"}]}<\/script>\n<!-- \/ Yoast SEO plugin. -->","yoast_head_json":{"title":"Impressum - SGB-FSS","robots":{"index":"index","follow":"follow","max-snippet":"max-snippet:-1","max-image-preview":"max-image-preview:large","max-video-preview":"max-video-preview:-1"},"canonical":"https:\/\/www.sgb-fss.ch\/de\/impressum\/","og_locale":"de_DE","og_type":"article","og_title":"Impressum - SGB-FSS","og_description":"Betreiber der WebseiteSchweizerischer Geh\u00f6rlosenbund SGB-FSSR\u00e4ffelstrasse 248045 Z\u00fcrich Handelsregister-Nummer (Kanton Z\u00fcrich)CH-020.6.002.059-7UID\/MWST: CHE-105.999.602 FotografieSchweizerischer Geh\u00f6rlosenbund SGB-FSSBenjamin [&hellip;]","og_url":"https:\/\/www.sgb-fss.ch\/de\/impressum\/","og_site_name":"SGB-FSS","article_modified_time":"2025-01-08T09:49:46+00:00","twitter_card":"summary_large_image","twitter_misc":{"Gesch\u00e4tzte Lesezeit":"1\u00a0Minute"},"schema":{"@context":"https:\/\/schema.org","@graph":[{"@type":"WebPage","@id":"https:\/\/www.sgb-fss.ch\/de\/impressum\/","url":"https:\/\/www.sgb-fss.ch\/de\/impressum\/","name":"Impressum - SGB-FSS","isPartOf":{"@id":"https:\/\/www.sgb-fss.ch\/de\/#website"},"datePublished":"2021-03-15T17:24:31+00:00","dateModified":"2025-01-08T09:49:46+00:00","breadcrumb":{"@id":"https:\/\/www.sgb-fss.ch\/de\/impressum\/#breadcrumb"},"inLanguage":"de","potentialAction":[{"@type":"ReadAction","target":["https:\/\/www.sgb-fss.ch\/de\/impressum\/"]}]},{"@type":"BreadcrumbList","@id":"https:\/\/www.sgb-fss.ch\/de\/impressum\/#breadcrumb","itemListElement":[{"@type":"ListItem","position":1,"name":"Home","item":"https:\/\/www.sgb-fss.ch\/de\/"},{"@type":"ListItem","position":2,"name":"Impressum"}]},{"@type":"WebSite","@id":"https:\/\/www.sgb-fss.ch\/de\/#website","url":"https:\/\/www.sgb-fss.ch\/de\/","name":"SGB-FSS","description":"","potentialAction":[{"@type":"SearchAction","target":{"@type":"EntryPoint","urlTemplate":"https:\/\/www.sgb-fss.ch\/de\/?s={search_term_string}"},"query-input":{"@type":"PropertyValueSpecification","valueRequired":true,"valueName":"search_term_string"}}],"inLanguage":"de"}]}},"_links":{"self":[{"href":"https:\/\/www.sgb-fss.ch\/de\/wp-json\/wp\/v2\/pages\/601","targetHints":{"allow":["GET"]}}],"collection":[{"href":"https:\/\/www.sgb-fss.ch\/de\/wp-json\/wp\/v2\/pages"}],"about":[{"href":"https:\/\/www.sgb-fss.ch\/de\/wp-json\/wp\/v2\/types\/page"}],"author":[{"embeddable":true,"href":"https:\/\/www.sgb-fss.ch\/de\/wp-json\/wp\/v2\/users\/40"}],"replies":[{"embeddable":true,"href":"https:\/\/www.sgb-fss.ch\/de\/wp-json\/wp\/v2\/comments?post=601"}],"version-history":[{"count":12,"href":"https:\/\/www.sgb-fss.ch\/de\/wp-json\/wp\/v2\/pages\/601\/revisions"}],"predecessor-version":[{"id":36417,"href":"https:\/\/www.sgb-fss.ch\/de\/wp-json\/wp\/v2\/pages\/601\/revisions\/36417"}],"wp:attachment":[{"href":"https:\/\/www.sgb-fss.ch\/de\/wp-json\/wp\/v2\/media?parent=601"}],"curies":[{"name":"wp","href":"https:\/\/api.w.org\/{rel}","templated":true}]}}