{"id":42979,"date":"2026-02-12T08:58:30","date_gmt":"2026-02-12T07:58:30","guid":{"rendered":"https:\/\/www.sgb-fss.ch\/?page_id=42979"},"modified":"2026-02-16T15:09:50","modified_gmt":"2026-02-16T14:09:50","slug":"80-jahre","status":"publish","type":"page","link":"https:\/\/www.sgb-fss.ch\/de\/80-jahre\/","title":{"rendered":"80 Jahre Geh\u00f6rlosenbund"},"content":{"rendered":"\n<p class=\"is-style-lead\">Seit 1946 setzen wir uns mit Herzblut f\u00fcr die Chancen und Rechte geh\u00f6rloser und h\u00f6rbehinderter Menschen ein. Dieses Jubil\u00e4um ist ein besonderer Moment, um zur\u00fcckzublicken, Danke zu sagen und gemeinsam nach vorne zu schauen.<\/p>\n\n\n\n<figure class=\"wp-block-image size-large\"><img loading=\"lazy\" decoding=\"async\" width=\"1024\" height=\"576\" src=\"https:\/\/www.sgb-fss.ch\/content\/uploads\/slider_jubilaeum-1024x576.jpg\" alt=\"\" class=\"wp-image-42947\" srcset=\"https:\/\/www.sgb-fss.ch\/content\/uploads\/slider_jubilaeum-1024x576.jpg 1024w, https:\/\/www.sgb-fss.ch\/content\/uploads\/slider_jubilaeum-300x169.jpg 300w, https:\/\/www.sgb-fss.ch\/content\/uploads\/slider_jubilaeum-150x84.jpg 150w, https:\/\/www.sgb-fss.ch\/content\/uploads\/slider_jubilaeum-768x432.jpg 768w, https:\/\/www.sgb-fss.ch\/content\/uploads\/slider_jubilaeum-1536x864.jpg 1536w, https:\/\/www.sgb-fss.ch\/content\/uploads\/slider_jubilaeum-2048x1152.jpg 2048w, https:\/\/www.sgb-fss.ch\/content\/uploads\/slider_jubilaeum-178x100.jpg 178w\" sizes=\"auto, (max-width: 1024px) 100vw, 1024px\" \/><\/figure>\n\n\n\n<div class=\"wp-block-group is-layout-constrained wp-block-group-is-layout-constrained\">\n<div class=\"wp-block-columns is-layout-flex wp-container-core-columns-is-layout-9d6595d7 wp-block-columns-is-layout-flex\">\n<div class=\"wp-block-column has-indigo-10-background-color has-background is-layout-flow wp-block-column-is-layout-flow\">\n<h2 class=\"wp-block-heading has-text-align-center\">Jubil\u00e4ums-Quiz<\/h2>\n\n\n\n<p class=\"has-text-align-center\">Jetzt mitmachen und einen Gutschein im Wert von CHF 80.- gewinnen.<\/p>\n\n\n\n<div class=\"wp-block-buttons is-content-justification-center is-layout-flex wp-container-core-buttons-is-layout-16018d1d wp-block-buttons-is-layout-flex\">\n<div class=\"wp-block-button\"><a class=\"wp-block-button__link wp-element-button\" href=\"https:\/\/www.sgb-fss.ch\/de\/aktuell\/qsm_quiz\/quiz-80-jahre-gehoerlosenbund\/\" target=\"_blank\" rel=\"noreferrer noopener\">Zum Quiz<\/a><\/div>\n<\/div>\n\n\n\n<figure class=\"wp-block-image size-large\"><img loading=\"lazy\" decoding=\"async\" width=\"1024\" height=\"576\" src=\"https:\/\/www.sgb-fss.ch\/content\/uploads\/2023\/09\/quiz-1024x576.jpg\" alt=\"Quiz\" class=\"wp-image-25114\" srcset=\"https:\/\/www.sgb-fss.ch\/content\/uploads\/2023\/09\/quiz-1024x576.jpg 1024w, https:\/\/www.sgb-fss.ch\/content\/uploads\/2023\/09\/quiz-300x169.jpg 300w, https:\/\/www.sgb-fss.ch\/content\/uploads\/2023\/09\/quiz-150x84.jpg 150w, https:\/\/www.sgb-fss.ch\/content\/uploads\/2023\/09\/quiz-768x432.jpg 768w, https:\/\/www.sgb-fss.ch\/content\/uploads\/2023\/09\/quiz-178x100.jpg 178w, https:\/\/www.sgb-fss.ch\/content\/uploads\/2023\/09\/quiz-600x337.jpg 600w, https:\/\/www.sgb-fss.ch\/content\/uploads\/2023\/09\/quiz.jpg 1332w\" sizes=\"auto, (max-width: 1024px) 100vw, 1024px\" \/><\/figure>\n<\/div>\n<\/div>\n<\/div>\n\n\n<div class=\"block block-teaserpages\" id=\"block_2e544ced00cd54effd018cfd63603b6c\" data-block=\"Teaser Pages\">\n  <ul class=\"block-teaserpages__list\">\n            <li class=\"block-teaserpages__item\">\n        <a class=\"accent teaserpage\" href=\"https:\/\/www.sgb-fss.ch\/de\/verband\/bewegte-geschichte\/geschichte-des-gehoerlosenbundes\/\">\n  <div class=\"teaserpage__thumbnail\">\n            <div class=\"image teaserpage__thumbnail-image\" >\n    <img decoding=\"async\"\n      loading=\"lazy\"\n      class=\"image__object lazyload\"\n      src=\"https:\/\/www.sgb-fss.ch\/content\/uploads\/2021\/06\/geschichte_sgb-e1624527112502-1440x0-c-default.jpg\"       data-sizes=\"auto\"\n      data-srcset=\"https:\/\/www.sgb-fss.ch\/content\/uploads\/2021\/06\/geschichte_sgb-e1624527112502-1000x0-c-default.jpg 1000w, https:\/\/www.sgb-fss.ch\/content\/uploads\/2021\/06\/geschichte_sgb-e1624527112502-700x0-c-default.jpg 700w, https:\/\/www.sgb-fss.ch\/content\/uploads\/2021\/06\/geschichte_sgb-e1624527112502-350x0-c-default.jpg 350w, \"\n      alt=\"\"\n      width=\"1025\"\n      height=\"576\"\n            >\n  <\/div>\n      <\/div>\n  <h3 class=\"teaserpage__title\">Geschichte des Geh\u00f6rlosenbundes<\/h3>\n  <p class=\"teaserpage__lead\">Von der Taubstummenhilfe zum Schweizerischen Geh\u00f6rlosenbund: Wir haben eine bewegte Geschichte hinter uns und schauen weiterhin vielen Aufgaben und Herausforderungen entgegen. <\/p>  <\/a>\n      <\/li>\n    <\/ul>\n<\/div>\n\n\n\n<figure class=\"wp-block-image size-large\"><img loading=\"lazy\" decoding=\"async\" width=\"1024\" height=\"576\" src=\"https:\/\/www.sgb-fss.ch\/content\/uploads\/slider_jubilaeum_2-1024x576.jpg\" alt=\"\" class=\"wp-image-42952\" srcset=\"https:\/\/www.sgb-fss.ch\/content\/uploads\/slider_jubilaeum_2-1024x576.jpg 1024w, https:\/\/www.sgb-fss.ch\/content\/uploads\/slider_jubilaeum_2-300x169.jpg 300w, https:\/\/www.sgb-fss.ch\/content\/uploads\/slider_jubilaeum_2-150x84.jpg 150w, https:\/\/www.sgb-fss.ch\/content\/uploads\/slider_jubilaeum_2-768x432.jpg 768w, https:\/\/www.sgb-fss.ch\/content\/uploads\/slider_jubilaeum_2-1536x864.jpg 1536w, https:\/\/www.sgb-fss.ch\/content\/uploads\/slider_jubilaeum_2-2048x1152.jpg 2048w, https:\/\/www.sgb-fss.ch\/content\/uploads\/slider_jubilaeum_2-178x100.jpg 178w\" sizes=\"auto, (max-width: 1024px) 100vw, 1024px\" \/><\/figure>\n","protected":false},"excerpt":{"rendered":"<p>Seit 1946 setzen wir uns mit Herzblut f\u00fcr die Chancen und Rechte geh\u00f6rloser und [&hellip;]<\/p>\n","protected":false},"author":81,"featured_media":0,"parent":0,"menu_order":0,"comment_status":"closed","ping_status":"closed","template":"","meta":{"_acf_changed":false,"inline_featured_image":false,"footnotes":""},"class_list":["post-42979","page","type-page","status-publish","hentry"],"acf":[],"yoast_head":"<!-- This site is optimized with the Yoast SEO plugin v27.4 - https:\/\/yoast.com\/product\/yoast-seo-wordpress\/ -->\n<title>80 Jahre Geh\u00f6rlosenbund - SGB-FSS<\/title>\n<meta name=\"robots\" content=\"index, follow, max-snippet:-1, max-image-preview:large, max-video-preview:-1\" \/>\n<link rel=\"canonical\" href=\"https:\/\/www.sgb-fss.ch\/de\/80-jahre\/\" \/>\n<meta property=\"og:locale\" content=\"de_DE\" \/>\n<meta property=\"og:type\" content=\"article\" \/>\n<meta property=\"og:title\" content=\"80 Jahre Geh\u00f6rlosenbund - SGB-FSS\" \/>\n<meta property=\"og:description\" content=\"Seit 1946 setzen wir uns mit Herzblut f\u00fcr die Chancen und Rechte geh\u00f6rloser und [&hellip;]\" \/>\n<meta property=\"og:url\" content=\"https:\/\/www.sgb-fss.ch\/de\/80-jahre\/\" \/>\n<meta property=\"og:site_name\" content=\"SGB-FSS\" \/>\n<meta property=\"article:modified_time\" content=\"2026-02-16T14:09:50+00:00\" \/>\n<meta property=\"og:image\" content=\"https:\/\/www.sgb-fss.ch\/content\/uploads\/slider_jubilaeum-scaled.jpg\" \/>\n\t<meta property=\"og:image:width\" content=\"2560\" \/>\n\t<meta property=\"og:image:height\" content=\"1440\" \/>\n\t<meta property=\"og:image:type\" content=\"image\/jpeg\" \/>\n<meta name=\"twitter:card\" content=\"summary_large_image\" \/>\n<meta name=\"twitter:label1\" content=\"Gesch\u00e4tzte Lesezeit\" \/>\n\t<meta name=\"twitter:data1\" content=\"1\u00a0Minute\" \/>\n<script type=\"application\/ld+json\" class=\"yoast-schema-graph\">{\"@context\":\"https:\\\/\\\/schema.org\",\"@graph\":[{\"@type\":\"WebPage\",\"@id\":\"https:\\\/\\\/www.sgb-fss.ch\\\/de\\\/80-jahre\\\/\",\"url\":\"https:\\\/\\\/www.sgb-fss.ch\\\/de\\\/80-jahre\\\/\",\"name\":\"80 Jahre Geh\u00f6rlosenbund - SGB-FSS\",\"isPartOf\":{\"@id\":\"https:\\\/\\\/www.sgb-fss.ch\\\/de\\\/#website\"},\"primaryImageOfPage\":{\"@id\":\"https:\\\/\\\/www.sgb-fss.ch\\\/de\\\/80-jahre\\\/#primaryimage\"},\"image\":{\"@id\":\"https:\\\/\\\/www.sgb-fss.ch\\\/de\\\/80-jahre\\\/#primaryimage\"},\"thumbnailUrl\":\"https:\\\/\\\/www.sgb-fss.ch\\\/content\\\/uploads\\\/slider_jubilaeum-1024x576.jpg\",\"datePublished\":\"2026-02-12T07:58:30+00:00\",\"dateModified\":\"2026-02-16T14:09:50+00:00\",\"breadcrumb\":{\"@id\":\"https:\\\/\\\/www.sgb-fss.ch\\\/de\\\/80-jahre\\\/#breadcrumb\"},\"inLanguage\":\"de\",\"potentialAction\":[{\"@type\":\"ReadAction\",\"target\":[\"https:\\\/\\\/www.sgb-fss.ch\\\/de\\\/80-jahre\\\/\"]}]},{\"@type\":\"ImageObject\",\"inLanguage\":\"de\",\"@id\":\"https:\\\/\\\/www.sgb-fss.ch\\\/de\\\/80-jahre\\\/#primaryimage\",\"url\":\"https:\\\/\\\/www.sgb-fss.ch\\\/content\\\/uploads\\\/slider_jubilaeum-1024x576.jpg\",\"contentUrl\":\"https:\\\/\\\/www.sgb-fss.ch\\\/content\\\/uploads\\\/slider_jubilaeum-1024x576.jpg\"},{\"@type\":\"BreadcrumbList\",\"@id\":\"https:\\\/\\\/www.sgb-fss.ch\\\/de\\\/80-jahre\\\/#breadcrumb\",\"itemListElement\":[{\"@type\":\"ListItem\",\"position\":1,\"name\":\"Home\",\"item\":\"https:\\\/\\\/www.sgb-fss.ch\\\/de\\\/\"},{\"@type\":\"ListItem\",\"position\":2,\"name\":\"80 Jahre Geh\u00f6rlosenbund\"}]},{\"@type\":\"WebSite\",\"@id\":\"https:\\\/\\\/www.sgb-fss.ch\\\/de\\\/#website\",\"url\":\"https:\\\/\\\/www.sgb-fss.ch\\\/de\\\/\",\"name\":\"SGB-FSS\",\"description\":\"\",\"potentialAction\":[{\"@type\":\"SearchAction\",\"target\":{\"@type\":\"EntryPoint\",\"urlTemplate\":\"https:\\\/\\\/www.sgb-fss.ch\\\/de\\\/?s={search_term_string}\"},\"query-input\":{\"@type\":\"PropertyValueSpecification\",\"valueRequired\":true,\"valueName\":\"search_term_string\"}}],\"inLanguage\":\"de\"}]}<\/script>\n<!-- \/ Yoast SEO plugin. -->","yoast_head_json":{"title":"80 Jahre Geh\u00f6rlosenbund - SGB-FSS","robots":{"index":"index","follow":"follow","max-snippet":"max-snippet:-1","max-image-preview":"max-image-preview:large","max-video-preview":"max-video-preview:-1"},"canonical":"https:\/\/www.sgb-fss.ch\/de\/80-jahre\/","og_locale":"de_DE","og_type":"article","og_title":"80 Jahre Geh\u00f6rlosenbund - SGB-FSS","og_description":"Seit 1946 setzen wir uns mit Herzblut f\u00fcr die Chancen und Rechte geh\u00f6rloser und [&hellip;]","og_url":"https:\/\/www.sgb-fss.ch\/de\/80-jahre\/","og_site_name":"SGB-FSS","article_modified_time":"2026-02-16T14:09:50+00:00","og_image":[{"width":2560,"height":1440,"url":"https:\/\/www.sgb-fss.ch\/content\/uploads\/slider_jubilaeum-scaled.jpg","type":"image\/jpeg"}],"twitter_card":"summary_large_image","twitter_misc":{"Gesch\u00e4tzte Lesezeit":"1\u00a0Minute"},"schema":{"@context":"https:\/\/schema.org","@graph":[{"@type":"WebPage","@id":"https:\/\/www.sgb-fss.ch\/de\/80-jahre\/","url":"https:\/\/www.sgb-fss.ch\/de\/80-jahre\/","name":"80 Jahre Geh\u00f6rlosenbund - SGB-FSS","isPartOf":{"@id":"https:\/\/www.sgb-fss.ch\/de\/#website"},"primaryImageOfPage":{"@id":"https:\/\/www.sgb-fss.ch\/de\/80-jahre\/#primaryimage"},"image":{"@id":"https:\/\/www.sgb-fss.ch\/de\/80-jahre\/#primaryimage"},"thumbnailUrl":"https:\/\/www.sgb-fss.ch\/content\/uploads\/slider_jubilaeum-1024x576.jpg","datePublished":"2026-02-12T07:58:30+00:00","dateModified":"2026-02-16T14:09:50+00:00","breadcrumb":{"@id":"https:\/\/www.sgb-fss.ch\/de\/80-jahre\/#breadcrumb"},"inLanguage":"de","potentialAction":[{"@type":"ReadAction","target":["https:\/\/www.sgb-fss.ch\/de\/80-jahre\/"]}]},{"@type":"ImageObject","inLanguage":"de","@id":"https:\/\/www.sgb-fss.ch\/de\/80-jahre\/#primaryimage","url":"https:\/\/www.sgb-fss.ch\/content\/uploads\/slider_jubilaeum-1024x576.jpg","contentUrl":"https:\/\/www.sgb-fss.ch\/content\/uploads\/slider_jubilaeum-1024x576.jpg"},{"@type":"BreadcrumbList","@id":"https:\/\/www.sgb-fss.ch\/de\/80-jahre\/#breadcrumb","itemListElement":[{"@type":"ListItem","position":1,"name":"Home","item":"https:\/\/www.sgb-fss.ch\/de\/"},{"@type":"ListItem","position":2,"name":"80 Jahre Geh\u00f6rlosenbund"}]},{"@type":"WebSite","@id":"https:\/\/www.sgb-fss.ch\/de\/#website","url":"https:\/\/www.sgb-fss.ch\/de\/","name":"SGB-FSS","description":"","potentialAction":[{"@type":"SearchAction","target":{"@type":"EntryPoint","urlTemplate":"https:\/\/www.sgb-fss.ch\/de\/?s={search_term_string}"},"query-input":{"@type":"PropertyValueSpecification","valueRequired":true,"valueName":"search_term_string"}}],"inLanguage":"de"}]}},"_links":{"self":[{"href":"https:\/\/www.sgb-fss.ch\/de\/wp-json\/wp\/v2\/pages\/42979","targetHints":{"allow":["GET"]}}],"collection":[{"href":"https:\/\/www.sgb-fss.ch\/de\/wp-json\/wp\/v2\/pages"}],"about":[{"href":"https:\/\/www.sgb-fss.ch\/de\/wp-json\/wp\/v2\/types\/page"}],"author":[{"embeddable":true,"href":"https:\/\/www.sgb-fss.ch\/de\/wp-json\/wp\/v2\/users\/81"}],"replies":[{"embeddable":true,"href":"https:\/\/www.sgb-fss.ch\/de\/wp-json\/wp\/v2\/comments?post=42979"}],"version-history":[{"count":6,"href":"https:\/\/www.sgb-fss.ch\/de\/wp-json\/wp\/v2\/pages\/42979\/revisions"}],"predecessor-version":[{"id":43944,"href":"https:\/\/www.sgb-fss.ch\/de\/wp-json\/wp\/v2\/pages\/42979\/revisions\/43944"}],"wp:attachment":[{"href":"https:\/\/www.sgb-fss.ch\/de\/wp-json\/wp\/v2\/media?parent=42979"}],"curies":[{"name":"wp","href":"https:\/\/api.w.org\/{rel}","templated":true}]}}