{"id":41038,"date":"2025-10-06T12:24:42","date_gmt":"2025-10-06T10:24:42","guid":{"rendered":"https:\/\/www.sgb-fss.ch\/?page_id=41038"},"modified":"2025-12-10T16:15:32","modified_gmt":"2025-12-10T15:15:32","slug":"gebaerde-des-jahres","status":"publish","type":"page","link":"https:\/\/www.sgb-fss.ch\/de\/gebaerde-des-jahres\/","title":{"rendered":"Geb\u00e4rde des Jahres 2025"},"content":{"rendered":"\n<p class=\"is-style-lead\">Welche Geb\u00e4rde hat das Jahr 2025 gepr\u00e4gt? Die \u00abGeb\u00e4rde des Jahres\u00bb zeigt, was uns als Geb\u00e4rdensprachgemeinschaft bewegt.<\/p>\n\n\n\n<div class=\"wp-block-group has-sgb-fss-blue-30-background-color has-background is-layout-constrained wp-block-group-is-layout-constrained\">\n<h2 class=\"wp-block-heading has-text-align-center\"><strong>\u00abInklusion\u00bb<\/strong><\/h2>\n\n\n\n<figure class=\"wp-block-video\"><video height=\"480\" style=\"aspect-ratio: 640 \/ 480;\" width=\"640\" controls src=\"https:\/\/www.sgb-fss.ch\/content\/uploads\/gdj_inklusion_8836fe1c-ada2-cfc1-40265da476fe7a19.mp4\"><\/video><\/figure>\n\n\n\n<p>Die Geb\u00e4rde \u00abInklusion\u00bb steht f\u00fcr die Erfahrungen und Anliegen geh\u00f6rloser und h\u00f6rbehinderter Menschen in der Schweiz. Echte Inklusion bedeutet, dass sie in allen Bereichen der Gesellschaft selbstverst\u00e4ndlich einbezogen werden. Daf\u00fcr braucht es gleiche Rechte und Zugang zu Kommunikation. Zentral ist dabei die Anerkennung der Geb\u00e4rdensprachen in der Schweiz \u2013 denn ohne Sprache gibt es keine echte Inklusion.<\/p>\n<\/div>\n\n\n\n<p class=\"has-text-align-center\"><a href=\"https:\/\/www.sgb-fss.ch\/de\/aktuell\/inklusion-ist-die-gebaerde-des-jahres-2025\/\">Mehr dazu in der Medienmitteilung<\/a><\/p>\n\n\n\n<figure class=\"wp-block-image size-large\"><img loading=\"lazy\" decoding=\"async\" width=\"1024\" height=\"505\" src=\"https:\/\/www.sgb-fss.ch\/content\/uploads\/logo-gebarde-des-jahres_o_2025_trans_slider-1024x505.png\" alt=\"\" class=\"wp-image-41047\" srcset=\"https:\/\/www.sgb-fss.ch\/content\/uploads\/logo-gebarde-des-jahres_o_2025_trans_slider-1024x505.png 1024w, https:\/\/www.sgb-fss.ch\/content\/uploads\/logo-gebarde-des-jahres_o_2025_trans_slider-300x148.png 300w, https:\/\/www.sgb-fss.ch\/content\/uploads\/logo-gebarde-des-jahres_o_2025_trans_slider-150x74.png 150w, https:\/\/www.sgb-fss.ch\/content\/uploads\/logo-gebarde-des-jahres_o_2025_trans_slider-768x379.png 768w, https:\/\/www.sgb-fss.ch\/content\/uploads\/logo-gebarde-des-jahres_o_2025_trans_slider-1536x758.png 1536w, https:\/\/www.sgb-fss.ch\/content\/uploads\/logo-gebarde-des-jahres_o_2025_trans_slider-200x100.png 200w, https:\/\/www.sgb-fss.ch\/content\/uploads\/logo-gebarde-des-jahres_o_2025_trans_slider.png 1647w\" sizes=\"auto, (max-width: 1024px) 100vw, 1024px\" \/><\/figure>\n\n\n\n<h2 class=\"wp-block-heading\" id=\"wahl\">So l\u00e4uft die Wahl ab<\/h2>\n\n\n\n<h3 class=\"wp-block-heading\"><strong>1\ufe0f\u20e3 Ideen einreichen<\/strong><\/h3>\n\n\n\n<p>Bis zum <mark style=\"background-color: rgba(0, 0, 0, 0);\" class=\"has-inline-color has-terrakotta-color\"><b>26. Oktober<\/b><\/mark> k\u00f6nnen Ideen eingereicht werden \u2013 per Nachricht oder Kommentar auf Instagram\/Facebook oder per E-Mail.<br>Schreib kurz, warum die Geb\u00e4rde wichtig oder typisch f\u00fcr dieses Jahr ist.<\/p>\n\n\n\n<h3 class=\"wp-block-heading\"><strong>2\ufe0f\u20e3 Vorauswahl durch Expert*innen<\/strong><\/h3>\n\n\n\n<p>Eine Geb\u00e4rdensprach-Expert*innengruppe \u2013 bestehend aus geh\u00f6rlosen Fachpersonen \u2013 pr\u00fcft alle Vorschl\u00e4ge.<br>Sie w\u00e4hlt drei Geb\u00e4rden aus, die besonders relevant, verst\u00e4ndlich und sprachlich stimmig sind.<\/p>\n\n\n\n<h3 class=\"wp-block-heading\"><strong>3\ufe0f\u20e3 Abstimmung durch die Community<\/strong><\/h3>\n\n\n\n<p>Die Geb\u00e4rdensprachgemeinschaft entscheidet: Vom <mark style=\"background-color:rgba(0, 0, 0, 0)\" class=\"has-inline-color has-terrakotta-color\"><strong>24. November bis 7. Dezember<\/strong><\/mark> stimmen wir online ab, welche Geb\u00e4rde zur Geb\u00e4rde des Jahres 2025 wird.<\/p>\n\n\n\n<h3 class=\"wp-block-heading\"><strong>4\ufe0f\u20e3 Bekanntgabe der Gewinner-Geb\u00e4rde<\/strong><\/h3>\n\n\n\n<p>Am <strong><mark style=\"background-color:rgba(0, 0, 0, 0)\" class=\"has-inline-color has-terrakotta-color\">10. Dezember<\/mark><\/strong> wird die \u00abGeb\u00e4rde des Jahres\u00bb vorgestellt.<\/p>\n\n\n\n<div class=\"wp-block-group has-sgb-fss-blue-15-background-color has-background is-layout-constrained wp-block-group-is-layout-constrained\">\n<div class=\"wp-block-columns is-layout-flex wp-container-core-columns-is-layout-9d6595d7 wp-block-columns-is-layout-flex\">\n<div class=\"wp-block-column is-layout-flow wp-block-column-is-layout-flow\" style=\"flex-basis:100%\">\n<h2 class=\"wp-block-heading\" id=\"faq\">FAQ&#8217;s<\/h2>\n\n\n<div class=\"block-expandable\" data-init=\"expandable\" id=\"block_b7b9aa02b029bfc9abc3c35414fb4cba\" data-block=\"Ausklappmodul\">\n    <button class=\"block-expandable__trigger\" data-expandable=\"trigger\" aria-controls=\"block_b7b9aa02b029bfc9abc3c35414fb4cba--content\" aria-expanded=\"false\">\n     <p>Wer darf bei der Wahl mitmachen?<\/p>\n\n      <i class=\"block-expandable__icon\"><\/i>\n    <\/button>\n    <div id=\"block_b7b9aa02b029bfc9abc3c35414fb4cba--content\" class=\"block-expandable__content\" data-expandable=\"content\" aria-hidden=\"true\">\n      <div>\n        \n\n<p>Alle, die sich zur Geb\u00e4rdensprachgemeinschaft zugeh\u00f6rig f\u00fchlen \u2013 egal, ob geh\u00f6rlos, schwerh\u00f6rig oder h\u00f6rend.<\/p>\n\n\n      <\/div>\n    <\/div>\n<\/div>\n\n\n<div class=\"block-expandable\" data-init=\"expandable\" id=\"block_d9a5dcbaf893cccdbff92fa8c4ce9ca0\" data-block=\"Ausklappmodul\">\n    <button class=\"block-expandable__trigger\" data-expandable=\"trigger\" aria-controls=\"block_d9a5dcbaf893cccdbff92fa8c4ce9ca0--content\" aria-expanded=\"false\">\n     <p>Welche Geb\u00e4rden k\u00f6nnen eingereicht werden?<\/p>\n\n      <i class=\"block-expandable__icon\"><\/i>\n    <\/button>\n    <div id=\"block_d9a5dcbaf893cccdbff92fa8c4ce9ca0--content\" class=\"block-expandable__content\" data-expandable=\"content\" aria-hidden=\"true\">\n      <div>\n        \n\n<p>Eingereicht werden kann jede Geb\u00e4rde. Das k\u00f6nnen Geb\u00e4rden zu Themen, Personen, Ereignissen etc. sein. Sowohl neue als auch bereits bekannte Geb\u00e4rden, die aktuell relevant sind, sind willkommen.<\/p>\n\n\n      <\/div>\n    <\/div>\n<\/div>\n\n\n<div class=\"block-expandable\" data-init=\"expandable\" id=\"block_59bff37f611752e1da38ec4df9fbabea\" data-block=\"Ausklappmodul\">\n    <button class=\"block-expandable__trigger\" data-expandable=\"trigger\" aria-controls=\"block_59bff37f611752e1da38ec4df9fbabea--content\" aria-expanded=\"false\">\n     <p>Warum machen wir das?<\/p>\n\n      <i class=\"block-expandable__icon\"><\/i>\n    <\/button>\n    <div id=\"block_59bff37f611752e1da38ec4df9fbabea--content\" class=\"block-expandable__content\" data-expandable=\"content\" aria-hidden=\"true\">\n      <div>\n        \n\n<p>Es geht um Sprache, Teilhabe und Identit\u00e4t. Die \u00abGeb\u00e4rde des Jahres\u00bb soll auch die Sichtbarkeit der Geb\u00e4rdensprachen st\u00e4rken und zeigen, welche Themen die Geb\u00e4rdensprachgemeinschaft bewegen.<br><\/p>\n\n\n      <\/div>\n    <\/div>\n<\/div>\n\n\n<div class=\"block-expandable\" data-init=\"expandable\" id=\"block_559d90a7634059dc85c26062b7af8058\" data-block=\"Ausklappmodul\">\n    <button class=\"block-expandable__trigger\" data-expandable=\"trigger\" aria-controls=\"block_559d90a7634059dc85c26062b7af8058--content\" aria-expanded=\"false\">\n     <p>Wie kann ich mitmachen?<\/p>\n\n      <i class=\"block-expandable__icon\"><\/i>\n    <\/button>\n    <div id=\"block_559d90a7634059dc85c26062b7af8058--content\" class=\"block-expandable__content\" data-expandable=\"content\" aria-hidden=\"true\">\n      <div>\n        \n\n<p><br>Du kannst dich sowohl bei den Vorschl\u00e4gen, als auch bei der finalen Abstimmung einbringen.<\/p>\n\n\n\n<p><strong>Vorschl\u00e4ge machen:<\/strong> Schick uns deine Idee per Nachricht oder Kommentar auf Instagram oder Facebook oder ganz einfach per Mail.<br>Schreib kurz, warum diese Geb\u00e4rde wichtig ist oder das Jahr 2025 gut beschreibt.<\/p>\n\n\n\n<p><strong>Abstimmen:<\/strong> Die Abstimmung erfolgt nur \u00fcber die Webseite. Daf\u00fcr musst du deine Mailadresse angeben.<\/p>\n\n\n      <\/div>\n    <\/div>\n<\/div>\n\n\n<div class=\"block-expandable\" data-init=\"expandable\" id=\"block_126f069c922ec58976bed3b5fc147995\" data-block=\"Ausklappmodul\">\n    <button class=\"block-expandable__trigger\" data-expandable=\"trigger\" aria-controls=\"block_126f069c922ec58976bed3b5fc147995--content\" aria-expanded=\"false\">\n     <p>Wie wird die Geb\u00e4rde ausgew\u00e4hlt?<\/p>\n\n      <i class=\"block-expandable__icon\"><\/i>\n    <\/button>\n    <div id=\"block_126f069c922ec58976bed3b5fc147995--content\" class=\"block-expandable__content\" data-expandable=\"content\" aria-hidden=\"true\">\n      <div>\n        \n\n<p>Die Basis sind alle Ideen aus der Geb\u00e4rdensprachgemeinschaft.<br>Eine Expert*innengruppe (geh\u00f6rlose Personen aus den Bereichen Sprache, Kultur, Community) schl\u00e4gt die drei st\u00e4rksten Geb\u00e4rden vor.<br>Dann stimmt die Community ab \u2013 und entscheidet, welche Geb\u00e4rde das Jahr 2025 repr\u00e4sentiert.<\/p>\n\n\n      <\/div>\n    <\/div>\n<\/div>\n<\/div>\n<\/div>\n<\/div>\n\n\n\n<h2 class=\"wp-block-heading\">Fr\u00fchere Geb\u00e4rden des Jahres<\/h2>\n\n\n\n<ul class=\"wp-block-list\">\n<li>2024 &#8211; keine<\/li>\n<\/ul>\n\n\n\n<ul class=\"wp-block-list\">\n<li><a href=\"https:\/\/www.sgb-fss.ch\/de\/aktuell\/koenigin-elizabeth-ii-zur-person-des-jahres-gewaehlt\/\">2022 &#8211; K\u00f6nigin Elizabeth II.<\/a><\/li>\n<\/ul>\n\n\n\n<ul class=\"wp-block-list\">\n<li><a href=\"https:\/\/www.sgb-fss.ch\/de\/aktuell\/impfung-gebaerde-des-jahres-2021\/\">2021 &#8211; Impfung<\/a><\/li>\n<\/ul>\n\n\n\n<ul class=\"wp-block-list\">\n<li><a href=\"https:\/\/www.sgb-fss.ch\/de\/aktuell\/coronavirus-zur-gebaerde-des-jahres-2020-gewaehlt\/\">2020 &#8211; Coronavirus<\/a><\/li>\n<\/ul>\n\n\n\n<ul class=\"wp-block-list\">\n<li><a href=\"https:\/\/www.sgb-fss.ch\/de\/aktuell\/greta-thunberg-ist-die-gebaerde-des-jahres-2019\/\">2019 &#8211; Greta Thunberg<\/a><\/li>\n<\/ul>\n\n\n\n<ul class=\"wp-block-list\">\n<li><a href=\"https:\/\/www.sgb-fss.ch\/de\/aktuell\/alain-berset-zur-gebaerde-des-jahres-gewaehlt\/\">2018 &#8211; Alain Berset<\/a><\/li>\n<\/ul>\n\n\n\n<ul class=\"wp-block-list\">\n<li><a href=\"https:\/\/www.sgb-fss.ch\/de\/aktuell\/roger-federer-ist-gebaerde-des-jahres\/\">2017 &#8211; Roger Federer<\/a><\/li>\n<\/ul>\n\n\n\n<ul class=\"wp-block-list\">\n<li><a href=\"https:\/\/www.sgb-fss.ch\/de\/aktuell\/donald-trump-ist-gebaerde-des-jahres\/\">2016 &#8211; Donald Trump<\/a><\/li>\n<\/ul>\n","protected":false},"excerpt":{"rendered":"<p>Welche Geb\u00e4rde hat das Jahr 2025 gepr\u00e4gt? Die \u00abGeb\u00e4rde des Jahres\u00bb zeigt, was uns [&hellip;]<\/p>\n","protected":false},"author":81,"featured_media":0,"parent":0,"menu_order":0,"comment_status":"closed","ping_status":"closed","template":"","meta":{"_acf_changed":false,"inline_featured_image":false,"footnotes":""},"class_list":["post-41038","page","type-page","status-publish","hentry"],"acf":[],"yoast_head":"<!-- This site is optimized with the Yoast SEO plugin v27.4 - https:\/\/yoast.com\/product\/yoast-seo-wordpress\/ -->\n<title>Geb\u00e4rde des Jahres 2025 - SGB-FSS<\/title>\n<meta name=\"robots\" content=\"index, follow, max-snippet:-1, max-image-preview:large, max-video-preview:-1\" \/>\n<link rel=\"canonical\" href=\"https:\/\/www.sgb-fss.ch\/de\/gebaerde-des-jahres\/\" \/>\n<meta property=\"og:locale\" content=\"de_DE\" \/>\n<meta property=\"og:type\" content=\"article\" \/>\n<meta property=\"og:title\" content=\"Geb\u00e4rde des Jahres 2025 - SGB-FSS\" \/>\n<meta property=\"og:description\" content=\"Welche Geb\u00e4rde hat das Jahr 2025 gepr\u00e4gt? Die \u00abGeb\u00e4rde des Jahres\u00bb zeigt, was uns [&hellip;]\" \/>\n<meta property=\"og:url\" content=\"https:\/\/www.sgb-fss.ch\/de\/gebaerde-des-jahres\/\" \/>\n<meta property=\"og:site_name\" content=\"SGB-FSS\" \/>\n<meta property=\"article:modified_time\" content=\"2025-12-10T15:15:32+00:00\" \/>\n<meta property=\"og:image\" content=\"https:\/\/www.sgb-fss.ch\/content\/uploads\/logo-gebarde-des-jahres_o_2025_trans_slider.png\" \/>\n\t<meta property=\"og:image:width\" content=\"1647\" \/>\n\t<meta property=\"og:image:height\" content=\"813\" \/>\n\t<meta property=\"og:image:type\" content=\"image\/png\" \/>\n<meta name=\"twitter:card\" content=\"summary_large_image\" \/>\n<meta name=\"twitter:label1\" content=\"Gesch\u00e4tzte Lesezeit\" \/>\n\t<meta name=\"twitter:data1\" content=\"3\u00a0Minuten\" \/>\n<script type=\"application\/ld+json\" class=\"yoast-schema-graph\">{\"@context\":\"https:\\\/\\\/schema.org\",\"@graph\":[{\"@type\":\"WebPage\",\"@id\":\"https:\\\/\\\/www.sgb-fss.ch\\\/de\\\/gebaerde-des-jahres\\\/\",\"url\":\"https:\\\/\\\/www.sgb-fss.ch\\\/de\\\/gebaerde-des-jahres\\\/\",\"name\":\"Geb\u00e4rde des Jahres 2025 - SGB-FSS\",\"isPartOf\":{\"@id\":\"https:\\\/\\\/www.sgb-fss.ch\\\/de\\\/#website\"},\"primaryImageOfPage\":{\"@id\":\"https:\\\/\\\/www.sgb-fss.ch\\\/de\\\/gebaerde-des-jahres\\\/#primaryimage\"},\"image\":{\"@id\":\"https:\\\/\\\/www.sgb-fss.ch\\\/de\\\/gebaerde-des-jahres\\\/#primaryimage\"},\"thumbnailUrl\":\"https:\\\/\\\/www.sgb-fss.ch\\\/content\\\/uploads\\\/logo-gebarde-des-jahres_o_2025_trans_slider-1024x505.png\",\"datePublished\":\"2025-10-06T10:24:42+00:00\",\"dateModified\":\"2025-12-10T15:15:32+00:00\",\"breadcrumb\":{\"@id\":\"https:\\\/\\\/www.sgb-fss.ch\\\/de\\\/gebaerde-des-jahres\\\/#breadcrumb\"},\"inLanguage\":\"de\",\"potentialAction\":[{\"@type\":\"ReadAction\",\"target\":[\"https:\\\/\\\/www.sgb-fss.ch\\\/de\\\/gebaerde-des-jahres\\\/\"]}]},{\"@type\":\"ImageObject\",\"inLanguage\":\"de\",\"@id\":\"https:\\\/\\\/www.sgb-fss.ch\\\/de\\\/gebaerde-des-jahres\\\/#primaryimage\",\"url\":\"https:\\\/\\\/www.sgb-fss.ch\\\/content\\\/uploads\\\/logo-gebarde-des-jahres_o_2025_trans_slider-1024x505.png\",\"contentUrl\":\"https:\\\/\\\/www.sgb-fss.ch\\\/content\\\/uploads\\\/logo-gebarde-des-jahres_o_2025_trans_slider-1024x505.png\"},{\"@type\":\"BreadcrumbList\",\"@id\":\"https:\\\/\\\/www.sgb-fss.ch\\\/de\\\/gebaerde-des-jahres\\\/#breadcrumb\",\"itemListElement\":[{\"@type\":\"ListItem\",\"position\":1,\"name\":\"Home\",\"item\":\"https:\\\/\\\/www.sgb-fss.ch\\\/de\\\/\"},{\"@type\":\"ListItem\",\"position\":2,\"name\":\"Geb\u00e4rde des Jahres 2025\"}]},{\"@type\":\"WebSite\",\"@id\":\"https:\\\/\\\/www.sgb-fss.ch\\\/de\\\/#website\",\"url\":\"https:\\\/\\\/www.sgb-fss.ch\\\/de\\\/\",\"name\":\"SGB-FSS\",\"description\":\"\",\"potentialAction\":[{\"@type\":\"SearchAction\",\"target\":{\"@type\":\"EntryPoint\",\"urlTemplate\":\"https:\\\/\\\/www.sgb-fss.ch\\\/de\\\/?s={search_term_string}\"},\"query-input\":{\"@type\":\"PropertyValueSpecification\",\"valueRequired\":true,\"valueName\":\"search_term_string\"}}],\"inLanguage\":\"de\"}]}<\/script>\n<!-- \/ Yoast SEO plugin. -->","yoast_head_json":{"title":"Geb\u00e4rde des Jahres 2025 - SGB-FSS","robots":{"index":"index","follow":"follow","max-snippet":"max-snippet:-1","max-image-preview":"max-image-preview:large","max-video-preview":"max-video-preview:-1"},"canonical":"https:\/\/www.sgb-fss.ch\/de\/gebaerde-des-jahres\/","og_locale":"de_DE","og_type":"article","og_title":"Geb\u00e4rde des Jahres 2025 - SGB-FSS","og_description":"Welche Geb\u00e4rde hat das Jahr 2025 gepr\u00e4gt? Die \u00abGeb\u00e4rde des Jahres\u00bb zeigt, was uns [&hellip;]","og_url":"https:\/\/www.sgb-fss.ch\/de\/gebaerde-des-jahres\/","og_site_name":"SGB-FSS","article_modified_time":"2025-12-10T15:15:32+00:00","og_image":[{"width":1647,"height":813,"url":"https:\/\/www.sgb-fss.ch\/content\/uploads\/logo-gebarde-des-jahres_o_2025_trans_slider.png","type":"image\/png"}],"twitter_card":"summary_large_image","twitter_misc":{"Gesch\u00e4tzte Lesezeit":"3\u00a0Minuten"},"schema":{"@context":"https:\/\/schema.org","@graph":[{"@type":"WebPage","@id":"https:\/\/www.sgb-fss.ch\/de\/gebaerde-des-jahres\/","url":"https:\/\/www.sgb-fss.ch\/de\/gebaerde-des-jahres\/","name":"Geb\u00e4rde des Jahres 2025 - SGB-FSS","isPartOf":{"@id":"https:\/\/www.sgb-fss.ch\/de\/#website"},"primaryImageOfPage":{"@id":"https:\/\/www.sgb-fss.ch\/de\/gebaerde-des-jahres\/#primaryimage"},"image":{"@id":"https:\/\/www.sgb-fss.ch\/de\/gebaerde-des-jahres\/#primaryimage"},"thumbnailUrl":"https:\/\/www.sgb-fss.ch\/content\/uploads\/logo-gebarde-des-jahres_o_2025_trans_slider-1024x505.png","datePublished":"2025-10-06T10:24:42+00:00","dateModified":"2025-12-10T15:15:32+00:00","breadcrumb":{"@id":"https:\/\/www.sgb-fss.ch\/de\/gebaerde-des-jahres\/#breadcrumb"},"inLanguage":"de","potentialAction":[{"@type":"ReadAction","target":["https:\/\/www.sgb-fss.ch\/de\/gebaerde-des-jahres\/"]}]},{"@type":"ImageObject","inLanguage":"de","@id":"https:\/\/www.sgb-fss.ch\/de\/gebaerde-des-jahres\/#primaryimage","url":"https:\/\/www.sgb-fss.ch\/content\/uploads\/logo-gebarde-des-jahres_o_2025_trans_slider-1024x505.png","contentUrl":"https:\/\/www.sgb-fss.ch\/content\/uploads\/logo-gebarde-des-jahres_o_2025_trans_slider-1024x505.png"},{"@type":"BreadcrumbList","@id":"https:\/\/www.sgb-fss.ch\/de\/gebaerde-des-jahres\/#breadcrumb","itemListElement":[{"@type":"ListItem","position":1,"name":"Home","item":"https:\/\/www.sgb-fss.ch\/de\/"},{"@type":"ListItem","position":2,"name":"Geb\u00e4rde des Jahres 2025"}]},{"@type":"WebSite","@id":"https:\/\/www.sgb-fss.ch\/de\/#website","url":"https:\/\/www.sgb-fss.ch\/de\/","name":"SGB-FSS","description":"","potentialAction":[{"@type":"SearchAction","target":{"@type":"EntryPoint","urlTemplate":"https:\/\/www.sgb-fss.ch\/de\/?s={search_term_string}"},"query-input":{"@type":"PropertyValueSpecification","valueRequired":true,"valueName":"search_term_string"}}],"inLanguage":"de"}]}},"_links":{"self":[{"href":"https:\/\/www.sgb-fss.ch\/de\/wp-json\/wp\/v2\/pages\/41038","targetHints":{"allow":["GET"]}}],"collection":[{"href":"https:\/\/www.sgb-fss.ch\/de\/wp-json\/wp\/v2\/pages"}],"about":[{"href":"https:\/\/www.sgb-fss.ch\/de\/wp-json\/wp\/v2\/types\/page"}],"author":[{"embeddable":true,"href":"https:\/\/www.sgb-fss.ch\/de\/wp-json\/wp\/v2\/users\/81"}],"replies":[{"embeddable":true,"href":"https:\/\/www.sgb-fss.ch\/de\/wp-json\/wp\/v2\/comments?post=41038"}],"version-history":[{"count":34,"href":"https:\/\/www.sgb-fss.ch\/de\/wp-json\/wp\/v2\/pages\/41038\/revisions"}],"predecessor-version":[{"id":42406,"href":"https:\/\/www.sgb-fss.ch\/de\/wp-json\/wp\/v2\/pages\/41038\/revisions\/42406"}],"wp:attachment":[{"href":"https:\/\/www.sgb-fss.ch\/de\/wp-json\/wp\/v2\/media?parent=41038"}],"curies":[{"name":"wp","href":"https:\/\/api.w.org\/{rel}","templated":true}]}}