{"id":35914,"date":"2024-11-11T15:06:32","date_gmt":"2024-11-11T14:06:32","guid":{"rendered":"https:\/\/www.sgb-fss.ch\/?page_id=35914"},"modified":"2025-01-08T14:23:58","modified_gmt":"2025-01-08T13:23:58","slug":"gebaerdensprach-heimkurse-fuer-familien","status":"publish","type":"page","link":"https:\/\/www.sgb-fss.ch\/de\/gebaerdensprach-heimkurse-fuer-familien\/","title":{"rendered":"Geb\u00e4rdensprach-Heimkurse f\u00fcr Familien"},"content":{"rendered":"\n<p class=\"is-style-lead\">Mit dem Angebot \u2039Geb\u00e4rdensprach-Heimkurse\u203a soll von Anfang an eine sprachliche Br\u00fccke zwischen den geh\u00f6rlosen Kindern und den h\u00f6renden Familienmitgliedern gebaut werden. Die Familienmitglieder werden von einer geh\u00f6rlosen Fachperson geschult.<\/p>\n\n\n\n<figure class=\"wp-block-image size-large\"><img loading=\"lazy\" decoding=\"async\" width=\"1024\" height=\"681\" src=\"https:\/\/www.sgb-fss.ch\/content\/uploads\/2024\/11\/05_heimkurs-1024x681.jpg\" alt=\"Geb\u00e4rdensprach-Heimkurs f\u00fcr Familien zu Hause\" class=\"wp-image-35961\" srcset=\"https:\/\/www.sgb-fss.ch\/content\/uploads\/2024\/11\/05_heimkurs-1024x681.jpg 1024w, https:\/\/www.sgb-fss.ch\/content\/uploads\/2024\/11\/05_heimkurs-300x200.jpg 300w, https:\/\/www.sgb-fss.ch\/content\/uploads\/2024\/11\/05_heimkurs-150x100.jpg 150w, https:\/\/www.sgb-fss.ch\/content\/uploads\/2024\/11\/05_heimkurs-768x511.jpg 768w, https:\/\/www.sgb-fss.ch\/content\/uploads\/2024\/11\/05_heimkurs-1536x1022.jpg 1536w, https:\/\/www.sgb-fss.ch\/content\/uploads\/2024\/11\/05_heimkurs-2048x1363.jpg 2048w\" sizes=\"auto, (max-width: 1024px) 100vw, 1024px\" \/><\/figure>\n\n\n\n<h2 class=\"wp-block-heading\">Was sind Geb\u00e4rdensprach-Heimkurse?<\/h2>\n\n\n\n<p>Die Geb\u00e4rdensprach-Heimkurse legen den Schwerpunkt auf eine wertvolle Eltern-Kind-Kommunikation, f\u00fchren in die <a href=\"https:\/\/www.sgb-fss.ch\/de\/gebaerdensprachen\/gehoerlos-sein\/\">Geh\u00f6rlosenkultur<\/a> ein und vermitteln grundlegende Alltagskommunikation in Geb\u00e4rdensprache. Die Kurse sind individuell auf die Bed\u00fcrfnisse der Familie und ihrer Angeh\u00f6rigen zugeschnitten, sodass jede Familie genau die Unterst\u00fctzung erh\u00e4lt, die sie braucht.<\/p>\n\n\n\n<h2 class=\"wp-block-heading\">Warum sind Geb\u00e4rdensprach-Heimkurse wichtig?<\/h2>\n\n\n\n<p>Ein Grossteil der kindlichen Entwicklung verl\u00e4uft \u00fcber die Interaktion und Kommunikation innerhalb der Familie. Die Geb\u00e4rdensprache er\u00f6ffnet geh\u00f6rlosen Kindern das Zugangstor zu seiner Familie und st\u00e4rkt die Bindungen zu Eltern und Geschwistern.<\/p>\n\n\n\n<p>Die gemeinsame Erfahrung, eine neue Sprache zu lernen, f\u00f6rdert den Zusammenhalt in der Familie und vermittelt dem Kind das Gef\u00fchl, dass seine Bed\u00fcrfnisse wichtig sind und verstanden werden.<\/p>\n\n\n\n<blockquote class=\"wp-block-quote is-style-plain is-layout-flow wp-block-quote-is-layout-flow\">\n<p>Die Geb\u00e4rdensprache ist der Schl\u00fcssel f\u00fcr die Inklusion von Menschen mit einer H\u00f6rbehinderung und zur Entfaltung einer starken Pers\u00f6nlichkeit.<\/p>\n<cite>Melanie Spiller-Reimann<\/cite><\/blockquote>\n\n\n\n<p>Die <a href=\"https:\/\/www.sgb-fss.ch\/de\/gebaerdensprachen\/\">Geb\u00e4rdensprache<\/a> erm\u00f6glicht geh\u00f6rlosen und h\u00f6rbehinderten Kindern einen vollst\u00e4ndigen Erstspracherwerb. Dies dient als Grundlage, sp\u00e4ter weitere Sprachen zu lernen \u2013 auch die Lautsprache.<\/p>\n\n\n\n<div class=\"wp-block-group has-sgb-fss-rot-15-background-color has-background is-layout-constrained wp-block-group-is-layout-constrained\">\n<h2 class=\"wp-block-heading\">Wie kann ich mich f\u00fcr einen Kurs anmelden?<\/h2>\n\n\n\n<p>Melde dich zuerst beim audiop\u00e4dagogischen Dienst deines Wohnkantons und teile mit, dass du einen Geb\u00e4rdensprach-Heimkurs starten m\u00f6chtest. Der audiop\u00e4dagogische Dienst pr\u00fcft dann, ob ein Kurs angeboten werden kann.<\/p>\n\n\n\n<p>Falls der audiop\u00e4dagogische Dienst keine geeignete Fachperson f\u00fcr den Kurs findet, unterst\u00fctzen wir dich gerne bei der Organisation. Nutze hierf\u00fcr das Online-Anmeldeformular oder sende das <strong><a href=\"https:\/\/www.sgb-fss.ch\/content\/uploads\/2024\/11\/anmeldeformular-gebardensprach-heimkurs.pdf\" target=\"_blank\" rel=\"noreferrer noopener\">ausgef\u00fcllte Anmeldeformular<\/a><\/strong> per Post oder E-Mail ein.<\/p>\n\n\n\n<div class=\"wp-block-buttons is-content-justification-center is-layout-flex wp-container-core-buttons-is-layout-16018d1d wp-block-buttons-is-layout-flex\">\n<div class=\"wp-block-button\"><a class=\"wp-block-button__link has-sgb-fss-rot-background-color has-background wp-element-button\" href=\"https:\/\/www.sgb-fss.ch\/de\/online-anmeldeformular-gebaerdensprach-heimkurse\/\" target=\"_blank\" rel=\"noreferrer noopener nofollow\">Zum Online-Anmeldeformular<\/a><\/div>\n<\/div>\n<\/div>\n\n\n\n<h2 class=\"wp-block-heading\">Wer bezahlt die Kosten f\u00fcr den Kurs?<\/h2>\n\n\n\n<p>In der Regel \u00fcbernehmen die Kantone die Kosten f\u00fcr die Geb\u00e4rdensprach-Heimkurse, da diese im Rahmen audiop\u00e4dagogischer Massnahmen gef\u00f6rdert werden. Sollte der Kanton die Finanzierung jedoch nicht \u00fcbernehmen, muss die Familie die Kosten selbst tragen.<\/p>\n\n\n\n<h2 class=\"wp-block-heading\">Info-Materialien f\u00fcr die Heimkurse<\/h2>\n\n\n\n<p>M\u00f6chtest du mehr Informationen zu den Geb\u00e4rdensprach-Heimkursen oder die Informationen weiterverteilen? Dann kannst du gerne unseren Flyer oder die Brosch\u00fcre herunterladen.<\/p>\n\n\n\n<div class=\"wp-block-columns is-layout-flex wp-container-core-columns-is-layout-9d6595d7 wp-block-columns-is-layout-flex\">\n<div class=\"wp-block-column is-layout-flow wp-block-column-is-layout-flow\">\n<figure class=\"wp-block-image size-full\"><a href=\"https:\/\/www.sgb-fss.ch\/content\/uploads\/2024\/11\/broschure-gebardensprach-heimkurs.pdf\" target=\"_blank\" rel=\"noreferrer noopener\"><img loading=\"lazy\" decoding=\"async\" width=\"521\" height=\"737\" src=\"https:\/\/www.sgb-fss.ch\/content\/uploads\/2024\/11\/heimkurse_broschuere-1.png\" alt=\"\" class=\"wp-image-35930\" srcset=\"https:\/\/www.sgb-fss.ch\/content\/uploads\/2024\/11\/heimkurse_broschuere-1.png 521w, https:\/\/www.sgb-fss.ch\/content\/uploads\/2024\/11\/heimkurse_broschuere-1-300x424.png 300w, https:\/\/www.sgb-fss.ch\/content\/uploads\/2024\/11\/heimkurse_broschuere-1-150x212.png 150w, https:\/\/www.sgb-fss.ch\/content\/uploads\/2024\/11\/heimkurse_broschuere-1-71x100.png 71w\" sizes=\"auto, (max-width: 521px) 100vw, 521px\" \/><\/a><\/figure>\n\n\n\n<p><strong>Geb\u00e4rdensprachkurse f\u00fcr Familien<\/strong><br>Brosch\u00fcre (A4-Format)<\/p>\n<\/div>\n\n\n\n<div class=\"wp-block-column is-layout-flow wp-block-column-is-layout-flow\">\n<figure class=\"wp-block-image size-full\"><a href=\"https:\/\/www.sgb-fss.ch\/content\/uploads\/2024\/11\/flyer-gebardensprach-heimkurs.pdf\" target=\"_blank\" rel=\"noreferrer noopener\"><img loading=\"lazy\" decoding=\"async\" width=\"839\" height=\"595\" src=\"https:\/\/www.sgb-fss.ch\/content\/uploads\/2024\/11\/image.png\" alt=\"\" class=\"wp-image-35924\" srcset=\"https:\/\/www.sgb-fss.ch\/content\/uploads\/2024\/11\/image.png 839w, https:\/\/www.sgb-fss.ch\/content\/uploads\/2024\/11\/image-300x213.png 300w, https:\/\/www.sgb-fss.ch\/content\/uploads\/2024\/11\/image-150x106.png 150w, https:\/\/www.sgb-fss.ch\/content\/uploads\/2024\/11\/image-768x545.png 768w, https:\/\/www.sgb-fss.ch\/content\/uploads\/2024\/11\/image-141x100.png 141w\" sizes=\"auto, (max-width: 839px) 100vw, 839px\" \/><\/a><\/figure>\n\n\n\n<p><strong>Flyer f\u00fcr Geb\u00e4rdensprach-Heimkurse<\/strong><br>Blatt (A4-Format)<\/p>\n<\/div>\n\n\n\n<div class=\"wp-block-column is-layout-flow wp-block-column-is-layout-flow\">\n<p><\/p>\n<\/div>\n<\/div>\n\n\n<div class=\"block block-teasercontacts block-teasercontacts--boxed\" id=\"block_a0792c9c4f3416bbd5f5d6ab1e74ab6b\" data-block=\"Teaser Contacts\">\n    <div class=\"block-teasercontacts__header\"><p class=\"block-teasercontacts__title\">Fragen zu den Geb\u00e4rdensprach-Heimkursen? Wir freuen uns auf deine Nachricht.<\/p><\/div>    <div class=\"block-teasercontacts__list\">\n                                        <div class=\"block-teasercontacts__item\">\n                <div class=\"block-teasercontacts__link\">\n                    <div class=\"block-teasercontacts__media\">\n                        <div class=\"block-teasercontacts__thumbnail accent__blue has-background-accent\">\n                                                              <div class=\"image block-teasercontacts__thumbnail-image\" >\n    <img decoding=\"async\"\n      loading=\"lazy\"\n      class=\"image__object lazyload\"\n      src=\"https:\/\/www.sgb-fss.ch\/content\/uploads\/2021\/06\/melanie-spiller-1440x0-c-default.jpg\"       data-sizes=\"auto\"\n      data-srcset=\"https:\/\/www.sgb-fss.ch\/content\/uploads\/2021\/06\/melanie-spiller-200x0-c-default.jpg 200w, https:\/\/www.sgb-fss.ch\/content\/uploads\/2021\/06\/melanie-spiller-100x0-c-default.jpg 100w, \"\n      alt=\"\"\n      width=\"567\"\n      height=\"567\"\n            >\n  <\/div>\n                                                    <\/div>\n                    <\/div>\n                    <div class=\"block-teasercontacts__text\">\n                        <p class=\"block-teasercontacts__name\"><strong><a href=\"https:\/\/www.sgb-fss.ch\/de\/team\/melanie-spiller-reimann\/\">Melanie Spiller-Reimann<\/a><\/strong><\/p>\n                        <p class=\"block-teasercontacts__lead\">Kurse und Familie\/Bildung<\/p>                    <\/div>\n                    <div class=\"block-teasercontacts__contacts\">\n                                                    <p>\n                                                                <a class=\"wp-block-button is-style-transparent\" href=\"mailto:m.spiller@sgb-fss.ch\"><span class=\"wp-block-button__link\"><i class=\"icon icon--mail\"><svg data-name=\"Ebene 1\" xmlns=\"http:\/\/www.w3.org\/2000\/svg\" viewBox=\"0 0 24 24\"><path d=\"M20.76 2.31H3.24A3.12 3.12 0 0 0 .12 5.43v13.14a3.12 3.12 0 0 0 3.12 3.12h17.52a3.12 3.12 0 0 0 3.12-3.12V5.43a3.12 3.12 0 0 0-3.12-3.12zM2.09 5a1.27 1.27 0 0 1 1.15-.78h17.52a1.24 1.24 0 0 1 1.11.74l.05.09-.09.06L12 12l-.07-.05-9.87-6.9zM22 18.57a1.26 1.26 0 0 1-1.26 1.27H3.24A1.27 1.27 0 0 1 2 18.57V7.21l9.5 6.69a.89.89 0 0 0 1 0L22 7.25z\"\/><\/svg><\/i><span class=\"wp-block-button__label\">m.spiller@sgb-fss.ch<\/span><\/span><\/a>                                                            <\/p>\n                                            <\/div>\n                <\/div>\n            <\/div>\n                    <\/div>\n<\/div>\n\n\n\n<h2 class=\"wp-block-heading\"><\/h2>\n","protected":false},"excerpt":{"rendered":"<p>Mit dem Angebot \u2039Geb\u00e4rdensprach-Heimkurse\u203a soll von Anfang an eine sprachliche Br\u00fccke zwischen den geh\u00f6rlosen [&hellip;]<\/p>\n","protected":false},"author":81,"featured_media":35961,"parent":0,"menu_order":0,"comment_status":"closed","ping_status":"closed","template":"","meta":{"_acf_changed":false,"inline_featured_image":false,"footnotes":""},"class_list":["post-35914","page","type-page","status-publish","has-post-thumbnail","hentry"],"acf":[],"yoast_head":"<!-- This site is optimized with the Yoast SEO plugin v27.4 - https:\/\/yoast.com\/product\/yoast-seo-wordpress\/ -->\n<title>Geb\u00e4rdensprach-Heimkurse f\u00fcr Familien - SGB-FSS<\/title>\n<meta name=\"description\" content=\"Geb\u00e4rdensprach-Heimkurse bauen eine sprachliche Br\u00fccke zwischen den geh\u00f6rlosen Kindern und h\u00f6renden Familienmitgliedern auf. Mehr dazu.\" \/>\n<meta name=\"robots\" content=\"index, follow, max-snippet:-1, max-image-preview:large, max-video-preview:-1\" \/>\n<link rel=\"canonical\" href=\"https:\/\/www.sgb-fss.ch\/de\/gebaerdensprach-heimkurse-fuer-familien\/\" \/>\n<meta property=\"og:locale\" content=\"de_DE\" \/>\n<meta property=\"og:type\" content=\"article\" \/>\n<meta property=\"og:title\" content=\"Geb\u00e4rdensprach-Heimkurse f\u00fcr Familien - SGB-FSS\" \/>\n<meta property=\"og:description\" content=\"Geb\u00e4rdensprach-Heimkurse bauen eine sprachliche Br\u00fccke zwischen den geh\u00f6rlosen Kindern und h\u00f6renden Familienmitgliedern auf. Mehr dazu.\" \/>\n<meta property=\"og:url\" content=\"https:\/\/www.sgb-fss.ch\/de\/gebaerdensprach-heimkurse-fuer-familien\/\" \/>\n<meta property=\"og:site_name\" content=\"SGB-FSS\" \/>\n<meta property=\"article:modified_time\" content=\"2025-01-08T13:23:58+00:00\" \/>\n<meta property=\"og:image\" content=\"https:\/\/www.sgb-fss.ch\/content\/uploads\/2024\/11\/05_heimkurs-scaled.jpg\" \/>\n\t<meta property=\"og:image:width\" content=\"2560\" \/>\n\t<meta property=\"og:image:height\" content=\"1703\" \/>\n\t<meta property=\"og:image:type\" content=\"image\/jpeg\" \/>\n<meta name=\"twitter:card\" content=\"summary_large_image\" \/>\n<meta name=\"twitter:label1\" content=\"Gesch\u00e4tzte Lesezeit\" \/>\n\t<meta name=\"twitter:data1\" content=\"3\u00a0Minuten\" \/>\n<script type=\"application\/ld+json\" class=\"yoast-schema-graph\">{\"@context\":\"https:\\\/\\\/schema.org\",\"@graph\":[{\"@type\":\"WebPage\",\"@id\":\"https:\\\/\\\/www.sgb-fss.ch\\\/de\\\/gebaerdensprach-heimkurse-fuer-familien\\\/\",\"url\":\"https:\\\/\\\/www.sgb-fss.ch\\\/de\\\/gebaerdensprach-heimkurse-fuer-familien\\\/\",\"name\":\"Geb\u00e4rdensprach-Heimkurse f\u00fcr Familien - SGB-FSS\",\"isPartOf\":{\"@id\":\"https:\\\/\\\/www.sgb-fss.ch\\\/de\\\/#website\"},\"primaryImageOfPage\":{\"@id\":\"https:\\\/\\\/www.sgb-fss.ch\\\/de\\\/gebaerdensprach-heimkurse-fuer-familien\\\/#primaryimage\"},\"image\":{\"@id\":\"https:\\\/\\\/www.sgb-fss.ch\\\/de\\\/gebaerdensprach-heimkurse-fuer-familien\\\/#primaryimage\"},\"thumbnailUrl\":\"https:\\\/\\\/www.sgb-fss.ch\\\/content\\\/uploads\\\/2024\\\/11\\\/05_heimkurs-scaled.jpg\",\"datePublished\":\"2024-11-11T14:06:32+00:00\",\"dateModified\":\"2025-01-08T13:23:58+00:00\",\"description\":\"Geb\u00e4rdensprach-Heimkurse bauen eine sprachliche Br\u00fccke zwischen den geh\u00f6rlosen Kindern und h\u00f6renden Familienmitgliedern auf. Mehr dazu.\",\"breadcrumb\":{\"@id\":\"https:\\\/\\\/www.sgb-fss.ch\\\/de\\\/gebaerdensprach-heimkurse-fuer-familien\\\/#breadcrumb\"},\"inLanguage\":\"de\",\"potentialAction\":[{\"@type\":\"ReadAction\",\"target\":[\"https:\\\/\\\/www.sgb-fss.ch\\\/de\\\/gebaerdensprach-heimkurse-fuer-familien\\\/\"]}]},{\"@type\":\"ImageObject\",\"inLanguage\":\"de\",\"@id\":\"https:\\\/\\\/www.sgb-fss.ch\\\/de\\\/gebaerdensprach-heimkurse-fuer-familien\\\/#primaryimage\",\"url\":\"https:\\\/\\\/www.sgb-fss.ch\\\/content\\\/uploads\\\/2024\\\/11\\\/05_heimkurs-scaled.jpg\",\"contentUrl\":\"https:\\\/\\\/www.sgb-fss.ch\\\/content\\\/uploads\\\/2024\\\/11\\\/05_heimkurs-scaled.jpg\",\"width\":2560,\"height\":1703,\"caption\":\"Geb\u00e4rdensprach-Heimkurs f\u00fcr Familien zu Hause\"},{\"@type\":\"BreadcrumbList\",\"@id\":\"https:\\\/\\\/www.sgb-fss.ch\\\/de\\\/gebaerdensprach-heimkurse-fuer-familien\\\/#breadcrumb\",\"itemListElement\":[{\"@type\":\"ListItem\",\"position\":1,\"name\":\"Home\",\"item\":\"https:\\\/\\\/www.sgb-fss.ch\\\/de\\\/\"},{\"@type\":\"ListItem\",\"position\":2,\"name\":\"Geb\u00e4rdensprach-Heimkurse f\u00fcr Familien\"}]},{\"@type\":\"WebSite\",\"@id\":\"https:\\\/\\\/www.sgb-fss.ch\\\/de\\\/#website\",\"url\":\"https:\\\/\\\/www.sgb-fss.ch\\\/de\\\/\",\"name\":\"SGB-FSS\",\"description\":\"\",\"potentialAction\":[{\"@type\":\"SearchAction\",\"target\":{\"@type\":\"EntryPoint\",\"urlTemplate\":\"https:\\\/\\\/www.sgb-fss.ch\\\/de\\\/?s={search_term_string}\"},\"query-input\":{\"@type\":\"PropertyValueSpecification\",\"valueRequired\":true,\"valueName\":\"search_term_string\"}}],\"inLanguage\":\"de\"}]}<\/script>\n<!-- \/ Yoast SEO plugin. -->","yoast_head_json":{"title":"Geb\u00e4rdensprach-Heimkurse f\u00fcr Familien - SGB-FSS","description":"Geb\u00e4rdensprach-Heimkurse bauen eine sprachliche Br\u00fccke zwischen den geh\u00f6rlosen Kindern und h\u00f6renden Familienmitgliedern auf. Mehr dazu.","robots":{"index":"index","follow":"follow","max-snippet":"max-snippet:-1","max-image-preview":"max-image-preview:large","max-video-preview":"max-video-preview:-1"},"canonical":"https:\/\/www.sgb-fss.ch\/de\/gebaerdensprach-heimkurse-fuer-familien\/","og_locale":"de_DE","og_type":"article","og_title":"Geb\u00e4rdensprach-Heimkurse f\u00fcr Familien - SGB-FSS","og_description":"Geb\u00e4rdensprach-Heimkurse bauen eine sprachliche Br\u00fccke zwischen den geh\u00f6rlosen Kindern und h\u00f6renden Familienmitgliedern auf. Mehr dazu.","og_url":"https:\/\/www.sgb-fss.ch\/de\/gebaerdensprach-heimkurse-fuer-familien\/","og_site_name":"SGB-FSS","article_modified_time":"2025-01-08T13:23:58+00:00","og_image":[{"width":2560,"height":1703,"url":"https:\/\/www.sgb-fss.ch\/content\/uploads\/2024\/11\/05_heimkurs-scaled.jpg","type":"image\/jpeg"}],"twitter_card":"summary_large_image","twitter_misc":{"Gesch\u00e4tzte Lesezeit":"3\u00a0Minuten"},"schema":{"@context":"https:\/\/schema.org","@graph":[{"@type":"WebPage","@id":"https:\/\/www.sgb-fss.ch\/de\/gebaerdensprach-heimkurse-fuer-familien\/","url":"https:\/\/www.sgb-fss.ch\/de\/gebaerdensprach-heimkurse-fuer-familien\/","name":"Geb\u00e4rdensprach-Heimkurse f\u00fcr Familien - SGB-FSS","isPartOf":{"@id":"https:\/\/www.sgb-fss.ch\/de\/#website"},"primaryImageOfPage":{"@id":"https:\/\/www.sgb-fss.ch\/de\/gebaerdensprach-heimkurse-fuer-familien\/#primaryimage"},"image":{"@id":"https:\/\/www.sgb-fss.ch\/de\/gebaerdensprach-heimkurse-fuer-familien\/#primaryimage"},"thumbnailUrl":"https:\/\/www.sgb-fss.ch\/content\/uploads\/2024\/11\/05_heimkurs-scaled.jpg","datePublished":"2024-11-11T14:06:32+00:00","dateModified":"2025-01-08T13:23:58+00:00","description":"Geb\u00e4rdensprach-Heimkurse bauen eine sprachliche Br\u00fccke zwischen den geh\u00f6rlosen Kindern und h\u00f6renden Familienmitgliedern auf. Mehr dazu.","breadcrumb":{"@id":"https:\/\/www.sgb-fss.ch\/de\/gebaerdensprach-heimkurse-fuer-familien\/#breadcrumb"},"inLanguage":"de","potentialAction":[{"@type":"ReadAction","target":["https:\/\/www.sgb-fss.ch\/de\/gebaerdensprach-heimkurse-fuer-familien\/"]}]},{"@type":"ImageObject","inLanguage":"de","@id":"https:\/\/www.sgb-fss.ch\/de\/gebaerdensprach-heimkurse-fuer-familien\/#primaryimage","url":"https:\/\/www.sgb-fss.ch\/content\/uploads\/2024\/11\/05_heimkurs-scaled.jpg","contentUrl":"https:\/\/www.sgb-fss.ch\/content\/uploads\/2024\/11\/05_heimkurs-scaled.jpg","width":2560,"height":1703,"caption":"Geb\u00e4rdensprach-Heimkurs f\u00fcr Familien zu Hause"},{"@type":"BreadcrumbList","@id":"https:\/\/www.sgb-fss.ch\/de\/gebaerdensprach-heimkurse-fuer-familien\/#breadcrumb","itemListElement":[{"@type":"ListItem","position":1,"name":"Home","item":"https:\/\/www.sgb-fss.ch\/de\/"},{"@type":"ListItem","position":2,"name":"Geb\u00e4rdensprach-Heimkurse f\u00fcr Familien"}]},{"@type":"WebSite","@id":"https:\/\/www.sgb-fss.ch\/de\/#website","url":"https:\/\/www.sgb-fss.ch\/de\/","name":"SGB-FSS","description":"","potentialAction":[{"@type":"SearchAction","target":{"@type":"EntryPoint","urlTemplate":"https:\/\/www.sgb-fss.ch\/de\/?s={search_term_string}"},"query-input":{"@type":"PropertyValueSpecification","valueRequired":true,"valueName":"search_term_string"}}],"inLanguage":"de"}]}},"_links":{"self":[{"href":"https:\/\/www.sgb-fss.ch\/de\/wp-json\/wp\/v2\/pages\/35914","targetHints":{"allow":["GET"]}}],"collection":[{"href":"https:\/\/www.sgb-fss.ch\/de\/wp-json\/wp\/v2\/pages"}],"about":[{"href":"https:\/\/www.sgb-fss.ch\/de\/wp-json\/wp\/v2\/types\/page"}],"author":[{"embeddable":true,"href":"https:\/\/www.sgb-fss.ch\/de\/wp-json\/wp\/v2\/users\/81"}],"replies":[{"embeddable":true,"href":"https:\/\/www.sgb-fss.ch\/de\/wp-json\/wp\/v2\/comments?post=35914"}],"version-history":[{"count":32,"href":"https:\/\/www.sgb-fss.ch\/de\/wp-json\/wp\/v2\/pages\/35914\/revisions"}],"predecessor-version":[{"id":36476,"href":"https:\/\/www.sgb-fss.ch\/de\/wp-json\/wp\/v2\/pages\/35914\/revisions\/36476"}],"wp:featuredmedia":[{"embeddable":true,"href":"https:\/\/www.sgb-fss.ch\/de\/wp-json\/wp\/v2\/media\/35961"}],"wp:attachment":[{"href":"https:\/\/www.sgb-fss.ch\/de\/wp-json\/wp\/v2\/media?parent=35914"}],"curies":[{"name":"wp","href":"https:\/\/api.w.org\/{rel}","templated":true}]}}