{"id":35657,"date":"2024-10-07T12:22:20","date_gmt":"2024-10-07T10:22:20","guid":{"rendered":"https:\/\/www.sgb-fss.ch\/?page_id=35657"},"modified":"2025-01-08T11:08:11","modified_gmt":"2025-01-08T10:08:11","slug":"nutzungsbedingungen","status":"publish","type":"page","link":"https:\/\/www.sgb-fss.ch\/de\/nutzungsbedingungen\/","title":{"rendered":"Nutzungsbedingungen"},"content":{"rendered":"\n<h2 class=\"wp-block-heading\"><strong>Eigentum und Nutzungsrechte<\/strong><\/h2>\n\n\n\n<p>Die Inhalte auf der Webseite und insbesondere die Geb\u00e4rdensprachvideos sind urheberrechtlich gesch\u00fctztes Eigentum des Schweizerischen Geh\u00f6rlosenbundes (SGB-FSS). Ohne vorherige schriftliche Zustimmung des SGB-FSS d\u00fcrfen die Videos nicht ver\u00e4ndert, \u00fcbertragen, verbreitet, gespeichert, kopiert oder wiederver\u00f6ffentlicht werden. Die Benutzung des zur Verf\u00fcgung gestellten Materials ist ausschliesslich f\u00fcr private, nichtkommerzielle Zwecke gestattet. Bei jeder Nutzung muss ein deutlicher Herkunftsnachweis angebracht werden.<\/p>\n\n\n\n<p>Das Framing von Seiten dieser Website (d.h. Einbettung in eine andere Website) ist nicht gestattet.<\/p>\n\n\n\n<h2 class=\"wp-block-heading\"><strong>Haftung<\/strong><\/h2>\n\n\n\n<p>Der SGB-FSS haftet nicht f\u00fcr Sch\u00e4den, die durch die Nutzung der Inhalte entstehen k\u00f6nnen. Dies gilt f\u00fcr alle Arten von Sch\u00e4den, insbesondere solche durch Fehler, Verz\u00f6gerungen oder Unterbrechungen in der \u00dcbermittlung, St\u00f6rungen der technischen Infrastruktur oder Viren.<\/p>\n\n\n\n<h2 class=\"wp-block-heading\"><strong>Qualit\u00e4t und Produktion<\/strong><\/h2>\n\n\n\n<p>Die Videos werden von muttersprachlichen Personen produziert, um h\u00f6chste Qualit\u00e4t zu gew\u00e4hrleisten. Der SGB-FSS \u00fcbernimmt jedoch keine Gew\u00e4hr f\u00fcr die Richtigkeit, Vollst\u00e4ndigkeit und Aktualit\u00e4t der Inhalte.<\/p>\n\n\n\n<h2 class=\"wp-block-heading\"><strong>\u00c4nderungen der Nutzungsbedingungen<\/strong> <\/h2>\n\n\n\n<p>Der SGB-FSS beh\u00e4lt sich das Recht vor, diese Nutzungsbedingungen jederzeit zu \u00e4ndern. Die fortgesetzte Nutzung der Videos nach solchen \u00c4nderungen gilt als Zustimmung zu den neuen Bedingungen.<\/p>\n","protected":false},"excerpt":{"rendered":"<p>Eigentum und Nutzungsrechte Die Inhalte auf der Webseite und insbesondere die Geb\u00e4rdensprachvideos sind urheberrechtlich [&hellip;]<\/p>\n","protected":false},"author":81,"featured_media":0,"parent":0,"menu_order":0,"comment_status":"closed","ping_status":"closed","template":"","meta":{"_acf_changed":false,"inline_featured_image":false,"footnotes":""},"class_list":["post-35657","page","type-page","status-publish","hentry"],"acf":[],"yoast_head":"<!-- This site is optimized with the Yoast SEO plugin v27.4 - https:\/\/yoast.com\/product\/yoast-seo-wordpress\/ -->\n<title>Nutzungsbedingungen - SGB-FSS<\/title>\n<meta name=\"description\" content=\"Die Verwendung der Webseiten des Schweizerischen Geh\u00f6rlosenbundes (SGB-FSS) unterliegen den Nutzungsbedingungen.\" \/>\n<meta name=\"robots\" content=\"index, follow, max-snippet:-1, max-image-preview:large, max-video-preview:-1\" \/>\n<link rel=\"canonical\" href=\"https:\/\/www.sgb-fss.ch\/de\/nutzungsbedingungen\/\" \/>\n<meta property=\"og:locale\" content=\"de_DE\" \/>\n<meta property=\"og:type\" content=\"article\" \/>\n<meta property=\"og:title\" content=\"Nutzungsbedingungen - SGB-FSS\" \/>\n<meta property=\"og:description\" content=\"Die Verwendung der Webseiten des Schweizerischen Geh\u00f6rlosenbundes (SGB-FSS) unterliegen den Nutzungsbedingungen.\" \/>\n<meta property=\"og:url\" content=\"https:\/\/www.sgb-fss.ch\/de\/nutzungsbedingungen\/\" \/>\n<meta property=\"og:site_name\" content=\"SGB-FSS\" \/>\n<meta property=\"article:modified_time\" content=\"2025-01-08T10:08:11+00:00\" \/>\n<meta name=\"twitter:card\" content=\"summary_large_image\" \/>\n<meta name=\"twitter:label1\" content=\"Gesch\u00e4tzte Lesezeit\" \/>\n\t<meta name=\"twitter:data1\" content=\"1\u00a0Minute\" \/>\n<script type=\"application\/ld+json\" class=\"yoast-schema-graph\">{\"@context\":\"https:\\\/\\\/schema.org\",\"@graph\":[{\"@type\":\"WebPage\",\"@id\":\"https:\\\/\\\/www.sgb-fss.ch\\\/de\\\/nutzungsbedingungen\\\/\",\"url\":\"https:\\\/\\\/www.sgb-fss.ch\\\/de\\\/nutzungsbedingungen\\\/\",\"name\":\"Nutzungsbedingungen - SGB-FSS\",\"isPartOf\":{\"@id\":\"https:\\\/\\\/www.sgb-fss.ch\\\/de\\\/#website\"},\"datePublished\":\"2024-10-07T10:22:20+00:00\",\"dateModified\":\"2025-01-08T10:08:11+00:00\",\"description\":\"Die Verwendung der Webseiten des Schweizerischen Geh\u00f6rlosenbundes (SGB-FSS) unterliegen den Nutzungsbedingungen.\",\"breadcrumb\":{\"@id\":\"https:\\\/\\\/www.sgb-fss.ch\\\/de\\\/nutzungsbedingungen\\\/#breadcrumb\"},\"inLanguage\":\"de\",\"potentialAction\":[{\"@type\":\"ReadAction\",\"target\":[\"https:\\\/\\\/www.sgb-fss.ch\\\/de\\\/nutzungsbedingungen\\\/\"]}]},{\"@type\":\"BreadcrumbList\",\"@id\":\"https:\\\/\\\/www.sgb-fss.ch\\\/de\\\/nutzungsbedingungen\\\/#breadcrumb\",\"itemListElement\":[{\"@type\":\"ListItem\",\"position\":1,\"name\":\"Home\",\"item\":\"https:\\\/\\\/www.sgb-fss.ch\\\/de\\\/\"},{\"@type\":\"ListItem\",\"position\":2,\"name\":\"Nutzungsbedingungen\"}]},{\"@type\":\"WebSite\",\"@id\":\"https:\\\/\\\/www.sgb-fss.ch\\\/de\\\/#website\",\"url\":\"https:\\\/\\\/www.sgb-fss.ch\\\/de\\\/\",\"name\":\"SGB-FSS\",\"description\":\"\",\"potentialAction\":[{\"@type\":\"SearchAction\",\"target\":{\"@type\":\"EntryPoint\",\"urlTemplate\":\"https:\\\/\\\/www.sgb-fss.ch\\\/de\\\/?s={search_term_string}\"},\"query-input\":{\"@type\":\"PropertyValueSpecification\",\"valueRequired\":true,\"valueName\":\"search_term_string\"}}],\"inLanguage\":\"de\"}]}<\/script>\n<!-- \/ Yoast SEO plugin. -->","yoast_head_json":{"title":"Nutzungsbedingungen - SGB-FSS","description":"Die Verwendung der Webseiten des Schweizerischen Geh\u00f6rlosenbundes (SGB-FSS) unterliegen den Nutzungsbedingungen.","robots":{"index":"index","follow":"follow","max-snippet":"max-snippet:-1","max-image-preview":"max-image-preview:large","max-video-preview":"max-video-preview:-1"},"canonical":"https:\/\/www.sgb-fss.ch\/de\/nutzungsbedingungen\/","og_locale":"de_DE","og_type":"article","og_title":"Nutzungsbedingungen - SGB-FSS","og_description":"Die Verwendung der Webseiten des Schweizerischen Geh\u00f6rlosenbundes (SGB-FSS) unterliegen den Nutzungsbedingungen.","og_url":"https:\/\/www.sgb-fss.ch\/de\/nutzungsbedingungen\/","og_site_name":"SGB-FSS","article_modified_time":"2025-01-08T10:08:11+00:00","twitter_card":"summary_large_image","twitter_misc":{"Gesch\u00e4tzte Lesezeit":"1\u00a0Minute"},"schema":{"@context":"https:\/\/schema.org","@graph":[{"@type":"WebPage","@id":"https:\/\/www.sgb-fss.ch\/de\/nutzungsbedingungen\/","url":"https:\/\/www.sgb-fss.ch\/de\/nutzungsbedingungen\/","name":"Nutzungsbedingungen - SGB-FSS","isPartOf":{"@id":"https:\/\/www.sgb-fss.ch\/de\/#website"},"datePublished":"2024-10-07T10:22:20+00:00","dateModified":"2025-01-08T10:08:11+00:00","description":"Die Verwendung der Webseiten des Schweizerischen Geh\u00f6rlosenbundes (SGB-FSS) unterliegen den Nutzungsbedingungen.","breadcrumb":{"@id":"https:\/\/www.sgb-fss.ch\/de\/nutzungsbedingungen\/#breadcrumb"},"inLanguage":"de","potentialAction":[{"@type":"ReadAction","target":["https:\/\/www.sgb-fss.ch\/de\/nutzungsbedingungen\/"]}]},{"@type":"BreadcrumbList","@id":"https:\/\/www.sgb-fss.ch\/de\/nutzungsbedingungen\/#breadcrumb","itemListElement":[{"@type":"ListItem","position":1,"name":"Home","item":"https:\/\/www.sgb-fss.ch\/de\/"},{"@type":"ListItem","position":2,"name":"Nutzungsbedingungen"}]},{"@type":"WebSite","@id":"https:\/\/www.sgb-fss.ch\/de\/#website","url":"https:\/\/www.sgb-fss.ch\/de\/","name":"SGB-FSS","description":"","potentialAction":[{"@type":"SearchAction","target":{"@type":"EntryPoint","urlTemplate":"https:\/\/www.sgb-fss.ch\/de\/?s={search_term_string}"},"query-input":{"@type":"PropertyValueSpecification","valueRequired":true,"valueName":"search_term_string"}}],"inLanguage":"de"}]}},"_links":{"self":[{"href":"https:\/\/www.sgb-fss.ch\/de\/wp-json\/wp\/v2\/pages\/35657","targetHints":{"allow":["GET"]}}],"collection":[{"href":"https:\/\/www.sgb-fss.ch\/de\/wp-json\/wp\/v2\/pages"}],"about":[{"href":"https:\/\/www.sgb-fss.ch\/de\/wp-json\/wp\/v2\/types\/page"}],"author":[{"embeddable":true,"href":"https:\/\/www.sgb-fss.ch\/de\/wp-json\/wp\/v2\/users\/81"}],"replies":[{"embeddable":true,"href":"https:\/\/www.sgb-fss.ch\/de\/wp-json\/wp\/v2\/comments?post=35657"}],"version-history":[{"count":2,"href":"https:\/\/www.sgb-fss.ch\/de\/wp-json\/wp\/v2\/pages\/35657\/revisions"}],"predecessor-version":[{"id":36420,"href":"https:\/\/www.sgb-fss.ch\/de\/wp-json\/wp\/v2\/pages\/35657\/revisions\/36420"}],"wp:attachment":[{"href":"https:\/\/www.sgb-fss.ch\/de\/wp-json\/wp\/v2\/media?parent=35657"}],"curies":[{"name":"wp","href":"https:\/\/api.w.org\/{rel}","templated":true}]}}