{"id":33361,"date":"2024-04-10T10:24:56","date_gmt":"2024-04-10T08:24:56","guid":{"rendered":"https:\/\/www.sgb-fss.ch\/?page_id=33361"},"modified":"2024-07-30T16:00:31","modified_gmt":"2024-07-30T14:00:31","slug":"grundwissen-gehoerlosigkeit","status":"publish","type":"page","link":"https:\/\/www.sgb-fss.ch\/de\/angebote\/grundwissen-gehoerlosigkeit\/","title":{"rendered":"Grundwissen Geh\u00f6rlosigkeit"},"content":{"rendered":"\n<p class=\"is-style-lead\">D\u00fcrfen geh\u00f6rlose Menschen in der Schweiz Auto fahren? Ist Geb\u00e4rdensprache \u00fcberall gleich? Und was ist eigentlich der Unterschied zwischen Geb\u00e4rdensprache und Fingeralphabet? Die Antworten auf diese und viele andere Fragen rund um Geh\u00f6rlosigkeit und Geb\u00e4rdensprache findest du im kostenlosen Web-Angebot &#8222;Grundwissen Geh\u00f6rlosigkeit&#8220;.<\/p>\n\n\n\n<p><\/p>\n\n\n\n<div class=\"wp-block-buttons is-content-justification-center is-layout-flex wp-container-core-buttons-is-layout-16018d1d wp-block-buttons-is-layout-flex\">\n<div class=\"wp-block-button\"><a class=\"wp-block-button__link has-sgb-fss-blue-background-color has-background wp-element-button\" href=\"http:\/\/sgb-fss.ch\/grundwissen-gehoerlosigkeit\" target=\"_blank\" rel=\"noreferrer noopener\">Jetzt loslegen<\/a><\/div>\n<\/div>\n\n\n\n<figure class=\"wp-block-image size-large\"><img loading=\"lazy\" decoding=\"async\" width=\"1024\" height=\"686\" src=\"https:\/\/www.sgb-fss.ch\/content\/uploads\/2024\/04\/digitalkurs-1024x686.png\" alt=\"\" class=\"wp-image-33417\" srcset=\"https:\/\/www.sgb-fss.ch\/content\/uploads\/2024\/04\/digitalkurs-1024x686.png 1024w, https:\/\/www.sgb-fss.ch\/content\/uploads\/2024\/04\/digitalkurs-300x201.png 300w, https:\/\/www.sgb-fss.ch\/content\/uploads\/2024\/04\/digitalkurs-150x101.png 150w, https:\/\/www.sgb-fss.ch\/content\/uploads\/2024\/04\/digitalkurs-768x515.png 768w, https:\/\/www.sgb-fss.ch\/content\/uploads\/2024\/04\/digitalkurs-1536x1029.png 1536w, https:\/\/www.sgb-fss.ch\/content\/uploads\/2024\/04\/digitalkurs-2048x1372.png 2048w, https:\/\/www.sgb-fss.ch\/content\/uploads\/2024\/04\/digitalkurs-149x100.png 149w\" sizes=\"auto, (max-width: 1024px) 100vw, 1024px\" \/><\/figure>\n\n\n<div class=\"block block-teasercontacts block-teasercontacts--boxed\" id=\"block_e6c482434ef8521fc8d4c401d7f61663\" data-block=\"Teaser Contacts\">\n    <div class=\"block-teasercontacts__header\"><p class=\"block-teasercontacts__title\">Fragen zum Angebot?<br>Wir freuen uns auf deine Nachricht.<\/p><\/div>    <div class=\"block-teasercontacts__list\">\n                                        <div class=\"block-teasercontacts__item\">\n                <div class=\"block-teasercontacts__link\">\n                    <div class=\"block-teasercontacts__media\">\n                        <div class=\"block-teasercontacts__thumbnail accent__darkred has-background-accent\">\n                                                              <div class=\"image block-teasercontacts__thumbnail-image\" >\n    <img decoding=\"async\"\n      loading=\"lazy\"\n      class=\"image__object lazyload\"\n      src=\"https:\/\/www.sgb-fss.ch\/content\/uploads\/2021\/06\/sabine-wolff-1440x0-c-default.jpg\"       data-sizes=\"auto\"\n      data-srcset=\"https:\/\/www.sgb-fss.ch\/content\/uploads\/2021\/06\/sabine-wolff-200x0-c-default.jpg 200w, https:\/\/www.sgb-fss.ch\/content\/uploads\/2021\/06\/sabine-wolff-100x0-c-default.jpg 100w, \"\n      alt=\"\"\n      width=\"567\"\n      height=\"567\"\n            >\n  <\/div>\n                                                    <\/div>\n                    <\/div>\n                    <div class=\"block-teasercontacts__text\">\n                        <p class=\"block-teasercontacts__name\"><strong><a href=\"https:\/\/www.sgb-fss.ch\/de\/team\/sabine-wolff\/\">Sabine Wolff<\/a><\/strong><\/p>\n                        <p class=\"block-teasercontacts__lead\">Produkte und Marken<\/p>                    <\/div>\n                    <div class=\"block-teasercontacts__contacts\">\n                                                    <p>\n                                                                <a class=\"wp-block-button is-style-transparent\" href=\"mailto:s.wolff@sgb-fss.ch\"><span class=\"wp-block-button__link\"><i class=\"icon icon--mail\"><svg data-name=\"Ebene 1\" xmlns=\"http:\/\/www.w3.org\/2000\/svg\" viewBox=\"0 0 24 24\"><path d=\"M20.76 2.31H3.24A3.12 3.12 0 0 0 .12 5.43v13.14a3.12 3.12 0 0 0 3.12 3.12h17.52a3.12 3.12 0 0 0 3.12-3.12V5.43a3.12 3.12 0 0 0-3.12-3.12zM2.09 5a1.27 1.27 0 0 1 1.15-.78h17.52a1.24 1.24 0 0 1 1.11.74l.05.09-.09.06L12 12l-.07-.05-9.87-6.9zM22 18.57a1.26 1.26 0 0 1-1.26 1.27H3.24A1.27 1.27 0 0 1 2 18.57V7.21l9.5 6.69a.89.89 0 0 0 1 0L22 7.25z\"\/><\/svg><\/i><span class=\"wp-block-button__label\">s.wolff@sgb-fss.ch<\/span><\/span><\/a>                                                            <\/p>\n                                            <\/div>\n                <\/div>\n            <\/div>\n                    <\/div>\n<\/div>\n\n\n\n<h2 class=\"wp-block-heading\"><\/h2>\n\n\n\n<div class=\"wp-block-group has-schwarz-25-background-color has-background is-layout-constrained wp-block-group-is-layout-constrained\"><div class=\"block block-teaserpages\" id=\"block_e2872b9a0d86fbbc25862374858a5e70\" data-block=\"Teaser Pages\">\n  <ul class=\"block-teaserpages__list\">\n            <li class=\"block-teaserpages__item\">\n        <a class=\"accent teaserpage\" href=\"https:\/\/www.sgb-fss.ch\/de\/downloads\/\">\n  <div class=\"teaserpage__thumbnail\">\n            <div class=\"image teaserpage__thumbnail-image\" >\n    <img decoding=\"async\"\n      loading=\"lazy\"\n      class=\"image__object lazyload\"\n      src=\"https:\/\/www.sgb-fss.ch\/content\/uploads\/2024\/01\/downloads-d-1440x0-c-default.jpg\"       data-sizes=\"auto\"\n      data-srcset=\"https:\/\/www.sgb-fss.ch\/content\/uploads\/2024\/01\/downloads-d-1000x0-c-default.jpg 1000w, https:\/\/www.sgb-fss.ch\/content\/uploads\/2024\/01\/downloads-d-700x0-c-default.jpg 700w, https:\/\/www.sgb-fss.ch\/content\/uploads\/2024\/01\/downloads-d-350x0-c-default.jpg 350w, \"\n      alt=\"\"\n      width=\"1890\"\n      height=\"1063\"\n            >\n  <\/div>\n      <\/div>\n  <h3 class=\"teaserpage__title\">Downloads<\/h3>\n  <p class=\"teaserpage__lead\">Hier findest du alle Daten zu dieser Seite sowie allen anderen Bereichen zum Herunterladen.<\/p>  <\/a>\n      <\/li>\n    <\/ul>\n<\/div>\n<\/div>\n","protected":false},"excerpt":{"rendered":"<p>D\u00fcrfen geh\u00f6rlose Menschen in der Schweiz Auto fahren? Ist Geb\u00e4rdensprache \u00fcberall gleich? Und was [&hellip;]<\/p>\n","protected":false},"author":40,"featured_media":33412,"parent":31877,"menu_order":0,"comment_status":"closed","ping_status":"closed","template":"","meta":{"_acf_changed":false,"inline_featured_image":false,"footnotes":""},"class_list":["post-33361","page","type-page","status-publish","has-post-thumbnail","hentry"],"acf":[],"yoast_head":"<!-- This site is optimized with the Yoast SEO plugin v27.4 - https:\/\/yoast.com\/product\/yoast-seo-wordpress\/ -->\n<title>Grundwissen Geh\u00f6rlosigkeit - SGB-FSS<\/title>\n<meta name=\"description\" content=\"Erfahre im kostenlosen Web-Angebot &quot;Grundwissen Geh\u00f6rlosigkeit&quot;, ob geh\u00f6rlose Menschen Auto fahren d\u00fcrfen &amp; Geb\u00e4rdensprache \u00fcberall gleich ist.\" \/>\n<meta name=\"robots\" content=\"index, follow, max-snippet:-1, max-image-preview:large, max-video-preview:-1\" \/>\n<link rel=\"canonical\" href=\"https:\/\/www.sgb-fss.ch\/de\/angebote\/grundwissen-gehoerlosigkeit\/\" \/>\n<meta property=\"og:locale\" content=\"de_DE\" \/>\n<meta property=\"og:type\" content=\"article\" \/>\n<meta property=\"og:title\" content=\"Grundwissen Geh\u00f6rlosigkeit - SGB-FSS\" \/>\n<meta property=\"og:description\" content=\"Erfahre im kostenlosen Web-Angebot &quot;Grundwissen Geh\u00f6rlosigkeit&quot;, ob geh\u00f6rlose Menschen Auto fahren d\u00fcrfen &amp; Geb\u00e4rdensprache \u00fcberall gleich ist.\" \/>\n<meta property=\"og:url\" content=\"https:\/\/www.sgb-fss.ch\/de\/angebote\/grundwissen-gehoerlosigkeit\/\" \/>\n<meta property=\"og:site_name\" content=\"SGB-FSS\" \/>\n<meta property=\"article:modified_time\" content=\"2024-07-30T14:00:31+00:00\" \/>\n<meta property=\"og:image\" content=\"https:\/\/www.sgb-fss.ch\/content\/uploads\/2024\/04\/digitalkurs-scaled.jpg\" \/>\n\t<meta property=\"og:image:width\" content=\"2560\" \/>\n\t<meta property=\"og:image:height\" content=\"1715\" \/>\n\t<meta property=\"og:image:type\" content=\"image\/jpeg\" \/>\n<meta name=\"twitter:card\" content=\"summary_large_image\" \/>\n<meta name=\"twitter:label1\" content=\"Gesch\u00e4tzte Lesezeit\" \/>\n\t<meta name=\"twitter:data1\" content=\"1\u00a0Minute\" \/>\n<script type=\"application\/ld+json\" class=\"yoast-schema-graph\">{\"@context\":\"https:\\\/\\\/schema.org\",\"@graph\":[{\"@type\":\"WebPage\",\"@id\":\"https:\\\/\\\/www.sgb-fss.ch\\\/de\\\/angebote\\\/grundwissen-gehoerlosigkeit\\\/\",\"url\":\"https:\\\/\\\/www.sgb-fss.ch\\\/de\\\/angebote\\\/grundwissen-gehoerlosigkeit\\\/\",\"name\":\"Grundwissen Geh\u00f6rlosigkeit - SGB-FSS\",\"isPartOf\":{\"@id\":\"https:\\\/\\\/www.sgb-fss.ch\\\/de\\\/#website\"},\"primaryImageOfPage\":{\"@id\":\"https:\\\/\\\/www.sgb-fss.ch\\\/de\\\/angebote\\\/grundwissen-gehoerlosigkeit\\\/#primaryimage\"},\"image\":{\"@id\":\"https:\\\/\\\/www.sgb-fss.ch\\\/de\\\/angebote\\\/grundwissen-gehoerlosigkeit\\\/#primaryimage\"},\"thumbnailUrl\":\"https:\\\/\\\/www.sgb-fss.ch\\\/content\\\/uploads\\\/2024\\\/04\\\/digitalkurs-scaled.jpg\",\"datePublished\":\"2024-04-10T08:24:56+00:00\",\"dateModified\":\"2024-07-30T14:00:31+00:00\",\"description\":\"Erfahre im kostenlosen Web-Angebot \\\"Grundwissen Geh\u00f6rlosigkeit\\\", ob geh\u00f6rlose Menschen Auto fahren d\u00fcrfen & Geb\u00e4rdensprache \u00fcberall gleich ist.\",\"breadcrumb\":{\"@id\":\"https:\\\/\\\/www.sgb-fss.ch\\\/de\\\/angebote\\\/grundwissen-gehoerlosigkeit\\\/#breadcrumb\"},\"inLanguage\":\"de\",\"potentialAction\":[{\"@type\":\"ReadAction\",\"target\":[\"https:\\\/\\\/www.sgb-fss.ch\\\/de\\\/angebote\\\/grundwissen-gehoerlosigkeit\\\/\"]}]},{\"@type\":\"ImageObject\",\"inLanguage\":\"de\",\"@id\":\"https:\\\/\\\/www.sgb-fss.ch\\\/de\\\/angebote\\\/grundwissen-gehoerlosigkeit\\\/#primaryimage\",\"url\":\"https:\\\/\\\/www.sgb-fss.ch\\\/content\\\/uploads\\\/2024\\\/04\\\/digitalkurs-scaled.jpg\",\"contentUrl\":\"https:\\\/\\\/www.sgb-fss.ch\\\/content\\\/uploads\\\/2024\\\/04\\\/digitalkurs-scaled.jpg\",\"width\":2560,\"height\":1715},{\"@type\":\"BreadcrumbList\",\"@id\":\"https:\\\/\\\/www.sgb-fss.ch\\\/de\\\/angebote\\\/grundwissen-gehoerlosigkeit\\\/#breadcrumb\",\"itemListElement\":[{\"@type\":\"ListItem\",\"position\":1,\"name\":\"Home\",\"item\":\"https:\\\/\\\/www.sgb-fss.ch\\\/de\\\/\"},{\"@type\":\"ListItem\",\"position\":2,\"name\":\"Angebote\",\"item\":\"https:\\\/\\\/www.sgb-fss.ch\\\/de\\\/angebote\\\/\"},{\"@type\":\"ListItem\",\"position\":3,\"name\":\"Grundwissen Geh\u00f6rlosigkeit\"}]},{\"@type\":\"WebSite\",\"@id\":\"https:\\\/\\\/www.sgb-fss.ch\\\/de\\\/#website\",\"url\":\"https:\\\/\\\/www.sgb-fss.ch\\\/de\\\/\",\"name\":\"SGB-FSS\",\"description\":\"\",\"potentialAction\":[{\"@type\":\"SearchAction\",\"target\":{\"@type\":\"EntryPoint\",\"urlTemplate\":\"https:\\\/\\\/www.sgb-fss.ch\\\/de\\\/?s={search_term_string}\"},\"query-input\":{\"@type\":\"PropertyValueSpecification\",\"valueRequired\":true,\"valueName\":\"search_term_string\"}}],\"inLanguage\":\"de\"}]}<\/script>\n<!-- \/ Yoast SEO plugin. -->","yoast_head_json":{"title":"Grundwissen Geh\u00f6rlosigkeit - SGB-FSS","description":"Erfahre im kostenlosen Web-Angebot \"Grundwissen Geh\u00f6rlosigkeit\", ob geh\u00f6rlose Menschen Auto fahren d\u00fcrfen & Geb\u00e4rdensprache \u00fcberall gleich ist.","robots":{"index":"index","follow":"follow","max-snippet":"max-snippet:-1","max-image-preview":"max-image-preview:large","max-video-preview":"max-video-preview:-1"},"canonical":"https:\/\/www.sgb-fss.ch\/de\/angebote\/grundwissen-gehoerlosigkeit\/","og_locale":"de_DE","og_type":"article","og_title":"Grundwissen Geh\u00f6rlosigkeit - SGB-FSS","og_description":"Erfahre im kostenlosen Web-Angebot \"Grundwissen Geh\u00f6rlosigkeit\", ob geh\u00f6rlose Menschen Auto fahren d\u00fcrfen & Geb\u00e4rdensprache \u00fcberall gleich ist.","og_url":"https:\/\/www.sgb-fss.ch\/de\/angebote\/grundwissen-gehoerlosigkeit\/","og_site_name":"SGB-FSS","article_modified_time":"2024-07-30T14:00:31+00:00","og_image":[{"width":2560,"height":1715,"url":"https:\/\/www.sgb-fss.ch\/content\/uploads\/2024\/04\/digitalkurs-scaled.jpg","type":"image\/jpeg"}],"twitter_card":"summary_large_image","twitter_misc":{"Gesch\u00e4tzte Lesezeit":"1\u00a0Minute"},"schema":{"@context":"https:\/\/schema.org","@graph":[{"@type":"WebPage","@id":"https:\/\/www.sgb-fss.ch\/de\/angebote\/grundwissen-gehoerlosigkeit\/","url":"https:\/\/www.sgb-fss.ch\/de\/angebote\/grundwissen-gehoerlosigkeit\/","name":"Grundwissen Geh\u00f6rlosigkeit - SGB-FSS","isPartOf":{"@id":"https:\/\/www.sgb-fss.ch\/de\/#website"},"primaryImageOfPage":{"@id":"https:\/\/www.sgb-fss.ch\/de\/angebote\/grundwissen-gehoerlosigkeit\/#primaryimage"},"image":{"@id":"https:\/\/www.sgb-fss.ch\/de\/angebote\/grundwissen-gehoerlosigkeit\/#primaryimage"},"thumbnailUrl":"https:\/\/www.sgb-fss.ch\/content\/uploads\/2024\/04\/digitalkurs-scaled.jpg","datePublished":"2024-04-10T08:24:56+00:00","dateModified":"2024-07-30T14:00:31+00:00","description":"Erfahre im kostenlosen Web-Angebot \"Grundwissen Geh\u00f6rlosigkeit\", ob geh\u00f6rlose Menschen Auto fahren d\u00fcrfen & Geb\u00e4rdensprache \u00fcberall gleich ist.","breadcrumb":{"@id":"https:\/\/www.sgb-fss.ch\/de\/angebote\/grundwissen-gehoerlosigkeit\/#breadcrumb"},"inLanguage":"de","potentialAction":[{"@type":"ReadAction","target":["https:\/\/www.sgb-fss.ch\/de\/angebote\/grundwissen-gehoerlosigkeit\/"]}]},{"@type":"ImageObject","inLanguage":"de","@id":"https:\/\/www.sgb-fss.ch\/de\/angebote\/grundwissen-gehoerlosigkeit\/#primaryimage","url":"https:\/\/www.sgb-fss.ch\/content\/uploads\/2024\/04\/digitalkurs-scaled.jpg","contentUrl":"https:\/\/www.sgb-fss.ch\/content\/uploads\/2024\/04\/digitalkurs-scaled.jpg","width":2560,"height":1715},{"@type":"BreadcrumbList","@id":"https:\/\/www.sgb-fss.ch\/de\/angebote\/grundwissen-gehoerlosigkeit\/#breadcrumb","itemListElement":[{"@type":"ListItem","position":1,"name":"Home","item":"https:\/\/www.sgb-fss.ch\/de\/"},{"@type":"ListItem","position":2,"name":"Angebote","item":"https:\/\/www.sgb-fss.ch\/de\/angebote\/"},{"@type":"ListItem","position":3,"name":"Grundwissen Geh\u00f6rlosigkeit"}]},{"@type":"WebSite","@id":"https:\/\/www.sgb-fss.ch\/de\/#website","url":"https:\/\/www.sgb-fss.ch\/de\/","name":"SGB-FSS","description":"","potentialAction":[{"@type":"SearchAction","target":{"@type":"EntryPoint","urlTemplate":"https:\/\/www.sgb-fss.ch\/de\/?s={search_term_string}"},"query-input":{"@type":"PropertyValueSpecification","valueRequired":true,"valueName":"search_term_string"}}],"inLanguage":"de"}]}},"_links":{"self":[{"href":"https:\/\/www.sgb-fss.ch\/de\/wp-json\/wp\/v2\/pages\/33361","targetHints":{"allow":["GET"]}}],"collection":[{"href":"https:\/\/www.sgb-fss.ch\/de\/wp-json\/wp\/v2\/pages"}],"about":[{"href":"https:\/\/www.sgb-fss.ch\/de\/wp-json\/wp\/v2\/types\/page"}],"author":[{"embeddable":true,"href":"https:\/\/www.sgb-fss.ch\/de\/wp-json\/wp\/v2\/users\/40"}],"replies":[{"embeddable":true,"href":"https:\/\/www.sgb-fss.ch\/de\/wp-json\/wp\/v2\/comments?post=33361"}],"version-history":[{"count":12,"href":"https:\/\/www.sgb-fss.ch\/de\/wp-json\/wp\/v2\/pages\/33361\/revisions"}],"predecessor-version":[{"id":34806,"href":"https:\/\/www.sgb-fss.ch\/de\/wp-json\/wp\/v2\/pages\/33361\/revisions\/34806"}],"up":[{"embeddable":true,"href":"https:\/\/www.sgb-fss.ch\/de\/wp-json\/wp\/v2\/pages\/31877"}],"wp:featuredmedia":[{"embeddable":true,"href":"https:\/\/www.sgb-fss.ch\/de\/wp-json\/wp\/v2\/media\/33412"}],"wp:attachment":[{"href":"https:\/\/www.sgb-fss.ch\/de\/wp-json\/wp\/v2\/media?parent=33361"}],"curies":[{"name":"wp","href":"https:\/\/api.w.org\/{rel}","templated":true}]}}