{"id":31877,"date":"2024-01-25T12:14:53","date_gmt":"2024-01-25T11:14:53","guid":{"rendered":"https:\/\/www.sgb-fss.ch\/?page_id=31877"},"modified":"2025-02-26T16:26:17","modified_gmt":"2025-02-26T15:26:17","slug":"angebote","status":"publish","type":"page","link":"https:\/\/www.sgb-fss.ch\/de\/angebote\/","title":{"rendered":"Angebote"},"content":{"rendered":"\n<div class=\"wp-block-group has-pflaume-10-background-color has-background is-layout-flow wp-block-group-is-layout-flow\">\n<h1 class=\"wp-block-heading\">Angebote<\/h1>\n\n\n\n<p class=\"is-style-lead\">Unsere Angebote richten sich an h\u00f6rende, geh\u00f6rlose und h\u00f6rbehinderte Personen. Der Schweizerische Geh\u00f6rlosenbund sieht sich als essenzielle Stelle f\u00fcr eine gelingende Integration von geh\u00f6rlosen und h\u00f6rbehinderten Menschen in der Gesellschaft. Wir arbeiten eng mit einem grossen Netzwerk zusammen um Barrieren abzubauen und Wissen im Bereich Geh\u00f6rlosigkeit zu vermitteln.<\/p>\n<\/div>\n\n\n<div class=\"block block-teaserpages\" id=\"block_5f403b0e5d0cf0818956c9ef6e69c4f7\" data-block=\"Teaser Pages\">\n  <ul class=\"block-teaserpages__list\">\n            <li class=\"block-teaserpages__item\">\n        <a class=\"accent teaserpage\" href=\"https:\/\/www.sgb-fss.ch\/de\/angebote\/e-lexikon\/\">\n  <div class=\"teaserpage__thumbnail\">\n            <div class=\"image teaserpage__thumbnail-image\" >\n    <img decoding=\"async\"\n      loading=\"lazy\"\n      class=\"image__object lazyload\"\n      src=\"https:\/\/www.sgb-fss.ch\/content\/uploads\/2023\/06\/elexikon_d-1440x0-c-default.jpg\"       data-sizes=\"auto\"\n      data-srcset=\"https:\/\/www.sgb-fss.ch\/content\/uploads\/2023\/06\/elexikon_d-1000x0-c-default.jpg 1000w, https:\/\/www.sgb-fss.ch\/content\/uploads\/2023\/06\/elexikon_d-700x0-c-default.jpg 700w, https:\/\/www.sgb-fss.ch\/content\/uploads\/2023\/06\/elexikon_d-350x0-c-default.jpg 350w, \"\n      alt=\"\"\n      width=\"1166\"\n      height=\"656\"\n            >\n  <\/div>\n      <\/div>\n  <h3 class=\"teaserpage__title\">E-Lexikon Geb\u00e4rdensprache<\/h3>\n  <p class=\"teaserpage__lead\">In unserem umfangreichen, interaktiven E-Lexikon kannst du Begriffe direkt in die Geb\u00e4rdensprache \u00fcbersetzen lassen,  loslegen und deinen Wortschatz ausbauen. <\/p>  <\/a>\n      <\/li>\n            <li class=\"block-teaserpages__item\">\n        <a class=\"accent teaserpage\" href=\"https:\/\/www.sgb-fss.ch\/de\/angebote\/e-learning-mit-signwise-ch\/\">\n  <div class=\"teaserpage__thumbnail\">\n            <div class=\"image teaserpage__thumbnail-image\" >\n    <img decoding=\"async\"\n      loading=\"lazy\"\n      class=\"image__object lazyload\"\n      src=\"https:\/\/www.sgb-fss.ch\/content\/uploads\/2023\/05\/logo-signwise-web-1440x0-c-default.png\"       data-sizes=\"auto\"\n      data-srcset=\"https:\/\/www.sgb-fss.ch\/content\/uploads\/2023\/05\/logo-signwise-web-1000x0-c-default.png 1000w, https:\/\/www.sgb-fss.ch\/content\/uploads\/2023\/05\/logo-signwise-web-700x0-c-default.png 700w, https:\/\/www.sgb-fss.ch\/content\/uploads\/2023\/05\/logo-signwise-web-350x0-c-default.png 350w, \"\n      alt=\"\"\n      width=\"6330\"\n      height=\"3560\"\n            >\n  <\/div>\n      <\/div>\n  <h3 class=\"teaserpage__title\">E-Learning mit signwise.ch<\/h3>\n  <p class=\"teaserpage__lead\">Mit dem E-Learning-Tool\u00a0signwise.ch\u00a0kannst du in 6\u201312 Monaten einen zertifizierten Abschluss in Geb\u00e4rdensprache abschliessen. Die beiden Level A1 und A2 k\u00f6nnen via E-Learning besucht werden.<\/p>  <\/a>\n      <\/li>\n            <li class=\"block-teaserpages__item\">\n        <a class=\"accent teaserpage\" href=\"https:\/\/www.sgb-fss.ch\/de\/angebote\/grundwissen-gehoerlosigkeit\/\">\n  <div class=\"teaserpage__thumbnail\">\n            <div class=\"image teaserpage__thumbnail-image\" >\n    <img decoding=\"async\"\n      loading=\"lazy\"\n      class=\"image__object lazyload\"\n      src=\"https:\/\/www.sgb-fss.ch\/content\/uploads\/2024\/04\/digitalkurs-scaled-1440x0-c-default.jpg\"       data-sizes=\"auto\"\n      data-srcset=\"https:\/\/www.sgb-fss.ch\/content\/uploads\/2024\/04\/digitalkurs-scaled-1000x0-c-default.jpg 1000w, https:\/\/www.sgb-fss.ch\/content\/uploads\/2024\/04\/digitalkurs-scaled-700x0-c-default.jpg 700w, https:\/\/www.sgb-fss.ch\/content\/uploads\/2024\/04\/digitalkurs-scaled-350x0-c-default.jpg 350w, \"\n      alt=\"\"\n      width=\"2560\"\n      height=\"1715\"\n            >\n  <\/div>\n      <\/div>\n  <h3 class=\"teaserpage__title\">Grundwissen Geh\u00f6rlosigkeit<\/h3>\n  <p class=\"teaserpage__lead\">D\u00fcrfen geh\u00f6rlose Menschen Auto fahren? Ist Geb\u00e4rdensprache \u00fcberall gleich? Die Antworten auf diese und viele andere Fragen rund um Geh\u00f6rlosigkeit findest du in unserem kostenlosen Online-Kurs &#8222;Grundwissen Geh\u00f6rlosigkeit&#8220;.<\/p>  <\/a>\n      <\/li>\n            <li class=\"block-teaserpages__item\">\n        <a class=\"accent teaserpage\" href=\"https:\/\/www.sgb-fss.ch\/de\/angebote\/gebaerdensprachkurse\/\">\n  <div class=\"teaserpage__thumbnail\">\n            <div class=\"image teaserpage__thumbnail-image\" >\n    <img decoding=\"async\"\n      loading=\"lazy\"\n      class=\"image__object lazyload\"\n      src=\"https:\/\/www.sgb-fss.ch\/content\/uploads\/2023\/05\/bhp-2438-scaled-e1684320376735-1440x0-c-default.jpg\"       data-sizes=\"auto\"\n      data-srcset=\"https:\/\/www.sgb-fss.ch\/content\/uploads\/2023\/05\/bhp-2438-scaled-e1684320376735-1000x0-c-default.jpg 1000w, https:\/\/www.sgb-fss.ch\/content\/uploads\/2023\/05\/bhp-2438-scaled-e1684320376735-700x0-c-default.jpg 700w, https:\/\/www.sgb-fss.ch\/content\/uploads\/2023\/05\/bhp-2438-scaled-e1684320376735-350x0-c-default.jpg 350w, \"\n      alt=\"\"\n      width=\"2560\"\n      height=\"1440\"\n            >\n  <\/div>\n      <\/div>\n  <h3 class=\"teaserpage__title\">Geb\u00e4rdensprachkurse<\/h3>\n  <p class=\"teaserpage__lead\">Unser Angebot umfasst Privat- und Intensivkurse sowie Spezialkurse, die laufend ver\u00f6ffentlicht werden. Gemeinsam mit der Klubschule Migros bietet der Schweizerische Geh\u00f6rlosenbund zudem Geb\u00e4rdensprachkurse an. <\/p>  <\/a>\n      <\/li>\n            <li class=\"block-teaserpages__item\">\n        <a class=\"accent teaserpage\" href=\"https:\/\/www.sgb-fss.ch\/de\/gebaerdensprach-heimkurse-fuer-familien\/\">\n  <div class=\"teaserpage__thumbnail\">\n            <div class=\"image teaserpage__thumbnail-image\" >\n    <img decoding=\"async\"\n      loading=\"lazy\"\n      class=\"image__object lazyload\"\n      src=\"https:\/\/www.sgb-fss.ch\/content\/uploads\/2024\/11\/05_heimkurs-scaled-1440x0-c-default.jpg\"       data-sizes=\"auto\"\n      data-srcset=\"https:\/\/www.sgb-fss.ch\/content\/uploads\/2024\/11\/05_heimkurs-scaled-1000x0-c-default.jpg 1000w, https:\/\/www.sgb-fss.ch\/content\/uploads\/2024\/11\/05_heimkurs-scaled-700x0-c-default.jpg 700w, https:\/\/www.sgb-fss.ch\/content\/uploads\/2024\/11\/05_heimkurs-scaled-350x0-c-default.jpg 350w, \"\n      alt=\"Geb\u00e4rdensprach-Heimkurs f\u00fcr Familien zu Hause\"\n      width=\"2560\"\n      height=\"1703\"\n            >\n  <\/div>\n      <\/div>\n  <h3 class=\"teaserpage__title\">Geb\u00e4rdensprach-Heimkurse<\/h3>\n  <p class=\"teaserpage__lead\">Mit dem Angebot \u2039Geb\u00e4rdensprach-Heimkurse\u203a soll von Anfang an eine sprachliche Br\u00fccke zwischen den geh\u00f6rlosen Kindern und den h\u00f6renden Familienmitgliedern gebaut werden. Die Familienmitglieder werden von einer geh\u00f6rlosen Fachperson geschult.<\/p>  <\/a>\n      <\/li>\n            <li class=\"block-teaserpages__item\">\n        <a class=\"accent teaserpage\" href=\"https:\/\/www.sgb-fss.ch\/de\/angebote\/read-to-deaf-kids\/\">\n  <div class=\"teaserpage__thumbnail\">\n            <div class=\"image teaserpage__thumbnail-image\" >\n    <img decoding=\"async\"\n      loading=\"lazy\"\n      class=\"image__object lazyload\"\n      src=\"https:\/\/www.sgb-fss.ch\/content\/uploads\/2023\/04\/kartoffel-2-1440x0-c-default.jpg\"       data-sizes=\"auto\"\n      data-srcset=\"https:\/\/www.sgb-fss.ch\/content\/uploads\/2023\/04\/kartoffel-2-1000x0-c-default.jpg 1000w, https:\/\/www.sgb-fss.ch\/content\/uploads\/2023\/04\/kartoffel-2-700x0-c-default.jpg 700w, https:\/\/www.sgb-fss.ch\/content\/uploads\/2023\/04\/kartoffel-2-350x0-c-default.jpg 350w, \"\n      alt=\"\"\n      width=\"1920\"\n      height=\"1080\"\n            >\n  <\/div>\n      <\/div>\n  <h3 class=\"teaserpage__title\">\u2039Read to Deaf Kids\u203a<\/h3>\n  <p class=\"teaserpage__lead\">Unsere Mission ist es mit diesen Kindergeschichten in DSGS, allen geh\u00f6rlosen Kindern zu helfen, ihre Lese- und Schreibf\u00e4higkeiten zu verbessern und die Interaktion zwischen Eltern und ihren Kindern zu f\u00f6rdern.<\/p>  <\/a>\n      <\/li>\n            <li class=\"block-teaserpages__item\">\n        <a class=\"accent teaserpage\" href=\"https:\/\/www.sgb-fss.ch\/de\/rechtsberatung\/\">\n  <div class=\"teaserpage__thumbnail\">\n            <div class=\"image teaserpage__thumbnail-image\" >\n    <img decoding=\"async\"\n      loading=\"lazy\"\n      class=\"image__object lazyload\"\n      src=\"https:\/\/www.sgb-fss.ch\/content\/uploads\/2023\/07\/rechtsberatung-1440x0-c-default.jpg\"       data-sizes=\"auto\"\n      data-srcset=\"https:\/\/www.sgb-fss.ch\/content\/uploads\/2023\/07\/rechtsberatung-1000x0-c-default.jpg 1000w, https:\/\/www.sgb-fss.ch\/content\/uploads\/2023\/07\/rechtsberatung-700x0-c-default.jpg 700w, https:\/\/www.sgb-fss.ch\/content\/uploads\/2023\/07\/rechtsberatung-350x0-c-default.jpg 350w, \"\n      alt=\"Rechtberatung\"\n      width=\"1890\"\n      height=\"1063\"\n            >\n  <\/div>\n      <\/div>\n  <h3 class=\"teaserpage__title\">Rechtsberatung<\/h3>\n  <p class=\"teaserpage__lead\">Hast du rechtliche Fragen zum Thema Geh\u00f6rlosigkeit oder H\u00f6rbehinderung? Der Rechtsdienst des Schweizerischen Geh\u00f6rlosenbundes unterst\u00fctzt dich dabei, eine L\u00f6sung zu finden und deine Rechte zu wahren.<\/p>  <\/a>\n      <\/li>\n            <li class=\"block-teaserpages__item\">\n        <a class=\"accent teaserpage\" href=\"https:\/\/www.sgb-fss.ch\/de\/angebote\/workshops-und-webinare\/\">\n  <div class=\"teaserpage__thumbnail\">\n            <div class=\"image teaserpage__thumbnail-image\" >\n    <img decoding=\"async\"\n      loading=\"lazy\"\n      class=\"image__object lazyload\"\n      src=\"https:\/\/www.sgb-fss.ch\/content\/uploads\/workshop_2-1440x0-c-default.jpg\"       data-sizes=\"auto\"\n      data-srcset=\"https:\/\/www.sgb-fss.ch\/content\/uploads\/workshop_2-1000x0-c-default.jpg 1000w, https:\/\/www.sgb-fss.ch\/content\/uploads\/workshop_2-700x0-c-default.jpg 700w, https:\/\/www.sgb-fss.ch\/content\/uploads\/workshop_2-350x0-c-default.jpg 350w, \"\n      alt=\"\"\n      width=\"337\"\n      height=\"242\"\n            >\n  <\/div>\n      <\/div>\n  <h3 class=\"teaserpage__title\">Workshops und Webinare<\/h3>\n  <p class=\"teaserpage__lead\">Mit unseren Workshops und kostenlosen Webinare sensibilisieren wir Unternehmen und Organisationen, die ihre Diversit\u00e4t im Bereich der H\u00f6rbehinderung weiter ausbauen m\u00f6chten. Wir bilden Teams, die schon mit Menschen zusammenarbeiten, die eine H\u00f6rbehinderung haben, zum Thema \u2039Team-Work und Kommunikation\u203a weiter und k\u00f6nnen alle Angebote auf dein Unternehmen zuschneiden.<\/p>  <\/a>\n      <\/li>\n    <\/ul>\n<\/div>\n","protected":false},"excerpt":{"rendered":"<p>Angebote Unsere Angebote richten sich an h\u00f6rende, geh\u00f6rlose und h\u00f6rbehinderte Personen. Der Schweizerische Geh\u00f6rlosenbund [&hellip;]<\/p>\n","protected":false},"author":8,"featured_media":17663,"parent":0,"menu_order":0,"comment_status":"closed","ping_status":"closed","template":"front-page.php","meta":{"_acf_changed":false,"inline_featured_image":false,"footnotes":""},"class_list":["post-31877","page","type-page","status-publish","has-post-thumbnail","hentry"],"acf":[],"yoast_head":"<!-- This site is optimized with the Yoast SEO plugin v27.4 - https:\/\/yoast.com\/product\/yoast-seo-wordpress\/ -->\n<title>Angebote - SGB-FSS<\/title>\n<meta name=\"robots\" content=\"index, follow, max-snippet:-1, max-image-preview:large, max-video-preview:-1\" \/>\n<link rel=\"canonical\" href=\"https:\/\/www.sgb-fss.ch\/de\/angebote\/\" \/>\n<meta property=\"og:locale\" content=\"de_DE\" \/>\n<meta property=\"og:type\" content=\"article\" \/>\n<meta property=\"og:title\" content=\"Angebote - SGB-FSS\" \/>\n<meta property=\"og:description\" content=\"Angebote Unsere Angebote richten sich an h\u00f6rende, geh\u00f6rlose und h\u00f6rbehinderte Personen. Der Schweizerische Geh\u00f6rlosenbund [&hellip;]\" \/>\n<meta property=\"og:url\" content=\"https:\/\/www.sgb-fss.ch\/de\/angebote\/\" \/>\n<meta property=\"og:site_name\" content=\"SGB-FSS\" \/>\n<meta property=\"article:modified_time\" content=\"2025-02-26T15:26:17+00:00\" \/>\n<meta property=\"og:image\" content=\"https:\/\/www.sgb-fss.ch\/content\/uploads\/2023\/05\/bildung-scaled-e1684317847531.jpg\" \/>\n\t<meta property=\"og:image:width\" content=\"2560\" \/>\n\t<meta property=\"og:image:height\" content=\"1707\" \/>\n\t<meta property=\"og:image:type\" content=\"image\/jpeg\" \/>\n<meta name=\"twitter:card\" content=\"summary_large_image\" \/>\n<meta name=\"twitter:label1\" content=\"Gesch\u00e4tzte Lesezeit\" \/>\n\t<meta name=\"twitter:data1\" content=\"1\u00a0Minute\" \/>\n<script type=\"application\/ld+json\" class=\"yoast-schema-graph\">{\"@context\":\"https:\\\/\\\/schema.org\",\"@graph\":[{\"@type\":\"WebPage\",\"@id\":\"https:\\\/\\\/www.sgb-fss.ch\\\/de\\\/angebote\\\/\",\"url\":\"https:\\\/\\\/www.sgb-fss.ch\\\/de\\\/angebote\\\/\",\"name\":\"Angebote - SGB-FSS\",\"isPartOf\":{\"@id\":\"https:\\\/\\\/www.sgb-fss.ch\\\/de\\\/#website\"},\"primaryImageOfPage\":{\"@id\":\"https:\\\/\\\/www.sgb-fss.ch\\\/de\\\/angebote\\\/#primaryimage\"},\"image\":{\"@id\":\"https:\\\/\\\/www.sgb-fss.ch\\\/de\\\/angebote\\\/#primaryimage\"},\"thumbnailUrl\":\"https:\\\/\\\/www.sgb-fss.ch\\\/content\\\/uploads\\\/2023\\\/05\\\/bildung-scaled-e1684317847531.jpg\",\"datePublished\":\"2024-01-25T11:14:53+00:00\",\"dateModified\":\"2025-02-26T15:26:17+00:00\",\"breadcrumb\":{\"@id\":\"https:\\\/\\\/www.sgb-fss.ch\\\/de\\\/angebote\\\/#breadcrumb\"},\"inLanguage\":\"de\",\"potentialAction\":[{\"@type\":\"ReadAction\",\"target\":[\"https:\\\/\\\/www.sgb-fss.ch\\\/de\\\/angebote\\\/\"]}]},{\"@type\":\"ImageObject\",\"inLanguage\":\"de\",\"@id\":\"https:\\\/\\\/www.sgb-fss.ch\\\/de\\\/angebote\\\/#primaryimage\",\"url\":\"https:\\\/\\\/www.sgb-fss.ch\\\/content\\\/uploads\\\/2023\\\/05\\\/bildung-scaled-e1684317847531.jpg\",\"contentUrl\":\"https:\\\/\\\/www.sgb-fss.ch\\\/content\\\/uploads\\\/2023\\\/05\\\/bildung-scaled-e1684317847531.jpg\",\"width\":2560,\"height\":1707,\"caption\":\"Rear view of casual businesswoman raising her hand to ask the question on education event in a board room.\"},{\"@type\":\"BreadcrumbList\",\"@id\":\"https:\\\/\\\/www.sgb-fss.ch\\\/de\\\/angebote\\\/#breadcrumb\",\"itemListElement\":[{\"@type\":\"ListItem\",\"position\":1,\"name\":\"Home\",\"item\":\"https:\\\/\\\/www.sgb-fss.ch\\\/de\\\/\"},{\"@type\":\"ListItem\",\"position\":2,\"name\":\"Angebote\"}]},{\"@type\":\"WebSite\",\"@id\":\"https:\\\/\\\/www.sgb-fss.ch\\\/de\\\/#website\",\"url\":\"https:\\\/\\\/www.sgb-fss.ch\\\/de\\\/\",\"name\":\"SGB-FSS\",\"description\":\"\",\"potentialAction\":[{\"@type\":\"SearchAction\",\"target\":{\"@type\":\"EntryPoint\",\"urlTemplate\":\"https:\\\/\\\/www.sgb-fss.ch\\\/de\\\/?s={search_term_string}\"},\"query-input\":{\"@type\":\"PropertyValueSpecification\",\"valueRequired\":true,\"valueName\":\"search_term_string\"}}],\"inLanguage\":\"de\"}]}<\/script>\n<!-- \/ Yoast SEO plugin. -->","yoast_head_json":{"title":"Angebote - SGB-FSS","robots":{"index":"index","follow":"follow","max-snippet":"max-snippet:-1","max-image-preview":"max-image-preview:large","max-video-preview":"max-video-preview:-1"},"canonical":"https:\/\/www.sgb-fss.ch\/de\/angebote\/","og_locale":"de_DE","og_type":"article","og_title":"Angebote - SGB-FSS","og_description":"Angebote Unsere Angebote richten sich an h\u00f6rende, geh\u00f6rlose und h\u00f6rbehinderte Personen. Der Schweizerische Geh\u00f6rlosenbund [&hellip;]","og_url":"https:\/\/www.sgb-fss.ch\/de\/angebote\/","og_site_name":"SGB-FSS","article_modified_time":"2025-02-26T15:26:17+00:00","og_image":[{"width":2560,"height":1707,"url":"https:\/\/www.sgb-fss.ch\/content\/uploads\/2023\/05\/bildung-scaled-e1684317847531.jpg","type":"image\/jpeg"}],"twitter_card":"summary_large_image","twitter_misc":{"Gesch\u00e4tzte Lesezeit":"1\u00a0Minute"},"schema":{"@context":"https:\/\/schema.org","@graph":[{"@type":"WebPage","@id":"https:\/\/www.sgb-fss.ch\/de\/angebote\/","url":"https:\/\/www.sgb-fss.ch\/de\/angebote\/","name":"Angebote - SGB-FSS","isPartOf":{"@id":"https:\/\/www.sgb-fss.ch\/de\/#website"},"primaryImageOfPage":{"@id":"https:\/\/www.sgb-fss.ch\/de\/angebote\/#primaryimage"},"image":{"@id":"https:\/\/www.sgb-fss.ch\/de\/angebote\/#primaryimage"},"thumbnailUrl":"https:\/\/www.sgb-fss.ch\/content\/uploads\/2023\/05\/bildung-scaled-e1684317847531.jpg","datePublished":"2024-01-25T11:14:53+00:00","dateModified":"2025-02-26T15:26:17+00:00","breadcrumb":{"@id":"https:\/\/www.sgb-fss.ch\/de\/angebote\/#breadcrumb"},"inLanguage":"de","potentialAction":[{"@type":"ReadAction","target":["https:\/\/www.sgb-fss.ch\/de\/angebote\/"]}]},{"@type":"ImageObject","inLanguage":"de","@id":"https:\/\/www.sgb-fss.ch\/de\/angebote\/#primaryimage","url":"https:\/\/www.sgb-fss.ch\/content\/uploads\/2023\/05\/bildung-scaled-e1684317847531.jpg","contentUrl":"https:\/\/www.sgb-fss.ch\/content\/uploads\/2023\/05\/bildung-scaled-e1684317847531.jpg","width":2560,"height":1707,"caption":"Rear view of casual businesswoman raising her hand to ask the question on education event in a board room."},{"@type":"BreadcrumbList","@id":"https:\/\/www.sgb-fss.ch\/de\/angebote\/#breadcrumb","itemListElement":[{"@type":"ListItem","position":1,"name":"Home","item":"https:\/\/www.sgb-fss.ch\/de\/"},{"@type":"ListItem","position":2,"name":"Angebote"}]},{"@type":"WebSite","@id":"https:\/\/www.sgb-fss.ch\/de\/#website","url":"https:\/\/www.sgb-fss.ch\/de\/","name":"SGB-FSS","description":"","potentialAction":[{"@type":"SearchAction","target":{"@type":"EntryPoint","urlTemplate":"https:\/\/www.sgb-fss.ch\/de\/?s={search_term_string}"},"query-input":{"@type":"PropertyValueSpecification","valueRequired":true,"valueName":"search_term_string"}}],"inLanguage":"de"}]}},"_links":{"self":[{"href":"https:\/\/www.sgb-fss.ch\/de\/wp-json\/wp\/v2\/pages\/31877","targetHints":{"allow":["GET"]}}],"collection":[{"href":"https:\/\/www.sgb-fss.ch\/de\/wp-json\/wp\/v2\/pages"}],"about":[{"href":"https:\/\/www.sgb-fss.ch\/de\/wp-json\/wp\/v2\/types\/page"}],"author":[{"embeddable":true,"href":"https:\/\/www.sgb-fss.ch\/de\/wp-json\/wp\/v2\/users\/8"}],"replies":[{"embeddable":true,"href":"https:\/\/www.sgb-fss.ch\/de\/wp-json\/wp\/v2\/comments?post=31877"}],"version-history":[{"count":21,"href":"https:\/\/www.sgb-fss.ch\/de\/wp-json\/wp\/v2\/pages\/31877\/revisions"}],"predecessor-version":[{"id":37318,"href":"https:\/\/www.sgb-fss.ch\/de\/wp-json\/wp\/v2\/pages\/31877\/revisions\/37318"}],"wp:featuredmedia":[{"embeddable":true,"href":"https:\/\/www.sgb-fss.ch\/de\/wp-json\/wp\/v2\/media\/17663"}],"wp:attachment":[{"href":"https:\/\/www.sgb-fss.ch\/de\/wp-json\/wp\/v2\/media?parent=31877"}],"curies":[{"name":"wp","href":"https:\/\/api.w.org\/{rel}","templated":true}]}}