{"id":302,"date":"2021-02-19T13:56:16","date_gmt":"2021-02-19T12:56:16","guid":{"rendered":"https:\/\/www.sgb-fss.ch\/?page_id=302"},"modified":"2023-09-04T16:12:55","modified_gmt":"2023-09-04T14:12:55","slug":"stiftung","status":"publish","type":"page","link":"https:\/\/www.sgb-fss.ch\/de\/spenden\/stiftung\/","title":{"rendered":"F\u00fcr Stiftungen"},"content":{"rendered":"\n<p class=\"is-style-lead\">F\u00f6rderstiftungen sind wichtige Unterst\u00fctzer, damit wir unsere verschiedenen Projekte in den strategischen Handlungsfeldern Arbeit, Bildung, Gesundheit und politische Partizipation erfolgreich umsetzen k\u00f6nnen. Als ZEWO-zertifizierte Organisation ist uns Wirtschaftlichkeit und Transparenz wichtig.<\/p>\n\n\n\n<h3 class=\"wp-block-heading\">So k\u00f6nnen Sie uns unterst\u00fctzen<\/h3>\n\n\n\n<div class=\"wp-block-columns is-layout-flex wp-container-core-columns-is-layout-9d6595d7 wp-block-columns-is-layout-flex\">\n<div class=\"wp-block-column has-sgb-fss-blue-30-background-color has-background is-layout-flow wp-block-column-is-layout-flow\">\n<h3 class=\"wp-block-heading\"><strong><strong><strong><a href=\"https:\/\/www.sgb-fss.ch\/de\/spenden\/freie-spenden\/\" target=\"_blank\" rel=\"noreferrer noopener\">Freie Spende<\/a><\/strong><\/strong><\/strong><\/h3>\n\n\n\n<p>Sie unterst\u00fctzen uns mit einem Beitrag, den wir dort einsetzen, wo der Bedarf am gr\u00f6ssten ist. Sie unterst\u00fctzen dabei immer Menschen mit einer H\u00f6rbehinderung.<\/p>\n<\/div>\n\n\n\n<div class=\"wp-block-column has-pflaume-10-background-color has-background is-layout-flow wp-block-column-is-layout-flow\">\n<h3 class=\"wp-block-heading\"><strong><strong><strong><strong><a href=\"https:\/\/www.sgb-fss.ch\/de\/spenden\/spendengeschichten\/\" target=\"_blank\" rel=\"noreferrer noopener\">Projektspende<\/a><\/strong><\/strong><\/strong><\/strong><\/h3>\n\n\n\n<p>Sie unterst\u00fctzen gezielt ausgew\u00e4hlte Projekte. Lassen Sie uns wissen, welche Schwerpunkte Sie unterst\u00fctzen m\u00f6chten.<\/p>\n<\/div>\n<\/div>\n\n\n\n<div class=\"wp-block-columns is-layout-flex wp-container-core-columns-is-layout-9d6595d7 wp-block-columns-is-layout-flex\">\n<div class=\"wp-block-column has-sgb-fss-rot-15-background-color has-background is-layout-flow wp-block-column-is-layout-flow\">\n<p>Wenn Sie mit Ihrer <strong>Stiftung <\/strong>als Unterst\u00fctzer <strong>anonym <\/strong>bleiben wollen, respektieren wir das selbstverst\u00e4ndlich. Lassen Sie uns Ihren Wunsch wissen.<\/p>\n<\/div>\n<\/div>\n\n\n<div class=\"block block-teaserpages\" id=\"block_9ad630d92f844965f3918be6e6d7b4a2\" data-block=\"Teaser Pages\">\n  <ul class=\"block-teaserpages__list\">\n            <li class=\"block-teaserpages__item\">\n        <a class=\"accent teaserpage\" href=\"https:\/\/www.sgb-fss.ch\/de\/verband\/unsere-vision\/\">\n  <div class=\"teaserpage__thumbnail\">\n            <div class=\"image teaserpage__thumbnail-image\" >\n    <img decoding=\"async\"\n      loading=\"lazy\"\n      class=\"image__object lazyload\"\n      src=\"https:\/\/www.sgb-fss.ch\/content\/uploads\/2023\/09\/shutterstock_1165928134-scaled-1440x0-c-default.jpg\"       data-sizes=\"auto\"\n      data-srcset=\"https:\/\/www.sgb-fss.ch\/content\/uploads\/2023\/09\/shutterstock_1165928134-scaled-1000x0-c-default.jpg 1000w, https:\/\/www.sgb-fss.ch\/content\/uploads\/2023\/09\/shutterstock_1165928134-scaled-700x0-c-default.jpg 700w, https:\/\/www.sgb-fss.ch\/content\/uploads\/2023\/09\/shutterstock_1165928134-scaled-350x0-c-default.jpg 350w, \"\n      alt=\"\"\n      width=\"2560\"\n      height=\"1707\"\n            >\n  <\/div>\n      <\/div>\n  <h3 class=\"teaserpage__title\">Unsere Leitbild<\/h3>\n  <p class=\"teaserpage__lead\">Das Leitbild zeigt, wof\u00fcr der Schweizerische Geh\u00f6rlosenbund steht und welche Ziele er verfolgt. Vision, Mission, Werte und Stossrichtungen geben Orientierung f\u00fcr unsere Arbeit.<\/p>  <\/a>\n      <\/li>\n            <li class=\"block-teaserpages__item\">\n        <a class=\"accent teaserpage\" href=\"https:\/\/www.sgb-fss.ch\/de\/spenden\/spendengeschichten\/\">\n  <div class=\"teaserpage__thumbnail\">\n            <div class=\"image teaserpage__thumbnail-image\" >\n    <img decoding=\"async\"\n      loading=\"lazy\"\n      class=\"image__object lazyload\"\n      src=\"https:\/\/www.sgb-fss.ch\/content\/uploads\/2023\/05\/bildung_fruehfoerderung-scaled-e1684152377706-1440x0-c-default.jpg\"       data-sizes=\"auto\"\n      data-srcset=\"https:\/\/www.sgb-fss.ch\/content\/uploads\/2023\/05\/bildung_fruehfoerderung-scaled-e1684152377706-1000x0-c-default.jpg 1000w, https:\/\/www.sgb-fss.ch\/content\/uploads\/2023\/05\/bildung_fruehfoerderung-scaled-e1684152377706-700x0-c-default.jpg 700w, https:\/\/www.sgb-fss.ch\/content\/uploads\/2023\/05\/bildung_fruehfoerderung-scaled-e1684152377706-350x0-c-default.jpg 350w, \"\n      alt=\"\"\n      width=\"2560\"\n      height=\"1440\"\n            >\n  <\/div>\n      <\/div>\n  <h3 class=\"teaserpage__title\">Spendengeschichten<\/h3>\n  <p class=\"teaserpage__lead\">Jede Spende erz\u00e4hlt eine Geschichte. Ihre Spende hilft uns, Familien bei der Integration ihrer Kinder im Alltag zu unterst\u00fctzen und geh\u00f6rlose Menschen eine gleichberechtigte Teilhabe in der Gesellschaft zu erm\u00f6glichen. <\/p>  <\/a>\n      <\/li>\n            <li class=\"block-teaserpages__item\">\n        <a class=\"accent teaserpage\" href=\"https:\/\/www.sgb-fss.ch\/de\/bereiche\/politische-arbeit\/\">\n  <div class=\"teaserpage__thumbnail\">\n            <div class=\"image teaserpage__thumbnail-image\" >\n    <img decoding=\"async\"\n      loading=\"lazy\"\n      class=\"image__object lazyload\"\n      src=\"https:\/\/www.sgb-fss.ch\/content\/uploads\/2023\/05\/logo-gebardensprache-bundeshaus-2farbig-1440x0-c-default.png\"       data-sizes=\"auto\"\n      data-srcset=\"https:\/\/www.sgb-fss.ch\/content\/uploads\/2023\/05\/logo-gebardensprache-bundeshaus-2farbig-1000x0-c-default.png 1000w, https:\/\/www.sgb-fss.ch\/content\/uploads\/2023\/05\/logo-gebardensprache-bundeshaus-2farbig-700x0-c-default.png 700w, https:\/\/www.sgb-fss.ch\/content\/uploads\/2023\/05\/logo-gebardensprache-bundeshaus-2farbig-350x0-c-default.png 350w, \"\n      alt=\"\"\n      width=\"1936\"\n      height=\"1089\"\n            >\n  <\/div>\n      <\/div>\n  <h3 class=\"teaserpage__title\">Politische Arbeit<\/h3>\n  <p class=\"teaserpage__lead\">Der Schweizerische Geh\u00f6rlosenbund vertritt die Interessen von geh\u00f6rlosen und h\u00f6rbehinderten Menschen gegen\u00fcber der Politik. Er setzt sich daf\u00fcr ein, dass alle Lebensbereiche f\u00fcr geh\u00f6rlose und h\u00f6rbehinderte Menschen barrierefrei zug\u00e4nglich sind.<\/p>  <\/a>\n      <\/li>\n    <\/ul>\n<\/div>\n\n\n<div class=\"block block-teasercontacts block-teasercontacts--boxed\" id=\"block_82882eb79733e7ae33ed5edc95f5a137\" data-block=\"Teaser Contacts\">\n    <div class=\"block-teasercontacts__header\"><p class=\"block-teasercontacts__title\">M\u00f6chten Sie mehr \u00fcber unsere Projekte erfahren? Ich freue mich auf Ihre Kontaktnahme.<\/p><\/div>    <div class=\"block-teasercontacts__list\">\n                                        <div class=\"block-teasercontacts__item\">\n                <div class=\"block-teasercontacts__link\">\n                    <div class=\"block-teasercontacts__media\">\n                        <div class=\"block-teasercontacts__thumbnail accent__darkred has-background-accent\">\n                                                              <div class=\"image block-teasercontacts__thumbnail-image\" >\n    <img decoding=\"async\"\n      loading=\"lazy\"\n      class=\"image__object lazyload\"\n      src=\"https:\/\/www.sgb-fss.ch\/content\/uploads\/2021\/06\/angela-hartmann-1440x0-c-default.jpg\"       data-sizes=\"auto\"\n      data-srcset=\"https:\/\/www.sgb-fss.ch\/content\/uploads\/2021\/06\/angela-hartmann-200x0-c-default.jpg 200w, https:\/\/www.sgb-fss.ch\/content\/uploads\/2021\/06\/angela-hartmann-100x0-c-default.jpg 100w, \"\n      alt=\"\"\n      width=\"567\"\n      height=\"567\"\n            >\n  <\/div>\n                                                    <\/div>\n                    <\/div>\n                    <div class=\"block-teasercontacts__text\">\n                        <p class=\"block-teasercontacts__name\"><strong><a href=\"https:\/\/www.sgb-fss.ch\/de\/team\/angela-hartmann\/\">Angela Hartmann<\/a><\/strong><\/p>\n                        <p class=\"block-teasercontacts__lead\">Fundraising<\/p>                    <\/div>\n                    <div class=\"block-teasercontacts__contacts\">\n                                                    <p>\n                                                                <a class=\"wp-block-button is-style-transparent\" href=\"mailto:a.hartmann@sgb-fss.ch\"><span class=\"wp-block-button__link\"><i class=\"icon icon--mail\"><svg data-name=\"Ebene 1\" xmlns=\"http:\/\/www.w3.org\/2000\/svg\" viewBox=\"0 0 24 24\"><path d=\"M20.76 2.31H3.24A3.12 3.12 0 0 0 .12 5.43v13.14a3.12 3.12 0 0 0 3.12 3.12h17.52a3.12 3.12 0 0 0 3.12-3.12V5.43a3.12 3.12 0 0 0-3.12-3.12zM2.09 5a1.27 1.27 0 0 1 1.15-.78h17.52a1.24 1.24 0 0 1 1.11.74l.05.09-.09.06L12 12l-.07-.05-9.87-6.9zM22 18.57a1.26 1.26 0 0 1-1.26 1.27H3.24A1.27 1.27 0 0 1 2 18.57V7.21l9.5 6.69a.89.89 0 0 0 1 0L22 7.25z\"\/><\/svg><\/i><span class=\"wp-block-button__label\">a.hartmann@sgb-fss.ch<\/span><\/span><\/a>                                                            <\/p>\n                                            <\/div>\n                <\/div>\n            <\/div>\n                    <\/div>\n<\/div>\n","protected":false},"excerpt":{"rendered":"<p>F\u00f6rderstiftungen sind wichtige Unterst\u00fctzer, damit wir unsere verschiedenen Projekte in den strategischen Handlungsfeldern Arbeit, [&hellip;]<\/p>\n","protected":false},"author":40,"featured_media":24196,"parent":9091,"menu_order":2,"comment_status":"closed","ping_status":"closed","template":"","meta":{"_acf_changed":false,"inline_featured_image":false,"footnotes":""},"class_list":["post-302","page","type-page","status-publish","has-post-thumbnail","hentry"],"acf":[],"yoast_head":"<!-- This site is optimized with the Yoast SEO plugin v27.4 - https:\/\/yoast.com\/product\/yoast-seo-wordpress\/ -->\n<title>F\u00fcr Stiftungen - SGB-FSS<\/title>\n<meta name=\"robots\" content=\"index, follow, max-snippet:-1, max-image-preview:large, max-video-preview:-1\" \/>\n<link rel=\"canonical\" href=\"https:\/\/www.sgb-fss.ch\/de\/spenden\/stiftung\/\" \/>\n<meta property=\"og:locale\" content=\"de_DE\" \/>\n<meta property=\"og:type\" content=\"article\" \/>\n<meta property=\"og:title\" content=\"F\u00fcr Stiftungen - SGB-FSS\" \/>\n<meta property=\"og:description\" content=\"F\u00f6rderstiftungen sind wichtige Unterst\u00fctzer, damit wir unsere verschiedenen Projekte in den strategischen Handlungsfeldern Arbeit, [&hellip;]\" \/>\n<meta property=\"og:url\" content=\"https:\/\/www.sgb-fss.ch\/de\/spenden\/stiftung\/\" \/>\n<meta property=\"og:site_name\" content=\"SGB-FSS\" \/>\n<meta property=\"article:modified_time\" content=\"2023-09-04T14:12:55+00:00\" \/>\n<meta property=\"og:image\" content=\"https:\/\/www.sgb-fss.ch\/content\/uploads\/2023\/08\/istock-1389700841-scaled.jpg\" \/>\n\t<meta property=\"og:image:width\" content=\"2560\" \/>\n\t<meta property=\"og:image:height\" content=\"1707\" \/>\n\t<meta property=\"og:image:type\" content=\"image\/jpeg\" \/>\n<meta name=\"twitter:card\" content=\"summary_large_image\" \/>\n<meta name=\"twitter:label1\" content=\"Gesch\u00e4tzte Lesezeit\" \/>\n\t<meta name=\"twitter:data1\" content=\"1\u00a0Minute\" \/>\n<script type=\"application\/ld+json\" class=\"yoast-schema-graph\">{\"@context\":\"https:\\\/\\\/schema.org\",\"@graph\":[{\"@type\":\"WebPage\",\"@id\":\"https:\\\/\\\/www.sgb-fss.ch\\\/de\\\/spenden\\\/stiftung\\\/\",\"url\":\"https:\\\/\\\/www.sgb-fss.ch\\\/de\\\/spenden\\\/stiftung\\\/\",\"name\":\"F\u00fcr Stiftungen - SGB-FSS\",\"isPartOf\":{\"@id\":\"https:\\\/\\\/www.sgb-fss.ch\\\/de\\\/#website\"},\"primaryImageOfPage\":{\"@id\":\"https:\\\/\\\/www.sgb-fss.ch\\\/de\\\/spenden\\\/stiftung\\\/#primaryimage\"},\"image\":{\"@id\":\"https:\\\/\\\/www.sgb-fss.ch\\\/de\\\/spenden\\\/stiftung\\\/#primaryimage\"},\"thumbnailUrl\":\"https:\\\/\\\/www.sgb-fss.ch\\\/content\\\/uploads\\\/2023\\\/08\\\/istock-1389700841-scaled.jpg\",\"datePublished\":\"2021-02-19T12:56:16+00:00\",\"dateModified\":\"2023-09-04T14:12:55+00:00\",\"breadcrumb\":{\"@id\":\"https:\\\/\\\/www.sgb-fss.ch\\\/de\\\/spenden\\\/stiftung\\\/#breadcrumb\"},\"inLanguage\":\"de\",\"potentialAction\":[{\"@type\":\"ReadAction\",\"target\":[\"https:\\\/\\\/www.sgb-fss.ch\\\/de\\\/spenden\\\/stiftung\\\/\"]}]},{\"@type\":\"ImageObject\",\"inLanguage\":\"de\",\"@id\":\"https:\\\/\\\/www.sgb-fss.ch\\\/de\\\/spenden\\\/stiftung\\\/#primaryimage\",\"url\":\"https:\\\/\\\/www.sgb-fss.ch\\\/content\\\/uploads\\\/2023\\\/08\\\/istock-1389700841-scaled.jpg\",\"contentUrl\":\"https:\\\/\\\/www.sgb-fss.ch\\\/content\\\/uploads\\\/2023\\\/08\\\/istock-1389700841-scaled.jpg\",\"width\":2560,\"height\":1707,\"caption\":\"The group of volunteers cheer with their hands raised at their achievements today.\"},{\"@type\":\"BreadcrumbList\",\"@id\":\"https:\\\/\\\/www.sgb-fss.ch\\\/de\\\/spenden\\\/stiftung\\\/#breadcrumb\",\"itemListElement\":[{\"@type\":\"ListItem\",\"position\":1,\"name\":\"Home\",\"item\":\"https:\\\/\\\/www.sgb-fss.ch\\\/de\\\/\"},{\"@type\":\"ListItem\",\"position\":2,\"name\":\"Spenden und Chance schenken\",\"item\":\"https:\\\/\\\/www.sgb-fss.ch\\\/de\\\/spenden\\\/\"},{\"@type\":\"ListItem\",\"position\":3,\"name\":\"F\u00fcr Stiftungen\"}]},{\"@type\":\"WebSite\",\"@id\":\"https:\\\/\\\/www.sgb-fss.ch\\\/de\\\/#website\",\"url\":\"https:\\\/\\\/www.sgb-fss.ch\\\/de\\\/\",\"name\":\"SGB-FSS\",\"description\":\"\",\"potentialAction\":[{\"@type\":\"SearchAction\",\"target\":{\"@type\":\"EntryPoint\",\"urlTemplate\":\"https:\\\/\\\/www.sgb-fss.ch\\\/de\\\/?s={search_term_string}\"},\"query-input\":{\"@type\":\"PropertyValueSpecification\",\"valueRequired\":true,\"valueName\":\"search_term_string\"}}],\"inLanguage\":\"de\"}]}<\/script>\n<!-- \/ Yoast SEO plugin. -->","yoast_head_json":{"title":"F\u00fcr Stiftungen - SGB-FSS","robots":{"index":"index","follow":"follow","max-snippet":"max-snippet:-1","max-image-preview":"max-image-preview:large","max-video-preview":"max-video-preview:-1"},"canonical":"https:\/\/www.sgb-fss.ch\/de\/spenden\/stiftung\/","og_locale":"de_DE","og_type":"article","og_title":"F\u00fcr Stiftungen - SGB-FSS","og_description":"F\u00f6rderstiftungen sind wichtige Unterst\u00fctzer, damit wir unsere verschiedenen Projekte in den strategischen Handlungsfeldern Arbeit, [&hellip;]","og_url":"https:\/\/www.sgb-fss.ch\/de\/spenden\/stiftung\/","og_site_name":"SGB-FSS","article_modified_time":"2023-09-04T14:12:55+00:00","og_image":[{"width":2560,"height":1707,"url":"https:\/\/www.sgb-fss.ch\/content\/uploads\/2023\/08\/istock-1389700841-scaled.jpg","type":"image\/jpeg"}],"twitter_card":"summary_large_image","twitter_misc":{"Gesch\u00e4tzte Lesezeit":"1\u00a0Minute"},"schema":{"@context":"https:\/\/schema.org","@graph":[{"@type":"WebPage","@id":"https:\/\/www.sgb-fss.ch\/de\/spenden\/stiftung\/","url":"https:\/\/www.sgb-fss.ch\/de\/spenden\/stiftung\/","name":"F\u00fcr Stiftungen - SGB-FSS","isPartOf":{"@id":"https:\/\/www.sgb-fss.ch\/de\/#website"},"primaryImageOfPage":{"@id":"https:\/\/www.sgb-fss.ch\/de\/spenden\/stiftung\/#primaryimage"},"image":{"@id":"https:\/\/www.sgb-fss.ch\/de\/spenden\/stiftung\/#primaryimage"},"thumbnailUrl":"https:\/\/www.sgb-fss.ch\/content\/uploads\/2023\/08\/istock-1389700841-scaled.jpg","datePublished":"2021-02-19T12:56:16+00:00","dateModified":"2023-09-04T14:12:55+00:00","breadcrumb":{"@id":"https:\/\/www.sgb-fss.ch\/de\/spenden\/stiftung\/#breadcrumb"},"inLanguage":"de","potentialAction":[{"@type":"ReadAction","target":["https:\/\/www.sgb-fss.ch\/de\/spenden\/stiftung\/"]}]},{"@type":"ImageObject","inLanguage":"de","@id":"https:\/\/www.sgb-fss.ch\/de\/spenden\/stiftung\/#primaryimage","url":"https:\/\/www.sgb-fss.ch\/content\/uploads\/2023\/08\/istock-1389700841-scaled.jpg","contentUrl":"https:\/\/www.sgb-fss.ch\/content\/uploads\/2023\/08\/istock-1389700841-scaled.jpg","width":2560,"height":1707,"caption":"The group of volunteers cheer with their hands raised at their achievements today."},{"@type":"BreadcrumbList","@id":"https:\/\/www.sgb-fss.ch\/de\/spenden\/stiftung\/#breadcrumb","itemListElement":[{"@type":"ListItem","position":1,"name":"Home","item":"https:\/\/www.sgb-fss.ch\/de\/"},{"@type":"ListItem","position":2,"name":"Spenden und Chance schenken","item":"https:\/\/www.sgb-fss.ch\/de\/spenden\/"},{"@type":"ListItem","position":3,"name":"F\u00fcr Stiftungen"}]},{"@type":"WebSite","@id":"https:\/\/www.sgb-fss.ch\/de\/#website","url":"https:\/\/www.sgb-fss.ch\/de\/","name":"SGB-FSS","description":"","potentialAction":[{"@type":"SearchAction","target":{"@type":"EntryPoint","urlTemplate":"https:\/\/www.sgb-fss.ch\/de\/?s={search_term_string}"},"query-input":{"@type":"PropertyValueSpecification","valueRequired":true,"valueName":"search_term_string"}}],"inLanguage":"de"}]}},"_links":{"self":[{"href":"https:\/\/www.sgb-fss.ch\/de\/wp-json\/wp\/v2\/pages\/302","targetHints":{"allow":["GET"]}}],"collection":[{"href":"https:\/\/www.sgb-fss.ch\/de\/wp-json\/wp\/v2\/pages"}],"about":[{"href":"https:\/\/www.sgb-fss.ch\/de\/wp-json\/wp\/v2\/types\/page"}],"author":[{"embeddable":true,"href":"https:\/\/www.sgb-fss.ch\/de\/wp-json\/wp\/v2\/users\/40"}],"replies":[{"embeddable":true,"href":"https:\/\/www.sgb-fss.ch\/de\/wp-json\/wp\/v2\/comments?post=302"}],"version-history":[{"count":38,"href":"https:\/\/www.sgb-fss.ch\/de\/wp-json\/wp\/v2\/pages\/302\/revisions"}],"predecessor-version":[{"id":24602,"href":"https:\/\/www.sgb-fss.ch\/de\/wp-json\/wp\/v2\/pages\/302\/revisions\/24602"}],"up":[{"embeddable":true,"href":"https:\/\/www.sgb-fss.ch\/de\/wp-json\/wp\/v2\/pages\/9091"}],"wp:featuredmedia":[{"embeddable":true,"href":"https:\/\/www.sgb-fss.ch\/de\/wp-json\/wp\/v2\/media\/24196"}],"wp:attachment":[{"href":"https:\/\/www.sgb-fss.ch\/de\/wp-json\/wp\/v2\/media?parent=302"}],"curies":[{"name":"wp","href":"https:\/\/api.w.org\/{rel}","templated":true}]}}