{"id":29496,"date":"2023-12-13T16:57:17","date_gmt":"2023-12-13T15:57:17","guid":{"rendered":"https:\/\/www.sgb-fss.ch\/?page_id=29496"},"modified":"2023-12-13T17:42:56","modified_gmt":"2023-12-13T16:42:56","slug":"reglement-rechtsdienst","status":"publish","type":"page","link":"https:\/\/www.sgb-fss.ch\/de\/reglement-rechtsdienst\/","title":{"rendered":"Reglement Rechtsdienst"},"content":{"rendered":"\n<p class=\"is-style-lead\">Der Schweizerische Geh\u00f6rlosenbund SGB-FSS bietet Rechtsberatung in \u00f6ffentlich-rechtlichen Angelegenheiten, insbesondere in den Bereichen des Sozialversicherungsrecht sowie zivilrechtlichen Angelegenheiten, insbesondere Diskriminierungsrecht an.<\/p>\n\n\n\n<div class=\"wp-block-columns is-layout-flex wp-container-core-columns-is-layout-9d6595d7 wp-block-columns-is-layout-flex\">\n<div class=\"wp-block-column is-layout-flow wp-block-column-is-layout-flow\" style=\"flex-basis:100%\">\n<div class=\"wp-block-group has-pflaume-10-background-color has-background is-layout-constrained wp-block-group-is-layout-constrained\">\n<p><strong>Stand: 01.01.2024<br><\/strong><br><strong>1. T\u00e4tigkeitsgebiet<\/strong><\/p>\n\n\n\n<p>Der Schweizerische Geh\u00f6rlosenbund SGB-FSS bietet Rechtsberatung in:<\/p>\n\n\n\n<ul class=\"wp-block-list\">\n<li>\u00f6ffentlich-rechtlichen Angelegenheiten, insbesondere in den Bereichen des Sozialversicherungsrecht;<\/li>\n\n\n\n<li>zivilrechtlichen Angelegenheiten, insbesondere im Diskriminierungsrecht an.<\/li>\n<\/ul>\n\n\n\n<p>Das Angebot kann nur in Anspruch genommen werden bei rechtlichen Fragen, welche in einem <strong>direkten und unmittelbaren Zusammenhang mit der Geh\u00f6rlosigkeit resp. H\u00f6rbehinderung<\/strong> stehen.<\/p>\n\n\n\n<p>Der Rechtsdienst des Geh\u00f6rlosenbundes steht den Mitarbeitenden des Geh\u00f6rlosenbundes nicht f\u00fcr Rechtsberatungen im Zusammenhang mit ihrem Arbeitsverh\u00e4ltnis zur Verf\u00fcgung.<\/p>\n\n\n\n<p>Kollektivmitglieder k\u00f6nnen zus\u00e4tzlich Anfragen zum Vereinswesen stellen. Der Rechtsdienst des Geh\u00f6rlosenbundes steht f\u00fcr Rechtsberatungen im Zusammenhang mit einem Arbeitsverh\u00e4ltnis, Bussen, strafrechtlichen Angelegenheiten und privatrechtlichen Streitigkeiten nicht zur Verf\u00fcgung.<\/p>\n\n\n\n<p><strong><strong>2. Kosten Rechtsberatung<\/strong><\/strong><\/p>\n\n\n\n<p>Wir geben Ihnen gerne eine kurze kostenlose Rechtsauskunft.<\/p>\n\n\n\n<p>Die Rechtsberatung ist f\u00fcr <strong>Menschen mit H\u00f6rbehinderung oder Geh\u00f6rlosigkeit und ihrer Angeh\u00f6rigen<\/strong><\/p>\n\n\n\n<ul class=\"wp-block-list\">\n<li>in der ersten Stunde kostenlos und<\/li>\n\n\n\n<li>danach wird eine Pauschale von 100 CHF pro Fall verrechnet.<\/li>\n<\/ul>\n\n\n\n<p>F\u00fcr Organisationen und alle anderen Parteien kostet die Rechtsberatung eine Pauschale von 250 CHF pro Fall.<\/p>\n\n\n\n<p>Kollektivmitglieder profitieren von einem Mitgliederrabatt und bezahlen eine Pauschale von 85 CHF pro Fall.<br><br><strong>3. Mandats\u00fcbernahme &nbsp;<\/strong><\/p>\n\n\n\n<p>Der Rechtsdienst des Geh\u00f6rlosenbundes entscheidet \u00fcber die Mandats\u00fcbernahme und die Form der erforderlichen Massnahmen. Er beh\u00e4lt sich das Recht vor, ein Mandat abzulehnen, wenn die Erfolgsaussichten nicht gegeben sind, die Interventionsfrist zu kurz ist oder Uneinigkeit \u00fcber die Ausrichtung bzw. Strategie des Verfahrens herrscht.<\/p>\n\n\n\n<p>Aufgrund der zur Verf\u00fcgung stehenden Ressourcen ist grunds\u00e4tzlich keine pers\u00f6nliche Vertretung vor Gericht m\u00f6glich. Sofern es die Kapazit\u00e4t jedoch zul\u00e4sst, \u00fcbernimmt der Rechtsdienst des Geh\u00f6rlosenbundes im Bereich des Sozialversicherungsrechts die Rechtsvertretung. Dies, sofern die Angelegenheit aus seiner Sicht nicht aussichtslos erscheint. Allf\u00e4llige Parteientsch\u00e4digungen gehen in jedem Fall an den Rechtsdienst des Geh\u00f6rlosenbundes.<\/p>\n\n\n\n<p>Bei fehlender Kapazit\u00e4t oder Streitigkeiten anderer Rechtsgebiete vermittelt der Rechtsdienst des Geh\u00f6rlosenbundes die Rechtsuchenden nach M\u00f6glichkeit und sofern die Angelegenheit nicht aussichtslos erscheint an kompetente Anw\u00e4ltinnen bzw. Anw\u00e4lte. Hierf\u00fcr pflegt er ein Netzwerk von Vertrauensanw\u00e4ltinnen bzw. Vertrauensanw\u00e4lten, welche den Rechtsdienst des Geh\u00f6rlosenbundes regelm\u00e4ssig \u00fcber den Verlauf des Verfahrens dokumentieren, sofern dieser die Verfahrenskosten \u00fcbernimmt. Der Geh\u00f6rlosenbund ist befugt, die daraus gewonnen Erkenntnisse &#8211; unter Einhaltung der datenschutzrechtlichen Bestimmungen \u2013 im Rahmen seines statutarischen Zwecks zu verwenden.<\/p>\n\n\n\n<p><strong>4. Rechte und Pflichten der Rechtssuchenden&nbsp;<\/strong><\/p>\n\n\n\n<p>Die Rechtsuchenden haben dem Rechtsdienst des Geh\u00f6rlosenbundes Kopien der bestehenden Versicherungspolicen, insbesondere der Rechtsschutzversicherung, sp\u00e4testens mit Mandats\u00fcbernahme einzureichen.<\/p>\n\n\n\n<p>Die Rechtsuchenden haben dem Rechtsdienst s\u00e4mtliche notwendigen Unterlagen zur Verf\u00fcgung zu stellen und alle Anfragen ersch\u00f6pfend und wahrheitsgetreu zu beantworten. Anvertraute Daten und Informationen werden streng vertraulich und nach den Bestimmungen des Bundesgesetzes \u00fcber den Datenschutz behandelt.<\/p>\n\n\n\n<p>Die Fallbearbeitung ist ausschliesslich dem Rechtsdienst zu \u00fcberlassen und ohne dessen Einverst\u00e4ndnis sind keine eigenen Handlungen im Zusammenhang mit dem konkreten Fall vorzunehmen. Die Rechtsuchenden werden \u00fcber die Entwicklung ihrer Angelegenheit fortlaufend dokumentiert.<\/p>\n\n\n\n<p>Verletzen Rechtsuchende eine oder mehrere dieser Pflichten, kann der Rechtsdienst des Geh\u00f6rlosenbundes das Mandat niederlegen und es k\u00f6nnen dem Rechtsuchenden die Kosten ganz oder teilweise auferlegt werden.<\/p>\n\n\n\n<p><strong>5. \u00c4nderungen und Anpassungen<\/strong><\/p>\n\n\n\n<p>Dieses Reglement kann jederzeit im Rahmen der Zweckbestimmung durch den Rechtsdienst des Geh\u00f6rlosenbundes schriftlich ge\u00e4ndert werden.<\/p>\n\n\n\n<p><strong>6. Datenbearbeitung<\/strong><\/p>\n\n\n\n<p>F\u00fcr die durch das Bundesamt f\u00fcr Sozialversicherungen (BSV) mitfinanzierten Leistungen des Geh\u00f6rlosenbundes muss dieser dem BSV gewisse Daten ausweisen (Art. 74 IVG und KSBOB). Zum Zweck der Rechtsberatung und der Rapportierung an das BSV bearbeitet der Rechtsdienst in bestimmten F\u00e4llen auch besonders sch\u00fctzenswerte Daten der leistungsberechtigten Person.<\/p>\n\n\n\n<p><\/p>\n<\/div>\n<\/div>\n<\/div>\n\n\n<div class=\"block block-teasercontacts block-teasercontacts--boxed\" id=\"block_870a4f1f655f62d1bb6bc76701fb9446\" data-block=\"Teaser Contacts\">\n    <div class=\"block-teasercontacts__header\"><p class=\"block-teasercontacts__title\">Fragen zum Reglement?<br>Ich freue mich auf deine Nachricht.<\/p><\/div>    <div class=\"block-teasercontacts__list\">\n                                        <div class=\"block-teasercontacts__item\">\n                <div class=\"block-teasercontacts__link\">\n                    <div class=\"block-teasercontacts__media\">\n                        <div class=\"block-teasercontacts__thumbnail accent__violet has-background-accent\">\n                                                              <div class=\"image block-teasercontacts__thumbnail-image\" >\n    <img decoding=\"async\"\n      loading=\"lazy\"\n      class=\"image__object lazyload\"\n      src=\"https:\/\/www.sgb-fss.ch\/content\/uploads\/2023\/04\/placeholder_16_9-1440x0-c-default.jpg\"       data-sizes=\"auto\"\n      data-srcset=\"https:\/\/www.sgb-fss.ch\/content\/uploads\/2023\/04\/placeholder_16_9-200x0-c-default.jpg 200w, https:\/\/www.sgb-fss.ch\/content\/uploads\/2023\/04\/placeholder_16_9-100x0-c-default.jpg 100w, \"\n      alt=\"\"\n      width=\"1024\"\n      height=\"576\"\n            >\n  <\/div>\n                                                    <\/div>\n                    <\/div>\n                    <div class=\"block-teasercontacts__text\">\n                        <p class=\"block-teasercontacts__name\"><strong><a href=\"https:\/\/www.sgb-fss.ch\/de\/reglement-rechtsdienst\/\">Reglement Rechtsdienst<\/a><\/strong><\/p>\n                                            <\/div>\n                    <div class=\"block-teasercontacts__contacts\">\n                                                    <p>\n                                                                                                                            <\/p>\n                                            <\/div>\n                <\/div>\n            <\/div>\n                    <\/div>\n<\/div>\n","protected":false},"excerpt":{"rendered":"<p>Der Schweizerische Geh\u00f6rlosenbund SGB-FSS bietet Rechtsberatung in \u00f6ffentlich-rechtlichen Angelegenheiten, insbesondere in den Bereichen des [&hellip;]<\/p>\n","protected":false},"author":40,"featured_media":12525,"parent":0,"menu_order":0,"comment_status":"closed","ping_status":"closed","template":"","meta":{"_acf_changed":false,"inline_featured_image":false,"footnotes":""},"class_list":["post-29496","page","type-page","status-publish","has-post-thumbnail","hentry"],"acf":[],"yoast_head":"<!-- This site is optimized with the Yoast SEO plugin v27.4 - https:\/\/yoast.com\/product\/yoast-seo-wordpress\/ -->\n<title>Reglement Rechtsdienst - SGB-FSS<\/title>\n<meta name=\"robots\" content=\"index, follow, max-snippet:-1, max-image-preview:large, max-video-preview:-1\" \/>\n<link rel=\"canonical\" href=\"https:\/\/www.sgb-fss.ch\/de\/reglement-rechtsdienst\/\" \/>\n<meta property=\"og:locale\" content=\"de_DE\" \/>\n<meta property=\"og:type\" content=\"article\" \/>\n<meta property=\"og:title\" content=\"Reglement Rechtsdienst - SGB-FSS\" \/>\n<meta property=\"og:description\" content=\"Der Schweizerische Geh\u00f6rlosenbund SGB-FSS bietet Rechtsberatung in \u00f6ffentlich-rechtlichen Angelegenheiten, insbesondere in den Bereichen des [&hellip;]\" \/>\n<meta property=\"og:url\" content=\"https:\/\/www.sgb-fss.ch\/de\/reglement-rechtsdienst\/\" \/>\n<meta property=\"og:site_name\" content=\"SGB-FSS\" \/>\n<meta property=\"article:modified_time\" content=\"2023-12-13T16:42:56+00:00\" \/>\n<meta property=\"og:image\" content=\"https:\/\/www.sgb-fss.ch\/content\/uploads\/2023\/04\/placeholder_16_9.jpg\" \/>\n\t<meta property=\"og:image:width\" content=\"1024\" \/>\n\t<meta property=\"og:image:height\" content=\"576\" \/>\n\t<meta property=\"og:image:type\" content=\"image\/jpeg\" \/>\n<meta name=\"twitter:card\" content=\"summary_large_image\" \/>\n<meta name=\"twitter:label1\" content=\"Gesch\u00e4tzte Lesezeit\" \/>\n\t<meta name=\"twitter:data1\" content=\"4\u00a0Minuten\" \/>\n<script type=\"application\/ld+json\" class=\"yoast-schema-graph\">{\"@context\":\"https:\\\/\\\/schema.org\",\"@graph\":[{\"@type\":\"WebPage\",\"@id\":\"https:\\\/\\\/www.sgb-fss.ch\\\/de\\\/reglement-rechtsdienst\\\/\",\"url\":\"https:\\\/\\\/www.sgb-fss.ch\\\/de\\\/reglement-rechtsdienst\\\/\",\"name\":\"Reglement Rechtsdienst - SGB-FSS\",\"isPartOf\":{\"@id\":\"https:\\\/\\\/www.sgb-fss.ch\\\/de\\\/#website\"},\"primaryImageOfPage\":{\"@id\":\"https:\\\/\\\/www.sgb-fss.ch\\\/de\\\/reglement-rechtsdienst\\\/#primaryimage\"},\"image\":{\"@id\":\"https:\\\/\\\/www.sgb-fss.ch\\\/de\\\/reglement-rechtsdienst\\\/#primaryimage\"},\"thumbnailUrl\":\"https:\\\/\\\/www.sgb-fss.ch\\\/content\\\/uploads\\\/2023\\\/04\\\/placeholder_16_9.jpg\",\"datePublished\":\"2023-12-13T15:57:17+00:00\",\"dateModified\":\"2023-12-13T16:42:56+00:00\",\"breadcrumb\":{\"@id\":\"https:\\\/\\\/www.sgb-fss.ch\\\/de\\\/reglement-rechtsdienst\\\/#breadcrumb\"},\"inLanguage\":\"de\",\"potentialAction\":[{\"@type\":\"ReadAction\",\"target\":[\"https:\\\/\\\/www.sgb-fss.ch\\\/de\\\/reglement-rechtsdienst\\\/\"]}]},{\"@type\":\"ImageObject\",\"inLanguage\":\"de\",\"@id\":\"https:\\\/\\\/www.sgb-fss.ch\\\/de\\\/reglement-rechtsdienst\\\/#primaryimage\",\"url\":\"https:\\\/\\\/www.sgb-fss.ch\\\/content\\\/uploads\\\/2023\\\/04\\\/placeholder_16_9.jpg\",\"contentUrl\":\"https:\\\/\\\/www.sgb-fss.ch\\\/content\\\/uploads\\\/2023\\\/04\\\/placeholder_16_9.jpg\",\"width\":1024,\"height\":576},{\"@type\":\"BreadcrumbList\",\"@id\":\"https:\\\/\\\/www.sgb-fss.ch\\\/de\\\/reglement-rechtsdienst\\\/#breadcrumb\",\"itemListElement\":[{\"@type\":\"ListItem\",\"position\":1,\"name\":\"Home\",\"item\":\"https:\\\/\\\/www.sgb-fss.ch\\\/de\\\/\"},{\"@type\":\"ListItem\",\"position\":2,\"name\":\"Reglement Rechtsdienst\"}]},{\"@type\":\"WebSite\",\"@id\":\"https:\\\/\\\/www.sgb-fss.ch\\\/de\\\/#website\",\"url\":\"https:\\\/\\\/www.sgb-fss.ch\\\/de\\\/\",\"name\":\"SGB-FSS\",\"description\":\"\",\"potentialAction\":[{\"@type\":\"SearchAction\",\"target\":{\"@type\":\"EntryPoint\",\"urlTemplate\":\"https:\\\/\\\/www.sgb-fss.ch\\\/de\\\/?s={search_term_string}\"},\"query-input\":{\"@type\":\"PropertyValueSpecification\",\"valueRequired\":true,\"valueName\":\"search_term_string\"}}],\"inLanguage\":\"de\"}]}<\/script>\n<!-- \/ Yoast SEO plugin. -->","yoast_head_json":{"title":"Reglement Rechtsdienst - SGB-FSS","robots":{"index":"index","follow":"follow","max-snippet":"max-snippet:-1","max-image-preview":"max-image-preview:large","max-video-preview":"max-video-preview:-1"},"canonical":"https:\/\/www.sgb-fss.ch\/de\/reglement-rechtsdienst\/","og_locale":"de_DE","og_type":"article","og_title":"Reglement Rechtsdienst - SGB-FSS","og_description":"Der Schweizerische Geh\u00f6rlosenbund SGB-FSS bietet Rechtsberatung in \u00f6ffentlich-rechtlichen Angelegenheiten, insbesondere in den Bereichen des [&hellip;]","og_url":"https:\/\/www.sgb-fss.ch\/de\/reglement-rechtsdienst\/","og_site_name":"SGB-FSS","article_modified_time":"2023-12-13T16:42:56+00:00","og_image":[{"width":1024,"height":576,"url":"https:\/\/www.sgb-fss.ch\/content\/uploads\/2023\/04\/placeholder_16_9.jpg","type":"image\/jpeg"}],"twitter_card":"summary_large_image","twitter_misc":{"Gesch\u00e4tzte Lesezeit":"4\u00a0Minuten"},"schema":{"@context":"https:\/\/schema.org","@graph":[{"@type":"WebPage","@id":"https:\/\/www.sgb-fss.ch\/de\/reglement-rechtsdienst\/","url":"https:\/\/www.sgb-fss.ch\/de\/reglement-rechtsdienst\/","name":"Reglement Rechtsdienst - SGB-FSS","isPartOf":{"@id":"https:\/\/www.sgb-fss.ch\/de\/#website"},"primaryImageOfPage":{"@id":"https:\/\/www.sgb-fss.ch\/de\/reglement-rechtsdienst\/#primaryimage"},"image":{"@id":"https:\/\/www.sgb-fss.ch\/de\/reglement-rechtsdienst\/#primaryimage"},"thumbnailUrl":"https:\/\/www.sgb-fss.ch\/content\/uploads\/2023\/04\/placeholder_16_9.jpg","datePublished":"2023-12-13T15:57:17+00:00","dateModified":"2023-12-13T16:42:56+00:00","breadcrumb":{"@id":"https:\/\/www.sgb-fss.ch\/de\/reglement-rechtsdienst\/#breadcrumb"},"inLanguage":"de","potentialAction":[{"@type":"ReadAction","target":["https:\/\/www.sgb-fss.ch\/de\/reglement-rechtsdienst\/"]}]},{"@type":"ImageObject","inLanguage":"de","@id":"https:\/\/www.sgb-fss.ch\/de\/reglement-rechtsdienst\/#primaryimage","url":"https:\/\/www.sgb-fss.ch\/content\/uploads\/2023\/04\/placeholder_16_9.jpg","contentUrl":"https:\/\/www.sgb-fss.ch\/content\/uploads\/2023\/04\/placeholder_16_9.jpg","width":1024,"height":576},{"@type":"BreadcrumbList","@id":"https:\/\/www.sgb-fss.ch\/de\/reglement-rechtsdienst\/#breadcrumb","itemListElement":[{"@type":"ListItem","position":1,"name":"Home","item":"https:\/\/www.sgb-fss.ch\/de\/"},{"@type":"ListItem","position":2,"name":"Reglement Rechtsdienst"}]},{"@type":"WebSite","@id":"https:\/\/www.sgb-fss.ch\/de\/#website","url":"https:\/\/www.sgb-fss.ch\/de\/","name":"SGB-FSS","description":"","potentialAction":[{"@type":"SearchAction","target":{"@type":"EntryPoint","urlTemplate":"https:\/\/www.sgb-fss.ch\/de\/?s={search_term_string}"},"query-input":{"@type":"PropertyValueSpecification","valueRequired":true,"valueName":"search_term_string"}}],"inLanguage":"de"}]}},"_links":{"self":[{"href":"https:\/\/www.sgb-fss.ch\/de\/wp-json\/wp\/v2\/pages\/29496","targetHints":{"allow":["GET"]}}],"collection":[{"href":"https:\/\/www.sgb-fss.ch\/de\/wp-json\/wp\/v2\/pages"}],"about":[{"href":"https:\/\/www.sgb-fss.ch\/de\/wp-json\/wp\/v2\/types\/page"}],"author":[{"embeddable":true,"href":"https:\/\/www.sgb-fss.ch\/de\/wp-json\/wp\/v2\/users\/40"}],"replies":[{"embeddable":true,"href":"https:\/\/www.sgb-fss.ch\/de\/wp-json\/wp\/v2\/comments?post=29496"}],"version-history":[{"count":15,"href":"https:\/\/www.sgb-fss.ch\/de\/wp-json\/wp\/v2\/pages\/29496\/revisions"}],"predecessor-version":[{"id":29551,"href":"https:\/\/www.sgb-fss.ch\/de\/wp-json\/wp\/v2\/pages\/29496\/revisions\/29551"}],"wp:featuredmedia":[{"embeddable":true,"href":"https:\/\/www.sgb-fss.ch\/de\/wp-json\/wp\/v2\/media\/12525"}],"wp:attachment":[{"href":"https:\/\/www.sgb-fss.ch\/de\/wp-json\/wp\/v2\/media?parent=29496"}],"curies":[{"name":"wp","href":"https:\/\/api.w.org\/{rel}","templated":true}]}}