{"id":2941,"date":"2021-04-21T19:57:07","date_gmt":"2021-04-21T17:57:07","guid":{"rendered":"https:\/\/www.sgb-fss.ch\/?page_id=2941"},"modified":"2025-10-01T14:35:43","modified_gmt":"2025-10-01T12:35:43","slug":"jetzt-spenden","status":"publish","type":"page","link":"https:\/\/www.sgb-fss.ch\/de\/spenden\/jetzt-spenden\/","title":{"rendered":"Ihre Spende f\u00fcr echte Chancengleichheit"},"content":{"rendered":"\n<p class=\"is-style-lead\">Mit Ihrem Beitrag unterst\u00fctzen Sie die Rechte und Chancen von Geh\u00f6rlosen und H\u00f6rbehinderten in der Schweiz. Jeder Beitrag erm\u00f6glicht unsere zahlreichen Projekte zur F\u00f6rderung der Geb\u00e4rdensprache und ihrer Gemeinschaft. Herzlichen Dank!<\/p>\n\n\n<div class=\"block block-raisenow\" data-block=\"RaiseNow Formular\">\n  <div class=\"rnw-widget-container\"><\/div>\n  <script src=\"https:\/\/tamaro.raisenow.com\/sgb-fss-ch\/latest\/widget.js\"><\/script>\n  <script>\n    console.log('eventhandler code loaded.')\n\n    window.rnw.tamaro.events.paymentComplete.subscribe(function(event) {\n\t\n      let transaction = event.data.api.transactionInfo;\n\t  console.log(\"transaction info object \", transaction)\t  \n\t  \n      let frequency = \"single\";\n\n      if(transaction.hasOwnProperty(\"stored_rnw_recurring_interval_name\")) {\n        frequency = transaction.stored_rnw_recurring_interval_name;\n      }\n\n      window.dataLayer.push({\n        event: 'purchase',\n        ecommerce: {\n          transaction_id: transaction.epp_transaction_id,\n          value: transaction.amount,\n          currency: transaction.currency,\n          items: [\n            {\n              item_name: \"raisenow\",\n              item_category: frequency,\n              price: transaction.amount,\n              quantity: 1\n            }\n          ]\n        }\n      });\n\n      console.log('purchase sent.')\n\t\n\t});\n\n\twindow.rnw.tamaro.runWidget('.rnw-widget-container', {\n\t\tlanguage: 'de'\n\t})\n  <\/script>\n<\/div>\n\n\n\n<p>Ihre Spende wird dort eingesetzt, wo sie am dringendsten gebraucht wird.<\/p>\n","protected":false},"excerpt":{"rendered":"<p>Mit Ihrem Beitrag unterst\u00fctzen Sie die Rechte und Chancen von Geh\u00f6rlosen und H\u00f6rbehinderten in [&hellip;]<\/p>\n","protected":false},"author":40,"featured_media":0,"parent":9091,"menu_order":0,"comment_status":"closed","ping_status":"closed","template":"","meta":{"_acf_changed":false,"inline_featured_image":false,"footnotes":""},"class_list":["post-2941","page","type-page","status-publish","hentry"],"acf":[],"yoast_head":"<!-- This site is optimized with the Yoast SEO plugin v27.4 - https:\/\/yoast.com\/product\/yoast-seo-wordpress\/ -->\n<title>Ihre Spende f\u00fcr echte Chancengleichheit - SGB-FSS<\/title>\n<meta name=\"robots\" content=\"index, follow, max-snippet:-1, max-image-preview:large, max-video-preview:-1\" \/>\n<link rel=\"canonical\" href=\"https:\/\/www.sgb-fss.ch\/de\/spenden\/jetzt-spenden\/\" \/>\n<meta property=\"og:locale\" content=\"de_DE\" \/>\n<meta property=\"og:type\" content=\"article\" \/>\n<meta property=\"og:title\" content=\"Ihre Spende f\u00fcr echte Chancengleichheit - SGB-FSS\" \/>\n<meta property=\"og:description\" content=\"Mit Ihrem Beitrag unterst\u00fctzen Sie die Rechte und Chancen von Geh\u00f6rlosen und H\u00f6rbehinderten in [&hellip;]\" \/>\n<meta property=\"og:url\" content=\"https:\/\/www.sgb-fss.ch\/de\/spenden\/jetzt-spenden\/\" \/>\n<meta property=\"og:site_name\" content=\"SGB-FSS\" \/>\n<meta property=\"article:modified_time\" content=\"2025-10-01T12:35:43+00:00\" \/>\n<meta name=\"twitter:card\" content=\"summary_large_image\" \/>\n<meta name=\"twitter:label1\" content=\"Gesch\u00e4tzte Lesezeit\" \/>\n\t<meta name=\"twitter:data1\" content=\"1\u00a0Minute\" \/>\n<script type=\"application\/ld+json\" class=\"yoast-schema-graph\">{\"@context\":\"https:\\\/\\\/schema.org\",\"@graph\":[{\"@type\":\"WebPage\",\"@id\":\"https:\\\/\\\/www.sgb-fss.ch\\\/de\\\/spenden\\\/jetzt-spenden\\\/\",\"url\":\"https:\\\/\\\/www.sgb-fss.ch\\\/de\\\/spenden\\\/jetzt-spenden\\\/\",\"name\":\"Ihre Spende f\u00fcr echte Chancengleichheit - SGB-FSS\",\"isPartOf\":{\"@id\":\"https:\\\/\\\/www.sgb-fss.ch\\\/de\\\/#website\"},\"datePublished\":\"2021-04-21T17:57:07+00:00\",\"dateModified\":\"2025-10-01T12:35:43+00:00\",\"breadcrumb\":{\"@id\":\"https:\\\/\\\/www.sgb-fss.ch\\\/de\\\/spenden\\\/jetzt-spenden\\\/#breadcrumb\"},\"inLanguage\":\"de\",\"potentialAction\":[{\"@type\":\"ReadAction\",\"target\":[\"https:\\\/\\\/www.sgb-fss.ch\\\/de\\\/spenden\\\/jetzt-spenden\\\/\"]}]},{\"@type\":\"BreadcrumbList\",\"@id\":\"https:\\\/\\\/www.sgb-fss.ch\\\/de\\\/spenden\\\/jetzt-spenden\\\/#breadcrumb\",\"itemListElement\":[{\"@type\":\"ListItem\",\"position\":1,\"name\":\"Home\",\"item\":\"https:\\\/\\\/www.sgb-fss.ch\\\/de\\\/\"},{\"@type\":\"ListItem\",\"position\":2,\"name\":\"Spenden und Chance schenken\",\"item\":\"https:\\\/\\\/www.sgb-fss.ch\\\/de\\\/spenden\\\/\"},{\"@type\":\"ListItem\",\"position\":3,\"name\":\"Ihre Spende f\u00fcr echte Chancengleichheit\"}]},{\"@type\":\"WebSite\",\"@id\":\"https:\\\/\\\/www.sgb-fss.ch\\\/de\\\/#website\",\"url\":\"https:\\\/\\\/www.sgb-fss.ch\\\/de\\\/\",\"name\":\"SGB-FSS\",\"description\":\"\",\"potentialAction\":[{\"@type\":\"SearchAction\",\"target\":{\"@type\":\"EntryPoint\",\"urlTemplate\":\"https:\\\/\\\/www.sgb-fss.ch\\\/de\\\/?s={search_term_string}\"},\"query-input\":{\"@type\":\"PropertyValueSpecification\",\"valueRequired\":true,\"valueName\":\"search_term_string\"}}],\"inLanguage\":\"de\"}]}<\/script>\n<!-- \/ Yoast SEO plugin. -->","yoast_head_json":{"title":"Ihre Spende f\u00fcr echte Chancengleichheit - SGB-FSS","robots":{"index":"index","follow":"follow","max-snippet":"max-snippet:-1","max-image-preview":"max-image-preview:large","max-video-preview":"max-video-preview:-1"},"canonical":"https:\/\/www.sgb-fss.ch\/de\/spenden\/jetzt-spenden\/","og_locale":"de_DE","og_type":"article","og_title":"Ihre Spende f\u00fcr echte Chancengleichheit - SGB-FSS","og_description":"Mit Ihrem Beitrag unterst\u00fctzen Sie die Rechte und Chancen von Geh\u00f6rlosen und H\u00f6rbehinderten in [&hellip;]","og_url":"https:\/\/www.sgb-fss.ch\/de\/spenden\/jetzt-spenden\/","og_site_name":"SGB-FSS","article_modified_time":"2025-10-01T12:35:43+00:00","twitter_card":"summary_large_image","twitter_misc":{"Gesch\u00e4tzte Lesezeit":"1\u00a0Minute"},"schema":{"@context":"https:\/\/schema.org","@graph":[{"@type":"WebPage","@id":"https:\/\/www.sgb-fss.ch\/de\/spenden\/jetzt-spenden\/","url":"https:\/\/www.sgb-fss.ch\/de\/spenden\/jetzt-spenden\/","name":"Ihre Spende f\u00fcr echte Chancengleichheit - SGB-FSS","isPartOf":{"@id":"https:\/\/www.sgb-fss.ch\/de\/#website"},"datePublished":"2021-04-21T17:57:07+00:00","dateModified":"2025-10-01T12:35:43+00:00","breadcrumb":{"@id":"https:\/\/www.sgb-fss.ch\/de\/spenden\/jetzt-spenden\/#breadcrumb"},"inLanguage":"de","potentialAction":[{"@type":"ReadAction","target":["https:\/\/www.sgb-fss.ch\/de\/spenden\/jetzt-spenden\/"]}]},{"@type":"BreadcrumbList","@id":"https:\/\/www.sgb-fss.ch\/de\/spenden\/jetzt-spenden\/#breadcrumb","itemListElement":[{"@type":"ListItem","position":1,"name":"Home","item":"https:\/\/www.sgb-fss.ch\/de\/"},{"@type":"ListItem","position":2,"name":"Spenden und Chance schenken","item":"https:\/\/www.sgb-fss.ch\/de\/spenden\/"},{"@type":"ListItem","position":3,"name":"Ihre Spende f\u00fcr echte Chancengleichheit"}]},{"@type":"WebSite","@id":"https:\/\/www.sgb-fss.ch\/de\/#website","url":"https:\/\/www.sgb-fss.ch\/de\/","name":"SGB-FSS","description":"","potentialAction":[{"@type":"SearchAction","target":{"@type":"EntryPoint","urlTemplate":"https:\/\/www.sgb-fss.ch\/de\/?s={search_term_string}"},"query-input":{"@type":"PropertyValueSpecification","valueRequired":true,"valueName":"search_term_string"}}],"inLanguage":"de"}]}},"_links":{"self":[{"href":"https:\/\/www.sgb-fss.ch\/de\/wp-json\/wp\/v2\/pages\/2941","targetHints":{"allow":["GET"]}}],"collection":[{"href":"https:\/\/www.sgb-fss.ch\/de\/wp-json\/wp\/v2\/pages"}],"about":[{"href":"https:\/\/www.sgb-fss.ch\/de\/wp-json\/wp\/v2\/types\/page"}],"author":[{"embeddable":true,"href":"https:\/\/www.sgb-fss.ch\/de\/wp-json\/wp\/v2\/users\/40"}],"replies":[{"embeddable":true,"href":"https:\/\/www.sgb-fss.ch\/de\/wp-json\/wp\/v2\/comments?post=2941"}],"version-history":[{"count":8,"href":"https:\/\/www.sgb-fss.ch\/de\/wp-json\/wp\/v2\/pages\/2941\/revisions"}],"predecessor-version":[{"id":41013,"href":"https:\/\/www.sgb-fss.ch\/de\/wp-json\/wp\/v2\/pages\/2941\/revisions\/41013"}],"up":[{"embeddable":true,"href":"https:\/\/www.sgb-fss.ch\/de\/wp-json\/wp\/v2\/pages\/9091"}],"wp:attachment":[{"href":"https:\/\/www.sgb-fss.ch\/de\/wp-json\/wp\/v2\/media?parent=2941"}],"curies":[{"name":"wp","href":"https:\/\/api.w.org\/{rel}","templated":true}]}}