{"id":27493,"date":"2023-09-29T09:58:23","date_gmt":"2023-09-29T07:58:23","guid":{"rendered":"https:\/\/www.sgb-fss.ch\/?page_id=27493"},"modified":"2025-02-24T16:52:16","modified_gmt":"2025-02-24T15:52:16","slug":"politische-veranstaltungen","status":"publish","type":"page","link":"https:\/\/www.sgb-fss.ch\/de\/aktuell\/veranstaltungen\/politische-veranstaltungen\/","title":{"rendered":"Politische Veranstaltungen"},"content":{"rendered":"\n<div class=\"wp-block-columns is-layout-flex wp-container-core-columns-is-layout-9d6595d7 wp-block-columns-is-layout-flex\">\n<div class=\"wp-block-column is-layout-flow wp-block-column-is-layout-flow\">\n<p class=\"is-style-lead\">Damit geh\u00f6rlose und h\u00f6rbehinderte Menschen sich aktiv an politischen und gesellschaftlichen Debatten beteiligen k\u00f6nnen, muss ihr politisches Engagement gest\u00e4rkt werden. Nur durch das eigene politische Engagement k\u00f6nnen die politischen und gesellschaftlichen Bedingungen ver\u00e4ndert werden.<\/p>\n<\/div>\n<\/div>\n\n\n<div class=\"block block-teaserevents\" id=\"block_7817892242278db1ed612d8ffd8d7d27\" data-block=\"Teaser Events\">\n  <h2 class=\"visuallyhidden\">Veranstaltungen<\/h2>\n      <div class=\"has-text-align-center\">\n      <p>Keine Veranstaltungen gefunden<\/p>\n    <\/div>\n  <\/div>\n\n\n\n<div class=\"wp-block-group is-layout-constrained wp-block-group-is-layout-constrained\">\n<div class=\"wp-block-columns is-layout-flex wp-container-core-columns-is-layout-9d6595d7 wp-block-columns-is-layout-flex\">\n<div class=\"wp-block-column is-layout-flow wp-block-column-is-layout-flow\"><\/div>\n<\/div>\n<\/div>\n\n\n<div class=\"block block-teasercontacts block-teasercontacts--boxed\" id=\"block_ef982c6c36895522041e20373d32946d\" data-block=\"Teaser Contacts\">\n    <div class=\"block-teasercontacts__header\"><p class=\"block-teasercontacts__title\">Fragen zum politischen Empowerment? Ich freue mich auf deine Nachricht.<\/p><\/div>    <div class=\"block-teasercontacts__list\">\n                                        <div class=\"block-teasercontacts__item\">\n                <div class=\"block-teasercontacts__link\">\n                    <div class=\"block-teasercontacts__media\">\n                        <div class=\"block-teasercontacts__thumbnail accent__violet has-background-accent\">\n                                                              <div class=\"image block-teasercontacts__thumbnail-image\" >\n    <img decoding=\"async\"\n      loading=\"lazy\"\n      class=\"image__object lazyload\"\n      src=\"https:\/\/www.sgb-fss.ch\/content\/uploads\/2023\/02\/tanja-krebedunkel-1440x0-c-default.jpg\"       data-sizes=\"auto\"\n      data-srcset=\"https:\/\/www.sgb-fss.ch\/content\/uploads\/2023\/02\/tanja-krebedunkel-200x0-c-default.jpg 200w, https:\/\/www.sgb-fss.ch\/content\/uploads\/2023\/02\/tanja-krebedunkel-100x0-c-default.jpg 100w, \"\n      alt=\"\"\n      width=\"567\"\n      height=\"567\"\n            >\n  <\/div>\n                                                    <\/div>\n                    <\/div>\n                    <div class=\"block-teasercontacts__text\">\n                        <p class=\"block-teasercontacts__name\"><strong><a href=\"https:\/\/www.sgb-fss.ch\/de\/team\/tanja-krebeduenkel\/\">Tanja Krebed\u00fcnkel<\/a><\/strong><\/p>\n                        <p class=\"block-teasercontacts__lead\">Politisches Empowerment<\/p>                    <\/div>\n                    <div class=\"block-teasercontacts__contacts\">\n                                                    <p>\n                                                                <a class=\"wp-block-button is-style-transparent\" href=\"mailto:t.krebeduenkel@sgb-fss.ch\"><span class=\"wp-block-button__link\"><i class=\"icon icon--mail\"><svg data-name=\"Ebene 1\" xmlns=\"http:\/\/www.w3.org\/2000\/svg\" viewBox=\"0 0 24 24\"><path d=\"M20.76 2.31H3.24A3.12 3.12 0 0 0 .12 5.43v13.14a3.12 3.12 0 0 0 3.12 3.12h17.52a3.12 3.12 0 0 0 3.12-3.12V5.43a3.12 3.12 0 0 0-3.12-3.12zM2.09 5a1.27 1.27 0 0 1 1.15-.78h17.52a1.24 1.24 0 0 1 1.11.74l.05.09-.09.06L12 12l-.07-.05-9.87-6.9zM22 18.57a1.26 1.26 0 0 1-1.26 1.27H3.24A1.27 1.27 0 0 1 2 18.57V7.21l9.5 6.69a.89.89 0 0 0 1 0L22 7.25z\"\/><\/svg><\/i><span class=\"wp-block-button__label\">t.krebeduenkel@sgb-fss.ch<\/span><\/span><\/a>                                                            <\/p>\n                                            <\/div>\n                <\/div>\n            <\/div>\n                    <\/div>\n<\/div>\n\n\n\n<figure class=\"wp-block-image aligncenter size-full\"><a href=\"https:\/\/www.edi.admin.ch\/edi\/de\/home\/fachstellen\/ebgb.html\" target=\"_blank\" rel=\"noreferrer noopener\"><img loading=\"lazy\" decoding=\"async\" width=\"393\" height=\"150\" src=\"https:\/\/www.sgb-fss.ch\/content\/uploads\/2023\/07\/logo-egb.png\" alt=\"\" class=\"wp-image-22075\" srcset=\"https:\/\/www.sgb-fss.ch\/content\/uploads\/2023\/07\/logo-egb.png 393w, https:\/\/www.sgb-fss.ch\/content\/uploads\/2023\/07\/logo-egb-300x115.png 300w, https:\/\/www.sgb-fss.ch\/content\/uploads\/2023\/07\/logo-egb-150x57.png 150w, https:\/\/www.sgb-fss.ch\/content\/uploads\/2023\/07\/logo-egb-200x76.png 200w\" sizes=\"auto, (max-width: 393px) 100vw, 393px\" \/><\/a><\/figure>\n","protected":false},"excerpt":{"rendered":"<p>Damit geh\u00f6rlose und h\u00f6rbehinderte Menschen sich aktiv an politischen und gesellschaftlichen Debatten beteiligen k\u00f6nnen, [&hellip;]<\/p>\n","protected":false},"author":40,"featured_media":18121,"parent":24654,"menu_order":0,"comment_status":"closed","ping_status":"closed","template":"","meta":{"_acf_changed":false,"inline_featured_image":false,"footnotes":""},"class_list":["post-27493","page","type-page","status-publish","has-post-thumbnail","hentry"],"acf":[],"yoast_head":"<!-- This site is optimized with the Yoast SEO plugin v27.4 - https:\/\/yoast.com\/product\/yoast-seo-wordpress\/ -->\n<title>Politische Veranstaltungen - SGB-FSS<\/title>\n<meta name=\"robots\" content=\"index, follow, max-snippet:-1, max-image-preview:large, max-video-preview:-1\" \/>\n<link rel=\"canonical\" href=\"https:\/\/www.sgb-fss.ch\/de\/aktuell\/veranstaltungen\/politische-veranstaltungen\/\" \/>\n<meta property=\"og:locale\" content=\"de_DE\" \/>\n<meta property=\"og:type\" content=\"article\" \/>\n<meta property=\"og:title\" content=\"Politische Veranstaltungen - SGB-FSS\" \/>\n<meta property=\"og:description\" content=\"Damit geh\u00f6rlose und h\u00f6rbehinderte Menschen sich aktiv an politischen und gesellschaftlichen Debatten beteiligen k\u00f6nnen, [&hellip;]\" \/>\n<meta property=\"og:url\" content=\"https:\/\/www.sgb-fss.ch\/de\/aktuell\/veranstaltungen\/politische-veranstaltungen\/\" \/>\n<meta property=\"og:site_name\" content=\"SGB-FSS\" \/>\n<meta property=\"article:modified_time\" content=\"2025-02-24T15:52:16+00:00\" \/>\n<meta property=\"og:image\" content=\"https:\/\/www.sgb-fss.ch\/content\/uploads\/2023\/05\/logo-gebardensprache-bundeshaus-2farbig.jpg\" \/>\n\t<meta property=\"og:image:width\" content=\"1936\" \/>\n\t<meta property=\"og:image:height\" content=\"1089\" \/>\n\t<meta property=\"og:image:type\" content=\"image\/jpeg\" \/>\n<meta name=\"twitter:card\" content=\"summary_large_image\" \/>\n<meta name=\"twitter:label1\" content=\"Gesch\u00e4tzte Lesezeit\" \/>\n\t<meta name=\"twitter:data1\" content=\"1\u00a0Minute\" \/>\n<script type=\"application\/ld+json\" class=\"yoast-schema-graph\">{\"@context\":\"https:\\\/\\\/schema.org\",\"@graph\":[{\"@type\":\"WebPage\",\"@id\":\"https:\\\/\\\/www.sgb-fss.ch\\\/de\\\/aktuell\\\/veranstaltungen\\\/politische-veranstaltungen\\\/\",\"url\":\"https:\\\/\\\/www.sgb-fss.ch\\\/de\\\/aktuell\\\/veranstaltungen\\\/politische-veranstaltungen\\\/\",\"name\":\"Politische Veranstaltungen - SGB-FSS\",\"isPartOf\":{\"@id\":\"https:\\\/\\\/www.sgb-fss.ch\\\/de\\\/#website\"},\"primaryImageOfPage\":{\"@id\":\"https:\\\/\\\/www.sgb-fss.ch\\\/de\\\/aktuell\\\/veranstaltungen\\\/politische-veranstaltungen\\\/#primaryimage\"},\"image\":{\"@id\":\"https:\\\/\\\/www.sgb-fss.ch\\\/de\\\/aktuell\\\/veranstaltungen\\\/politische-veranstaltungen\\\/#primaryimage\"},\"thumbnailUrl\":\"https:\\\/\\\/www.sgb-fss.ch\\\/content\\\/uploads\\\/2023\\\/05\\\/logo-gebardensprache-bundeshaus-2farbig.jpg\",\"datePublished\":\"2023-09-29T07:58:23+00:00\",\"dateModified\":\"2025-02-24T15:52:16+00:00\",\"breadcrumb\":{\"@id\":\"https:\\\/\\\/www.sgb-fss.ch\\\/de\\\/aktuell\\\/veranstaltungen\\\/politische-veranstaltungen\\\/#breadcrumb\"},\"inLanguage\":\"de\",\"potentialAction\":[{\"@type\":\"ReadAction\",\"target\":[\"https:\\\/\\\/www.sgb-fss.ch\\\/de\\\/aktuell\\\/veranstaltungen\\\/politische-veranstaltungen\\\/\"]}]},{\"@type\":\"ImageObject\",\"inLanguage\":\"de\",\"@id\":\"https:\\\/\\\/www.sgb-fss.ch\\\/de\\\/aktuell\\\/veranstaltungen\\\/politische-veranstaltungen\\\/#primaryimage\",\"url\":\"https:\\\/\\\/www.sgb-fss.ch\\\/content\\\/uploads\\\/2023\\\/05\\\/logo-gebardensprache-bundeshaus-2farbig.jpg\",\"contentUrl\":\"https:\\\/\\\/www.sgb-fss.ch\\\/content\\\/uploads\\\/2023\\\/05\\\/logo-gebardensprache-bundeshaus-2farbig.jpg\",\"width\":1936,\"height\":1089},{\"@type\":\"BreadcrumbList\",\"@id\":\"https:\\\/\\\/www.sgb-fss.ch\\\/de\\\/aktuell\\\/veranstaltungen\\\/politische-veranstaltungen\\\/#breadcrumb\",\"itemListElement\":[{\"@type\":\"ListItem\",\"position\":1,\"name\":\"Home\",\"item\":\"https:\\\/\\\/www.sgb-fss.ch\\\/de\\\/\"},{\"@type\":\"ListItem\",\"position\":2,\"name\":\"Aktuell\",\"item\":\"https:\\\/\\\/www.sgb-fss.ch\\\/de\\\/aktuell\\\/\"},{\"@type\":\"ListItem\",\"position\":3,\"name\":\"Veranstaltungen\",\"item\":\"https:\\\/\\\/www.sgb-fss.ch\\\/de\\\/aktuell\\\/veranstaltungen\\\/\"},{\"@type\":\"ListItem\",\"position\":4,\"name\":\"Politische Veranstaltungen\"}]},{\"@type\":\"WebSite\",\"@id\":\"https:\\\/\\\/www.sgb-fss.ch\\\/de\\\/#website\",\"url\":\"https:\\\/\\\/www.sgb-fss.ch\\\/de\\\/\",\"name\":\"SGB-FSS\",\"description\":\"\",\"potentialAction\":[{\"@type\":\"SearchAction\",\"target\":{\"@type\":\"EntryPoint\",\"urlTemplate\":\"https:\\\/\\\/www.sgb-fss.ch\\\/de\\\/?s={search_term_string}\"},\"query-input\":{\"@type\":\"PropertyValueSpecification\",\"valueRequired\":true,\"valueName\":\"search_term_string\"}}],\"inLanguage\":\"de\"}]}<\/script>\n<!-- \/ Yoast SEO plugin. -->","yoast_head_json":{"title":"Politische Veranstaltungen - SGB-FSS","robots":{"index":"index","follow":"follow","max-snippet":"max-snippet:-1","max-image-preview":"max-image-preview:large","max-video-preview":"max-video-preview:-1"},"canonical":"https:\/\/www.sgb-fss.ch\/de\/aktuell\/veranstaltungen\/politische-veranstaltungen\/","og_locale":"de_DE","og_type":"article","og_title":"Politische Veranstaltungen - SGB-FSS","og_description":"Damit geh\u00f6rlose und h\u00f6rbehinderte Menschen sich aktiv an politischen und gesellschaftlichen Debatten beteiligen k\u00f6nnen, [&hellip;]","og_url":"https:\/\/www.sgb-fss.ch\/de\/aktuell\/veranstaltungen\/politische-veranstaltungen\/","og_site_name":"SGB-FSS","article_modified_time":"2025-02-24T15:52:16+00:00","og_image":[{"width":1936,"height":1089,"url":"https:\/\/www.sgb-fss.ch\/content\/uploads\/2023\/05\/logo-gebardensprache-bundeshaus-2farbig.jpg","type":"image\/jpeg"}],"twitter_card":"summary_large_image","twitter_misc":{"Gesch\u00e4tzte Lesezeit":"1\u00a0Minute"},"schema":{"@context":"https:\/\/schema.org","@graph":[{"@type":"WebPage","@id":"https:\/\/www.sgb-fss.ch\/de\/aktuell\/veranstaltungen\/politische-veranstaltungen\/","url":"https:\/\/www.sgb-fss.ch\/de\/aktuell\/veranstaltungen\/politische-veranstaltungen\/","name":"Politische Veranstaltungen - SGB-FSS","isPartOf":{"@id":"https:\/\/www.sgb-fss.ch\/de\/#website"},"primaryImageOfPage":{"@id":"https:\/\/www.sgb-fss.ch\/de\/aktuell\/veranstaltungen\/politische-veranstaltungen\/#primaryimage"},"image":{"@id":"https:\/\/www.sgb-fss.ch\/de\/aktuell\/veranstaltungen\/politische-veranstaltungen\/#primaryimage"},"thumbnailUrl":"https:\/\/www.sgb-fss.ch\/content\/uploads\/2023\/05\/logo-gebardensprache-bundeshaus-2farbig.jpg","datePublished":"2023-09-29T07:58:23+00:00","dateModified":"2025-02-24T15:52:16+00:00","breadcrumb":{"@id":"https:\/\/www.sgb-fss.ch\/de\/aktuell\/veranstaltungen\/politische-veranstaltungen\/#breadcrumb"},"inLanguage":"de","potentialAction":[{"@type":"ReadAction","target":["https:\/\/www.sgb-fss.ch\/de\/aktuell\/veranstaltungen\/politische-veranstaltungen\/"]}]},{"@type":"ImageObject","inLanguage":"de","@id":"https:\/\/www.sgb-fss.ch\/de\/aktuell\/veranstaltungen\/politische-veranstaltungen\/#primaryimage","url":"https:\/\/www.sgb-fss.ch\/content\/uploads\/2023\/05\/logo-gebardensprache-bundeshaus-2farbig.jpg","contentUrl":"https:\/\/www.sgb-fss.ch\/content\/uploads\/2023\/05\/logo-gebardensprache-bundeshaus-2farbig.jpg","width":1936,"height":1089},{"@type":"BreadcrumbList","@id":"https:\/\/www.sgb-fss.ch\/de\/aktuell\/veranstaltungen\/politische-veranstaltungen\/#breadcrumb","itemListElement":[{"@type":"ListItem","position":1,"name":"Home","item":"https:\/\/www.sgb-fss.ch\/de\/"},{"@type":"ListItem","position":2,"name":"Aktuell","item":"https:\/\/www.sgb-fss.ch\/de\/aktuell\/"},{"@type":"ListItem","position":3,"name":"Veranstaltungen","item":"https:\/\/www.sgb-fss.ch\/de\/aktuell\/veranstaltungen\/"},{"@type":"ListItem","position":4,"name":"Politische Veranstaltungen"}]},{"@type":"WebSite","@id":"https:\/\/www.sgb-fss.ch\/de\/#website","url":"https:\/\/www.sgb-fss.ch\/de\/","name":"SGB-FSS","description":"","potentialAction":[{"@type":"SearchAction","target":{"@type":"EntryPoint","urlTemplate":"https:\/\/www.sgb-fss.ch\/de\/?s={search_term_string}"},"query-input":{"@type":"PropertyValueSpecification","valueRequired":true,"valueName":"search_term_string"}}],"inLanguage":"de"}]}},"_links":{"self":[{"href":"https:\/\/www.sgb-fss.ch\/de\/wp-json\/wp\/v2\/pages\/27493","targetHints":{"allow":["GET"]}}],"collection":[{"href":"https:\/\/www.sgb-fss.ch\/de\/wp-json\/wp\/v2\/pages"}],"about":[{"href":"https:\/\/www.sgb-fss.ch\/de\/wp-json\/wp\/v2\/types\/page"}],"author":[{"embeddable":true,"href":"https:\/\/www.sgb-fss.ch\/de\/wp-json\/wp\/v2\/users\/40"}],"replies":[{"embeddable":true,"href":"https:\/\/www.sgb-fss.ch\/de\/wp-json\/wp\/v2\/comments?post=27493"}],"version-history":[{"count":9,"href":"https:\/\/www.sgb-fss.ch\/de\/wp-json\/wp\/v2\/pages\/27493\/revisions"}],"predecessor-version":[{"id":37287,"href":"https:\/\/www.sgb-fss.ch\/de\/wp-json\/wp\/v2\/pages\/27493\/revisions\/37287"}],"up":[{"embeddable":true,"href":"https:\/\/www.sgb-fss.ch\/de\/wp-json\/wp\/v2\/pages\/24654"}],"wp:featuredmedia":[{"embeddable":true,"href":"https:\/\/www.sgb-fss.ch\/de\/wp-json\/wp\/v2\/media\/18121"}],"wp:attachment":[{"href":"https:\/\/www.sgb-fss.ch\/de\/wp-json\/wp\/v2\/media?parent=27493"}],"curies":[{"name":"wp","href":"https:\/\/api.w.org\/{rel}","templated":true}]}}