{"id":26857,"date":"2023-09-21T10:40:01","date_gmt":"2023-09-21T08:40:01","guid":{"rendered":"https:\/\/www.sgb-fss.ch\/?page_id=26857"},"modified":"2024-11-28T14:18:02","modified_gmt":"2024-11-28T13:18:02","slug":"geschichte-des-gehoerlosenbundes","status":"publish","type":"page","link":"https:\/\/www.sgb-fss.ch\/de\/verband\/bewegte-geschichte\/geschichte-des-gehoerlosenbundes\/","title":{"rendered":"Geschichte des Geh\u00f6rlosenbundes"},"content":{"rendered":"\n<p class=\"is-style-lead\">Von der Taubstummenhilfe zum Schweizerischen Geh\u00f6rlosenbund: Wir haben eine bewegte Geschichte hinter uns und schauen weiterhin vielen Aufgaben und Herausforderungen entgegen. <\/p>\n\n\n\n<figure class=\"wp-block-image size-full is-resized\"><img loading=\"lazy\" decoding=\"async\" width=\"1025\" height=\"576\" src=\"https:\/\/www.sgb-fss.ch\/content\/uploads\/2021\/06\/geschichte_sgb-e1624527112502.jpg\" alt=\"\" class=\"wp-image-7738\" style=\"width:688px;height:386px\" srcset=\"https:\/\/www.sgb-fss.ch\/content\/uploads\/2021\/06\/geschichte_sgb-e1624527112502.jpg 1025w, https:\/\/www.sgb-fss.ch\/content\/uploads\/2021\/06\/geschichte_sgb-e1624527112502-300x169.jpg 300w, https:\/\/www.sgb-fss.ch\/content\/uploads\/2021\/06\/geschichte_sgb-e1624527112502-150x84.jpg 150w, https:\/\/www.sgb-fss.ch\/content\/uploads\/2021\/06\/geschichte_sgb-e1624527112502-768x432.jpg 768w, https:\/\/www.sgb-fss.ch\/content\/uploads\/2021\/06\/geschichte_sgb-e1624527112502-178x100.jpg 178w, https:\/\/www.sgb-fss.ch\/content\/uploads\/2021\/06\/geschichte_sgb-e1624527112502-600x337.jpg 600w\" sizes=\"auto, (max-width: 1025px) 100vw, 1025px\" \/><figcaption class=\"wp-element-caption\">Die Fahne der Schweizerischen Gesellschaft der Geh\u00f6rlosen (SGdG) wird am Geh\u00f6rlosentag 1943 in Beatenberg pr\u00e4sentiert.<\/figcaption><\/figure>\n\n\n\n<p><strong>Vorgeschichte<\/strong><br>Anfang des 19. Jahrhunderts entstanden in der Schweiz auf privater Initiative die ersten Geh\u00f6rlosenschulen. Daneben formierten sich die geh\u00f6rlosen Menschen in den Kantonen in eigenen Vereinen. Und seit dem sp\u00e4ten 19. Jahrhundert, aufgrund der Entscheidungen des 2. Weltkongresses der Geh\u00f6rlosenp\u00e4dagogen in Mailand, wurde die Geb\u00e4rdensprache in den Schulen aus dem Unterricht verdr\u00e4ngt, dieser fand danach ausschliesslich in Lautsprache statt. Diese Entscheidungen der P\u00e4dagogen hatten weitreichende Konsequenzen auf das soziale Leben der Geh\u00f6rlosengemeinschaft und die Erfahrungen von Unterdr\u00fcckung.<\/p>\n\n\n\n<p><strong>1946 \u2013 Die Gr\u00fcndung des Schweizerischen Geh\u00f6rlosenbundes<\/strong><br>In den anf\u00e4nglichen Vereinen der Geh\u00f6rlosenf\u00fcrsorge waren die F\u00fchrungspositionen fast ausschliesslich von h\u00f6renden Personen besetzt, die \u00fcber Leben und Schicksal von geh\u00f6rlosen und h\u00f6rbehinderten Menschen bestimmten. Dagegen wehrten sich schon fr\u00fch die Geh\u00f6rlosenvereine im Namen der Selbstbestimmung. Einige fr\u00fchere Versuche, eine nationale Organisation der Geh\u00f6rlosenvereine zu gr\u00fcnden, scheiterten leider aus verschiedenen Gr\u00fcnden.&nbsp;<strong>Am 17. Februar 1946<\/strong> wurde dann in dieser Situation der Schweizerische Geh\u00f6rlosenbund SGB-FSS <strong>als Selbsthilfe-Organisation gegr\u00fcndet<\/strong>, der bis heute Bestand hat und sich nach wie vor f\u00fcr die Anliegen der geh\u00f6rlosen Menschen in der Schweiz einsetzt.<\/p>\n\n\n\n<p><strong>Die \u2039Deaf Power\u203a-Bewegung<\/strong><br>Im Zuge der sozialen Bewegungen von Minderheiten, die ihren Anfang in den USA nahmen, entstand die \u2039Deaf Power\u203a-Bewegung, die sich f\u00fcr die Emanzipation und die Rechte von geh\u00f6rlosen Menschen einsetzte. Diese Bewegung ergriff Ende der 80er Jahre die Schweiz und pr\u00e4gte eine Generation von jungen Geh\u00f6rlosen. Die Einforderung der Selbstbestimmung und der eigenen kulturellen und sprachlichen Identit\u00e4t, insbesondere der Geb\u00e4rdensprache, pr\u00e4gten die Auseinandersetzungen mit den h\u00f6renden Fachexperten. Zum ersten Mal gelang es geh\u00f6rlosen Personen in F\u00fchrungspositionen, der sogenannten \u2039Taubstummen-Hilfe\u203a, Fuss zu fassen und ihre Anliegen einzubringen.<\/p>\n\n\n\n<p><strong>Als nationale Dachorganisation etabliert<br><\/strong>Der Fokus der Emanzipationsbewegung konzentrierte sich aber innerhalb der Geh\u00f6rlosenvereine und des Geh\u00f6rlosenbundes. Der Geh\u00f6rlosenbund wurde als nationale Dachorganisation zum f\u00fchrenden Verband, der sich f\u00fcr die Anliegen der Geh\u00f6rlosengemeinschaft einsetzte und f\u00fcr deren Rechte auf der politischen und gesellschaftlichen Ebene k\u00e4mpfte. In den Anf\u00e4ngen wurde die Emanzipationsbewegung der geh\u00f6rlosen Menschen von den Institutionen im Geh\u00f6rlosenwesen kritisch begutachtet und stiess auf Widerst\u00e4nde.<\/p>\n\n\n\n<p><strong>Geb\u00e4rdensprache wird gest\u00e4rkt<\/strong><br>Unbeirrt arbeitete der Geh\u00f6rlosenbund mit seinen Mitgliedern daran, die Geb\u00e4rdensprache aus ihrem Schattendasein zu befreien und ihren gesellschaftlichen Stellenwert einzufordern. Ein erstes Schreibtelefon wurde vermarket, ein Vermittlungsdienst f\u00fcr Geb\u00e4rdensprachdolmetschende gegr\u00fcndet, die ersten Geb\u00e4rdensprachkurse aufgebaut und andere wichtige Pilot-Angebote f\u00fcr die Geh\u00f6rlosengemeinschaft lanciert. Die gesellschaftliche Anerkennung der Geb\u00e4rdensprachen in den Schulen und der Gesellschaft war und bleibt bis heute ein wichtiges Ziel des Geh\u00f6rlosenbundes.<\/p>\n\n\n\n<p><strong>Regionalisierung<\/strong><br>Im Jahr 1987 wurde der Geh\u00f6rlosenbund regionalisiert. Im Rahmen dieser Regionalisierung entstanden die Deutsch-Schweizer Sektion (SGB-DS) und die West-Schweizer Sektion (FSS-RR). Sp\u00e4ter kam die Tessiner Sektion (FSS-RI) hinzu. Eine Co-Leitung der regionalen Sektionen sorgte f\u00fcr die Koordination der Arbeiten der Verb\u00e4nde. Im Jahr 2006 entschlossen sich die drei regionalen Verb\u00e4nde zu einem nationalen Dachverband &#8222;Schweizerischer Geh\u00f6rlosenbund&#8220; zusammenzuschliessen und passten die Verbandsstrukturen dieser neuen Ausrichtung an.<\/p>\n\n\n\n<p><strong>Selbstbestimmung<\/strong><br>Seither hat der Geh\u00f6rlosenbund seine nationalen Strukturen vertieft, seine Strategien pr\u00e4zisiert und seine Anliegen in Gesellschaft und Politik gest\u00e4rkt. Der Wandel f\u00fchrte von der Freiwilligenarbeit in den Anf\u00e4ngen zu einem professionellen Verband, der sich weiterhin der Selbsthilfe verpflichtet f\u00fchlt, aber auch als kompetenter Experte die Anliegen der Geh\u00f6rlosengemeinschaft in Zusammenarbeit mit seinen Mitgliedern einfordert. Die Selbstbestimmung der geh\u00f6rlosen und h\u00f6rbehinderten Menschen blieb dabei der zentrale Wert des Geh\u00f6rlosenbundes, der auch die zuk\u00fcnftige Arbeit anleitet.<\/p>\n\n\n\n<h2 class=\"wp-block-heading\"><\/h2>\n\n\n\n<div class=\"wp-block-group has-schwarz-25-background-color has-background is-layout-constrained wp-block-group-is-layout-constrained\"><div class=\"block block-teaserpages\" id=\"block_248227f351c185a1e9f1bb2b47fdff04\" data-block=\"Teaser Pages\">\n  <ul class=\"block-teaserpages__list\">\n            <li class=\"block-teaserpages__item\">\n        <a class=\"accent teaserpage\" href=\"https:\/\/www.sgb-fss.ch\/de\/downloads\/\">\n  <div class=\"teaserpage__thumbnail\">\n            <div class=\"image teaserpage__thumbnail-image\" >\n    <img decoding=\"async\"\n      loading=\"lazy\"\n      class=\"image__object lazyload\"\n      src=\"https:\/\/www.sgb-fss.ch\/content\/uploads\/2024\/01\/downloads-d-1440x0-c-default.jpg\"       data-sizes=\"auto\"\n      data-srcset=\"https:\/\/www.sgb-fss.ch\/content\/uploads\/2024\/01\/downloads-d-1000x0-c-default.jpg 1000w, https:\/\/www.sgb-fss.ch\/content\/uploads\/2024\/01\/downloads-d-700x0-c-default.jpg 700w, https:\/\/www.sgb-fss.ch\/content\/uploads\/2024\/01\/downloads-d-350x0-c-default.jpg 350w, \"\n      alt=\"\"\n      width=\"1890\"\n      height=\"1063\"\n            >\n  <\/div>\n      <\/div>\n  <h3 class=\"teaserpage__title\">Downloads<\/h3>\n  <p class=\"teaserpage__lead\">Hier findest du alle Daten zu dieser Seite sowie allen anderen Bereichen zum Herunterladen.<\/p>  <\/a>\n      <\/li>\n    <\/ul>\n<\/div>\n<\/div>\n","protected":false},"excerpt":{"rendered":"<p>Von der Taubstummenhilfe zum Schweizerischen Geh\u00f6rlosenbund: Wir haben eine bewegte Geschichte hinter uns und [&hellip;]<\/p>\n","protected":false},"author":8,"featured_media":7738,"parent":2662,"menu_order":0,"comment_status":"closed","ping_status":"closed","template":"","meta":{"_acf_changed":false,"inline_featured_image":false,"footnotes":""},"class_list":["post-26857","page","type-page","status-publish","has-post-thumbnail","hentry"],"acf":[],"yoast_head":"<!-- This site is optimized with the Yoast SEO plugin v27.4 - https:\/\/yoast.com\/product\/yoast-seo-wordpress\/ -->\n<title>Geschichte des Geh\u00f6rlosenbundes - SGB-FSS<\/title>\n<meta name=\"robots\" content=\"index, follow, max-snippet:-1, max-image-preview:large, max-video-preview:-1\" \/>\n<link rel=\"canonical\" href=\"https:\/\/www.sgb-fss.ch\/de\/verband\/bewegte-geschichte\/geschichte-des-gehoerlosenbundes\/\" \/>\n<meta property=\"og:locale\" content=\"de_DE\" \/>\n<meta property=\"og:type\" content=\"article\" \/>\n<meta property=\"og:title\" content=\"Geschichte des Geh\u00f6rlosenbundes - SGB-FSS\" \/>\n<meta property=\"og:description\" content=\"Von der Taubstummenhilfe zum Schweizerischen Geh\u00f6rlosenbund: Wir haben eine bewegte Geschichte hinter uns und [&hellip;]\" \/>\n<meta property=\"og:url\" content=\"https:\/\/www.sgb-fss.ch\/de\/verband\/bewegte-geschichte\/geschichte-des-gehoerlosenbundes\/\" \/>\n<meta property=\"og:site_name\" content=\"SGB-FSS\" \/>\n<meta property=\"article:modified_time\" content=\"2024-11-28T13:18:02+00:00\" \/>\n<meta property=\"og:image\" content=\"https:\/\/www.sgb-fss.ch\/content\/uploads\/2021\/06\/geschichte_sgb-e1624527112502.jpg\" \/>\n\t<meta property=\"og:image:width\" content=\"1025\" \/>\n\t<meta property=\"og:image:height\" content=\"576\" \/>\n\t<meta property=\"og:image:type\" content=\"image\/jpeg\" \/>\n<meta name=\"twitter:card\" content=\"summary_large_image\" \/>\n<meta name=\"twitter:label1\" content=\"Gesch\u00e4tzte Lesezeit\" \/>\n\t<meta name=\"twitter:data1\" content=\"4\u00a0Minuten\" \/>\n<script type=\"application\/ld+json\" class=\"yoast-schema-graph\">{\"@context\":\"https:\\\/\\\/schema.org\",\"@graph\":[{\"@type\":\"WebPage\",\"@id\":\"https:\\\/\\\/www.sgb-fss.ch\\\/de\\\/verband\\\/bewegte-geschichte\\\/geschichte-des-gehoerlosenbundes\\\/\",\"url\":\"https:\\\/\\\/www.sgb-fss.ch\\\/de\\\/verband\\\/bewegte-geschichte\\\/geschichte-des-gehoerlosenbundes\\\/\",\"name\":\"Geschichte des Geh\u00f6rlosenbundes - SGB-FSS\",\"isPartOf\":{\"@id\":\"https:\\\/\\\/www.sgb-fss.ch\\\/de\\\/#website\"},\"primaryImageOfPage\":{\"@id\":\"https:\\\/\\\/www.sgb-fss.ch\\\/de\\\/verband\\\/bewegte-geschichte\\\/geschichte-des-gehoerlosenbundes\\\/#primaryimage\"},\"image\":{\"@id\":\"https:\\\/\\\/www.sgb-fss.ch\\\/de\\\/verband\\\/bewegte-geschichte\\\/geschichte-des-gehoerlosenbundes\\\/#primaryimage\"},\"thumbnailUrl\":\"https:\\\/\\\/www.sgb-fss.ch\\\/content\\\/uploads\\\/2021\\\/06\\\/geschichte_sgb-e1624527112502.jpg\",\"datePublished\":\"2023-09-21T08:40:01+00:00\",\"dateModified\":\"2024-11-28T13:18:02+00:00\",\"breadcrumb\":{\"@id\":\"https:\\\/\\\/www.sgb-fss.ch\\\/de\\\/verband\\\/bewegte-geschichte\\\/geschichte-des-gehoerlosenbundes\\\/#breadcrumb\"},\"inLanguage\":\"de\",\"potentialAction\":[{\"@type\":\"ReadAction\",\"target\":[\"https:\\\/\\\/www.sgb-fss.ch\\\/de\\\/verband\\\/bewegte-geschichte\\\/geschichte-des-gehoerlosenbundes\\\/\"]}]},{\"@type\":\"ImageObject\",\"inLanguage\":\"de\",\"@id\":\"https:\\\/\\\/www.sgb-fss.ch\\\/de\\\/verband\\\/bewegte-geschichte\\\/geschichte-des-gehoerlosenbundes\\\/#primaryimage\",\"url\":\"https:\\\/\\\/www.sgb-fss.ch\\\/content\\\/uploads\\\/2021\\\/06\\\/geschichte_sgb-e1624527112502.jpg\",\"contentUrl\":\"https:\\\/\\\/www.sgb-fss.ch\\\/content\\\/uploads\\\/2021\\\/06\\\/geschichte_sgb-e1624527112502.jpg\",\"width\":1025,\"height\":576},{\"@type\":\"BreadcrumbList\",\"@id\":\"https:\\\/\\\/www.sgb-fss.ch\\\/de\\\/verband\\\/bewegte-geschichte\\\/geschichte-des-gehoerlosenbundes\\\/#breadcrumb\",\"itemListElement\":[{\"@type\":\"ListItem\",\"position\":1,\"name\":\"Home\",\"item\":\"https:\\\/\\\/www.sgb-fss.ch\\\/de\\\/\"},{\"@type\":\"ListItem\",\"position\":2,\"name\":\"Verband\",\"item\":\"https:\\\/\\\/www.sgb-fss.ch\\\/de\\\/verband\\\/\"},{\"@type\":\"ListItem\",\"position\":3,\"name\":\"Bewegte Geschichte\",\"item\":\"https:\\\/\\\/www.sgb-fss.ch\\\/de\\\/verband\\\/bewegte-geschichte\\\/\"},{\"@type\":\"ListItem\",\"position\":4,\"name\":\"Geschichte des Geh\u00f6rlosenbundes\"}]},{\"@type\":\"WebSite\",\"@id\":\"https:\\\/\\\/www.sgb-fss.ch\\\/de\\\/#website\",\"url\":\"https:\\\/\\\/www.sgb-fss.ch\\\/de\\\/\",\"name\":\"SGB-FSS\",\"description\":\"\",\"potentialAction\":[{\"@type\":\"SearchAction\",\"target\":{\"@type\":\"EntryPoint\",\"urlTemplate\":\"https:\\\/\\\/www.sgb-fss.ch\\\/de\\\/?s={search_term_string}\"},\"query-input\":{\"@type\":\"PropertyValueSpecification\",\"valueRequired\":true,\"valueName\":\"search_term_string\"}}],\"inLanguage\":\"de\"}]}<\/script>\n<!-- \/ Yoast SEO plugin. -->","yoast_head_json":{"title":"Geschichte des Geh\u00f6rlosenbundes - SGB-FSS","robots":{"index":"index","follow":"follow","max-snippet":"max-snippet:-1","max-image-preview":"max-image-preview:large","max-video-preview":"max-video-preview:-1"},"canonical":"https:\/\/www.sgb-fss.ch\/de\/verband\/bewegte-geschichte\/geschichte-des-gehoerlosenbundes\/","og_locale":"de_DE","og_type":"article","og_title":"Geschichte des Geh\u00f6rlosenbundes - SGB-FSS","og_description":"Von der Taubstummenhilfe zum Schweizerischen Geh\u00f6rlosenbund: Wir haben eine bewegte Geschichte hinter uns und [&hellip;]","og_url":"https:\/\/www.sgb-fss.ch\/de\/verband\/bewegte-geschichte\/geschichte-des-gehoerlosenbundes\/","og_site_name":"SGB-FSS","article_modified_time":"2024-11-28T13:18:02+00:00","og_image":[{"width":1025,"height":576,"url":"https:\/\/www.sgb-fss.ch\/content\/uploads\/2021\/06\/geschichte_sgb-e1624527112502.jpg","type":"image\/jpeg"}],"twitter_card":"summary_large_image","twitter_misc":{"Gesch\u00e4tzte Lesezeit":"4\u00a0Minuten"},"schema":{"@context":"https:\/\/schema.org","@graph":[{"@type":"WebPage","@id":"https:\/\/www.sgb-fss.ch\/de\/verband\/bewegte-geschichte\/geschichte-des-gehoerlosenbundes\/","url":"https:\/\/www.sgb-fss.ch\/de\/verband\/bewegte-geschichte\/geschichte-des-gehoerlosenbundes\/","name":"Geschichte des Geh\u00f6rlosenbundes - SGB-FSS","isPartOf":{"@id":"https:\/\/www.sgb-fss.ch\/de\/#website"},"primaryImageOfPage":{"@id":"https:\/\/www.sgb-fss.ch\/de\/verband\/bewegte-geschichte\/geschichte-des-gehoerlosenbundes\/#primaryimage"},"image":{"@id":"https:\/\/www.sgb-fss.ch\/de\/verband\/bewegte-geschichte\/geschichte-des-gehoerlosenbundes\/#primaryimage"},"thumbnailUrl":"https:\/\/www.sgb-fss.ch\/content\/uploads\/2021\/06\/geschichte_sgb-e1624527112502.jpg","datePublished":"2023-09-21T08:40:01+00:00","dateModified":"2024-11-28T13:18:02+00:00","breadcrumb":{"@id":"https:\/\/www.sgb-fss.ch\/de\/verband\/bewegte-geschichte\/geschichte-des-gehoerlosenbundes\/#breadcrumb"},"inLanguage":"de","potentialAction":[{"@type":"ReadAction","target":["https:\/\/www.sgb-fss.ch\/de\/verband\/bewegte-geschichte\/geschichte-des-gehoerlosenbundes\/"]}]},{"@type":"ImageObject","inLanguage":"de","@id":"https:\/\/www.sgb-fss.ch\/de\/verband\/bewegte-geschichte\/geschichte-des-gehoerlosenbundes\/#primaryimage","url":"https:\/\/www.sgb-fss.ch\/content\/uploads\/2021\/06\/geschichte_sgb-e1624527112502.jpg","contentUrl":"https:\/\/www.sgb-fss.ch\/content\/uploads\/2021\/06\/geschichte_sgb-e1624527112502.jpg","width":1025,"height":576},{"@type":"BreadcrumbList","@id":"https:\/\/www.sgb-fss.ch\/de\/verband\/bewegte-geschichte\/geschichte-des-gehoerlosenbundes\/#breadcrumb","itemListElement":[{"@type":"ListItem","position":1,"name":"Home","item":"https:\/\/www.sgb-fss.ch\/de\/"},{"@type":"ListItem","position":2,"name":"Verband","item":"https:\/\/www.sgb-fss.ch\/de\/verband\/"},{"@type":"ListItem","position":3,"name":"Bewegte Geschichte","item":"https:\/\/www.sgb-fss.ch\/de\/verband\/bewegte-geschichte\/"},{"@type":"ListItem","position":4,"name":"Geschichte des Geh\u00f6rlosenbundes"}]},{"@type":"WebSite","@id":"https:\/\/www.sgb-fss.ch\/de\/#website","url":"https:\/\/www.sgb-fss.ch\/de\/","name":"SGB-FSS","description":"","potentialAction":[{"@type":"SearchAction","target":{"@type":"EntryPoint","urlTemplate":"https:\/\/www.sgb-fss.ch\/de\/?s={search_term_string}"},"query-input":{"@type":"PropertyValueSpecification","valueRequired":true,"valueName":"search_term_string"}}],"inLanguage":"de"}]}},"_links":{"self":[{"href":"https:\/\/www.sgb-fss.ch\/de\/wp-json\/wp\/v2\/pages\/26857","targetHints":{"allow":["GET"]}}],"collection":[{"href":"https:\/\/www.sgb-fss.ch\/de\/wp-json\/wp\/v2\/pages"}],"about":[{"href":"https:\/\/www.sgb-fss.ch\/de\/wp-json\/wp\/v2\/types\/page"}],"author":[{"embeddable":true,"href":"https:\/\/www.sgb-fss.ch\/de\/wp-json\/wp\/v2\/users\/8"}],"replies":[{"embeddable":true,"href":"https:\/\/www.sgb-fss.ch\/de\/wp-json\/wp\/v2\/comments?post=26857"}],"version-history":[{"count":10,"href":"https:\/\/www.sgb-fss.ch\/de\/wp-json\/wp\/v2\/pages\/26857\/revisions"}],"predecessor-version":[{"id":36133,"href":"https:\/\/www.sgb-fss.ch\/de\/wp-json\/wp\/v2\/pages\/26857\/revisions\/36133"}],"up":[{"embeddable":true,"href":"https:\/\/www.sgb-fss.ch\/de\/wp-json\/wp\/v2\/pages\/2662"}],"wp:featuredmedia":[{"embeddable":true,"href":"https:\/\/www.sgb-fss.ch\/de\/wp-json\/wp\/v2\/media\/7738"}],"wp:attachment":[{"href":"https:\/\/www.sgb-fss.ch\/de\/wp-json\/wp\/v2\/media?parent=26857"}],"curies":[{"name":"wp","href":"https:\/\/api.w.org\/{rel}","templated":true}]}}