{"id":24139,"date":"2023-08-08T13:53:35","date_gmt":"2023-08-08T11:53:35","guid":{"rendered":"https:\/\/www.sgb-fss.ch\/?page_id=24139"},"modified":"2025-07-29T09:31:03","modified_gmt":"2025-07-29T07:31:03","slug":"workshops-und-webinare","status":"publish","type":"page","link":"https:\/\/www.sgb-fss.ch\/de\/angebote\/workshops-und-webinare\/","title":{"rendered":"Workshops und Webinare"},"content":{"rendered":"\n<p class=\"is-style-lead\">Mit unseren Workshops und kostenlosen Webinare sensibilisieren wir Unternehmen und Organisationen, die ihre Diversit\u00e4t im Bereich der H\u00f6rbehinderung weiter ausbauen m\u00f6chten. Wir bilden Teams, die schon mit Menschen zusammenarbeiten, die eine H\u00f6rbehinderung haben, zum Thema \u2039Team-Work und Kommunikation\u203a weiter und k\u00f6nnen alle Angebote auf dein Unternehmen zuschneiden.<\/p>\n\n\n<div class=\"block block-teaserpages\" id=\"block_70e7a62a8b27d2623a44e4e574a8a123\" data-block=\"Teaser Pages\">\n  <ul class=\"block-teaserpages__list\">\n            <li class=\"block-teaserpages__item\">\n        <a class=\"accent teaserpage\" href=\"https:\/\/www.sgb-fss.ch\/de\/bereiche\/arbeit\/workshops\/\">\n  <div class=\"teaserpage__thumbnail\">\n            <div class=\"image teaserpage__thumbnail-image\" >\n    <img decoding=\"async\"\n      loading=\"lazy\"\n      class=\"image__object lazyload\"\n      src=\"https:\/\/www.sgb-fss.ch\/content\/uploads\/2023\/05\/titelbildoption_1-scaled-1440x0-c-default.jpg\"       data-sizes=\"auto\"\n      data-srcset=\"https:\/\/www.sgb-fss.ch\/content\/uploads\/2023\/05\/titelbildoption_1-scaled-1000x0-c-default.jpg 1000w, https:\/\/www.sgb-fss.ch\/content\/uploads\/2023\/05\/titelbildoption_1-scaled-700x0-c-default.jpg 700w, https:\/\/www.sgb-fss.ch\/content\/uploads\/2023\/05\/titelbildoption_1-scaled-350x0-c-default.jpg 350w, \"\n      alt=\"\"\n      width=\"2560\"\n      height=\"1440\"\n            >\n  <\/div>\n      <\/div>\n  <h3 class=\"teaserpage__title\">Workshops <\/h3>\n  <p class=\"teaserpage__lead\">Du m\u00f6chtest die Diversit\u00e4t in deinem Unternehmen weiter ausbauen? Ihr arbeitet schon mit Menschen zusammen, die eine H\u00f6rbehinderung haben und ihr m\u00f6chtet euch zum Thema \u2039Team-Work und Kommunikation\u203a weiterbilden? Dann sind unsere Workshops vor Ort das Richtige f\u00fcr euch.<\/p>  <\/a>\n      <\/li>\n            <li class=\"block-teaserpages__item\">\n        <a class=\"accent teaserpage\" href=\"https:\/\/www.sgb-fss.ch\/de\/bereiche\/arbeit\/webinare\/\">\n  <div class=\"teaserpage__thumbnail\">\n            <div class=\"image teaserpage__thumbnail-image\" >\n    <img decoding=\"async\"\n      loading=\"lazy\"\n      class=\"image__object lazyload\"\n      src=\"https:\/\/www.sgb-fss.ch\/content\/uploads\/2023\/05\/webinar-1-1440x0-c-default.jpg\"       data-sizes=\"auto\"\n      data-srcset=\"https:\/\/www.sgb-fss.ch\/content\/uploads\/2023\/05\/webinar-1-1000x0-c-default.jpg 1000w, https:\/\/www.sgb-fss.ch\/content\/uploads\/2023\/05\/webinar-1-700x0-c-default.jpg 700w, https:\/\/www.sgb-fss.ch\/content\/uploads\/2023\/05\/webinar-1-350x0-c-default.jpg 350w, \"\n      alt=\"\"\n      width=\"982\"\n      height=\"552\"\n            >\n  <\/div>\n      <\/div>\n  <h3 class=\"teaserpage__title\">Webinare<\/h3>\n  <p class=\"teaserpage__lead\">In unseren kostenlosen Webinaren erh\u00e4lt dein Unternehmen Tipps und Tricks f\u00fcr eine gelingende Rekrutierung sowie f\u00fcr die Team-Zusammenarbeit mit Menschen mit einer H\u00f6rbehinderung. Die Webinare bieten aufschlussreiche Informationen zur Geh\u00f6rlosenkultur.<\/p>  <\/a>\n      <\/li>\n    <\/ul>\n<\/div>\n\n\n\n<p><\/p>\n\n\n\n<div class=\"wp-block-group is-layout-flow wp-block-group-is-layout-flow\"><div class=\"block block-teasercontacts block-teasercontacts--boxed\" id=\"block_1238941d716f2febf40e310a800061c9\" data-block=\"Teaser Contacts\">\n    <div class=\"block-teasercontacts__header\"><p class=\"block-teasercontacts__title\">Fragen zu unseren Workshops oder Webinaren? Ich freue mich auf deine Nachricht.<\/p><\/div>    <div class=\"block-teasercontacts__list\">\n                                        <div class=\"block-teasercontacts__item\">\n                <div class=\"block-teasercontacts__link\">\n                    <div class=\"block-teasercontacts__media\">\n                        <div class=\"block-teasercontacts__thumbnail accent__darkred has-background-accent\">\n                                                              <div class=\"image block-teasercontacts__thumbnail-image\" >\n    <img decoding=\"async\"\n      loading=\"lazy\"\n      class=\"image__object lazyload\"\n      src=\"https:\/\/www.sgb-fss.ch\/content\/uploads\/2021\/06\/sabine-wolff-1440x0-c-default.jpg\"       data-sizes=\"auto\"\n      data-srcset=\"https:\/\/www.sgb-fss.ch\/content\/uploads\/2021\/06\/sabine-wolff-200x0-c-default.jpg 200w, https:\/\/www.sgb-fss.ch\/content\/uploads\/2021\/06\/sabine-wolff-100x0-c-default.jpg 100w, \"\n      alt=\"\"\n      width=\"567\"\n      height=\"567\"\n            >\n  <\/div>\n                                                    <\/div>\n                    <\/div>\n                    <div class=\"block-teasercontacts__text\">\n                        <p class=\"block-teasercontacts__name\"><strong><a href=\"https:\/\/www.sgb-fss.ch\/de\/team\/sabine-wolff\/\">Sabine Wolff<\/a><\/strong><\/p>\n                        <p class=\"block-teasercontacts__lead\">Produkte und Marken<\/p>                    <\/div>\n                    <div class=\"block-teasercontacts__contacts\">\n                                                    <p>\n                                                                <a class=\"wp-block-button is-style-transparent\" href=\"mailto:s.wolff@sgb-fss.ch\"><span class=\"wp-block-button__link\"><i class=\"icon icon--mail\"><svg data-name=\"Ebene 1\" xmlns=\"http:\/\/www.w3.org\/2000\/svg\" viewBox=\"0 0 24 24\"><path d=\"M20.76 2.31H3.24A3.12 3.12 0 0 0 .12 5.43v13.14a3.12 3.12 0 0 0 3.12 3.12h17.52a3.12 3.12 0 0 0 3.12-3.12V5.43a3.12 3.12 0 0 0-3.12-3.12zM2.09 5a1.27 1.27 0 0 1 1.15-.78h17.52a1.24 1.24 0 0 1 1.11.74l.05.09-.09.06L12 12l-.07-.05-9.87-6.9zM22 18.57a1.26 1.26 0 0 1-1.26 1.27H3.24A1.27 1.27 0 0 1 2 18.57V7.21l9.5 6.69a.89.89 0 0 0 1 0L22 7.25z\"\/><\/svg><\/i><span class=\"wp-block-button__label\">s.wolff@sgb-fss.ch<\/span><\/span><\/a>                                                            <\/p>\n                                            <\/div>\n                <\/div>\n            <\/div>\n                    <\/div>\n<\/div>\n<\/div>\n\n\n\n<figure class=\"wp-block-image aligncenter size-full\"><a href=\"https:\/\/www.edi.admin.ch\/edi\/de\/home\/fachstellen\/ebgb.html\" target=\"_blank\" rel=\"noreferrer noopener\"><img loading=\"lazy\" decoding=\"async\" width=\"393\" height=\"150\" src=\"https:\/\/www.sgb-fss.ch\/content\/uploads\/2023\/07\/logo-egb.png\" alt=\"\" class=\"wp-image-22075\" srcset=\"https:\/\/www.sgb-fss.ch\/content\/uploads\/2023\/07\/logo-egb.png 393w, https:\/\/www.sgb-fss.ch\/content\/uploads\/2023\/07\/logo-egb-300x115.png 300w, https:\/\/www.sgb-fss.ch\/content\/uploads\/2023\/07\/logo-egb-150x57.png 150w, https:\/\/www.sgb-fss.ch\/content\/uploads\/2023\/07\/logo-egb-200x76.png 200w\" sizes=\"auto, (max-width: 393px) 100vw, 393px\" \/><\/a><\/figure>\n","protected":false},"excerpt":{"rendered":"<p>Mit unseren Workshops und kostenlosen Webinare sensibilisieren wir Unternehmen und Organisationen, die ihre Diversit\u00e4t [&hellip;]<\/p>\n","protected":false},"author":40,"featured_media":39727,"parent":31877,"menu_order":0,"comment_status":"closed","ping_status":"closed","template":"","meta":{"_acf_changed":false,"inline_featured_image":false,"footnotes":""},"class_list":["post-24139","page","type-page","status-publish","has-post-thumbnail","hentry"],"acf":[],"yoast_head":"<!-- This site is optimized with the Yoast SEO plugin v27.4 - https:\/\/yoast.com\/product\/yoast-seo-wordpress\/ -->\n<title>Workshops und Webinare - SGB-FSS<\/title>\n<meta name=\"robots\" content=\"index, follow, max-snippet:-1, max-image-preview:large, max-video-preview:-1\" \/>\n<link rel=\"canonical\" href=\"https:\/\/www.sgb-fss.ch\/de\/angebote\/workshops-und-webinare\/\" \/>\n<meta property=\"og:locale\" content=\"de_DE\" \/>\n<meta property=\"og:type\" content=\"article\" \/>\n<meta property=\"og:title\" content=\"Workshops und Webinare - SGB-FSS\" \/>\n<meta property=\"og:description\" content=\"Mit unseren Workshops und kostenlosen Webinare sensibilisieren wir Unternehmen und Organisationen, die ihre Diversit\u00e4t [&hellip;]\" \/>\n<meta property=\"og:url\" content=\"https:\/\/www.sgb-fss.ch\/de\/angebote\/workshops-und-webinare\/\" \/>\n<meta property=\"og:site_name\" content=\"SGB-FSS\" \/>\n<meta property=\"article:modified_time\" content=\"2025-07-29T07:31:03+00:00\" \/>\n<meta property=\"og:image\" content=\"https:\/\/www.sgb-fss.ch\/content\/uploads\/workshop_2.jpg\" \/>\n\t<meta property=\"og:image:width\" content=\"337\" \/>\n\t<meta property=\"og:image:height\" content=\"242\" \/>\n\t<meta property=\"og:image:type\" content=\"image\/jpeg\" \/>\n<meta name=\"twitter:card\" content=\"summary_large_image\" \/>\n<meta name=\"twitter:label1\" content=\"Gesch\u00e4tzte Lesezeit\" \/>\n\t<meta name=\"twitter:data1\" content=\"1\u00a0Minute\" \/>\n<script type=\"application\/ld+json\" class=\"yoast-schema-graph\">{\"@context\":\"https:\\\/\\\/schema.org\",\"@graph\":[{\"@type\":\"WebPage\",\"@id\":\"https:\\\/\\\/www.sgb-fss.ch\\\/de\\\/angebote\\\/workshops-und-webinare\\\/\",\"url\":\"https:\\\/\\\/www.sgb-fss.ch\\\/de\\\/angebote\\\/workshops-und-webinare\\\/\",\"name\":\"Workshops und Webinare - SGB-FSS\",\"isPartOf\":{\"@id\":\"https:\\\/\\\/www.sgb-fss.ch\\\/de\\\/#website\"},\"primaryImageOfPage\":{\"@id\":\"https:\\\/\\\/www.sgb-fss.ch\\\/de\\\/angebote\\\/workshops-und-webinare\\\/#primaryimage\"},\"image\":{\"@id\":\"https:\\\/\\\/www.sgb-fss.ch\\\/de\\\/angebote\\\/workshops-und-webinare\\\/#primaryimage\"},\"thumbnailUrl\":\"https:\\\/\\\/www.sgb-fss.ch\\\/content\\\/uploads\\\/workshop_2.jpg\",\"datePublished\":\"2023-08-08T11:53:35+00:00\",\"dateModified\":\"2025-07-29T07:31:03+00:00\",\"breadcrumb\":{\"@id\":\"https:\\\/\\\/www.sgb-fss.ch\\\/de\\\/angebote\\\/workshops-und-webinare\\\/#breadcrumb\"},\"inLanguage\":\"de\",\"potentialAction\":[{\"@type\":\"ReadAction\",\"target\":[\"https:\\\/\\\/www.sgb-fss.ch\\\/de\\\/angebote\\\/workshops-und-webinare\\\/\"]}]},{\"@type\":\"ImageObject\",\"inLanguage\":\"de\",\"@id\":\"https:\\\/\\\/www.sgb-fss.ch\\\/de\\\/angebote\\\/workshops-und-webinare\\\/#primaryimage\",\"url\":\"https:\\\/\\\/www.sgb-fss.ch\\\/content\\\/uploads\\\/workshop_2.jpg\",\"contentUrl\":\"https:\\\/\\\/www.sgb-fss.ch\\\/content\\\/uploads\\\/workshop_2.jpg\",\"width\":337,\"height\":242},{\"@type\":\"BreadcrumbList\",\"@id\":\"https:\\\/\\\/www.sgb-fss.ch\\\/de\\\/angebote\\\/workshops-und-webinare\\\/#breadcrumb\",\"itemListElement\":[{\"@type\":\"ListItem\",\"position\":1,\"name\":\"Home\",\"item\":\"https:\\\/\\\/www.sgb-fss.ch\\\/de\\\/\"},{\"@type\":\"ListItem\",\"position\":2,\"name\":\"Angebote\",\"item\":\"https:\\\/\\\/www.sgb-fss.ch\\\/de\\\/angebote\\\/\"},{\"@type\":\"ListItem\",\"position\":3,\"name\":\"Workshops und Webinare\"}]},{\"@type\":\"WebSite\",\"@id\":\"https:\\\/\\\/www.sgb-fss.ch\\\/de\\\/#website\",\"url\":\"https:\\\/\\\/www.sgb-fss.ch\\\/de\\\/\",\"name\":\"SGB-FSS\",\"description\":\"\",\"potentialAction\":[{\"@type\":\"SearchAction\",\"target\":{\"@type\":\"EntryPoint\",\"urlTemplate\":\"https:\\\/\\\/www.sgb-fss.ch\\\/de\\\/?s={search_term_string}\"},\"query-input\":{\"@type\":\"PropertyValueSpecification\",\"valueRequired\":true,\"valueName\":\"search_term_string\"}}],\"inLanguage\":\"de\"}]}<\/script>\n<!-- \/ Yoast SEO plugin. -->","yoast_head_json":{"title":"Workshops und Webinare - SGB-FSS","robots":{"index":"index","follow":"follow","max-snippet":"max-snippet:-1","max-image-preview":"max-image-preview:large","max-video-preview":"max-video-preview:-1"},"canonical":"https:\/\/www.sgb-fss.ch\/de\/angebote\/workshops-und-webinare\/","og_locale":"de_DE","og_type":"article","og_title":"Workshops und Webinare - SGB-FSS","og_description":"Mit unseren Workshops und kostenlosen Webinare sensibilisieren wir Unternehmen und Organisationen, die ihre Diversit\u00e4t [&hellip;]","og_url":"https:\/\/www.sgb-fss.ch\/de\/angebote\/workshops-und-webinare\/","og_site_name":"SGB-FSS","article_modified_time":"2025-07-29T07:31:03+00:00","og_image":[{"width":337,"height":242,"url":"https:\/\/www.sgb-fss.ch\/content\/uploads\/workshop_2.jpg","type":"image\/jpeg"}],"twitter_card":"summary_large_image","twitter_misc":{"Gesch\u00e4tzte Lesezeit":"1\u00a0Minute"},"schema":{"@context":"https:\/\/schema.org","@graph":[{"@type":"WebPage","@id":"https:\/\/www.sgb-fss.ch\/de\/angebote\/workshops-und-webinare\/","url":"https:\/\/www.sgb-fss.ch\/de\/angebote\/workshops-und-webinare\/","name":"Workshops und Webinare - SGB-FSS","isPartOf":{"@id":"https:\/\/www.sgb-fss.ch\/de\/#website"},"primaryImageOfPage":{"@id":"https:\/\/www.sgb-fss.ch\/de\/angebote\/workshops-und-webinare\/#primaryimage"},"image":{"@id":"https:\/\/www.sgb-fss.ch\/de\/angebote\/workshops-und-webinare\/#primaryimage"},"thumbnailUrl":"https:\/\/www.sgb-fss.ch\/content\/uploads\/workshop_2.jpg","datePublished":"2023-08-08T11:53:35+00:00","dateModified":"2025-07-29T07:31:03+00:00","breadcrumb":{"@id":"https:\/\/www.sgb-fss.ch\/de\/angebote\/workshops-und-webinare\/#breadcrumb"},"inLanguage":"de","potentialAction":[{"@type":"ReadAction","target":["https:\/\/www.sgb-fss.ch\/de\/angebote\/workshops-und-webinare\/"]}]},{"@type":"ImageObject","inLanguage":"de","@id":"https:\/\/www.sgb-fss.ch\/de\/angebote\/workshops-und-webinare\/#primaryimage","url":"https:\/\/www.sgb-fss.ch\/content\/uploads\/workshop_2.jpg","contentUrl":"https:\/\/www.sgb-fss.ch\/content\/uploads\/workshop_2.jpg","width":337,"height":242},{"@type":"BreadcrumbList","@id":"https:\/\/www.sgb-fss.ch\/de\/angebote\/workshops-und-webinare\/#breadcrumb","itemListElement":[{"@type":"ListItem","position":1,"name":"Home","item":"https:\/\/www.sgb-fss.ch\/de\/"},{"@type":"ListItem","position":2,"name":"Angebote","item":"https:\/\/www.sgb-fss.ch\/de\/angebote\/"},{"@type":"ListItem","position":3,"name":"Workshops und Webinare"}]},{"@type":"WebSite","@id":"https:\/\/www.sgb-fss.ch\/de\/#website","url":"https:\/\/www.sgb-fss.ch\/de\/","name":"SGB-FSS","description":"","potentialAction":[{"@type":"SearchAction","target":{"@type":"EntryPoint","urlTemplate":"https:\/\/www.sgb-fss.ch\/de\/?s={search_term_string}"},"query-input":{"@type":"PropertyValueSpecification","valueRequired":true,"valueName":"search_term_string"}}],"inLanguage":"de"}]}},"_links":{"self":[{"href":"https:\/\/www.sgb-fss.ch\/de\/wp-json\/wp\/v2\/pages\/24139","targetHints":{"allow":["GET"]}}],"collection":[{"href":"https:\/\/www.sgb-fss.ch\/de\/wp-json\/wp\/v2\/pages"}],"about":[{"href":"https:\/\/www.sgb-fss.ch\/de\/wp-json\/wp\/v2\/types\/page"}],"author":[{"embeddable":true,"href":"https:\/\/www.sgb-fss.ch\/de\/wp-json\/wp\/v2\/users\/40"}],"replies":[{"embeddable":true,"href":"https:\/\/www.sgb-fss.ch\/de\/wp-json\/wp\/v2\/comments?post=24139"}],"version-history":[{"count":22,"href":"https:\/\/www.sgb-fss.ch\/de\/wp-json\/wp\/v2\/pages\/24139\/revisions"}],"predecessor-version":[{"id":36479,"href":"https:\/\/www.sgb-fss.ch\/de\/wp-json\/wp\/v2\/pages\/24139\/revisions\/36479"}],"up":[{"embeddable":true,"href":"https:\/\/www.sgb-fss.ch\/de\/wp-json\/wp\/v2\/pages\/31877"}],"wp:featuredmedia":[{"embeddable":true,"href":"https:\/\/www.sgb-fss.ch\/de\/wp-json\/wp\/v2\/media\/39727"}],"wp:attachment":[{"href":"https:\/\/www.sgb-fss.ch\/de\/wp-json\/wp\/v2\/media?parent=24139"}],"curies":[{"name":"wp","href":"https:\/\/api.w.org\/{rel}","templated":true}]}}