{"id":23182,"date":"2023-07-31T07:22:43","date_gmt":"2023-07-31T05:22:43","guid":{"rendered":"https:\/\/www.sgb-fss.ch\/?page_id=23182"},"modified":"2026-04-01T08:16:24","modified_gmt":"2026-04-01T06:16:24","slug":"partner","status":"publish","type":"page","link":"https:\/\/www.sgb-fss.ch\/de\/verband\/partner\/","title":{"rendered":"Partner"},"content":{"rendered":"\n<p class=\"is-style-lead\">Gemeinsam mit unseren Partnern setzen wir uns f\u00fcr die Anliegen der Geh\u00f6rlosengemeinschaft ein und engagieren uns in diversen Projekten gemeinsam das Ziel einer diversen und barrierefreien Gesellschaft zu erreichen.<\/p>\n\n\n\n<h2 class=\"wp-block-heading\"><strong>Partner<\/strong> Netzwerk<\/h2>\n\n\n\n<p class=\"is-style-default\">Ein dichtes Netzwerk von Partner-Organisationen unterst\u00fctzt die Arbeit des Geh\u00f6rlosenbundes. Das sind Vereine, Verb\u00e4nde, Universit\u00e4ten, Fachhochschulen und Organisationen in den Dienstleistungen. Sie sind wichtige Ansprechpartner f\u00fcr Projekte und setzen sich f\u00fcr die Anliegen der Geh\u00f6rlosengemeinschaft ein.<\/p>\n\n\n\n<h2 class=\"wp-block-heading\" id=\"regionalpartner\">Regionalpartner<\/h2>\n\n\n\n<p>Die Dienstleistungen des Schweizerischen Geh\u00f6rlosenbundes werden durch die Arbeit der engagierten Regionalpartner in den sieben schweizerischen Grossregionen noch bedeutender. Sie fungieren als wichtige Schnittstelle zwischen den lokalen Gruppen und dem Schweizerischen Geh\u00f6rlosenbund, um die strategischen Ziele des Verbandes zu unterst\u00fctzen und die Anliegen ihrer Region in die nationale Agenda einzubringen. <\/p>\n\n\n\n<div class=\"wp-block-group has-schwarz-10-background-color has-background is-layout-constrained wp-block-group-is-layout-constrained\">\n<figure class=\"wp-block-table\"><table class=\"has-fixed-layout\"><tbody><tr><td><strong>BFSUG &#8211; Beratung f\u00fcr Schwerh\u00f6rige und Geh\u00f6rlose Zentralschweiz<br><\/strong>Region Zentralschweiz<br>Horwerstrasse 81, 6005 Luzern<br>Mail: zentralschweiz@bfsug.ch<br><a href=\"https:\/\/bfsug.ch\/beratungsstellen\/region-zentralschweiz\/\">www.b<\/a><a href=\"https:\/\/bfsug.ch\/beratungsstellen\/region-zentralschweiz\/\" target=\"_blank\" rel=\"noreferrer noopener\">fsug.ch\/beratungsstellen\/region-zentralschweiz<\/a><\/td><\/tr><tr><td><a href=\"https:\/\/www.gfbasel.ch\/\" target=\"_blank\" rel=\"noreferrer noopener\"><strong>Geh\u00f6rlosen-F\u00fcrsorgeverein der Region Basel<\/strong><\/a>&nbsp;<br>Region Nordwestschweiz<br>Oberalpstrasse 117, 8054 Basel<br>Mail: info@gfbasel.ch<br><a href=\"https:\/\/www.gfbasel.ch\/\" target=\"_blank\" rel=\"noreferrer noopener\">www.gfbasel.ch<\/a><\/td><\/tr><tr><td><strong>sichtbar GEH\u00d6RLOSE Z\u00dcRICH<\/strong><br>Region Z\u00fcrich<br>Oerlikonstrasse 98, 8057 Z\u00fcrich<br>Mail: kontakt@sichtbar-gehoerlose.ch<br><a href=\"https:\/\/sichtbar-gehoerlose.ch\/\">www.sichtbar-gehoerlose<\/a><a href=\"https:\/\/sichtbar-gehoerlose.ch\/\" target=\"_blank\" rel=\"noreferrer noopener\">.ch<\/a><\/td><\/tr><tr><td><strong>IGGH Interessengemeinschaft Geh\u00f6rlose und H\u00f6rbehinderte<\/strong><br>Region Bern-Oberwallis-Deutschfreiburg<br>Belpstrasse 24, 3007 Bern<br>Mail: info@iggh.ch<br><a href=\"https:\/\/iggh.ch\/\" target=\"_blank\" rel=\"noreferrer noopener\">www.iggh.ch<\/a><\/td><\/tr><tr><td><strong>Fachstelle f\u00fcr Geh\u00f6rlose und Schwerh\u00f6rige St. Gallen<\/strong><br>Region Ostschweiz<br>Blumenbergplatz 7, 9000 St.Gallen<br>Mail: ostschweiz@bfsug.ch<br><a href=\"https:\/\/bfsug.ch\/neue-fachstelle-in-st-gallen-ostschweiz\/\" target=\"_blank\" rel=\"noreferrer noopener\">www.bfsug.ch<\/a><\/td><\/tr><tr><td><strong>ASRLS Association Suisse Romande de la Langue des Signes<\/strong><br>Region Westschweiz<br>Passage St.-Francois 12, 1003 Lausanne<br>Mail: animation@asr-ls.ch<\/td><\/tr><tr><td><strong>i.V. Federazione svizzera dei sordi<\/strong><br>Region Tessin<br>Via Besso 5, 6900 Lugano<br>Mail: info-i@sgb-fss.ch<br><a href=\"http:\/\/www.sgb-fss.ch\/it\">www.sgb-fss.ch<\/a><\/td><\/tr><\/tbody><\/table><\/figure>\n<\/div>\n\n\n\n<div class=\"wp-block-group has-schwarz-25-background-color has-background is-layout-constrained wp-block-group-is-layout-constrained\"><div class=\"block block-teaserpages\" id=\"block_52a805ec8c40cca73382bb8f11574b89\" data-block=\"Teaser Pages\">\n  <ul class=\"block-teaserpages__list\">\n            <li class=\"block-teaserpages__item\">\n        <a class=\"accent teaserpage\" href=\"https:\/\/www.sgb-fss.ch\/de\/downloads\/\">\n  <div class=\"teaserpage__thumbnail\">\n            <div class=\"image teaserpage__thumbnail-image\" >\n    <img decoding=\"async\"\n      loading=\"lazy\"\n      class=\"image__object lazyload\"\n      src=\"https:\/\/www.sgb-fss.ch\/content\/uploads\/2024\/01\/downloads-d-1440x0-c-default.jpg\"       data-sizes=\"auto\"\n      data-srcset=\"https:\/\/www.sgb-fss.ch\/content\/uploads\/2024\/01\/downloads-d-1000x0-c-default.jpg 1000w, https:\/\/www.sgb-fss.ch\/content\/uploads\/2024\/01\/downloads-d-700x0-c-default.jpg 700w, https:\/\/www.sgb-fss.ch\/content\/uploads\/2024\/01\/downloads-d-350x0-c-default.jpg 350w, \"\n      alt=\"\"\n      width=\"1890\"\n      height=\"1063\"\n            >\n  <\/div>\n      <\/div>\n  <h3 class=\"teaserpage__title\">Downloads<\/h3>\n  <p class=\"teaserpage__lead\">Hier findest du alle Daten zu dieser Seite sowie allen anderen Bereichen zum Herunterladen.<\/p>  <\/a>\n      <\/li>\n    <\/ul>\n<\/div>\n<\/div>\n","protected":false},"excerpt":{"rendered":"<p>Gemeinsam mit unseren Partnern setzen wir uns f\u00fcr die Anliegen der Geh\u00f6rlosengemeinschaft ein und [&hellip;]<\/p>\n","protected":false},"author":8,"featured_media":25354,"parent":22946,"menu_order":0,"comment_status":"closed","ping_status":"closed","template":"","meta":{"_acf_changed":false,"inline_featured_image":false,"footnotes":""},"class_list":["post-23182","page","type-page","status-publish","has-post-thumbnail","hentry"],"acf":[],"yoast_head":"<!-- This site is optimized with the Yoast SEO plugin v27.4 - https:\/\/yoast.com\/product\/yoast-seo-wordpress\/ -->\n<title>Partner - SGB-FSS<\/title>\n<meta name=\"robots\" content=\"index, follow, max-snippet:-1, max-image-preview:large, max-video-preview:-1\" \/>\n<link rel=\"canonical\" href=\"https:\/\/www.sgb-fss.ch\/de\/verband\/partner\/\" \/>\n<meta property=\"og:locale\" content=\"de_DE\" \/>\n<meta property=\"og:type\" content=\"article\" \/>\n<meta property=\"og:title\" content=\"Partner - SGB-FSS\" \/>\n<meta property=\"og:description\" content=\"Gemeinsam mit unseren Partnern setzen wir uns f\u00fcr die Anliegen der Geh\u00f6rlosengemeinschaft ein und [&hellip;]\" \/>\n<meta property=\"og:url\" content=\"https:\/\/www.sgb-fss.ch\/de\/verband\/partner\/\" \/>\n<meta property=\"og:site_name\" content=\"SGB-FSS\" \/>\n<meta property=\"article:modified_time\" content=\"2026-04-01T06:16:24+00:00\" \/>\n<meta property=\"og:image\" content=\"https:\/\/www.sgb-fss.ch\/content\/uploads\/2023\/09\/shutterstock_1498583432-scaled.jpg\" \/>\n\t<meta property=\"og:image:width\" content=\"2560\" \/>\n\t<meta property=\"og:image:height\" content=\"1434\" \/>\n\t<meta property=\"og:image:type\" content=\"image\/jpeg\" \/>\n<meta name=\"twitter:card\" content=\"summary_large_image\" \/>\n<meta name=\"twitter:label1\" content=\"Gesch\u00e4tzte Lesezeit\" \/>\n\t<meta name=\"twitter:data1\" content=\"2\u00a0Minuten\" \/>\n<script type=\"application\/ld+json\" class=\"yoast-schema-graph\">{\"@context\":\"https:\\\/\\\/schema.org\",\"@graph\":[{\"@type\":\"WebPage\",\"@id\":\"https:\\\/\\\/www.sgb-fss.ch\\\/de\\\/verband\\\/partner\\\/\",\"url\":\"https:\\\/\\\/www.sgb-fss.ch\\\/de\\\/verband\\\/partner\\\/\",\"name\":\"Partner - SGB-FSS\",\"isPartOf\":{\"@id\":\"https:\\\/\\\/www.sgb-fss.ch\\\/de\\\/#website\"},\"primaryImageOfPage\":{\"@id\":\"https:\\\/\\\/www.sgb-fss.ch\\\/de\\\/verband\\\/partner\\\/#primaryimage\"},\"image\":{\"@id\":\"https:\\\/\\\/www.sgb-fss.ch\\\/de\\\/verband\\\/partner\\\/#primaryimage\"},\"thumbnailUrl\":\"https:\\\/\\\/www.sgb-fss.ch\\\/content\\\/uploads\\\/2023\\\/09\\\/shutterstock_1498583432-scaled.jpg\",\"datePublished\":\"2023-07-31T05:22:43+00:00\",\"dateModified\":\"2026-04-01T06:16:24+00:00\",\"breadcrumb\":{\"@id\":\"https:\\\/\\\/www.sgb-fss.ch\\\/de\\\/verband\\\/partner\\\/#breadcrumb\"},\"inLanguage\":\"de\",\"potentialAction\":[{\"@type\":\"ReadAction\",\"target\":[\"https:\\\/\\\/www.sgb-fss.ch\\\/de\\\/verband\\\/partner\\\/\"]}]},{\"@type\":\"ImageObject\",\"inLanguage\":\"de\",\"@id\":\"https:\\\/\\\/www.sgb-fss.ch\\\/de\\\/verband\\\/partner\\\/#primaryimage\",\"url\":\"https:\\\/\\\/www.sgb-fss.ch\\\/content\\\/uploads\\\/2023\\\/09\\\/shutterstock_1498583432-scaled.jpg\",\"contentUrl\":\"https:\\\/\\\/www.sgb-fss.ch\\\/content\\\/uploads\\\/2023\\\/09\\\/shutterstock_1498583432-scaled.jpg\",\"width\":2560,\"height\":1434},{\"@type\":\"BreadcrumbList\",\"@id\":\"https:\\\/\\\/www.sgb-fss.ch\\\/de\\\/verband\\\/partner\\\/#breadcrumb\",\"itemListElement\":[{\"@type\":\"ListItem\",\"position\":1,\"name\":\"Home\",\"item\":\"https:\\\/\\\/www.sgb-fss.ch\\\/de\\\/\"},{\"@type\":\"ListItem\",\"position\":2,\"name\":\"Verband\",\"item\":\"https:\\\/\\\/www.sgb-fss.ch\\\/de\\\/verband\\\/\"},{\"@type\":\"ListItem\",\"position\":3,\"name\":\"Partner\"}]},{\"@type\":\"WebSite\",\"@id\":\"https:\\\/\\\/www.sgb-fss.ch\\\/de\\\/#website\",\"url\":\"https:\\\/\\\/www.sgb-fss.ch\\\/de\\\/\",\"name\":\"SGB-FSS\",\"description\":\"\",\"potentialAction\":[{\"@type\":\"SearchAction\",\"target\":{\"@type\":\"EntryPoint\",\"urlTemplate\":\"https:\\\/\\\/www.sgb-fss.ch\\\/de\\\/?s={search_term_string}\"},\"query-input\":{\"@type\":\"PropertyValueSpecification\",\"valueRequired\":true,\"valueName\":\"search_term_string\"}}],\"inLanguage\":\"de\"}]}<\/script>\n<!-- \/ Yoast SEO plugin. -->","yoast_head_json":{"title":"Partner - SGB-FSS","robots":{"index":"index","follow":"follow","max-snippet":"max-snippet:-1","max-image-preview":"max-image-preview:large","max-video-preview":"max-video-preview:-1"},"canonical":"https:\/\/www.sgb-fss.ch\/de\/verband\/partner\/","og_locale":"de_DE","og_type":"article","og_title":"Partner - SGB-FSS","og_description":"Gemeinsam mit unseren Partnern setzen wir uns f\u00fcr die Anliegen der Geh\u00f6rlosengemeinschaft ein und [&hellip;]","og_url":"https:\/\/www.sgb-fss.ch\/de\/verband\/partner\/","og_site_name":"SGB-FSS","article_modified_time":"2026-04-01T06:16:24+00:00","og_image":[{"width":2560,"height":1434,"url":"https:\/\/www.sgb-fss.ch\/content\/uploads\/2023\/09\/shutterstock_1498583432-scaled.jpg","type":"image\/jpeg"}],"twitter_card":"summary_large_image","twitter_misc":{"Gesch\u00e4tzte Lesezeit":"2\u00a0Minuten"},"schema":{"@context":"https:\/\/schema.org","@graph":[{"@type":"WebPage","@id":"https:\/\/www.sgb-fss.ch\/de\/verband\/partner\/","url":"https:\/\/www.sgb-fss.ch\/de\/verband\/partner\/","name":"Partner - SGB-FSS","isPartOf":{"@id":"https:\/\/www.sgb-fss.ch\/de\/#website"},"primaryImageOfPage":{"@id":"https:\/\/www.sgb-fss.ch\/de\/verband\/partner\/#primaryimage"},"image":{"@id":"https:\/\/www.sgb-fss.ch\/de\/verband\/partner\/#primaryimage"},"thumbnailUrl":"https:\/\/www.sgb-fss.ch\/content\/uploads\/2023\/09\/shutterstock_1498583432-scaled.jpg","datePublished":"2023-07-31T05:22:43+00:00","dateModified":"2026-04-01T06:16:24+00:00","breadcrumb":{"@id":"https:\/\/www.sgb-fss.ch\/de\/verband\/partner\/#breadcrumb"},"inLanguage":"de","potentialAction":[{"@type":"ReadAction","target":["https:\/\/www.sgb-fss.ch\/de\/verband\/partner\/"]}]},{"@type":"ImageObject","inLanguage":"de","@id":"https:\/\/www.sgb-fss.ch\/de\/verband\/partner\/#primaryimage","url":"https:\/\/www.sgb-fss.ch\/content\/uploads\/2023\/09\/shutterstock_1498583432-scaled.jpg","contentUrl":"https:\/\/www.sgb-fss.ch\/content\/uploads\/2023\/09\/shutterstock_1498583432-scaled.jpg","width":2560,"height":1434},{"@type":"BreadcrumbList","@id":"https:\/\/www.sgb-fss.ch\/de\/verband\/partner\/#breadcrumb","itemListElement":[{"@type":"ListItem","position":1,"name":"Home","item":"https:\/\/www.sgb-fss.ch\/de\/"},{"@type":"ListItem","position":2,"name":"Verband","item":"https:\/\/www.sgb-fss.ch\/de\/verband\/"},{"@type":"ListItem","position":3,"name":"Partner"}]},{"@type":"WebSite","@id":"https:\/\/www.sgb-fss.ch\/de\/#website","url":"https:\/\/www.sgb-fss.ch\/de\/","name":"SGB-FSS","description":"","potentialAction":[{"@type":"SearchAction","target":{"@type":"EntryPoint","urlTemplate":"https:\/\/www.sgb-fss.ch\/de\/?s={search_term_string}"},"query-input":{"@type":"PropertyValueSpecification","valueRequired":true,"valueName":"search_term_string"}}],"inLanguage":"de"}]}},"_links":{"self":[{"href":"https:\/\/www.sgb-fss.ch\/de\/wp-json\/wp\/v2\/pages\/23182","targetHints":{"allow":["GET"]}}],"collection":[{"href":"https:\/\/www.sgb-fss.ch\/de\/wp-json\/wp\/v2\/pages"}],"about":[{"href":"https:\/\/www.sgb-fss.ch\/de\/wp-json\/wp\/v2\/types\/page"}],"author":[{"embeddable":true,"href":"https:\/\/www.sgb-fss.ch\/de\/wp-json\/wp\/v2\/users\/8"}],"replies":[{"embeddable":true,"href":"https:\/\/www.sgb-fss.ch\/de\/wp-json\/wp\/v2\/comments?post=23182"}],"version-history":[{"count":36,"href":"https:\/\/www.sgb-fss.ch\/de\/wp-json\/wp\/v2\/pages\/23182\/revisions"}],"predecessor-version":[{"id":44571,"href":"https:\/\/www.sgb-fss.ch\/de\/wp-json\/wp\/v2\/pages\/23182\/revisions\/44571"}],"up":[{"embeddable":true,"href":"https:\/\/www.sgb-fss.ch\/de\/wp-json\/wp\/v2\/pages\/22946"}],"wp:featuredmedia":[{"embeddable":true,"href":"https:\/\/www.sgb-fss.ch\/de\/wp-json\/wp\/v2\/media\/25354"}],"wp:attachment":[{"href":"https:\/\/www.sgb-fss.ch\/de\/wp-json\/wp\/v2\/media?parent=23182"}],"curies":[{"name":"wp","href":"https:\/\/api.w.org\/{rel}","templated":true}]}}