{"id":23179,"date":"2023-07-31T07:20:28","date_gmt":"2023-07-31T05:20:28","guid":{"rendered":"https:\/\/www.sgb-fss.ch\/?page_id=23179"},"modified":"2025-12-22T11:17:07","modified_gmt":"2025-12-22T10:17:07","slug":"vorstand","status":"publish","type":"page","link":"https:\/\/www.sgb-fss.ch\/de\/verband\/vorstand\/","title":{"rendered":"Vorstand"},"content":{"rendered":"\n<p class=\"is-style-lead\">Die Mitglieder des Vorstandes engagieren sich ehrenamtlich f\u00fcr die Rechte und Chancen von Menschen mit einer H\u00f6rbehinderung.&nbsp;<\/p>\n\n\n\n<p><strong>Verantwortlichkeiten und Funktion<\/strong><br>Der Vorstand ist f\u00fcr die Planung und F\u00fchrung der Organisation auf der strategischen Ebene verantwortlich. Er repr\u00e4sentiert den Schweizerischen Geh\u00f6rlosenbund und die Interessen der Mitglieder. Die Delegiertenversammlung ist das oberste Organ des Schweizerischen Geh\u00f6rlosenbundes und wird vom Vorstand einberufen.&nbsp;&nbsp;<\/p>\n\n\n\n<p>Die Vorstandsmitglieder werden von der Delegiertenversammlung f\u00fcr eine Amtszeit von vier Jahren gew\u00e4hlt. Die Bestimmungen zum Vorstand sind in den <a href=\"https:\/\/www.sgb-fss.ch\/content\/uploads\/2021\/04\/statutenrevision-d-v10-04.11.20_def.pdf\" target=\"_blank\" rel=\"noreferrer noopener\">Statuten<\/a> festgehalten.&nbsp;<\/p>\n\n\n<div class=\"block block-teaserteam block-teaserteam--vertical\" id=\"block_a950a10a6fd2e01424814e08b571c5cb\" data-block=\"Teaser Mitarbeiter\">\n    <ul class=\"block-teaserteam__list\">\n                <li class=\"block-teaserteam__item\">\n          <a class=\"accent__blue block-teaserteam__link\" href=\"https:\/\/www.sgb-fss.ch\/de\/team\/marinus-spiller\/\">\n            <div class=\"block-teaserteam__media\">\n              <div class=\"block-teaserteam__thumbnail accent__blue has-background-accent\">\n                                    <div class=\"image block-teaserteam__thumbnail-image\" >\n    <img decoding=\"async\"\n      loading=\"lazy\"\n      class=\"image__object lazyload\"\n      src=\"https:\/\/www.sgb-fss.ch\/content\/uploads\/2023\/09\/marinus-spiller-1440x0-c-default.jpg\"       data-sizes=\"auto\"\n      data-srcset=\"https:\/\/www.sgb-fss.ch\/content\/uploads\/2023\/09\/marinus-spiller-400x0-c-default.jpg 400w, https:\/\/www.sgb-fss.ch\/content\/uploads\/2023\/09\/marinus-spiller-200x0-c-default.jpg 200w, https:\/\/www.sgb-fss.ch\/content\/uploads\/2023\/09\/marinus-spiller-100x0-c-default.jpg 100w, \"\n      alt=\"\"\n      width=\"567\"\n      height=\"567\"\n            >\n  <\/div>\n                \n                                  \n<div class=\"video\" data-init=\"video\" data-video-hover-play>\n  <video data-video=\"object\" class=\"video__object\" poster=\"https:\/\/www.sgb-fss.ch\/content\/uploads\/2023\/09\/marinus-spiller.jpg\" src=\"https:\/\/www.sgb-fss.ch\/content\/uploads\/2023\/09\/marinus-spiller.mp4\" muted loop preload=\"none\" playsinline>\n        <\/video>\n\n<\/div>\n<div class=\"gs_videos_titel\">\n    <\/div>\n\n                              <\/div>\n            <\/div>\n            <div class=\"block-teaserteam__text\">\n              <h3 class=\"block-teaserteam__title\">Marinus Spiller<\/h3>\n              <p class=\"block-teaserteam__lead\">Pr\u00e4sident<\/p>            <\/div>\n          <\/a>\n      <\/li>\n                    <li class=\"block-teaserteam__item\">\n          <a class=\"accent__blue block-teaserteam__link\" href=\"https:\/\/www.sgb-fss.ch\/de\/team\/vincent-guyon\/\">\n            <div class=\"block-teaserteam__media\">\n              <div class=\"block-teaserteam__thumbnail accent__red has-background-accent\">\n                                    <div class=\"image block-teaserteam__thumbnail-image\" >\n    <img decoding=\"async\"\n      loading=\"lazy\"\n      class=\"image__object lazyload\"\n      src=\"https:\/\/www.sgb-fss.ch\/content\/uploads\/2023\/09\/vincent-guyon-1440x0-c-default.jpg\"       data-sizes=\"auto\"\n      data-srcset=\"https:\/\/www.sgb-fss.ch\/content\/uploads\/2023\/09\/vincent-guyon-400x0-c-default.jpg 400w, https:\/\/www.sgb-fss.ch\/content\/uploads\/2023\/09\/vincent-guyon-200x0-c-default.jpg 200w, https:\/\/www.sgb-fss.ch\/content\/uploads\/2023\/09\/vincent-guyon-100x0-c-default.jpg 100w, \"\n      alt=\"\"\n      width=\"567\"\n      height=\"567\"\n            >\n  <\/div>\n                \n                                  \n<div class=\"video\" data-init=\"video\" data-video-hover-play>\n  <video data-video=\"object\" class=\"video__object\" poster=\"https:\/\/www.sgb-fss.ch\/content\/uploads\/2023\/09\/vincent-guyon.jpg\" src=\"https:\/\/www.sgb-fss.ch\/content\/uploads\/2023\/09\/vincent-guyon.mp4\" muted loop preload=\"none\" playsinline>\n        <\/video>\n\n<\/div>\n<div class=\"gs_videos_titel\">\n    <\/div>\n\n                              <\/div>\n            <\/div>\n            <div class=\"block-teaserteam__text\">\n              <h3 class=\"block-teaserteam__title\">Vincent Guyon<\/h3>\n              <p class=\"block-teaserteam__lead\">Vizepr\u00e4sident<\/p>            <\/div>\n          <\/a>\n      <\/li>\n                    <li class=\"block-teaserteam__item\">\n          <a class=\"accent__blue block-teaserteam__link\" href=\"https:\/\/www.sgb-fss.ch\/de\/team\/marzia-brunner\/\">\n            <div class=\"block-teaserteam__media\">\n              <div class=\"block-teaserteam__thumbnail accent__darkred has-background-accent\">\n                                    <div class=\"image block-teaserteam__thumbnail-image\" >\n    <img decoding=\"async\"\n      loading=\"lazy\"\n      class=\"image__object lazyload\"\n      src=\"https:\/\/www.sgb-fss.ch\/content\/uploads\/2023\/09\/marzia-brunner-1440x0-c-default.jpg\"       data-sizes=\"auto\"\n      data-srcset=\"https:\/\/www.sgb-fss.ch\/content\/uploads\/2023\/09\/marzia-brunner-400x0-c-default.jpg 400w, https:\/\/www.sgb-fss.ch\/content\/uploads\/2023\/09\/marzia-brunner-200x0-c-default.jpg 200w, https:\/\/www.sgb-fss.ch\/content\/uploads\/2023\/09\/marzia-brunner-100x0-c-default.jpg 100w, \"\n      alt=\"\"\n      width=\"567\"\n      height=\"567\"\n            >\n  <\/div>\n                \n                                  \n<div class=\"video\" data-init=\"video\" data-video-hover-play>\n  <video data-video=\"object\" class=\"video__object\" poster=\"https:\/\/www.sgb-fss.ch\/content\/uploads\/2023\/09\/marzia-brunner.jpg\" src=\"https:\/\/www.sgb-fss.ch\/content\/uploads\/2023\/09\/mariza-brunner.m4v\" muted loop preload=\"none\" playsinline>\n        <\/video>\n\n<\/div>\n<div class=\"gs_videos_titel\">\n    <\/div>\n\n                              <\/div>\n            <\/div>\n            <div class=\"block-teaserteam__text\">\n              <h3 class=\"block-teaserteam__title\">Marzia Brunner<\/h3>\n              <p class=\"block-teaserteam__lead\">Vorstandsmitglied<\/p>            <\/div>\n          <\/a>\n      <\/li>\n                    <li class=\"block-teaserteam__item\">\n          <a class=\"accent__blue block-teaserteam__link\" href=\"https:\/\/www.sgb-fss.ch\/de\/team\/brigitte-schoekle\/\">\n            <div class=\"block-teaserteam__media\">\n              <div class=\"block-teaserteam__thumbnail accent__violet has-background-accent\">\n                                    <div class=\"image block-teaserteam__thumbnail-image\" >\n    <img decoding=\"async\"\n      loading=\"lazy\"\n      class=\"image__object lazyload\"\n      src=\"https:\/\/www.sgb-fss.ch\/content\/uploads\/2023\/09\/brigitte-schokle-1440x0-c-default.jpg\"       data-sizes=\"auto\"\n      data-srcset=\"https:\/\/www.sgb-fss.ch\/content\/uploads\/2023\/09\/brigitte-schokle-400x0-c-default.jpg 400w, https:\/\/www.sgb-fss.ch\/content\/uploads\/2023\/09\/brigitte-schokle-200x0-c-default.jpg 200w, https:\/\/www.sgb-fss.ch\/content\/uploads\/2023\/09\/brigitte-schokle-100x0-c-default.jpg 100w, \"\n      alt=\"\"\n      width=\"567\"\n      height=\"567\"\n            >\n  <\/div>\n                \n                                  \n<div class=\"video\" data-init=\"video\" data-video-hover-play>\n  <video data-video=\"object\" class=\"video__object\" poster=\"https:\/\/www.sgb-fss.ch\/content\/uploads\/2023\/09\/brigitte-schokle.jpg\" src=\"https:\/\/www.sgb-fss.ch\/content\/uploads\/2023\/09\/brigitte-schokle.mp4\" muted loop preload=\"none\" playsinline>\n        <\/video>\n\n<\/div>\n<div class=\"gs_videos_titel\">\n    <\/div>\n\n                              <\/div>\n            <\/div>\n            <div class=\"block-teaserteam__text\">\n              <h3 class=\"block-teaserteam__title\">Brigitte Sch\u00f6kle<\/h3>\n              <p class=\"block-teaserteam__lead\">Vorstandsmitglied<\/p>            <\/div>\n          <\/a>\n      <\/li>\n                    <li class=\"block-teaserteam__item\">\n          <a class=\"accent__blue block-teaserteam__link\" href=\"https:\/\/www.sgb-fss.ch\/de\/team\/selina-madlaina-lusser-lutz\/\">\n            <div class=\"block-teaserteam__media\">\n              <div class=\"block-teaserteam__thumbnail accent__blue has-background-accent\">\n                                    <div class=\"image block-teaserteam__thumbnail-image\" >\n    <img decoding=\"async\"\n      loading=\"lazy\"\n      class=\"image__object lazyload\"\n      src=\"https:\/\/www.sgb-fss.ch\/content\/uploads\/selinalutz-1-1440x0-c-default.jpeg\"       data-sizes=\"auto\"\n      data-srcset=\"https:\/\/www.sgb-fss.ch\/content\/uploads\/selinalutz-1-400x0-c-default.jpeg 400w, https:\/\/www.sgb-fss.ch\/content\/uploads\/selinalutz-1-200x0-c-default.jpeg 200w, https:\/\/www.sgb-fss.ch\/content\/uploads\/selinalutz-1-100x0-c-default.jpeg 100w, \"\n      alt=\"\"\n      width=\"2216\"\n      height=\"2222\"\n            >\n  <\/div>\n                \n                                  \n<div class=\"video\" data-init=\"video\" data-video-hover-play>\n  <video data-video=\"object\" class=\"video__object\" poster=\"https:\/\/www.sgb-fss.ch\/content\/uploads\/selinalutz-1.jpeg\" src=\"https:\/\/www.sgb-fss.ch\/content\/uploads\/video-selina_dsgs_v2.mp4\" muted loop preload=\"none\" playsinline>\n        <\/video>\n\n<\/div>\n<div class=\"gs_videos_titel\">\n    <\/div>\n\n                              <\/div>\n            <\/div>\n            <div class=\"block-teaserteam__text\">\n              <h3 class=\"block-teaserteam__title\">Selina Madlaina Lusser-Lutz<\/h3>\n              <p class=\"block-teaserteam__lead\">Vorstandsmitglied<\/p>            <\/div>\n          <\/a>\n      <\/li>\n        <\/ul>\n<\/div>\n","protected":false},"excerpt":{"rendered":"<p>Die Mitglieder des Vorstandes engagieren sich ehrenamtlich f\u00fcr die Rechte und Chancen von Menschen [&hellip;]<\/p>\n","protected":false},"author":8,"featured_media":42671,"parent":22946,"menu_order":0,"comment_status":"closed","ping_status":"closed","template":"","meta":{"_acf_changed":false,"inline_featured_image":false,"footnotes":""},"class_list":["post-23179","page","type-page","status-publish","has-post-thumbnail","hentry"],"acf":[],"yoast_head":"<!-- This site is optimized with the Yoast SEO plugin v27.4 - https:\/\/yoast.com\/product\/yoast-seo-wordpress\/ -->\n<title>Vorstand - SGB-FSS<\/title>\n<meta name=\"description\" content=\"Die Mitglieder des Vorstandes engagieren sich ehrenamtlich f\u00fcr die Rechte und Chancen von Menschen mit einer H\u00f6rbehinderung.\" \/>\n<meta name=\"robots\" content=\"index, follow, max-snippet:-1, max-image-preview:large, max-video-preview:-1\" \/>\n<link rel=\"canonical\" href=\"https:\/\/www.sgb-fss.ch\/de\/verband\/vorstand\/\" \/>\n<meta property=\"og:locale\" content=\"de_DE\" \/>\n<meta property=\"og:type\" content=\"article\" \/>\n<meta property=\"og:title\" content=\"Vorstand - SGB-FSS\" \/>\n<meta property=\"og:description\" content=\"Die Mitglieder des Vorstandes engagieren sich ehrenamtlich f\u00fcr die Rechte und Chancen von Menschen mit einer H\u00f6rbehinderung.\" \/>\n<meta property=\"og:url\" content=\"https:\/\/www.sgb-fss.ch\/de\/verband\/vorstand\/\" \/>\n<meta property=\"og:site_name\" content=\"SGB-FSS\" \/>\n<meta property=\"article:modified_time\" content=\"2025-12-22T10:17:07+00:00\" \/>\n<meta property=\"og:image\" content=\"https:\/\/www.sgb-fss.ch\/content\/uploads\/vorstand_bild_webseite-scaled.jpg\" \/>\n\t<meta property=\"og:image:width\" content=\"2560\" \/>\n\t<meta property=\"og:image:height\" content=\"1440\" \/>\n\t<meta property=\"og:image:type\" content=\"image\/jpeg\" \/>\n<meta name=\"twitter:card\" content=\"summary_large_image\" \/>\n<meta name=\"twitter:label1\" content=\"Gesch\u00e4tzte Lesezeit\" \/>\n\t<meta name=\"twitter:data1\" content=\"1\u00a0Minute\" \/>\n<script type=\"application\/ld+json\" class=\"yoast-schema-graph\">{\"@context\":\"https:\\\/\\\/schema.org\",\"@graph\":[{\"@type\":\"WebPage\",\"@id\":\"https:\\\/\\\/www.sgb-fss.ch\\\/de\\\/verband\\\/vorstand\\\/\",\"url\":\"https:\\\/\\\/www.sgb-fss.ch\\\/de\\\/verband\\\/vorstand\\\/\",\"name\":\"Vorstand - SGB-FSS\",\"isPartOf\":{\"@id\":\"https:\\\/\\\/www.sgb-fss.ch\\\/de\\\/#website\"},\"primaryImageOfPage\":{\"@id\":\"https:\\\/\\\/www.sgb-fss.ch\\\/de\\\/verband\\\/vorstand\\\/#primaryimage\"},\"image\":{\"@id\":\"https:\\\/\\\/www.sgb-fss.ch\\\/de\\\/verband\\\/vorstand\\\/#primaryimage\"},\"thumbnailUrl\":\"https:\\\/\\\/www.sgb-fss.ch\\\/content\\\/uploads\\\/vorstand_bild_webseite-scaled.jpg\",\"datePublished\":\"2023-07-31T05:20:28+00:00\",\"dateModified\":\"2025-12-22T10:17:07+00:00\",\"description\":\"Die Mitglieder des Vorstandes engagieren sich ehrenamtlich f\u00fcr die Rechte und Chancen von Menschen mit einer H\u00f6rbehinderung.\",\"breadcrumb\":{\"@id\":\"https:\\\/\\\/www.sgb-fss.ch\\\/de\\\/verband\\\/vorstand\\\/#breadcrumb\"},\"inLanguage\":\"de\",\"potentialAction\":[{\"@type\":\"ReadAction\",\"target\":[\"https:\\\/\\\/www.sgb-fss.ch\\\/de\\\/verband\\\/vorstand\\\/\"]}]},{\"@type\":\"ImageObject\",\"inLanguage\":\"de\",\"@id\":\"https:\\\/\\\/www.sgb-fss.ch\\\/de\\\/verband\\\/vorstand\\\/#primaryimage\",\"url\":\"https:\\\/\\\/www.sgb-fss.ch\\\/content\\\/uploads\\\/vorstand_bild_webseite-scaled.jpg\",\"contentUrl\":\"https:\\\/\\\/www.sgb-fss.ch\\\/content\\\/uploads\\\/vorstand_bild_webseite-scaled.jpg\",\"width\":2560,\"height\":1440},{\"@type\":\"BreadcrumbList\",\"@id\":\"https:\\\/\\\/www.sgb-fss.ch\\\/de\\\/verband\\\/vorstand\\\/#breadcrumb\",\"itemListElement\":[{\"@type\":\"ListItem\",\"position\":1,\"name\":\"Home\",\"item\":\"https:\\\/\\\/www.sgb-fss.ch\\\/de\\\/\"},{\"@type\":\"ListItem\",\"position\":2,\"name\":\"Verband\",\"item\":\"https:\\\/\\\/www.sgb-fss.ch\\\/de\\\/verband\\\/\"},{\"@type\":\"ListItem\",\"position\":3,\"name\":\"Vorstand\"}]},{\"@type\":\"WebSite\",\"@id\":\"https:\\\/\\\/www.sgb-fss.ch\\\/de\\\/#website\",\"url\":\"https:\\\/\\\/www.sgb-fss.ch\\\/de\\\/\",\"name\":\"SGB-FSS\",\"description\":\"\",\"potentialAction\":[{\"@type\":\"SearchAction\",\"target\":{\"@type\":\"EntryPoint\",\"urlTemplate\":\"https:\\\/\\\/www.sgb-fss.ch\\\/de\\\/?s={search_term_string}\"},\"query-input\":{\"@type\":\"PropertyValueSpecification\",\"valueRequired\":true,\"valueName\":\"search_term_string\"}}],\"inLanguage\":\"de\"}]}<\/script>\n<!-- \/ Yoast SEO plugin. -->","yoast_head_json":{"title":"Vorstand - SGB-FSS","description":"Die Mitglieder des Vorstandes engagieren sich ehrenamtlich f\u00fcr die Rechte und Chancen von Menschen mit einer H\u00f6rbehinderung.","robots":{"index":"index","follow":"follow","max-snippet":"max-snippet:-1","max-image-preview":"max-image-preview:large","max-video-preview":"max-video-preview:-1"},"canonical":"https:\/\/www.sgb-fss.ch\/de\/verband\/vorstand\/","og_locale":"de_DE","og_type":"article","og_title":"Vorstand - SGB-FSS","og_description":"Die Mitglieder des Vorstandes engagieren sich ehrenamtlich f\u00fcr die Rechte und Chancen von Menschen mit einer H\u00f6rbehinderung.","og_url":"https:\/\/www.sgb-fss.ch\/de\/verband\/vorstand\/","og_site_name":"SGB-FSS","article_modified_time":"2025-12-22T10:17:07+00:00","og_image":[{"width":2560,"height":1440,"url":"https:\/\/www.sgb-fss.ch\/content\/uploads\/vorstand_bild_webseite-scaled.jpg","type":"image\/jpeg"}],"twitter_card":"summary_large_image","twitter_misc":{"Gesch\u00e4tzte Lesezeit":"1\u00a0Minute"},"schema":{"@context":"https:\/\/schema.org","@graph":[{"@type":"WebPage","@id":"https:\/\/www.sgb-fss.ch\/de\/verband\/vorstand\/","url":"https:\/\/www.sgb-fss.ch\/de\/verband\/vorstand\/","name":"Vorstand - SGB-FSS","isPartOf":{"@id":"https:\/\/www.sgb-fss.ch\/de\/#website"},"primaryImageOfPage":{"@id":"https:\/\/www.sgb-fss.ch\/de\/verband\/vorstand\/#primaryimage"},"image":{"@id":"https:\/\/www.sgb-fss.ch\/de\/verband\/vorstand\/#primaryimage"},"thumbnailUrl":"https:\/\/www.sgb-fss.ch\/content\/uploads\/vorstand_bild_webseite-scaled.jpg","datePublished":"2023-07-31T05:20:28+00:00","dateModified":"2025-12-22T10:17:07+00:00","description":"Die Mitglieder des Vorstandes engagieren sich ehrenamtlich f\u00fcr die Rechte und Chancen von Menschen mit einer H\u00f6rbehinderung.","breadcrumb":{"@id":"https:\/\/www.sgb-fss.ch\/de\/verband\/vorstand\/#breadcrumb"},"inLanguage":"de","potentialAction":[{"@type":"ReadAction","target":["https:\/\/www.sgb-fss.ch\/de\/verband\/vorstand\/"]}]},{"@type":"ImageObject","inLanguage":"de","@id":"https:\/\/www.sgb-fss.ch\/de\/verband\/vorstand\/#primaryimage","url":"https:\/\/www.sgb-fss.ch\/content\/uploads\/vorstand_bild_webseite-scaled.jpg","contentUrl":"https:\/\/www.sgb-fss.ch\/content\/uploads\/vorstand_bild_webseite-scaled.jpg","width":2560,"height":1440},{"@type":"BreadcrumbList","@id":"https:\/\/www.sgb-fss.ch\/de\/verband\/vorstand\/#breadcrumb","itemListElement":[{"@type":"ListItem","position":1,"name":"Home","item":"https:\/\/www.sgb-fss.ch\/de\/"},{"@type":"ListItem","position":2,"name":"Verband","item":"https:\/\/www.sgb-fss.ch\/de\/verband\/"},{"@type":"ListItem","position":3,"name":"Vorstand"}]},{"@type":"WebSite","@id":"https:\/\/www.sgb-fss.ch\/de\/#website","url":"https:\/\/www.sgb-fss.ch\/de\/","name":"SGB-FSS","description":"","potentialAction":[{"@type":"SearchAction","target":{"@type":"EntryPoint","urlTemplate":"https:\/\/www.sgb-fss.ch\/de\/?s={search_term_string}"},"query-input":{"@type":"PropertyValueSpecification","valueRequired":true,"valueName":"search_term_string"}}],"inLanguage":"de"}]}},"_links":{"self":[{"href":"https:\/\/www.sgb-fss.ch\/de\/wp-json\/wp\/v2\/pages\/23179","targetHints":{"allow":["GET"]}}],"collection":[{"href":"https:\/\/www.sgb-fss.ch\/de\/wp-json\/wp\/v2\/pages"}],"about":[{"href":"https:\/\/www.sgb-fss.ch\/de\/wp-json\/wp\/v2\/types\/page"}],"author":[{"embeddable":true,"href":"https:\/\/www.sgb-fss.ch\/de\/wp-json\/wp\/v2\/users\/8"}],"replies":[{"embeddable":true,"href":"https:\/\/www.sgb-fss.ch\/de\/wp-json\/wp\/v2\/comments?post=23179"}],"version-history":[{"count":32,"href":"https:\/\/www.sgb-fss.ch\/de\/wp-json\/wp\/v2\/pages\/23179\/revisions"}],"predecessor-version":[{"id":39058,"href":"https:\/\/www.sgb-fss.ch\/de\/wp-json\/wp\/v2\/pages\/23179\/revisions\/39058"}],"up":[{"embeddable":true,"href":"https:\/\/www.sgb-fss.ch\/de\/wp-json\/wp\/v2\/pages\/22946"}],"wp:featuredmedia":[{"embeddable":true,"href":"https:\/\/www.sgb-fss.ch\/de\/wp-json\/wp\/v2\/media\/42671"}],"wp:attachment":[{"href":"https:\/\/www.sgb-fss.ch\/de\/wp-json\/wp\/v2\/media?parent=23179"}],"curies":[{"name":"wp","href":"https:\/\/api.w.org\/{rel}","templated":true}]}}