{"id":2308,"date":"2021-04-06T18:16:56","date_gmt":"2021-04-06T16:16:56","guid":{"rendered":"https:\/\/www.sgb-fss.ch\/?page_id=2308"},"modified":"2026-02-05T14:15:28","modified_gmt":"2026-02-05T13:15:28","slug":"trauerspende-ueberweisen","status":"publish","type":"page","link":"https:\/\/www.sgb-fss.ch\/de\/spenden\/trauerspende-ueberweisen\/","title":{"rendered":"Trauerspende"},"content":{"rendered":"\n<p class=\"is-style-lead\">Ihre Spende in Gedenken an einen verstorbenen Menschen ist eine besondere Geste der Trauer. Sollten Sie erw\u00e4gen den Schweizerischen Geh\u00f6rlosenbund mit eine Kollekte oder Trauerspende zu unterst\u00fctzen, finden sie hier hilfreiche Informationen ihr Vorhaben umzusetzen.<\/p>\n\n\n\n<div class=\"wp-block-columns is-layout-flex wp-container-core-columns-is-layout-9d6595d7 wp-block-columns-is-layout-flex\">\n<div class=\"wp-block-column is-layout-flow wp-block-column-is-layout-flow\" style=\"flex-basis:100%\">\n<div class=\"wp-block-group is-layout-flow wp-block-group-is-layout-flow\">\n<div class=\"wp-block-group has-schwarz-25-background-color has-background is-layout-flow wp-block-group-is-layout-flow\">\n<h3 class=\"wp-block-heading is-style-default\">Informationen f\u00fcr Angeh\u00f6rige<\/h3>\n\n\n\n<p><strong>Formulieren Sie Ihren Wunsch in der Todesanzeige<\/strong><br>Der Text k\u00f6nnte in etwa so lauten:  <br>\u00abAnstelle von Blumen bitten wir um eine Spende an den Schweizerischen Geh\u00f6rlosenbund: <strong>IBAN CH93 0900 0000 8002 6467 1 oder via QR-Code \/ \/ Vermerk: Trauerfall Vorname Name\u00bb.<\/strong><\/p>\n\n\n\n<p><strong>Die Traueradresse<br><\/strong>Damit wir Sie regelm\u00e4ssig \u00fcber den Eingang der Spenden&nbsp;informieren k\u00f6nnen, sind wir Ihnen um die Mitteilung der Traueradresse dankbar.<\/p>\n\n\n\n<p><strong>Datenschutz<\/strong><br>Falls Personen die Spenden m\u00f6chten, nicht mit ihrer Datenweitergabe einverstanden sind, k\u00f6nnen Sie Ihr Dankesschreiben an uns schicken und wir leiten es gerne an die Spendenden weiter.&nbsp;<\/p>\n<\/div>\n<\/div>\n<\/div>\n<\/div>\n\n\n\n<div class=\"wp-block-columns is-layout-flex wp-container-core-columns-is-layout-9d6595d7 wp-block-columns-is-layout-flex\">\n<div class=\"wp-block-column is-layout-flow wp-block-column-is-layout-flow\" style=\"flex-basis:100%\">\n<div class=\"wp-block-group has-sgb-fss-blue-15-background-color has-background is-layout-flow wp-block-group-is-layout-flow\">\n<h3 class=\"wp-block-heading is-style-default\">Informationen f\u00fcr Bekannte und Freunde der Trauerfamilie<\/h3>\n\n\n\n<p>Bitte verwenden Sie f\u00fcr Ihre Spende <strong>IBAN CH93 0900 0000 8002 6467 1 oder via QR-Code \/ \/ Vermerk: Trauerfall Vorname Name der verstorbenen Person.<\/strong><\/p>\n\n\n\n<p><strong>Unser Dank an die Trauerfamilie<br><\/strong>Dank diesen Informationen k\u00f6nnen wir uns bei der Trauerfamilie bedanken.<\/p>\n\n\n\n<p><strong>Datenschutz<\/strong><br>Falls Sie keine Weitergabe Ihrer Daten (Name, Spendenbetrag, Adresse) an die Trauerfamilie w\u00fcnschen, teilen Sie uns das bitte mit. Entweder als Vermerk beim Online-Banking oder mit E-Mail an <a href=\"mailto:spenden@sgb-fss.ch\" target=\"_blank\" rel=\"noreferrer noopener\">spenden@sgb-fss.ch<\/a>.<\/p>\n<\/div>\n<\/div>\n<\/div>\n\n\n\n<div class=\"wp-block-buttons is-content-justification-center is-layout-flex wp-container-core-buttons-is-layout-16018d1d wp-block-buttons-is-layout-flex\">\n<div class=\"wp-block-button is-style-fill\"><a class=\"wp-block-button__link has-pflaume-background-color has-background wp-element-button\" href=\"https:\/\/www.sgb-fss.ch\/content\/uploads\/2023\/03\/qr_rechnung_de-2.pdf\" target=\"_blank\" rel=\"noreferrer noopener\">Einzahlungsschein inkl. QR Code zum Download<\/a><\/div>\n<\/div>\n\n\n\n<div class=\"wp-block-group is-layout-flow wp-block-group-is-layout-flow\"><div class=\"block block-teasercontacts block-teasercontacts--boxed\" id=\"block_689a563ad005909b78746a05d45a6208\" data-block=\"Teaser Contacts\">\n    <div class=\"block-teasercontacts__header\"><p class=\"block-teasercontacts__title\">Haben Sie Fragen zur Trauerspende? Ich bin gerne f\u00fcr Sie da.<\/p><\/div>    <div class=\"block-teasercontacts__list\">\n                                        <div class=\"block-teasercontacts__item\">\n                <div class=\"block-teasercontacts__link\">\n                    <div class=\"block-teasercontacts__media\">\n                        <div class=\"block-teasercontacts__thumbnail accent__violet has-background-accent\">\n                                                              <div class=\"image block-teasercontacts__thumbnail-image\" >\n    <img decoding=\"async\"\n      loading=\"lazy\"\n      class=\"image__object lazyload\"\n      src=\"https:\/\/www.sgb-fss.ch\/content\/uploads\/2021\/06\/carmela-zumbach-1440x0-c-default.jpg\"       data-sizes=\"auto\"\n      data-srcset=\"https:\/\/www.sgb-fss.ch\/content\/uploads\/2021\/06\/carmela-zumbach-200x0-c-default.jpg 200w, https:\/\/www.sgb-fss.ch\/content\/uploads\/2021\/06\/carmela-zumbach-100x0-c-default.jpg 100w, \"\n      alt=\"\"\n      width=\"567\"\n      height=\"567\"\n            >\n  <\/div>\n                                                    <\/div>\n                    <\/div>\n                    <div class=\"block-teasercontacts__text\">\n                        <p class=\"block-teasercontacts__name\"><strong><a href=\"https:\/\/www.sgb-fss.ch\/de\/team\/carmela-zumbach\/\">Carmela Zumbach<\/a><\/strong><\/p>\n                        <p class=\"block-teasercontacts__lead\">Fundraising und Berufsbildung<\/p>                    <\/div>\n                    <div class=\"block-teasercontacts__contacts\">\n                                                    <p>\n                                                                <a class=\"wp-block-button is-style-transparent\" href=\"mailto:c.zumbach@sgb-fss.ch\"><span class=\"wp-block-button__link\"><i class=\"icon icon--mail\"><svg data-name=\"Ebene 1\" xmlns=\"http:\/\/www.w3.org\/2000\/svg\" viewBox=\"0 0 24 24\"><path d=\"M20.76 2.31H3.24A3.12 3.12 0 0 0 .12 5.43v13.14a3.12 3.12 0 0 0 3.12 3.12h17.52a3.12 3.12 0 0 0 3.12-3.12V5.43a3.12 3.12 0 0 0-3.12-3.12zM2.09 5a1.27 1.27 0 0 1 1.15-.78h17.52a1.24 1.24 0 0 1 1.11.74l.05.09-.09.06L12 12l-.07-.05-9.87-6.9zM22 18.57a1.26 1.26 0 0 1-1.26 1.27H3.24A1.27 1.27 0 0 1 2 18.57V7.21l9.5 6.69a.89.89 0 0 0 1 0L22 7.25z\"\/><\/svg><\/i><span class=\"wp-block-button__label\">c.zumbach@sgb-fss.ch<\/span><\/span><\/a>                                                            <\/p>\n                                            <\/div>\n                <\/div>\n            <\/div>\n                    <\/div>\n<\/div>\n<\/div>\n","protected":false},"excerpt":{"rendered":"<p>Ihre Spende in Gedenken an einen verstorbenen Menschen ist eine besondere Geste der Trauer. [&hellip;]<\/p>\n","protected":false},"author":40,"featured_media":2402,"parent":9091,"menu_order":313,"comment_status":"closed","ping_status":"closed","template":"","meta":{"_acf_changed":false,"inline_featured_image":false,"footnotes":""},"class_list":["post-2308","page","type-page","status-publish","has-post-thumbnail","hentry"],"acf":[],"yoast_head":"<!-- This site is optimized with the Yoast SEO plugin v27.4 - https:\/\/yoast.com\/product\/yoast-seo-wordpress\/ -->\n<title>Trauerspende - SGB-FSS<\/title>\n<meta name=\"description\" content=\"M\u00f6chten Sie mit einer Trauerspende geh\u00f6rlose und h\u00f6rbehinderte Personen unterst\u00fctzen? Alle Infos beim Schweizerischen Geh\u00f6rlosenbund.\" \/>\n<meta name=\"robots\" content=\"index, follow, max-snippet:-1, max-image-preview:large, max-video-preview:-1\" \/>\n<link rel=\"canonical\" href=\"https:\/\/www.sgb-fss.ch\/de\/spenden\/trauerspende-ueberweisen\/\" \/>\n<meta property=\"og:locale\" content=\"de_DE\" \/>\n<meta property=\"og:type\" content=\"article\" \/>\n<meta property=\"og:title\" content=\"Trauerspende - SGB-FSS\" \/>\n<meta property=\"og:description\" content=\"M\u00f6chten Sie mit einer Trauerspende geh\u00f6rlose und h\u00f6rbehinderte Personen unterst\u00fctzen? Alle Infos beim Schweizerischen Geh\u00f6rlosenbund.\" \/>\n<meta property=\"og:url\" content=\"https:\/\/www.sgb-fss.ch\/de\/spenden\/trauerspende-ueberweisen\/\" \/>\n<meta property=\"og:site_name\" content=\"SGB-FSS\" \/>\n<meta property=\"article:modified_time\" content=\"2026-02-05T13:15:28+00:00\" \/>\n<meta property=\"og:image\" content=\"https:\/\/www.sgb-fss.ch\/content\/uploads\/2021\/04\/trauerspende_beitragsbild.jpg\" \/>\n\t<meta property=\"og:image:width\" content=\"540\" \/>\n\t<meta property=\"og:image:height\" content=\"330\" \/>\n\t<meta property=\"og:image:type\" content=\"image\/jpeg\" \/>\n<meta name=\"twitter:card\" content=\"summary_large_image\" \/>\n<meta name=\"twitter:label1\" content=\"Gesch\u00e4tzte Lesezeit\" \/>\n\t<meta name=\"twitter:data1\" content=\"2\u00a0Minuten\" \/>\n<script type=\"application\/ld+json\" class=\"yoast-schema-graph\">{\"@context\":\"https:\\\/\\\/schema.org\",\"@graph\":[{\"@type\":\"WebPage\",\"@id\":\"https:\\\/\\\/www.sgb-fss.ch\\\/de\\\/spenden\\\/trauerspende-ueberweisen\\\/\",\"url\":\"https:\\\/\\\/www.sgb-fss.ch\\\/de\\\/spenden\\\/trauerspende-ueberweisen\\\/\",\"name\":\"Trauerspende - SGB-FSS\",\"isPartOf\":{\"@id\":\"https:\\\/\\\/www.sgb-fss.ch\\\/de\\\/#website\"},\"primaryImageOfPage\":{\"@id\":\"https:\\\/\\\/www.sgb-fss.ch\\\/de\\\/spenden\\\/trauerspende-ueberweisen\\\/#primaryimage\"},\"image\":{\"@id\":\"https:\\\/\\\/www.sgb-fss.ch\\\/de\\\/spenden\\\/trauerspende-ueberweisen\\\/#primaryimage\"},\"thumbnailUrl\":\"https:\\\/\\\/www.sgb-fss.ch\\\/content\\\/uploads\\\/2021\\\/04\\\/trauerspende_beitragsbild.jpg\",\"datePublished\":\"2021-04-06T16:16:56+00:00\",\"dateModified\":\"2026-02-05T13:15:28+00:00\",\"description\":\"M\u00f6chten Sie mit einer Trauerspende geh\u00f6rlose und h\u00f6rbehinderte Personen unterst\u00fctzen? Alle Infos beim Schweizerischen Geh\u00f6rlosenbund.\",\"breadcrumb\":{\"@id\":\"https:\\\/\\\/www.sgb-fss.ch\\\/de\\\/spenden\\\/trauerspende-ueberweisen\\\/#breadcrumb\"},\"inLanguage\":\"de\",\"potentialAction\":[{\"@type\":\"ReadAction\",\"target\":[\"https:\\\/\\\/www.sgb-fss.ch\\\/de\\\/spenden\\\/trauerspende-ueberweisen\\\/\"]}]},{\"@type\":\"ImageObject\",\"inLanguage\":\"de\",\"@id\":\"https:\\\/\\\/www.sgb-fss.ch\\\/de\\\/spenden\\\/trauerspende-ueberweisen\\\/#primaryimage\",\"url\":\"https:\\\/\\\/www.sgb-fss.ch\\\/content\\\/uploads\\\/2021\\\/04\\\/trauerspende_beitragsbild.jpg\",\"contentUrl\":\"https:\\\/\\\/www.sgb-fss.ch\\\/content\\\/uploads\\\/2021\\\/04\\\/trauerspende_beitragsbild.jpg\",\"width\":540,\"height\":330},{\"@type\":\"BreadcrumbList\",\"@id\":\"https:\\\/\\\/www.sgb-fss.ch\\\/de\\\/spenden\\\/trauerspende-ueberweisen\\\/#breadcrumb\",\"itemListElement\":[{\"@type\":\"ListItem\",\"position\":1,\"name\":\"Home\",\"item\":\"https:\\\/\\\/www.sgb-fss.ch\\\/de\\\/\"},{\"@type\":\"ListItem\",\"position\":2,\"name\":\"Spenden und Chance schenken\",\"item\":\"https:\\\/\\\/www.sgb-fss.ch\\\/de\\\/spenden\\\/\"},{\"@type\":\"ListItem\",\"position\":3,\"name\":\"Trauerspende\"}]},{\"@type\":\"WebSite\",\"@id\":\"https:\\\/\\\/www.sgb-fss.ch\\\/de\\\/#website\",\"url\":\"https:\\\/\\\/www.sgb-fss.ch\\\/de\\\/\",\"name\":\"SGB-FSS\",\"description\":\"\",\"potentialAction\":[{\"@type\":\"SearchAction\",\"target\":{\"@type\":\"EntryPoint\",\"urlTemplate\":\"https:\\\/\\\/www.sgb-fss.ch\\\/de\\\/?s={search_term_string}\"},\"query-input\":{\"@type\":\"PropertyValueSpecification\",\"valueRequired\":true,\"valueName\":\"search_term_string\"}}],\"inLanguage\":\"de\"}]}<\/script>\n<!-- \/ Yoast SEO plugin. -->","yoast_head_json":{"title":"Trauerspende - SGB-FSS","description":"M\u00f6chten Sie mit einer Trauerspende geh\u00f6rlose und h\u00f6rbehinderte Personen unterst\u00fctzen? Alle Infos beim Schweizerischen Geh\u00f6rlosenbund.","robots":{"index":"index","follow":"follow","max-snippet":"max-snippet:-1","max-image-preview":"max-image-preview:large","max-video-preview":"max-video-preview:-1"},"canonical":"https:\/\/www.sgb-fss.ch\/de\/spenden\/trauerspende-ueberweisen\/","og_locale":"de_DE","og_type":"article","og_title":"Trauerspende - SGB-FSS","og_description":"M\u00f6chten Sie mit einer Trauerspende geh\u00f6rlose und h\u00f6rbehinderte Personen unterst\u00fctzen? Alle Infos beim Schweizerischen Geh\u00f6rlosenbund.","og_url":"https:\/\/www.sgb-fss.ch\/de\/spenden\/trauerspende-ueberweisen\/","og_site_name":"SGB-FSS","article_modified_time":"2026-02-05T13:15:28+00:00","og_image":[{"width":540,"height":330,"url":"https:\/\/www.sgb-fss.ch\/content\/uploads\/2021\/04\/trauerspende_beitragsbild.jpg","type":"image\/jpeg"}],"twitter_card":"summary_large_image","twitter_misc":{"Gesch\u00e4tzte Lesezeit":"2\u00a0Minuten"},"schema":{"@context":"https:\/\/schema.org","@graph":[{"@type":"WebPage","@id":"https:\/\/www.sgb-fss.ch\/de\/spenden\/trauerspende-ueberweisen\/","url":"https:\/\/www.sgb-fss.ch\/de\/spenden\/trauerspende-ueberweisen\/","name":"Trauerspende - SGB-FSS","isPartOf":{"@id":"https:\/\/www.sgb-fss.ch\/de\/#website"},"primaryImageOfPage":{"@id":"https:\/\/www.sgb-fss.ch\/de\/spenden\/trauerspende-ueberweisen\/#primaryimage"},"image":{"@id":"https:\/\/www.sgb-fss.ch\/de\/spenden\/trauerspende-ueberweisen\/#primaryimage"},"thumbnailUrl":"https:\/\/www.sgb-fss.ch\/content\/uploads\/2021\/04\/trauerspende_beitragsbild.jpg","datePublished":"2021-04-06T16:16:56+00:00","dateModified":"2026-02-05T13:15:28+00:00","description":"M\u00f6chten Sie mit einer Trauerspende geh\u00f6rlose und h\u00f6rbehinderte Personen unterst\u00fctzen? Alle Infos beim Schweizerischen Geh\u00f6rlosenbund.","breadcrumb":{"@id":"https:\/\/www.sgb-fss.ch\/de\/spenden\/trauerspende-ueberweisen\/#breadcrumb"},"inLanguage":"de","potentialAction":[{"@type":"ReadAction","target":["https:\/\/www.sgb-fss.ch\/de\/spenden\/trauerspende-ueberweisen\/"]}]},{"@type":"ImageObject","inLanguage":"de","@id":"https:\/\/www.sgb-fss.ch\/de\/spenden\/trauerspende-ueberweisen\/#primaryimage","url":"https:\/\/www.sgb-fss.ch\/content\/uploads\/2021\/04\/trauerspende_beitragsbild.jpg","contentUrl":"https:\/\/www.sgb-fss.ch\/content\/uploads\/2021\/04\/trauerspende_beitragsbild.jpg","width":540,"height":330},{"@type":"BreadcrumbList","@id":"https:\/\/www.sgb-fss.ch\/de\/spenden\/trauerspende-ueberweisen\/#breadcrumb","itemListElement":[{"@type":"ListItem","position":1,"name":"Home","item":"https:\/\/www.sgb-fss.ch\/de\/"},{"@type":"ListItem","position":2,"name":"Spenden und Chance schenken","item":"https:\/\/www.sgb-fss.ch\/de\/spenden\/"},{"@type":"ListItem","position":3,"name":"Trauerspende"}]},{"@type":"WebSite","@id":"https:\/\/www.sgb-fss.ch\/de\/#website","url":"https:\/\/www.sgb-fss.ch\/de\/","name":"SGB-FSS","description":"","potentialAction":[{"@type":"SearchAction","target":{"@type":"EntryPoint","urlTemplate":"https:\/\/www.sgb-fss.ch\/de\/?s={search_term_string}"},"query-input":{"@type":"PropertyValueSpecification","valueRequired":true,"valueName":"search_term_string"}}],"inLanguage":"de"}]}},"_links":{"self":[{"href":"https:\/\/www.sgb-fss.ch\/de\/wp-json\/wp\/v2\/pages\/2308","targetHints":{"allow":["GET"]}}],"collection":[{"href":"https:\/\/www.sgb-fss.ch\/de\/wp-json\/wp\/v2\/pages"}],"about":[{"href":"https:\/\/www.sgb-fss.ch\/de\/wp-json\/wp\/v2\/types\/page"}],"author":[{"embeddable":true,"href":"https:\/\/www.sgb-fss.ch\/de\/wp-json\/wp\/v2\/users\/40"}],"replies":[{"embeddable":true,"href":"https:\/\/www.sgb-fss.ch\/de\/wp-json\/wp\/v2\/comments?post=2308"}],"version-history":[{"count":67,"href":"https:\/\/www.sgb-fss.ch\/de\/wp-json\/wp\/v2\/pages\/2308\/revisions"}],"predecessor-version":[{"id":43696,"href":"https:\/\/www.sgb-fss.ch\/de\/wp-json\/wp\/v2\/pages\/2308\/revisions\/43696"}],"up":[{"embeddable":true,"href":"https:\/\/www.sgb-fss.ch\/de\/wp-json\/wp\/v2\/pages\/9091"}],"wp:featuredmedia":[{"embeddable":true,"href":"https:\/\/www.sgb-fss.ch\/de\/wp-json\/wp\/v2\/media\/2402"}],"wp:attachment":[{"href":"https:\/\/www.sgb-fss.ch\/de\/wp-json\/wp\/v2\/media?parent=2308"}],"curies":[{"name":"wp","href":"https:\/\/api.w.org\/{rel}","templated":true}]}}