{"id":22958,"date":"2023-07-31T07:03:41","date_gmt":"2023-07-31T05:03:41","guid":{"rendered":"https:\/\/www.sgb-fss.ch\/?page_id=22958"},"modified":"2026-01-13T15:47:20","modified_gmt":"2026-01-13T14:47:20","slug":"unsere-vision","status":"publish","type":"page","link":"https:\/\/www.sgb-fss.ch\/de\/verband\/unsere-vision\/","title":{"rendered":"Unser Leitbild"},"content":{"rendered":"\n<p class=\"is-style-lead\">Das Leitbild zeigt, wof\u00fcr der Schweizerische Geh\u00f6rlosenbund steht und welche Ziele er verfolgt. Vision, Mission, Werte und Stossrichtungen geben Orientierung f\u00fcr unsere Arbeit und bilden die Basis unserer Strategie 2026\u20132030. Sie machen unsere Haltung sichtbar und laden dazu ein, diesen Weg gemeinsam zu gehen.<\/p>\n\n\n\n<h2 class=\"wp-block-heading\">Unsere Vision<\/h2>\n\n\n\n<div class=\"wp-block-group is-layout-constrained wp-block-group-is-layout-constrained\">\n<div class=\"wp-block-columns is-layout-flex wp-container-core-columns-is-layout-9d6595d7 wp-block-columns-is-layout-flex\">\n<div class=\"wp-block-column has-pflaume-40-background-color has-background is-layout-flow wp-block-column-is-layout-flow\">\n<p class=\"is-style-lead\">Unsere Vision ist eine inklusive Gesellschaft, in der geh\u00f6rlose und h\u00f6rbehinderte Menschen bedingungslos teilhaben k\u00f6nnen.<\/p>\n<\/div>\n<\/div>\n<\/div>\n\n\n\n<h2 class=\"wp-block-heading\">Unsere Mission<\/h2>\n\n\n\n<p>An der Verwirklichung dieser Vision arbeiten wir konsequent und nachhaltig.<\/p>\n\n\n\n<p>Wir treten mit starken Partnerschaften daf\u00fcr ein,<\/p>\n\n\n\n<ul class=\"wp-block-list\">\n<li>dass Zugangsbarrieren f\u00fcr geh\u00f6rlose und h\u00f6rbehinderte Menschen abgebaut werden,<\/li>\n\n\n\n<li>dass alle gleiche Rechte und Chancen erhalten,<\/li>\n\n\n\n<li>dass die Geb\u00e4rdensprachen uneingeschr\u00e4nkt anerkannt sowie gef\u00f6rdert werden,<\/li>\n\n\n\n<li>dass die Geh\u00f6rlosenkultur gelebt wird.<\/li>\n<\/ul>\n\n\n\n<div class=\"wp-block-group has-pflaume-10-background-color has-background is-layout-flow wp-block-group-is-layout-flow\">\n<h2 class=\"wp-block-heading\" id=\"werte\">Unsere Werte<\/h2>\n\n\n\n<p>Wir richten unser Handeln konsequent an folgenden Werten aus.<\/p>\n\n\n\n<div class=\"wp-block-group is-layout-constrained wp-block-group-is-layout-constrained\">\n<div class=\"wp-block-columns alignwide are-vertically-aligned-top column_icons is-layout-flex wp-container-core-columns-is-layout-9d6595d7 wp-block-columns-is-layout-flex\">\n<div class=\"wp-block-column is-vertically-aligned-top is-layout-flow wp-block-column-is-layout-flow\">\n<div class=\"wp-block-group is-vertical is-layout-flex wp-container-core-group-is-layout-8cf370e7 wp-block-group-is-layout-flex\">\n<figure class=\"wp-block-image size-medium is-resized\"><img loading=\"lazy\" decoding=\"async\" width=\"40\" height=\"40\" src=\"https:\/\/www.sgb-fss.ch\/content\/uploads\/2021\/05\/herausfordernd.svg\" alt=\"\" class=\"wp-image-5401\" style=\"width:50px;height:50px\"\/><\/figure>\n\n\n\n<p><strong>Herausfordernd<\/strong><br>Wir arbeiten mit Lust an der Ver\u00e4nderung: ideenreich, ambitioniert und vision\u00e4r. Wo n\u00f6tig sind wir auch k\u00e4mpferisch, f\u00fcr die Rechte geh\u00f6rloser und h\u00f6rbehinderter Menschen.<\/p>\n<\/div>\n<\/div>\n\n\n\n<div class=\"wp-block-column is-vertically-aligned-top is-layout-flow wp-block-column-is-layout-flow\">\n<div class=\"wp-block-group is-vertical is-layout-flex wp-container-core-group-is-layout-8cf370e7 wp-block-group-is-layout-flex\">\n<figure class=\"wp-block-image size-large is-resized\"><img loading=\"lazy\" decoding=\"async\" width=\"40\" height=\"40\" src=\"https:\/\/www.sgb-fss.ch\/content\/uploads\/2021\/05\/sensibilisierung-1.svg\" alt=\"\" class=\"wp-image-5404\" style=\"width:50px;height:50px\"\/><\/figure>\n\n\n\n<p><strong>Anziehend<\/strong><br>Wir sind aufgeschlossen, weltoffen und kommunikativ. Unsere Arbeit ist kompetent, dynamisch und inspirierend und wir begegnen einander mit Sympathie.<\/p>\n<\/div>\n<\/div>\n\n\n\n<div class=\"wp-block-column is-vertically-aligned-top is-layout-flow wp-block-column-is-layout-flow\">\n<div class=\"wp-block-group is-vertical is-layout-flex wp-container-core-group-is-layout-8cf370e7 wp-block-group-is-layout-flex\">\n<figure class=\"wp-block-image size-medium is-resized\"><img loading=\"lazy\" decoding=\"async\" width=\"40\" height=\"40\" src=\"https:\/\/www.sgb-fss.ch\/content\/uploads\/2021\/05\/verbindlich-1.svg\" alt=\"\" class=\"wp-image-5410\" style=\"width:50px;height:50px\"\/><\/figure>\n\n\n\n<p><strong>Verbindlich<\/strong><br>Wir sind direkt, unmissverst\u00e4ndlich und klar. So schaffen wir Vertrauen und arbeiten zielstrebig an gemeinsamen L\u00f6sungen.<\/p>\n<\/div>\n<\/div>\n\n\n\n<div class=\"wp-block-column is-vertically-aligned-top is-layout-flow wp-block-column-is-layout-flow\">\n<div class=\"wp-block-group is-vertical is-layout-flex wp-container-core-group-is-layout-8cf370e7 wp-block-group-is-layout-flex\">\n<figure class=\"wp-block-image size-medium is-resized\"><img loading=\"lazy\" decoding=\"async\" width=\"40\" height=\"40\" src=\"https:\/\/www.sgb-fss.ch\/content\/uploads\/2021\/05\/solidarisch.svg\" alt=\"\" class=\"wp-image-5407\" style=\"width:50px;height:50px\"\/><\/figure>\n\n\n\n<p><strong>Solidarisch<\/strong><br>Wir stellen das Gemeinsame in den Vordergrund und sehen Vielfalt als St\u00e4rke. Unsere Zusammenarbeit ist von gegenseitiger Wertsch\u00e4tzung gepr\u00e4gt.<\/p>\n<\/div>\n<\/div>\n<\/div>\n<\/div>\n<\/div>\n\n\n\n<h2 class=\"wp-block-heading\">Unsere Stossrichtung<\/h2>\n\n\n\n<p>Um unsere Vision zu erreichen, entwickeln wir den Verband entlang von drei strategischen Stossrichtungen weiter:<\/p>\n\n\n\n<p>\u23af <strong>Dachverband st\u00e4rken:<\/strong> Wir konzentrieren uns konsequent auf unsere Rolle als nationaler Dachverband des Geh\u00f6rlosen- und H\u00f6rbehindertenwesens. Dazu geh\u00f6ren die Zusammenarbeit mit allen relevanten Anspruchsgruppen sowie der Einsatz f\u00fcr verbesserte rechtliche Rahmenbedingungen.<\/p>\n\n\n\n<p>\u23af <strong>Projekte und Angebote gezielt steuern: <\/strong>Wir initiieren und begleiten wirkungsvolle Projekte und Dienstleistungen, um Inklusion voranzubringen und digitale Entwicklungen sinnvoll zu nutzen.<\/p>\n\n\n\n<p>\u23af <strong>Finanzielle Stabilit\u00e4t sichern:<\/strong> Eine stabile finanzielle Basis ist Voraussetzung f\u00fcr nachhaltige Wirkung. Wir diversifizieren unsere Einnahmequellen, sichern sie langfristig ab und steigern unsere Effizienz.<\/p>\n\n\n\n<figure class=\"wp-block-image size-large\"><img loading=\"lazy\" decoding=\"async\" width=\"1024\" height=\"527\" src=\"https:\/\/www.sgb-fss.ch\/content\/uploads\/grafik-stossrichtungen-d_neu-1024x527.jpg\" alt=\"\" class=\"wp-image-42792\" srcset=\"https:\/\/www.sgb-fss.ch\/content\/uploads\/grafik-stossrichtungen-d_neu-1024x527.jpg 1024w, https:\/\/www.sgb-fss.ch\/content\/uploads\/grafik-stossrichtungen-d_neu-300x154.jpg 300w, https:\/\/www.sgb-fss.ch\/content\/uploads\/grafik-stossrichtungen-d_neu-150x77.jpg 150w, https:\/\/www.sgb-fss.ch\/content\/uploads\/grafik-stossrichtungen-d_neu-768x395.jpg 768w, https:\/\/www.sgb-fss.ch\/content\/uploads\/grafik-stossrichtungen-d_neu-1536x790.jpg 1536w, https:\/\/www.sgb-fss.ch\/content\/uploads\/grafik-stossrichtungen-d_neu-2048x1054.jpg 2048w, https:\/\/www.sgb-fss.ch\/content\/uploads\/grafik-stossrichtungen-d_neu-194x100.jpg 194w\" sizes=\"auto, (max-width: 1024px) 100vw, 1024px\" \/><\/figure>\n\n\n\n<h2 class=\"wp-block-heading\">Unsere Organisation<\/h2>\n\n\n\n<p><strong>Die Delegiertenversammlung<br><\/strong>Die geh\u00f6rlosen und schwerh\u00f6rigen Menschen der Schweiz bilden die Basis des Schweizerischen Geh\u00f6rlosenbundes. Als Kollektiv-, Einzel- oder Solidarmitglieder nehmen sie Einfluss auf die Ausrichtung des Verbandes. Das oberste Organ ist die Delegiertenversammlung der Kollektivmitglieder<\/p>\n\n\n\n<p><strong>Statuten<br><\/strong>Unsere <a href=\"https:\/\/www.sgb-fss.ch\/content\/uploads\/2021\/04\/statutenrevision-d-v10-04.11.20_def.pdf\" target=\"_blank\" rel=\"noreferrer noopener\">Statuten<\/a> bilden die Grundlage f\u00fcr eine professionelle, transparente und verl\u00e4ssliche Arbeit zugunsten geh\u00f6rloser und h\u00f6rbehinderter Menschen sowie unserer Mitgliedsorganisationen.<\/p>\n\n\n<div class=\"block block-teaserpages\" id=\"block_7eed530dc0ea4cc397863fdcf16e098c\" data-block=\"Teaser Pages\">\n  <ul class=\"block-teaserpages__list\">\n            <li class=\"block-teaserpages__item\">\n        <a class=\"accent teaserpage\" href=\"https:\/\/www.sgb-fss.ch\/de\/verband\/vorstand\/\">\n  <div class=\"teaserpage__thumbnail\">\n            <div class=\"image teaserpage__thumbnail-image\" >\n    <img decoding=\"async\"\n      loading=\"lazy\"\n      class=\"image__object lazyload\"\n      src=\"https:\/\/www.sgb-fss.ch\/content\/uploads\/vorstand_bild_webseite-scaled-1440x0-c-default.jpg\"       data-sizes=\"auto\"\n      data-srcset=\"https:\/\/www.sgb-fss.ch\/content\/uploads\/vorstand_bild_webseite-scaled-1000x0-c-default.jpg 1000w, https:\/\/www.sgb-fss.ch\/content\/uploads\/vorstand_bild_webseite-scaled-700x0-c-default.jpg 700w, https:\/\/www.sgb-fss.ch\/content\/uploads\/vorstand_bild_webseite-scaled-350x0-c-default.jpg 350w, \"\n      alt=\"\"\n      width=\"2560\"\n      height=\"1440\"\n            >\n  <\/div>\n      <\/div>\n  <h3 class=\"teaserpage__title\">Vorstand<\/h3>\n  <p class=\"teaserpage__lead\">Die Mitglieder des Vorstandes engagieren sich ehrenamtlich f\u00fcr die Rechte und Chancen von Menschen mit einer H\u00f6rbehinderung. <\/p>  <\/a>\n      <\/li>\n            <li class=\"block-teaserpages__item\">\n        <a class=\"accent teaserpage\" href=\"https:\/\/www.sgb-fss.ch\/de\/verband\/mitglieder\/\">\n  <div class=\"teaserpage__thumbnail\">\n            <div class=\"image teaserpage__thumbnail-image\" >\n    <img decoding=\"async\"\n      loading=\"lazy\"\n      class=\"image__object lazyload\"\n      src=\"https:\/\/www.sgb-fss.ch\/content\/uploads\/bhp-2100-scaled-1440x0-c-default.jpg\"       data-sizes=\"auto\"\n      data-srcset=\"https:\/\/www.sgb-fss.ch\/content\/uploads\/bhp-2100-scaled-1000x0-c-default.jpg 1000w, https:\/\/www.sgb-fss.ch\/content\/uploads\/bhp-2100-scaled-700x0-c-default.jpg 700w, https:\/\/www.sgb-fss.ch\/content\/uploads\/bhp-2100-scaled-350x0-c-default.jpg 350w, \"\n      alt=\"Abstimmung mit Stimmkarten an der Delegiertenversammlung\"\n      width=\"2560\"\n      height=\"1707\"\n            >\n  <\/div>\n      <\/div>\n  <h3 class=\"teaserpage__title\">Mitglieder<\/h3>\n  <p class=\"teaserpage__lead\">Gemeinsam mit unseren Mitgliedern setzen wir uns f\u00fcr die Anliegen der Geh\u00f6rlosengemeinschaft ein. Die Mitglieder bilden die Basis des Verbandes und sind mit der Delegiertenversammlung der Wegweiser des Schweizerischen Geh\u00f6rlosenbundes.<\/p>  <\/a>\n      <\/li>\n            <li class=\"block-teaserpages__item\">\n        <a class=\"accent teaserpage\" href=\"https:\/\/www.sgb-fss.ch\/de\/verband\/partner\/\">\n  <div class=\"teaserpage__thumbnail\">\n            <div class=\"image teaserpage__thumbnail-image\" >\n    <img decoding=\"async\"\n      loading=\"lazy\"\n      class=\"image__object lazyload\"\n      src=\"https:\/\/www.sgb-fss.ch\/content\/uploads\/2023\/09\/shutterstock_1498583432-scaled-1440x0-c-default.jpg\"       data-sizes=\"auto\"\n      data-srcset=\"https:\/\/www.sgb-fss.ch\/content\/uploads\/2023\/09\/shutterstock_1498583432-scaled-1000x0-c-default.jpg 1000w, https:\/\/www.sgb-fss.ch\/content\/uploads\/2023\/09\/shutterstock_1498583432-scaled-700x0-c-default.jpg 700w, https:\/\/www.sgb-fss.ch\/content\/uploads\/2023\/09\/shutterstock_1498583432-scaled-350x0-c-default.jpg 350w, \"\n      alt=\"\"\n      width=\"2560\"\n      height=\"1434\"\n            >\n  <\/div>\n      <\/div>\n  <h3 class=\"teaserpage__title\">Partner<\/h3>\n  <p class=\"teaserpage__lead\">Gemeinsam mit unseren Mitgliedern setzen wir uns f\u00fcr die Anliegen der Geh\u00f6rlosengemeinschaft ein und engagieren uns in diversen Projekten gemeinsam das Ziel einer diversen und barrierefreien Gesellschaft zu erreichen.<\/p>  <\/a>\n      <\/li>\n            <li class=\"block-teaserpages__item\">\n        <a class=\"accent teaserpage\" href=\"https:\/\/www.sgb-fss.ch\/de\/verband\/mitarbeitende\/\">\n  <div class=\"teaserpage__thumbnail\">\n            <div class=\"image teaserpage__thumbnail-image\" >\n    <img decoding=\"async\"\n      loading=\"lazy\"\n      class=\"image__object lazyload\"\n      src=\"https:\/\/www.sgb-fss.ch\/content\/uploads\/2023\/05\/teams-bild-webseite-1440x0-c-default.jpg\"       data-sizes=\"auto\"\n      data-srcset=\"https:\/\/www.sgb-fss.ch\/content\/uploads\/2023\/05\/teams-bild-webseite-1000x0-c-default.jpg 1000w, https:\/\/www.sgb-fss.ch\/content\/uploads\/2023\/05\/teams-bild-webseite-700x0-c-default.jpg 700w, https:\/\/www.sgb-fss.ch\/content\/uploads\/2023\/05\/teams-bild-webseite-350x0-c-default.jpg 350w, \"\n      alt=\"\"\n      width=\"1327\"\n      height=\"747\"\n            >\n  <\/div>\n      <\/div>\n  <h3 class=\"teaserpage__title\">Mitarbeitende<\/h3>\n  <p class=\"teaserpage__lead\">Die Mitarbeitenden unserer drei regionalen Gesch\u00e4ftsstellen setzen sich als Experten mit viel Herzblut f\u00fcr die Anliegen geh\u00f6rloser Menschen ein.<\/p>  <\/a>\n      <\/li>\n    <\/ul>\n<\/div>\n","protected":false},"excerpt":{"rendered":"<p>Das Leitbild zeigt, wof\u00fcr der Schweizerische Geh\u00f6rlosenbund steht und welche Ziele er verfolgt. Vision, [&hellip;]<\/p>\n","protected":false},"author":8,"featured_media":25351,"parent":22946,"menu_order":0,"comment_status":"closed","ping_status":"closed","template":"","meta":{"_acf_changed":false,"inline_featured_image":false,"footnotes":""},"class_list":["post-22958","page","type-page","status-publish","has-post-thumbnail","hentry"],"acf":[],"yoast_head":"<!-- This site is optimized with the Yoast SEO plugin v27.4 - https:\/\/yoast.com\/product\/yoast-seo-wordpress\/ -->\n<title>Unser Leitbild - SGB-FSS<\/title>\n<meta name=\"robots\" content=\"index, follow, max-snippet:-1, max-image-preview:large, max-video-preview:-1\" \/>\n<link rel=\"canonical\" href=\"https:\/\/www.sgb-fss.ch\/de\/verband\/unsere-vision\/\" \/>\n<meta property=\"og:locale\" content=\"de_DE\" \/>\n<meta property=\"og:type\" content=\"article\" \/>\n<meta property=\"og:title\" content=\"Unser Leitbild - SGB-FSS\" \/>\n<meta property=\"og:description\" content=\"Das Leitbild zeigt, wof\u00fcr der Schweizerische Geh\u00f6rlosenbund steht und welche Ziele er verfolgt. Vision, [&hellip;]\" \/>\n<meta property=\"og:url\" content=\"https:\/\/www.sgb-fss.ch\/de\/verband\/unsere-vision\/\" \/>\n<meta property=\"og:site_name\" content=\"SGB-FSS\" \/>\n<meta property=\"article:modified_time\" content=\"2026-01-13T14:47:20+00:00\" \/>\n<meta property=\"og:image\" content=\"https:\/\/www.sgb-fss.ch\/content\/uploads\/2023\/09\/shutterstock_1165928134-scaled.jpg\" \/>\n\t<meta property=\"og:image:width\" content=\"2560\" \/>\n\t<meta property=\"og:image:height\" content=\"1707\" \/>\n\t<meta property=\"og:image:type\" content=\"image\/jpeg\" \/>\n<meta name=\"twitter:card\" content=\"summary_large_image\" \/>\n<meta name=\"twitter:label1\" content=\"Gesch\u00e4tzte Lesezeit\" \/>\n\t<meta name=\"twitter:data1\" content=\"4\u00a0Minuten\" \/>\n<script type=\"application\/ld+json\" class=\"yoast-schema-graph\">{\"@context\":\"https:\\\/\\\/schema.org\",\"@graph\":[{\"@type\":\"WebPage\",\"@id\":\"https:\\\/\\\/www.sgb-fss.ch\\\/de\\\/verband\\\/unsere-vision\\\/\",\"url\":\"https:\\\/\\\/www.sgb-fss.ch\\\/de\\\/verband\\\/unsere-vision\\\/\",\"name\":\"Unser Leitbild - SGB-FSS\",\"isPartOf\":{\"@id\":\"https:\\\/\\\/www.sgb-fss.ch\\\/de\\\/#website\"},\"primaryImageOfPage\":{\"@id\":\"https:\\\/\\\/www.sgb-fss.ch\\\/de\\\/verband\\\/unsere-vision\\\/#primaryimage\"},\"image\":{\"@id\":\"https:\\\/\\\/www.sgb-fss.ch\\\/de\\\/verband\\\/unsere-vision\\\/#primaryimage\"},\"thumbnailUrl\":\"https:\\\/\\\/www.sgb-fss.ch\\\/content\\\/uploads\\\/2023\\\/09\\\/shutterstock_1165928134-scaled.jpg\",\"datePublished\":\"2023-07-31T05:03:41+00:00\",\"dateModified\":\"2026-01-13T14:47:20+00:00\",\"breadcrumb\":{\"@id\":\"https:\\\/\\\/www.sgb-fss.ch\\\/de\\\/verband\\\/unsere-vision\\\/#breadcrumb\"},\"inLanguage\":\"de\",\"potentialAction\":[{\"@type\":\"ReadAction\",\"target\":[\"https:\\\/\\\/www.sgb-fss.ch\\\/de\\\/verband\\\/unsere-vision\\\/\"]}]},{\"@type\":\"ImageObject\",\"inLanguage\":\"de\",\"@id\":\"https:\\\/\\\/www.sgb-fss.ch\\\/de\\\/verband\\\/unsere-vision\\\/#primaryimage\",\"url\":\"https:\\\/\\\/www.sgb-fss.ch\\\/content\\\/uploads\\\/2023\\\/09\\\/shutterstock_1165928134-scaled.jpg\",\"contentUrl\":\"https:\\\/\\\/www.sgb-fss.ch\\\/content\\\/uploads\\\/2023\\\/09\\\/shutterstock_1165928134-scaled.jpg\",\"width\":2560,\"height\":1707},{\"@type\":\"BreadcrumbList\",\"@id\":\"https:\\\/\\\/www.sgb-fss.ch\\\/de\\\/verband\\\/unsere-vision\\\/#breadcrumb\",\"itemListElement\":[{\"@type\":\"ListItem\",\"position\":1,\"name\":\"Home\",\"item\":\"https:\\\/\\\/www.sgb-fss.ch\\\/de\\\/\"},{\"@type\":\"ListItem\",\"position\":2,\"name\":\"Verband\",\"item\":\"https:\\\/\\\/www.sgb-fss.ch\\\/de\\\/verband\\\/\"},{\"@type\":\"ListItem\",\"position\":3,\"name\":\"Unser Leitbild\"}]},{\"@type\":\"WebSite\",\"@id\":\"https:\\\/\\\/www.sgb-fss.ch\\\/de\\\/#website\",\"url\":\"https:\\\/\\\/www.sgb-fss.ch\\\/de\\\/\",\"name\":\"SGB-FSS\",\"description\":\"\",\"potentialAction\":[{\"@type\":\"SearchAction\",\"target\":{\"@type\":\"EntryPoint\",\"urlTemplate\":\"https:\\\/\\\/www.sgb-fss.ch\\\/de\\\/?s={search_term_string}\"},\"query-input\":{\"@type\":\"PropertyValueSpecification\",\"valueRequired\":true,\"valueName\":\"search_term_string\"}}],\"inLanguage\":\"de\"}]}<\/script>\n<!-- \/ Yoast SEO plugin. -->","yoast_head_json":{"title":"Unser Leitbild - SGB-FSS","robots":{"index":"index","follow":"follow","max-snippet":"max-snippet:-1","max-image-preview":"max-image-preview:large","max-video-preview":"max-video-preview:-1"},"canonical":"https:\/\/www.sgb-fss.ch\/de\/verband\/unsere-vision\/","og_locale":"de_DE","og_type":"article","og_title":"Unser Leitbild - SGB-FSS","og_description":"Das Leitbild zeigt, wof\u00fcr der Schweizerische Geh\u00f6rlosenbund steht und welche Ziele er verfolgt. Vision, [&hellip;]","og_url":"https:\/\/www.sgb-fss.ch\/de\/verband\/unsere-vision\/","og_site_name":"SGB-FSS","article_modified_time":"2026-01-13T14:47:20+00:00","og_image":[{"width":2560,"height":1707,"url":"https:\/\/www.sgb-fss.ch\/content\/uploads\/2023\/09\/shutterstock_1165928134-scaled.jpg","type":"image\/jpeg"}],"twitter_card":"summary_large_image","twitter_misc":{"Gesch\u00e4tzte Lesezeit":"4\u00a0Minuten"},"schema":{"@context":"https:\/\/schema.org","@graph":[{"@type":"WebPage","@id":"https:\/\/www.sgb-fss.ch\/de\/verband\/unsere-vision\/","url":"https:\/\/www.sgb-fss.ch\/de\/verband\/unsere-vision\/","name":"Unser Leitbild - SGB-FSS","isPartOf":{"@id":"https:\/\/www.sgb-fss.ch\/de\/#website"},"primaryImageOfPage":{"@id":"https:\/\/www.sgb-fss.ch\/de\/verband\/unsere-vision\/#primaryimage"},"image":{"@id":"https:\/\/www.sgb-fss.ch\/de\/verband\/unsere-vision\/#primaryimage"},"thumbnailUrl":"https:\/\/www.sgb-fss.ch\/content\/uploads\/2023\/09\/shutterstock_1165928134-scaled.jpg","datePublished":"2023-07-31T05:03:41+00:00","dateModified":"2026-01-13T14:47:20+00:00","breadcrumb":{"@id":"https:\/\/www.sgb-fss.ch\/de\/verband\/unsere-vision\/#breadcrumb"},"inLanguage":"de","potentialAction":[{"@type":"ReadAction","target":["https:\/\/www.sgb-fss.ch\/de\/verband\/unsere-vision\/"]}]},{"@type":"ImageObject","inLanguage":"de","@id":"https:\/\/www.sgb-fss.ch\/de\/verband\/unsere-vision\/#primaryimage","url":"https:\/\/www.sgb-fss.ch\/content\/uploads\/2023\/09\/shutterstock_1165928134-scaled.jpg","contentUrl":"https:\/\/www.sgb-fss.ch\/content\/uploads\/2023\/09\/shutterstock_1165928134-scaled.jpg","width":2560,"height":1707},{"@type":"BreadcrumbList","@id":"https:\/\/www.sgb-fss.ch\/de\/verband\/unsere-vision\/#breadcrumb","itemListElement":[{"@type":"ListItem","position":1,"name":"Home","item":"https:\/\/www.sgb-fss.ch\/de\/"},{"@type":"ListItem","position":2,"name":"Verband","item":"https:\/\/www.sgb-fss.ch\/de\/verband\/"},{"@type":"ListItem","position":3,"name":"Unser Leitbild"}]},{"@type":"WebSite","@id":"https:\/\/www.sgb-fss.ch\/de\/#website","url":"https:\/\/www.sgb-fss.ch\/de\/","name":"SGB-FSS","description":"","potentialAction":[{"@type":"SearchAction","target":{"@type":"EntryPoint","urlTemplate":"https:\/\/www.sgb-fss.ch\/de\/?s={search_term_string}"},"query-input":{"@type":"PropertyValueSpecification","valueRequired":true,"valueName":"search_term_string"}}],"inLanguage":"de"}]}},"_links":{"self":[{"href":"https:\/\/www.sgb-fss.ch\/de\/wp-json\/wp\/v2\/pages\/22958","targetHints":{"allow":["GET"]}}],"collection":[{"href":"https:\/\/www.sgb-fss.ch\/de\/wp-json\/wp\/v2\/pages"}],"about":[{"href":"https:\/\/www.sgb-fss.ch\/de\/wp-json\/wp\/v2\/types\/page"}],"author":[{"embeddable":true,"href":"https:\/\/www.sgb-fss.ch\/de\/wp-json\/wp\/v2\/users\/8"}],"replies":[{"embeddable":true,"href":"https:\/\/www.sgb-fss.ch\/de\/wp-json\/wp\/v2\/comments?post=22958"}],"version-history":[{"count":52,"href":"https:\/\/www.sgb-fss.ch\/de\/wp-json\/wp\/v2\/pages\/22958\/revisions"}],"predecessor-version":[{"id":42839,"href":"https:\/\/www.sgb-fss.ch\/de\/wp-json\/wp\/v2\/pages\/22958\/revisions\/42839"}],"up":[{"embeddable":true,"href":"https:\/\/www.sgb-fss.ch\/de\/wp-json\/wp\/v2\/pages\/22946"}],"wp:featuredmedia":[{"embeddable":true,"href":"https:\/\/www.sgb-fss.ch\/de\/wp-json\/wp\/v2\/media\/25351"}],"wp:attachment":[{"href":"https:\/\/www.sgb-fss.ch\/de\/wp-json\/wp\/v2\/media?parent=22958"}],"curies":[{"name":"wp","href":"https:\/\/api.w.org\/{rel}","templated":true}]}}