{"id":21298,"date":"2023-08-02T11:18:48","date_gmt":"2023-08-02T09:18:48","guid":{"rendered":"https:\/\/www.sgb-fss.ch\/?page_id=21298"},"modified":"2023-10-26T16:39:56","modified_gmt":"2023-10-26T14:39:56","slug":"deinadieu","status":"publish","type":"page","link":"https:\/\/www.sgb-fss.ch\/de\/spenden\/deinadieu\/","title":{"rendered":"DeinAdieu"},"content":{"rendered":"\n<p class=\"is-style-lead\">Alles geregelt? Ein gutes Gef\u00fchl! DeinAdieu ist das erste Online-Portal zum selbstbestimmten Lebensende. Experten und Juristen im Bereich Erbschaften und Legate unterst\u00fctzen Sie ein auf Ihre W\u00fcnsche und Ihre Situation angepasstes Testament zu erstellen und beraten Sie vollumf\u00e4nglich.<\/p>\n\n\n\n<p class=\"is-style-default\"><strong>Regeln Sie Ihren Nachlass, einfach und sicher<\/strong><br>Die Zusammenarbeit mit unserer Partnerorganisation <strong><a href=\"https:\/\/www.deinadieu.ch\/\" target=\"_blank\" rel=\"noreferrer noopener\">DeinAdieu<\/a><\/strong> erm\u00f6glicht Ihnen, ganz unverbindlich und ohne Kosten ein auf Ihre pers\u00f6nliche Situation angepasstes Testament zu erstellen. <\/p>\n\n\n\n<div class=\"wp-block-columns is-layout-flex wp-container-core-columns-is-layout-9d6595d7 wp-block-columns-is-layout-flex\">\n<div class=\"wp-block-column is-layout-flow wp-block-column-is-layout-flow\" style=\"flex-basis:100%\">\n<div class=\"wp-block-group has-sgb-fss-blue-15-background-color has-background is-layout-constrained wp-block-group-is-layout-constrained\">\n<h3 class=\"wp-block-heading\">Kostenlose Erstberatung durch Erbrechtsspezialisten<\/h3>\n\n\n\n<p><strong>DeinAdieu <\/strong>bietet eine kostenlose juristische Beratung mit Schweizer Anw\u00e4lt*innen  zu folgenden Themen an:<\/p>\n\n\n\n<ul class=\"wp-block-list\">\n<li>Pr\u00fcfung Ihrer Situation oder Ihres Testaments<\/li>\n\n\n\n<li>Vor Ort oder per Telefon<\/li>\n\n\n\n<li>Empfehlung zur Nachlassplanung<\/li>\n\n\n\n<li>Optionale Hinterlegung und Willensvollstreckung<\/li>\n<\/ul>\n\n\n\n<div class=\"wp-block-buttons is-content-justification-center is-layout-flex wp-container-core-buttons-is-layout-16018d1d wp-block-buttons-is-layout-flex\">\n<div class=\"wp-block-button\"><a class=\"wp-block-button__link wp-element-button\" href=\"https:\/\/app.deinadieu.ch\/consulting\/ngo\/7647\" target=\"_blank\" rel=\"noreferrer noopener\">Erstberatung anfordern<\/a><\/div>\n<\/div>\n<\/div>\n<\/div>\n<\/div>\n\n\n\n<p><\/p>\n\n\n\n<div class=\"wp-block-columns is-layout-flex wp-container-core-columns-is-layout-9d6595d7 wp-block-columns-is-layout-flex\">\n<div class=\"wp-block-column is-layout-flow wp-block-column-is-layout-flow\" style=\"flex-basis:100%\">\n<div class=\"wp-block-group has-sgb-fss-rot-15-background-color has-background is-layout-constrained wp-block-group-is-layout-constrained\">\n<h3 class=\"wp-block-heading\">Testament erstellen<\/h3>\n\n\n\n<p class=\"is-style-default\">Das Testament kann online erstellt und abgelegt werden. <strong>DeinAdieu<\/strong> f\u00fchr Sie durch folgende Schritte:<\/p>\n\n\n\n<ul class=\"wp-block-list\">\n<li>Erfassen Sie alle Erben.<\/li>\n<\/ul>\n\n\n\n<ul class=\"wp-block-list\">\n<li>Legen Sie fest, wer welchen Anteil Ihres Nachlasses erh\u00e4lt.<\/li>\n<\/ul>\n\n\n\n<ul class=\"wp-block-list\">\n<li>Schreiben Sie die erstellte Vorlage von Hand ab.<\/li>\n\n\n\n<li><em>Ihr handschriftliches Testament sollten Sie gut auffindbar und gesch\u00fctzt aufbewahren (Vertrauensperson, Anwalt, Gemeinde).<\/em><\/li>\n<\/ul>\n\n\n\n<div class=\"wp-block-buttons is-content-justification-center is-layout-flex wp-container-core-buttons-is-layout-16018d1d wp-block-buttons-is-layout-flex\">\n<div class=\"wp-block-button\"><a class=\"wp-block-button__link wp-element-button\" href=\"https:\/\/app.deinadieu.ch\/testamentgenerator\/ngo\/7647\" target=\"_blank\" rel=\"noreferrer noopener\">Testament erstellen<\/a><\/div>\n<\/div>\n<\/div>\n<\/div>\n<\/div>\n\n\n\n<p><\/p>\n\n\n\n<div class=\"wp-block-columns is-layout-flex wp-container-core-columns-is-layout-9d6595d7 wp-block-columns-is-layout-flex\">\n<div class=\"wp-block-column is-layout-flow wp-block-column-is-layout-flow\" style=\"flex-basis:100%\">\n<div class=\"wp-block-group has-pflaume-10-background-color has-background is-layout-constrained wp-block-group-is-layout-constrained\">\n<h3 class=\"wp-block-heading\">Patientenverf\u00fcgung einfach und g\u00fcltig erstellen<\/h3>\n\n\n\n<p>Mit der Patientenverf\u00fcgung erkl\u00e4ren Sie Ihren Willen bez\u00fcglich medizinischer Massnahmen f\u00fcr den Fall, dass Sie aufgrund einer Krankheit oder eines Unfalles nicht mehr selber entscheiden k\u00f6nnen. Sie werden durch die folgenden Schritte gef\u00fchrt:\u202f<\/p>\n\n\n\n<ul class=\"wp-block-list\">\n<li>W\u00e4hlen Sie Ihre Vertretungs-\/ Ersatzperson.<\/li>\n\n\n\n<li>Beantworten Sie Fragen zu Ihrer Lebenseinstellung sowie medizinische Fragen\u202f.<\/li>\n\n\n\n<li>Drucken Sie Ihre Verf\u00fcgung aus und unterzeichnen Sie diese.<\/li>\n\n\n\n<li>Hinterlegen Sie eine Kopie bei Ihrer Vertretungsperson und\/oder Ihrer Haus\u00e4rztin bzw. Ihrem Hausarzt.<\/li>\n<\/ul>\n\n\n\n<div class=\"wp-block-buttons is-content-justification-center is-layout-flex wp-container-core-buttons-is-layout-16018d1d wp-block-buttons-is-layout-flex\">\n<div class=\"wp-block-button\"><a class=\"wp-block-button__link wp-element-button\" href=\"https:\/\/app.deinadieu.ch\/patient-decree\/ngo\/7647\" target=\"_blank\" rel=\"noreferrer noopener\">Patientenverf\u00fcgung erstellen<\/a><\/div>\n<\/div>\n<\/div>\n<\/div>\n<\/div>\n\n\n\n<p><\/p>\n\n\n\n<div class=\"wp-block-columns is-layout-flex wp-container-core-columns-is-layout-9d6595d7 wp-block-columns-is-layout-flex\">\n<div class=\"wp-block-column is-layout-flow wp-block-column-is-layout-flow\" style=\"flex-basis:100%\">\n<div class=\"wp-block-group has-schwarz-25-background-color has-background is-layout-constrained wp-block-group-is-layout-constrained\">\n<h3 class=\"wp-block-heading\">Vorsorgeauftrag einfach und g\u00fcltig erstellen<\/h3>\n\n\n\n<p>Mit einem Vorsorgeauftrag bestimmen Sie eine Person Ihres Vertrauens, die Ihre Interessen im Falle einer Urteilsunf\u00e4higkeit vertritt. Das nachfolgende Formular bietet Ihnen Hilfestellung bei der Erstellung Ihres Vorsorgeauftrags. Sie werden durch folgende Schritte gef\u00fchrt:\u202f<\/p>\n\n\n\n<ul class=\"wp-block-list\">\n<li>W\u00e4hlen Sie Ihre Vertretungsperson.<\/li>\n\n\n\n<li>W\u00e4hlen Sie eine allf\u00e4llige Ersatzperson.<\/li>\n\n\n\n<li>Schreiben Sie die erstellte Vorlage von Hand ab.<\/li>\n\n\n\n<li><em>Hinterlegen Sie Ihren Vorsorgeauftrag bei Ihrer Vertretungsperson und\/oder der Ersatzperson und\/oder einer Hinterlegungsstelle (KESB, Zivilstandsamt). \u202f<\/em><\/li>\n<\/ul>\n\n\n\n<div class=\"wp-block-buttons is-content-justification-center is-layout-flex wp-container-core-buttons-is-layout-16018d1d wp-block-buttons-is-layout-flex\">\n<div class=\"wp-block-button\"><a class=\"wp-block-button__link wp-element-button\" href=\"https:\/\/app.deinadieu.ch\/advance-care-directive\/ngo\/7647\" target=\"_blank\" rel=\"noreferrer noopener\">Vorsorgeauftrag erstellen<\/a><\/div>\n<\/div>\n<\/div>\n<\/div>\n<\/div>\n\n\n<div class=\"block block-teaserpages\" id=\"block_5d6fb8c0ec244225f5f3acb9fc0deee2\" data-block=\"Teaser Pages\">\n  <ul class=\"block-teaserpages__list\">\n            <li class=\"block-teaserpages__item\">\n        <a class=\"accent teaserpage\" href=\"https:\/\/www.sgb-fss.ch\/de\/spenden\/trauerspende-ueberweisen\/\">\n  <div class=\"teaserpage__thumbnail\">\n            <div class=\"image teaserpage__thumbnail-image\" >\n    <img decoding=\"async\"\n      loading=\"lazy\"\n      class=\"image__object lazyload\"\n      src=\"https:\/\/www.sgb-fss.ch\/content\/uploads\/2021\/04\/trauerspende_beitragsbild-1440x0-c-default.jpg\"       data-sizes=\"auto\"\n      data-srcset=\"https:\/\/www.sgb-fss.ch\/content\/uploads\/2021\/04\/trauerspende_beitragsbild-1000x0-c-default.jpg 1000w, https:\/\/www.sgb-fss.ch\/content\/uploads\/2021\/04\/trauerspende_beitragsbild-700x0-c-default.jpg 700w, https:\/\/www.sgb-fss.ch\/content\/uploads\/2021\/04\/trauerspende_beitragsbild-350x0-c-default.jpg 350w, \"\n      alt=\"\"\n      width=\"540\"\n      height=\"330\"\n            >\n  <\/div>\n      <\/div>\n  <h3 class=\"teaserpage__title\">Trauerspende<\/h3>\n  <p class=\"teaserpage__lead\">Ihre Spende in Gedenken an einen verstorbenen Menschen ist eine besondere Geste der Trauer.  Sollten Sie erw\u00e4gen den Schweizerischen Geh\u00f6rlosenbund mit eine Kollekte zu unterst\u00fctzen, finden sie hier hilfreiche Informationen ihr Vorhaben umzusetzen.<\/p>  <\/a>\n      <\/li>\n            <li class=\"block-teaserpages__item\">\n        <a class=\"accent teaserpage\" href=\"https:\/\/www.sgb-fss.ch\/de\/spenden\/freie-spenden\/\">\n  <div class=\"teaserpage__thumbnail\">\n            <div class=\"image teaserpage__thumbnail-image\" >\n    <img decoding=\"async\"\n      loading=\"lazy\"\n      class=\"image__object lazyload\"\n      src=\"https:\/\/www.sgb-fss.ch\/content\/uploads\/2023\/03\/1_headerbild-2-1440x0-c-default.jpg\"       data-sizes=\"auto\"\n      data-srcset=\"https:\/\/www.sgb-fss.ch\/content\/uploads\/2023\/03\/1_headerbild-2-1000x0-c-default.jpg 1000w, https:\/\/www.sgb-fss.ch\/content\/uploads\/2023\/03\/1_headerbild-2-700x0-c-default.jpg 700w, https:\/\/www.sgb-fss.ch\/content\/uploads\/2023\/03\/1_headerbild-2-350x0-c-default.jpg 350w, \"\n      alt=\"\"\n      width=\"2128\"\n      height=\"1416\"\n            >\n  <\/div>\n      <\/div>\n  <h3 class=\"teaserpage__title\">Freie Spenden<\/h3>\n  <p class=\"teaserpage__lead\">Ihr Beitrag hilft, dass Menschen mit einer H\u00f6rbehinderung die gleichen Chancen erhalten wie H\u00f6rende &#8211; sei es in der Schule, in der Lehre, bei der Arbeit oder in der Freizeit.<\/p>  <\/a>\n      <\/li>\n            <li class=\"block-teaserpages__item\">\n        <a class=\"accent teaserpage\" href=\"https:\/\/www.sgb-fss.ch\/de\/spenden\/spendenaktion\/\">\n  <div class=\"teaserpage__thumbnail\">\n            <div class=\"image teaserpage__thumbnail-image\" >\n    <img decoding=\"async\"\n      loading=\"lazy\"\n      class=\"image__object lazyload\"\n      src=\"https:\/\/www.sgb-fss.ch\/content\/uploads\/2023\/03\/5_bild-unten-scaled-1440x0-c-default.jpg\"       data-sizes=\"auto\"\n      data-srcset=\"https:\/\/www.sgb-fss.ch\/content\/uploads\/2023\/03\/5_bild-unten-scaled-1000x0-c-default.jpg 1000w, https:\/\/www.sgb-fss.ch\/content\/uploads\/2023\/03\/5_bild-unten-scaled-700x0-c-default.jpg 700w, https:\/\/www.sgb-fss.ch\/content\/uploads\/2023\/03\/5_bild-unten-scaled-350x0-c-default.jpg 350w, \"\n      alt=\"\"\n      width=\"2560\"\n      height=\"1707\"\n            >\n  <\/div>\n      <\/div>\n  <h3 class=\"teaserpage__title\">Spendenaktion<\/h3>\n  <p class=\"teaserpage__lead\">Starten Sie mit Freunden oder Arbeitskollegen eine Spendenaktion und unterst\u00fctzen Sie wichtige Projekte f\u00fcr Menschen mit einer H\u00f6rbehinderung. <\/p>  <\/a>\n      <\/li>\n    <\/ul>\n<\/div>\n\n\n\n<div class=\"wp-block-group is-layout-flow wp-block-group-is-layout-flow\"><div class=\"block block-teasercontacts block-teasercontacts--boxed\" id=\"block_5e4c25428f61030ad5afcbac25925481\" data-block=\"Teaser Contacts\">\n    <div class=\"block-teasercontacts__header\"><p class=\"block-teasercontacts__title\">Haben Sie Fragen zur F\u00f6rdermitgliedschaft?<br>Ich freue mich auf Ihre Nachricht.<\/p><\/div>    <div class=\"block-teasercontacts__list\">\n                                        <div class=\"block-teasercontacts__item\">\n                <div class=\"block-teasercontacts__link\">\n                    <div class=\"block-teasercontacts__media\">\n                        <div class=\"block-teasercontacts__thumbnail accent__violet has-background-accent\">\n                                                              <div class=\"image block-teasercontacts__thumbnail-image\" >\n    <img decoding=\"async\"\n      loading=\"lazy\"\n      class=\"image__object lazyload\"\n      src=\"https:\/\/www.sgb-fss.ch\/content\/uploads\/2021\/06\/carmela-zumbach-1440x0-c-default.jpg\"       data-sizes=\"auto\"\n      data-srcset=\"https:\/\/www.sgb-fss.ch\/content\/uploads\/2021\/06\/carmela-zumbach-200x0-c-default.jpg 200w, https:\/\/www.sgb-fss.ch\/content\/uploads\/2021\/06\/carmela-zumbach-100x0-c-default.jpg 100w, \"\n      alt=\"\"\n      width=\"567\"\n      height=\"567\"\n            >\n  <\/div>\n                                                    <\/div>\n                    <\/div>\n                    <div class=\"block-teasercontacts__text\">\n                        <p class=\"block-teasercontacts__name\"><strong><a href=\"https:\/\/www.sgb-fss.ch\/de\/team\/carmela-zumbach\/\">Carmela Zumbach<\/a><\/strong><\/p>\n                        <p class=\"block-teasercontacts__lead\">Fundraising und Berufsbildung<\/p>                    <\/div>\n                    <div class=\"block-teasercontacts__contacts\">\n                                                    <p>\n                                                                <a class=\"wp-block-button is-style-transparent\" href=\"mailto:c.zumbach@sgb-fss.ch\"><span class=\"wp-block-button__link\"><i class=\"icon icon--mail\"><svg data-name=\"Ebene 1\" xmlns=\"http:\/\/www.w3.org\/2000\/svg\" viewBox=\"0 0 24 24\"><path d=\"M20.76 2.31H3.24A3.12 3.12 0 0 0 .12 5.43v13.14a3.12 3.12 0 0 0 3.12 3.12h17.52a3.12 3.12 0 0 0 3.12-3.12V5.43a3.12 3.12 0 0 0-3.12-3.12zM2.09 5a1.27 1.27 0 0 1 1.15-.78h17.52a1.24 1.24 0 0 1 1.11.74l.05.09-.09.06L12 12l-.07-.05-9.87-6.9zM22 18.57a1.26 1.26 0 0 1-1.26 1.27H3.24A1.27 1.27 0 0 1 2 18.57V7.21l9.5 6.69a.89.89 0 0 0 1 0L22 7.25z\"\/><\/svg><\/i><span class=\"wp-block-button__label\">c.zumbach@sgb-fss.ch<\/span><\/span><\/a>                                                            <\/p>\n                                            <\/div>\n                <\/div>\n            <\/div>\n                    <\/div>\n<\/div>\n<\/div>\n","protected":false},"excerpt":{"rendered":"<p>Alles geregelt? Ein gutes Gef\u00fchl! DeinAdieu ist das erste Online-Portal zum selbstbestimmten Lebensende. Experten [&hellip;]<\/p>\n","protected":false},"author":40,"featured_media":21324,"parent":9091,"menu_order":4,"comment_status":"closed","ping_status":"closed","template":"","meta":{"_acf_changed":false,"inline_featured_image":false,"footnotes":""},"class_list":["post-21298","page","type-page","status-publish","has-post-thumbnail","hentry"],"acf":[],"yoast_head":"<!-- This site is optimized with the Yoast SEO plugin v27.4 - https:\/\/yoast.com\/product\/yoast-seo-wordpress\/ -->\n<title>DeinAdieu - SGB-FSS<\/title>\n<meta name=\"robots\" content=\"index, follow, max-snippet:-1, max-image-preview:large, max-video-preview:-1\" \/>\n<link rel=\"canonical\" href=\"https:\/\/www.sgb-fss.ch\/de\/spenden\/deinadieu\/\" \/>\n<meta property=\"og:locale\" content=\"de_DE\" \/>\n<meta property=\"og:type\" content=\"article\" \/>\n<meta property=\"og:title\" content=\"DeinAdieu - SGB-FSS\" \/>\n<meta property=\"og:description\" content=\"Alles geregelt? Ein gutes Gef\u00fchl! DeinAdieu ist das erste Online-Portal zum selbstbestimmten Lebensende. Experten [&hellip;]\" \/>\n<meta property=\"og:url\" content=\"https:\/\/www.sgb-fss.ch\/de\/spenden\/deinadieu\/\" \/>\n<meta property=\"og:site_name\" content=\"SGB-FSS\" \/>\n<meta property=\"article:modified_time\" content=\"2023-10-26T14:39:56+00:00\" \/>\n<meta property=\"og:image\" content=\"https:\/\/www.sgb-fss.ch\/content\/uploads\/2023\/06\/dein-adieu.jpg\" \/>\n\t<meta property=\"og:image:width\" content=\"460\" \/>\n\t<meta property=\"og:image:height\" content=\"458\" \/>\n\t<meta property=\"og:image:type\" content=\"image\/jpeg\" \/>\n<meta name=\"twitter:card\" content=\"summary_large_image\" \/>\n<meta name=\"twitter:label1\" content=\"Gesch\u00e4tzte Lesezeit\" \/>\n\t<meta name=\"twitter:data1\" content=\"2\u00a0Minuten\" \/>\n<script type=\"application\/ld+json\" class=\"yoast-schema-graph\">{\"@context\":\"https:\\\/\\\/schema.org\",\"@graph\":[{\"@type\":\"WebPage\",\"@id\":\"https:\\\/\\\/www.sgb-fss.ch\\\/de\\\/spenden\\\/deinadieu\\\/\",\"url\":\"https:\\\/\\\/www.sgb-fss.ch\\\/de\\\/spenden\\\/deinadieu\\\/\",\"name\":\"DeinAdieu - SGB-FSS\",\"isPartOf\":{\"@id\":\"https:\\\/\\\/www.sgb-fss.ch\\\/de\\\/#website\"},\"primaryImageOfPage\":{\"@id\":\"https:\\\/\\\/www.sgb-fss.ch\\\/de\\\/spenden\\\/deinadieu\\\/#primaryimage\"},\"image\":{\"@id\":\"https:\\\/\\\/www.sgb-fss.ch\\\/de\\\/spenden\\\/deinadieu\\\/#primaryimage\"},\"thumbnailUrl\":\"https:\\\/\\\/www.sgb-fss.ch\\\/content\\\/uploads\\\/2023\\\/06\\\/dein-adieu.jpg\",\"datePublished\":\"2023-08-02T09:18:48+00:00\",\"dateModified\":\"2023-10-26T14:39:56+00:00\",\"breadcrumb\":{\"@id\":\"https:\\\/\\\/www.sgb-fss.ch\\\/de\\\/spenden\\\/deinadieu\\\/#breadcrumb\"},\"inLanguage\":\"de\",\"potentialAction\":[{\"@type\":\"ReadAction\",\"target\":[\"https:\\\/\\\/www.sgb-fss.ch\\\/de\\\/spenden\\\/deinadieu\\\/\"]}]},{\"@type\":\"ImageObject\",\"inLanguage\":\"de\",\"@id\":\"https:\\\/\\\/www.sgb-fss.ch\\\/de\\\/spenden\\\/deinadieu\\\/#primaryimage\",\"url\":\"https:\\\/\\\/www.sgb-fss.ch\\\/content\\\/uploads\\\/2023\\\/06\\\/dein-adieu.jpg\",\"contentUrl\":\"https:\\\/\\\/www.sgb-fss.ch\\\/content\\\/uploads\\\/2023\\\/06\\\/dein-adieu.jpg\",\"width\":460,\"height\":458},{\"@type\":\"BreadcrumbList\",\"@id\":\"https:\\\/\\\/www.sgb-fss.ch\\\/de\\\/spenden\\\/deinadieu\\\/#breadcrumb\",\"itemListElement\":[{\"@type\":\"ListItem\",\"position\":1,\"name\":\"Home\",\"item\":\"https:\\\/\\\/www.sgb-fss.ch\\\/de\\\/\"},{\"@type\":\"ListItem\",\"position\":2,\"name\":\"Spenden und Chance schenken\",\"item\":\"https:\\\/\\\/www.sgb-fss.ch\\\/de\\\/spenden\\\/\"},{\"@type\":\"ListItem\",\"position\":3,\"name\":\"DeinAdieu\"}]},{\"@type\":\"WebSite\",\"@id\":\"https:\\\/\\\/www.sgb-fss.ch\\\/de\\\/#website\",\"url\":\"https:\\\/\\\/www.sgb-fss.ch\\\/de\\\/\",\"name\":\"SGB-FSS\",\"description\":\"\",\"potentialAction\":[{\"@type\":\"SearchAction\",\"target\":{\"@type\":\"EntryPoint\",\"urlTemplate\":\"https:\\\/\\\/www.sgb-fss.ch\\\/de\\\/?s={search_term_string}\"},\"query-input\":{\"@type\":\"PropertyValueSpecification\",\"valueRequired\":true,\"valueName\":\"search_term_string\"}}],\"inLanguage\":\"de\"}]}<\/script>\n<!-- \/ Yoast SEO plugin. -->","yoast_head_json":{"title":"DeinAdieu - SGB-FSS","robots":{"index":"index","follow":"follow","max-snippet":"max-snippet:-1","max-image-preview":"max-image-preview:large","max-video-preview":"max-video-preview:-1"},"canonical":"https:\/\/www.sgb-fss.ch\/de\/spenden\/deinadieu\/","og_locale":"de_DE","og_type":"article","og_title":"DeinAdieu - SGB-FSS","og_description":"Alles geregelt? Ein gutes Gef\u00fchl! DeinAdieu ist das erste Online-Portal zum selbstbestimmten Lebensende. Experten [&hellip;]","og_url":"https:\/\/www.sgb-fss.ch\/de\/spenden\/deinadieu\/","og_site_name":"SGB-FSS","article_modified_time":"2023-10-26T14:39:56+00:00","og_image":[{"width":460,"height":458,"url":"https:\/\/www.sgb-fss.ch\/content\/uploads\/2023\/06\/dein-adieu.jpg","type":"image\/jpeg"}],"twitter_card":"summary_large_image","twitter_misc":{"Gesch\u00e4tzte Lesezeit":"2\u00a0Minuten"},"schema":{"@context":"https:\/\/schema.org","@graph":[{"@type":"WebPage","@id":"https:\/\/www.sgb-fss.ch\/de\/spenden\/deinadieu\/","url":"https:\/\/www.sgb-fss.ch\/de\/spenden\/deinadieu\/","name":"DeinAdieu - SGB-FSS","isPartOf":{"@id":"https:\/\/www.sgb-fss.ch\/de\/#website"},"primaryImageOfPage":{"@id":"https:\/\/www.sgb-fss.ch\/de\/spenden\/deinadieu\/#primaryimage"},"image":{"@id":"https:\/\/www.sgb-fss.ch\/de\/spenden\/deinadieu\/#primaryimage"},"thumbnailUrl":"https:\/\/www.sgb-fss.ch\/content\/uploads\/2023\/06\/dein-adieu.jpg","datePublished":"2023-08-02T09:18:48+00:00","dateModified":"2023-10-26T14:39:56+00:00","breadcrumb":{"@id":"https:\/\/www.sgb-fss.ch\/de\/spenden\/deinadieu\/#breadcrumb"},"inLanguage":"de","potentialAction":[{"@type":"ReadAction","target":["https:\/\/www.sgb-fss.ch\/de\/spenden\/deinadieu\/"]}]},{"@type":"ImageObject","inLanguage":"de","@id":"https:\/\/www.sgb-fss.ch\/de\/spenden\/deinadieu\/#primaryimage","url":"https:\/\/www.sgb-fss.ch\/content\/uploads\/2023\/06\/dein-adieu.jpg","contentUrl":"https:\/\/www.sgb-fss.ch\/content\/uploads\/2023\/06\/dein-adieu.jpg","width":460,"height":458},{"@type":"BreadcrumbList","@id":"https:\/\/www.sgb-fss.ch\/de\/spenden\/deinadieu\/#breadcrumb","itemListElement":[{"@type":"ListItem","position":1,"name":"Home","item":"https:\/\/www.sgb-fss.ch\/de\/"},{"@type":"ListItem","position":2,"name":"Spenden und Chance schenken","item":"https:\/\/www.sgb-fss.ch\/de\/spenden\/"},{"@type":"ListItem","position":3,"name":"DeinAdieu"}]},{"@type":"WebSite","@id":"https:\/\/www.sgb-fss.ch\/de\/#website","url":"https:\/\/www.sgb-fss.ch\/de\/","name":"SGB-FSS","description":"","potentialAction":[{"@type":"SearchAction","target":{"@type":"EntryPoint","urlTemplate":"https:\/\/www.sgb-fss.ch\/de\/?s={search_term_string}"},"query-input":{"@type":"PropertyValueSpecification","valueRequired":true,"valueName":"search_term_string"}}],"inLanguage":"de"}]}},"_links":{"self":[{"href":"https:\/\/www.sgb-fss.ch\/de\/wp-json\/wp\/v2\/pages\/21298","targetHints":{"allow":["GET"]}}],"collection":[{"href":"https:\/\/www.sgb-fss.ch\/de\/wp-json\/wp\/v2\/pages"}],"about":[{"href":"https:\/\/www.sgb-fss.ch\/de\/wp-json\/wp\/v2\/types\/page"}],"author":[{"embeddable":true,"href":"https:\/\/www.sgb-fss.ch\/de\/wp-json\/wp\/v2\/users\/40"}],"replies":[{"embeddable":true,"href":"https:\/\/www.sgb-fss.ch\/de\/wp-json\/wp\/v2\/comments?post=21298"}],"version-history":[{"count":30,"href":"https:\/\/www.sgb-fss.ch\/de\/wp-json\/wp\/v2\/pages\/21298\/revisions"}],"predecessor-version":[{"id":28133,"href":"https:\/\/www.sgb-fss.ch\/de\/wp-json\/wp\/v2\/pages\/21298\/revisions\/28133"}],"up":[{"embeddable":true,"href":"https:\/\/www.sgb-fss.ch\/de\/wp-json\/wp\/v2\/pages\/9091"}],"wp:featuredmedia":[{"embeddable":true,"href":"https:\/\/www.sgb-fss.ch\/de\/wp-json\/wp\/v2\/media\/21324"}],"wp:attachment":[{"href":"https:\/\/www.sgb-fss.ch\/de\/wp-json\/wp\/v2\/media?parent=21298"}],"curies":[{"name":"wp","href":"https:\/\/api.w.org\/{rel}","templated":true}]}}