{"id":21290,"date":"2023-08-02T11:19:48","date_gmt":"2023-08-02T09:19:48","guid":{"rendered":"https:\/\/www.sgb-fss.ch\/?page_id=21290"},"modified":"2026-04-16T09:47:05","modified_gmt":"2026-04-16T07:47:05","slug":"erbschaften-und-legate","status":"publish","type":"page","link":"https:\/\/www.sgb-fss.ch\/de\/spenden\/erbschaften-und-legate\/","title":{"rendered":"Erbschaften und Legate"},"content":{"rendered":"\n<p class=\"is-style-lead\"><strong>Menschen mit einer H\u00f6rbehinderung etwas weitergeben.<\/strong><br>Wenn Sie den Schweizerischen Geh\u00f6rlosenbund in Ihrem Testament ber\u00fccksichtigen, tragen Sie \u00fcber das Leben hinaus dazu bei, dass geh\u00f6rlose Menschen und deren Familien die n\u00f6tige Unterst\u00fctzung erhalten.<\/p>\n\n\n\n<figure class=\"wp-block-image size-large\"><img loading=\"lazy\" decoding=\"async\" width=\"1024\" height=\"576\" src=\"https:\/\/www.sgb-fss.ch\/content\/uploads\/2021\/04\/vererben_beitragsbild-1024x576.jpg\" alt=\"\" class=\"wp-image-2443\" srcset=\"https:\/\/www.sgb-fss.ch\/content\/uploads\/2021\/04\/vererben_beitragsbild-1024x576.jpg 1024w, https:\/\/www.sgb-fss.ch\/content\/uploads\/2021\/04\/vererben_beitragsbild-300x169.jpg 300w, https:\/\/www.sgb-fss.ch\/content\/uploads\/2021\/04\/vererben_beitragsbild-150x84.jpg 150w, https:\/\/www.sgb-fss.ch\/content\/uploads\/2021\/04\/vererben_beitragsbild-768x432.jpg 768w, https:\/\/www.sgb-fss.ch\/content\/uploads\/2021\/04\/vererben_beitragsbild-1536x864.jpg 1536w, https:\/\/www.sgb-fss.ch\/content\/uploads\/2021\/04\/vererben_beitragsbild-2048x1152.jpg 2048w, https:\/\/www.sgb-fss.ch\/content\/uploads\/2021\/04\/vererben_beitragsbild-178x100.jpg 178w\" sizes=\"auto, (max-width: 1024px) 100vw, 1024px\" \/><\/figure>\n\n\n\n<p class=\"is-style-lead\"><strong>Wir unterst\u00fctzen Sie!<\/strong><\/p>\n\n\n\n<p>Der Schweizerische Geh\u00f6rlosenbund ist eine Non-Profit Organisation und setzt sich daf\u00fcr ein, dass Barrieren im Alltag f\u00fcr geh\u00f6rlose und h\u00f6rbehinderte Menschen gesamtschweizerisch abgebaut werden und sie einen gleichberechtigten Platz in der Gesellschaft einnehmen k\u00f6nnen. <\/p>\n\n\n\n<p>Die Chancengleichheit sowie das aufzeigen von M\u00f6glichkeiten einer gelingenden Inklusion stehen dabei im Fokus. Ihr Beitrag bewirkt, dass wir und weiterhin und mit viel Herzblut und Engagement f\u00fcr die Geh\u00f6rlosengemeinschaft einsetzen k\u00f6nnen.<\/p>\n\n\n\n<div class=\"wp-block-columns is-layout-flex wp-container-core-columns-is-layout-9d6595d7 wp-block-columns-is-layout-flex\">\n<div class=\"wp-block-column is-layout-flow wp-block-column-is-layout-flow\" style=\"flex-basis:100%\">\n<div class=\"wp-block-group has-sgb-fss-rot-15-background-color has-background is-layout-constrained wp-block-group-is-layout-constrained\">\n<p class=\"is-style-lead\"><strong>Das Testament<\/strong><\/p>\n\n\n\n<p>Rund drei Viertel aller Schweizerinnen und Schweizer hinterlassen kein Testament. Ohne Testament wird nach dem Ableben, gem\u00e4ss den Bestimmungen des Zivilgesetzbuches vererbt. Diese gesetzliche Erbfolge entspricht jedoch nicht unbedingt dem, was Sie sich w\u00fcnschen.<\/p>\n\n\n\n<p>Es gibt also gute Gr\u00fcnde, warum Sie sich m\u00f6glichst fr\u00fch mit dem eigenen Testament befassen sollten. <\/p>\n\n\n\n<p>So erlaubt Ihnen ein Testament, neben den Pflichtteilen f\u00fcr Ihre Verwandten auch Personen ausserhalb der Familie oder Organisationen zu ber\u00fccksichtigen, die Ihnen schon zu Lebzeiten viel bedeutet haben. <\/p>\n\n\n\n<div class=\"wp-block-buttons is-content-justification-center is-layout-flex wp-container-core-buttons-is-layout-16018d1d wp-block-buttons-is-layout-flex\">\n<div class=\"wp-block-button\"><a class=\"wp-block-button__link wp-element-button\" href=\"https:\/\/app.deinadieu.ch\/testamentgenerator\/ngo\/7647\" target=\"_blank\" rel=\"noreferrer noopener\">Weiter zu DeinAdieu<\/a><\/div>\n<\/div>\n<\/div>\n<\/div>\n<\/div>\n\n\n\n<div class=\"wp-block-columns is-layout-flex wp-container-core-columns-is-layout-9d6595d7 wp-block-columns-is-layout-flex\">\n<div class=\"wp-block-column is-layout-flow wp-block-column-is-layout-flow\" style=\"flex-basis:100%\">\n<div class=\"wp-block-group has-pflaume-10-background-color has-background is-layout-constrained wp-block-group-is-layout-constrained\">\n<p class=\"is-style-lead\"><strong>Erbschaft oder Legat<\/strong><\/p>\n\n\n\n<p>Wenn Sie eine Person beereben m\u00f6chten, die nicht in Ihrer Familie ist, wird diese Person automatisch Teil der Erbgemeinschaft. Mit einem Legat k\u00f6nnen Sie nicht nur Personen ausserhalb der Familie etwas vermachen sondern auch Organisationen mit einem Verm\u00e4chtnis unterst\u00fctzen. <\/p>\n\n\n\n<p>Wir stehen Ihnen bei Fragen gerne zur Verf\u00fcgung. Gemeinsam mit unserem Partner <strong>DeinAdieu<\/strong> stellen wir Ihnen einen kostenlosen Erbschaftspezialisten an die Seite. Auf der Online-Platform von <strong>DeinAdieu<\/strong> besteht die M\u00f6glichkeit, Ihren letzten Willen unkompliziert und kostenlos niederzuschreiben. Weitere Informationen finden sie auch in unserem Ratgeber.<\/p>\n\n\n\n<div class=\"wp-block-buttons is-content-justification-center is-layout-flex wp-container-core-buttons-is-layout-16018d1d wp-block-buttons-is-layout-flex\">\n<div class=\"wp-block-button\"><a class=\"wp-block-button__link wp-element-button\" href=\"https:\/\/www.deinadieu.ch\/?utm_source=google&amp;utm_medium=cpc&amp;utm_campaign=DSA_de_Testament&amp;utm_term&amp;gad_source=1&amp;gad_campaignid=1341299662&amp;gclid=CjwKCAjw1tLOBhAMEiwAiPkRHn10Xrs4qY11zav67-ArCcDGOxTnV59BkxXHYDtcFA2Ppxlk_WpFOxoCnZEQAvD_BwE\">Weiter zu DeinAdieu<\/a><\/div>\n<\/div>\n<\/div>\n<\/div>\n<\/div>\n\n\n\n<div class=\"wp-block-columns is-layout-flex wp-container-core-columns-is-layout-9d6595d7 wp-block-columns-is-layout-flex\">\n<div class=\"wp-block-column is-layout-flow wp-block-column-is-layout-flow\" style=\"flex-basis:100%\">\n<div class=\"wp-block-group has-sgb-fss-blue-30-background-color has-background is-layout-flow wp-block-group-is-layout-flow\">\n<div class=\"wp-block-columns is-layout-flex wp-container-core-columns-is-layout-9d6595d7 wp-block-columns-is-layout-flex\">\n<div class=\"wp-block-column is-layout-flow wp-block-column-is-layout-flow\">\n<figure class=\"wp-block-image size-large\"><a href=\"https:\/\/www.sgb-fss.ch\/content\/uploads\/2023\/12\/legat-d-internet.pdf\" target=\"_blank\" rel=\"noreferrer noopener\"><img loading=\"lazy\" decoding=\"async\" width=\"1024\" height=\"1448\" src=\"https:\/\/www.sgb-fss.ch\/content\/uploads\/2021\/04\/vererben_bild1_legatsbroschuere_dt-1024x1448.jpg\" alt=\"\" class=\"wp-image-2458\" srcset=\"https:\/\/www.sgb-fss.ch\/content\/uploads\/2021\/04\/vererben_bild1_legatsbroschuere_dt-1024x1448.jpg 1024w, https:\/\/www.sgb-fss.ch\/content\/uploads\/2021\/04\/vererben_bild1_legatsbroschuere_dt-300x424.jpg 300w, https:\/\/www.sgb-fss.ch\/content\/uploads\/2021\/04\/vererben_bild1_legatsbroschuere_dt-150x212.jpg 150w, https:\/\/www.sgb-fss.ch\/content\/uploads\/2021\/04\/vererben_bild1_legatsbroschuere_dt-768x1086.jpg 768w, https:\/\/www.sgb-fss.ch\/content\/uploads\/2021\/04\/vererben_bild1_legatsbroschuere_dt-1086x1536.jpg 1086w, https:\/\/www.sgb-fss.ch\/content\/uploads\/2021\/04\/vererben_bild1_legatsbroschuere_dt-71x100.jpg 71w, https:\/\/www.sgb-fss.ch\/content\/uploads\/2021\/04\/vererben_bild1_legatsbroschuere_dt.jpg 1240w\" sizes=\"auto, (max-width: 1024px) 100vw, 1024px\" \/><\/a><\/figure>\n<\/div>\n\n\n\n<div class=\"wp-block-column is-layout-flow wp-block-column-is-layout-flow\">\n<h3 class=\"wp-block-heading has-text-align-center\">Unser <strong>Gratis-Ratgeber <\/strong><br><strong>hilft Ihnen weiter<\/strong><\/h3>\n\n\n\n<p class=\"has-text-align-center\">Unser Ratgeber beantwortet Ihnen wichtige Fragen rund um Ihr Testament. Unter anderem zeigt er Ihnen, wie Sie Ihren Nachlass aufteilen k\u00f6nnen und Ihr Testament verfassen.<\/p>\n\n\n\n<div class=\"wp-block-buttons is-content-justification-center is-layout-flex wp-container-core-buttons-is-layout-16018d1d wp-block-buttons-is-layout-flex\">\n<div class=\"wp-block-button\"><a class=\"wp-block-button__link has-sgb-fss-rot-background-color has-background wp-element-button\" href=\"https:\/\/www.sgb-fss.ch\/content\/uploads\/ratgeber-testament-und-legat.pdf\" target=\"_blank\" rel=\"noreferrer noopener\">Ratgeber <br>\u00abTestament &amp; Legat\u00bb<\/a><\/div>\n<\/div>\n<\/div>\n<\/div>\n<\/div>\n<\/div>\n<\/div>\n\n\n<div class=\"block block-teaserpages\" id=\"block_7a2aa1d5805782e6c31c68344a020238\" data-block=\"Teaser Pages\">\n  <ul class=\"block-teaserpages__list\">\n            <li class=\"block-teaserpages__item\">\n        <a class=\"accent teaserpage\" href=\"https:\/\/www.sgb-fss.ch\/de\/spenden\/deinadieu\/\">\n  <div class=\"teaserpage__thumbnail\">\n            <div class=\"image teaserpage__thumbnail-image\" >\n    <img decoding=\"async\"\n      loading=\"lazy\"\n      class=\"image__object lazyload\"\n      src=\"https:\/\/www.sgb-fss.ch\/content\/uploads\/2023\/06\/dein-adieu-1440x0-c-default.jpg\"       data-sizes=\"auto\"\n      data-srcset=\"https:\/\/www.sgb-fss.ch\/content\/uploads\/2023\/06\/dein-adieu-1000x0-c-default.jpg 1000w, https:\/\/www.sgb-fss.ch\/content\/uploads\/2023\/06\/dein-adieu-700x0-c-default.jpg 700w, https:\/\/www.sgb-fss.ch\/content\/uploads\/2023\/06\/dein-adieu-350x0-c-default.jpg 350w, \"\n      alt=\"\"\n      width=\"460\"\n      height=\"458\"\n            >\n  <\/div>\n      <\/div>\n  <h3 class=\"teaserpage__title\">DeinAdieu<\/h3>\n  <p class=\"teaserpage__lead\">DeinAdieu ist das erste Online-Portal zum selbstbestimmten Lebensende. Experten und Juristen im Bereich Erbschaften und Legate unterst\u00fctzen Sie, darin ein auf Ihre W\u00fcnsche und Ihre Situation angepasstes Testament zu erstellen und beraten Sie vollumf\u00e4nglich.<\/p>  <\/a>\n      <\/li>\n            <li class=\"block-teaserpages__item\">\n        <a class=\"accent teaserpage\" href=\"https:\/\/www.sgb-fss.ch\/de\/spenden\/trauerspende-ueberweisen\/\">\n  <div class=\"teaserpage__thumbnail\">\n            <div class=\"image teaserpage__thumbnail-image\" >\n    <img decoding=\"async\"\n      loading=\"lazy\"\n      class=\"image__object lazyload\"\n      src=\"https:\/\/www.sgb-fss.ch\/content\/uploads\/2021\/04\/trauerspende_beitragsbild-1440x0-c-default.jpg\"       data-sizes=\"auto\"\n      data-srcset=\"https:\/\/www.sgb-fss.ch\/content\/uploads\/2021\/04\/trauerspende_beitragsbild-1000x0-c-default.jpg 1000w, https:\/\/www.sgb-fss.ch\/content\/uploads\/2021\/04\/trauerspende_beitragsbild-700x0-c-default.jpg 700w, https:\/\/www.sgb-fss.ch\/content\/uploads\/2021\/04\/trauerspende_beitragsbild-350x0-c-default.jpg 350w, \"\n      alt=\"\"\n      width=\"540\"\n      height=\"330\"\n            >\n  <\/div>\n      <\/div>\n  <h3 class=\"teaserpage__title\">Trauerspende<\/h3>\n  <p class=\"teaserpage__lead\">Ihre Spende in Gedenken an einen verstorbenen Menschen ist eine besondere Geste der Trauer.  Sollten Sie erw\u00e4gen den Schweizerischen Geh\u00f6rlosenbund mit eine Kollekte zu unterst\u00fctzen, finden sie hier hilfreiche Informationen ihr Vorhaben umzusetzen.<\/p>  <\/a>\n      <\/li>\n            <li class=\"block-teaserpages__item\">\n        <a class=\"accent teaserpage\" href=\"https:\/\/www.sgb-fss.ch\/de\/spenden\/spendengeschichten\/\">\n  <div class=\"teaserpage__thumbnail\">\n            <div class=\"image teaserpage__thumbnail-image\" >\n    <img decoding=\"async\"\n      loading=\"lazy\"\n      class=\"image__object lazyload\"\n      src=\"https:\/\/www.sgb-fss.ch\/content\/uploads\/2023\/05\/bildung_fruehfoerderung-scaled-e1684152377706-1440x0-c-default.jpg\"       data-sizes=\"auto\"\n      data-srcset=\"https:\/\/www.sgb-fss.ch\/content\/uploads\/2023\/05\/bildung_fruehfoerderung-scaled-e1684152377706-1000x0-c-default.jpg 1000w, https:\/\/www.sgb-fss.ch\/content\/uploads\/2023\/05\/bildung_fruehfoerderung-scaled-e1684152377706-700x0-c-default.jpg 700w, https:\/\/www.sgb-fss.ch\/content\/uploads\/2023\/05\/bildung_fruehfoerderung-scaled-e1684152377706-350x0-c-default.jpg 350w, \"\n      alt=\"\"\n      width=\"2560\"\n      height=\"1440\"\n            >\n  <\/div>\n      <\/div>\n  <h3 class=\"teaserpage__title\">Spendengeschichten<\/h3>\n  <p class=\"teaserpage__lead\">Jede Spende erz\u00e4hlt eine Geschichte. Ihre Spende hilft uns, Familien bei der Integration ihrer Kinder im Alltag zu unterst\u00fctzen und geh\u00f6rlose Menschen eine gleichberechtigte Teilhabe in der Gesellschaft zu erm\u00f6glichen. <\/p>  <\/a>\n      <\/li>\n    <\/ul>\n<\/div>\n\n\n\n<div class=\"wp-block-group is-layout-flow wp-block-group-is-layout-flow\"><div class=\"block block-teasercontacts block-teasercontacts--boxed\" id=\"block_155b62f2977ae3fa1aa9489f226ee9e2\" data-block=\"Teaser Contacts\">\n    <div class=\"block-teasercontacts__header\"><p class=\"block-teasercontacts__title\">Fragen zu den Erbschaften und Legaten?<br>Ich freue mich auf Ihre Nachricht.<\/p><\/div>    <div class=\"block-teasercontacts__list\">\n                                        <div class=\"block-teasercontacts__item\">\n                <div class=\"block-teasercontacts__link\">\n                    <div class=\"block-teasercontacts__media\">\n                        <div class=\"block-teasercontacts__thumbnail accent__red has-background-accent\">\n                                                              <div class=\"image block-teasercontacts__thumbnail-image\" >\n    <img decoding=\"async\"\n      loading=\"lazy\"\n      class=\"image__object lazyload\"\n      src=\"https:\/\/www.sgb-fss.ch\/content\/uploads\/mathias-schumacher_portraet-1440x0-c-default.jpg\"       data-sizes=\"auto\"\n      data-srcset=\"https:\/\/www.sgb-fss.ch\/content\/uploads\/mathias-schumacher_portraet-200x0-c-default.jpg 200w, https:\/\/www.sgb-fss.ch\/content\/uploads\/mathias-schumacher_portraet-100x0-c-default.jpg 100w, \"\n      alt=\"\"\n      width=\"1440\"\n      height=\"1440\"\n            >\n  <\/div>\n                                                    <\/div>\n                    <\/div>\n                    <div class=\"block-teasercontacts__text\">\n                        <p class=\"block-teasercontacts__name\"><strong><a href=\"https:\/\/www.sgb-fss.ch\/de\/team\/matthias-schumacher\/\">Matthias Schumacher<\/a><\/strong><\/p>\n                        <p class=\"block-teasercontacts__lead\">Fundraising<\/p>                    <\/div>\n                    <div class=\"block-teasercontacts__contacts\">\n                                                    <p>\n                                                                <a class=\"wp-block-button is-style-transparent\" href=\"mailto:m.schumacher@sgb-fss.ch\"><span class=\"wp-block-button__link\"><i class=\"icon icon--mail\"><svg data-name=\"Ebene 1\" xmlns=\"http:\/\/www.w3.org\/2000\/svg\" viewBox=\"0 0 24 24\"><path d=\"M20.76 2.31H3.24A3.12 3.12 0 0 0 .12 5.43v13.14a3.12 3.12 0 0 0 3.12 3.12h17.52a3.12 3.12 0 0 0 3.12-3.12V5.43a3.12 3.12 0 0 0-3.12-3.12zM2.09 5a1.27 1.27 0 0 1 1.15-.78h17.52a1.24 1.24 0 0 1 1.11.74l.05.09-.09.06L12 12l-.07-.05-9.87-6.9zM22 18.57a1.26 1.26 0 0 1-1.26 1.27H3.24A1.27 1.27 0 0 1 2 18.57V7.21l9.5 6.69a.89.89 0 0 0 1 0L22 7.25z\"\/><\/svg><\/i><span class=\"wp-block-button__label\">m.schumacher@sgb-fss.ch<\/span><\/span><\/a>                                                            <\/p>\n                                            <\/div>\n                <\/div>\n            <\/div>\n                    <\/div>\n<\/div>\n<\/div>\n\n\n\n<p><\/p>\n","protected":false},"excerpt":{"rendered":"<p>Menschen mit einer H\u00f6rbehinderung etwas weitergeben.Wenn Sie den Schweizerischen Geh\u00f6rlosenbund in Ihrem Testament ber\u00fccksichtigen, [&hellip;]<\/p>\n","protected":false},"author":40,"featured_media":2443,"parent":9091,"menu_order":3,"comment_status":"closed","ping_status":"closed","template":"","meta":{"_acf_changed":false,"inline_featured_image":false,"footnotes":""},"class_list":["post-21290","page","type-page","status-publish","has-post-thumbnail","hentry"],"acf":[],"yoast_head":"<!-- This site is optimized with the Yoast SEO plugin v27.4 - https:\/\/yoast.com\/product\/yoast-seo-wordpress\/ -->\n<title>Erbschaften und Legate - SGB-FSS<\/title>\n<meta name=\"robots\" content=\"index, follow, max-snippet:-1, max-image-preview:large, max-video-preview:-1\" \/>\n<link rel=\"canonical\" href=\"https:\/\/www.sgb-fss.ch\/de\/spenden\/erbschaften-und-legate\/\" \/>\n<meta property=\"og:locale\" content=\"de_DE\" \/>\n<meta property=\"og:type\" content=\"article\" \/>\n<meta property=\"og:title\" content=\"Erbschaften und Legate - SGB-FSS\" \/>\n<meta property=\"og:description\" content=\"Menschen mit einer H\u00f6rbehinderung etwas weitergeben.Wenn Sie den Schweizerischen Geh\u00f6rlosenbund in Ihrem Testament ber\u00fccksichtigen, [&hellip;]\" \/>\n<meta property=\"og:url\" content=\"https:\/\/www.sgb-fss.ch\/de\/spenden\/erbschaften-und-legate\/\" \/>\n<meta property=\"og:site_name\" content=\"SGB-FSS\" \/>\n<meta property=\"article:modified_time\" content=\"2026-04-16T07:47:05+00:00\" \/>\n<meta property=\"og:image\" content=\"https:\/\/www.sgb-fss.ch\/content\/uploads\/2021\/04\/vererben_beitragsbild-scaled.jpg\" \/>\n\t<meta property=\"og:image:width\" content=\"2560\" \/>\n\t<meta property=\"og:image:height\" content=\"1440\" \/>\n\t<meta property=\"og:image:type\" content=\"image\/jpeg\" \/>\n<meta name=\"twitter:card\" content=\"summary_large_image\" \/>\n<meta name=\"twitter:label1\" content=\"Gesch\u00e4tzte Lesezeit\" \/>\n\t<meta name=\"twitter:data1\" content=\"3\u00a0Minuten\" \/>\n<script type=\"application\/ld+json\" class=\"yoast-schema-graph\">{\"@context\":\"https:\\\/\\\/schema.org\",\"@graph\":[{\"@type\":\"WebPage\",\"@id\":\"https:\\\/\\\/www.sgb-fss.ch\\\/de\\\/spenden\\\/erbschaften-und-legate\\\/\",\"url\":\"https:\\\/\\\/www.sgb-fss.ch\\\/de\\\/spenden\\\/erbschaften-und-legate\\\/\",\"name\":\"Erbschaften und Legate - SGB-FSS\",\"isPartOf\":{\"@id\":\"https:\\\/\\\/www.sgb-fss.ch\\\/de\\\/#website\"},\"primaryImageOfPage\":{\"@id\":\"https:\\\/\\\/www.sgb-fss.ch\\\/de\\\/spenden\\\/erbschaften-und-legate\\\/#primaryimage\"},\"image\":{\"@id\":\"https:\\\/\\\/www.sgb-fss.ch\\\/de\\\/spenden\\\/erbschaften-und-legate\\\/#primaryimage\"},\"thumbnailUrl\":\"https:\\\/\\\/www.sgb-fss.ch\\\/content\\\/uploads\\\/2021\\\/04\\\/vererben_beitragsbild-scaled.jpg\",\"datePublished\":\"2023-08-02T09:19:48+00:00\",\"dateModified\":\"2026-04-16T07:47:05+00:00\",\"breadcrumb\":{\"@id\":\"https:\\\/\\\/www.sgb-fss.ch\\\/de\\\/spenden\\\/erbschaften-und-legate\\\/#breadcrumb\"},\"inLanguage\":\"de\",\"potentialAction\":[{\"@type\":\"ReadAction\",\"target\":[\"https:\\\/\\\/www.sgb-fss.ch\\\/de\\\/spenden\\\/erbschaften-und-legate\\\/\"]}]},{\"@type\":\"ImageObject\",\"inLanguage\":\"de\",\"@id\":\"https:\\\/\\\/www.sgb-fss.ch\\\/de\\\/spenden\\\/erbschaften-und-legate\\\/#primaryimage\",\"url\":\"https:\\\/\\\/www.sgb-fss.ch\\\/content\\\/uploads\\\/2021\\\/04\\\/vererben_beitragsbild-scaled.jpg\",\"contentUrl\":\"https:\\\/\\\/www.sgb-fss.ch\\\/content\\\/uploads\\\/2021\\\/04\\\/vererben_beitragsbild-scaled.jpg\",\"width\":2560,\"height\":1440},{\"@type\":\"BreadcrumbList\",\"@id\":\"https:\\\/\\\/www.sgb-fss.ch\\\/de\\\/spenden\\\/erbschaften-und-legate\\\/#breadcrumb\",\"itemListElement\":[{\"@type\":\"ListItem\",\"position\":1,\"name\":\"Home\",\"item\":\"https:\\\/\\\/www.sgb-fss.ch\\\/de\\\/\"},{\"@type\":\"ListItem\",\"position\":2,\"name\":\"Spenden und Chance schenken\",\"item\":\"https:\\\/\\\/www.sgb-fss.ch\\\/de\\\/spenden\\\/\"},{\"@type\":\"ListItem\",\"position\":3,\"name\":\"Erbschaften und Legate\"}]},{\"@type\":\"WebSite\",\"@id\":\"https:\\\/\\\/www.sgb-fss.ch\\\/de\\\/#website\",\"url\":\"https:\\\/\\\/www.sgb-fss.ch\\\/de\\\/\",\"name\":\"SGB-FSS\",\"description\":\"\",\"potentialAction\":[{\"@type\":\"SearchAction\",\"target\":{\"@type\":\"EntryPoint\",\"urlTemplate\":\"https:\\\/\\\/www.sgb-fss.ch\\\/de\\\/?s={search_term_string}\"},\"query-input\":{\"@type\":\"PropertyValueSpecification\",\"valueRequired\":true,\"valueName\":\"search_term_string\"}}],\"inLanguage\":\"de\"}]}<\/script>\n<!-- \/ Yoast SEO plugin. -->","yoast_head_json":{"title":"Erbschaften und Legate - SGB-FSS","robots":{"index":"index","follow":"follow","max-snippet":"max-snippet:-1","max-image-preview":"max-image-preview:large","max-video-preview":"max-video-preview:-1"},"canonical":"https:\/\/www.sgb-fss.ch\/de\/spenden\/erbschaften-und-legate\/","og_locale":"de_DE","og_type":"article","og_title":"Erbschaften und Legate - SGB-FSS","og_description":"Menschen mit einer H\u00f6rbehinderung etwas weitergeben.Wenn Sie den Schweizerischen Geh\u00f6rlosenbund in Ihrem Testament ber\u00fccksichtigen, [&hellip;]","og_url":"https:\/\/www.sgb-fss.ch\/de\/spenden\/erbschaften-und-legate\/","og_site_name":"SGB-FSS","article_modified_time":"2026-04-16T07:47:05+00:00","og_image":[{"width":2560,"height":1440,"url":"https:\/\/www.sgb-fss.ch\/content\/uploads\/2021\/04\/vererben_beitragsbild-scaled.jpg","type":"image\/jpeg"}],"twitter_card":"summary_large_image","twitter_misc":{"Gesch\u00e4tzte Lesezeit":"3\u00a0Minuten"},"schema":{"@context":"https:\/\/schema.org","@graph":[{"@type":"WebPage","@id":"https:\/\/www.sgb-fss.ch\/de\/spenden\/erbschaften-und-legate\/","url":"https:\/\/www.sgb-fss.ch\/de\/spenden\/erbschaften-und-legate\/","name":"Erbschaften und Legate - SGB-FSS","isPartOf":{"@id":"https:\/\/www.sgb-fss.ch\/de\/#website"},"primaryImageOfPage":{"@id":"https:\/\/www.sgb-fss.ch\/de\/spenden\/erbschaften-und-legate\/#primaryimage"},"image":{"@id":"https:\/\/www.sgb-fss.ch\/de\/spenden\/erbschaften-und-legate\/#primaryimage"},"thumbnailUrl":"https:\/\/www.sgb-fss.ch\/content\/uploads\/2021\/04\/vererben_beitragsbild-scaled.jpg","datePublished":"2023-08-02T09:19:48+00:00","dateModified":"2026-04-16T07:47:05+00:00","breadcrumb":{"@id":"https:\/\/www.sgb-fss.ch\/de\/spenden\/erbschaften-und-legate\/#breadcrumb"},"inLanguage":"de","potentialAction":[{"@type":"ReadAction","target":["https:\/\/www.sgb-fss.ch\/de\/spenden\/erbschaften-und-legate\/"]}]},{"@type":"ImageObject","inLanguage":"de","@id":"https:\/\/www.sgb-fss.ch\/de\/spenden\/erbschaften-und-legate\/#primaryimage","url":"https:\/\/www.sgb-fss.ch\/content\/uploads\/2021\/04\/vererben_beitragsbild-scaled.jpg","contentUrl":"https:\/\/www.sgb-fss.ch\/content\/uploads\/2021\/04\/vererben_beitragsbild-scaled.jpg","width":2560,"height":1440},{"@type":"BreadcrumbList","@id":"https:\/\/www.sgb-fss.ch\/de\/spenden\/erbschaften-und-legate\/#breadcrumb","itemListElement":[{"@type":"ListItem","position":1,"name":"Home","item":"https:\/\/www.sgb-fss.ch\/de\/"},{"@type":"ListItem","position":2,"name":"Spenden und Chance schenken","item":"https:\/\/www.sgb-fss.ch\/de\/spenden\/"},{"@type":"ListItem","position":3,"name":"Erbschaften und Legate"}]},{"@type":"WebSite","@id":"https:\/\/www.sgb-fss.ch\/de\/#website","url":"https:\/\/www.sgb-fss.ch\/de\/","name":"SGB-FSS","description":"","potentialAction":[{"@type":"SearchAction","target":{"@type":"EntryPoint","urlTemplate":"https:\/\/www.sgb-fss.ch\/de\/?s={search_term_string}"},"query-input":{"@type":"PropertyValueSpecification","valueRequired":true,"valueName":"search_term_string"}}],"inLanguage":"de"}]}},"_links":{"self":[{"href":"https:\/\/www.sgb-fss.ch\/de\/wp-json\/wp\/v2\/pages\/21290","targetHints":{"allow":["GET"]}}],"collection":[{"href":"https:\/\/www.sgb-fss.ch\/de\/wp-json\/wp\/v2\/pages"}],"about":[{"href":"https:\/\/www.sgb-fss.ch\/de\/wp-json\/wp\/v2\/types\/page"}],"author":[{"embeddable":true,"href":"https:\/\/www.sgb-fss.ch\/de\/wp-json\/wp\/v2\/users\/40"}],"replies":[{"embeddable":true,"href":"https:\/\/www.sgb-fss.ch\/de\/wp-json\/wp\/v2\/comments?post=21290"}],"version-history":[{"count":32,"href":"https:\/\/www.sgb-fss.ch\/de\/wp-json\/wp\/v2\/pages\/21290\/revisions"}],"predecessor-version":[{"id":44676,"href":"https:\/\/www.sgb-fss.ch\/de\/wp-json\/wp\/v2\/pages\/21290\/revisions\/44676"}],"up":[{"embeddable":true,"href":"https:\/\/www.sgb-fss.ch\/de\/wp-json\/wp\/v2\/pages\/9091"}],"wp:featuredmedia":[{"embeddable":true,"href":"https:\/\/www.sgb-fss.ch\/de\/wp-json\/wp\/v2\/media\/2443"}],"wp:attachment":[{"href":"https:\/\/www.sgb-fss.ch\/de\/wp-json\/wp\/v2\/media?parent=21290"}],"curies":[{"name":"wp","href":"https:\/\/api.w.org\/{rel}","templated":true}]}}