{"id":21232,"date":"2023-08-02T11:31:12","date_gmt":"2023-08-02T09:31:12","guid":{"rendered":"https:\/\/www.sgb-fss.ch\/?page_id=21232"},"modified":"2025-10-01T14:33:51","modified_gmt":"2025-10-01T12:33:51","slug":"spendengeschichten","status":"publish","type":"page","link":"https:\/\/www.sgb-fss.ch\/de\/spenden\/spendengeschichten\/","title":{"rendered":"Spendengeschichten"},"content":{"rendered":"\n<p class=\"is-style-lead\">Jede Spende erz\u00e4hlt eine Geschichte. Ihre Spende hilft uns, Familien bei der Integration ihrer Kinder im Alltag zu unterst\u00fctzen und geh\u00f6rlosen Menschen eine gleichberechtigte Teilhabe in der Gesellschaft zu erm\u00f6glichen. Mit ihrer Spende k\u00f6nnen wir unsere Projekte verwirklichen und Zeichen setzen.<\/p>\n\n\n\n<div class=\"wp-block-columns is-layout-flex wp-container-core-columns-is-layout-9d6595d7 wp-block-columns-is-layout-flex\">\n<div class=\"wp-block-column is-layout-flow wp-block-column-is-layout-flow\">\n<figure class=\"wp-block-image size-full is-resized\"><img decoding=\"async\" src=\"https:\/\/www.sgb-fss.ch\/content\/uploads\/2023\/10\/laura-setz.jpg\" alt=\"\" class=\"wp-image-27950\" style=\"aspect-ratio:0.8451327433628318;width:329px;height:auto\"\/><\/figure>\n\n\n\n<p><strong><a href=\"https:\/\/www.sgb-fss.ch\/content\/uploads\/2023\/07\/sgb-ganzohr-2023-2-de-web.pdf\" target=\"_blank\" rel=\"noreferrer noopener\">Laura Setz  &#8211; Geh\u00f6rlose Physiotherapeutin<\/a><\/strong><\/p>\n\n\n\n<p>Als erste geh\u00f6rlose Person hat Laura Setz ein Bachelorstudium in Physiotherapie an der Z\u00fcrcher Hochschule f\u00fcr Angewandte Wissenschaften (ZHAW) absolviert. Der Weg war jedoch steinig und zeigt exemplarisch den Weg den geh\u00f6rlose Menschen im Arbeitsleben gehen m\u00fcssen um ihre Ziele zu erreichen.<\/p>\n<\/div>\n\n\n\n<div class=\"wp-block-column is-layout-flow wp-block-column-is-layout-flow\">\n<figure class=\"wp-block-image size-full is-resized\"><img decoding=\"async\" src=\"https:\/\/www.sgb-fss.ch\/content\/uploads\/2023\/10\/globi.jpg\" alt=\"\" class=\"wp-image-28020\" style=\"aspect-ratio:0.8246753246753247;width:320px;height:auto\"\/><\/figure>\n\n\n\n<p><strong><a href=\"https:\/\/www.sgb-fss.ch\/content\/uploads\/2023\/10\/2023_kinderlager.pdf\" target=\"_blank\" rel=\"noreferrer noopener\">Kinderlager 2023: &#8222;Wo ist Globi&#8220;<\/a><\/strong><br><br>Im Herbst 2023 fand wieder ein Kinderlager des Schweizerischen Geh\u00f6rlosenbundes statt. Das Programm bietet jeweils Abenteuer f\u00fcr geh\u00f6rlose, schwerh\u00f6rige und h\u00f6rende Kinder und findet in den Deutschschweizer Schulferien statt. Das Kinderlager ist eine gute M\u00f6glichkeit Freundschaften zu kn\u00fcpfen und Spannendes zu erleben. <\/p>\n<\/div>\n<\/div>\n\n\n\n<div class=\"wp-block-columns is-layout-flex wp-container-core-columns-is-layout-9d6595d7 wp-block-columns-is-layout-flex\">\n<div class=\"wp-block-column is-layout-flow wp-block-column-is-layout-flow\">\n<figure class=\"wp-block-image size-full\"><img loading=\"lazy\" decoding=\"async\" width=\"331\" height=\"449\" src=\"https:\/\/www.sgb-fss.ch\/content\/uploads\/2023\/10\/arbeit-und-awareness.jpg\" alt=\"\" class=\"wp-image-27964\" srcset=\"https:\/\/www.sgb-fss.ch\/content\/uploads\/2023\/10\/arbeit-und-awareness.jpg 331w, https:\/\/www.sgb-fss.ch\/content\/uploads\/2023\/10\/arbeit-und-awareness-300x407.jpg 300w, https:\/\/www.sgb-fss.ch\/content\/uploads\/2023\/10\/arbeit-und-awareness-150x203.jpg 150w, https:\/\/www.sgb-fss.ch\/content\/uploads\/2023\/10\/arbeit-und-awareness-74x100.jpg 74w\" sizes=\"auto, (max-width: 331px) 100vw, 331px\" \/><\/figure>\n\n\n\n<p><strong>Unternehmen sensibilisieren<\/strong><\/p>\n\n\n\n<p>Eine<strong><a href=\"https:\/\/www.sgb-fss.ch\/de\/bereiche\/arbeit\/workshops\/\" target=\"_blank\" rel=\"noreferrer noopener\"> Angebot f\u00fcr Firmen<\/a><\/strong> welches aufzeigt, was es bedeutet, h\u00f6rbehinderte<br>Arbeitnehmende zu besch\u00e4ftigen. Dadurch werden Vorurteile <br>abgebaut und Chancen f\u00fcr geh\u00f6rlose Personen auf dem Arbeitsmarkt<br>erh\u00f6ht. <strong><a href=\"https:\/\/www.sgb-fss.ch\/de\/bereiche\/arbeit\/webinare\/\">Die Webinare <\/a><\/strong>und die Grundlagendokumente unterst\u00fctzen F\u00fchrungskr\u00e4fte und HR-verantwortliche, Diversit\u00e4t am Arbeitsplatz zu leben.<\/p>\n<\/div>\n\n\n\n<div class=\"wp-block-column is-layout-flow wp-block-column-is-layout-flow\"><\/div>\n<\/div>\n\n\n\n<div class=\"wp-block-group is-layout-flow wp-block-group-is-layout-flow\"><div class=\"block block-teasercontacts block-teasercontacts--boxed\" id=\"block_f88542a13da4f251e965c89db3cc0871\" data-block=\"Teaser Contacts\">\n    <div class=\"block-teasercontacts__header\"><p class=\"block-teasercontacts__title\">Haben Sie Fragen zu unseren Spendengeschichten?<br>Ich freue mich auf Ihre Nachricht.<\/p><\/div>    <div class=\"block-teasercontacts__list\">\n                                        <div class=\"block-teasercontacts__item\">\n                <div class=\"block-teasercontacts__link\">\n                    <div class=\"block-teasercontacts__media\">\n                        <div class=\"block-teasercontacts__thumbnail accent__violet has-background-accent\">\n                                                              <div class=\"image block-teasercontacts__thumbnail-image\" >\n    <img decoding=\"async\"\n      loading=\"lazy\"\n      class=\"image__object lazyload\"\n      src=\"https:\/\/www.sgb-fss.ch\/content\/uploads\/2021\/06\/carmela-zumbach-1440x0-c-default.jpg\"       data-sizes=\"auto\"\n      data-srcset=\"https:\/\/www.sgb-fss.ch\/content\/uploads\/2021\/06\/carmela-zumbach-200x0-c-default.jpg 200w, https:\/\/www.sgb-fss.ch\/content\/uploads\/2021\/06\/carmela-zumbach-100x0-c-default.jpg 100w, \"\n      alt=\"\"\n      width=\"567\"\n      height=\"567\"\n            >\n  <\/div>\n                                                    <\/div>\n                    <\/div>\n                    <div class=\"block-teasercontacts__text\">\n                        <p class=\"block-teasercontacts__name\"><strong><a href=\"https:\/\/www.sgb-fss.ch\/de\/team\/carmela-zumbach\/\">Carmela Zumbach<\/a><\/strong><\/p>\n                        <p class=\"block-teasercontacts__lead\">Fundraising und Berufsbildung<\/p>                    <\/div>\n                    <div class=\"block-teasercontacts__contacts\">\n                                                    <p>\n                                                                <a class=\"wp-block-button is-style-transparent\" href=\"mailto:c.zumbach@sgb-fss.ch\"><span class=\"wp-block-button__link\"><i class=\"icon icon--mail\"><svg data-name=\"Ebene 1\" xmlns=\"http:\/\/www.w3.org\/2000\/svg\" viewBox=\"0 0 24 24\"><path d=\"M20.76 2.31H3.24A3.12 3.12 0 0 0 .12 5.43v13.14a3.12 3.12 0 0 0 3.12 3.12h17.52a3.12 3.12 0 0 0 3.12-3.12V5.43a3.12 3.12 0 0 0-3.12-3.12zM2.09 5a1.27 1.27 0 0 1 1.15-.78h17.52a1.24 1.24 0 0 1 1.11.74l.05.09-.09.06L12 12l-.07-.05-9.87-6.9zM22 18.57a1.26 1.26 0 0 1-1.26 1.27H3.24A1.27 1.27 0 0 1 2 18.57V7.21l9.5 6.69a.89.89 0 0 0 1 0L22 7.25z\"\/><\/svg><\/i><span class=\"wp-block-button__label\">c.zumbach@sgb-fss.ch<\/span><\/span><\/a>                                                            <\/p>\n                                            <\/div>\n                <\/div>\n            <\/div>\n                    <\/div>\n<\/div>\n<\/div>\n\n\n<div data-init=\"teaserdonate\" class=\"block block-teaserdonate block-teaserdonate--image accent__red\" id=\"block_dc1a744e995fdc14fdc56d12684fab4f\" data-block=\"Teaser Donate\">\n        <div class=\"image block-teaserdonate__image\" >\n    <img decoding=\"async\"\n      loading=\"lazy\"\n      class=\"image__object lazyload\"\n      src=\"https:\/\/www.sgb-fss.ch\/content\/uploads\/2021\/04\/foem_beitragsbild-2-scaled-1440x0-c-default.jpg\"       data-sizes=\"auto\"\n      data-srcset=\"https:\/\/www.sgb-fss.ch\/content\/uploads\/2021\/04\/foem_beitragsbild-2-scaled-2880x0-c-default.jpg 2880w, https:\/\/www.sgb-fss.ch\/content\/uploads\/2021\/04\/foem_beitragsbild-2-scaled-2160x0-c-default.jpg 2160w, https:\/\/www.sgb-fss.ch\/content\/uploads\/2021\/04\/foem_beitragsbild-2-scaled-1440x0-c-default.jpg 1440w, https:\/\/www.sgb-fss.ch\/content\/uploads\/2021\/04\/foem_beitragsbild-2-scaled-1080x0-c-default.jpg 1080w, https:\/\/www.sgb-fss.ch\/content\/uploads\/2021\/04\/foem_beitragsbild-2-scaled-720x0-c-default.jpg 720w, \"\n      alt=\"\"\n      width=\"2560\"\n      height=\"1440\"\n            >\n  <\/div>\n    <div class=\"block-teaserdonate__content\">\n    <form data-teaserdonate=\"form\" class=\"block-teaserdonate__card\" action=\"https:\/\/www.sgb-fss.ch\/de\/spenden\/jetzt-spenden\/\" method=\"get\">\n      <div class=\"block-teaserdonate__card-text\">\n        <h2 class=\"headline-5\">Jetzt spenden f\u00fcr Chancengleichheit! <\/h2>        <p class=\"block-teaserdonate__lead\">Unterst\u00fctzen Sie geh\u00f6rlose Menschen in der Schweiz einfach und wirkungsvoll. Jeder Beitrag bewirkt Ver\u00e4nderung. <\/p>      <\/div>\n              <ul class=\"block-teaserdonate__amounts\">\n                  <li class=\"block-teaserdonate__amount\">\n            <input type=\"radio\" name=\"rnw-amount\" id=\"block_dc1a744e995fdc14fdc56d12684fab4f__60\" class=\"block-teaserdonate__checkbox\" value=\"60\" >\n\n            <label class=\"block-teaserdonate__amount-content\" for=\"block_dc1a744e995fdc14fdc56d12684fab4f__60\">\n              <i class=\"block-teaserdonate__label\">CHF<\/i>\n              <p class=\"headline-3 block-teaserdonate__value\">60<\/p>\n            <\/label>\n          <\/li>\n                  <li class=\"block-teaserdonate__amount\">\n            <input type=\"radio\" name=\"rnw-amount\" id=\"block_dc1a744e995fdc14fdc56d12684fab4f__120\" class=\"block-teaserdonate__checkbox\" value=\"120\" checked>\n\n            <label class=\"block-teaserdonate__amount-content\" for=\"block_dc1a744e995fdc14fdc56d12684fab4f__120\">\n              <i class=\"block-teaserdonate__label\">CHF<\/i>\n              <p class=\"headline-3 block-teaserdonate__value\">120<\/p>\n            <\/label>\n          <\/li>\n                  <li class=\"block-teaserdonate__amount\">\n            <input type=\"radio\" name=\"rnw-amount\" id=\"block_dc1a744e995fdc14fdc56d12684fab4f__240\" class=\"block-teaserdonate__checkbox\" value=\"240\" >\n\n            <label class=\"block-teaserdonate__amount-content\" for=\"block_dc1a744e995fdc14fdc56d12684fab4f__240\">\n              <i class=\"block-teaserdonate__label\">CHF<\/i>\n              <p class=\"headline-3 block-teaserdonate__value\">240<\/p>\n            <\/label>\n          <\/li>\n                          <li class=\"block-teaserdonate__amount\">\n            <input data-teaserdonate=\"radio\" type=\"radio\" name=\"rnw-amount\" id=\"block_dc1a744e995fdc14fdc56d12684fab4f__custom\" class=\"block-teaserdonate__checkbox\" value=\"?\">\n            <label for=\"block_dc1a744e995fdc14fdc56d12684fab4f__custom\" class=\"block-teaserdonate__amount-content\">\n              <i class=\"block-teaserdonate__label\">CHF<\/i>\n              <input data-teaserdonate=\"custom\" class=\"headline-3 block-teaserdonate__value block-teaserdonate__value--custom\" type=\"number\"\/>\n            <\/label>\n          <\/li>\n                <\/ul>\n            <p class=\"has-text-align-center\"><button type=\"submit\" class=\"is-style-inverted\" id=\"spendenbox_button\">Jetzt spenden<\/button><\/p>          <\/form>\n  <\/div>\n<\/div>\n","protected":false},"excerpt":{"rendered":"<p>Jede Spende erz\u00e4hlt eine Geschichte. Ihre Spende hilft uns, Familien bei der Integration ihrer [&hellip;]<\/p>\n","protected":false},"author":40,"featured_media":16925,"parent":9091,"menu_order":4,"comment_status":"closed","ping_status":"closed","template":"","meta":{"_acf_changed":false,"inline_featured_image":false,"footnotes":""},"class_list":["post-21232","page","type-page","status-publish","has-post-thumbnail","hentry"],"acf":[],"yoast_head":"<!-- This site is optimized with the Yoast SEO plugin v27.4 - https:\/\/yoast.com\/product\/yoast-seo-wordpress\/ -->\n<title>Spendengeschichten - SGB-FSS<\/title>\n<meta name=\"robots\" content=\"index, follow, max-snippet:-1, max-image-preview:large, max-video-preview:-1\" \/>\n<link rel=\"canonical\" href=\"https:\/\/www.sgb-fss.ch\/de\/spenden\/spendengeschichten\/\" \/>\n<meta property=\"og:locale\" content=\"de_DE\" \/>\n<meta property=\"og:type\" content=\"article\" \/>\n<meta property=\"og:title\" content=\"Spendengeschichten - SGB-FSS\" \/>\n<meta property=\"og:description\" content=\"Jede Spende erz\u00e4hlt eine Geschichte. Ihre Spende hilft uns, Familien bei der Integration ihrer [&hellip;]\" \/>\n<meta property=\"og:url\" content=\"https:\/\/www.sgb-fss.ch\/de\/spenden\/spendengeschichten\/\" \/>\n<meta property=\"og:site_name\" content=\"SGB-FSS\" \/>\n<meta property=\"article:modified_time\" content=\"2025-10-01T12:33:51+00:00\" \/>\n<meta property=\"og:image\" content=\"https:\/\/www.sgb-fss.ch\/content\/uploads\/2023\/05\/bildung_fruehfoerderung-scaled-e1684152377706.jpg\" \/>\n\t<meta property=\"og:image:width\" content=\"2560\" \/>\n\t<meta property=\"og:image:height\" content=\"1440\" \/>\n\t<meta property=\"og:image:type\" content=\"image\/jpeg\" \/>\n<meta name=\"twitter:card\" content=\"summary_large_image\" \/>\n<meta name=\"twitter:label1\" content=\"Gesch\u00e4tzte Lesezeit\" \/>\n\t<meta name=\"twitter:data1\" content=\"2\u00a0Minuten\" \/>\n<script type=\"application\/ld+json\" class=\"yoast-schema-graph\">{\"@context\":\"https:\\\/\\\/schema.org\",\"@graph\":[{\"@type\":\"WebPage\",\"@id\":\"https:\\\/\\\/www.sgb-fss.ch\\\/de\\\/spenden\\\/spendengeschichten\\\/\",\"url\":\"https:\\\/\\\/www.sgb-fss.ch\\\/de\\\/spenden\\\/spendengeschichten\\\/\",\"name\":\"Spendengeschichten - SGB-FSS\",\"isPartOf\":{\"@id\":\"https:\\\/\\\/www.sgb-fss.ch\\\/de\\\/#website\"},\"primaryImageOfPage\":{\"@id\":\"https:\\\/\\\/www.sgb-fss.ch\\\/de\\\/spenden\\\/spendengeschichten\\\/#primaryimage\"},\"image\":{\"@id\":\"https:\\\/\\\/www.sgb-fss.ch\\\/de\\\/spenden\\\/spendengeschichten\\\/#primaryimage\"},\"thumbnailUrl\":\"https:\\\/\\\/www.sgb-fss.ch\\\/content\\\/uploads\\\/2023\\\/05\\\/bildung_fruehfoerderung-scaled-e1684152377706.jpg\",\"datePublished\":\"2023-08-02T09:31:12+00:00\",\"dateModified\":\"2025-10-01T12:33:51+00:00\",\"breadcrumb\":{\"@id\":\"https:\\\/\\\/www.sgb-fss.ch\\\/de\\\/spenden\\\/spendengeschichten\\\/#breadcrumb\"},\"inLanguage\":\"de\",\"potentialAction\":[{\"@type\":\"ReadAction\",\"target\":[\"https:\\\/\\\/www.sgb-fss.ch\\\/de\\\/spenden\\\/spendengeschichten\\\/\"]}]},{\"@type\":\"ImageObject\",\"inLanguage\":\"de\",\"@id\":\"https:\\\/\\\/www.sgb-fss.ch\\\/de\\\/spenden\\\/spendengeschichten\\\/#primaryimage\",\"url\":\"https:\\\/\\\/www.sgb-fss.ch\\\/content\\\/uploads\\\/2023\\\/05\\\/bildung_fruehfoerderung-scaled-e1684152377706.jpg\",\"contentUrl\":\"https:\\\/\\\/www.sgb-fss.ch\\\/content\\\/uploads\\\/2023\\\/05\\\/bildung_fruehfoerderung-scaled-e1684152377706.jpg\",\"width\":2560,\"height\":1440},{\"@type\":\"BreadcrumbList\",\"@id\":\"https:\\\/\\\/www.sgb-fss.ch\\\/de\\\/spenden\\\/spendengeschichten\\\/#breadcrumb\",\"itemListElement\":[{\"@type\":\"ListItem\",\"position\":1,\"name\":\"Home\",\"item\":\"https:\\\/\\\/www.sgb-fss.ch\\\/de\\\/\"},{\"@type\":\"ListItem\",\"position\":2,\"name\":\"Spenden und Chance schenken\",\"item\":\"https:\\\/\\\/www.sgb-fss.ch\\\/de\\\/spenden\\\/\"},{\"@type\":\"ListItem\",\"position\":3,\"name\":\"Spendengeschichten\"}]},{\"@type\":\"WebSite\",\"@id\":\"https:\\\/\\\/www.sgb-fss.ch\\\/de\\\/#website\",\"url\":\"https:\\\/\\\/www.sgb-fss.ch\\\/de\\\/\",\"name\":\"SGB-FSS\",\"description\":\"\",\"potentialAction\":[{\"@type\":\"SearchAction\",\"target\":{\"@type\":\"EntryPoint\",\"urlTemplate\":\"https:\\\/\\\/www.sgb-fss.ch\\\/de\\\/?s={search_term_string}\"},\"query-input\":{\"@type\":\"PropertyValueSpecification\",\"valueRequired\":true,\"valueName\":\"search_term_string\"}}],\"inLanguage\":\"de\"}]}<\/script>\n<!-- \/ Yoast SEO plugin. -->","yoast_head_json":{"title":"Spendengeschichten - SGB-FSS","robots":{"index":"index","follow":"follow","max-snippet":"max-snippet:-1","max-image-preview":"max-image-preview:large","max-video-preview":"max-video-preview:-1"},"canonical":"https:\/\/www.sgb-fss.ch\/de\/spenden\/spendengeschichten\/","og_locale":"de_DE","og_type":"article","og_title":"Spendengeschichten - SGB-FSS","og_description":"Jede Spende erz\u00e4hlt eine Geschichte. Ihre Spende hilft uns, Familien bei der Integration ihrer [&hellip;]","og_url":"https:\/\/www.sgb-fss.ch\/de\/spenden\/spendengeschichten\/","og_site_name":"SGB-FSS","article_modified_time":"2025-10-01T12:33:51+00:00","og_image":[{"width":2560,"height":1440,"url":"https:\/\/www.sgb-fss.ch\/content\/uploads\/2023\/05\/bildung_fruehfoerderung-scaled-e1684152377706.jpg","type":"image\/jpeg"}],"twitter_card":"summary_large_image","twitter_misc":{"Gesch\u00e4tzte Lesezeit":"2\u00a0Minuten"},"schema":{"@context":"https:\/\/schema.org","@graph":[{"@type":"WebPage","@id":"https:\/\/www.sgb-fss.ch\/de\/spenden\/spendengeschichten\/","url":"https:\/\/www.sgb-fss.ch\/de\/spenden\/spendengeschichten\/","name":"Spendengeschichten - SGB-FSS","isPartOf":{"@id":"https:\/\/www.sgb-fss.ch\/de\/#website"},"primaryImageOfPage":{"@id":"https:\/\/www.sgb-fss.ch\/de\/spenden\/spendengeschichten\/#primaryimage"},"image":{"@id":"https:\/\/www.sgb-fss.ch\/de\/spenden\/spendengeschichten\/#primaryimage"},"thumbnailUrl":"https:\/\/www.sgb-fss.ch\/content\/uploads\/2023\/05\/bildung_fruehfoerderung-scaled-e1684152377706.jpg","datePublished":"2023-08-02T09:31:12+00:00","dateModified":"2025-10-01T12:33:51+00:00","breadcrumb":{"@id":"https:\/\/www.sgb-fss.ch\/de\/spenden\/spendengeschichten\/#breadcrumb"},"inLanguage":"de","potentialAction":[{"@type":"ReadAction","target":["https:\/\/www.sgb-fss.ch\/de\/spenden\/spendengeschichten\/"]}]},{"@type":"ImageObject","inLanguage":"de","@id":"https:\/\/www.sgb-fss.ch\/de\/spenden\/spendengeschichten\/#primaryimage","url":"https:\/\/www.sgb-fss.ch\/content\/uploads\/2023\/05\/bildung_fruehfoerderung-scaled-e1684152377706.jpg","contentUrl":"https:\/\/www.sgb-fss.ch\/content\/uploads\/2023\/05\/bildung_fruehfoerderung-scaled-e1684152377706.jpg","width":2560,"height":1440},{"@type":"BreadcrumbList","@id":"https:\/\/www.sgb-fss.ch\/de\/spenden\/spendengeschichten\/#breadcrumb","itemListElement":[{"@type":"ListItem","position":1,"name":"Home","item":"https:\/\/www.sgb-fss.ch\/de\/"},{"@type":"ListItem","position":2,"name":"Spenden und Chance schenken","item":"https:\/\/www.sgb-fss.ch\/de\/spenden\/"},{"@type":"ListItem","position":3,"name":"Spendengeschichten"}]},{"@type":"WebSite","@id":"https:\/\/www.sgb-fss.ch\/de\/#website","url":"https:\/\/www.sgb-fss.ch\/de\/","name":"SGB-FSS","description":"","potentialAction":[{"@type":"SearchAction","target":{"@type":"EntryPoint","urlTemplate":"https:\/\/www.sgb-fss.ch\/de\/?s={search_term_string}"},"query-input":{"@type":"PropertyValueSpecification","valueRequired":true,"valueName":"search_term_string"}}],"inLanguage":"de"}]}},"_links":{"self":[{"href":"https:\/\/www.sgb-fss.ch\/de\/wp-json\/wp\/v2\/pages\/21232","targetHints":{"allow":["GET"]}}],"collection":[{"href":"https:\/\/www.sgb-fss.ch\/de\/wp-json\/wp\/v2\/pages"}],"about":[{"href":"https:\/\/www.sgb-fss.ch\/de\/wp-json\/wp\/v2\/types\/page"}],"author":[{"embeddable":true,"href":"https:\/\/www.sgb-fss.ch\/de\/wp-json\/wp\/v2\/users\/40"}],"replies":[{"embeddable":true,"href":"https:\/\/www.sgb-fss.ch\/de\/wp-json\/wp\/v2\/comments?post=21232"}],"version-history":[{"count":39,"href":"https:\/\/www.sgb-fss.ch\/de\/wp-json\/wp\/v2\/pages\/21232\/revisions"}],"predecessor-version":[{"id":41012,"href":"https:\/\/www.sgb-fss.ch\/de\/wp-json\/wp\/v2\/pages\/21232\/revisions\/41012"}],"up":[{"embeddable":true,"href":"https:\/\/www.sgb-fss.ch\/de\/wp-json\/wp\/v2\/pages\/9091"}],"wp:featuredmedia":[{"embeddable":true,"href":"https:\/\/www.sgb-fss.ch\/de\/wp-json\/wp\/v2\/media\/16925"}],"wp:attachment":[{"href":"https:\/\/www.sgb-fss.ch\/de\/wp-json\/wp\/v2\/media?parent=21232"}],"curies":[{"name":"wp","href":"https:\/\/api.w.org\/{rel}","templated":true}]}}