{"id":18579,"date":"2023-06-01T13:07:06","date_gmt":"2023-06-01T11:07:06","guid":{"rendered":"https:\/\/www.sgb-fss.ch\/?page_id=18579"},"modified":"2024-02-18T19:43:21","modified_gmt":"2024-02-18T18:43:21","slug":"cafe-des-signes","status":"publish","type":"page","link":"https:\/\/www.sgb-fss.ch\/de\/angebote\/cafe-des-signes\/","title":{"rendered":"Caf\u00e9 des Signes"},"content":{"rendered":"\n<p class=\"is-style-lead\">In entspannter Atmosph\u00e4re lernen h\u00f6rende G\u00e4ste im Pop-Up Bistro mehr \u00fcber die Geb\u00e4rdensprache und k\u00f6nnen sich mit geh\u00f6rlosen Menschen austauschen. Das Caf\u00e9 des Signes ist eine Begegnungszone, um ein breites Publikum auf die Kultur der Geh\u00f6rlosen zu sensibilisieren.<\/p>\n\n\n\n<figure class=\"wp-block-image aligncenter size-full\"><img loading=\"lazy\" decoding=\"async\" width=\"878\" height=\"456\" src=\"https:\/\/www.sgb-fss.ch\/content\/uploads\/2023\/06\/cds3.jpg\" alt=\"\" class=\"wp-image-18691\" srcset=\"https:\/\/www.sgb-fss.ch\/content\/uploads\/2023\/06\/cds3.jpg 878w, https:\/\/www.sgb-fss.ch\/content\/uploads\/2023\/06\/cds3-300x156.jpg 300w, https:\/\/www.sgb-fss.ch\/content\/uploads\/2023\/06\/cds3-150x78.jpg 150w, https:\/\/www.sgb-fss.ch\/content\/uploads\/2023\/06\/cds3-768x399.jpg 768w, https:\/\/www.sgb-fss.ch\/content\/uploads\/2023\/06\/cds3-193x100.jpg 193w, https:\/\/www.sgb-fss.ch\/content\/uploads\/2023\/06\/cds3-600x312.jpg 600w\" sizes=\"auto, (max-width: 878px) 100vw, 878px\" \/><\/figure>\n\n\n\n<p><\/p>\n\n\n\n<p><strong>Pop-Up Bistro<br><\/strong>F\u00fcr einige Stunden verwandelt sich ein Treffpunkt in deinem Unternehmen oder deinem bestehenden Restaurationsbetrieb in eine Begegnungszone von geh\u00f6rlosen und h\u00f6renden Menschen. Danach verschwindet es wieder \u2013 doch die Erfahrung bleibt. Diese Erfahrung steht allen offen, die sich f\u00fcr das Thema Barrierefreiheit und Geh\u00f6rlosigkeit  interessieren.<\/p>\n\n\n\n<p>Das Caf\u00e9 des Signes ist ein Projekt des Schweizerischen Geh\u00f6rlosenbund. Geh\u00f6rlose Serviceangestellte bedienen die G\u00e4ste, beantworten Fragen und helfen auf Wunsch beim Erlernen einer Bestellung in Geb\u00e4rdensprache.<\/p>\n\n\n\n<div class=\"wp-block-group has-sgb-fss-blue-30-background-color has-background is-layout-constrained wp-block-group-is-layout-constrained\">\n<figure class=\"wp-block-image aligncenter size-full\"><img loading=\"lazy\" decoding=\"async\" width=\"311\" height=\"175\" src=\"https:\/\/www.sgb-fss.ch\/content\/uploads\/2023\/07\/logo-cds-klein.png\" alt=\"\" class=\"wp-image-22502\" srcset=\"https:\/\/www.sgb-fss.ch\/content\/uploads\/2023\/07\/logo-cds-klein.png 311w, https:\/\/www.sgb-fss.ch\/content\/uploads\/2023\/07\/logo-cds-klein-300x169.png 300w, https:\/\/www.sgb-fss.ch\/content\/uploads\/2023\/07\/logo-cds-klein-150x84.png 150w, https:\/\/www.sgb-fss.ch\/content\/uploads\/2023\/07\/logo-cds-klein-178x100.png 178w\" sizes=\"auto, (max-width: 311px) 100vw, 311px\" \/><\/figure>\n\n\n\n<h3 class=\"wp-block-heading has-text-align-center\"><strong>Das Caf\u00e9 des Signes in deinem Betrieb<\/strong><\/h3>\n\n\n\n<p class=\"has-text-align-center\">Wenn du das Caf\u00e9 des Signes in deinem Unternehmen oder Betrieb anbieten m\u00f6chtest, freuen wir uns auf deine Kontaktaufnahme. <\/p>\n\n\n\n<p class=\"has-text-align-center\">Weitere Informationen findest du auf der Webseite vom Caf\u00e9 des Signes.<\/p>\n\n\n\n<div class=\"wp-block-buttons is-content-justification-center is-layout-flex wp-container-core-buttons-is-layout-16018d1d wp-block-buttons-is-layout-flex\">\n<div class=\"wp-block-button\"><a class=\"wp-block-button__link has-schwarz-color has-sgb-fss-blue-background-color has-text-color has-background wp-element-button\" href=\"https:\/\/www.cafedessignes.ch\/\" target=\"_blank\" rel=\"noreferrer noopener\"><span style=\"font-family: inherit; font-size: inherit;\"><strong>Webseite Caf\u00e9 des Signes<\/strong><\/span><\/a><\/div>\n<\/div>\n<\/div>\n\n\n\n<p><\/p>\n\n\n<div class=\"block block-teasercontacts block-teasercontacts--boxed\" id=\"block_ff33ce0dea63648b65e6ada551c53d39\" data-block=\"Teaser Contacts\">\n    <div class=\"block-teasercontacts__header\"><p class=\"block-teasercontacts__title\">Fragen zum Caf\u00e9 des Signes? Ich freue mich auf deine Nachricht.<\/p><\/div>    <div class=\"block-teasercontacts__list\">\n                                        <div class=\"block-teasercontacts__item\">\n                <div class=\"block-teasercontacts__link\">\n                    <div class=\"block-teasercontacts__media\">\n                        <div class=\"block-teasercontacts__thumbnail accent__darkred has-background-accent\">\n                                                              <div class=\"image block-teasercontacts__thumbnail-image\" >\n    <img decoding=\"async\"\n      loading=\"lazy\"\n      class=\"image__object lazyload\"\n      src=\"https:\/\/www.sgb-fss.ch\/content\/uploads\/2021\/06\/sabine-wolff-1440x0-c-default.jpg\"       data-sizes=\"auto\"\n      data-srcset=\"https:\/\/www.sgb-fss.ch\/content\/uploads\/2021\/06\/sabine-wolff-200x0-c-default.jpg 200w, https:\/\/www.sgb-fss.ch\/content\/uploads\/2021\/06\/sabine-wolff-100x0-c-default.jpg 100w, \"\n      alt=\"\"\n      width=\"567\"\n      height=\"567\"\n            >\n  <\/div>\n                                                    <\/div>\n                    <\/div>\n                    <div class=\"block-teasercontacts__text\">\n                        <p class=\"block-teasercontacts__name\"><strong><a href=\"https:\/\/www.sgb-fss.ch\/de\/team\/sabine-wolff\/\">Sabine Wolff<\/a><\/strong><\/p>\n                        <p class=\"block-teasercontacts__lead\">Produkte und Marken<\/p>                    <\/div>\n                    <div class=\"block-teasercontacts__contacts\">\n                                                    <p>\n                                                                <a class=\"wp-block-button is-style-transparent\" href=\"mailto:s.wolff@sgb-fss.ch\"><span class=\"wp-block-button__link\"><i class=\"icon icon--mail\"><svg data-name=\"Ebene 1\" xmlns=\"http:\/\/www.w3.org\/2000\/svg\" viewBox=\"0 0 24 24\"><path d=\"M20.76 2.31H3.24A3.12 3.12 0 0 0 .12 5.43v13.14a3.12 3.12 0 0 0 3.12 3.12h17.52a3.12 3.12 0 0 0 3.12-3.12V5.43a3.12 3.12 0 0 0-3.12-3.12zM2.09 5a1.27 1.27 0 0 1 1.15-.78h17.52a1.24 1.24 0 0 1 1.11.74l.05.09-.09.06L12 12l-.07-.05-9.87-6.9zM22 18.57a1.26 1.26 0 0 1-1.26 1.27H3.24A1.27 1.27 0 0 1 2 18.57V7.21l9.5 6.69a.89.89 0 0 0 1 0L22 7.25z\"\/><\/svg><\/i><span class=\"wp-block-button__label\">s.wolff@sgb-fss.ch<\/span><\/span><\/a>                                                            <\/p>\n                                            <\/div>\n                <\/div>\n            <\/div>\n                    <\/div>\n<\/div>\n\n\n\n<h2 class=\"wp-block-heading\"><\/h2>\n\n\n\n<div class=\"wp-block-group has-schwarz-25-background-color has-background is-layout-constrained wp-block-group-is-layout-constrained\"><div class=\"block block-teaserpages\" id=\"block_d67e18b58a5bcee43a98bfb9647a20ae\" data-block=\"Teaser Pages\">\n  <ul class=\"block-teaserpages__list\">\n            <li class=\"block-teaserpages__item\">\n        <a class=\"accent teaserpage\" href=\"https:\/\/www.sgb-fss.ch\/de\/downloads\/\">\n  <div class=\"teaserpage__thumbnail\">\n            <div class=\"image teaserpage__thumbnail-image\" >\n    <img decoding=\"async\"\n      loading=\"lazy\"\n      class=\"image__object lazyload\"\n      src=\"https:\/\/www.sgb-fss.ch\/content\/uploads\/2024\/01\/downloads-d-1440x0-c-default.jpg\"       data-sizes=\"auto\"\n      data-srcset=\"https:\/\/www.sgb-fss.ch\/content\/uploads\/2024\/01\/downloads-d-1000x0-c-default.jpg 1000w, https:\/\/www.sgb-fss.ch\/content\/uploads\/2024\/01\/downloads-d-700x0-c-default.jpg 700w, https:\/\/www.sgb-fss.ch\/content\/uploads\/2024\/01\/downloads-d-350x0-c-default.jpg 350w, \"\n      alt=\"\"\n      width=\"1890\"\n      height=\"1063\"\n            >\n  <\/div>\n      <\/div>\n  <h3 class=\"teaserpage__title\">Downloads<\/h3>\n  <p class=\"teaserpage__lead\">Hier findest du alle Daten zu dieser Seite sowie allen anderen Bereichen zum Herunterladen.<\/p>  <\/a>\n      <\/li>\n    <\/ul>\n<\/div>\n<\/div>\n\n\n\n<div class=\"wp-block-columns is-layout-flex wp-container-core-columns-is-layout-9d6595d7 wp-block-columns-is-layout-flex\">\n<div class=\"wp-block-column is-layout-flow wp-block-column-is-layout-flow\" style=\"flex-basis:100%\">\n<div class=\"wp-block-group has-schwarz-25-background-color has-background is-layout-flow wp-block-group-is-layout-flow\">\n<h3 class=\"wp-block-heading\"><strong>Links<\/strong><\/h3>\n\n\n\n<p><a href=\"https:\/\/www.hfh.ch\/ausbildung\/ba-gebaerdensprachdolmetschen\/auf-einen-blick\" target=\"_blank\" rel=\"noreferrer noopener\">Bachelor Lehrgang Dolmetscher*in<\/a><\/p>\n\n\n\n<p><a href=\"https:\/\/www.procom-deaf.ch\/de\/Default.aspx\" target=\"_blank\" rel=\"noreferrer noopener\">Procom Vermittlung von Geb\u00e4rdensprachdolmetschenden<\/a><\/p>\n<\/div>\n<\/div>\n<\/div>\n","protected":false},"excerpt":{"rendered":"<p>In entspannter Atmosph\u00e4re lernen h\u00f6rende G\u00e4ste im Pop-Up Bistro mehr \u00fcber die Geb\u00e4rdensprache und [&hellip;]<\/p>\n","protected":false},"author":40,"featured_media":18712,"parent":31877,"menu_order":0,"comment_status":"closed","ping_status":"closed","template":"","meta":{"_acf_changed":false,"inline_featured_image":false,"footnotes":""},"class_list":["post-18579","page","type-page","status-publish","has-post-thumbnail","hentry"],"acf":[],"yoast_head":"<!-- This site is optimized with the Yoast SEO plugin v27.4 - https:\/\/yoast.com\/product\/yoast-seo-wordpress\/ -->\n<title>Caf\u00e9 des Signes - SGB-FSS<\/title>\n<meta name=\"robots\" content=\"index, follow, max-snippet:-1, max-image-preview:large, max-video-preview:-1\" \/>\n<link rel=\"canonical\" href=\"https:\/\/www.sgb-fss.ch\/de\/angebote\/cafe-des-signes\/\" \/>\n<meta property=\"og:locale\" content=\"de_DE\" \/>\n<meta property=\"og:type\" content=\"article\" \/>\n<meta property=\"og:title\" content=\"Caf\u00e9 des Signes - SGB-FSS\" \/>\n<meta property=\"og:description\" content=\"In entspannter Atmosph\u00e4re lernen h\u00f6rende G\u00e4ste im Pop-Up Bistro mehr \u00fcber die Geb\u00e4rdensprache und [&hellip;]\" \/>\n<meta property=\"og:url\" content=\"https:\/\/www.sgb-fss.ch\/de\/angebote\/cafe-des-signes\/\" \/>\n<meta property=\"og:site_name\" content=\"SGB-FSS\" \/>\n<meta property=\"article:modified_time\" content=\"2024-02-18T18:43:21+00:00\" \/>\n<meta property=\"og:image\" content=\"https:\/\/www.sgb-fss.ch\/content\/uploads\/2023\/06\/logo-cds.png\" \/>\n\t<meta property=\"og:image:width\" content=\"4273\" \/>\n\t<meta property=\"og:image:height\" content=\"2403\" \/>\n\t<meta property=\"og:image:type\" content=\"image\/png\" \/>\n<meta name=\"twitter:card\" content=\"summary_large_image\" \/>\n<meta name=\"twitter:label1\" content=\"Gesch\u00e4tzte Lesezeit\" \/>\n\t<meta name=\"twitter:data1\" content=\"2\u00a0Minuten\" \/>\n<script type=\"application\/ld+json\" class=\"yoast-schema-graph\">{\"@context\":\"https:\\\/\\\/schema.org\",\"@graph\":[{\"@type\":\"WebPage\",\"@id\":\"https:\\\/\\\/www.sgb-fss.ch\\\/de\\\/angebote\\\/cafe-des-signes\\\/\",\"url\":\"https:\\\/\\\/www.sgb-fss.ch\\\/de\\\/angebote\\\/cafe-des-signes\\\/\",\"name\":\"Caf\u00e9 des Signes - SGB-FSS\",\"isPartOf\":{\"@id\":\"https:\\\/\\\/www.sgb-fss.ch\\\/de\\\/#website\"},\"primaryImageOfPage\":{\"@id\":\"https:\\\/\\\/www.sgb-fss.ch\\\/de\\\/angebote\\\/cafe-des-signes\\\/#primaryimage\"},\"image\":{\"@id\":\"https:\\\/\\\/www.sgb-fss.ch\\\/de\\\/angebote\\\/cafe-des-signes\\\/#primaryimage\"},\"thumbnailUrl\":\"https:\\\/\\\/www.sgb-fss.ch\\\/content\\\/uploads\\\/2023\\\/06\\\/logo-cds.png\",\"datePublished\":\"2023-06-01T11:07:06+00:00\",\"dateModified\":\"2024-02-18T18:43:21+00:00\",\"breadcrumb\":{\"@id\":\"https:\\\/\\\/www.sgb-fss.ch\\\/de\\\/angebote\\\/cafe-des-signes\\\/#breadcrumb\"},\"inLanguage\":\"de\",\"potentialAction\":[{\"@type\":\"ReadAction\",\"target\":[\"https:\\\/\\\/www.sgb-fss.ch\\\/de\\\/angebote\\\/cafe-des-signes\\\/\"]}]},{\"@type\":\"ImageObject\",\"inLanguage\":\"de\",\"@id\":\"https:\\\/\\\/www.sgb-fss.ch\\\/de\\\/angebote\\\/cafe-des-signes\\\/#primaryimage\",\"url\":\"https:\\\/\\\/www.sgb-fss.ch\\\/content\\\/uploads\\\/2023\\\/06\\\/logo-cds.png\",\"contentUrl\":\"https:\\\/\\\/www.sgb-fss.ch\\\/content\\\/uploads\\\/2023\\\/06\\\/logo-cds.png\",\"width\":4273,\"height\":2403},{\"@type\":\"BreadcrumbList\",\"@id\":\"https:\\\/\\\/www.sgb-fss.ch\\\/de\\\/angebote\\\/cafe-des-signes\\\/#breadcrumb\",\"itemListElement\":[{\"@type\":\"ListItem\",\"position\":1,\"name\":\"Home\",\"item\":\"https:\\\/\\\/www.sgb-fss.ch\\\/de\\\/\"},{\"@type\":\"ListItem\",\"position\":2,\"name\":\"Angebote\",\"item\":\"https:\\\/\\\/www.sgb-fss.ch\\\/de\\\/angebote\\\/\"},{\"@type\":\"ListItem\",\"position\":3,\"name\":\"Caf\u00e9 des Signes\"}]},{\"@type\":\"WebSite\",\"@id\":\"https:\\\/\\\/www.sgb-fss.ch\\\/de\\\/#website\",\"url\":\"https:\\\/\\\/www.sgb-fss.ch\\\/de\\\/\",\"name\":\"SGB-FSS\",\"description\":\"\",\"potentialAction\":[{\"@type\":\"SearchAction\",\"target\":{\"@type\":\"EntryPoint\",\"urlTemplate\":\"https:\\\/\\\/www.sgb-fss.ch\\\/de\\\/?s={search_term_string}\"},\"query-input\":{\"@type\":\"PropertyValueSpecification\",\"valueRequired\":true,\"valueName\":\"search_term_string\"}}],\"inLanguage\":\"de\"}]}<\/script>\n<!-- \/ Yoast SEO plugin. -->","yoast_head_json":{"title":"Caf\u00e9 des Signes - SGB-FSS","robots":{"index":"index","follow":"follow","max-snippet":"max-snippet:-1","max-image-preview":"max-image-preview:large","max-video-preview":"max-video-preview:-1"},"canonical":"https:\/\/www.sgb-fss.ch\/de\/angebote\/cafe-des-signes\/","og_locale":"de_DE","og_type":"article","og_title":"Caf\u00e9 des Signes - SGB-FSS","og_description":"In entspannter Atmosph\u00e4re lernen h\u00f6rende G\u00e4ste im Pop-Up Bistro mehr \u00fcber die Geb\u00e4rdensprache und [&hellip;]","og_url":"https:\/\/www.sgb-fss.ch\/de\/angebote\/cafe-des-signes\/","og_site_name":"SGB-FSS","article_modified_time":"2024-02-18T18:43:21+00:00","og_image":[{"width":4273,"height":2403,"url":"https:\/\/www.sgb-fss.ch\/content\/uploads\/2023\/06\/logo-cds.png","type":"image\/png"}],"twitter_card":"summary_large_image","twitter_misc":{"Gesch\u00e4tzte Lesezeit":"2\u00a0Minuten"},"schema":{"@context":"https:\/\/schema.org","@graph":[{"@type":"WebPage","@id":"https:\/\/www.sgb-fss.ch\/de\/angebote\/cafe-des-signes\/","url":"https:\/\/www.sgb-fss.ch\/de\/angebote\/cafe-des-signes\/","name":"Caf\u00e9 des Signes - SGB-FSS","isPartOf":{"@id":"https:\/\/www.sgb-fss.ch\/de\/#website"},"primaryImageOfPage":{"@id":"https:\/\/www.sgb-fss.ch\/de\/angebote\/cafe-des-signes\/#primaryimage"},"image":{"@id":"https:\/\/www.sgb-fss.ch\/de\/angebote\/cafe-des-signes\/#primaryimage"},"thumbnailUrl":"https:\/\/www.sgb-fss.ch\/content\/uploads\/2023\/06\/logo-cds.png","datePublished":"2023-06-01T11:07:06+00:00","dateModified":"2024-02-18T18:43:21+00:00","breadcrumb":{"@id":"https:\/\/www.sgb-fss.ch\/de\/angebote\/cafe-des-signes\/#breadcrumb"},"inLanguage":"de","potentialAction":[{"@type":"ReadAction","target":["https:\/\/www.sgb-fss.ch\/de\/angebote\/cafe-des-signes\/"]}]},{"@type":"ImageObject","inLanguage":"de","@id":"https:\/\/www.sgb-fss.ch\/de\/angebote\/cafe-des-signes\/#primaryimage","url":"https:\/\/www.sgb-fss.ch\/content\/uploads\/2023\/06\/logo-cds.png","contentUrl":"https:\/\/www.sgb-fss.ch\/content\/uploads\/2023\/06\/logo-cds.png","width":4273,"height":2403},{"@type":"BreadcrumbList","@id":"https:\/\/www.sgb-fss.ch\/de\/angebote\/cafe-des-signes\/#breadcrumb","itemListElement":[{"@type":"ListItem","position":1,"name":"Home","item":"https:\/\/www.sgb-fss.ch\/de\/"},{"@type":"ListItem","position":2,"name":"Angebote","item":"https:\/\/www.sgb-fss.ch\/de\/angebote\/"},{"@type":"ListItem","position":3,"name":"Caf\u00e9 des Signes"}]},{"@type":"WebSite","@id":"https:\/\/www.sgb-fss.ch\/de\/#website","url":"https:\/\/www.sgb-fss.ch\/de\/","name":"SGB-FSS","description":"","potentialAction":[{"@type":"SearchAction","target":{"@type":"EntryPoint","urlTemplate":"https:\/\/www.sgb-fss.ch\/de\/?s={search_term_string}"},"query-input":{"@type":"PropertyValueSpecification","valueRequired":true,"valueName":"search_term_string"}}],"inLanguage":"de"}]}},"_links":{"self":[{"href":"https:\/\/www.sgb-fss.ch\/de\/wp-json\/wp\/v2\/pages\/18579","targetHints":{"allow":["GET"]}}],"collection":[{"href":"https:\/\/www.sgb-fss.ch\/de\/wp-json\/wp\/v2\/pages"}],"about":[{"href":"https:\/\/www.sgb-fss.ch\/de\/wp-json\/wp\/v2\/types\/page"}],"author":[{"embeddable":true,"href":"https:\/\/www.sgb-fss.ch\/de\/wp-json\/wp\/v2\/users\/40"}],"replies":[{"embeddable":true,"href":"https:\/\/www.sgb-fss.ch\/de\/wp-json\/wp\/v2\/comments?post=18579"}],"version-history":[{"count":57,"href":"https:\/\/www.sgb-fss.ch\/de\/wp-json\/wp\/v2\/pages\/18579\/revisions"}],"predecessor-version":[{"id":31894,"href":"https:\/\/www.sgb-fss.ch\/de\/wp-json\/wp\/v2\/pages\/18579\/revisions\/31894"}],"up":[{"embeddable":true,"href":"https:\/\/www.sgb-fss.ch\/de\/wp-json\/wp\/v2\/pages\/31877"}],"wp:featuredmedia":[{"embeddable":true,"href":"https:\/\/www.sgb-fss.ch\/de\/wp-json\/wp\/v2\/media\/18712"}],"wp:attachment":[{"href":"https:\/\/www.sgb-fss.ch\/de\/wp-json\/wp\/v2\/media?parent=18579"}],"curies":[{"name":"wp","href":"https:\/\/api.w.org\/{rel}","templated":true}]}}