{"id":1757,"date":"2021-03-29T16:25:07","date_gmt":"2021-03-29T14:25:07","guid":{"rendered":"https:\/\/www.sgb-fss.ch\/?page_id=1757"},"modified":"2025-12-11T17:51:47","modified_gmt":"2025-12-11T16:51:47","slug":"patenschaft-familie","status":"publish","type":"page","link":"https:\/\/www.sgb-fss.ch\/de\/spenden\/patenschaft-familie\/","title":{"rendered":"Patenschaft Familie"},"content":{"rendered":"\n<p class=\"is-style-lead\">Mit Ihrem \u2039Family Package\u203a helfen Sie, verschiedene Angebote speziell f\u00fcr Familien mit geh\u00f6rlosen Kindern zu erm\u00f6glichen. Neben dem gemeinsamen Erlernen der Geb\u00e4rdensprache k\u00f6nnen sich Familien in \u00e4hnlicher Situation regelm\u00e4ssig vernetzen und austauschen. <\/p>\n\n\n\n<figure class=\"wp-block-image size-large\"><img loading=\"lazy\" decoding=\"async\" width=\"1024\" height=\"683\" src=\"https:\/\/www.sgb-fss.ch\/content\/uploads\/2023\/03\/bhp-3323-1024x683.jpg\" alt=\"\" class=\"wp-image-11546\" srcset=\"https:\/\/www.sgb-fss.ch\/content\/uploads\/2023\/03\/bhp-3323-1024x683.jpg 1024w, https:\/\/www.sgb-fss.ch\/content\/uploads\/2023\/03\/bhp-3323-300x200.jpg 300w, https:\/\/www.sgb-fss.ch\/content\/uploads\/2023\/03\/bhp-3323-150x100.jpg 150w, https:\/\/www.sgb-fss.ch\/content\/uploads\/2023\/03\/bhp-3323-768x512.jpg 768w, https:\/\/www.sgb-fss.ch\/content\/uploads\/2023\/03\/bhp-3323-1536x1024.jpg 1536w, https:\/\/www.sgb-fss.ch\/content\/uploads\/2023\/03\/bhp-3323-2048x1365.jpg 2048w, https:\/\/www.sgb-fss.ch\/content\/uploads\/2023\/03\/bhp-3323-600x400.jpg 600w\" sizes=\"auto, (max-width: 1024px) 100vw, 1024px\" \/><\/figure>\n\n\n\n<h3 class=\"wp-block-heading\">Wie hilft das \u2039Family Package\u203a?<\/h3>\n\n\n\n<p>Mit Ihrem \u2039Family Package\u203a helfen Sie, verschiedene Angebote speziell f\u00fcr Familien mit geh\u00f6rlosen Kindern zu erm\u00f6glichen. Mit \u2039<a href=\"https:\/\/www.deafliteracy.ch\/\" target=\"_blank\" rel=\"noreferrer noopener\">Read to Deaf Kids<\/a>\u203a, hat der Schweizerische Geh\u00f6rlosenbund ein Online-M\u00e4rchenbuch in Geb\u00e4rdensprache entwickelt, welches den bilingualen Spracherwerb ihrer geh\u00f6rlosen Kinder unterst\u00fctzt. Auch unser, in der Schweiz einzigartiges, <a data-type=\"URL\" data-id=\"https:\/\/signsuisse.sgb-fss.ch\/de\/\" href=\"https:\/\/signsuisse.sgb-fss.ch\/de\/\">Geb\u00e4rdensprache-Lexikon<\/a>, welches mit dem Duden f\u00fcr die gesprochene deutsche Sprache verglichen werden kann, ist ein Projekt, welches wir mit Spenden verwirklichen konnten.<\/p>\n\n\n\n<h3 class=\"wp-block-heading\">Die <strong>Vorteile<\/strong> Ihres<strong> \u2039Family Package\u203a<\/strong><\/h3>\n\n\n\n<p>Ihr regelm\u00e4ssiger Patenschafts-Beitrag ist ein Zeichen der Solidarit\u00e4t f\u00fcr Familien mit einem geh\u00f6rlosen Kind.<\/p>\n\n\n\n<ul class=\"wp-block-list\">\n<li>Der Patenschafts-Beitrag ist steuerlich absetzbar.<\/li>\n\n\n\n<li>Eine Patenschaft \u2039Family Package\u203a ist bereits ab 240 Franken m\u00f6glich.<\/li>\n<\/ul>\n\n\n\n<div class=\"wp-block-group is-layout-flow wp-block-group-is-layout-flow\">\n<div class=\"wp-block-columns is-layout-flex wp-container-core-columns-is-layout-9d6595d7 wp-block-columns-is-layout-flex\">\n<div class=\"wp-block-column is-vertically-aligned-center has-sgb-fss-rot-50-background-color has-background is-layout-flow wp-block-column-is-layout-flow\">\n<h4 class=\"wp-block-heading has-text-align-center\">Ja, ich m\u00f6chte eine Patenschaft \u00fcbernehmen<\/h4>\n\n\n\n<div class=\"wp-block-buttons is-content-justification-center is-layout-flex wp-container-core-buttons-is-layout-16018d1d wp-block-buttons-is-layout-flex\">\n<div class=\"wp-block-button\"><a class=\"wp-block-button__link has-sgb-fss-rot-background-color has-background wp-element-button\" href=\"https:\/\/www.sgb-fss.ch\/content\/uploads\/2023\/06\/lsv-formular-patenschaft-familie-d.pdf\" target=\"_blank\" rel=\"noreferrer noopener\">Hier geht&#8217;s zur Patenschaft<\/a><\/div>\n<\/div>\n<\/div>\n\n\n\n<div class=\"wp-block-column is-vertically-aligned-center has-sgb-fss-rot-15-background-color has-background is-layout-flow wp-block-column-is-layout-flow\">\n<h4 class=\"wp-block-heading has-text-align-center\">Weitere Informationen zum Family Package<\/h4>\n\n\n\n<div class=\"wp-block-buttons is-content-justification-center is-layout-flex wp-container-core-buttons-is-layout-28206b41 wp-block-buttons-is-layout-flex\">\n<div class=\"wp-block-button\"><a class=\"wp-block-button__link has-sgb-fss-rot-background-color has-background wp-element-button\" href=\"https:\/\/www.sgb-fss.ch\/content\/uploads\/2023\/10\/faltblatt-family-package-d.pdf\">Weiter zur Brosch\u00fcre<\/a><\/div>\n<\/div>\n<\/div>\n<\/div>\n<\/div>\n\n\n\n<h3 class=\"wp-block-heading\"><strong>Warum ist die Geb\u00e4rdensprache so zentral?<\/strong><\/h3>\n\n\n\n<p>Stellen Sie sich ein h\u00f6rendes Paar vor, welches ein geh\u00f6rloses Kind zur Welt bringt. Erst nach einigen Monaten erf\u00e4hrt es: Unser Kind ist geh\u00f6rlos. Wie verst\u00e4ndigen sie sich mit ihm, wenn es weint? Wie geht die Familie mit der neuen Situation um? Die Geb\u00e4rdensprache ist eine Sprache die der gesamten Familie hilft zu Kommunizieren und sie verhindert die Isolation des Kindes.<\/p>\n\n\n\n<blockquote class=\"wp-block-quote has-sgb-fss-rot-background-color has-background is-layout-flow wp-block-quote-is-layout-flow\">\n<p>Wir waren sehr erleichtert, als wir die Ver\u00e4nderung sahen, welche die Geb\u00e4rdensprache bei Jenny und der ganzen Familie ausl\u00f6ste.<\/p>\n<cite>Steffi Zb\u00e4ren, Mutter der geh\u00f6rlosen Jenny<\/cite><\/blockquote>\n\n\n<div class=\"block block-teaserpages\" id=\"block_f89000dce6d9bcc4eeb31372ddc79e5d\" data-block=\"Teaser Pages\">\n  <ul class=\"block-teaserpages__list\">\n            <li class=\"block-teaserpages__item\">\n        <a class=\"accent teaserpage\" href=\"https:\/\/www.sgb-fss.ch\/de\/spenden\/freie-spenden\/\">\n  <div class=\"teaserpage__thumbnail\">\n            <div class=\"image teaserpage__thumbnail-image\" >\n    <img decoding=\"async\"\n      loading=\"lazy\"\n      class=\"image__object lazyload\"\n      src=\"https:\/\/www.sgb-fss.ch\/content\/uploads\/2023\/03\/1_headerbild-2-1440x0-c-default.jpg\"       data-sizes=\"auto\"\n      data-srcset=\"https:\/\/www.sgb-fss.ch\/content\/uploads\/2023\/03\/1_headerbild-2-1000x0-c-default.jpg 1000w, https:\/\/www.sgb-fss.ch\/content\/uploads\/2023\/03\/1_headerbild-2-700x0-c-default.jpg 700w, https:\/\/www.sgb-fss.ch\/content\/uploads\/2023\/03\/1_headerbild-2-350x0-c-default.jpg 350w, \"\n      alt=\"\"\n      width=\"2128\"\n      height=\"1416\"\n            >\n  <\/div>\n      <\/div>\n  <h3 class=\"teaserpage__title\">Freie Spenden<\/h3>\n  <p class=\"teaserpage__lead\">Ihr Beitrag hilft, dass Menschen mit einer H\u00f6rbehinderung die gleichen Chancen erhalten wie H\u00f6rende &#8211; sei es in der Schule, in der Lehre, bei der Arbeit oder in der Freizeit.<\/p>  <\/a>\n      <\/li>\n            <li class=\"block-teaserpages__item\">\n        <a class=\"accent teaserpage\" href=\"https:\/\/www.sgb-fss.ch\/de\/spenden\/fuer-stiftungen-und-unternehmen\/\">\n  <div class=\"teaserpage__thumbnail\">\n            <div class=\"image teaserpage__thumbnail-image\" >\n    <img decoding=\"async\"\n      loading=\"lazy\"\n      class=\"image__object lazyload\"\n      src=\"https:\/\/www.sgb-fss.ch\/content\/uploads\/2023\/08\/istock-519967552-scaled-1440x0-c-default.jpg\"       data-sizes=\"auto\"\n      data-srcset=\"https:\/\/www.sgb-fss.ch\/content\/uploads\/2023\/08\/istock-519967552-scaled-1000x0-c-default.jpg 1000w, https:\/\/www.sgb-fss.ch\/content\/uploads\/2023\/08\/istock-519967552-scaled-700x0-c-default.jpg 700w, https:\/\/www.sgb-fss.ch\/content\/uploads\/2023\/08\/istock-519967552-scaled-350x0-c-default.jpg 350w, \"\n      alt=\"\"\n      width=\"2560\"\n      height=\"1707\"\n            >\n  <\/div>\n      <\/div>\n  <h3 class=\"teaserpage__title\">F\u00fcr Stiftungen und Unternehmen<\/h3>\n  <p class=\"teaserpage__lead\">Als Stiftungen sind Sie wichtige Unterst\u00fctzer, damit wir unsere diversen Projekte in den strategischen Handlungsfeldern umsetzen k\u00f6nnen. Ihr Engagement als Unternehmen bietet eine sinnvolle und nachhaltige Gelegenheit sich f\u00fcr die Anliegen von Menschen mit einer H\u00f6rbehinderungen in der Schweiz einzusetzen.<\/p>  <\/a>\n      <\/li>\n            <li class=\"block-teaserpages__item\">\n        <a class=\"accent teaserpage\" href=\"https:\/\/www.sgb-fss.ch\/de\/spenden\/patenschaft-gebaerdensprache\/\">\n  <div class=\"teaserpage__thumbnail\">\n            <div class=\"image teaserpage__thumbnail-image\" >\n    <img decoding=\"async\"\n      loading=\"lazy\"\n      class=\"image__object lazyload\"\n      src=\"https:\/\/www.sgb-fss.ch\/content\/uploads\/spenden_eng2879-scaled-1440x0-c-default.jpg\"       data-sizes=\"auto\"\n      data-srcset=\"https:\/\/www.sgb-fss.ch\/content\/uploads\/spenden_eng2879-scaled-1000x0-c-default.jpg 1000w, https:\/\/www.sgb-fss.ch\/content\/uploads\/spenden_eng2879-scaled-700x0-c-default.jpg 700w, https:\/\/www.sgb-fss.ch\/content\/uploads\/spenden_eng2879-scaled-350x0-c-default.jpg 350w, \"\n      alt=\"\"\n      width=\"2560\"\n      height=\"1700\"\n            >\n  <\/div>\n      <\/div>\n  <h3 class=\"teaserpage__title\">Patenschaft Geb\u00e4rdensprache<\/h3>\n  <p class=\"teaserpage__lead\">Mit dieser Patenschaft f\u00f6rdern Sie die Geb\u00e4rdensprache und somit die geh\u00f6rlosen Menschen in der Schweiz.<\/p>  <\/a>\n      <\/li>\n            <li class=\"block-teaserpages__item\">\n        <a class=\"accent teaserpage\" href=\"https:\/\/www.sgb-fss.ch\/de\/spenden\/spendenmoeglichkeiten\/\">\n  <div class=\"teaserpage__thumbnail\">\n            <div class=\"image teaserpage__thumbnail-image\" >\n    <img decoding=\"async\"\n      loading=\"lazy\"\n      class=\"image__object lazyload\"\n      src=\"https:\/\/www.sgb-fss.ch\/content\/uploads\/2021\/05\/c2a9791-scaled-e1621953109811-1440x0-c-default.jpg\"       data-sizes=\"auto\"\n      data-srcset=\"https:\/\/www.sgb-fss.ch\/content\/uploads\/2021\/05\/c2a9791-scaled-e1621953109811-1000x0-c-default.jpg 1000w, https:\/\/www.sgb-fss.ch\/content\/uploads\/2021\/05\/c2a9791-scaled-e1621953109811-700x0-c-default.jpg 700w, https:\/\/www.sgb-fss.ch\/content\/uploads\/2021\/05\/c2a9791-scaled-e1621953109811-350x0-c-default.jpg 350w, \"\n      alt=\"\"\n      width=\"2560\"\n      height=\"1707\"\n            >\n  <\/div>\n      <\/div>\n  <h3 class=\"teaserpage__title\">Spendenm\u00f6glichkeiten<\/h3>\n  <p class=\"teaserpage__lead\">Gemeinsam f\u00fcr eine Welt ohne Barrieren: Der Schweizerische Geh\u00f6rlosenbund setzt sich f\u00fcr geh\u00f6rlose und h\u00f6rbehinderte Menschen ein, damit sie den gleichen Zugang zu Bildung, Arbeit und zum \u00f6ffentlichen Leben geniessen k\u00f6nnen. Mit Ihrer Spende bewirken Sie Ver\u00e4nderung, st\u00e4rken Selbstvertrauen und machen echte Teilhabe m\u00f6glich.<\/p>  <\/a>\n      <\/li>\n    <\/ul>\n<\/div>\n\n\n\n<div class=\"wp-block-group is-layout-flow wp-block-group-is-layout-flow\"><div class=\"block block-teasercontacts block-teasercontacts--boxed\" id=\"block_4153ccf4897ad5905b4a092576c74ae4\" data-block=\"Teaser Contacts\">\n    <div class=\"block-teasercontacts__header\"><p class=\"block-teasercontacts__title\">Fragen zur Patenschaft? Ich beantworte sie Ihnen gerne.<\/p><\/div>    <div class=\"block-teasercontacts__list\">\n                                        <div class=\"block-teasercontacts__item\">\n                <div class=\"block-teasercontacts__link\">\n                    <div class=\"block-teasercontacts__media\">\n                        <div class=\"block-teasercontacts__thumbnail accent__darkred has-background-accent\">\n                                                              <div class=\"image block-teasercontacts__thumbnail-image\" >\n    <img decoding=\"async\"\n      loading=\"lazy\"\n      class=\"image__object lazyload\"\n      src=\"https:\/\/www.sgb-fss.ch\/content\/uploads\/2021\/06\/angela-hartmann-1440x0-c-default.jpg\"       data-sizes=\"auto\"\n      data-srcset=\"https:\/\/www.sgb-fss.ch\/content\/uploads\/2021\/06\/angela-hartmann-200x0-c-default.jpg 200w, https:\/\/www.sgb-fss.ch\/content\/uploads\/2021\/06\/angela-hartmann-100x0-c-default.jpg 100w, \"\n      alt=\"\"\n      width=\"567\"\n      height=\"567\"\n            >\n  <\/div>\n                                                    <\/div>\n                    <\/div>\n                    <div class=\"block-teasercontacts__text\">\n                        <p class=\"block-teasercontacts__name\"><strong><a href=\"https:\/\/www.sgb-fss.ch\/de\/team\/angela-hartmann\/\">Angela Hartmann<\/a><\/strong><\/p>\n                        <p class=\"block-teasercontacts__lead\">Fundraising<\/p>                    <\/div>\n                    <div class=\"block-teasercontacts__contacts\">\n                                                    <p>\n                                                                <a class=\"wp-block-button is-style-transparent\" href=\"mailto:a.hartmann@sgb-fss.ch\"><span class=\"wp-block-button__link\"><i class=\"icon icon--mail\"><svg data-name=\"Ebene 1\" xmlns=\"http:\/\/www.w3.org\/2000\/svg\" viewBox=\"0 0 24 24\"><path d=\"M20.76 2.31H3.24A3.12 3.12 0 0 0 .12 5.43v13.14a3.12 3.12 0 0 0 3.12 3.12h17.52a3.12 3.12 0 0 0 3.12-3.12V5.43a3.12 3.12 0 0 0-3.12-3.12zM2.09 5a1.27 1.27 0 0 1 1.15-.78h17.52a1.24 1.24 0 0 1 1.11.74l.05.09-.09.06L12 12l-.07-.05-9.87-6.9zM22 18.57a1.26 1.26 0 0 1-1.26 1.27H3.24A1.27 1.27 0 0 1 2 18.57V7.21l9.5 6.69a.89.89 0 0 0 1 0L22 7.25z\"\/><\/svg><\/i><span class=\"wp-block-button__label\">a.hartmann@sgb-fss.ch<\/span><\/span><\/a>                                                            <\/p>\n                                            <\/div>\n                <\/div>\n            <\/div>\n                    <\/div>\n<\/div>\n<\/div>\n","protected":false},"excerpt":{"rendered":"<p>Mit Ihrem \u2039Family Package\u203a helfen Sie, verschiedene Angebote speziell f\u00fcr Familien mit geh\u00f6rlosen Kindern [&hellip;]<\/p>\n","protected":false},"author":40,"featured_media":23640,"parent":9091,"menu_order":310,"comment_status":"closed","ping_status":"closed","template":"","meta":{"_acf_changed":false,"inline_featured_image":false,"footnotes":""},"class_list":["post-1757","page","type-page","status-publish","has-post-thumbnail","hentry"],"acf":[],"yoast_head":"<!-- This site is optimized with the Yoast SEO plugin v27.4 - https:\/\/yoast.com\/product\/yoast-seo-wordpress\/ -->\n<title>Patenschaft Familie - SGB-FSS<\/title>\n<meta name=\"robots\" content=\"index, follow, max-snippet:-1, max-image-preview:large, max-video-preview:-1\" \/>\n<link rel=\"canonical\" href=\"https:\/\/www.sgb-fss.ch\/de\/spenden\/patenschaft-familie\/\" \/>\n<meta property=\"og:locale\" content=\"de_DE\" \/>\n<meta property=\"og:type\" content=\"article\" \/>\n<meta property=\"og:title\" content=\"Patenschaft Familie - SGB-FSS\" \/>\n<meta property=\"og:description\" content=\"Mit Ihrem \u2039Family Package\u203a helfen Sie, verschiedene Angebote speziell f\u00fcr Familien mit geh\u00f6rlosen Kindern [&hellip;]\" \/>\n<meta property=\"og:url\" content=\"https:\/\/www.sgb-fss.ch\/de\/spenden\/patenschaft-familie\/\" \/>\n<meta property=\"og:site_name\" content=\"SGB-FSS\" \/>\n<meta property=\"article:modified_time\" content=\"2025-12-11T16:51:47+00:00\" \/>\n<meta property=\"og:image\" content=\"https:\/\/www.sgb-fss.ch\/content\/uploads\/2023\/08\/familie-spenden.png\" \/>\n\t<meta property=\"og:image:width\" content=\"1025\" \/>\n\t<meta property=\"og:image:height\" content=\"678\" \/>\n\t<meta property=\"og:image:type\" content=\"image\/png\" \/>\n<meta name=\"twitter:card\" content=\"summary_large_image\" \/>\n<meta name=\"twitter:label1\" content=\"Gesch\u00e4tzte Lesezeit\" \/>\n\t<meta name=\"twitter:data1\" content=\"2\u00a0Minuten\" \/>\n<script type=\"application\/ld+json\" class=\"yoast-schema-graph\">{\"@context\":\"https:\\\/\\\/schema.org\",\"@graph\":[{\"@type\":\"WebPage\",\"@id\":\"https:\\\/\\\/www.sgb-fss.ch\\\/de\\\/spenden\\\/patenschaft-familie\\\/\",\"url\":\"https:\\\/\\\/www.sgb-fss.ch\\\/de\\\/spenden\\\/patenschaft-familie\\\/\",\"name\":\"Patenschaft Familie - SGB-FSS\",\"isPartOf\":{\"@id\":\"https:\\\/\\\/www.sgb-fss.ch\\\/de\\\/#website\"},\"primaryImageOfPage\":{\"@id\":\"https:\\\/\\\/www.sgb-fss.ch\\\/de\\\/spenden\\\/patenschaft-familie\\\/#primaryimage\"},\"image\":{\"@id\":\"https:\\\/\\\/www.sgb-fss.ch\\\/de\\\/spenden\\\/patenschaft-familie\\\/#primaryimage\"},\"thumbnailUrl\":\"https:\\\/\\\/www.sgb-fss.ch\\\/content\\\/uploads\\\/2023\\\/08\\\/familie-spenden.png\",\"datePublished\":\"2021-03-29T14:25:07+00:00\",\"dateModified\":\"2025-12-11T16:51:47+00:00\",\"breadcrumb\":{\"@id\":\"https:\\\/\\\/www.sgb-fss.ch\\\/de\\\/spenden\\\/patenschaft-familie\\\/#breadcrumb\"},\"inLanguage\":\"de\",\"potentialAction\":[{\"@type\":\"ReadAction\",\"target\":[\"https:\\\/\\\/www.sgb-fss.ch\\\/de\\\/spenden\\\/patenschaft-familie\\\/\"]}]},{\"@type\":\"ImageObject\",\"inLanguage\":\"de\",\"@id\":\"https:\\\/\\\/www.sgb-fss.ch\\\/de\\\/spenden\\\/patenschaft-familie\\\/#primaryimage\",\"url\":\"https:\\\/\\\/www.sgb-fss.ch\\\/content\\\/uploads\\\/2023\\\/08\\\/familie-spenden.png\",\"contentUrl\":\"https:\\\/\\\/www.sgb-fss.ch\\\/content\\\/uploads\\\/2023\\\/08\\\/familie-spenden.png\",\"width\":1025,\"height\":678},{\"@type\":\"BreadcrumbList\",\"@id\":\"https:\\\/\\\/www.sgb-fss.ch\\\/de\\\/spenden\\\/patenschaft-familie\\\/#breadcrumb\",\"itemListElement\":[{\"@type\":\"ListItem\",\"position\":1,\"name\":\"Home\",\"item\":\"https:\\\/\\\/www.sgb-fss.ch\\\/de\\\/\"},{\"@type\":\"ListItem\",\"position\":2,\"name\":\"Spenden und Chance schenken\",\"item\":\"https:\\\/\\\/www.sgb-fss.ch\\\/de\\\/spenden\\\/\"},{\"@type\":\"ListItem\",\"position\":3,\"name\":\"Patenschaft Familie\"}]},{\"@type\":\"WebSite\",\"@id\":\"https:\\\/\\\/www.sgb-fss.ch\\\/de\\\/#website\",\"url\":\"https:\\\/\\\/www.sgb-fss.ch\\\/de\\\/\",\"name\":\"SGB-FSS\",\"description\":\"\",\"potentialAction\":[{\"@type\":\"SearchAction\",\"target\":{\"@type\":\"EntryPoint\",\"urlTemplate\":\"https:\\\/\\\/www.sgb-fss.ch\\\/de\\\/?s={search_term_string}\"},\"query-input\":{\"@type\":\"PropertyValueSpecification\",\"valueRequired\":true,\"valueName\":\"search_term_string\"}}],\"inLanguage\":\"de\"}]}<\/script>\n<!-- \/ Yoast SEO plugin. -->","yoast_head_json":{"title":"Patenschaft Familie - SGB-FSS","robots":{"index":"index","follow":"follow","max-snippet":"max-snippet:-1","max-image-preview":"max-image-preview:large","max-video-preview":"max-video-preview:-1"},"canonical":"https:\/\/www.sgb-fss.ch\/de\/spenden\/patenschaft-familie\/","og_locale":"de_DE","og_type":"article","og_title":"Patenschaft Familie - SGB-FSS","og_description":"Mit Ihrem \u2039Family Package\u203a helfen Sie, verschiedene Angebote speziell f\u00fcr Familien mit geh\u00f6rlosen Kindern [&hellip;]","og_url":"https:\/\/www.sgb-fss.ch\/de\/spenden\/patenschaft-familie\/","og_site_name":"SGB-FSS","article_modified_time":"2025-12-11T16:51:47+00:00","og_image":[{"width":1025,"height":678,"url":"https:\/\/www.sgb-fss.ch\/content\/uploads\/2023\/08\/familie-spenden.png","type":"image\/png"}],"twitter_card":"summary_large_image","twitter_misc":{"Gesch\u00e4tzte Lesezeit":"2\u00a0Minuten"},"schema":{"@context":"https:\/\/schema.org","@graph":[{"@type":"WebPage","@id":"https:\/\/www.sgb-fss.ch\/de\/spenden\/patenschaft-familie\/","url":"https:\/\/www.sgb-fss.ch\/de\/spenden\/patenschaft-familie\/","name":"Patenschaft Familie - SGB-FSS","isPartOf":{"@id":"https:\/\/www.sgb-fss.ch\/de\/#website"},"primaryImageOfPage":{"@id":"https:\/\/www.sgb-fss.ch\/de\/spenden\/patenschaft-familie\/#primaryimage"},"image":{"@id":"https:\/\/www.sgb-fss.ch\/de\/spenden\/patenschaft-familie\/#primaryimage"},"thumbnailUrl":"https:\/\/www.sgb-fss.ch\/content\/uploads\/2023\/08\/familie-spenden.png","datePublished":"2021-03-29T14:25:07+00:00","dateModified":"2025-12-11T16:51:47+00:00","breadcrumb":{"@id":"https:\/\/www.sgb-fss.ch\/de\/spenden\/patenschaft-familie\/#breadcrumb"},"inLanguage":"de","potentialAction":[{"@type":"ReadAction","target":["https:\/\/www.sgb-fss.ch\/de\/spenden\/patenschaft-familie\/"]}]},{"@type":"ImageObject","inLanguage":"de","@id":"https:\/\/www.sgb-fss.ch\/de\/spenden\/patenschaft-familie\/#primaryimage","url":"https:\/\/www.sgb-fss.ch\/content\/uploads\/2023\/08\/familie-spenden.png","contentUrl":"https:\/\/www.sgb-fss.ch\/content\/uploads\/2023\/08\/familie-spenden.png","width":1025,"height":678},{"@type":"BreadcrumbList","@id":"https:\/\/www.sgb-fss.ch\/de\/spenden\/patenschaft-familie\/#breadcrumb","itemListElement":[{"@type":"ListItem","position":1,"name":"Home","item":"https:\/\/www.sgb-fss.ch\/de\/"},{"@type":"ListItem","position":2,"name":"Spenden und Chance schenken","item":"https:\/\/www.sgb-fss.ch\/de\/spenden\/"},{"@type":"ListItem","position":3,"name":"Patenschaft Familie"}]},{"@type":"WebSite","@id":"https:\/\/www.sgb-fss.ch\/de\/#website","url":"https:\/\/www.sgb-fss.ch\/de\/","name":"SGB-FSS","description":"","potentialAction":[{"@type":"SearchAction","target":{"@type":"EntryPoint","urlTemplate":"https:\/\/www.sgb-fss.ch\/de\/?s={search_term_string}"},"query-input":{"@type":"PropertyValueSpecification","valueRequired":true,"valueName":"search_term_string"}}],"inLanguage":"de"}]}},"_links":{"self":[{"href":"https:\/\/www.sgb-fss.ch\/de\/wp-json\/wp\/v2\/pages\/1757","targetHints":{"allow":["GET"]}}],"collection":[{"href":"https:\/\/www.sgb-fss.ch\/de\/wp-json\/wp\/v2\/pages"}],"about":[{"href":"https:\/\/www.sgb-fss.ch\/de\/wp-json\/wp\/v2\/types\/page"}],"author":[{"embeddable":true,"href":"https:\/\/www.sgb-fss.ch\/de\/wp-json\/wp\/v2\/users\/40"}],"replies":[{"embeddable":true,"href":"https:\/\/www.sgb-fss.ch\/de\/wp-json\/wp\/v2\/comments?post=1757"}],"version-history":[{"count":115,"href":"https:\/\/www.sgb-fss.ch\/de\/wp-json\/wp\/v2\/pages\/1757\/revisions"}],"predecessor-version":[{"id":42461,"href":"https:\/\/www.sgb-fss.ch\/de\/wp-json\/wp\/v2\/pages\/1757\/revisions\/42461"}],"up":[{"embeddable":true,"href":"https:\/\/www.sgb-fss.ch\/de\/wp-json\/wp\/v2\/pages\/9091"}],"wp:featuredmedia":[{"embeddable":true,"href":"https:\/\/www.sgb-fss.ch\/de\/wp-json\/wp\/v2\/media\/23640"}],"wp:attachment":[{"href":"https:\/\/www.sgb-fss.ch\/de\/wp-json\/wp\/v2\/media?parent=1757"}],"curies":[{"name":"wp","href":"https:\/\/api.w.org\/{rel}","templated":true}]}}