{"id":14516,"date":"2023-04-25T12:50:10","date_gmt":"2023-04-25T10:50:10","guid":{"rendered":"https:\/\/www.sgb-fss.ch\/?page_id=14516"},"modified":"2025-02-17T10:38:26","modified_gmt":"2025-02-17T09:38:26","slug":"e-learning-mit-signwise-ch","status":"publish","type":"page","link":"https:\/\/www.sgb-fss.ch\/de\/angebote\/e-learning-mit-signwise-ch\/","title":{"rendered":"E-Learning mit signwise.ch"},"content":{"rendered":"\n<p class=\"is-style-lead\">Mit dem E-Learning-Tool&nbsp;von <a href=\"https:\/\/e-learning.signwise.ch\/\">signwise.ch<\/a>&nbsp;kannst du in 6\u201312 Monaten einen zertifizierten Abschluss in einer Geb\u00e4rdensprache erlangen. signwise.ch ist die einzige Online-Lernplattform f\u00fcr Geb\u00e4rdensprachen in der Schweiz, die nach dem Gemeinsamen Europ\u00e4ischen Referenzrahmen f\u00fcr Sprachen (GER) aufgebaut ist.<\/p>\n\n\n\n<figure class=\"wp-block-image size-large\"><img loading=\"lazy\" decoding=\"async\" width=\"1024\" height=\"576\" src=\"https:\/\/www.sgb-fss.ch\/content\/uploads\/2023\/09\/logo-signwise-2-1024x576.jpg\" alt=\"\" class=\"wp-image-25131\" srcset=\"https:\/\/www.sgb-fss.ch\/content\/uploads\/2023\/09\/logo-signwise-2-1024x576.jpg 1024w, https:\/\/www.sgb-fss.ch\/content\/uploads\/2023\/09\/logo-signwise-2-300x169.jpg 300w, https:\/\/www.sgb-fss.ch\/content\/uploads\/2023\/09\/logo-signwise-2-150x84.jpg 150w, https:\/\/www.sgb-fss.ch\/content\/uploads\/2023\/09\/logo-signwise-2-768x432.jpg 768w, https:\/\/www.sgb-fss.ch\/content\/uploads\/2023\/09\/logo-signwise-2-1536x864.jpg 1536w, https:\/\/www.sgb-fss.ch\/content\/uploads\/2023\/09\/logo-signwise-2-2048x1152.jpg 2048w, https:\/\/www.sgb-fss.ch\/content\/uploads\/2023\/09\/logo-signwise-2-178x100.jpg 178w, https:\/\/www.sgb-fss.ch\/content\/uploads\/2023\/09\/logo-signwise-2-600x338.jpg 600w\" sizes=\"auto, (max-width: 1024px) 100vw, 1024px\" \/><\/figure>\n\n\n\n<h2 class=\"wp-block-heading is-style-lead\">Wie funktioniert signwise.ch?<\/h2>\n\n\n\n<p>Bei signwise.ch kannst du selbst\u00e4ndig die beiden Level A1 und A2 absolvieren. Das Tempo des Lernfortschritts, deine Lernzeiten und die Dauer der Lerneinheiten kannst du selbst festlegen. Die Kurse kannst du jederzeit starten \u2013 es gibt keine fixen Startdaten.<\/p>\n\n\n\n<div class=\"wp-block-columns is-layout-flex wp-container-core-columns-is-layout-9d6595d7 wp-block-columns-is-layout-flex\">\n<div class=\"wp-block-column is-layout-flow wp-block-column-is-layout-flow\" style=\"flex-basis:100%\">\n<div class=\"wp-block-group has-sgb-fss-blue-15-background-color has-background is-layout-constrained wp-block-group-is-layout-constrained\">\n<h4 class=\"wp-block-heading has-text-align-center\">Weitere Informationen auf signwise.ch<\/h4>\n\n\n\n<div class=\"wp-block-buttons is-content-justification-center is-layout-flex wp-container-core-buttons-is-layout-16018d1d wp-block-buttons-is-layout-flex\">\n<div class=\"wp-block-button\"><a class=\"wp-block-button__link has-schwarz-color has-sgb-fss-blue-background-color has-text-color has-background wp-element-button\" href=\"https:\/\/e-learning.signwise.ch\/\" target=\"_blank\" rel=\"noreferrer noopener\"><strong>Zur Webseite<\/strong><\/a><\/div>\n<\/div>\n<\/div>\n<\/div>\n<\/div>\n\n\n\n<h2 class=\"wp-block-heading\"><strong>Geb\u00e4rdensprachen lernen<\/strong><\/h2>\n\n\n\n<p><a href=\"https:\/\/www.sgb-fss.ch\/de\/gebaerdensprachen\/\">Geb\u00e4rdensprachen<\/a> sind vollwertige Sprachen, mit denen du dich mit geh\u00f6rlosen, h\u00f6rbehinderten und h\u00f6renden Personen unterhalten kannst. Sie sind keine Lautsprachen, sondern visuelle Sprachen. Mit einem abwechslungsreichen Lernprogramm hilft dir signwise.ch, dich schnell und sicher in Geb\u00e4rdensprache auszudr\u00fccken.<\/p>\n\n\n\n<h2 class=\"wp-block-heading\">Demoversion f\u00fcr signwise.ch<\/h2>\n\n\n\n<p>Teste signwise.ch unverbindlich! Du kannst die ersten drei Kapitel kostenlos in der Demoversion ansehen und durcharbeiten. So findest du heraus, ob das E-Learning-Tool zu dir passt. Schau dich in Ruhe um \u2013 wir freuen uns \u00fcber dein Interesse!<\/p>\n\n\n\n<h2 class=\"wp-block-heading\">Zertifizierter Abschluss mit signwise.ch<\/h2>\n\n\n\n<p>Am Ende der Kurse kann nach Wunsch eine Pr\u00fcfung abgelegt werden. Diese ist freiwillig. Wenn du diese erfolgreich absolvierst, hast du einen zertifizierten Abschluss in der jeweiligen Geb\u00e4rdensprache. Weitere Informationen und FAQ&#8217;s findest du auf signwise.ch.<\/p>\n\n\n<div class=\"block block-teasercontacts block-teasercontacts--boxed\" id=\"block_88d43de338e28bdbeb7a5625a083815b\" data-block=\"Teaser Contacts\">\n    <div class=\"block-teasercontacts__header\"><p class=\"block-teasercontacts__title\">Fragen zum E-Learning mit signwise.ch?<br>Wir freuen uns auf deine Nachricht.<\/p><\/div>    <div class=\"block-teasercontacts__list\">\n                                        <div class=\"block-teasercontacts__item\">\n                <div class=\"block-teasercontacts__link\">\n                    <div class=\"block-teasercontacts__media\">\n                        <div class=\"block-teasercontacts__thumbnail accent__blue has-background-accent\">\n                                                              <div class=\"image block-teasercontacts__thumbnail-image\" >\n    <img decoding=\"async\"\n      loading=\"lazy\"\n      class=\"image__object lazyload\"\n      src=\"https:\/\/www.sgb-fss.ch\/content\/uploads\/2021\/06\/sandra-sidler-1440x0-c-default.jpg\"       data-sizes=\"auto\"\n      data-srcset=\"https:\/\/www.sgb-fss.ch\/content\/uploads\/2021\/06\/sandra-sidler-200x0-c-default.jpg 200w, https:\/\/www.sgb-fss.ch\/content\/uploads\/2021\/06\/sandra-sidler-100x0-c-default.jpg 100w, \"\n      alt=\"\"\n      width=\"567\"\n      height=\"567\"\n            >\n  <\/div>\n                                                    <\/div>\n                    <\/div>\n                    <div class=\"block-teasercontacts__text\">\n                        <p class=\"block-teasercontacts__name\"><strong><a href=\"https:\/\/www.sgb-fss.ch\/de\/team\/sandra-sidler-miserez\/\">Sandra Sidler-Miserez<\/a><\/strong><\/p>\n                        <p class=\"block-teasercontacts__lead\">signwise.ch <\/p>                    <\/div>\n                    <div class=\"block-teasercontacts__contacts\">\n                                                    <p>\n                                                                <a class=\"wp-block-button is-style-transparent\" href=\"mailto:s.sidler@sgb-fss.ch\"><span class=\"wp-block-button__link\"><i class=\"icon icon--mail\"><svg data-name=\"Ebene 1\" xmlns=\"http:\/\/www.w3.org\/2000\/svg\" viewBox=\"0 0 24 24\"><path d=\"M20.76 2.31H3.24A3.12 3.12 0 0 0 .12 5.43v13.14a3.12 3.12 0 0 0 3.12 3.12h17.52a3.12 3.12 0 0 0 3.12-3.12V5.43a3.12 3.12 0 0 0-3.12-3.12zM2.09 5a1.27 1.27 0 0 1 1.15-.78h17.52a1.24 1.24 0 0 1 1.11.74l.05.09-.09.06L12 12l-.07-.05-9.87-6.9zM22 18.57a1.26 1.26 0 0 1-1.26 1.27H3.24A1.27 1.27 0 0 1 2 18.57V7.21l9.5 6.69a.89.89 0 0 0 1 0L22 7.25z\"\/><\/svg><\/i><span class=\"wp-block-button__label\">s.sidler@sgb-fss.ch<\/span><\/span><\/a>                                                            <\/p>\n                                            <\/div>\n                <\/div>\n            <\/div>\n                                                <div class=\"block-teasercontacts__item\">\n                <div class=\"block-teasercontacts__link\">\n                    <div class=\"block-teasercontacts__media\">\n                        <div class=\"block-teasercontacts__thumbnail accent__darkred has-background-accent\">\n                                                              <div class=\"image block-teasercontacts__thumbnail-image\" >\n    <img decoding=\"async\"\n      loading=\"lazy\"\n      class=\"image__object lazyload\"\n      src=\"https:\/\/www.sgb-fss.ch\/content\/uploads\/2021\/06\/sabine-wolff-1440x0-c-default.jpg\"       data-sizes=\"auto\"\n      data-srcset=\"https:\/\/www.sgb-fss.ch\/content\/uploads\/2021\/06\/sabine-wolff-200x0-c-default.jpg 200w, https:\/\/www.sgb-fss.ch\/content\/uploads\/2021\/06\/sabine-wolff-100x0-c-default.jpg 100w, \"\n      alt=\"\"\n      width=\"567\"\n      height=\"567\"\n            >\n  <\/div>\n                                                    <\/div>\n                    <\/div>\n                    <div class=\"block-teasercontacts__text\">\n                        <p class=\"block-teasercontacts__name\"><strong><a href=\"https:\/\/www.sgb-fss.ch\/de\/team\/sabine-wolff\/\">Sabine Wolff<\/a><\/strong><\/p>\n                        <p class=\"block-teasercontacts__lead\">Produkte und Marken<\/p>                    <\/div>\n                    <div class=\"block-teasercontacts__contacts\">\n                                                    <p>\n                                                                <a class=\"wp-block-button is-style-transparent\" href=\"mailto:s.wolff@sgb-fss.ch\"><span class=\"wp-block-button__link\"><i class=\"icon icon--mail\"><svg data-name=\"Ebene 1\" xmlns=\"http:\/\/www.w3.org\/2000\/svg\" viewBox=\"0 0 24 24\"><path d=\"M20.76 2.31H3.24A3.12 3.12 0 0 0 .12 5.43v13.14a3.12 3.12 0 0 0 3.12 3.12h17.52a3.12 3.12 0 0 0 3.12-3.12V5.43a3.12 3.12 0 0 0-3.12-3.12zM2.09 5a1.27 1.27 0 0 1 1.15-.78h17.52a1.24 1.24 0 0 1 1.11.74l.05.09-.09.06L12 12l-.07-.05-9.87-6.9zM22 18.57a1.26 1.26 0 0 1-1.26 1.27H3.24A1.27 1.27 0 0 1 2 18.57V7.21l9.5 6.69a.89.89 0 0 0 1 0L22 7.25z\"\/><\/svg><\/i><span class=\"wp-block-button__label\">s.wolff@sgb-fss.ch<\/span><\/span><\/a>                                                            <\/p>\n                                            <\/div>\n                <\/div>\n            <\/div>\n                    <\/div>\n<\/div>\n\n\n\n<h2 class=\"wp-block-heading\"><\/h2>\n\n\n\n<div class=\"wp-block-group has-pflaume-10-background-color has-background is-layout-constrained wp-block-group-is-layout-constrained\"><div class=\"block block-teaserpages\" id=\"block_f552e42a77463d8e1cc1eca70d19ed38\" data-block=\"Teaser Pages\">\n  <ul class=\"block-teaserpages__list\">\n            <li class=\"block-teaserpages__item\">\n        <a class=\"accent teaserpage\" href=\"https:\/\/www.sgb-fss.ch\/de\/angebote\/e-lexikon\/\">\n  <div class=\"teaserpage__thumbnail\">\n            <div class=\"image teaserpage__thumbnail-image\" >\n    <img decoding=\"async\"\n      loading=\"lazy\"\n      class=\"image__object lazyload\"\n      src=\"https:\/\/www.sgb-fss.ch\/content\/uploads\/2023\/06\/elexikon_d-1440x0-c-default.jpg\"       data-sizes=\"auto\"\n      data-srcset=\"https:\/\/www.sgb-fss.ch\/content\/uploads\/2023\/06\/elexikon_d-1000x0-c-default.jpg 1000w, https:\/\/www.sgb-fss.ch\/content\/uploads\/2023\/06\/elexikon_d-700x0-c-default.jpg 700w, https:\/\/www.sgb-fss.ch\/content\/uploads\/2023\/06\/elexikon_d-350x0-c-default.jpg 350w, \"\n      alt=\"\"\n      width=\"1166\"\n      height=\"656\"\n            >\n  <\/div>\n      <\/div>\n  <h3 class=\"teaserpage__title\">E-Lexikon Geb\u00e4rdensprache<\/h3>\n  <p class=\"teaserpage__lead\">In unserem umfangreichen, interaktiven E-Lexikon kannst du Begriffe direkt in die Geb\u00e4rdensprache \u00fcbersetzen lassen,  loslegen und deinen Wortschatz ausbauen. <\/p>  <\/a>\n      <\/li>\n            <li class=\"block-teaserpages__item\">\n        <a class=\"accent teaserpage\" href=\"https:\/\/www.sgb-fss.ch\/de\/bereiche\/arbeit\/corporate-edition\/\">\n  <div class=\"teaserpage__thumbnail\">\n            <div class=\"image teaserpage__thumbnail-image\" >\n    <img decoding=\"async\"\n      loading=\"lazy\"\n      class=\"image__object lazyload\"\n      src=\"https:\/\/www.sgb-fss.ch\/content\/uploads\/2023\/05\/logo-signwise-corporate-edition-web-1440x0-c-default.png\"       data-sizes=\"auto\"\n      data-srcset=\"https:\/\/www.sgb-fss.ch\/content\/uploads\/2023\/05\/logo-signwise-corporate-edition-web-1000x0-c-default.png 1000w, https:\/\/www.sgb-fss.ch\/content\/uploads\/2023\/05\/logo-signwise-corporate-edition-web-700x0-c-default.png 700w, https:\/\/www.sgb-fss.ch\/content\/uploads\/2023\/05\/logo-signwise-corporate-edition-web-350x0-c-default.png 350w, \"\n      alt=\"\"\n      width=\"6330\"\n      height=\"3560\"\n            >\n  <\/div>\n      <\/div>\n  <h3 class=\"teaserpage__title\">Dein Vokabular in einer APP<\/h3>\n  <p class=\"teaserpage__lead\">Du m\u00f6chtest deinen Mitarbeitenden die Geb\u00e4rdensprache n\u00e4her bringen? Wir entwickeln ein auf dein Unternehmen zugeschnittenes Vokabular und bieten euch dieses via der Corporate Edition APP an.<\/p>  <\/a>\n      <\/li>\n    <\/ul>\n<\/div>\n<\/div>\n\n\n\n<div class=\"wp-block-group has-schwarz-25-background-color has-background is-layout-constrained wp-block-group-is-layout-constrained\"><div class=\"block block-teaserpages\" id=\"block_da6988db5ed7868a7f85f1632b33379c\" data-block=\"Teaser Pages\">\n  <ul class=\"block-teaserpages__list\">\n            <li class=\"block-teaserpages__item\">\n        <a class=\"accent teaserpage\" href=\"https:\/\/www.sgb-fss.ch\/de\/downloads\/\">\n  <div class=\"teaserpage__thumbnail\">\n            <div class=\"image teaserpage__thumbnail-image\" >\n    <img decoding=\"async\"\n      loading=\"lazy\"\n      class=\"image__object lazyload\"\n      src=\"https:\/\/www.sgb-fss.ch\/content\/uploads\/2024\/01\/downloads-d-1440x0-c-default.jpg\"       data-sizes=\"auto\"\n      data-srcset=\"https:\/\/www.sgb-fss.ch\/content\/uploads\/2024\/01\/downloads-d-1000x0-c-default.jpg 1000w, https:\/\/www.sgb-fss.ch\/content\/uploads\/2024\/01\/downloads-d-700x0-c-default.jpg 700w, https:\/\/www.sgb-fss.ch\/content\/uploads\/2024\/01\/downloads-d-350x0-c-default.jpg 350w, \"\n      alt=\"\"\n      width=\"1890\"\n      height=\"1063\"\n            >\n  <\/div>\n      <\/div>\n  <h3 class=\"teaserpage__title\">Downloads<\/h3>\n  <p class=\"teaserpage__lead\">Hier findest du alle Daten zu dieser Seite sowie allen anderen Bereichen zum Herunterladen.<\/p>  <\/a>\n      <\/li>\n    <\/ul>\n<\/div>\n<\/div>\n","protected":false},"excerpt":{"rendered":"<p>Mit dem E-Learning-Tool&nbsp;von signwise.ch&nbsp;kannst du in 6\u201312 Monaten einen zertifizierten Abschluss in einer Geb\u00e4rdensprache [&hellip;]<\/p>\n","protected":false},"author":40,"featured_media":15188,"parent":31877,"menu_order":2,"comment_status":"closed","ping_status":"closed","template":"","meta":{"_acf_changed":false,"inline_featured_image":false,"footnotes":""},"class_list":["post-14516","page","type-page","status-publish","has-post-thumbnail","hentry"],"acf":[],"yoast_head":"<!-- This site is optimized with the Yoast SEO plugin v27.4 - https:\/\/yoast.com\/product\/yoast-seo-wordpress\/ -->\n<title>signwise.ch - Geb\u00e4rdensprachen online lernen | SGB-FSS<\/title>\n<meta name=\"description\" content=\"Mit signwise.ch kannst du online die schweizerische Geb\u00e4rdensprache lernen. Informiere dich \u00fcber die Kurse, Kosten und Diplome.\" \/>\n<meta name=\"robots\" content=\"index, follow, max-snippet:-1, max-image-preview:large, max-video-preview:-1\" \/>\n<link rel=\"canonical\" href=\"https:\/\/www.sgb-fss.ch\/de\/angebote\/e-learning-mit-signwise-ch\/\" \/>\n<meta property=\"og:locale\" content=\"de_DE\" \/>\n<meta property=\"og:type\" content=\"article\" \/>\n<meta property=\"og:title\" content=\"signwise.ch - Geb\u00e4rdensprachen online lernen | SGB-FSS\" \/>\n<meta property=\"og:description\" content=\"Mit signwise.ch kannst du online die schweizerische Geb\u00e4rdensprache lernen. Informiere dich \u00fcber die Kurse, Kosten und Diplome.\" \/>\n<meta property=\"og:url\" content=\"https:\/\/www.sgb-fss.ch\/de\/angebote\/e-learning-mit-signwise-ch\/\" \/>\n<meta property=\"og:site_name\" content=\"SGB-FSS\" \/>\n<meta property=\"article:modified_time\" content=\"2025-02-17T09:38:26+00:00\" \/>\n<meta property=\"og:image\" content=\"https:\/\/www.sgb-fss.ch\/content\/uploads\/2023\/05\/logo-signwise-web.png\" \/>\n\t<meta property=\"og:image:width\" content=\"6330\" \/>\n\t<meta property=\"og:image:height\" content=\"3560\" \/>\n\t<meta property=\"og:image:type\" content=\"image\/png\" \/>\n<meta name=\"twitter:card\" content=\"summary_large_image\" \/>\n<meta name=\"twitter:label1\" content=\"Gesch\u00e4tzte Lesezeit\" \/>\n\t<meta name=\"twitter:data1\" content=\"2\u00a0Minuten\" \/>\n<script type=\"application\/ld+json\" class=\"yoast-schema-graph\">{\"@context\":\"https:\\\/\\\/schema.org\",\"@graph\":[{\"@type\":\"WebPage\",\"@id\":\"https:\\\/\\\/www.sgb-fss.ch\\\/de\\\/angebote\\\/e-learning-mit-signwise-ch\\\/\",\"url\":\"https:\\\/\\\/www.sgb-fss.ch\\\/de\\\/angebote\\\/e-learning-mit-signwise-ch\\\/\",\"name\":\"signwise.ch - Geb\u00e4rdensprachen online lernen | SGB-FSS\",\"isPartOf\":{\"@id\":\"https:\\\/\\\/www.sgb-fss.ch\\\/de\\\/#website\"},\"primaryImageOfPage\":{\"@id\":\"https:\\\/\\\/www.sgb-fss.ch\\\/de\\\/angebote\\\/e-learning-mit-signwise-ch\\\/#primaryimage\"},\"image\":{\"@id\":\"https:\\\/\\\/www.sgb-fss.ch\\\/de\\\/angebote\\\/e-learning-mit-signwise-ch\\\/#primaryimage\"},\"thumbnailUrl\":\"https:\\\/\\\/www.sgb-fss.ch\\\/content\\\/uploads\\\/2023\\\/05\\\/logo-signwise-web.png\",\"datePublished\":\"2023-04-25T10:50:10+00:00\",\"dateModified\":\"2025-02-17T09:38:26+00:00\",\"description\":\"Mit signwise.ch kannst du online die schweizerische Geb\u00e4rdensprache lernen. Informiere dich \u00fcber die Kurse, Kosten und Diplome.\",\"breadcrumb\":{\"@id\":\"https:\\\/\\\/www.sgb-fss.ch\\\/de\\\/angebote\\\/e-learning-mit-signwise-ch\\\/#breadcrumb\"},\"inLanguage\":\"de\",\"potentialAction\":[{\"@type\":\"ReadAction\",\"target\":[\"https:\\\/\\\/www.sgb-fss.ch\\\/de\\\/angebote\\\/e-learning-mit-signwise-ch\\\/\"]}]},{\"@type\":\"ImageObject\",\"inLanguage\":\"de\",\"@id\":\"https:\\\/\\\/www.sgb-fss.ch\\\/de\\\/angebote\\\/e-learning-mit-signwise-ch\\\/#primaryimage\",\"url\":\"https:\\\/\\\/www.sgb-fss.ch\\\/content\\\/uploads\\\/2023\\\/05\\\/logo-signwise-web.png\",\"contentUrl\":\"https:\\\/\\\/www.sgb-fss.ch\\\/content\\\/uploads\\\/2023\\\/05\\\/logo-signwise-web.png\",\"width\":6330,\"height\":3560},{\"@type\":\"BreadcrumbList\",\"@id\":\"https:\\\/\\\/www.sgb-fss.ch\\\/de\\\/angebote\\\/e-learning-mit-signwise-ch\\\/#breadcrumb\",\"itemListElement\":[{\"@type\":\"ListItem\",\"position\":1,\"name\":\"Home\",\"item\":\"https:\\\/\\\/www.sgb-fss.ch\\\/de\\\/\"},{\"@type\":\"ListItem\",\"position\":2,\"name\":\"Angebote\",\"item\":\"https:\\\/\\\/www.sgb-fss.ch\\\/de\\\/angebote\\\/\"},{\"@type\":\"ListItem\",\"position\":3,\"name\":\"E-Learning mit signwise.ch\"}]},{\"@type\":\"WebSite\",\"@id\":\"https:\\\/\\\/www.sgb-fss.ch\\\/de\\\/#website\",\"url\":\"https:\\\/\\\/www.sgb-fss.ch\\\/de\\\/\",\"name\":\"SGB-FSS\",\"description\":\"\",\"potentialAction\":[{\"@type\":\"SearchAction\",\"target\":{\"@type\":\"EntryPoint\",\"urlTemplate\":\"https:\\\/\\\/www.sgb-fss.ch\\\/de\\\/?s={search_term_string}\"},\"query-input\":{\"@type\":\"PropertyValueSpecification\",\"valueRequired\":true,\"valueName\":\"search_term_string\"}}],\"inLanguage\":\"de\"}]}<\/script>\n<!-- \/ Yoast SEO plugin. -->","yoast_head_json":{"title":"signwise.ch - Geb\u00e4rdensprachen online lernen | SGB-FSS","description":"Mit signwise.ch kannst du online die schweizerische Geb\u00e4rdensprache lernen. Informiere dich \u00fcber die Kurse, Kosten und Diplome.","robots":{"index":"index","follow":"follow","max-snippet":"max-snippet:-1","max-image-preview":"max-image-preview:large","max-video-preview":"max-video-preview:-1"},"canonical":"https:\/\/www.sgb-fss.ch\/de\/angebote\/e-learning-mit-signwise-ch\/","og_locale":"de_DE","og_type":"article","og_title":"signwise.ch - Geb\u00e4rdensprachen online lernen | SGB-FSS","og_description":"Mit signwise.ch kannst du online die schweizerische Geb\u00e4rdensprache lernen. Informiere dich \u00fcber die Kurse, Kosten und Diplome.","og_url":"https:\/\/www.sgb-fss.ch\/de\/angebote\/e-learning-mit-signwise-ch\/","og_site_name":"SGB-FSS","article_modified_time":"2025-02-17T09:38:26+00:00","og_image":[{"width":6330,"height":3560,"url":"https:\/\/www.sgb-fss.ch\/content\/uploads\/2023\/05\/logo-signwise-web.png","type":"image\/png"}],"twitter_card":"summary_large_image","twitter_misc":{"Gesch\u00e4tzte Lesezeit":"2\u00a0Minuten"},"schema":{"@context":"https:\/\/schema.org","@graph":[{"@type":"WebPage","@id":"https:\/\/www.sgb-fss.ch\/de\/angebote\/e-learning-mit-signwise-ch\/","url":"https:\/\/www.sgb-fss.ch\/de\/angebote\/e-learning-mit-signwise-ch\/","name":"signwise.ch - Geb\u00e4rdensprachen online lernen | SGB-FSS","isPartOf":{"@id":"https:\/\/www.sgb-fss.ch\/de\/#website"},"primaryImageOfPage":{"@id":"https:\/\/www.sgb-fss.ch\/de\/angebote\/e-learning-mit-signwise-ch\/#primaryimage"},"image":{"@id":"https:\/\/www.sgb-fss.ch\/de\/angebote\/e-learning-mit-signwise-ch\/#primaryimage"},"thumbnailUrl":"https:\/\/www.sgb-fss.ch\/content\/uploads\/2023\/05\/logo-signwise-web.png","datePublished":"2023-04-25T10:50:10+00:00","dateModified":"2025-02-17T09:38:26+00:00","description":"Mit signwise.ch kannst du online die schweizerische Geb\u00e4rdensprache lernen. Informiere dich \u00fcber die Kurse, Kosten und Diplome.","breadcrumb":{"@id":"https:\/\/www.sgb-fss.ch\/de\/angebote\/e-learning-mit-signwise-ch\/#breadcrumb"},"inLanguage":"de","potentialAction":[{"@type":"ReadAction","target":["https:\/\/www.sgb-fss.ch\/de\/angebote\/e-learning-mit-signwise-ch\/"]}]},{"@type":"ImageObject","inLanguage":"de","@id":"https:\/\/www.sgb-fss.ch\/de\/angebote\/e-learning-mit-signwise-ch\/#primaryimage","url":"https:\/\/www.sgb-fss.ch\/content\/uploads\/2023\/05\/logo-signwise-web.png","contentUrl":"https:\/\/www.sgb-fss.ch\/content\/uploads\/2023\/05\/logo-signwise-web.png","width":6330,"height":3560},{"@type":"BreadcrumbList","@id":"https:\/\/www.sgb-fss.ch\/de\/angebote\/e-learning-mit-signwise-ch\/#breadcrumb","itemListElement":[{"@type":"ListItem","position":1,"name":"Home","item":"https:\/\/www.sgb-fss.ch\/de\/"},{"@type":"ListItem","position":2,"name":"Angebote","item":"https:\/\/www.sgb-fss.ch\/de\/angebote\/"},{"@type":"ListItem","position":3,"name":"E-Learning mit signwise.ch"}]},{"@type":"WebSite","@id":"https:\/\/www.sgb-fss.ch\/de\/#website","url":"https:\/\/www.sgb-fss.ch\/de\/","name":"SGB-FSS","description":"","potentialAction":[{"@type":"SearchAction","target":{"@type":"EntryPoint","urlTemplate":"https:\/\/www.sgb-fss.ch\/de\/?s={search_term_string}"},"query-input":{"@type":"PropertyValueSpecification","valueRequired":true,"valueName":"search_term_string"}}],"inLanguage":"de"}]}},"_links":{"self":[{"href":"https:\/\/www.sgb-fss.ch\/de\/wp-json\/wp\/v2\/pages\/14516","targetHints":{"allow":["GET"]}}],"collection":[{"href":"https:\/\/www.sgb-fss.ch\/de\/wp-json\/wp\/v2\/pages"}],"about":[{"href":"https:\/\/www.sgb-fss.ch\/de\/wp-json\/wp\/v2\/types\/page"}],"author":[{"embeddable":true,"href":"https:\/\/www.sgb-fss.ch\/de\/wp-json\/wp\/v2\/users\/40"}],"replies":[{"embeddable":true,"href":"https:\/\/www.sgb-fss.ch\/de\/wp-json\/wp\/v2\/comments?post=14516"}],"version-history":[{"count":111,"href":"https:\/\/www.sgb-fss.ch\/de\/wp-json\/wp\/v2\/pages\/14516\/revisions"}],"predecessor-version":[{"id":37156,"href":"https:\/\/www.sgb-fss.ch\/de\/wp-json\/wp\/v2\/pages\/14516\/revisions\/37156"}],"up":[{"embeddable":true,"href":"https:\/\/www.sgb-fss.ch\/de\/wp-json\/wp\/v2\/pages\/31877"}],"wp:featuredmedia":[{"embeddable":true,"href":"https:\/\/www.sgb-fss.ch\/de\/wp-json\/wp\/v2\/media\/15188"}],"wp:attachment":[{"href":"https:\/\/www.sgb-fss.ch\/de\/wp-json\/wp\/v2\/media?parent=14516"}],"curies":[{"name":"wp","href":"https:\/\/api.w.org\/{rel}","templated":true}]}}