{"id":13937,"date":"2023-04-17T11:12:49","date_gmt":"2023-04-17T09:12:49","guid":{"rendered":"https:\/\/www.sgb-fss.ch\/?page_id=13937"},"modified":"2026-03-19T16:18:56","modified_gmt":"2026-03-19T15:18:56","slug":"foerderfonds","status":"publish","type":"page","link":"https:\/\/www.sgb-fss.ch\/de\/verband\/foerderfonds\/","title":{"rendered":"F\u00f6rderfonds"},"content":{"rendered":"\n<p class=\"is-style-lead\">Der Schweizerische Geh\u00f6rlosenbund stellt j\u00e4hrlich Gelder zur Verf\u00fcgung f\u00fcr Projekte von Kollektivmitgliedern und Aufgaben von regionalen Partnern. Das F\u00f6rderfondsreglement hilft beim Verteilen des Geldes und beim Pr\u00fcfen der Antr\u00e4ge.<\/p>\n\n\n\n<div class=\"wp-block-group has-sgb-fss-rot-50-background-color has-background is-layout-constrained wp-block-group-is-layout-constrained\">\n<div class=\"wp-block-columns is-layout-flex wp-container-core-columns-is-layout-9d6595d7 wp-block-columns-is-layout-flex\">\n<div class=\"wp-block-column is-layout-flow wp-block-column-is-layout-flow\">\n<h3 class=\"wp-block-heading\">Neuigkeiten<\/h3>\n\n\n\n<h4 class=\"wp-block-heading\">Antr\u00e4ge f\u00fcr den Projekt- sowie den Ausbildungsfonds k\u00f6nnen ab April 2026 eingereicht werden. Wir bitten die vorgegebenen Gesuchsformulare daf\u00fcr zu verwenden und per Mail einzureichen.<\/h4>\n\n\n\n<p>Bitte beachtet die neue Mailadresse: <a href=\"mailto:foerderfonds@sgb-fss.ch\" target=\"_blank\" rel=\"noreferrer noopener\">foerderfonds@sgb-fss.ch<\/a><\/p>\n\n\n\n<p>Antr\u00e4ge k\u00f6nnen ab <strong>April 2026<\/strong> eingereicht werden.<\/p>\n<\/div>\n<\/div>\n<\/div>\n\n\n\n<h2 class=\"wp-block-heading\">Welche Voraussetzungen gibt es?<\/h2>\n\n\n\n<p>Es wird empfohlen, das <a href=\"https:\/\/www.sgb-fss.ch\/content\/uploads\/2023\/05\/reglement_foerderfonds_sgb_fss_2024.pdf\" target=\"_blank\" rel=\"noreferrer noopener\">F\u00f6rderfondsreglement<\/a> sorgf\u00e4ltig zu lesen. Projekte m\u00fcssen die darin festgelegten Kriterien erf\u00fcllen. Zudem muss das offizielle Gesuchformular rechtzeitig eingereicht werden.<\/p>\n\n\n\n<p><strong>Eingabefrist f\u00fcr das Projektjahr 2027: 30. Juni 2026<\/strong><\/p>\n\n\n\n<p>F\u00fcr Fragen oder Unterst\u00fctzung stehen die <a href=\"https:\/\/www.sgb-fss.ch\/de\/verband\/partner\/\">Regionalpartner<\/a> und der Schweizerische Geh\u00f6rlosenbund gerne zur Verf\u00fcgung. Wir freuen uns auf kreative und wirkungsvolle Projektideen!<\/p>\n\n\n\n<blockquote class=\"wp-block-quote is-layout-flow wp-block-quote-is-layout-flow\">\n<p>Im F\u00f6rderfondsreglement werden klare und transparente Kriterien f\u00fcr Projekte festgelegt<\/p>\n<cite>Ruedi Graf, Co-Gesch\u00e4ftsleitung<\/cite><\/blockquote>\n\n\n\n<h2 class=\"wp-block-heading\">Dank <strong>Ertr\u00e4gen aus dem Fundraising<\/strong> m\u00f6glich<\/h2>\n\n\n\n<p class=\"is-style-default\">Es ist klar geregelt, welche Gelder in welchen Regionen wof\u00fcr zur Verf\u00fcgung stehen. Die Kriterien f\u00fcr die Verteilung sind \u00f6ffentlich. Je nach Fonds werden die nicht aufgebrauchten Mittel eines Jahres zum Teil auf das n\u00e4chste Jahr \u00fcbertragen.<\/p>\n\n\n\n<p class=\"is-style-default\">Der Schweizerische Geh\u00f6rlosenbund stellt jedes Jahr 10 % der Ertr\u00e4ge aus dem Fundraising zur Verf\u00fcgung. Das Geld geht anteilm\u00e4ssig in einen Regionalfonds, in einen Projektfonds f\u00fcr Mitglieder und einen Ausbildungsfonds.<\/p>\n\n\n\n<figure class=\"wp-block-image size-large\"><img loading=\"lazy\" decoding=\"async\" width=\"1024\" height=\"576\" src=\"https:\/\/www.sgb-fss.ch\/content\/uploads\/2023\/05\/finanzierung-d-1024x576.jpg\" alt=\"\" class=\"wp-image-16657\" srcset=\"https:\/\/www.sgb-fss.ch\/content\/uploads\/2023\/05\/finanzierung-d-1024x576.jpg 1024w, https:\/\/www.sgb-fss.ch\/content\/uploads\/2023\/05\/finanzierung-d-300x169.jpg 300w, https:\/\/www.sgb-fss.ch\/content\/uploads\/2023\/05\/finanzierung-d-150x84.jpg 150w, https:\/\/www.sgb-fss.ch\/content\/uploads\/2023\/05\/finanzierung-d-768x432.jpg 768w, https:\/\/www.sgb-fss.ch\/content\/uploads\/2023\/05\/finanzierung-d-1536x864.jpg 1536w, https:\/\/www.sgb-fss.ch\/content\/uploads\/2023\/05\/finanzierung-d-2048x1152.jpg 2048w, https:\/\/www.sgb-fss.ch\/content\/uploads\/2023\/05\/finanzierung-d-178x100.jpg 178w, https:\/\/www.sgb-fss.ch\/content\/uploads\/2023\/05\/finanzierung-d-600x337.jpg 600w\" sizes=\"auto, (max-width: 1024px) 100vw, 1024px\" \/><\/figure>\n\n\n\n<div class=\"wp-block-columns is-layout-flex wp-container-core-columns-is-layout-9d6595d7 wp-block-columns-is-layout-flex\">\n<div class=\"wp-block-column is-layout-flow wp-block-column-is-layout-flow\" style=\"flex-basis:100%\">\n<div class=\"wp-block-group has-sgb-fss-rot-15-background-color has-background is-layout-constrained wp-block-group-is-layout-constrained\">\n<h2 class=\"wp-block-heading\">Regionalfonds<\/h2>\n\n\n\n<p>Die sieben Grossregionen der Schweiz erhalten jedes Jahr einen festen Betrag f\u00fcr Partnerorganisationen, den sie zur Koordination, Netzwerkarbeit und Interessenvertretung in den Regionen einsetzen k\u00f6nnen.<\/p>\n<\/div>\n<\/div>\n<\/div>\n\n\n\n<div class=\"wp-block-columns is-layout-flex wp-container-core-columns-is-layout-9d6595d7 wp-block-columns-is-layout-flex\">\n<div class=\"wp-block-column is-layout-flow wp-block-column-is-layout-flow\" style=\"flex-basis:100%\">\n<div class=\"wp-block-group has-sgb-fss-blue-15-background-color has-background is-layout-constrained wp-block-group-is-layout-constrained\">\n<h2 class=\"wp-block-heading\">Fonds Projekte Mitglieder<\/h2>\n\n\n\n<p>Dieses Geld wird f\u00fcr Projekte, welche die Strategie des Schweizerischen Geh\u00f6rlosenbundes unterst\u00fctzen und f\u00fcr niederschwellige Projekte der Selbsthilfe von Mitgliedern gesprochen.<\/p>\n\n\n\n<div class=\"wp-block-file\"><a id=\"wp-block-file--media-2dc3ab84-6cfb-4144-bbf9-e674a74d3877\" href=\"https:\/\/www.sgb-fss.ch\/content\/uploads\/gesuchformular-fonds-projekte-mitglieder-2027.pdf\">gesuchformular-fonds-projekte-mitglieder-2027<\/a><a href=\"https:\/\/www.sgb-fss.ch\/content\/uploads\/gesuchformular-fonds-projekte-mitglieder-2027.pdf\" class=\"wp-block-file__button wp-element-button\" download aria-describedby=\"wp-block-file--media-2dc3ab84-6cfb-4144-bbf9-e674a74d3877\">Herunterladen<\/a><\/div>\n<\/div>\n<\/div>\n<\/div>\n\n\n\n<div class=\"wp-block-columns is-layout-flex wp-container-core-columns-is-layout-9d6595d7 wp-block-columns-is-layout-flex\">\n<div class=\"wp-block-column is-layout-flow wp-block-column-is-layout-flow\" style=\"flex-basis:100%\">\n<div class=\"wp-block-group has-pflaume-10-background-color has-background is-layout-constrained wp-block-group-is-layout-constrained\">\n<h2 class=\"wp-block-heading\">Ausbildungsfonds<\/h2>\n\n\n\n<p>Gef\u00f6rdert werden Aus-, Weiterbildungs- und Studieng\u00e4nge mit Schwerpunkt Geb\u00e4rdensprache\/Geh\u00f6rlosenkultur und Dolmetsch-\/\u00dcbersetzungsberufe, welche die gesellschaftliche und inklusive Teilhabe von Menschen mit H\u00f6rbehinderung voranbringen und erweitern.<\/p>\n\n\n\n<div class=\"wp-block-file\"><a id=\"wp-block-file--media-9b3ed2c4-86d0-4b23-822b-415cbfc6d39d\" href=\"https:\/\/www.sgb-fss.ch\/content\/uploads\/gesuchformular-ausbildungsfonds-2027.pdf\">gesuchformular-ausbildungsfonds-2027<\/a><a href=\"https:\/\/www.sgb-fss.ch\/content\/uploads\/gesuchformular-ausbildungsfonds-2027.pdf\" class=\"wp-block-file__button wp-element-button\" download aria-describedby=\"wp-block-file--media-9b3ed2c4-86d0-4b23-822b-415cbfc6d39d\">Herunterladen<\/a><\/div>\n<\/div>\n<\/div>\n<\/div>\n\n\n\n<div class=\"wp-block-columns is-layout-flex wp-container-core-columns-is-layout-9d6595d7 wp-block-columns-is-layout-flex\">\n<div class=\"wp-block-column is-layout-flow wp-block-column-is-layout-flow\" style=\"flex-basis:100%\">\n<div class=\"wp-block-group has-sgb-fss-rot-15-background-color has-background is-layout-flow wp-block-group-is-layout-flow\">\n<p><strong>per Post<\/strong><br>Schweizerischer Geh\u00f6rlosenbund SGB-FSS<br>Sekretariat\/Gesuche<br>R\u00e4ffelstrasse 24<br>CH-8045 Z\u00fcrich<\/p>\n\n\n\n<p><strong>per E-Mail<\/strong><br><a href=\"mailto:direction@sgb-fss.ch\" target=\"_blank\" rel=\"noreferrer noopener\">foerderfonds@sgb-fss.ch<br><\/a>Mit dem Betreff: Gesuche<\/p>\n\n\n\n<p class=\"has-sgb-fss-rot-color has-text-color\">F\u00fcr Unterst\u00fctzung beim Ausf\u00fcllen der Formulare oder Fragen rund ums Finanzierungsreglement kontaktieren Sie bitte den jeweiligen <a href=\"https:\/\/www.sgb-fss.ch\/de\/verband\/partner\/\">Regionalpartner<\/a> vom Geh\u00f6rlosenbund.<\/p>\n<\/div>\n<\/div>\n<\/div>\n\n\n<div class=\"block block-teasercontacts block-teasercontacts--boxed\" id=\"block_25ca73ea2a1fb89cc1e80a1514cc61e6\" data-block=\"Teaser Contacts\">\n    <div class=\"block-teasercontacts__header\"><p class=\"block-teasercontacts__title\">Fragen zum F\u00f6rderfondsreglement? Ich freue mich auf deine Nachricht.<\/p><\/div>    <div class=\"block-teasercontacts__list\">\n                                        <div class=\"block-teasercontacts__item\">\n                <div class=\"block-teasercontacts__link\">\n                    <div class=\"block-teasercontacts__media\">\n                        <div class=\"block-teasercontacts__thumbnail accent__darkred has-background-accent\">\n                                                              <div class=\"image block-teasercontacts__thumbnail-image\" >\n    <img decoding=\"async\"\n      loading=\"lazy\"\n      class=\"image__object lazyload\"\n      src=\"https:\/\/www.sgb-fss.ch\/content\/uploads\/2021\/06\/nathalie-gagneux-1440x0-c-default.jpg\"       data-sizes=\"auto\"\n      data-srcset=\"https:\/\/www.sgb-fss.ch\/content\/uploads\/2021\/06\/nathalie-gagneux-200x0-c-default.jpg 200w, https:\/\/www.sgb-fss.ch\/content\/uploads\/2021\/06\/nathalie-gagneux-100x0-c-default.jpg 100w, \"\n      alt=\"\"\n      width=\"567\"\n      height=\"567\"\n            >\n  <\/div>\n                                                    <\/div>\n                    <\/div>\n                    <div class=\"block-teasercontacts__text\">\n                        <p class=\"block-teasercontacts__name\"><strong><a href=\"https:\/\/www.sgb-fss.ch\/de\/team\/nathalie-gagneux-2\/\">Nathalie Gagneux<\/a><\/strong><\/p>\n                        <p class=\"block-teasercontacts__lead\">Buchhaltung<\/p>                    <\/div>\n                    <div class=\"block-teasercontacts__contacts\">\n                                                    <estos-widget sip=\"sip:direction@sgb-fss.ch\" configurl=\"\/estos-config.php?options=textchat,videochat\" class=\"display-none\"><\/estos-widget>\n                            <div class=\"wp-block-button is-style-transparent\" onclick=\"(document.querySelector('estos-widget').classList.toggle('display-none'), document.querySelector('estos-widget').shadowRoot.querySelector('estos-contact-widget').shadowRoot.querySelector('paper-icon-button').click());\"><span class=\"wp-block-button__link\"><i class=\"icon icon--mail\"><svg data-name=\"Ebene 1\" xmlns=\"http:\/\/www.w3.org\/2000\/svg\" viewBox=\"0 0 24 24\"><path d=\"M20.76 2.31H3.24A3.12 3.12 0 0 0 .12 5.43v13.14a3.12 3.12 0 0 0 3.12 3.12h17.52a3.12 3.12 0 0 0 3.12-3.12V5.43a3.12 3.12 0 0 0-3.12-3.12zM2.09 5a1.27 1.27 0 0 1 1.15-.78h17.52a1.24 1.24 0 0 1 1.11.74l.05.09-.09.06L12 12l-.07-.05-9.87-6.9zM22 18.57a1.26 1.26 0 0 1-1.26 1.27H3.24A1.27 1.27 0 0 1 2 18.57V7.21l9.5 6.69a.89.89 0 0 0 1 0L22 7.25z\"\/><\/svg><\/i><i class=\"icon icon--video\"><svg data-name=\"Ebene 1\" xmlns=\"http:\/\/www.w3.org\/2000\/svg\" viewBox=\"0 0 24 24\"><path d=\"M23.4 6.22a.9.9 0 0 0-.87.07l-5.66 4V7A2.89 2.89 0 0 0 14 4.12H3A2.89 2.89 0 0 0 .12 7v10A2.89 2.89 0 0 0 3 19.88h11A2.89 2.89 0 0 0 16.87 17v-3.3l.2.14 5.42 3.87a.94.94 0 0 0 .51.17 1.17 1.17 0 0 0 .41-.1.86.86 0 0 0 .46-.78V7a.84.84 0 0 0-.47-.78zM15.12 17A1.12 1.12 0 0 1 14 18.12H3A1.13 1.13 0 0 1 1.87 17V7A1.13 1.13 0 0 1 3 5.88h11A1.12 1.12 0 0 1 15.12 7zm7-1.7L17.5 12l4.62-3.3z\"\/><\/svg><\/i><i class=\"icon icon--phone\"><svg data-name=\"Ebene 1\" xmlns=\"http:\/\/www.w3.org\/2000\/svg\" viewBox=\"0 0 24 24\"><path d=\"M21.22 14.33a13.27 13.27 0 0 1-2.92-.72 3.09 3.09 0 0 0-1.73-.13 3 3 0 0 0-1.53.83l-.93.92-.11-.06a17 17 0 0 1-5.23-5.24v-.09l.93-.93a3.05 3.05 0 0 0 .82-1.49 3.1 3.1 0 0 0-.13-1.73 13.34 13.34 0 0 1-.73-2.91A3.12 3.12 0 0 0 6.54.12H3.19A3 3 0 0 0 2 .38a3 3 0 0 0-1 .71 3.32 3.32 0 0 0-.71 1.13A3.1 3.1 0 0 0 .13 3.5a23 23 0 0 0 3.54 10 22.75 22.75 0 0 0 6.9 6.88 23 23 0 0 0 10 3.54h.28a3 3 0 0 0 1-.16 3.12 3.12 0 0 0 1.1-.64 3.29 3.29 0 0 0 1-2.29v-3.3a3.08 3.08 0 0 0-2.73-3.2zm.91 6.46a1.45 1.45 0 0 1-.11.54 1.43 1.43 0 0 1-.32.44 1.53 1.53 0 0 1-.47.29 1.76 1.76 0 0 1-.45.07h-.08a21.08 21.08 0 0 1-9.18-3.26 21 21 0 0 1-6.38-6.37 21.11 21.11 0 0 1-3.25-9.17 1.29 1.29 0 0 1 .34-1A1.34 1.34 0 0 1 2.67 2a1.51 1.51 0 0 1 .55-.12H6.6A1.29 1.29 0 0 1 7.88 3a14.68 14.68 0 0 0 .82 3.27 1.41 1.41 0 0 1 .06.73 1.3 1.3 0 0 1-.36.66L7 9.09a.87.87 0 0 0-.09 1.07 18.6 18.6 0 0 0 7 7 .88.88 0 0 0 1.01-.16l1.36-1.39a1.23 1.23 0 0 1 .66-.36 1.21 1.21 0 0 1 .75.06 16.17 16.17 0 0 0 3.31.79 1.29 1.29 0 0 1 .83.46 1.25 1.25 0 0 1 .32.89z\"\/><\/svg><\/i><span class=\"wp-block-button__label\">Kontakt aufnehmen<\/span><\/span><\/div>\n                                            <\/div>\n                <\/div>\n            <\/div>\n                    <\/div>\n<\/div>\n\n\n\n<h2 class=\"wp-block-heading\"><\/h2>\n\n\n\n<div class=\"wp-block-group has-schwarz-25-background-color has-background is-layout-constrained wp-block-group-is-layout-constrained\"><div class=\"block block-teaserpages\" id=\"block_cc63c3e00278b1f23a753d4a710f7e0e\" data-block=\"Teaser Pages\">\n  <ul class=\"block-teaserpages__list\">\n            <li class=\"block-teaserpages__item\">\n        <a class=\"accent teaserpage\" href=\"https:\/\/www.sgb-fss.ch\/de\/downloads\/\">\n  <div class=\"teaserpage__thumbnail\">\n            <div class=\"image teaserpage__thumbnail-image\" >\n    <img decoding=\"async\"\n      loading=\"lazy\"\n      class=\"image__object lazyload\"\n      src=\"https:\/\/www.sgb-fss.ch\/content\/uploads\/2024\/01\/downloads-d-1440x0-c-default.jpg\"       data-sizes=\"auto\"\n      data-srcset=\"https:\/\/www.sgb-fss.ch\/content\/uploads\/2024\/01\/downloads-d-1000x0-c-default.jpg 1000w, https:\/\/www.sgb-fss.ch\/content\/uploads\/2024\/01\/downloads-d-700x0-c-default.jpg 700w, https:\/\/www.sgb-fss.ch\/content\/uploads\/2024\/01\/downloads-d-350x0-c-default.jpg 350w, \"\n      alt=\"\"\n      width=\"1890\"\n      height=\"1063\"\n            >\n  <\/div>\n      <\/div>\n  <h3 class=\"teaserpage__title\">Downloads<\/h3>\n  <p class=\"teaserpage__lead\">Hier findest du alle Daten zu dieser Seite sowie allen anderen Bereichen zum Herunterladen.<\/p>  <\/a>\n      <\/li>\n    <\/ul>\n<\/div>\n<\/div>\n","protected":false},"excerpt":{"rendered":"<p>Der Schweizerische Geh\u00f6rlosenbund stellt j\u00e4hrlich Gelder zur Verf\u00fcgung f\u00fcr Projekte von Kollektivmitgliedern und Aufgaben [&hellip;]<\/p>\n","protected":false},"author":8,"featured_media":25358,"parent":22946,"menu_order":0,"comment_status":"closed","ping_status":"closed","template":"","meta":{"_acf_changed":false,"inline_featured_image":false,"footnotes":""},"class_list":["post-13937","page","type-page","status-publish","has-post-thumbnail","hentry"],"acf":[],"yoast_head":"<!-- This site is optimized with the Yoast SEO plugin v27.4 - https:\/\/yoast.com\/product\/yoast-seo-wordpress\/ -->\n<title>F\u00f6rderfonds - SGB-FSS<\/title>\n<meta name=\"robots\" content=\"index, follow, max-snippet:-1, max-image-preview:large, max-video-preview:-1\" \/>\n<link rel=\"canonical\" href=\"https:\/\/www.sgb-fss.ch\/de\/verband\/foerderfonds\/\" \/>\n<meta property=\"og:locale\" content=\"de_DE\" \/>\n<meta property=\"og:type\" content=\"article\" \/>\n<meta property=\"og:title\" content=\"F\u00f6rderfonds - SGB-FSS\" \/>\n<meta property=\"og:description\" content=\"Der Schweizerische Geh\u00f6rlosenbund stellt j\u00e4hrlich Gelder zur Verf\u00fcgung f\u00fcr Projekte von Kollektivmitgliedern und Aufgaben [&hellip;]\" \/>\n<meta property=\"og:url\" content=\"https:\/\/www.sgb-fss.ch\/de\/verband\/foerderfonds\/\" \/>\n<meta property=\"og:site_name\" content=\"SGB-FSS\" \/>\n<meta property=\"article:modified_time\" content=\"2026-03-19T15:18:56+00:00\" \/>\n<meta property=\"og:image\" content=\"https:\/\/www.sgb-fss.ch\/content\/uploads\/2023\/09\/istock-1316029970-scaled.jpg\" \/>\n\t<meta property=\"og:image:width\" content=\"2560\" \/>\n\t<meta property=\"og:image:height\" content=\"1707\" \/>\n\t<meta property=\"og:image:type\" content=\"image\/jpeg\" \/>\n<meta name=\"twitter:card\" content=\"summary_large_image\" \/>\n<meta name=\"twitter:label1\" content=\"Gesch\u00e4tzte Lesezeit\" \/>\n\t<meta name=\"twitter:data1\" content=\"3\u00a0Minuten\" \/>\n<script type=\"application\/ld+json\" class=\"yoast-schema-graph\">{\"@context\":\"https:\\\/\\\/schema.org\",\"@graph\":[{\"@type\":\"WebPage\",\"@id\":\"https:\\\/\\\/www.sgb-fss.ch\\\/de\\\/verband\\\/foerderfonds\\\/\",\"url\":\"https:\\\/\\\/www.sgb-fss.ch\\\/de\\\/verband\\\/foerderfonds\\\/\",\"name\":\"F\u00f6rderfonds - SGB-FSS\",\"isPartOf\":{\"@id\":\"https:\\\/\\\/www.sgb-fss.ch\\\/de\\\/#website\"},\"primaryImageOfPage\":{\"@id\":\"https:\\\/\\\/www.sgb-fss.ch\\\/de\\\/verband\\\/foerderfonds\\\/#primaryimage\"},\"image\":{\"@id\":\"https:\\\/\\\/www.sgb-fss.ch\\\/de\\\/verband\\\/foerderfonds\\\/#primaryimage\"},\"thumbnailUrl\":\"https:\\\/\\\/www.sgb-fss.ch\\\/content\\\/uploads\\\/2023\\\/09\\\/istock-1316029970-scaled.jpg\",\"datePublished\":\"2023-04-17T09:12:49+00:00\",\"dateModified\":\"2026-03-19T15:18:56+00:00\",\"breadcrumb\":{\"@id\":\"https:\\\/\\\/www.sgb-fss.ch\\\/de\\\/verband\\\/foerderfonds\\\/#breadcrumb\"},\"inLanguage\":\"de\",\"potentialAction\":[{\"@type\":\"ReadAction\",\"target\":[\"https:\\\/\\\/www.sgb-fss.ch\\\/de\\\/verband\\\/foerderfonds\\\/\"]}]},{\"@type\":\"ImageObject\",\"inLanguage\":\"de\",\"@id\":\"https:\\\/\\\/www.sgb-fss.ch\\\/de\\\/verband\\\/foerderfonds\\\/#primaryimage\",\"url\":\"https:\\\/\\\/www.sgb-fss.ch\\\/content\\\/uploads\\\/2023\\\/09\\\/istock-1316029970-scaled.jpg\",\"contentUrl\":\"https:\\\/\\\/www.sgb-fss.ch\\\/content\\\/uploads\\\/2023\\\/09\\\/istock-1316029970-scaled.jpg\",\"width\":2560,\"height\":1707,\"caption\":\"Close-up of mans hands calculating final price of purchase. Competent Real Estate Agent preparing homeowner contract. Rental agreement investment and property concept\"},{\"@type\":\"BreadcrumbList\",\"@id\":\"https:\\\/\\\/www.sgb-fss.ch\\\/de\\\/verband\\\/foerderfonds\\\/#breadcrumb\",\"itemListElement\":[{\"@type\":\"ListItem\",\"position\":1,\"name\":\"Home\",\"item\":\"https:\\\/\\\/www.sgb-fss.ch\\\/de\\\/\"},{\"@type\":\"ListItem\",\"position\":2,\"name\":\"Verband\",\"item\":\"https:\\\/\\\/www.sgb-fss.ch\\\/de\\\/verband\\\/\"},{\"@type\":\"ListItem\",\"position\":3,\"name\":\"F\u00f6rderfonds\"}]},{\"@type\":\"WebSite\",\"@id\":\"https:\\\/\\\/www.sgb-fss.ch\\\/de\\\/#website\",\"url\":\"https:\\\/\\\/www.sgb-fss.ch\\\/de\\\/\",\"name\":\"SGB-FSS\",\"description\":\"\",\"potentialAction\":[{\"@type\":\"SearchAction\",\"target\":{\"@type\":\"EntryPoint\",\"urlTemplate\":\"https:\\\/\\\/www.sgb-fss.ch\\\/de\\\/?s={search_term_string}\"},\"query-input\":{\"@type\":\"PropertyValueSpecification\",\"valueRequired\":true,\"valueName\":\"search_term_string\"}}],\"inLanguage\":\"de\"}]}<\/script>\n<!-- \/ Yoast SEO plugin. -->","yoast_head_json":{"title":"F\u00f6rderfonds - SGB-FSS","robots":{"index":"index","follow":"follow","max-snippet":"max-snippet:-1","max-image-preview":"max-image-preview:large","max-video-preview":"max-video-preview:-1"},"canonical":"https:\/\/www.sgb-fss.ch\/de\/verband\/foerderfonds\/","og_locale":"de_DE","og_type":"article","og_title":"F\u00f6rderfonds - SGB-FSS","og_description":"Der Schweizerische Geh\u00f6rlosenbund stellt j\u00e4hrlich Gelder zur Verf\u00fcgung f\u00fcr Projekte von Kollektivmitgliedern und Aufgaben [&hellip;]","og_url":"https:\/\/www.sgb-fss.ch\/de\/verband\/foerderfonds\/","og_site_name":"SGB-FSS","article_modified_time":"2026-03-19T15:18:56+00:00","og_image":[{"width":2560,"height":1707,"url":"https:\/\/www.sgb-fss.ch\/content\/uploads\/2023\/09\/istock-1316029970-scaled.jpg","type":"image\/jpeg"}],"twitter_card":"summary_large_image","twitter_misc":{"Gesch\u00e4tzte Lesezeit":"3\u00a0Minuten"},"schema":{"@context":"https:\/\/schema.org","@graph":[{"@type":"WebPage","@id":"https:\/\/www.sgb-fss.ch\/de\/verband\/foerderfonds\/","url":"https:\/\/www.sgb-fss.ch\/de\/verband\/foerderfonds\/","name":"F\u00f6rderfonds - SGB-FSS","isPartOf":{"@id":"https:\/\/www.sgb-fss.ch\/de\/#website"},"primaryImageOfPage":{"@id":"https:\/\/www.sgb-fss.ch\/de\/verband\/foerderfonds\/#primaryimage"},"image":{"@id":"https:\/\/www.sgb-fss.ch\/de\/verband\/foerderfonds\/#primaryimage"},"thumbnailUrl":"https:\/\/www.sgb-fss.ch\/content\/uploads\/2023\/09\/istock-1316029970-scaled.jpg","datePublished":"2023-04-17T09:12:49+00:00","dateModified":"2026-03-19T15:18:56+00:00","breadcrumb":{"@id":"https:\/\/www.sgb-fss.ch\/de\/verband\/foerderfonds\/#breadcrumb"},"inLanguage":"de","potentialAction":[{"@type":"ReadAction","target":["https:\/\/www.sgb-fss.ch\/de\/verband\/foerderfonds\/"]}]},{"@type":"ImageObject","inLanguage":"de","@id":"https:\/\/www.sgb-fss.ch\/de\/verband\/foerderfonds\/#primaryimage","url":"https:\/\/www.sgb-fss.ch\/content\/uploads\/2023\/09\/istock-1316029970-scaled.jpg","contentUrl":"https:\/\/www.sgb-fss.ch\/content\/uploads\/2023\/09\/istock-1316029970-scaled.jpg","width":2560,"height":1707,"caption":"Close-up of mans hands calculating final price of purchase. Competent Real Estate Agent preparing homeowner contract. Rental agreement investment and property concept"},{"@type":"BreadcrumbList","@id":"https:\/\/www.sgb-fss.ch\/de\/verband\/foerderfonds\/#breadcrumb","itemListElement":[{"@type":"ListItem","position":1,"name":"Home","item":"https:\/\/www.sgb-fss.ch\/de\/"},{"@type":"ListItem","position":2,"name":"Verband","item":"https:\/\/www.sgb-fss.ch\/de\/verband\/"},{"@type":"ListItem","position":3,"name":"F\u00f6rderfonds"}]},{"@type":"WebSite","@id":"https:\/\/www.sgb-fss.ch\/de\/#website","url":"https:\/\/www.sgb-fss.ch\/de\/","name":"SGB-FSS","description":"","potentialAction":[{"@type":"SearchAction","target":{"@type":"EntryPoint","urlTemplate":"https:\/\/www.sgb-fss.ch\/de\/?s={search_term_string}"},"query-input":{"@type":"PropertyValueSpecification","valueRequired":true,"valueName":"search_term_string"}}],"inLanguage":"de"}]}},"_links":{"self":[{"href":"https:\/\/www.sgb-fss.ch\/de\/wp-json\/wp\/v2\/pages\/13937","targetHints":{"allow":["GET"]}}],"collection":[{"href":"https:\/\/www.sgb-fss.ch\/de\/wp-json\/wp\/v2\/pages"}],"about":[{"href":"https:\/\/www.sgb-fss.ch\/de\/wp-json\/wp\/v2\/types\/page"}],"author":[{"embeddable":true,"href":"https:\/\/www.sgb-fss.ch\/de\/wp-json\/wp\/v2\/users\/8"}],"replies":[{"embeddable":true,"href":"https:\/\/www.sgb-fss.ch\/de\/wp-json\/wp\/v2\/comments?post=13937"}],"version-history":[{"count":93,"href":"https:\/\/www.sgb-fss.ch\/de\/wp-json\/wp\/v2\/pages\/13937\/revisions"}],"predecessor-version":[{"id":44504,"href":"https:\/\/www.sgb-fss.ch\/de\/wp-json\/wp\/v2\/pages\/13937\/revisions\/44504"}],"up":[{"embeddable":true,"href":"https:\/\/www.sgb-fss.ch\/de\/wp-json\/wp\/v2\/pages\/22946"}],"wp:featuredmedia":[{"embeddable":true,"href":"https:\/\/www.sgb-fss.ch\/de\/wp-json\/wp\/v2\/media\/25358"}],"wp:attachment":[{"href":"https:\/\/www.sgb-fss.ch\/de\/wp-json\/wp\/v2\/media?parent=13937"}],"curies":[{"name":"wp","href":"https:\/\/api.w.org\/{rel}","templated":true}]}}