{"id":13282,"date":"2023-04-11T10:11:46","date_gmt":"2023-04-11T08:11:46","guid":{"rendered":"https:\/\/www.sgb-fss.ch\/?page_id=13282"},"modified":"2025-12-12T17:51:22","modified_gmt":"2025-12-12T16:51:22","slug":"patenschaft-gebaerdensprache","status":"publish","type":"page","link":"https:\/\/www.sgb-fss.ch\/de\/spenden\/patenschaft-gebaerdensprache\/","title":{"rendered":"Patenschaft Geb\u00e4rdensprache"},"content":{"rendered":"\n<p class=\"is-style-lead\">Mit dieser Patenschaft f\u00f6rdern Sie die Geb\u00e4rdensprache und somit die geh\u00f6rlosen Menschen in der Schweiz.<\/p>\n\n\n\n<figure class=\"wp-block-image size-full\"><img loading=\"lazy\" decoding=\"async\" width=\"2560\" height=\"1700\" src=\"https:\/\/www.sgb-fss.ch\/content\/uploads\/spenden_eng2879-scaled.jpg\" alt=\"\" class=\"wp-image-42281\" srcset=\"https:\/\/www.sgb-fss.ch\/content\/uploads\/spenden_eng2879-scaled.jpg 2560w, https:\/\/www.sgb-fss.ch\/content\/uploads\/spenden_eng2879-300x199.jpg 300w, https:\/\/www.sgb-fss.ch\/content\/uploads\/spenden_eng2879-1024x680.jpg 1024w, https:\/\/www.sgb-fss.ch\/content\/uploads\/spenden_eng2879-150x100.jpg 150w, https:\/\/www.sgb-fss.ch\/content\/uploads\/spenden_eng2879-768x510.jpg 768w, https:\/\/www.sgb-fss.ch\/content\/uploads\/spenden_eng2879-1536x1020.jpg 1536w, https:\/\/www.sgb-fss.ch\/content\/uploads\/spenden_eng2879-2048x1360.jpg 2048w, https:\/\/www.sgb-fss.ch\/content\/uploads\/spenden_eng2879-151x100.jpg 151w\" sizes=\"auto, (max-width: 2560px) 100vw, 2560px\" \/><\/figure>\n\n\n\n<h3 class=\"wp-block-heading\"><strong>Warum ist die Geb\u00e4rdensprache so zentral?<\/strong><\/h3>\n\n\n\n<p>Geh\u00f6rlos sein bedeutet visuell sein. Geh\u00f6rlose Menschen begreifen die Welt mit den Augen und kommunizieren mit den H\u00e4nden. Die Geb\u00e4rdensprache ist ihre nat\u00fcrliche Muttersprache, dagegen ist gesprochene und geschriebene Sprache eine Fremdsprache. Geb\u00e4rdensprache f\u00f6rdern heisst geh\u00f6rlose Menschen f\u00f6rdern.<\/p>\n\n\n\n<h3 class=\"wp-block-heading\"><strong>Wie hilft die Patenschaft Geb\u00e4rdensprache?<\/strong><\/h3>\n\n\n\n<p>Mit Ihrer Patenschaft erm\u00f6glichen Sie verschiedene Angebote rund um die Geb\u00e4rdensprache:<\/p>\n\n\n\n<ul class=\"wp-block-list\">\n<li>Pflege und Weiterentwicklung unseres <a href=\"https:\/\/signsuisse.sgb-fss.ch\/de\/\">Geb\u00e4rdensprache-Lexikons<\/a> \u00absignsuisse\u00bb, das rund 19&#8217;000 Geb\u00e4rden in den drei schweizerischen Geb\u00e4rdensprachen enth\u00e4lt,<\/li>\n\n\n\n<li>Pflege und Weiterentwicklung unserer <a href=\"https:\/\/www.sgb-fss.ch\/de\/angebote\/e-learning-mit-signwise-ch\/\" target=\"_blank\" rel=\"noreferrer noopener\">E-Learning Plattform signwise.ch, ein Online-Sprachtool f\u00fcr die drei schweizerischen Geb\u00e4rdensprachen,<\/a><\/li>\n<\/ul>\n\n\n\n<ul class=\"wp-block-list\">\n<li>Aufbau einer Online-Wissensplattform, auf der Informationen und Wissen in den drei schweizerischen Geb\u00e4rdensprachen vermittelt wird (zum Beispiel zu Gesundheit und Pr\u00e4vention)<\/li>\n<\/ul>\n\n\n\n<p>Zudem leisten Sie einen Beitrag dazu, Familien mit geh\u00f6rlosen Kindern zu begleiten und ihnen Geschichten mit&nbsp;<a href=\"https:\/\/www.deafliteracy.ch\/\" target=\"_blank\" rel=\"noreferrer noopener\">Read to Deaf Kids<\/a>&nbsp;zu erz\u00e4hlen.<\/p>\n\n\n\n<h2 class=\"wp-block-heading\"><strong>Die&nbsp;Vorteile&nbsp;Ihrer&nbsp;\u2039Patenschaft Geb\u00e4rdensprache\u203a<\/strong><\/h2>\n\n\n\n<p>Mit Ihrem regelm\u00e4ssigen Patenschafts-Beitrag setzen Sie ein starkes Zeichen und profitieren gleichzeitig:<\/p>\n\n\n\n<ul class=\"wp-block-list\">\n<li>Sie unterst\u00fctzen gezielt die Muttersprache der geh\u00f6rlosen Menschen.<\/li>\n<\/ul>\n\n\n\n<ul class=\"wp-block-list\">\n<li>Sie erhalten regelm\u00e4ssige Updates \u00fcber den aktuellen Stand der laufenden Projekte und Angebote.<\/li>\n<\/ul>\n\n\n\n<ul class=\"wp-block-list\">\n<li>Ihr regelm\u00e4ssiger Beitrag erm\u00f6glicht Planungssicherheit f\u00fcr unsere Arbeit.<\/li>\n<\/ul>\n\n\n\n<blockquote class=\"wp-block-quote has-sgb-fss-rot-background-color has-background is-layout-flow wp-block-quote-is-layout-flow\">\n<p>Die meisten Menschen haben sich noch nie \u00fcberlegt, was es bedeutet, wenn man alles kann &#8211; ausser h\u00f6ren.<\/p>\n\n\n\n<h3 class=\"wp-block-heading\"><\/h3>\n<cite>Gabriela Conigliaro-Camelin (geh\u00f6rlos), People &amp; Culture<\/cite><\/blockquote>\n\n\n\n<div class=\"wp-block-group is-layout-flow wp-block-group-is-layout-flow\">\n<div class=\"wp-block-columns is-layout-flex wp-container-core-columns-is-layout-9d6595d7 wp-block-columns-is-layout-flex\">\n<div class=\"wp-block-column is-vertically-aligned-center has-sgb-fss-rot-50-background-color has-background is-layout-flow wp-block-column-is-layout-flow\">\n<h4 class=\"wp-block-heading has-text-align-center\">Ja, ich \u00fcbernehme eine Patenschaft!<\/h4>\n\n\n\n<div class=\"wp-block-buttons is-content-justification-center is-layout-flex wp-container-core-buttons-is-layout-16018d1d wp-block-buttons-is-layout-flex\">\n<div class=\"wp-block-button\"><a class=\"wp-block-button__link has-sgb-fss-rot-background-color has-background wp-element-button\" href=\"https:\/\/www.sgb-fss.ch\/content\/uploads\/2023\/06\/lsv-formular-patenschaft-gebardensprache-d.pdf\" target=\"_blank\" rel=\"noreferrer noopener\">Hier geht&#8217;s zur Patenschaft<\/a><\/div>\n<\/div>\n<\/div>\n\n\n\n<div class=\"wp-block-column is-vertically-aligned-center has-sgb-fss-rot-15-background-color has-background is-layout-flow wp-block-column-is-layout-flow\">\n<h4 class=\"wp-block-heading has-text-align-center\">Weitere Informationen zur Geb\u00e4rdensprache<\/h4>\n\n\n\n<div class=\"wp-block-buttons is-content-justification-center is-layout-flex wp-container-core-buttons-is-layout-28206b41 wp-block-buttons-is-layout-flex\">\n<div class=\"wp-block-button\"><a class=\"wp-block-button__link has-sgb-fss-rot-background-color has-background wp-element-button\" href=\"https:\/\/www.sgb-fss.ch\/content\/uploads\/2023\/03\/faltblatt-allgemein-d.pdf\" target=\"_blank\" rel=\"noreferrer noopener\">Weiter zur Informations\u00adbrosch\u00fcre<\/a><\/div>\n<\/div>\n<\/div>\n<\/div>\n<\/div>\n\n\n\n<div class=\"wp-block-group is-layout-flow wp-block-group-is-layout-flow\"><div class=\"block block-teasercontacts block-teasercontacts--boxed\" id=\"block_838945ef5b4e6ddb658b536e9b1cbfb8\" data-block=\"Teaser Contacts\">\n    <div class=\"block-teasercontacts__header\"><p class=\"block-teasercontacts__title\">Fragen zur Patenschaft? Ich beantworte sie Ihnen gerne.<\/p><\/div>    <div class=\"block-teasercontacts__list\">\n                                        <div class=\"block-teasercontacts__item\">\n                <div class=\"block-teasercontacts__link\">\n                    <div class=\"block-teasercontacts__media\">\n                        <div class=\"block-teasercontacts__thumbnail accent__darkred has-background-accent\">\n                                                              <div class=\"image block-teasercontacts__thumbnail-image\" >\n    <img decoding=\"async\"\n      loading=\"lazy\"\n      class=\"image__object lazyload\"\n      src=\"https:\/\/www.sgb-fss.ch\/content\/uploads\/2021\/06\/angela-hartmann-1440x0-c-default.jpg\"       data-sizes=\"auto\"\n      data-srcset=\"https:\/\/www.sgb-fss.ch\/content\/uploads\/2021\/06\/angela-hartmann-200x0-c-default.jpg 200w, https:\/\/www.sgb-fss.ch\/content\/uploads\/2021\/06\/angela-hartmann-100x0-c-default.jpg 100w, \"\n      alt=\"\"\n      width=\"567\"\n      height=\"567\"\n            >\n  <\/div>\n                                                    <\/div>\n                    <\/div>\n                    <div class=\"block-teasercontacts__text\">\n                        <p class=\"block-teasercontacts__name\"><strong><a href=\"https:\/\/www.sgb-fss.ch\/de\/team\/angela-hartmann\/\">Angela Hartmann<\/a><\/strong><\/p>\n                        <p class=\"block-teasercontacts__lead\">Fundraising<\/p>                    <\/div>\n                    <div class=\"block-teasercontacts__contacts\">\n                                                    <p>\n                                                                <a class=\"wp-block-button is-style-transparent\" href=\"mailto:a.hartmann@sgb-fss.ch\"><span class=\"wp-block-button__link\"><i class=\"icon icon--mail\"><svg data-name=\"Ebene 1\" xmlns=\"http:\/\/www.w3.org\/2000\/svg\" viewBox=\"0 0 24 24\"><path d=\"M20.76 2.31H3.24A3.12 3.12 0 0 0 .12 5.43v13.14a3.12 3.12 0 0 0 3.12 3.12h17.52a3.12 3.12 0 0 0 3.12-3.12V5.43a3.12 3.12 0 0 0-3.12-3.12zM2.09 5a1.27 1.27 0 0 1 1.15-.78h17.52a1.24 1.24 0 0 1 1.11.74l.05.09-.09.06L12 12l-.07-.05-9.87-6.9zM22 18.57a1.26 1.26 0 0 1-1.26 1.27H3.24A1.27 1.27 0 0 1 2 18.57V7.21l9.5 6.69a.89.89 0 0 0 1 0L22 7.25z\"\/><\/svg><\/i><span class=\"wp-block-button__label\">a.hartmann@sgb-fss.ch<\/span><\/span><\/a>                                                            <\/p>\n                                            <\/div>\n                <\/div>\n            <\/div>\n                    <\/div>\n<\/div>\n<\/div>\n","protected":false},"excerpt":{"rendered":"<p>Mit dieser Patenschaft f\u00f6rdern Sie die Geb\u00e4rdensprache und somit die geh\u00f6rlosen Menschen in der [&hellip;]<\/p>\n","protected":false},"author":8,"featured_media":42281,"parent":9091,"menu_order":310,"comment_status":"closed","ping_status":"closed","template":"","meta":{"_acf_changed":false,"inline_featured_image":false,"footnotes":""},"class_list":["post-13282","page","type-page","status-publish","has-post-thumbnail","hentry"],"acf":[],"yoast_head":"<!-- This site is optimized with the Yoast SEO plugin v27.4 - https:\/\/yoast.com\/product\/yoast-seo-wordpress\/ -->\n<title>Patenschaft Geb\u00e4rdensprache - SGB-FSS<\/title>\n<meta name=\"robots\" content=\"index, follow, max-snippet:-1, max-image-preview:large, max-video-preview:-1\" \/>\n<link rel=\"canonical\" href=\"https:\/\/www.sgb-fss.ch\/de\/spenden\/patenschaft-gebaerdensprache\/\" \/>\n<meta property=\"og:locale\" content=\"de_DE\" \/>\n<meta property=\"og:type\" content=\"article\" \/>\n<meta property=\"og:title\" content=\"Patenschaft Geb\u00e4rdensprache - SGB-FSS\" \/>\n<meta property=\"og:description\" content=\"Mit dieser Patenschaft f\u00f6rdern Sie die Geb\u00e4rdensprache und somit die geh\u00f6rlosen Menschen in der [&hellip;]\" \/>\n<meta property=\"og:url\" content=\"https:\/\/www.sgb-fss.ch\/de\/spenden\/patenschaft-gebaerdensprache\/\" \/>\n<meta property=\"og:site_name\" content=\"SGB-FSS\" \/>\n<meta property=\"article:modified_time\" content=\"2025-12-12T16:51:22+00:00\" \/>\n<meta property=\"og:image\" content=\"https:\/\/www.sgb-fss.ch\/content\/uploads\/spenden_eng2879-scaled.jpg\" \/>\n\t<meta property=\"og:image:width\" content=\"2560\" \/>\n\t<meta property=\"og:image:height\" content=\"1700\" \/>\n\t<meta property=\"og:image:type\" content=\"image\/jpeg\" \/>\n<meta name=\"twitter:card\" content=\"summary_large_image\" \/>\n<meta name=\"twitter:label1\" content=\"Gesch\u00e4tzte Lesezeit\" \/>\n\t<meta name=\"twitter:data1\" content=\"2\u00a0Minuten\" \/>\n<script type=\"application\/ld+json\" class=\"yoast-schema-graph\">{\"@context\":\"https:\\\/\\\/schema.org\",\"@graph\":[{\"@type\":\"WebPage\",\"@id\":\"https:\\\/\\\/www.sgb-fss.ch\\\/de\\\/spenden\\\/patenschaft-gebaerdensprache\\\/\",\"url\":\"https:\\\/\\\/www.sgb-fss.ch\\\/de\\\/spenden\\\/patenschaft-gebaerdensprache\\\/\",\"name\":\"Patenschaft Geb\u00e4rdensprache - SGB-FSS\",\"isPartOf\":{\"@id\":\"https:\\\/\\\/www.sgb-fss.ch\\\/de\\\/#website\"},\"primaryImageOfPage\":{\"@id\":\"https:\\\/\\\/www.sgb-fss.ch\\\/de\\\/spenden\\\/patenschaft-gebaerdensprache\\\/#primaryimage\"},\"image\":{\"@id\":\"https:\\\/\\\/www.sgb-fss.ch\\\/de\\\/spenden\\\/patenschaft-gebaerdensprache\\\/#primaryimage\"},\"thumbnailUrl\":\"https:\\\/\\\/www.sgb-fss.ch\\\/content\\\/uploads\\\/spenden_eng2879-scaled.jpg\",\"datePublished\":\"2023-04-11T08:11:46+00:00\",\"dateModified\":\"2025-12-12T16:51:22+00:00\",\"breadcrumb\":{\"@id\":\"https:\\\/\\\/www.sgb-fss.ch\\\/de\\\/spenden\\\/patenschaft-gebaerdensprache\\\/#breadcrumb\"},\"inLanguage\":\"de\",\"potentialAction\":[{\"@type\":\"ReadAction\",\"target\":[\"https:\\\/\\\/www.sgb-fss.ch\\\/de\\\/spenden\\\/patenschaft-gebaerdensprache\\\/\"]}]},{\"@type\":\"ImageObject\",\"inLanguage\":\"de\",\"@id\":\"https:\\\/\\\/www.sgb-fss.ch\\\/de\\\/spenden\\\/patenschaft-gebaerdensprache\\\/#primaryimage\",\"url\":\"https:\\\/\\\/www.sgb-fss.ch\\\/content\\\/uploads\\\/spenden_eng2879-scaled.jpg\",\"contentUrl\":\"https:\\\/\\\/www.sgb-fss.ch\\\/content\\\/uploads\\\/spenden_eng2879-scaled.jpg\",\"width\":2560,\"height\":1700},{\"@type\":\"BreadcrumbList\",\"@id\":\"https:\\\/\\\/www.sgb-fss.ch\\\/de\\\/spenden\\\/patenschaft-gebaerdensprache\\\/#breadcrumb\",\"itemListElement\":[{\"@type\":\"ListItem\",\"position\":1,\"name\":\"Home\",\"item\":\"https:\\\/\\\/www.sgb-fss.ch\\\/de\\\/\"},{\"@type\":\"ListItem\",\"position\":2,\"name\":\"Spenden und Chance schenken\",\"item\":\"https:\\\/\\\/www.sgb-fss.ch\\\/de\\\/spenden\\\/\"},{\"@type\":\"ListItem\",\"position\":3,\"name\":\"Patenschaft Geb\u00e4rdensprache\"}]},{\"@type\":\"WebSite\",\"@id\":\"https:\\\/\\\/www.sgb-fss.ch\\\/de\\\/#website\",\"url\":\"https:\\\/\\\/www.sgb-fss.ch\\\/de\\\/\",\"name\":\"SGB-FSS\",\"description\":\"\",\"potentialAction\":[{\"@type\":\"SearchAction\",\"target\":{\"@type\":\"EntryPoint\",\"urlTemplate\":\"https:\\\/\\\/www.sgb-fss.ch\\\/de\\\/?s={search_term_string}\"},\"query-input\":{\"@type\":\"PropertyValueSpecification\",\"valueRequired\":true,\"valueName\":\"search_term_string\"}}],\"inLanguage\":\"de\"}]}<\/script>\n<!-- \/ Yoast SEO plugin. -->","yoast_head_json":{"title":"Patenschaft Geb\u00e4rdensprache - SGB-FSS","robots":{"index":"index","follow":"follow","max-snippet":"max-snippet:-1","max-image-preview":"max-image-preview:large","max-video-preview":"max-video-preview:-1"},"canonical":"https:\/\/www.sgb-fss.ch\/de\/spenden\/patenschaft-gebaerdensprache\/","og_locale":"de_DE","og_type":"article","og_title":"Patenschaft Geb\u00e4rdensprache - SGB-FSS","og_description":"Mit dieser Patenschaft f\u00f6rdern Sie die Geb\u00e4rdensprache und somit die geh\u00f6rlosen Menschen in der [&hellip;]","og_url":"https:\/\/www.sgb-fss.ch\/de\/spenden\/patenschaft-gebaerdensprache\/","og_site_name":"SGB-FSS","article_modified_time":"2025-12-12T16:51:22+00:00","og_image":[{"width":2560,"height":1700,"url":"https:\/\/www.sgb-fss.ch\/content\/uploads\/spenden_eng2879-scaled.jpg","type":"image\/jpeg"}],"twitter_card":"summary_large_image","twitter_misc":{"Gesch\u00e4tzte Lesezeit":"2\u00a0Minuten"},"schema":{"@context":"https:\/\/schema.org","@graph":[{"@type":"WebPage","@id":"https:\/\/www.sgb-fss.ch\/de\/spenden\/patenschaft-gebaerdensprache\/","url":"https:\/\/www.sgb-fss.ch\/de\/spenden\/patenschaft-gebaerdensprache\/","name":"Patenschaft Geb\u00e4rdensprache - SGB-FSS","isPartOf":{"@id":"https:\/\/www.sgb-fss.ch\/de\/#website"},"primaryImageOfPage":{"@id":"https:\/\/www.sgb-fss.ch\/de\/spenden\/patenschaft-gebaerdensprache\/#primaryimage"},"image":{"@id":"https:\/\/www.sgb-fss.ch\/de\/spenden\/patenschaft-gebaerdensprache\/#primaryimage"},"thumbnailUrl":"https:\/\/www.sgb-fss.ch\/content\/uploads\/spenden_eng2879-scaled.jpg","datePublished":"2023-04-11T08:11:46+00:00","dateModified":"2025-12-12T16:51:22+00:00","breadcrumb":{"@id":"https:\/\/www.sgb-fss.ch\/de\/spenden\/patenschaft-gebaerdensprache\/#breadcrumb"},"inLanguage":"de","potentialAction":[{"@type":"ReadAction","target":["https:\/\/www.sgb-fss.ch\/de\/spenden\/patenschaft-gebaerdensprache\/"]}]},{"@type":"ImageObject","inLanguage":"de","@id":"https:\/\/www.sgb-fss.ch\/de\/spenden\/patenschaft-gebaerdensprache\/#primaryimage","url":"https:\/\/www.sgb-fss.ch\/content\/uploads\/spenden_eng2879-scaled.jpg","contentUrl":"https:\/\/www.sgb-fss.ch\/content\/uploads\/spenden_eng2879-scaled.jpg","width":2560,"height":1700},{"@type":"BreadcrumbList","@id":"https:\/\/www.sgb-fss.ch\/de\/spenden\/patenschaft-gebaerdensprache\/#breadcrumb","itemListElement":[{"@type":"ListItem","position":1,"name":"Home","item":"https:\/\/www.sgb-fss.ch\/de\/"},{"@type":"ListItem","position":2,"name":"Spenden und Chance schenken","item":"https:\/\/www.sgb-fss.ch\/de\/spenden\/"},{"@type":"ListItem","position":3,"name":"Patenschaft Geb\u00e4rdensprache"}]},{"@type":"WebSite","@id":"https:\/\/www.sgb-fss.ch\/de\/#website","url":"https:\/\/www.sgb-fss.ch\/de\/","name":"SGB-FSS","description":"","potentialAction":[{"@type":"SearchAction","target":{"@type":"EntryPoint","urlTemplate":"https:\/\/www.sgb-fss.ch\/de\/?s={search_term_string}"},"query-input":{"@type":"PropertyValueSpecification","valueRequired":true,"valueName":"search_term_string"}}],"inLanguage":"de"}]}},"_links":{"self":[{"href":"https:\/\/www.sgb-fss.ch\/de\/wp-json\/wp\/v2\/pages\/13282","targetHints":{"allow":["GET"]}}],"collection":[{"href":"https:\/\/www.sgb-fss.ch\/de\/wp-json\/wp\/v2\/pages"}],"about":[{"href":"https:\/\/www.sgb-fss.ch\/de\/wp-json\/wp\/v2\/types\/page"}],"author":[{"embeddable":true,"href":"https:\/\/www.sgb-fss.ch\/de\/wp-json\/wp\/v2\/users\/8"}],"replies":[{"embeddable":true,"href":"https:\/\/www.sgb-fss.ch\/de\/wp-json\/wp\/v2\/comments?post=13282"}],"version-history":[{"count":64,"href":"https:\/\/www.sgb-fss.ch\/de\/wp-json\/wp\/v2\/pages\/13282\/revisions"}],"predecessor-version":[{"id":42465,"href":"https:\/\/www.sgb-fss.ch\/de\/wp-json\/wp\/v2\/pages\/13282\/revisions\/42465"}],"up":[{"embeddable":true,"href":"https:\/\/www.sgb-fss.ch\/de\/wp-json\/wp\/v2\/pages\/9091"}],"wp:featuredmedia":[{"embeddable":true,"href":"https:\/\/www.sgb-fss.ch\/de\/wp-json\/wp\/v2\/media\/42281"}],"wp:attachment":[{"href":"https:\/\/www.sgb-fss.ch\/de\/wp-json\/wp\/v2\/media?parent=13282"}],"curies":[{"name":"wp","href":"https:\/\/api.w.org\/{rel}","templated":true}]}}