{"id":12176,"date":"2023-03-30T13:11:11","date_gmt":"2023-03-30T11:11:11","guid":{"rendered":"https:\/\/www.sgb-fss.ch\/?page_id=12176"},"modified":"2024-02-18T19:18:03","modified_gmt":"2024-02-18T18:18:03","slug":"read-to-deaf-kids","status":"publish","type":"page","link":"https:\/\/www.sgb-fss.ch\/de\/angebote\/read-to-deaf-kids\/","title":{"rendered":"\u2039Read to Deaf Kids\u203a"},"content":{"rendered":"\n<p class=\"is-style-lead\">Unsere Mission ist es, mit unseren Kindergeschichten in Geb\u00e4rdensprache allen geh\u00f6rlosen Kindern zu helfen, ihre Lese- und Schreibf\u00e4higkeiten zu verbessern und die Interaktion zwischen Eltern und ihren Kindern zu f\u00f6rdern.<\/p>\n\n\n\n<figure class=\"wp-block-image size-large\"><img decoding=\"async\" src=\"https:\/\/www.sgb-fss.ch\/content\/uploads\/2023\/04\/kartoffel-1024x576.jpg\" alt=\"\" class=\"wp-image-13895\"\/><\/figure>\n\n\n\n<div class=\"wp-block-group is-style-default is-layout-flow wp-block-group-is-layout-flow\">\n<p><strong>Was ist \u2039Read to Deaf Kids\u203a?<br><\/strong>Bei \u2039Read to Deaf Kids\u203a geht es um die F\u00f6rderung der Fr\u00fcherziehung, vom Vokabeltraining bis zum B\u00fccher lesen. Diese Plattform soll dazu beitragen, die Interaktion zwischen Eltern und ihren geh\u00f6rlosen Kindern zu f\u00f6rdern.<\/p>\n\n\n\n<p>Unsere Geschichten sind kostenlos und f\u00fcr alle Familien zug\u00e4nglich, die gerne mit ihren Kindern Geschichten lesen, teilen und erleben. <\/p>\n<\/div>\n\n\n\n<div class=\"wp-block-buttons is-layout-flex wp-block-buttons-is-layout-flex\">\n<div class=\"wp-block-button\"><a class=\"wp-block-button__link has-pflaume-background-color has-background wp-element-button\" href=\"https:\/\/www.deafliteracy.ch\/\" target=\"_blank\" rel=\"noreferrer noopener\">Webseite \u2039Read to Deaf Kids\u203a<\/a><\/div>\n<\/div>\n\n\n\n<div class=\"wp-block-group is-style-default is-layout-flow wp-block-group-is-layout-flow\"><div class=\"block block-teasercontacts block-teasercontacts--boxed\" id=\"block_731cc76eec40e47e98ffd6a4a61446a2\" data-block=\"Teaser Contacts\">\n    <div class=\"block-teasercontacts__header\"><p class=\"block-teasercontacts__title\">Fragen zu \u2039Read to Deaf Kids\u203a? Ich freue mich auf deine Nachricht.<\/p><\/div>    <div class=\"block-teasercontacts__list\">\n                                        <div class=\"block-teasercontacts__item\">\n                <div class=\"block-teasercontacts__link\">\n                    <div class=\"block-teasercontacts__media\">\n                        <div class=\"block-teasercontacts__thumbnail accent__darkred has-background-accent\">\n                                                              <div class=\"image block-teasercontacts__thumbnail-image\" >\n    <img decoding=\"async\"\n      loading=\"lazy\"\n      class=\"image__object lazyload\"\n      src=\"https:\/\/www.sgb-fss.ch\/content\/uploads\/2021\/06\/emanuel-lubart-1440x0-c-default.jpg\"       data-sizes=\"auto\"\n      data-srcset=\"https:\/\/www.sgb-fss.ch\/content\/uploads\/2021\/06\/emanuel-lubart-200x0-c-default.jpg 200w, https:\/\/www.sgb-fss.ch\/content\/uploads\/2021\/06\/emanuel-lubart-100x0-c-default.jpg 100w, \"\n      alt=\"\"\n      width=\"567\"\n      height=\"567\"\n            >\n  <\/div>\n                                                    <\/div>\n                    <\/div>\n                    <div class=\"block-teasercontacts__text\">\n                        <p class=\"block-teasercontacts__name\"><strong><a href=\"https:\/\/www.sgb-fss.ch\/de\/team\/emanuel-lubart\/\">Emanuel Lubart<\/a><\/strong><\/p>\n                        <p class=\"block-teasercontacts__lead\">Bilingualit\u00e4t und Gesundheit<\/p>                    <\/div>\n                    <div class=\"block-teasercontacts__contacts\">\n                                                    <p>\n                                                                <a class=\"wp-block-button is-style-transparent\" href=\"mailto:e.lubart@sgb-fss.ch\"><span class=\"wp-block-button__link\"><i class=\"icon icon--mail\"><svg data-name=\"Ebene 1\" xmlns=\"http:\/\/www.w3.org\/2000\/svg\" viewBox=\"0 0 24 24\"><path d=\"M20.76 2.31H3.24A3.12 3.12 0 0 0 .12 5.43v13.14a3.12 3.12 0 0 0 3.12 3.12h17.52a3.12 3.12 0 0 0 3.12-3.12V5.43a3.12 3.12 0 0 0-3.12-3.12zM2.09 5a1.27 1.27 0 0 1 1.15-.78h17.52a1.24 1.24 0 0 1 1.11.74l.05.09-.09.06L12 12l-.07-.05-9.87-6.9zM22 18.57a1.26 1.26 0 0 1-1.26 1.27H3.24A1.27 1.27 0 0 1 2 18.57V7.21l9.5 6.69a.89.89 0 0 0 1 0L22 7.25z\"\/><\/svg><\/i><span class=\"wp-block-button__label\">e.lubart@sgb-fss.ch<\/span><\/span><\/a>                                                            <\/p>\n                                            <\/div>\n                <\/div>\n            <\/div>\n                    <\/div>\n<\/div>\n<\/div>\n\n\n\n<h2 class=\"wp-block-heading\"><\/h2>\n\n\n\n<div class=\"wp-block-group has-schwarz-25-background-color has-background is-layout-constrained wp-block-group-is-layout-constrained\"><div class=\"block block-teaserpages\" id=\"block_1cb2ccb29e15d73841720413b0a7ff2a\" data-block=\"Teaser Pages\">\n  <ul class=\"block-teaserpages__list\">\n            <li class=\"block-teaserpages__item\">\n        <a class=\"accent teaserpage\" href=\"https:\/\/www.sgb-fss.ch\/de\/downloads\/\">\n  <div class=\"teaserpage__thumbnail\">\n            <div class=\"image teaserpage__thumbnail-image\" >\n    <img decoding=\"async\"\n      loading=\"lazy\"\n      class=\"image__object lazyload\"\n      src=\"https:\/\/www.sgb-fss.ch\/content\/uploads\/2024\/01\/downloads-d-1440x0-c-default.jpg\"       data-sizes=\"auto\"\n      data-srcset=\"https:\/\/www.sgb-fss.ch\/content\/uploads\/2024\/01\/downloads-d-1000x0-c-default.jpg 1000w, https:\/\/www.sgb-fss.ch\/content\/uploads\/2024\/01\/downloads-d-700x0-c-default.jpg 700w, https:\/\/www.sgb-fss.ch\/content\/uploads\/2024\/01\/downloads-d-350x0-c-default.jpg 350w, \"\n      alt=\"\"\n      width=\"1890\"\n      height=\"1063\"\n            >\n  <\/div>\n      <\/div>\n  <h3 class=\"teaserpage__title\">Downloads<\/h3>\n  <p class=\"teaserpage__lead\">Hier findest du alle Daten zu dieser Seite sowie allen anderen Bereichen zum Herunterladen.<\/p>  <\/a>\n      <\/li>\n    <\/ul>\n<\/div>\n<\/div>\n","protected":false},"excerpt":{"rendered":"<p>Unsere Mission ist es, mit unseren Kindergeschichten in Geb\u00e4rdensprache allen geh\u00f6rlosen Kindern zu helfen, [&hellip;]<\/p>\n","protected":false},"author":40,"featured_media":13911,"parent":31877,"menu_order":0,"comment_status":"closed","ping_status":"closed","template":"","meta":{"_acf_changed":false,"inline_featured_image":false,"footnotes":""},"class_list":["post-12176","page","type-page","status-publish","has-post-thumbnail","hentry"],"acf":[],"yoast_head":"<!-- This site is optimized with the Yoast SEO plugin v27.4 - https:\/\/yoast.com\/product\/yoast-seo-wordpress\/ -->\n<title>\u2039Read to Deaf Kids\u203a - SGB-FSS<\/title>\n<meta name=\"robots\" content=\"index, follow, max-snippet:-1, max-image-preview:large, max-video-preview:-1\" \/>\n<link rel=\"canonical\" href=\"https:\/\/www.sgb-fss.ch\/de\/angebote\/read-to-deaf-kids\/\" \/>\n<meta property=\"og:locale\" content=\"de_DE\" \/>\n<meta property=\"og:type\" content=\"article\" \/>\n<meta property=\"og:title\" content=\"\u2039Read to Deaf Kids\u203a - SGB-FSS\" \/>\n<meta property=\"og:description\" content=\"Unsere Mission ist es, mit unseren Kindergeschichten in Geb\u00e4rdensprache allen geh\u00f6rlosen Kindern zu helfen, [&hellip;]\" \/>\n<meta property=\"og:url\" content=\"https:\/\/www.sgb-fss.ch\/de\/angebote\/read-to-deaf-kids\/\" \/>\n<meta property=\"og:site_name\" content=\"SGB-FSS\" \/>\n<meta property=\"article:modified_time\" content=\"2024-02-18T18:18:03+00:00\" \/>\n<meta property=\"og:image\" content=\"https:\/\/www.sgb-fss.ch\/content\/uploads\/2023\/04\/kartoffel-2.jpg\" \/>\n\t<meta property=\"og:image:width\" content=\"1920\" \/>\n\t<meta property=\"og:image:height\" content=\"1080\" \/>\n\t<meta property=\"og:image:type\" content=\"image\/jpeg\" \/>\n<meta name=\"twitter:card\" content=\"summary_large_image\" \/>\n<meta name=\"twitter:label1\" content=\"Gesch\u00e4tzte Lesezeit\" \/>\n\t<meta name=\"twitter:data1\" content=\"1\u00a0Minute\" \/>\n<script type=\"application\/ld+json\" class=\"yoast-schema-graph\">{\"@context\":\"https:\\\/\\\/schema.org\",\"@graph\":[{\"@type\":\"WebPage\",\"@id\":\"https:\\\/\\\/www.sgb-fss.ch\\\/de\\\/angebote\\\/read-to-deaf-kids\\\/\",\"url\":\"https:\\\/\\\/www.sgb-fss.ch\\\/de\\\/angebote\\\/read-to-deaf-kids\\\/\",\"name\":\"\u2039Read to Deaf Kids\u203a - SGB-FSS\",\"isPartOf\":{\"@id\":\"https:\\\/\\\/www.sgb-fss.ch\\\/de\\\/#website\"},\"primaryImageOfPage\":{\"@id\":\"https:\\\/\\\/www.sgb-fss.ch\\\/de\\\/angebote\\\/read-to-deaf-kids\\\/#primaryimage\"},\"image\":{\"@id\":\"https:\\\/\\\/www.sgb-fss.ch\\\/de\\\/angebote\\\/read-to-deaf-kids\\\/#primaryimage\"},\"thumbnailUrl\":\"https:\\\/\\\/www.sgb-fss.ch\\\/content\\\/uploads\\\/2023\\\/04\\\/kartoffel-2.jpg\",\"datePublished\":\"2023-03-30T11:11:11+00:00\",\"dateModified\":\"2024-02-18T18:18:03+00:00\",\"breadcrumb\":{\"@id\":\"https:\\\/\\\/www.sgb-fss.ch\\\/de\\\/angebote\\\/read-to-deaf-kids\\\/#breadcrumb\"},\"inLanguage\":\"de\",\"potentialAction\":[{\"@type\":\"ReadAction\",\"target\":[\"https:\\\/\\\/www.sgb-fss.ch\\\/de\\\/angebote\\\/read-to-deaf-kids\\\/\"]}]},{\"@type\":\"ImageObject\",\"inLanguage\":\"de\",\"@id\":\"https:\\\/\\\/www.sgb-fss.ch\\\/de\\\/angebote\\\/read-to-deaf-kids\\\/#primaryimage\",\"url\":\"https:\\\/\\\/www.sgb-fss.ch\\\/content\\\/uploads\\\/2023\\\/04\\\/kartoffel-2.jpg\",\"contentUrl\":\"https:\\\/\\\/www.sgb-fss.ch\\\/content\\\/uploads\\\/2023\\\/04\\\/kartoffel-2.jpg\",\"width\":1920,\"height\":1080},{\"@type\":\"BreadcrumbList\",\"@id\":\"https:\\\/\\\/www.sgb-fss.ch\\\/de\\\/angebote\\\/read-to-deaf-kids\\\/#breadcrumb\",\"itemListElement\":[{\"@type\":\"ListItem\",\"position\":1,\"name\":\"Home\",\"item\":\"https:\\\/\\\/www.sgb-fss.ch\\\/de\\\/\"},{\"@type\":\"ListItem\",\"position\":2,\"name\":\"Angebote\",\"item\":\"https:\\\/\\\/www.sgb-fss.ch\\\/de\\\/angebote\\\/\"},{\"@type\":\"ListItem\",\"position\":3,\"name\":\"\u2039Read to Deaf Kids\u203a\"}]},{\"@type\":\"WebSite\",\"@id\":\"https:\\\/\\\/www.sgb-fss.ch\\\/de\\\/#website\",\"url\":\"https:\\\/\\\/www.sgb-fss.ch\\\/de\\\/\",\"name\":\"SGB-FSS\",\"description\":\"\",\"potentialAction\":[{\"@type\":\"SearchAction\",\"target\":{\"@type\":\"EntryPoint\",\"urlTemplate\":\"https:\\\/\\\/www.sgb-fss.ch\\\/de\\\/?s={search_term_string}\"},\"query-input\":{\"@type\":\"PropertyValueSpecification\",\"valueRequired\":true,\"valueName\":\"search_term_string\"}}],\"inLanguage\":\"de\"}]}<\/script>\n<!-- \/ Yoast SEO plugin. -->","yoast_head_json":{"title":"\u2039Read to Deaf Kids\u203a - SGB-FSS","robots":{"index":"index","follow":"follow","max-snippet":"max-snippet:-1","max-image-preview":"max-image-preview:large","max-video-preview":"max-video-preview:-1"},"canonical":"https:\/\/www.sgb-fss.ch\/de\/angebote\/read-to-deaf-kids\/","og_locale":"de_DE","og_type":"article","og_title":"\u2039Read to Deaf Kids\u203a - SGB-FSS","og_description":"Unsere Mission ist es, mit unseren Kindergeschichten in Geb\u00e4rdensprache allen geh\u00f6rlosen Kindern zu helfen, [&hellip;]","og_url":"https:\/\/www.sgb-fss.ch\/de\/angebote\/read-to-deaf-kids\/","og_site_name":"SGB-FSS","article_modified_time":"2024-02-18T18:18:03+00:00","og_image":[{"width":1920,"height":1080,"url":"https:\/\/www.sgb-fss.ch\/content\/uploads\/2023\/04\/kartoffel-2.jpg","type":"image\/jpeg"}],"twitter_card":"summary_large_image","twitter_misc":{"Gesch\u00e4tzte Lesezeit":"1\u00a0Minute"},"schema":{"@context":"https:\/\/schema.org","@graph":[{"@type":"WebPage","@id":"https:\/\/www.sgb-fss.ch\/de\/angebote\/read-to-deaf-kids\/","url":"https:\/\/www.sgb-fss.ch\/de\/angebote\/read-to-deaf-kids\/","name":"\u2039Read to Deaf Kids\u203a - SGB-FSS","isPartOf":{"@id":"https:\/\/www.sgb-fss.ch\/de\/#website"},"primaryImageOfPage":{"@id":"https:\/\/www.sgb-fss.ch\/de\/angebote\/read-to-deaf-kids\/#primaryimage"},"image":{"@id":"https:\/\/www.sgb-fss.ch\/de\/angebote\/read-to-deaf-kids\/#primaryimage"},"thumbnailUrl":"https:\/\/www.sgb-fss.ch\/content\/uploads\/2023\/04\/kartoffel-2.jpg","datePublished":"2023-03-30T11:11:11+00:00","dateModified":"2024-02-18T18:18:03+00:00","breadcrumb":{"@id":"https:\/\/www.sgb-fss.ch\/de\/angebote\/read-to-deaf-kids\/#breadcrumb"},"inLanguage":"de","potentialAction":[{"@type":"ReadAction","target":["https:\/\/www.sgb-fss.ch\/de\/angebote\/read-to-deaf-kids\/"]}]},{"@type":"ImageObject","inLanguage":"de","@id":"https:\/\/www.sgb-fss.ch\/de\/angebote\/read-to-deaf-kids\/#primaryimage","url":"https:\/\/www.sgb-fss.ch\/content\/uploads\/2023\/04\/kartoffel-2.jpg","contentUrl":"https:\/\/www.sgb-fss.ch\/content\/uploads\/2023\/04\/kartoffel-2.jpg","width":1920,"height":1080},{"@type":"BreadcrumbList","@id":"https:\/\/www.sgb-fss.ch\/de\/angebote\/read-to-deaf-kids\/#breadcrumb","itemListElement":[{"@type":"ListItem","position":1,"name":"Home","item":"https:\/\/www.sgb-fss.ch\/de\/"},{"@type":"ListItem","position":2,"name":"Angebote","item":"https:\/\/www.sgb-fss.ch\/de\/angebote\/"},{"@type":"ListItem","position":3,"name":"\u2039Read to Deaf Kids\u203a"}]},{"@type":"WebSite","@id":"https:\/\/www.sgb-fss.ch\/de\/#website","url":"https:\/\/www.sgb-fss.ch\/de\/","name":"SGB-FSS","description":"","potentialAction":[{"@type":"SearchAction","target":{"@type":"EntryPoint","urlTemplate":"https:\/\/www.sgb-fss.ch\/de\/?s={search_term_string}"},"query-input":{"@type":"PropertyValueSpecification","valueRequired":true,"valueName":"search_term_string"}}],"inLanguage":"de"}]}},"_links":{"self":[{"href":"https:\/\/www.sgb-fss.ch\/de\/wp-json\/wp\/v2\/pages\/12176","targetHints":{"allow":["GET"]}}],"collection":[{"href":"https:\/\/www.sgb-fss.ch\/de\/wp-json\/wp\/v2\/pages"}],"about":[{"href":"https:\/\/www.sgb-fss.ch\/de\/wp-json\/wp\/v2\/types\/page"}],"author":[{"embeddable":true,"href":"https:\/\/www.sgb-fss.ch\/de\/wp-json\/wp\/v2\/users\/40"}],"replies":[{"embeddable":true,"href":"https:\/\/www.sgb-fss.ch\/de\/wp-json\/wp\/v2\/comments?post=12176"}],"version-history":[{"count":62,"href":"https:\/\/www.sgb-fss.ch\/de\/wp-json\/wp\/v2\/pages\/12176\/revisions"}],"predecessor-version":[{"id":31850,"href":"https:\/\/www.sgb-fss.ch\/de\/wp-json\/wp\/v2\/pages\/12176\/revisions\/31850"}],"up":[{"embeddable":true,"href":"https:\/\/www.sgb-fss.ch\/de\/wp-json\/wp\/v2\/pages\/31877"}],"wp:featuredmedia":[{"embeddable":true,"href":"https:\/\/www.sgb-fss.ch\/de\/wp-json\/wp\/v2\/media\/13911"}],"wp:attachment":[{"href":"https:\/\/www.sgb-fss.ch\/de\/wp-json\/wp\/v2\/media?parent=12176"}],"curies":[{"name":"wp","href":"https:\/\/api.w.org\/{rel}","templated":true}]}}