{"id":12151,"date":"2023-03-30T11:20:57","date_gmt":"2023-03-30T09:20:57","guid":{"rendered":"https:\/\/www.sgb-fss.ch\/?page_id=12151"},"modified":"2026-04-13T17:26:18","modified_gmt":"2026-04-13T15:26:18","slug":"bilingualitaet-zweisprachigkeit","status":"publish","type":"page","link":"https:\/\/www.sgb-fss.ch\/de\/bereiche\/bilingualitaet-zweisprachigkeit\/","title":{"rendered":"Bilingualit\u00e4t"},"content":{"rendered":"\n<p class=\"is-style-lead\">Geh\u00f6rlose Menschen und besonders Kinder sehen sich noch immer vielen Barrieren ausgesetzt. Der Schweizerische Geh\u00f6rlosenbund hat sich zum Ziel gesetzt, diese Barrieren mit diversen Hilfestellungen abzubauen.<\/p>\n\n\n\n<figure class=\"wp-block-image size-large\"><img loading=\"lazy\" decoding=\"async\" width=\"1024\" height=\"578\" src=\"https:\/\/www.sgb-fss.ch\/content\/uploads\/bildung_bilingualitaet-scaled-e1684152641305-1024x578.jpg\" alt=\"\" class=\"wp-image-44418\" srcset=\"https:\/\/www.sgb-fss.ch\/content\/uploads\/bildung_bilingualitaet-scaled-e1684152641305-1024x578.jpg 1024w, https:\/\/www.sgb-fss.ch\/content\/uploads\/bildung_bilingualitaet-scaled-e1684152641305-300x169.jpg 300w, https:\/\/www.sgb-fss.ch\/content\/uploads\/bildung_bilingualitaet-scaled-e1684152641305-150x85.jpg 150w, https:\/\/www.sgb-fss.ch\/content\/uploads\/bildung_bilingualitaet-scaled-e1684152641305-768x433.jpg 768w, https:\/\/www.sgb-fss.ch\/content\/uploads\/bildung_bilingualitaet-scaled-e1684152641305-1536x866.jpg 1536w, https:\/\/www.sgb-fss.ch\/content\/uploads\/bildung_bilingualitaet-scaled-e1684152641305-2048x1155.jpg 2048w, https:\/\/www.sgb-fss.ch\/content\/uploads\/bildung_bilingualitaet-scaled-e1684152641305-177x100.jpg 177w\" sizes=\"auto, (max-width: 1024px) 100vw, 1024px\" \/><\/figure>\n\n\n\n<p><strong>Geh\u00f6rlosigkeit und Bilingualit\u00e4t<\/strong><br>Geh\u00f6rlosen Kindern fehlt die M\u00f6glichkeit, gesprochene Sprache aufzunehmen und zu verarbeiten. Geb\u00e4rdensprache als visuelle Form der Kommunikation bietet ihnen die Grundlage f\u00fcr einen uneingeschr\u00e4nkten Erstspracherwerb. Durch diesen werden die notwendigen Strukturen im Gehirn aufgebaut, um die Lautsprache zu erlernen.<\/p>\n\n\n\n<p>Diese Zweisprachigkeit garantiert geh\u00f6rlosen Kindern eine optimale soziokognitive und emotionale Entwicklung. Bilingualit\u00e4t f\u00f6rdert das positive Selbstwertgef\u00fchl, das Selbstvertrauen sowie die kulturelle Identit\u00e4t und bietet die Grundlage f\u00fcr ein lebenslanges Lernen, pers\u00f6nliche Autonomie sowie berufliche M\u00f6glichkeiten.<\/p>\n\n\n\n<p><strong>Zugang durch Kommunikation<br><\/strong>Die Geb\u00e4rdensprache gibt geh\u00f6rlosen Menschen von Geburt an einen vollst\u00e4ndigen und unmittelbaren Zugang zu Sprache, Kommunikation und gesellschaftlicher Teilhabe.<\/p>\n\n\n\n<blockquote class=\"wp-block-quote is-style-default is-layout-flow wp-block-quote-is-layout-flow\">\n<p>Familien mit geh\u00f6rlosen Kindern treffen beim Spracherwerb auf viele Barrieren. Wir unterst\u00fctzen sie darin, diese abzubauen. <\/p>\n<cite>Emanuel Lubart, Bilingualit\u00e4t und Gesundheit<br><a href=\"mailto:e.lubart@sgb-fss.ch\"><\/a><\/cite><\/blockquote>\n\n\n\n<p><strong>Unser Ansatz<\/strong><br>Der Schweizerische Geh\u00f6rlosenbund sieht sich in der Verantwortung, Familien, Kinder und Jugendliche darin zu unterst\u00fctzen, ihre Ressourcen bestm\u00f6glich einzusetzen und die Bilingualit\u00e4t sowie die Geb\u00e4rdensprache ganzheitlich zu f\u00f6rdern.<\/p>\n\n\n\n<p>Geh\u00f6rlose Menschen, die keinen Zugang zur Geb\u00e4rdensprache haben, sind dem Risiko des Bildungsversagens ausgesetzt. Und sie stossen auf H\u00fcrden (z.B. zu Hause, in der Schule oder im \u00f6ffentlichen Verkehr). Daher ist es wichtig, Kindern und Jugendlichen die Geb\u00e4rdensprache zu vermitteln und ihnen damit die Chance auf eine gleichberechtigte Teilhabe am gesellschaftlichen Leben wie h\u00f6rende Menschen zu erm\u00f6glichen.<\/p>\n\n\n\n<div class=\"wp-block-columns is-layout-flex wp-container-core-columns-is-layout-9d6595d7 wp-block-columns-is-layout-flex\">\n<div class=\"wp-block-column is-layout-flow wp-block-column-is-layout-flow\">\n<figure class=\"wp-block-embed is-provider-vimeo wp-block-embed-vimeo\"><div class=\"wp-block-embed__wrapper\">\n<iframe loading=\"lazy\" title=\"Fr\u00fchforderung\" src=\"https:\/\/player.vimeo.com\/video\/299831719?dnt=1&amp;app_id=122963\" width=\"500\" height=\"281\" frameborder=\"0\" allow=\"autoplay; fullscreen; picture-in-picture; clipboard-write; encrypted-media; web-share\" referrerpolicy=\"strict-origin-when-cross-origin\"><\/iframe> \n<\/div><\/figure>\n\n\n\n<p><a href=\"https:\/\/www.sgb-fss.ch\/content\/uploads\/2023\/07\/d-positionspapier-mehrsprachigkeit-fruhforderung.pdf\" target=\"_blank\" rel=\"noreferrer noopener\">Mehrsprachigkeit in der Fr\u00fchf\u00f6rderung (PDF) <\/a><\/p>\n<\/div>\n\n\n\n<div class=\"wp-block-column is-layout-flow wp-block-column-is-layout-flow\">\n<figure class=\"wp-block-embed is-provider-vimeo wp-block-embed-vimeo\"><div class=\"wp-block-embed__wrapper\">\n<iframe loading=\"lazy\" title=\"Schule\" src=\"https:\/\/player.vimeo.com\/video\/299832349?dnt=1&amp;app_id=122963\" width=\"500\" height=\"281\" frameborder=\"0\" allow=\"autoplay; fullscreen; picture-in-picture; clipboard-write; encrypted-media; web-share\" referrerpolicy=\"strict-origin-when-cross-origin\"><\/iframe> \n<\/div><\/figure>\n\n\n\n<p><a href=\"https:\/\/www.sgb-fss.ch\/content\/uploads\/2023\/07\/d-positionspapier-mehrsprachigkeit-schule.pdf\" target=\"_blank\" rel=\"noreferrer noopener\">Mehrsprachigkeit in der Schule (PDF)<\/a><\/p>\n<\/div>\n<\/div>\n\n\n\n<div class=\"wp-block-group is-style-default is-layout-flow wp-block-group-is-layout-flow\">\n<div class=\"wp-block-columns is-layout-flex wp-container-core-columns-is-layout-9d6595d7 wp-block-columns-is-layout-flex\">\n<div class=\"wp-block-column is-layout-flow wp-block-column-is-layout-flow\">\n<figure class=\"wp-block-embed is-provider-vimeo wp-block-embed-vimeo\"><div class=\"wp-block-embed__wrapper\">\n<iframe loading=\"lazy\" title=\"Ausbildung\" src=\"https:\/\/player.vimeo.com\/video\/299831197?dnt=1&amp;app_id=122963\" width=\"500\" height=\"281\" frameborder=\"0\" allow=\"autoplay; fullscreen; picture-in-picture; clipboard-write; encrypted-media; web-share\" referrerpolicy=\"strict-origin-when-cross-origin\"><\/iframe> \n<\/div><\/figure>\n\n\n\n<p><a href=\"https:\/\/www.sgb-fss.ch\/content\/uploads\/2023\/07\/d-positionspapier-mehrsprachigkeit-berufsbildung.pdf\">Mehrsprachigke<\/a><a href=\"https:\/\/www.sgb-fss.ch\/content\/uploads\/2023\/07\/d-positionspapier-mehrsprachigkeit-berufsbildung.pdf\" target=\"_blank\" rel=\"noreferrer noopener\">i<\/a><a href=\"https:\/\/www.sgb-fss.ch\/content\/uploads\/2023\/07\/d-positionspapier-mehrsprachigkeit-berufsbildung.pdf\">t in der Berufsbildung (PDF)<\/a><\/p>\n<\/div>\n<\/div>\n<\/div>\n\n\n\n<h2 class=\"wp-block-heading\"><\/h2>\n\n\n\n<div class=\"wp-block-group is-style-default is-layout-flow wp-block-group-is-layout-flow\"><div class=\"block block-teasercontacts block-teasercontacts--boxed\" id=\"block_2496e1f5ea9af5a9d50621c9e14a50aa\" data-block=\"Teaser Contacts\">\n    <div class=\"block-teasercontacts__header\"><p class=\"block-teasercontacts__title\">Fragen zur Bilingualit\u00e4t oder zur Gesundheit? Ich freue mich auf deine Nachricht.<\/p><\/div>    <div class=\"block-teasercontacts__list\">\n                                        <div class=\"block-teasercontacts__item\">\n                <div class=\"block-teasercontacts__link\">\n                    <div class=\"block-teasercontacts__media\">\n                        <div class=\"block-teasercontacts__thumbnail accent__darkred has-background-accent\">\n                                                              <div class=\"image block-teasercontacts__thumbnail-image\" >\n    <img decoding=\"async\"\n      loading=\"lazy\"\n      class=\"image__object lazyload\"\n      src=\"https:\/\/www.sgb-fss.ch\/content\/uploads\/2021\/06\/emanuel-lubart-1440x0-c-default.jpg\"       data-sizes=\"auto\"\n      data-srcset=\"https:\/\/www.sgb-fss.ch\/content\/uploads\/2021\/06\/emanuel-lubart-200x0-c-default.jpg 200w, https:\/\/www.sgb-fss.ch\/content\/uploads\/2021\/06\/emanuel-lubart-100x0-c-default.jpg 100w, \"\n      alt=\"\"\n      width=\"567\"\n      height=\"567\"\n            >\n  <\/div>\n                                                    <\/div>\n                    <\/div>\n                    <div class=\"block-teasercontacts__text\">\n                        <p class=\"block-teasercontacts__name\"><strong><a href=\"https:\/\/www.sgb-fss.ch\/de\/team\/emanuel-lubart\/\">Emanuel Lubart<\/a><\/strong><\/p>\n                        <p class=\"block-teasercontacts__lead\">Bilingualit\u00e4t und Gesundheit<\/p>                    <\/div>\n                    <div class=\"block-teasercontacts__contacts\">\n                                                    <p>\n                                                                <a class=\"wp-block-button is-style-transparent\" href=\"mailto:e.lubart@sgb-fss.ch\"><span class=\"wp-block-button__link\"><i class=\"icon icon--mail\"><svg data-name=\"Ebene 1\" xmlns=\"http:\/\/www.w3.org\/2000\/svg\" viewBox=\"0 0 24 24\"><path d=\"M20.76 2.31H3.24A3.12 3.12 0 0 0 .12 5.43v13.14a3.12 3.12 0 0 0 3.12 3.12h17.52a3.12 3.12 0 0 0 3.12-3.12V5.43a3.12 3.12 0 0 0-3.12-3.12zM2.09 5a1.27 1.27 0 0 1 1.15-.78h17.52a1.24 1.24 0 0 1 1.11.74l.05.09-.09.06L12 12l-.07-.05-9.87-6.9zM22 18.57a1.26 1.26 0 0 1-1.26 1.27H3.24A1.27 1.27 0 0 1 2 18.57V7.21l9.5 6.69a.89.89 0 0 0 1 0L22 7.25z\"\/><\/svg><\/i><span class=\"wp-block-button__label\">e.lubart@sgb-fss.ch<\/span><\/span><\/a>                                                            <\/p>\n                                            <\/div>\n                <\/div>\n            <\/div>\n                    <\/div>\n<\/div>\n<\/div>\n\n\n\n<h2 class=\"wp-block-heading\"><\/h2>\n\n\n\n<div class=\"wp-block-group has-schwarz-25-background-color has-background is-layout-constrained wp-block-group-is-layout-constrained\"><div class=\"block block-teaserpages\" id=\"block_8c5432360b9cf74487237f32122e541f\" data-block=\"Teaser Pages\">\n  <ul class=\"block-teaserpages__list\">\n            <li class=\"block-teaserpages__item\">\n        <a class=\"accent teaserpage\" href=\"https:\/\/www.sgb-fss.ch\/de\/downloads\/\">\n  <div class=\"teaserpage__thumbnail\">\n            <div class=\"image teaserpage__thumbnail-image\" >\n    <img decoding=\"async\"\n      loading=\"lazy\"\n      class=\"image__object lazyload\"\n      src=\"https:\/\/www.sgb-fss.ch\/content\/uploads\/2024\/01\/downloads-d-1440x0-c-default.jpg\"       data-sizes=\"auto\"\n      data-srcset=\"https:\/\/www.sgb-fss.ch\/content\/uploads\/2024\/01\/downloads-d-1000x0-c-default.jpg 1000w, https:\/\/www.sgb-fss.ch\/content\/uploads\/2024\/01\/downloads-d-700x0-c-default.jpg 700w, https:\/\/www.sgb-fss.ch\/content\/uploads\/2024\/01\/downloads-d-350x0-c-default.jpg 350w, \"\n      alt=\"\"\n      width=\"1890\"\n      height=\"1063\"\n            >\n  <\/div>\n      <\/div>\n  <h3 class=\"teaserpage__title\">Downloads<\/h3>\n  <p class=\"teaserpage__lead\">Hier findest du alle Daten zu dieser Seite sowie allen anderen Bereichen zum Herunterladen.<\/p>  <\/a>\n      <\/li>\n    <\/ul>\n<\/div>\n<\/div>\n","protected":false},"excerpt":{"rendered":"<p>Geh\u00f6rlose Menschen und besonders Kinder sehen sich noch immer vielen Barrieren ausgesetzt. Der Schweizerische [&hellip;]<\/p>\n","protected":false},"author":40,"featured_media":16937,"parent":9083,"menu_order":1,"comment_status":"closed","ping_status":"closed","template":"","meta":{"_acf_changed":false,"inline_featured_image":false,"footnotes":""},"class_list":["post-12151","page","type-page","status-publish","has-post-thumbnail","hentry"],"acf":[],"yoast_head":"<!-- This site is optimized with the Yoast SEO plugin v27.4 - https:\/\/yoast.com\/product\/yoast-seo-wordpress\/ -->\n<title>Bilingualit\u00e4t - SGB-FSS<\/title>\n<meta name=\"robots\" content=\"index, follow, max-snippet:-1, max-image-preview:large, max-video-preview:-1\" \/>\n<link rel=\"canonical\" href=\"https:\/\/www.sgb-fss.ch\/de\/bereiche\/bilingualitaet-zweisprachigkeit\/\" \/>\n<meta property=\"og:locale\" content=\"de_DE\" \/>\n<meta property=\"og:type\" content=\"article\" \/>\n<meta property=\"og:title\" content=\"Bilingualit\u00e4t - SGB-FSS\" \/>\n<meta property=\"og:description\" content=\"Geh\u00f6rlose Menschen und besonders Kinder sehen sich noch immer vielen Barrieren ausgesetzt. Der Schweizerische [&hellip;]\" \/>\n<meta property=\"og:url\" content=\"https:\/\/www.sgb-fss.ch\/de\/bereiche\/bilingualitaet-zweisprachigkeit\/\" \/>\n<meta property=\"og:site_name\" content=\"SGB-FSS\" \/>\n<meta property=\"article:modified_time\" content=\"2026-04-13T15:26:18+00:00\" \/>\n<meta property=\"og:image\" content=\"https:\/\/www.sgb-fss.ch\/content\/uploads\/2023\/05\/bildung_bilingualitaet-scaled-e1684152641305.jpg\" \/>\n\t<meta property=\"og:image:width\" content=\"2156\" \/>\n\t<meta property=\"og:image:height\" content=\"1216\" \/>\n\t<meta property=\"og:image:type\" content=\"image\/jpeg\" \/>\n<meta name=\"twitter:card\" content=\"summary_large_image\" \/>\n<meta name=\"twitter:label1\" content=\"Gesch\u00e4tzte Lesezeit\" \/>\n\t<meta name=\"twitter:data1\" content=\"2\u00a0Minuten\" \/>\n<script type=\"application\/ld+json\" class=\"yoast-schema-graph\">{\"@context\":\"https:\\\/\\\/schema.org\",\"@graph\":[{\"@type\":\"WebPage\",\"@id\":\"https:\\\/\\\/www.sgb-fss.ch\\\/de\\\/bereiche\\\/bilingualitaet-zweisprachigkeit\\\/\",\"url\":\"https:\\\/\\\/www.sgb-fss.ch\\\/de\\\/bereiche\\\/bilingualitaet-zweisprachigkeit\\\/\",\"name\":\"Bilingualit\u00e4t - SGB-FSS\",\"isPartOf\":{\"@id\":\"https:\\\/\\\/www.sgb-fss.ch\\\/de\\\/#website\"},\"primaryImageOfPage\":{\"@id\":\"https:\\\/\\\/www.sgb-fss.ch\\\/de\\\/bereiche\\\/bilingualitaet-zweisprachigkeit\\\/#primaryimage\"},\"image\":{\"@id\":\"https:\\\/\\\/www.sgb-fss.ch\\\/de\\\/bereiche\\\/bilingualitaet-zweisprachigkeit\\\/#primaryimage\"},\"thumbnailUrl\":\"https:\\\/\\\/www.sgb-fss.ch\\\/content\\\/uploads\\\/2023\\\/05\\\/bildung_bilingualitaet-scaled-e1684152641305.jpg\",\"datePublished\":\"2023-03-30T09:20:57+00:00\",\"dateModified\":\"2026-04-13T15:26:18+00:00\",\"breadcrumb\":{\"@id\":\"https:\\\/\\\/www.sgb-fss.ch\\\/de\\\/bereiche\\\/bilingualitaet-zweisprachigkeit\\\/#breadcrumb\"},\"inLanguage\":\"de\",\"potentialAction\":[{\"@type\":\"ReadAction\",\"target\":[\"https:\\\/\\\/www.sgb-fss.ch\\\/de\\\/bereiche\\\/bilingualitaet-zweisprachigkeit\\\/\"]}]},{\"@type\":\"ImageObject\",\"inLanguage\":\"de\",\"@id\":\"https:\\\/\\\/www.sgb-fss.ch\\\/de\\\/bereiche\\\/bilingualitaet-zweisprachigkeit\\\/#primaryimage\",\"url\":\"https:\\\/\\\/www.sgb-fss.ch\\\/content\\\/uploads\\\/2023\\\/05\\\/bildung_bilingualitaet-scaled-e1684152641305.jpg\",\"contentUrl\":\"https:\\\/\\\/www.sgb-fss.ch\\\/content\\\/uploads\\\/2023\\\/05\\\/bildung_bilingualitaet-scaled-e1684152641305.jpg\",\"width\":2156,\"height\":1216},{\"@type\":\"BreadcrumbList\",\"@id\":\"https:\\\/\\\/www.sgb-fss.ch\\\/de\\\/bereiche\\\/bilingualitaet-zweisprachigkeit\\\/#breadcrumb\",\"itemListElement\":[{\"@type\":\"ListItem\",\"position\":1,\"name\":\"Home\",\"item\":\"https:\\\/\\\/www.sgb-fss.ch\\\/de\\\/\"},{\"@type\":\"ListItem\",\"position\":2,\"name\":\"Bereiche\",\"item\":\"https:\\\/\\\/www.sgb-fss.ch\\\/de\\\/bereiche\\\/\"},{\"@type\":\"ListItem\",\"position\":3,\"name\":\"Bilingualit\u00e4t\"}]},{\"@type\":\"WebSite\",\"@id\":\"https:\\\/\\\/www.sgb-fss.ch\\\/de\\\/#website\",\"url\":\"https:\\\/\\\/www.sgb-fss.ch\\\/de\\\/\",\"name\":\"SGB-FSS\",\"description\":\"\",\"potentialAction\":[{\"@type\":\"SearchAction\",\"target\":{\"@type\":\"EntryPoint\",\"urlTemplate\":\"https:\\\/\\\/www.sgb-fss.ch\\\/de\\\/?s={search_term_string}\"},\"query-input\":{\"@type\":\"PropertyValueSpecification\",\"valueRequired\":true,\"valueName\":\"search_term_string\"}}],\"inLanguage\":\"de\"}]}<\/script>\n<!-- \/ Yoast SEO plugin. -->","yoast_head_json":{"title":"Bilingualit\u00e4t - SGB-FSS","robots":{"index":"index","follow":"follow","max-snippet":"max-snippet:-1","max-image-preview":"max-image-preview:large","max-video-preview":"max-video-preview:-1"},"canonical":"https:\/\/www.sgb-fss.ch\/de\/bereiche\/bilingualitaet-zweisprachigkeit\/","og_locale":"de_DE","og_type":"article","og_title":"Bilingualit\u00e4t - SGB-FSS","og_description":"Geh\u00f6rlose Menschen und besonders Kinder sehen sich noch immer vielen Barrieren ausgesetzt. Der Schweizerische [&hellip;]","og_url":"https:\/\/www.sgb-fss.ch\/de\/bereiche\/bilingualitaet-zweisprachigkeit\/","og_site_name":"SGB-FSS","article_modified_time":"2026-04-13T15:26:18+00:00","og_image":[{"width":2156,"height":1216,"url":"https:\/\/www.sgb-fss.ch\/content\/uploads\/2023\/05\/bildung_bilingualitaet-scaled-e1684152641305.jpg","type":"image\/jpeg"}],"twitter_card":"summary_large_image","twitter_misc":{"Gesch\u00e4tzte Lesezeit":"2\u00a0Minuten"},"schema":{"@context":"https:\/\/schema.org","@graph":[{"@type":"WebPage","@id":"https:\/\/www.sgb-fss.ch\/de\/bereiche\/bilingualitaet-zweisprachigkeit\/","url":"https:\/\/www.sgb-fss.ch\/de\/bereiche\/bilingualitaet-zweisprachigkeit\/","name":"Bilingualit\u00e4t - SGB-FSS","isPartOf":{"@id":"https:\/\/www.sgb-fss.ch\/de\/#website"},"primaryImageOfPage":{"@id":"https:\/\/www.sgb-fss.ch\/de\/bereiche\/bilingualitaet-zweisprachigkeit\/#primaryimage"},"image":{"@id":"https:\/\/www.sgb-fss.ch\/de\/bereiche\/bilingualitaet-zweisprachigkeit\/#primaryimage"},"thumbnailUrl":"https:\/\/www.sgb-fss.ch\/content\/uploads\/2023\/05\/bildung_bilingualitaet-scaled-e1684152641305.jpg","datePublished":"2023-03-30T09:20:57+00:00","dateModified":"2026-04-13T15:26:18+00:00","breadcrumb":{"@id":"https:\/\/www.sgb-fss.ch\/de\/bereiche\/bilingualitaet-zweisprachigkeit\/#breadcrumb"},"inLanguage":"de","potentialAction":[{"@type":"ReadAction","target":["https:\/\/www.sgb-fss.ch\/de\/bereiche\/bilingualitaet-zweisprachigkeit\/"]}]},{"@type":"ImageObject","inLanguage":"de","@id":"https:\/\/www.sgb-fss.ch\/de\/bereiche\/bilingualitaet-zweisprachigkeit\/#primaryimage","url":"https:\/\/www.sgb-fss.ch\/content\/uploads\/2023\/05\/bildung_bilingualitaet-scaled-e1684152641305.jpg","contentUrl":"https:\/\/www.sgb-fss.ch\/content\/uploads\/2023\/05\/bildung_bilingualitaet-scaled-e1684152641305.jpg","width":2156,"height":1216},{"@type":"BreadcrumbList","@id":"https:\/\/www.sgb-fss.ch\/de\/bereiche\/bilingualitaet-zweisprachigkeit\/#breadcrumb","itemListElement":[{"@type":"ListItem","position":1,"name":"Home","item":"https:\/\/www.sgb-fss.ch\/de\/"},{"@type":"ListItem","position":2,"name":"Bereiche","item":"https:\/\/www.sgb-fss.ch\/de\/bereiche\/"},{"@type":"ListItem","position":3,"name":"Bilingualit\u00e4t"}]},{"@type":"WebSite","@id":"https:\/\/www.sgb-fss.ch\/de\/#website","url":"https:\/\/www.sgb-fss.ch\/de\/","name":"SGB-FSS","description":"","potentialAction":[{"@type":"SearchAction","target":{"@type":"EntryPoint","urlTemplate":"https:\/\/www.sgb-fss.ch\/de\/?s={search_term_string}"},"query-input":{"@type":"PropertyValueSpecification","valueRequired":true,"valueName":"search_term_string"}}],"inLanguage":"de"}]}},"_links":{"self":[{"href":"https:\/\/www.sgb-fss.ch\/de\/wp-json\/wp\/v2\/pages\/12151","targetHints":{"allow":["GET"]}}],"collection":[{"href":"https:\/\/www.sgb-fss.ch\/de\/wp-json\/wp\/v2\/pages"}],"about":[{"href":"https:\/\/www.sgb-fss.ch\/de\/wp-json\/wp\/v2\/types\/page"}],"author":[{"embeddable":true,"href":"https:\/\/www.sgb-fss.ch\/de\/wp-json\/wp\/v2\/users\/40"}],"replies":[{"embeddable":true,"href":"https:\/\/www.sgb-fss.ch\/de\/wp-json\/wp\/v2\/comments?post=12151"}],"version-history":[{"count":58,"href":"https:\/\/www.sgb-fss.ch\/de\/wp-json\/wp\/v2\/pages\/12151\/revisions"}],"predecessor-version":[{"id":44628,"href":"https:\/\/www.sgb-fss.ch\/de\/wp-json\/wp\/v2\/pages\/12151\/revisions\/44628"}],"up":[{"embeddable":true,"href":"https:\/\/www.sgb-fss.ch\/de\/wp-json\/wp\/v2\/pages\/9083"}],"wp:featuredmedia":[{"embeddable":true,"href":"https:\/\/www.sgb-fss.ch\/de\/wp-json\/wp\/v2\/media\/16937"}],"wp:attachment":[{"href":"https:\/\/www.sgb-fss.ch\/de\/wp-json\/wp\/v2\/media?parent=12151"}],"curies":[{"name":"wp","href":"https:\/\/api.w.org\/{rel}","templated":true}]}}