{"id":11653,"date":"2023-03-07T09:09:33","date_gmt":"2023-03-07T08:09:33","guid":{"rendered":"https:\/\/www.sgb-fss.ch\/?page_id=11653"},"modified":"2024-11-12T14:43:20","modified_gmt":"2024-11-12T13:43:20","slug":"projekte-arbeit-und-integration","status":"publish","type":"page","link":"https:\/\/www.sgb-fss.ch\/de\/bereiche\/arbeit\/projekte-arbeit-und-integration\/","title":{"rendered":"Projekte \u2039Arbeit und Integration\u203a"},"content":{"rendered":"\n<p class=\"is-style-lead\">Wir arbeiten eng mit diversen Organisationen und Unternehmen zusammen. Mit ihnen setzen wir Projekte um, die darauf ausgerichtet sind, den Zugang zu Arbeit und Gesellschaft f\u00fcr Menschen mit einer H\u00f6rbehinderung barrierefrei zu erm\u00f6glichen.<\/p>\n\n\n\n<p class=\"is-style-default\"><strong>Netzwerkpartner<\/strong><br>Der Schweizerische Geh\u00f6rlosenbund sieht sich als essenzieller Partner f\u00fcr eine gelingende Integration von geh\u00f6rlosen Personen im Arbeitsleben. Ziel ist es, das Know-how von Organisationen und Unternehmen aufzubauen, um Barrieren f\u00fcr geh\u00f6rlose und h\u00f6rbehinderte Personen vor und im Arbeitsleben abzubauen, Hilfestellung zu bieten, Standards zu schaffen und eine gelingende Inklusion zu erm\u00f6glichen.<\/p>\n\n\n\n<h2 class=\"wp-block-heading\">Aktuelle Projekte<\/h2>\n\n\n\n<div class=\"wp-block-columns is-layout-flex wp-container-core-columns-is-layout-9d6595d7 wp-block-columns-is-layout-flex\">\n<div class=\"wp-block-column is-layout-flow wp-block-column-is-layout-flow\" style=\"flex-basis:100%\">\n<div class=\"wp-block-group has-sgb-fss-blue-30-background-color has-background is-layout-constrained wp-block-group-is-layout-constrained\">\n<div class=\"wp-block-columns is-layout-flex wp-container-core-columns-is-layout-9d6595d7 wp-block-columns-is-layout-flex\">\n<div class=\"wp-block-column is-layout-flow wp-block-column-is-layout-flow\" style=\"flex-basis:100%\">\n<p>Projekt<br><a href=\"https:\/\/www.ts-formation.ch\/de\/projekte\/hoerbehinderte\" target=\"_blank\" rel=\"noreferrer noopener\"><strong>Zugang zu Weiterbildung f\u00fcr H\u00f6rbehinderte<\/strong><\/a><\/p>\n\n\n\n<p>Ein Leitfaden f\u00fcr Weiterbildungsanbietende soll Hilfestellung bieten, um ihr Angebot auch auf die Bed\u00fcrfnisse von Menschen mit einer H\u00f6rbehinderung auszurichten. Damit tragen wir zu besseren Rahmenbedingungen f\u00fcr die gleichberechtigte Teilnahme an Weiterbildungen bei.<\/p>\n\n\n\n<figure class=\"wp-block-image alignright size-full\"><img loading=\"lazy\" decoding=\"async\" width=\"278\" height=\"50\" src=\"https:\/\/www.sgb-fss.ch\/content\/uploads\/2023\/07\/travailsuisse-1.png\" alt=\"\" class=\"wp-image-22628\" srcset=\"https:\/\/www.sgb-fss.ch\/content\/uploads\/2023\/07\/travailsuisse-1.png 278w, https:\/\/www.sgb-fss.ch\/content\/uploads\/2023\/07\/travailsuisse-1-150x27.png 150w, https:\/\/www.sgb-fss.ch\/content\/uploads\/2023\/07\/travailsuisse-1-200x36.png 200w\" sizes=\"auto, (max-width: 278px) 100vw, 278px\" \/><\/figure>\n\n\n\n<p>In Zusammenarbeit <br>mit <strong>Travail Suisse Formation<\/strong><\/p>\n<\/div>\n<\/div>\n<\/div>\n<\/div>\n<\/div>\n\n\n\n<div class=\"wp-block-columns is-layout-flex wp-container-core-columns-is-layout-9d6595d7 wp-block-columns-is-layout-flex\">\n<div class=\"wp-block-column is-layout-flow wp-block-column-is-layout-flow\" style=\"flex-basis:100%\">\n<div class=\"wp-block-group is-style-highlighted has-sgb-fss-blue-15-background-color has-background is-layout-constrained wp-block-group-is-layout-constrained\">\n<div class=\"wp-block-columns is-layout-flex wp-container-core-columns-is-layout-9d6595d7 wp-block-columns-is-layout-flex\">\n<div class=\"wp-block-column is-layout-flow wp-block-column-is-layout-flow\" style=\"flex-basis:100%\">\n<p>Projekt<br><strong>Awareness &amp; Inklusiver Arbeitsmarkt<\/strong><\/p>\n\n\n\n<p>Das Projekt liefert einen konkreten Beitrag zur Umsetzung der Vision eines inklusiven Arbeitsmarktes. Ziel ist es, dass Arbeitgeber das Arbeitspotenzial von Menschen mit einer H\u00f6rbehinderung besser nutzen und die Teams diverser gestaltet werden k\u00f6nnen.<\/p>\n\n\n\n<figure class=\"wp-block-image alignright size-full is-resized\"><img loading=\"lazy\" decoding=\"async\" width=\"393\" height=\"150\" src=\"https:\/\/www.sgb-fss.ch\/content\/uploads\/2023\/07\/logo-egb-4.png\" alt=\"\" class=\"wp-image-22644\" style=\"width:210px;height:80px\" srcset=\"https:\/\/www.sgb-fss.ch\/content\/uploads\/2023\/07\/logo-egb-4.png 393w, https:\/\/www.sgb-fss.ch\/content\/uploads\/2023\/07\/logo-egb-4-300x115.png 300w, https:\/\/www.sgb-fss.ch\/content\/uploads\/2023\/07\/logo-egb-4-150x57.png 150w, https:\/\/www.sgb-fss.ch\/content\/uploads\/2023\/07\/logo-egb-4-200x76.png 200w\" sizes=\"auto, (max-width: 393px) 100vw, 393px\" \/><\/figure>\n\n\n\n<p>In Zusammenarbeit mit dem <strong>Eidgen\u00f6ssischen B\u00fcro f\u00fcr die Gleichstellung von Menschen mit Behinderungen EBGB<\/strong><\/p>\n<\/div>\n<\/div>\n<\/div>\n<\/div>\n<\/div>\n\n\n\n<div class=\"wp-block-columns is-layout-flex wp-container-core-columns-is-layout-9d6595d7 wp-block-columns-is-layout-flex\">\n<div class=\"wp-block-column is-layout-flow wp-block-column-is-layout-flow\" style=\"flex-basis:100%\">\n<div class=\"wp-block-group is-style-default has-sgb-fss-blue-30-background-color has-background is-layout-constrained wp-block-group-is-layout-constrained\">\n<div class=\"wp-block-columns is-layout-flex wp-container-core-columns-is-layout-9d6595d7 wp-block-columns-is-layout-flex\">\n<div class=\"wp-block-column is-layout-flow wp-block-column-is-layout-flow\" style=\"flex-basis:100%\">\n<p>Projekt<br><strong><a href=\"https:\/\/berufsbildung2030.ch\/de\/projekte\/21-projekte-de\/290-gehoerlose-und-hoerbehinderte-und-ihr-zugang-zur-berufsbildung\" target=\"_blank\" rel=\"noreferrer noopener\">Menschen mit einer H\u00f6rbehinderung und ihr Zugang zur Berufsbildung<\/a><\/strong><\/p>\n\n\n\n<p>Lernende mit einer H\u00f6rbehinderung sollen ad\u00e4quat beraten und begleitet werden. Eine Auslegeordnung bietet Unterst\u00fctzung, indem auf bestehende Hilfsangebote hingewiesen wird und Optimierungs-M\u00f6glichkeiten benannt werden. Dadurch soll der Zugang zur Berufsbildung f\u00fcr Lernende mit einer H\u00f6rbehinderung verbessert werden.<\/p>\n\n\n\n<figure class=\"wp-block-image alignright size-full\"><img loading=\"lazy\" decoding=\"async\" width=\"232\" height=\"90\" src=\"https:\/\/www.sgb-fss.ch\/content\/uploads\/2023\/07\/logobb20301.png\" alt=\"\" class=\"wp-image-22620\" srcset=\"https:\/\/www.sgb-fss.ch\/content\/uploads\/2023\/07\/logobb20301.png 232w, https:\/\/www.sgb-fss.ch\/content\/uploads\/2023\/07\/logobb20301-150x58.png 150w, https:\/\/www.sgb-fss.ch\/content\/uploads\/2023\/07\/logobb20301-200x78.png 200w\" sizes=\"auto, (max-width: 232px) 100vw, 232px\" \/><\/figure>\n\n\n\n<p>In Zusammenarbeit <br>mit <strong>Berufsbildung 2030<\/strong><\/p>\n<\/div>\n<\/div>\n<\/div>\n<\/div>\n<\/div>\n\n\n\n<div class=\"wp-block-group is-layout-flow wp-block-group-is-layout-flow\"><div class=\"block block-teasercontacts block-teasercontacts--boxed\" id=\"block_81ed701c206c26c5994cddba3f9ba42f\" data-block=\"Teaser Contacts\">\n    <div class=\"block-teasercontacts__header\"><p class=\"block-teasercontacts__title\">Fragen zu laufenden Projekten? Ich freue mich auf deine Nachricht.<\/p><\/div>    <div class=\"block-teasercontacts__list\">\n                                        <div class=\"block-teasercontacts__item\">\n                <div class=\"block-teasercontacts__link\">\n                    <div class=\"block-teasercontacts__media\">\n                        <div class=\"block-teasercontacts__thumbnail accent__darkred has-background-accent\">\n                                                              <div class=\"image block-teasercontacts__thumbnail-image\" >\n    <img decoding=\"async\"\n      loading=\"lazy\"\n      class=\"image__object lazyload\"\n      src=\"https:\/\/www.sgb-fss.ch\/content\/uploads\/2021\/06\/sabine-wolff-1440x0-c-default.jpg\"       data-sizes=\"auto\"\n      data-srcset=\"https:\/\/www.sgb-fss.ch\/content\/uploads\/2021\/06\/sabine-wolff-200x0-c-default.jpg 200w, https:\/\/www.sgb-fss.ch\/content\/uploads\/2021\/06\/sabine-wolff-100x0-c-default.jpg 100w, \"\n      alt=\"\"\n      width=\"567\"\n      height=\"567\"\n            >\n  <\/div>\n                                                    <\/div>\n                    <\/div>\n                    <div class=\"block-teasercontacts__text\">\n                        <p class=\"block-teasercontacts__name\"><strong><a href=\"https:\/\/www.sgb-fss.ch\/de\/team\/sabine-wolff\/\">Sabine Wolff<\/a><\/strong><\/p>\n                        <p class=\"block-teasercontacts__lead\">Produkte und Marken<\/p>                    <\/div>\n                    <div class=\"block-teasercontacts__contacts\">\n                                                    <p>\n                                                                <a class=\"wp-block-button is-style-transparent\" href=\"mailto:s.wolff@sgb-fss.ch\"><span class=\"wp-block-button__link\"><i class=\"icon icon--mail\"><svg data-name=\"Ebene 1\" xmlns=\"http:\/\/www.w3.org\/2000\/svg\" viewBox=\"0 0 24 24\"><path d=\"M20.76 2.31H3.24A3.12 3.12 0 0 0 .12 5.43v13.14a3.12 3.12 0 0 0 3.12 3.12h17.52a3.12 3.12 0 0 0 3.12-3.12V5.43a3.12 3.12 0 0 0-3.12-3.12zM2.09 5a1.27 1.27 0 0 1 1.15-.78h17.52a1.24 1.24 0 0 1 1.11.74l.05.09-.09.06L12 12l-.07-.05-9.87-6.9zM22 18.57a1.26 1.26 0 0 1-1.26 1.27H3.24A1.27 1.27 0 0 1 2 18.57V7.21l9.5 6.69a.89.89 0 0 0 1 0L22 7.25z\"\/><\/svg><\/i><span class=\"wp-block-button__label\">s.wolff@sgb-fss.ch<\/span><\/span><\/a>                                                            <\/p>\n                                            <\/div>\n                <\/div>\n            <\/div>\n                    <\/div>\n<\/div>\n<\/div>\n\n\n\n<h2 class=\"wp-block-heading\"><\/h2>\n\n\n\n<div class=\"wp-block-group has-schwarz-25-background-color has-background is-layout-constrained wp-block-group-is-layout-constrained\"><div class=\"block block-teaserpages\" id=\"block_662ff6d7ed4758acf08fae86ca228d4a\" data-block=\"Teaser Pages\">\n  <ul class=\"block-teaserpages__list\">\n            <li class=\"block-teaserpages__item\">\n        <a class=\"accent teaserpage\" href=\"https:\/\/www.sgb-fss.ch\/de\/downloads\/\">\n  <div class=\"teaserpage__thumbnail\">\n            <div class=\"image teaserpage__thumbnail-image\" >\n    <img decoding=\"async\"\n      loading=\"lazy\"\n      class=\"image__object lazyload\"\n      src=\"https:\/\/www.sgb-fss.ch\/content\/uploads\/2024\/01\/downloads-d-1440x0-c-default.jpg\"       data-sizes=\"auto\"\n      data-srcset=\"https:\/\/www.sgb-fss.ch\/content\/uploads\/2024\/01\/downloads-d-1000x0-c-default.jpg 1000w, https:\/\/www.sgb-fss.ch\/content\/uploads\/2024\/01\/downloads-d-700x0-c-default.jpg 700w, https:\/\/www.sgb-fss.ch\/content\/uploads\/2024\/01\/downloads-d-350x0-c-default.jpg 350w, \"\n      alt=\"\"\n      width=\"1890\"\n      height=\"1063\"\n            >\n  <\/div>\n      <\/div>\n  <h3 class=\"teaserpage__title\">Downloads<\/h3>\n  <p class=\"teaserpage__lead\">Hier findest du alle Daten zu dieser Seite sowie allen anderen Bereichen zum Herunterladen.<\/p>  <\/a>\n      <\/li>\n    <\/ul>\n<\/div>\n<\/div>\n\n\n\n<div class=\"wp-block-group has-schwarz-25-background-color has-background is-layout-constrained wp-block-group-is-layout-constrained\">\n<h2 class=\"wp-block-heading has-text-align-center\">Adressen und Kontakte<\/h2>\n\n\n\n<div class=\"wp-block-columns alignwide are-vertically-aligned-top is-layout-flex wp-container-core-columns-is-layout-9d6595d7 wp-block-columns-is-layout-flex\">\n<div class=\"wp-block-column is-vertically-aligned-top is-layout-flow wp-block-column-is-layout-flow\">\n<figure class=\"wp-block-table is-style-regular\"><table class=\"has-fixed-layout\"><thead><tr><th><\/th><\/tr><\/thead><tbody><tr><td><strong>Beratungsstellen f\u00fcr Schwerh\u00f6rige<\/strong><br><strong>und Geh\u00f6rlose BFSUG<\/strong><br>Betreuen und vermitteln im Auftrag von RAV und IV arbeitslose geh\u00f6rlose und h\u00f6rbehinderte Personen<br><a href=\"https:\/\/www.bfsug.ch\/\" target=\"_blank\" rel=\"noreferrer noopener\">www.bfsug.ch<\/a><\/td><\/tr><tr><td><strong>BSFH Berufsfachschule<br>f\u00fcr Lernende mit H\u00f6r- und Kommunikationsbehinderung<\/strong><br>Berufsschule f\u00fcr geh\u00f6rlose und h\u00f6rbehinderte Menschen mit rund 100 verschiedenen Berufs-Ausbildungen<br><a href=\"https:\/\/www.bsfh.ch\/\">www.bfsh.ch<\/a><\/td><\/tr><tr><td><strong>DIMA &#8211; Verein f\u00fcr Sprache und Integration<\/strong><br>Massgeschneiderte Kurse und Unterrichtsmaterialien f\u00fcr die Integration und Weiterbildung am Arbeitsplatz<br><a rel=\"noreferrer noopener\" href=\"https:\/\/www.dima-glz.ch\/\" target=\"_blank\">www.dima-glz.ch<\/a><br><\/td><\/tr><\/tbody><\/table><\/figure>\n<\/div>\n\n\n\n<div class=\"wp-block-column is-vertically-aligned-top is-layout-flow wp-block-column-is-layout-flow\">\n<figure class=\"wp-block-table is-style-regular\"><table class=\"has-fixed-layout\"><thead><tr><th><\/th><\/tr><\/thead><tbody><tr><td><strong><strong>GHE-CES<\/strong><\/strong> <strong><strong>Electronic AG<\/strong><\/strong><br>Entwickelt, produziert und vertreibt technische Hilfsmittel f\u00fcr Menschen mit einer H\u00f6rbehinderung<br><a href=\"https:\/\/www.ghe.ch\/de\/default.aspx\" target=\"_blank\" rel=\"noreferrer noopener\">www.ghe.ch<\/a><\/td><\/tr><tr><td><strong><strong>Gleichcom AG \u2013 besser <\/strong>h\u00f6ren. sehen. leben.<br><\/strong>Beratung bei Anbindung von technischen H\u00f6rhilfsmitteln an H\u00f6rsysteme<br><a href=\"https:\/\/www.gleichcom.ch\/\" target=\"_blank\" rel=\"noreferrer noopener\">www.gleichcom.ch<\/a><\/td><\/tr><tr><td><strong>IV-Stellen Kantone<\/strong><br><a href=\"https:\/\/www.ahv-iv.ch\/de\/\" target=\"_blank\" rel=\"noreferrer noopener\">www.ahv-iv.ch<\/a><br><a href=\"https:\/\/www.ahv-iv.ch\/de\/Kontakte\/Kantonale-Ausgleichskassen\" target=\"_blank\" rel=\"noreferrer noopener\">www.ausgleichskasse.ch<\/a><\/td><\/tr><tr><td><strong><strong>Netzwerk <\/strong>Geh\u00f6rlosendolmetscher<\/strong><br>Dolmetsch-Dienstleistungen in DSGS und umgekehrt<br><a rel=\"noreferrer noopener\" href=\"https:\/\/netzwerk-gsd.ch\/\" target=\"_blank\">www.netzwerk-gsd.ch<\/a><br><\/td><\/tr><\/tbody><\/table><\/figure>\n<\/div>\n\n\n\n<div class=\"wp-block-column is-layout-flow wp-block-column-is-layout-flow\">\n<figure class=\"wp-block-table\"><table class=\"has-fixed-layout\"><thead><tr><th><\/th><\/tr><\/thead><tbody><tr><td><strong>Procom<br><\/strong>Vermittlung von Dolmetschenden und Videocom, um mit geh\u00f6rlosen Personen zu telefonieren<br><a href=\"https:\/\/www.procom-deaf.ch\/de\/Default.aspx\" target=\"_blank\" rel=\"noreferrer noopener\">www.procom-deaf.ch<\/a><\/td><\/tr><tr><td><strong>pro audito Schweiz<\/strong><br>Sprache wird zu Text. Vermittlung von Schrift-Dolmetschenden<br><a href=\"https:\/\/www.pro-audito.ch\/\" target=\"_blank\" rel=\"noreferrer noopener\">www.pro-audito.ch<\/a><\/td><\/tr><tr><td><strong>SZBlind<\/strong><br>Informationen zu H\u00f6rsehbehinderungen<br><a rel=\"noreferrer noopener\" href=\"https:\/\/www.szblind.ch\/\" target=\"_blank\">www.szblind.ch<\/a><\/td><\/tr><tr><td><strong>Travail.Suisse Formation TSF<\/strong><br>Informationen zum Zugang zu barrierefreien, \u00f6ffentlichen Weiterbildung f\u00fcr Erwachsene <br><a href=\"https:\/\/www.ts-formation.ch\/de\" target=\"_blank\" rel=\"noreferrer noopener\">www.ts-formation.ch<\/a><br><\/td><\/tr><\/tbody><\/table><\/figure>\n<\/div>\n<\/div>\n<\/div>\n","protected":false},"excerpt":{"rendered":"<p>Wir arbeiten eng mit diversen Organisationen und Unternehmen zusammen. Mit ihnen setzen wir Projekte [&hellip;]<\/p>\n","protected":false},"author":40,"featured_media":16709,"parent":9169,"menu_order":3,"comment_status":"closed","ping_status":"closed","template":"","meta":{"_acf_changed":false,"inline_featured_image":false,"footnotes":""},"class_list":["post-11653","page","type-page","status-publish","has-post-thumbnail","hentry"],"acf":[],"yoast_head":"<!-- This site is optimized with the Yoast SEO plugin v27.4 - https:\/\/yoast.com\/product\/yoast-seo-wordpress\/ -->\n<title>Projekte \u2039Arbeit und Integration\u203a - SGB-FSS<\/title>\n<meta name=\"robots\" content=\"index, follow, max-snippet:-1, max-image-preview:large, max-video-preview:-1\" \/>\n<link rel=\"canonical\" href=\"https:\/\/www.sgb-fss.ch\/de\/bereiche\/arbeit\/projekte-arbeit-und-integration\/\" \/>\n<meta property=\"og:locale\" content=\"de_DE\" \/>\n<meta property=\"og:type\" content=\"article\" \/>\n<meta property=\"og:title\" content=\"Projekte \u2039Arbeit und Integration\u203a - SGB-FSS\" \/>\n<meta property=\"og:description\" content=\"Wir arbeiten eng mit diversen Organisationen und Unternehmen zusammen. Mit ihnen setzen wir Projekte [&hellip;]\" \/>\n<meta property=\"og:url\" content=\"https:\/\/www.sgb-fss.ch\/de\/bereiche\/arbeit\/projekte-arbeit-und-integration\/\" \/>\n<meta property=\"og:site_name\" content=\"SGB-FSS\" \/>\n<meta property=\"article:modified_time\" content=\"2024-11-12T13:43:20+00:00\" \/>\n<meta property=\"og:image\" content=\"https:\/\/www.sgb-fss.ch\/content\/uploads\/2023\/05\/arbeit_projekt-scaled-e1684142674908.jpg\" \/>\n\t<meta property=\"og:image:width\" content=\"2208\" \/>\n\t<meta property=\"og:image:height\" content=\"1248\" \/>\n\t<meta property=\"og:image:type\" content=\"image\/jpeg\" \/>\n<meta name=\"twitter:card\" content=\"summary_large_image\" \/>\n<meta name=\"twitter:label1\" content=\"Gesch\u00e4tzte Lesezeit\" \/>\n\t<meta name=\"twitter:data1\" content=\"3\u00a0Minuten\" \/>\n<script type=\"application\/ld+json\" class=\"yoast-schema-graph\">{\"@context\":\"https:\\\/\\\/schema.org\",\"@graph\":[{\"@type\":\"WebPage\",\"@id\":\"https:\\\/\\\/www.sgb-fss.ch\\\/de\\\/bereiche\\\/arbeit\\\/projekte-arbeit-und-integration\\\/\",\"url\":\"https:\\\/\\\/www.sgb-fss.ch\\\/de\\\/bereiche\\\/arbeit\\\/projekte-arbeit-und-integration\\\/\",\"name\":\"Projekte \u2039Arbeit und Integration\u203a - SGB-FSS\",\"isPartOf\":{\"@id\":\"https:\\\/\\\/www.sgb-fss.ch\\\/de\\\/#website\"},\"primaryImageOfPage\":{\"@id\":\"https:\\\/\\\/www.sgb-fss.ch\\\/de\\\/bereiche\\\/arbeit\\\/projekte-arbeit-und-integration\\\/#primaryimage\"},\"image\":{\"@id\":\"https:\\\/\\\/www.sgb-fss.ch\\\/de\\\/bereiche\\\/arbeit\\\/projekte-arbeit-und-integration\\\/#primaryimage\"},\"thumbnailUrl\":\"https:\\\/\\\/www.sgb-fss.ch\\\/content\\\/uploads\\\/2023\\\/05\\\/arbeit_projekt-scaled-e1684142674908.jpg\",\"datePublished\":\"2023-03-07T08:09:33+00:00\",\"dateModified\":\"2024-11-12T13:43:20+00:00\",\"breadcrumb\":{\"@id\":\"https:\\\/\\\/www.sgb-fss.ch\\\/de\\\/bereiche\\\/arbeit\\\/projekte-arbeit-und-integration\\\/#breadcrumb\"},\"inLanguage\":\"de\",\"potentialAction\":[{\"@type\":\"ReadAction\",\"target\":[\"https:\\\/\\\/www.sgb-fss.ch\\\/de\\\/bereiche\\\/arbeit\\\/projekte-arbeit-und-integration\\\/\"]}]},{\"@type\":\"ImageObject\",\"inLanguage\":\"de\",\"@id\":\"https:\\\/\\\/www.sgb-fss.ch\\\/de\\\/bereiche\\\/arbeit\\\/projekte-arbeit-und-integration\\\/#primaryimage\",\"url\":\"https:\\\/\\\/www.sgb-fss.ch\\\/content\\\/uploads\\\/2023\\\/05\\\/arbeit_projekt-scaled-e1684142674908.jpg\",\"contentUrl\":\"https:\\\/\\\/www.sgb-fss.ch\\\/content\\\/uploads\\\/2023\\\/05\\\/arbeit_projekt-scaled-e1684142674908.jpg\",\"width\":2208,\"height\":1248},{\"@type\":\"BreadcrumbList\",\"@id\":\"https:\\\/\\\/www.sgb-fss.ch\\\/de\\\/bereiche\\\/arbeit\\\/projekte-arbeit-und-integration\\\/#breadcrumb\",\"itemListElement\":[{\"@type\":\"ListItem\",\"position\":1,\"name\":\"Home\",\"item\":\"https:\\\/\\\/www.sgb-fss.ch\\\/de\\\/\"},{\"@type\":\"ListItem\",\"position\":2,\"name\":\"Bereiche\",\"item\":\"https:\\\/\\\/www.sgb-fss.ch\\\/de\\\/bereiche\\\/\"},{\"@type\":\"ListItem\",\"position\":3,\"name\":\"Arbeit\",\"item\":\"https:\\\/\\\/www.sgb-fss.ch\\\/de\\\/bereiche\\\/arbeit\\\/\"},{\"@type\":\"ListItem\",\"position\":4,\"name\":\"Projekte \u2039Arbeit und Integration\u203a\"}]},{\"@type\":\"WebSite\",\"@id\":\"https:\\\/\\\/www.sgb-fss.ch\\\/de\\\/#website\",\"url\":\"https:\\\/\\\/www.sgb-fss.ch\\\/de\\\/\",\"name\":\"SGB-FSS\",\"description\":\"\",\"potentialAction\":[{\"@type\":\"SearchAction\",\"target\":{\"@type\":\"EntryPoint\",\"urlTemplate\":\"https:\\\/\\\/www.sgb-fss.ch\\\/de\\\/?s={search_term_string}\"},\"query-input\":{\"@type\":\"PropertyValueSpecification\",\"valueRequired\":true,\"valueName\":\"search_term_string\"}}],\"inLanguage\":\"de\"}]}<\/script>\n<!-- \/ Yoast SEO plugin. -->","yoast_head_json":{"title":"Projekte \u2039Arbeit und Integration\u203a - SGB-FSS","robots":{"index":"index","follow":"follow","max-snippet":"max-snippet:-1","max-image-preview":"max-image-preview:large","max-video-preview":"max-video-preview:-1"},"canonical":"https:\/\/www.sgb-fss.ch\/de\/bereiche\/arbeit\/projekte-arbeit-und-integration\/","og_locale":"de_DE","og_type":"article","og_title":"Projekte \u2039Arbeit und Integration\u203a - SGB-FSS","og_description":"Wir arbeiten eng mit diversen Organisationen und Unternehmen zusammen. Mit ihnen setzen wir Projekte [&hellip;]","og_url":"https:\/\/www.sgb-fss.ch\/de\/bereiche\/arbeit\/projekte-arbeit-und-integration\/","og_site_name":"SGB-FSS","article_modified_time":"2024-11-12T13:43:20+00:00","og_image":[{"width":2208,"height":1248,"url":"https:\/\/www.sgb-fss.ch\/content\/uploads\/2023\/05\/arbeit_projekt-scaled-e1684142674908.jpg","type":"image\/jpeg"}],"twitter_card":"summary_large_image","twitter_misc":{"Gesch\u00e4tzte Lesezeit":"3\u00a0Minuten"},"schema":{"@context":"https:\/\/schema.org","@graph":[{"@type":"WebPage","@id":"https:\/\/www.sgb-fss.ch\/de\/bereiche\/arbeit\/projekte-arbeit-und-integration\/","url":"https:\/\/www.sgb-fss.ch\/de\/bereiche\/arbeit\/projekte-arbeit-und-integration\/","name":"Projekte \u2039Arbeit und Integration\u203a - SGB-FSS","isPartOf":{"@id":"https:\/\/www.sgb-fss.ch\/de\/#website"},"primaryImageOfPage":{"@id":"https:\/\/www.sgb-fss.ch\/de\/bereiche\/arbeit\/projekte-arbeit-und-integration\/#primaryimage"},"image":{"@id":"https:\/\/www.sgb-fss.ch\/de\/bereiche\/arbeit\/projekte-arbeit-und-integration\/#primaryimage"},"thumbnailUrl":"https:\/\/www.sgb-fss.ch\/content\/uploads\/2023\/05\/arbeit_projekt-scaled-e1684142674908.jpg","datePublished":"2023-03-07T08:09:33+00:00","dateModified":"2024-11-12T13:43:20+00:00","breadcrumb":{"@id":"https:\/\/www.sgb-fss.ch\/de\/bereiche\/arbeit\/projekte-arbeit-und-integration\/#breadcrumb"},"inLanguage":"de","potentialAction":[{"@type":"ReadAction","target":["https:\/\/www.sgb-fss.ch\/de\/bereiche\/arbeit\/projekte-arbeit-und-integration\/"]}]},{"@type":"ImageObject","inLanguage":"de","@id":"https:\/\/www.sgb-fss.ch\/de\/bereiche\/arbeit\/projekte-arbeit-und-integration\/#primaryimage","url":"https:\/\/www.sgb-fss.ch\/content\/uploads\/2023\/05\/arbeit_projekt-scaled-e1684142674908.jpg","contentUrl":"https:\/\/www.sgb-fss.ch\/content\/uploads\/2023\/05\/arbeit_projekt-scaled-e1684142674908.jpg","width":2208,"height":1248},{"@type":"BreadcrumbList","@id":"https:\/\/www.sgb-fss.ch\/de\/bereiche\/arbeit\/projekte-arbeit-und-integration\/#breadcrumb","itemListElement":[{"@type":"ListItem","position":1,"name":"Home","item":"https:\/\/www.sgb-fss.ch\/de\/"},{"@type":"ListItem","position":2,"name":"Bereiche","item":"https:\/\/www.sgb-fss.ch\/de\/bereiche\/"},{"@type":"ListItem","position":3,"name":"Arbeit","item":"https:\/\/www.sgb-fss.ch\/de\/bereiche\/arbeit\/"},{"@type":"ListItem","position":4,"name":"Projekte \u2039Arbeit und Integration\u203a"}]},{"@type":"WebSite","@id":"https:\/\/www.sgb-fss.ch\/de\/#website","url":"https:\/\/www.sgb-fss.ch\/de\/","name":"SGB-FSS","description":"","potentialAction":[{"@type":"SearchAction","target":{"@type":"EntryPoint","urlTemplate":"https:\/\/www.sgb-fss.ch\/de\/?s={search_term_string}"},"query-input":{"@type":"PropertyValueSpecification","valueRequired":true,"valueName":"search_term_string"}}],"inLanguage":"de"}]}},"_links":{"self":[{"href":"https:\/\/www.sgb-fss.ch\/de\/wp-json\/wp\/v2\/pages\/11653","targetHints":{"allow":["GET"]}}],"collection":[{"href":"https:\/\/www.sgb-fss.ch\/de\/wp-json\/wp\/v2\/pages"}],"about":[{"href":"https:\/\/www.sgb-fss.ch\/de\/wp-json\/wp\/v2\/types\/page"}],"author":[{"embeddable":true,"href":"https:\/\/www.sgb-fss.ch\/de\/wp-json\/wp\/v2\/users\/40"}],"replies":[{"embeddable":true,"href":"https:\/\/www.sgb-fss.ch\/de\/wp-json\/wp\/v2\/comments?post=11653"}],"version-history":[{"count":140,"href":"https:\/\/www.sgb-fss.ch\/de\/wp-json\/wp\/v2\/pages\/11653\/revisions"}],"predecessor-version":[{"id":36017,"href":"https:\/\/www.sgb-fss.ch\/de\/wp-json\/wp\/v2\/pages\/11653\/revisions\/36017"}],"up":[{"embeddable":true,"href":"https:\/\/www.sgb-fss.ch\/de\/wp-json\/wp\/v2\/pages\/9169"}],"wp:featuredmedia":[{"embeddable":true,"href":"https:\/\/www.sgb-fss.ch\/de\/wp-json\/wp\/v2\/media\/16709"}],"wp:attachment":[{"href":"https:\/\/www.sgb-fss.ch\/de\/wp-json\/wp\/v2\/media?parent=11653"}],"curies":[{"name":"wp","href":"https:\/\/api.w.org\/{rel}","templated":true}]}}