{"id":10987,"date":"2023-03-02T10:15:42","date_gmt":"2023-03-02T09:15:42","guid":{"rendered":"https:\/\/www.sgb-fss.ch\/?page_id=10987"},"modified":"2024-08-27T06:26:07","modified_gmt":"2024-08-27T04:26:07","slug":"corporate-edition","status":"publish","type":"page","link":"https:\/\/www.sgb-fss.ch\/de\/bereiche\/arbeit\/corporate-edition\/","title":{"rendered":"Dein Vokabular in einer APP"},"content":{"rendered":"\n<p class=\"is-style-lead\">Du m\u00f6chtest deinen Mitarbeitenden die Geb\u00e4rdensprache n\u00e4her bringen? Wir entwickeln ein auf dein Unternehmen zugeschnittenes Vokabular und bieten euch dieses via der <strong>Corporate Edition APP<\/strong> an.<\/p>\n\n\n\n<div class=\"wp-block-columns is-layout-flex wp-container-core-columns-is-layout-9d6595d7 wp-block-columns-is-layout-flex\">\n<div class=\"wp-block-column is-layout-flow wp-block-column-is-layout-flow\"><\/div>\n\n\n\n<div class=\"wp-block-column is-layout-flow wp-block-column-is-layout-flow\">\n<figure class=\"wp-block-video\"><video height=\"1080\" style=\"aspect-ratio: 500 \/ 1080;\" width=\"500\" autoplay controls src=\"https:\/\/www.sgb-fss.ch\/content\/uploads\/2024\/04\/kurzdemo-handy-app-final_2-3.mp4\"><\/video><\/figure>\n<\/div>\n\n\n\n<div class=\"wp-block-column is-layout-flow wp-block-column-is-layout-flow\"><\/div>\n<\/div>\n\n\n\n<p class=\"is-style-default\"><strong>Gelingende Kommunikation<\/strong><br>Dein Team hat einen unserer Workshops besucht oder an einem Webinar teilgenommen und du m\u00f6chtest darauf aufbauend die Geb\u00e4rdensprache in deinem Unternehmen f\u00f6rdern? Mit unserer Corporate Edition kannst du deinen Mitarbeitenden eine E-Learning App anbieten, die ein auf dein Unternehmen zugeschnittenes Vokabular enth\u00e4lt.<\/p>\n\n\n\n<p><strong>Auf das Unternehmen abgestimmt<\/strong><br>Wir \u00fcbersetzen das Vokabular deines Unternehmens in die deutsch-schweizerische Geb\u00e4rdensprache (DSGS). Ob f\u00fcr kleinere Ausk\u00fcnfte im Verkauf oder f\u00fcr Besprechungen von Vertr\u00e4gen bei Bankgesch\u00e4ften: Mit <strong>der Corporate Edition<\/strong> kann dein Team geh\u00f6rlosen Menschen auf Augenh\u00f6he begegnen.<\/p>\n\n\n\n<p><strong>Auf das Team zugeschnitten<\/strong><br>Arbeiten geh\u00f6rlose Menschen in deinen Teams und du m\u00f6chtest die Kommunikation und den Austausch zwischen h\u00f6renden und geh\u00f6rlosen Mitarbeitenden sowohl bei gesch\u00e4ftlichen Themen als auch w\u00e4hrend der Kaffeepause m\u00f6glich machen? <\/p>\n\n\n\n<p>Wir setzen deine Anfrage so um, dass deine Teams in diversen Bereichen barrierefrei Gespr\u00e4che f\u00fchren k\u00f6nnen.<\/p>\n\n\n\n<div class=\"wp-block-group is-style-highlighted has-schwarz-25-background-color has-background is-layout-constrained wp-block-group-is-layout-constrained\">\n<figure class=\"wp-block-image aligncenter size-large is-resized is-style-default\"><img loading=\"lazy\" decoding=\"async\" width=\"1024\" height=\"576\" src=\"https:\/\/www.sgb-fss.ch\/content\/uploads\/2023\/05\/logo-signwise-corporate-edition-web-1024x576.png\" alt=\"\" class=\"wp-image-15185\" style=\"width:512px;height:288px\" srcset=\"https:\/\/www.sgb-fss.ch\/content\/uploads\/2023\/05\/logo-signwise-corporate-edition-web-1024x576.png 1024w, https:\/\/www.sgb-fss.ch\/content\/uploads\/2023\/05\/logo-signwise-corporate-edition-web-300x169.png 300w, https:\/\/www.sgb-fss.ch\/content\/uploads\/2023\/05\/logo-signwise-corporate-edition-web-150x84.png 150w, https:\/\/www.sgb-fss.ch\/content\/uploads\/2023\/05\/logo-signwise-corporate-edition-web-768x432.png 768w, https:\/\/www.sgb-fss.ch\/content\/uploads\/2023\/05\/logo-signwise-corporate-edition-web-1536x864.png 1536w, https:\/\/www.sgb-fss.ch\/content\/uploads\/2023\/05\/logo-signwise-corporate-edition-web-2048x1152.png 2048w, https:\/\/www.sgb-fss.ch\/content\/uploads\/2023\/05\/logo-signwise-corporate-edition-web-178x100.png 178w, https:\/\/www.sgb-fss.ch\/content\/uploads\/2023\/05\/logo-signwise-corporate-edition-web-600x337.png 600w\" sizes=\"auto, (max-width: 1024px) 100vw, 1024px\" \/><\/figure>\n\n\n\n<h3 class=\"wp-block-heading has-text-align-center\">Das Vokabular deines Teams in Geb\u00e4rdensprache<\/h3>\n\n\n\n<p class=\"has-text-align-center\">F\u00fcr weitere Informationen erreichst du unser Team von signwise.ch hier<\/p>\n\n\n\n<div class=\"wp-block-buttons is-horizontal is-content-justification-center is-layout-flex wp-container-core-buttons-is-layout-499968f5 wp-block-buttons-is-layout-flex\">\n<div class=\"wp-block-button is-style-fill\"><a class=\"wp-block-button__link has-sgb-fss-rot-background-color has-background wp-element-button\" href=\"mailto:corporate-edition@signwise.ch\" style=\"border-radius:100px\" target=\"_blank\" rel=\"noreferrer noopener\">Anfrage senden<\/a><\/div>\n<\/div>\n<\/div>\n\n\n\n<div class=\"wp-block-group is-layout-flow wp-block-group-is-layout-flow\"><div class=\"block block-teasercontacts block-teasercontacts--boxed\" id=\"block_aa6fd6180932473524f3ee911de73db5\" data-block=\"Teaser Contacts\">\n    <div class=\"block-teasercontacts__header\"><p class=\"block-teasercontacts__title\">Fragen zur Corporate Edition von signwise.ch? Wir freuen uns auf deine Nachricht.<\/p><\/div>    <div class=\"block-teasercontacts__list\">\n                                        <div class=\"block-teasercontacts__item\">\n                <div class=\"block-teasercontacts__link\">\n                    <div class=\"block-teasercontacts__media\">\n                        <div class=\"block-teasercontacts__thumbnail accent__darkred has-background-accent\">\n                                                              <div class=\"image block-teasercontacts__thumbnail-image\" >\n    <img decoding=\"async\"\n      loading=\"lazy\"\n      class=\"image__object lazyload\"\n      src=\"https:\/\/www.sgb-fss.ch\/content\/uploads\/2021\/06\/sabine-wolff-1440x0-c-default.jpg\"       data-sizes=\"auto\"\n      data-srcset=\"https:\/\/www.sgb-fss.ch\/content\/uploads\/2021\/06\/sabine-wolff-200x0-c-default.jpg 200w, https:\/\/www.sgb-fss.ch\/content\/uploads\/2021\/06\/sabine-wolff-100x0-c-default.jpg 100w, \"\n      alt=\"\"\n      width=\"567\"\n      height=\"567\"\n            >\n  <\/div>\n                                                    <\/div>\n                    <\/div>\n                    <div class=\"block-teasercontacts__text\">\n                        <p class=\"block-teasercontacts__name\"><strong><a href=\"https:\/\/www.sgb-fss.ch\/de\/team\/sabine-wolff\/\">Sabine Wolff<\/a><\/strong><\/p>\n                        <p class=\"block-teasercontacts__lead\">Produkte und Marken<\/p>                    <\/div>\n                    <div class=\"block-teasercontacts__contacts\">\n                                                    <p>\n                                                                <a class=\"wp-block-button is-style-transparent\" href=\"mailto:s.wolff@sgb-fss.ch\"><span class=\"wp-block-button__link\"><i class=\"icon icon--mail\"><svg data-name=\"Ebene 1\" xmlns=\"http:\/\/www.w3.org\/2000\/svg\" viewBox=\"0 0 24 24\"><path d=\"M20.76 2.31H3.24A3.12 3.12 0 0 0 .12 5.43v13.14a3.12 3.12 0 0 0 3.12 3.12h17.52a3.12 3.12 0 0 0 3.12-3.12V5.43a3.12 3.12 0 0 0-3.12-3.12zM2.09 5a1.27 1.27 0 0 1 1.15-.78h17.52a1.24 1.24 0 0 1 1.11.74l.05.09-.09.06L12 12l-.07-.05-9.87-6.9zM22 18.57a1.26 1.26 0 0 1-1.26 1.27H3.24A1.27 1.27 0 0 1 2 18.57V7.21l9.5 6.69a.89.89 0 0 0 1 0L22 7.25z\"\/><\/svg><\/i><span class=\"wp-block-button__label\">s.wolff@sgb-fss.ch<\/span><\/span><\/a>                                                            <\/p>\n                                            <\/div>\n                <\/div>\n            <\/div>\n                    <\/div>\n<\/div>\n<\/div>\n\n\n\n<h2 class=\"wp-block-heading\"><\/h2>\n\n\n\n<div class=\"wp-block-group has-schwarz-25-background-color has-background is-layout-constrained wp-block-group-is-layout-constrained\"><div class=\"block block-teaserpages\" id=\"block_6b62afb912ff9686936fe4460bfa6729\" data-block=\"Teaser Pages\">\n  <ul class=\"block-teaserpages__list\">\n            <li class=\"block-teaserpages__item\">\n        <a class=\"accent teaserpage\" href=\"https:\/\/www.sgb-fss.ch\/de\/downloads\/\">\n  <div class=\"teaserpage__thumbnail\">\n            <div class=\"image teaserpage__thumbnail-image\" >\n    <img decoding=\"async\"\n      loading=\"lazy\"\n      class=\"image__object lazyload\"\n      src=\"https:\/\/www.sgb-fss.ch\/content\/uploads\/2024\/01\/downloads-d-1440x0-c-default.jpg\"       data-sizes=\"auto\"\n      data-srcset=\"https:\/\/www.sgb-fss.ch\/content\/uploads\/2024\/01\/downloads-d-1000x0-c-default.jpg 1000w, https:\/\/www.sgb-fss.ch\/content\/uploads\/2024\/01\/downloads-d-700x0-c-default.jpg 700w, https:\/\/www.sgb-fss.ch\/content\/uploads\/2024\/01\/downloads-d-350x0-c-default.jpg 350w, \"\n      alt=\"\"\n      width=\"1890\"\n      height=\"1063\"\n            >\n  <\/div>\n      <\/div>\n  <h3 class=\"teaserpage__title\">Downloads<\/h3>\n  <p class=\"teaserpage__lead\">Hier findest du alle Daten zu dieser Seite sowie allen anderen Bereichen zum Herunterladen.<\/p>  <\/a>\n      <\/li>\n    <\/ul>\n<\/div>\n<\/div>\n","protected":false},"excerpt":{"rendered":"<p>Du m\u00f6chtest deinen Mitarbeitenden die Geb\u00e4rdensprache n\u00e4her bringen? Wir entwickeln ein auf dein Unternehmen [&hellip;]<\/p>\n","protected":false},"author":40,"featured_media":15185,"parent":9169,"menu_order":3,"comment_status":"closed","ping_status":"closed","template":"","meta":{"_acf_changed":false,"inline_featured_image":false,"footnotes":""},"class_list":["post-10987","page","type-page","status-publish","has-post-thumbnail","hentry"],"acf":[],"yoast_head":"<!-- This site is optimized with the Yoast SEO plugin v27.4 - https:\/\/yoast.com\/product\/yoast-seo-wordpress\/ -->\n<title>Dein Vokabular in einer APP - SGB-FSS<\/title>\n<meta name=\"robots\" content=\"index, follow, max-snippet:-1, max-image-preview:large, max-video-preview:-1\" \/>\n<link rel=\"canonical\" href=\"https:\/\/www.sgb-fss.ch\/de\/bereiche\/arbeit\/corporate-edition\/\" \/>\n<meta property=\"og:locale\" content=\"de_DE\" \/>\n<meta property=\"og:type\" content=\"article\" \/>\n<meta property=\"og:title\" content=\"Dein Vokabular in einer APP - SGB-FSS\" \/>\n<meta property=\"og:description\" content=\"Du m\u00f6chtest deinen Mitarbeitenden die Geb\u00e4rdensprache n\u00e4her bringen? Wir entwickeln ein auf dein Unternehmen [&hellip;]\" \/>\n<meta property=\"og:url\" content=\"https:\/\/www.sgb-fss.ch\/de\/bereiche\/arbeit\/corporate-edition\/\" \/>\n<meta property=\"og:site_name\" content=\"SGB-FSS\" \/>\n<meta property=\"article:modified_time\" content=\"2024-08-27T04:26:07+00:00\" \/>\n<meta property=\"og:image\" content=\"https:\/\/www.sgb-fss.ch\/content\/uploads\/2023\/05\/logo-signwise-corporate-edition-web.png\" \/>\n\t<meta property=\"og:image:width\" content=\"6330\" \/>\n\t<meta property=\"og:image:height\" content=\"3560\" \/>\n\t<meta property=\"og:image:type\" content=\"image\/png\" \/>\n<meta name=\"twitter:card\" content=\"summary_large_image\" \/>\n<meta name=\"twitter:label1\" content=\"Gesch\u00e4tzte Lesezeit\" \/>\n\t<meta name=\"twitter:data1\" content=\"2\u00a0Minuten\" \/>\n<script type=\"application\/ld+json\" class=\"yoast-schema-graph\">{\"@context\":\"https:\\\/\\\/schema.org\",\"@graph\":[{\"@type\":\"WebPage\",\"@id\":\"https:\\\/\\\/www.sgb-fss.ch\\\/de\\\/bereiche\\\/arbeit\\\/corporate-edition\\\/\",\"url\":\"https:\\\/\\\/www.sgb-fss.ch\\\/de\\\/bereiche\\\/arbeit\\\/corporate-edition\\\/\",\"name\":\"Dein Vokabular in einer APP - SGB-FSS\",\"isPartOf\":{\"@id\":\"https:\\\/\\\/www.sgb-fss.ch\\\/de\\\/#website\"},\"primaryImageOfPage\":{\"@id\":\"https:\\\/\\\/www.sgb-fss.ch\\\/de\\\/bereiche\\\/arbeit\\\/corporate-edition\\\/#primaryimage\"},\"image\":{\"@id\":\"https:\\\/\\\/www.sgb-fss.ch\\\/de\\\/bereiche\\\/arbeit\\\/corporate-edition\\\/#primaryimage\"},\"thumbnailUrl\":\"https:\\\/\\\/www.sgb-fss.ch\\\/content\\\/uploads\\\/2023\\\/05\\\/logo-signwise-corporate-edition-web.png\",\"datePublished\":\"2023-03-02T09:15:42+00:00\",\"dateModified\":\"2024-08-27T04:26:07+00:00\",\"breadcrumb\":{\"@id\":\"https:\\\/\\\/www.sgb-fss.ch\\\/de\\\/bereiche\\\/arbeit\\\/corporate-edition\\\/#breadcrumb\"},\"inLanguage\":\"de\",\"potentialAction\":[{\"@type\":\"ReadAction\",\"target\":[\"https:\\\/\\\/www.sgb-fss.ch\\\/de\\\/bereiche\\\/arbeit\\\/corporate-edition\\\/\"]}]},{\"@type\":\"ImageObject\",\"inLanguage\":\"de\",\"@id\":\"https:\\\/\\\/www.sgb-fss.ch\\\/de\\\/bereiche\\\/arbeit\\\/corporate-edition\\\/#primaryimage\",\"url\":\"https:\\\/\\\/www.sgb-fss.ch\\\/content\\\/uploads\\\/2023\\\/05\\\/logo-signwise-corporate-edition-web.png\",\"contentUrl\":\"https:\\\/\\\/www.sgb-fss.ch\\\/content\\\/uploads\\\/2023\\\/05\\\/logo-signwise-corporate-edition-web.png\",\"width\":6330,\"height\":3560},{\"@type\":\"BreadcrumbList\",\"@id\":\"https:\\\/\\\/www.sgb-fss.ch\\\/de\\\/bereiche\\\/arbeit\\\/corporate-edition\\\/#breadcrumb\",\"itemListElement\":[{\"@type\":\"ListItem\",\"position\":1,\"name\":\"Home\",\"item\":\"https:\\\/\\\/www.sgb-fss.ch\\\/de\\\/\"},{\"@type\":\"ListItem\",\"position\":2,\"name\":\"Bereiche\",\"item\":\"https:\\\/\\\/www.sgb-fss.ch\\\/de\\\/bereiche\\\/\"},{\"@type\":\"ListItem\",\"position\":3,\"name\":\"Arbeit\",\"item\":\"https:\\\/\\\/www.sgb-fss.ch\\\/de\\\/bereiche\\\/arbeit\\\/\"},{\"@type\":\"ListItem\",\"position\":4,\"name\":\"Dein Vokabular in einer APP\"}]},{\"@type\":\"WebSite\",\"@id\":\"https:\\\/\\\/www.sgb-fss.ch\\\/de\\\/#website\",\"url\":\"https:\\\/\\\/www.sgb-fss.ch\\\/de\\\/\",\"name\":\"SGB-FSS\",\"description\":\"\",\"potentialAction\":[{\"@type\":\"SearchAction\",\"target\":{\"@type\":\"EntryPoint\",\"urlTemplate\":\"https:\\\/\\\/www.sgb-fss.ch\\\/de\\\/?s={search_term_string}\"},\"query-input\":{\"@type\":\"PropertyValueSpecification\",\"valueRequired\":true,\"valueName\":\"search_term_string\"}}],\"inLanguage\":\"de\"}]}<\/script>\n<!-- \/ Yoast SEO plugin. -->","yoast_head_json":{"title":"Dein Vokabular in einer APP - SGB-FSS","robots":{"index":"index","follow":"follow","max-snippet":"max-snippet:-1","max-image-preview":"max-image-preview:large","max-video-preview":"max-video-preview:-1"},"canonical":"https:\/\/www.sgb-fss.ch\/de\/bereiche\/arbeit\/corporate-edition\/","og_locale":"de_DE","og_type":"article","og_title":"Dein Vokabular in einer APP - SGB-FSS","og_description":"Du m\u00f6chtest deinen Mitarbeitenden die Geb\u00e4rdensprache n\u00e4her bringen? Wir entwickeln ein auf dein Unternehmen [&hellip;]","og_url":"https:\/\/www.sgb-fss.ch\/de\/bereiche\/arbeit\/corporate-edition\/","og_site_name":"SGB-FSS","article_modified_time":"2024-08-27T04:26:07+00:00","og_image":[{"width":6330,"height":3560,"url":"https:\/\/www.sgb-fss.ch\/content\/uploads\/2023\/05\/logo-signwise-corporate-edition-web.png","type":"image\/png"}],"twitter_card":"summary_large_image","twitter_misc":{"Gesch\u00e4tzte Lesezeit":"2\u00a0Minuten"},"schema":{"@context":"https:\/\/schema.org","@graph":[{"@type":"WebPage","@id":"https:\/\/www.sgb-fss.ch\/de\/bereiche\/arbeit\/corporate-edition\/","url":"https:\/\/www.sgb-fss.ch\/de\/bereiche\/arbeit\/corporate-edition\/","name":"Dein Vokabular in einer APP - SGB-FSS","isPartOf":{"@id":"https:\/\/www.sgb-fss.ch\/de\/#website"},"primaryImageOfPage":{"@id":"https:\/\/www.sgb-fss.ch\/de\/bereiche\/arbeit\/corporate-edition\/#primaryimage"},"image":{"@id":"https:\/\/www.sgb-fss.ch\/de\/bereiche\/arbeit\/corporate-edition\/#primaryimage"},"thumbnailUrl":"https:\/\/www.sgb-fss.ch\/content\/uploads\/2023\/05\/logo-signwise-corporate-edition-web.png","datePublished":"2023-03-02T09:15:42+00:00","dateModified":"2024-08-27T04:26:07+00:00","breadcrumb":{"@id":"https:\/\/www.sgb-fss.ch\/de\/bereiche\/arbeit\/corporate-edition\/#breadcrumb"},"inLanguage":"de","potentialAction":[{"@type":"ReadAction","target":["https:\/\/www.sgb-fss.ch\/de\/bereiche\/arbeit\/corporate-edition\/"]}]},{"@type":"ImageObject","inLanguage":"de","@id":"https:\/\/www.sgb-fss.ch\/de\/bereiche\/arbeit\/corporate-edition\/#primaryimage","url":"https:\/\/www.sgb-fss.ch\/content\/uploads\/2023\/05\/logo-signwise-corporate-edition-web.png","contentUrl":"https:\/\/www.sgb-fss.ch\/content\/uploads\/2023\/05\/logo-signwise-corporate-edition-web.png","width":6330,"height":3560},{"@type":"BreadcrumbList","@id":"https:\/\/www.sgb-fss.ch\/de\/bereiche\/arbeit\/corporate-edition\/#breadcrumb","itemListElement":[{"@type":"ListItem","position":1,"name":"Home","item":"https:\/\/www.sgb-fss.ch\/de\/"},{"@type":"ListItem","position":2,"name":"Bereiche","item":"https:\/\/www.sgb-fss.ch\/de\/bereiche\/"},{"@type":"ListItem","position":3,"name":"Arbeit","item":"https:\/\/www.sgb-fss.ch\/de\/bereiche\/arbeit\/"},{"@type":"ListItem","position":4,"name":"Dein Vokabular in einer APP"}]},{"@type":"WebSite","@id":"https:\/\/www.sgb-fss.ch\/de\/#website","url":"https:\/\/www.sgb-fss.ch\/de\/","name":"SGB-FSS","description":"","potentialAction":[{"@type":"SearchAction","target":{"@type":"EntryPoint","urlTemplate":"https:\/\/www.sgb-fss.ch\/de\/?s={search_term_string}"},"query-input":{"@type":"PropertyValueSpecification","valueRequired":true,"valueName":"search_term_string"}}],"inLanguage":"de"}]}},"_links":{"self":[{"href":"https:\/\/www.sgb-fss.ch\/de\/wp-json\/wp\/v2\/pages\/10987","targetHints":{"allow":["GET"]}}],"collection":[{"href":"https:\/\/www.sgb-fss.ch\/de\/wp-json\/wp\/v2\/pages"}],"about":[{"href":"https:\/\/www.sgb-fss.ch\/de\/wp-json\/wp\/v2\/types\/page"}],"author":[{"embeddable":true,"href":"https:\/\/www.sgb-fss.ch\/de\/wp-json\/wp\/v2\/users\/40"}],"replies":[{"embeddable":true,"href":"https:\/\/www.sgb-fss.ch\/de\/wp-json\/wp\/v2\/comments?post=10987"}],"version-history":[{"count":109,"href":"https:\/\/www.sgb-fss.ch\/de\/wp-json\/wp\/v2\/pages\/10987\/revisions"}],"predecessor-version":[{"id":34916,"href":"https:\/\/www.sgb-fss.ch\/de\/wp-json\/wp\/v2\/pages\/10987\/revisions\/34916"}],"up":[{"embeddable":true,"href":"https:\/\/www.sgb-fss.ch\/de\/wp-json\/wp\/v2\/pages\/9169"}],"wp:featuredmedia":[{"embeddable":true,"href":"https:\/\/www.sgb-fss.ch\/de\/wp-json\/wp\/v2\/media\/15185"}],"wp:attachment":[{"href":"https:\/\/www.sgb-fss.ch\/de\/wp-json\/wp\/v2\/media?parent=10987"}],"curies":[{"name":"wp","href":"https:\/\/api.w.org\/{rel}","templated":true}]}}